{"id":4479,"date":"2024-05-03T06:30:45","date_gmt":"2024-05-03T06:30:45","guid":{"rendered":"https:\/\/elfsight.com\/pl\/?page_id=4479"},"modified":"2024-11-14T09:45:14","modified_gmt":"2024-11-14T09:45:14","slug":"jquery","status":"publish","type":"page","link":"https:\/\/elfsight.com\/pl\/booking-reviews-widget\/jquery\/","title":{"rendered":"Booking Reviews &#8211; jQuery"},"content":{"rendered":"<div class=\"application-platform-content-item-description application-platform-content-item\" id=\"description\" data-nav-section=\"description\"> <h2>Opis<\/h2> <p>Je\u015bli szukasz sposobu, aby pochwali\u0107 si\u0119 wysok\u0105 ocen\u0105 i przekona\u0107 odwiedzaj\u0105cych witryn\u0119, \u017ce Twoje miejsce jest warte odwiedzaj\u0105c, Elfsight Booking Reviews jest w\u0142a\u015bnie dla Ciebie. Dzi\u0119ki naszemu narz\u0119dziu szybko wstawisz na swoj\u0105 stron\u0119 recenzje klient\u00f3w z Bookingu z informacj\u0105 o ich autorach, wykorzystasz filtry, aby pokaza\u0107 tylko te dobre, dodasz oceny i aktywny przycisk, kt\u00f3ry przeniesie u\u017cytkownik\u00f3w na Twoje konto Booking, gdzie b\u0119d\u0105 mogli zamie\u015bci\u0107 swoje recenzja. <\/p> <div class=\"faq\" data-component=\"FAQ\"><div class=\"faq-item\">\r\n\t\t\t\t\t<div class=\"faq-item-question\">\r\n\t\t\t\t\t\t<h3 class=\"faq-item-question-text\">Gdzie mog\u0119 zainstalowa\u0107 t\u0119 wtyczk\u0119<\/h3>\r\n\r\n\t\t\t\t\t\t<div class=\"faq-item-question-icon\"><\/div>\r\n\t\t\t\t\t<\/div>\r\n\r\n\t\t\t\t\t<div class=\"faq-item-answer\">\r\n\t\t\t\t\t\t<div class=\"faq-item-answer-text\"> <p>Nasz widget mo\u017cna umie\u015bci\u0107 na dowolnej stronie, na kt\u00f3rej chcesz pochwali\u0107 si\u0119 du\u017cym uznaniem i popularno\u015bci\u0105 w\u015br\u00f3d klient\u00f3w. Je\u015bli chcesz opublikowa\u0107 wid\u017cet na wszystkich stronach swojej witryny, mo\u017cesz \u0142atwo doda\u0107 go do szablonu witryny. <\/p> <\/div>\r\n\t\t\t\t\t<\/div>\r\n\t\t\t\t<\/div><div class=\"faq-item\">\r\n\t\t\t\t\t<div class=\"faq-item-question\">\r\n\t\t\t\t\t\t<h3 class=\"faq-item-question-text\">Jak mog\u0119 skorzysta\u0107 z wid\u017cetu?<\/h3>\r\n\r\n\t\t\t\t\t\t<div class=\"faq-item-question-icon\"><\/div>\r\n\t\t\t\t\t<\/div>\r\n\r\n\t\t\t\t\t<div class=\"faq-item-answer\">\r\n\t\t\t\t\t\t<div class=\"faq-item-answer-text\"> <p>Opinie prawdziwych ludzi s\u0105 w pe\u0142ni wiarygodne dla u\u017cytkownik\u00f3w Twojej witryny i utwierdzaj\u0105 ich w przekonaniu, \u017ce Twoja firma jest wiarygodnym partnerem. Wysoka ocena i doskona\u0142e recenzje mog\u0105 pom\u00f3c w podniesieniu poziomu zakup\u00f3w w Twojej witrynie. Co wi\u0119cej, aktywny przycisk mo\u017ce przyczyni\u0107 si\u0119 do zwi\u0119kszenia liczby opinii u\u017cytkownik\u00f3w na temat Twojej firmy w Booking. <\/p> <\/div>\r\n\t\t\t\t\t<\/div>\r\n\t\t\t\t<\/div> <div class=\"faq-item\">\r\n\t\t\t\t\t<div class=\"faq-item-question\">\r\n\t\t\t\t\t\t<h3 class=\"faq-item-question-text\">Jak doda\u0107 Recenzje rezerwacji do mojej witryny jQuery?<\/h3>\r\n\r\n\t\t\t\t\t\t<div class=\"faq-item-question-icon\"><\/div>\r\n\t\t\t\t\t<\/div>\r\n\r\n\t\t\t\t\t<div class=\"faq-item-answer\">\r\n\t\t\t\t\t\t<div class=\"faq-item-answer-text\"> <p>Rozpocz\u0119cie korzystania z wid\u017cetu zajmie Ci kilka minut. Dodawanie jest naprawd\u0119 szybkie, bezp\u0142atne i nie wymaga kodowania. <\/p> <ol><li>Za po\u015brednictwem naszego serwisu mo\u017cesz umie\u015bci\u0107 widget na swojej stronie internetowej. Wystarczy sprawdzi\u0107 kr\u00f3tki opis znajduj\u0105cy si\u0119 poni\u017cej na tej stronie. <\/li> <li>Widget mo\u017cna wprowadzi\u0107 bezpo\u015brednio w naszym serwisie lub na marketplace. Tutaj mo\u017cesz por\u00f3wna\u0107 zalety i wady obu wariant\u00f3w i wybra\u0107 sw\u00f3j. <\/li> <\/ol> <\/div>\r\n\t\t\t\t\t<\/div>\r\n\t\t\t\t<\/div> <\/div> <\/div> <div class=\"application-platform-content-item-features application-platform-content-item\" id=\"features\" data-nav-section=\"features\"> <h2>Funkcje<\/h2> <p>Aby uzyska\u0107 pe\u0142n\u0105 percepcj\u0119 wid\u017cetu, oto list\u0119 jego najwybitniejszych cech. Dzi\u0119ki nim ten widget jest niezwykle skuteczny w promocji: <\/p> <ul> <li>4 gotowe do u\u017cycia uk\u0142ady: Lista, Siatka, Mur i Suwak; <\/li> <li>Przycisk \u017c\u0105dania recenzji kieruje klient\u00f3w do strony Rezerwacja; <\/li> <li>Dwa mo\u017cliwe scenariusze odrzucenia pro\u015bby o sprawdzenie: poka\u017c niestandardow\u0105 wiadomo\u015b\u0107 lub ukryj przycisk. <\/li> <\/ul><p><a href=\"#demo\">Demo na \u017cywo zademonstruje Ci pe\u0142n\u0105 list\u0119 funkcji<\/a><\/p> <\/div> <div class=\"application-platform-content-item-installation application-platform-content-item\" id=\"installation\" data-nav-section=\"installation\"> <h2>Dowiedz si\u0119, jak wklei\u0107 recenzje rezerwacji do swojej witryny jQuery<\/h2> <p> Wystarczy kilka szybkich dzia\u0142a\u0144, kt\u00f3re musisz wykona\u0107. <\/p> <ol><li><b>Utw\u00f3rz spersonalizowan\u0105 wtyczk\u0119 Recenzji rezerwacji<\/b><br> Korzystaj\u0105c z naszego bezp\u0142atnego edytora, utw\u00f3rz wtyczk\u0119 o preferowanym wygl\u0105dzie i funkcjach. <\/li><li><b>Skopiuj kod osobisty, aby opublikowa\u0107 wtyczk\u0119<\/b><br> Po utworzeniu wid\u017cetu otrzymasz kod instalacyjny z wyskakuj\u0105cego powiadomienia w aplikacji Elfsight. Skopiuj ten kod do wykorzystania w przysz\u0142o\u015bci. <\/li> <li><b>Dodaj wtyczk\u0119 na swojej stronie jQuery<\/b><br> Wybierz obszar, w kt\u00f3rym chcesz umie\u015bci\u0107 wtyczk\u0119 i tam dodaj zapisany kod. Zapisz wyniki. <\/li> <li><b>Instalacja zosta\u0142a uko\u0144czona<\/b><br> Przejd\u017a do swojej witryny, aby zobaczy\u0107 swoj\u0105 prac\u0119. <\/li> <\/ol><p>Nadal nie mo\u017cesz si\u0119 zdecydowa\u0107? Lub masz pytania do zadania? Po prostu napisz pro\u015bb\u0119 do naszego zespo\u0142u obs\u0142ugi klienta, kt\u00f3ry rozwi\u0105\u017ce ka\u017cde pytanie. <\/p> <\/div>","protected":false},"excerpt":{"rendered":"","protected":false},"author":9,"featured_media":0,"parent":1361,"menu_order":0,"comment_status":"closed","ping_status":"closed","template":"templates\/template-application-platform.php","meta":{"publish_to_discourse":"","publish_post_category":"","wpdc_auto_publish_overridden":"","wpdc_topic_tags":"","wpdc_pin_topic":"","wpdc_pin_until":"","discourse_post_id":"","discourse_permalink":"","wpdc_publishing_response":"","wpdc_publishing_error":"","footnotes":""},"class_list":["post-4479","page","type-page","status-publish","hentry"],"yoast_head":"<!-- This site is optimized with the Yoast SEO plugin v25.3.1 - https:\/\/yoast.com\/wordpress\/plugins\/seo\/ -->\n<title>Umie\u015b\u0107 recenzje rezerwacji na stronie jQuery (bezp\u0142atnie i szybko)<\/title>\n<meta name=\"description\" content=\"Dzi\u0119ki Elfsight szybko utw\u00f3rz wtyczk\u0119 Recenzji Rezerwacji i umie\u015b\u0107 j\u0105 na stronie internetowej jQuery. Oferujemy bezp\u0142atn\u0105 obs\u0142ug\u0119 klienta i wi\u0119cej bonus\u00f3w.\" \/>\n<meta name=\"robots\" content=\"index, follow, max-snippet:-1, max-image-preview:large, max-video-preview:-1\" \/>\n<link rel=\"canonical\" href=\"https:\/\/elfsight.com\/pl\/booking-reviews-widget\/jquery\/\" \/>\n<meta property=\"og:locale\" content=\"pl_PL\" \/>\n<meta property=\"og:type\" content=\"article\" \/>\n<meta property=\"og:title\" content=\"Umie\u015b\u0107 recenzje rezerwacji na stronie jQuery (bezp\u0142atnie i szybko)\" \/>\n<meta property=\"og:description\" content=\"Dzi\u0119ki Elfsight szybko utw\u00f3rz wtyczk\u0119 Recenzji Rezerwacji i umie\u015b\u0107 j\u0105 na stronie internetowej jQuery. Oferujemy bezp\u0142atn\u0105 obs\u0142ug\u0119 klienta i wi\u0119cej bonus\u00f3w.\" \/>\n<meta property=\"og:url\" content=\"https:\/\/elfsight.com\/pl\/booking-reviews-widget\/jquery\/\" \/>\n<meta property=\"og:site_name\" content=\"Elfsight PL\" \/>\n<meta property=\"article:modified_time\" content=\"2024-11-14T09:45:14+00:00\" \/>\n<meta name=\"twitter:card\" content=\"summary_large_image\" \/>\n<meta name=\"twitter:label1\" content=\"Szacowany czas czytania\" \/>\n\t<meta name=\"twitter:data1\" content=\"3 minuty\" \/>\n<!-- \/ Yoast SEO plugin. -->","yoast_head_json":{"title":"Umie\u015b\u0107 recenzje rezerwacji na stronie jQuery (bezp\u0142atnie i szybko)","description":"Dzi\u0119ki Elfsight szybko utw\u00f3rz wtyczk\u0119 Recenzji Rezerwacji i umie\u015b\u0107 j\u0105 na stronie internetowej jQuery. Oferujemy bezp\u0142atn\u0105 obs\u0142ug\u0119 klienta i wi\u0119cej bonus\u00f3w.","robots":{"index":"index","follow":"follow","max-snippet":"max-snippet:-1","max-image-preview":"max-image-preview:large","max-video-preview":"max-video-preview:-1"},"canonical":"https:\/\/elfsight.com\/pl\/booking-reviews-widget\/jquery\/","og_locale":"pl_PL","og_type":"article","og_title":"Umie\u015b\u0107 recenzje rezerwacji na stronie jQuery (bezp\u0142atnie i szybko)","og_description":"Dzi\u0119ki Elfsight szybko utw\u00f3rz wtyczk\u0119 Recenzji Rezerwacji i umie\u015b\u0107 j\u0105 na stronie internetowej jQuery. Oferujemy bezp\u0142atn\u0105 obs\u0142ug\u0119 klienta i wi\u0119cej bonus\u00f3w.","og_url":"https:\/\/elfsight.com\/pl\/booking-reviews-widget\/jquery\/","og_site_name":"Elfsight PL","article_modified_time":"2024-11-14T09:45:14+00:00","twitter_card":"summary_large_image","twitter_misc":{"Szacowany czas czytania":"3 minuty"},"schema":{"@context":"https:\/\/schema.org","@graph":[{"@type":"WebPage","@id":"https:\/\/elfsight.com\/pl\/booking-reviews-widget\/jquery\/","url":"https:\/\/elfsight.com\/pl\/booking-reviews-widget\/jquery\/","name":"Umie\u015b\u0107 recenzje rezerwacji na stronie jQuery (bezp\u0142atnie i szybko)","isPartOf":{"@id":"https:\/\/elfsight.com\/pl\/#website"},"datePublished":"2024-05-03T06:30:45+00:00","dateModified":"2024-11-14T09:45:14+00:00","description":"Dzi\u0119ki Elfsight szybko utw\u00f3rz wtyczk\u0119 Recenzji Rezerwacji i umie\u015b\u0107 j\u0105 na stronie internetowej jQuery. Oferujemy bezp\u0142atn\u0105 obs\u0142ug\u0119 klienta i wi\u0119cej bonus\u00f3w.","breadcrumb":{"@id":"https:\/\/elfsight.com\/pl\/booking-reviews-widget\/jquery\/#breadcrumb"},"inLanguage":"pl-PL","potentialAction":[{"@type":"ReadAction","target":["https:\/\/elfsight.com\/pl\/booking-reviews-widget\/jquery\/"]}]},{"@type":"BreadcrumbList","@id":"https:\/\/elfsight.com\/pl\/booking-reviews-widget\/jquery\/#breadcrumb","itemListElement":[{"@type":"ListItem","position":1,"name":"Home","item":"https:\/\/elfsight.com\/pl\/"},{"@type":"ListItem","position":2,"name":"Booking Reviews","item":"https:\/\/elfsight.com\/pl\/booking-reviews-widget\/"},{"@type":"ListItem","position":3,"name":"Booking Reviews &#8211; jQuery"}]},{"@type":"WebSite","@id":"https:\/\/elfsight.com\/pl\/#website","url":"https:\/\/elfsight.com\/pl\/","name":"Elfsight PL","description":"Just another Elfsight Sites site","potentialAction":[{"@type":"SearchAction","target":{"@type":"EntryPoint","urlTemplate":"https:\/\/elfsight.com\/pl\/?s={search_term_string}"},"query-input":{"@type":"PropertyValueSpecification","valueRequired":true,"valueName":"search_term_string"}}],"inLanguage":"pl-PL"}]}},"meta_box":{"industry":"","seo_heading":"","heading":"","description":"","cta_heading":"","cta_description":"","application":"1360","h1":"Recenzje jQuery Booking.com","h1_caption":"Wy\u015bwietlaj recenzje z booking.com, aby przyci\u0105gn\u0105\u0107 wi\u0119cej go\u015bci, bez wysi\u0142ku pokazuj\u0105c pozytywne do\u015bwiadczenia poprzednich go\u015bci na swojej stronie internetowej jQuery.","application_category":[],"applications_title":"","applications_request_title":"","applications_request_button_text":"","hero_text":"","hero_video":"","hero_video_schema_markup":"","selling_points_title":"","selling_points_caption":"","selling_points":[],"selling_points_cta_text":"","features_title":"","features":"","ed_cta_examples_text":"","ed_cta_examples_hidden":"","ed_cta_demo_text":"","ed_cta_demo_hidden":"","why_caption":"","why_editor_title":"","why_editor_text":"","why_team_title":"","why_team_text":"","why_service_title":"","why_service_text":"","template_catalog_visible":"","template_catalog_title":"","template_catalog_text":"","template_catalog_categories_visible":"","demo_title":"Utw\u00f3rz wtyczk\u0119 Recenzje rezerwacji","demo_caption":"Skonfiguruj swoje Recenzje Rezerwacji i dodaj je za darmo do swojej witryny jQuery!","default_faq_hidden":"","app_template_category":[],"platform":"56","template_public_id":"","codecanyon_url":"","codecanyon_item_id":"","codecanyon_price":"","pricing_caption":"","pricing_elfsight_apps_hide_column":"","pricing_elfsight_apps_url":"","pricing_codecanyon_price_caption":"","integration_category":[],"integration_request_title":"","integration_request_cta":"","integration_platform":"","integrations":[],"platform_category":[],"video_schema_markup":"","price":"od 0 USD \/ miesi\u0105c","trial":"","benefits":[{"text":"Bezp\u0142atna pomoc w monta\u017cu"},{"text":"Skuteczna obs\u0142uga klienta"},{"text":"14-dniowa gwarancja zwrotu pieni\u0119dzy"}],"button_url":"#demo","button_target_blank":"","button_nofollow":"","attributes":[{"name":"Instaluje"},{"name":"Czu\u0142y"},{"name":"Kompatybilne przegl\u0105darki"}],"tags":[],"tags_disable_links":"","hide_more_platforms":"","video_object":"","demo_hide_cta":"","demo_hide_cloud_options":"","pricing_title":"","pricing":[{"pricing_icon":"platform","pricing_title":"Elfsight Apps","pricing_title_caption":"Wieloplatformowe rozwi\u0105zanie cyfrowe, kt\u00f3re dzia\u0142a w dowolnej witrynie","pricing_price":"od 0 USD \/ miesi\u0105c","pricing_price_caption":"zacznij od bezp\u0142atnego planu","pricing_benefits":[{"text":"Nielimitowane domeny"},{"text":"Bezp\u0142atne wsparcie firmy i dobrze udokumentowane"},{"text":"Bezp\u0142atna pomoc w monta\u017cu"},{"text":"Elastyczny projekt"}],"pricing_button_text":"Dodaj do witryny","pricing_button_url":"#demo"}],"related_apps_title":"","related_apps_hidden":"","author":"","image":[],"title":"","job":"","social_networks":[]},"_links":{"self":[{"href":"https:\/\/elfsight.com\/pl\/wp-json\/wp\/v2\/pages\/4479","targetHints":{"allow":["GET"]}}],"collection":[{"href":"https:\/\/elfsight.com\/pl\/wp-json\/wp\/v2\/pages"}],"about":[{"href":"https:\/\/elfsight.com\/pl\/wp-json\/wp\/v2\/types\/page"}],"author":[{"embeddable":true,"href":"https:\/\/elfsight.com\/pl\/wp-json\/wp\/v2\/users\/9"}],"replies":[{"embeddable":true,"href":"https:\/\/elfsight.com\/pl\/wp-json\/wp\/v2\/comments?post=4479"}],"version-history":[{"count":1,"href":"https:\/\/elfsight.com\/pl\/wp-json\/wp\/v2\/pages\/4479\/revisions"}],"predecessor-version":[{"id":4483,"href":"https:\/\/elfsight.com\/pl\/wp-json\/wp\/v2\/pages\/4479\/revisions\/4483"}],"up":[{"embeddable":true,"href":"https:\/\/elfsight.com\/pl\/wp-json\/wp\/v2\/pages\/1361"}],"wp:attachment":[{"href":"https:\/\/elfsight.com\/pl\/wp-json\/wp\/v2\/media?parent=4479"}],"curies":[{"name":"wp","href":"https:\/\/api.w.org\/{rel}","templated":true}]}}