{"id":4478,"date":"2024-05-03T06:30:44","date_gmt":"2024-05-03T06:30:44","guid":{"rendered":"https:\/\/elfsight.com\/pl\/?page_id=4478"},"modified":"2024-11-14T09:45:14","modified_gmt":"2024-11-14T09:45:14","slug":"joomla","status":"publish","type":"page","link":"https:\/\/elfsight.com\/pl\/booking-reviews-widget\/joomla\/","title":{"rendered":"Booking Reviews &#8211; Joomla"},"content":{"rendered":"<div class=\"application-platform-content-item-description application-platform-content-item\" id=\"description\" data-nav-section=\"description\"> <h2>Opis<\/h2> <p>Je\u015bli chcesz pokaza\u0107 swoj\u0105 wysok\u0105 ocen\u0119 i przekona\u0107 odwiedzaj\u0105cych witryn\u0119, \u017ce Twoje oferty s\u0105 warte swojej ceny , Elfsight Booking Reviews to w\u0142a\u015bciwy wyb\u00f3r. Za pomoc\u0105 tego widgetu mo\u017cesz umie\u015bci\u0107 na swojej stronie recenzje klient\u00f3w z Booking.com z informacj\u0105 o ich autorach, przefiltrowa\u0107 je tak, aby wy\u015bwietla\u0142y tylko pozytywne, wy\u015bwietli\u0107 oceny i przycisk przekierowuj\u0105cy, kt\u00f3ry przekieruje u\u017cytkownik\u00f3w na Twoj\u0105 stron\u0119 Rezerwacji, gdzie b\u0119d\u0105 mogli j\u0105 doda\u0107 wi\u0119cej recenzji. <\/p> <div class=\"faq\" data-component=\"FAQ\"><div class=\"faq-item\">\r\n\t\t\t\t\t<div class=\"faq-item-question\">\r\n\t\t\t\t\t\t<h3 class=\"faq-item-question-text\">Gdzie na mojej stronie mog\u0119 go osadzi\u0107<\/h3>\r\n\r\n\t\t\t\t\t\t<div class=\"faq-item-question-icon\"><\/div>\r\n\t\t\t\t\t<\/div>\r\n\r\n\t\t\t\t\t<div class=\"faq-item-answer\">\r\n\t\t\t\t\t\t<div class=\"faq-item-answer-text\"> <p>Nasz widget mo\u017cna umie\u015bci\u0107 na dowolnej stronie, na kt\u00f3rej chcesz pochwali\u0107 si\u0119 wysok\u0105 ocen\u0105 i popularno\u015bci\u0105 w\u015br\u00f3d klient\u00f3w. Je\u015bli chcesz opublikowa\u0107 wid\u017cet na wszystkich stronach swojej witryny, mo\u017cesz \u0142atwo doda\u0107 go do szablonu witryny. <\/p> <\/div>\r\n\t\t\t\t\t<\/div>\r\n\t\t\t\t<\/div><div class=\"faq-item\">\r\n\t\t\t\t\t<div class=\"faq-item-question\">\r\n\t\t\t\t\t\t<h3 class=\"faq-item-question-text\">Jakie s\u0105 zalety posiadania tego na mojej stronie?<\/h3>\r\n\r\n\t\t\t\t\t\t<div class=\"faq-item-question-icon\"><\/div>\r\n\t\t\t\t\t<\/div>\r\n\r\n\t\t\t\t\t<div class=\"faq-item-answer\">\r\n\t\t\t\t\t\t<div class=\"faq-item-answer-text\"> <p>Opinie dodawane przez prawdziwe osoby s\u0105 maksymalnie godne zaufania dla klient\u00f3w Twojej witryny i wskazuj\u0105 im, \u017ce Twoja firma mo\u017ce by\u0107 zaufany. Wysoka ocena i pozytywne wra\u017cenia mog\u0105 pom\u00f3c wzmocni\u0107 zakupy w Twojej witrynie. Ponadto aktywny przycisk przyczyni si\u0119 do wi\u0119kszej liczby recenzji klient\u00f3w zwi\u0105zanych z Twoj\u0105 firm\u0105 w Booking. <\/p> <\/div>\r\n\t\t\t\t\t<\/div>\r\n\t\t\t\t<\/div> <div class=\"faq-item\">\r\n\t\t\t\t\t<div class=\"faq-item-question\">\r\n\t\t\t\t\t\t<h3 class=\"faq-item-question-text\">Jak mog\u0119 osadzi\u0107 recenzje rezerwacji na mojej stronie Joomla?<\/h3>\r\n\r\n\t\t\t\t\t\t<div class=\"faq-item-question-icon\"><\/div>\r\n\t\t\t\t\t<\/div>\r\n\r\n\t\t\t\t\t<div class=\"faq-item-answer\">\r\n\t\t\t\t\t\t<div class=\"faq-item-answer-text\"> <p>Potrzebujesz tylko dw\u00f3ch minut, aby to skonfigurowa\u0107. Jest bardzo szybki, darmowy i nie wymaga kodowania. <\/p> <ol><li>Mo\u017cesz zintegrowa\u0107 widget ze swoj\u0105 witryn\u0105 bezpo\u015brednio za po\u015brednictwem naszego serwisu. W tym celu wykonaj poni\u017csze instrukcje na tej stronie. <\/li> <li>Recenzje rezerwacji Elfsight mo\u017cna osadzi\u0107 za po\u015brednictwem naszej us\u0142ugi lub na rynku. Tutaj mo\u017cesz przeczyta\u0107 wszystkie szczeg\u00f3\u0142y dotycz\u0105ce tych wariant\u00f3w i wybra\u0107 bardziej odpowiedni. <\/li> <\/ol> <\/div>\r\n\t\t\t\t\t<\/div>\r\n\t\t\t\t<\/div> <\/div> <\/div> <div class=\"application-platform-content-item-features application-platform-content-item\" id=\"features\" data-nav-section=\"features\"> <h2>Funkcje<\/h2> <p>Aby lepiej pozna\u0107 wid\u017cet, oto list\u0119 jego g\u0142\u00f3wnych cech. Sprawiaj\u0105, \u017ce wid\u017cet jest naprawd\u0119 skuteczny w promocji: <\/p> <ul> <li>3 warianty filtr\u00f3w: wed\u0142ug typu, wykluczenia wed\u0142ug i ilo\u015bci wy\u015bwietlanych recenzji; <\/li> <li>Przycisk pro\u015bby o recenzj\u0119 przenosi odwiedzaj\u0105cych na stron\u0119 Rezerwacja; <\/li> <li>Dwie alternatywne scenariusze po odrzuceniu pro\u015bby o sprawdzenie: poka\u017c niestandardow\u0105 wiadomo\u015b\u0107 lub ukryj przycisk. <\/li> <\/ul><p><a href=\"#demo\">Nasza wersja demonstracyjna poka\u017ce Ci pe\u0142n\u0105 list\u0119 funkcji<\/a><\/p> <\/div> <div class=\"application-platform-content-item-installation application-platform-content-item\" id=\"installation\" data-nav-section=\"installation\"> <h2>Oto jak zintegrowa\u0107 Recenzje rezerwacji ze swoj\u0105 witryn\u0105 Joomla<\/h2><div class=\"video-container\"><iframe width=\"720\" height=\"405\" src=\"https:\/\/www.youtube.com\/embed\/qBlO04hq4_k\" frameborder=\"0\" allowfullscreen=\"\"><\/iframe><\/div><p>Do integracji potrzebujesz jedynie poni\u017cszych krok\u00f3w. <\/p> <ol><li><b>Zarz\u0105dzaj naszym bezp\u0142atnym edytorem i zacznij tworzy\u0107 spersonalizowane rozszerzenie. <\/b><br> Okre\u015bl niestandardowy uk\u0142ad i dzia\u0142anie rozszerzenia i zastosuj wszystkie zmiany. <\/li> <li><b>Skopiuj indywidualny kod pokazany w ramce aplikacji Elfsight. <\/b><br> Po dostosowaniu osobistego rozszerzenia skopiuj kod z wy\u015bwietlonego wyskakuj\u0105cego okienka i zachowaj go do wykorzystania w przysz\u0142o\u015bci. <\/li> <li><b>Wpisz ch\u0119\u0107 korzystania z rozszerzenia na stronie Joomla. <\/b><br> Umie\u015b\u0107 zapisany wcze\u015bniej kod na swojej stronie i zastosuj modyfikacje. <\/li> <li><b>Gotowe! Konfiguracja zosta\u0142a ca\u0142kowicie zako\u0144czona. <\/b><br> Odwied\u017a swoj\u0105 witryn\u0119, aby sprawdzi\u0107 dzia\u0142anie rozszerzenia. <\/li><\/ol><p>Nadal nie jeste\u015b pewien? Albo masz problemy? Po prostu wy\u015blij zapytanie do naszego dzia\u0142u obs\u0142ugi klienta, a rozwi\u0105\u017cemy ka\u017cde pytanie. <\/p> <\/div>","protected":false},"excerpt":{"rendered":"","protected":false},"author":9,"featured_media":0,"parent":1361,"menu_order":0,"comment_status":"closed","ping_status":"closed","template":"templates\/template-application-platform.php","meta":{"publish_to_discourse":"","publish_post_category":"","wpdc_auto_publish_overridden":"","wpdc_topic_tags":"","wpdc_pin_topic":"","wpdc_pin_until":"","discourse_post_id":"","discourse_permalink":"","wpdc_publishing_response":"","wpdc_publishing_error":"","footnotes":""},"class_list":["post-4478","page","type-page","status-publish","hentry"],"yoast_head":"<!-- This site is optimized with the Yoast SEO plugin v25.3.1 - https:\/\/yoast.com\/wordpress\/plugins\/seo\/ -->\n<title>Umie\u015b\u0107 recenzje rezerwacji na stronie Joomla (w 2 minuty)<\/title>\n<meta name=\"description\" content=\"Utworzenie rozszerzenia \u201eRecenzje rezerwacji\u201d i wy\u015bwietlenie go w witrynie Joomla jest niezwykle proste. Obs\u0142uga klienta Elfsight jest bezp\u0142atna.\" \/>\n<meta name=\"robots\" content=\"index, follow, max-snippet:-1, max-image-preview:large, max-video-preview:-1\" \/>\n<link rel=\"canonical\" href=\"https:\/\/elfsight.com\/pl\/booking-reviews-widget\/joomla\/\" \/>\n<meta property=\"og:locale\" content=\"pl_PL\" \/>\n<meta property=\"og:type\" content=\"article\" \/>\n<meta property=\"og:title\" content=\"Umie\u015b\u0107 recenzje rezerwacji na stronie Joomla (w 2 minuty)\" \/>\n<meta property=\"og:description\" content=\"Utworzenie rozszerzenia \u201eRecenzje rezerwacji\u201d i wy\u015bwietlenie go w witrynie Joomla jest niezwykle proste. Obs\u0142uga klienta Elfsight jest bezp\u0142atna.\" \/>\n<meta property=\"og:url\" content=\"https:\/\/elfsight.com\/pl\/booking-reviews-widget\/joomla\/\" \/>\n<meta property=\"og:site_name\" content=\"Elfsight PL\" \/>\n<meta property=\"article:modified_time\" content=\"2024-11-14T09:45:14+00:00\" \/>\n<meta name=\"twitter:card\" content=\"summary_large_image\" \/>\n<meta name=\"twitter:label1\" content=\"Szacowany czas czytania\" \/>\n\t<meta name=\"twitter:data1\" content=\"3 minuty\" \/>\n<!-- \/ Yoast SEO plugin. -->","yoast_head_json":{"title":"Umie\u015b\u0107 recenzje rezerwacji na stronie Joomla (w 2 minuty)","description":"Utworzenie rozszerzenia \u201eRecenzje rezerwacji\u201d i wy\u015bwietlenie go w witrynie Joomla jest niezwykle proste. Obs\u0142uga klienta Elfsight jest bezp\u0142atna.","robots":{"index":"index","follow":"follow","max-snippet":"max-snippet:-1","max-image-preview":"max-image-preview:large","max-video-preview":"max-video-preview:-1"},"canonical":"https:\/\/elfsight.com\/pl\/booking-reviews-widget\/joomla\/","og_locale":"pl_PL","og_type":"article","og_title":"Umie\u015b\u0107 recenzje rezerwacji na stronie Joomla (w 2 minuty)","og_description":"Utworzenie rozszerzenia \u201eRecenzje rezerwacji\u201d i wy\u015bwietlenie go w witrynie Joomla jest niezwykle proste. Obs\u0142uga klienta Elfsight jest bezp\u0142atna.","og_url":"https:\/\/elfsight.com\/pl\/booking-reviews-widget\/joomla\/","og_site_name":"Elfsight PL","article_modified_time":"2024-11-14T09:45:14+00:00","twitter_card":"summary_large_image","twitter_misc":{"Szacowany czas czytania":"3 minuty"},"schema":{"@context":"https:\/\/schema.org","@graph":[{"@type":"WebPage","@id":"https:\/\/elfsight.com\/pl\/booking-reviews-widget\/joomla\/","url":"https:\/\/elfsight.com\/pl\/booking-reviews-widget\/joomla\/","name":"Umie\u015b\u0107 recenzje rezerwacji na stronie Joomla (w 2 minuty)","isPartOf":{"@id":"https:\/\/elfsight.com\/pl\/#website"},"datePublished":"2024-05-03T06:30:44+00:00","dateModified":"2024-11-14T09:45:14+00:00","description":"Utworzenie rozszerzenia \u201eRecenzje rezerwacji\u201d i wy\u015bwietlenie go w witrynie Joomla jest niezwykle proste. Obs\u0142uga klienta Elfsight jest bezp\u0142atna.","breadcrumb":{"@id":"https:\/\/elfsight.com\/pl\/booking-reviews-widget\/joomla\/#breadcrumb"},"inLanguage":"pl-PL","potentialAction":[{"@type":"ReadAction","target":["https:\/\/elfsight.com\/pl\/booking-reviews-widget\/joomla\/"]}]},{"@type":"BreadcrumbList","@id":"https:\/\/elfsight.com\/pl\/booking-reviews-widget\/joomla\/#breadcrumb","itemListElement":[{"@type":"ListItem","position":1,"name":"Home","item":"https:\/\/elfsight.com\/pl\/"},{"@type":"ListItem","position":2,"name":"Booking Reviews","item":"https:\/\/elfsight.com\/pl\/booking-reviews-widget\/"},{"@type":"ListItem","position":3,"name":"Booking Reviews &#8211; Joomla"}]},{"@type":"WebSite","@id":"https:\/\/elfsight.com\/pl\/#website","url":"https:\/\/elfsight.com\/pl\/","name":"Elfsight PL","description":"Just another Elfsight Sites site","potentialAction":[{"@type":"SearchAction","target":{"@type":"EntryPoint","urlTemplate":"https:\/\/elfsight.com\/pl\/?s={search_term_string}"},"query-input":{"@type":"PropertyValueSpecification","valueRequired":true,"valueName":"search_term_string"}}],"inLanguage":"pl-PL"}]}},"meta_box":{"industry":"","seo_heading":"","heading":"","description":"","cta_heading":"","cta_description":"","application":"1360","h1":"Recenzje Joomla Booking.com","h1_caption":"Wy\u015bwietlaj recenzje z booking.com, aby przyci\u0105gn\u0105\u0107 wi\u0119cej go\u015bci, bez wysi\u0142ku pokazuj\u0105c pozytywne do\u015bwiadczenia poprzednich go\u015bci na swojej stronie Joomla.","application_category":[],"applications_title":"","applications_request_title":"","applications_request_button_text":"","hero_text":"","hero_video":"","hero_video_schema_markup":"","selling_points_title":"","selling_points_caption":"","selling_points":[],"selling_points_cta_text":"","features_title":"","features":"","ed_cta_examples_text":"","ed_cta_examples_hidden":"","ed_cta_demo_text":"","ed_cta_demo_hidden":"","why_caption":"","why_editor_title":"","why_editor_text":"","why_team_title":"","why_team_text":"","why_service_title":"","why_service_text":"","template_catalog_visible":"","template_catalog_title":"","template_catalog_text":"","template_catalog_categories_visible":"","demo_title":"Utw\u00f3rz wtyczk\u0119 Recenzje rezerwacji","demo_caption":"Skonfiguruj swoje recenzje rezerwacji i dodaj je do swojej witryny Joomla za darmo!","default_faq_hidden":"","app_template_category":[],"platform":"53","template_public_id":"","codecanyon_url":"","codecanyon_item_id":"","codecanyon_price":"","pricing_caption":"","pricing_elfsight_apps_hide_column":"","pricing_elfsight_apps_url":"","pricing_codecanyon_price_caption":"","integration_category":[],"integration_request_title":"","integration_request_cta":"","integration_platform":"","integrations":[],"platform_category":[],"video_schema_markup":"","price":"od 0 USD \/ miesi\u0105c","trial":"","benefits":[{"text":"Bezp\u0142atna us\u0142uga monta\u017cu"},{"text":"Wsparcie premium"},{"text":"14-dniowa gwarancja zwrotu pieni\u0119dzy"}],"button_url":"#demo","button_target_blank":"","button_nofollow":"","attributes":[{"name":"Instaluje"},{"name":"Czu\u0142y"},{"name":"Kompatybilne przegl\u0105darki"}],"tags":[],"tags_disable_links":"","hide_more_platforms":"","video_object":"","demo_hide_cta":"","demo_hide_cloud_options":"","pricing_title":"","pricing":[{"pricing_icon":"platform","pricing_title":"Elfsight Apps","pricing_title_caption":"Rozwi\u0105zanie niezale\u017cne od platformy","pricing_price":"od 0 USD \/ miesi\u0105c","pricing_price_caption":"zacznij od bezp\u0142atnego planu","pricing_benefits":[{"text":"Nielimitowane domeny"},{"text":"Ca\u0142odobowe wsparcie i dobrze udokumentowane"},{"text":"Bezp\u0142atna us\u0142uga monta\u017cu"},{"text":"Specjalna oferta na wiele aplikacji"}],"pricing_button_text":"Dodaj do witryny","pricing_button_url":"#demo"}],"related_apps_title":"","related_apps_hidden":"","author":"","image":[],"title":"","job":"","social_networks":[]},"_links":{"self":[{"href":"https:\/\/elfsight.com\/pl\/wp-json\/wp\/v2\/pages\/4478","targetHints":{"allow":["GET"]}}],"collection":[{"href":"https:\/\/elfsight.com\/pl\/wp-json\/wp\/v2\/pages"}],"about":[{"href":"https:\/\/elfsight.com\/pl\/wp-json\/wp\/v2\/types\/page"}],"author":[{"embeddable":true,"href":"https:\/\/elfsight.com\/pl\/wp-json\/wp\/v2\/users\/9"}],"replies":[{"embeddable":true,"href":"https:\/\/elfsight.com\/pl\/wp-json\/wp\/v2\/comments?post=4478"}],"version-history":[{"count":2,"href":"https:\/\/elfsight.com\/pl\/wp-json\/wp\/v2\/pages\/4478\/revisions"}],"predecessor-version":[{"id":7689,"href":"https:\/\/elfsight.com\/pl\/wp-json\/wp\/v2\/pages\/4478\/revisions\/7689"}],"up":[{"embeddable":true,"href":"https:\/\/elfsight.com\/pl\/wp-json\/wp\/v2\/pages\/1361"}],"wp:attachment":[{"href":"https:\/\/elfsight.com\/pl\/wp-json\/wp\/v2\/media?parent=4478"}],"curies":[{"name":"wp","href":"https:\/\/api.w.org\/{rel}","templated":true}]}}