{"id":4471,"date":"2024-05-03T06:30:41","date_gmt":"2024-05-03T06:30:41","guid":{"rendered":"https:\/\/elfsight.com\/pl\/?page_id=4471"},"modified":"2024-11-14T09:45:06","modified_gmt":"2024-11-14T09:45:06","slug":"blogger","status":"publish","type":"page","link":"https:\/\/elfsight.com\/pl\/booking-reviews-widget\/blogger\/","title":{"rendered":"Booking Reviews &#8211; Blogger"},"content":{"rendered":"<div class=\"application-platform-content-item-description application-platform-content-item\" id=\"description\" data-nav-section=\"description\"> <h2>Opis<\/h2> <p>Je\u015bli chcesz udowodni\u0107 swoj\u0105 wysok\u0105 ocen\u0119 i przekona\u0107 odwiedzaj\u0105cych witryn\u0119, \u017ce Twoje oferty s\u0105 warte swojej ceny, Widget Recenzje rezerwacji Elfsight wykona to zadanie. Dzi\u0119ki naszemu wid\u017cetowi mo\u017cesz swobodnie umieszcza\u0107 na swojej stronie recenzje u\u017cytkownik\u00f3w z Bookingu z informacj\u0105 o ich autorach, filtrowa\u0107 je tak, aby prezentowa\u0142y tylko dobre, wy\u015bwietla\u0107 oceny oraz przycisk przekierowuj\u0105cy, kt\u00f3ry przeniesie u\u017cytkownik\u00f3w na Twoje konto Booking, aby mogli napisz jeszcze jedn\u0105 recenzj\u0119. <\/p> <div class=\"faq\" data-component=\"FAQ\"><div class=\"faq-item\">\r\n\t\t\t\t\t<div class=\"faq-item-question\">\r\n\t\t\t\t\t\t<h3 class=\"faq-item-question-text\">Gdzie w mojej witrynie mog\u0119 doda\u0107 wid\u017cet<\/h3>\r\n\r\n\t\t\t\t\t\t<div class=\"faq-item-question-icon\"><\/div>\r\n\t\t\t\t\t<\/div>\r\n\r\n\t\t\t\t\t<div class=\"faq-item-answer\">\r\n\t\t\t\t\t\t<div class=\"faq-item-answer-text\"> <p>Mo\u017cesz wstawi\u0107 wid\u017cet recenzji na dowolnej stronie swojej witryny lub wstawi\u0107 go do szablonu witryny oraz pojawi si\u0119 na wszystkich stronach. Recenzje mog\u0105 dobrze sprawdzi\u0107 si\u0119 na stronach produkt\u00f3w lub na stronie O nas, gdzie chcesz udowodni\u0107 swoj\u0105 wysok\u0105 ocen\u0119. <\/p> <\/div>\r\n\t\t\t\t\t<\/div>\r\n\t\t\t\t<\/div><div class=\"faq-item\">\r\n\t\t\t\t\t<div class=\"faq-item-question\">\r\n\t\t\t\t\t\t<h3 class=\"faq-item-question-text\">Jakie s\u0105 dla mnie korzy\u015bci z posiadania Recenzji Rezerwacji?<\/h3>\r\n\r\n\t\t\t\t\t\t<div class=\"faq-item-question-icon\"><\/div>\r\n\t\t\t\t\t<\/div>\r\n\r\n\t\t\t\t\t<div class=\"faq-item-answer\">\r\n\t\t\t\t\t\t<div class=\"faq-item-answer-text\"> <p>Recenzje udost\u0119pniane przez prawdziwe osoby wydaj\u0105 si\u0119 ca\u0142kowicie wiarygodne dla u\u017cytkownik\u00f3w Twojej witryny i pokazuj\u0105 im, \u017ce Twoja firma jest wiarygodna partner. Wysoka ocena i dobre wy\u015bwietlenia mog\u0105 pom\u00f3c zwi\u0119kszy\u0107 sprzeda\u017c w Twojej witrynie. Dodatkowo aktywny przycisk mo\u017ce przyczyni\u0107 si\u0119 do zwi\u0119kszenia liczby opinii u\u017cytkownik\u00f3w na temat Twojej firmy w Booking. <\/p> <\/div>\r\n\t\t\t\t\t<\/div>\r\n\t\t\t\t<\/div> <div class=\"faq-item\">\r\n\t\t\t\t\t<div class=\"faq-item-question\">\r\n\t\t\t\t\t\t<h3 class=\"faq-item-question-text\">Czego potrzebuj\u0119, aby umie\u015bci\u0107 recenzje rezerwacji w mojej witrynie Bloggera?<\/h3>\r\n\r\n\t\t\t\t\t\t<div class=\"faq-item-question-icon\"><\/div>\r\n\t\t\t\t\t<\/div>\r\n\r\n\t\t\t\t\t<div class=\"faq-item-answer\">\r\n\t\t\t\t\t\t<div class=\"faq-item-answer-text\"> <p>Aktywacja wid\u017cetu zajmie Ci chwil\u0119. Osadzanie jest superszybkie, bezp\u0142atne i nie wymaga kodowania. <\/p> <ol><li>Istnieje mo\u017cliwo\u015b\u0107 wklejenia wid\u017cetu na stron\u0119 internetow\u0105 bezpo\u015brednio za po\u015brednictwem naszej us\u0142ugi. Aby to zrobi\u0107, post\u0119puj zgodnie z instrukcjami poni\u017cej na tej stronie. <\/li> <li>Widget mo\u017cna wprowadzi\u0107 za po\u015brednictwem naszego serwisu lub poprzez platform\u0119 handlow\u0105. Mo\u017cesz por\u00f3wna\u0107 szczeg\u00f3\u0142y dotycz\u0105ce obu opcji i wybra\u0107 bardziej odpowiedni\u0105. <\/li> <\/ol> <\/div>\r\n\t\t\t\t\t<\/div>\r\n\t\t\t\t<\/div> <\/div> <\/div> <div class=\"application-platform-content-item-features application-platform-content-item\" id=\"features\" data-nav-section=\"features\"> <h2>Funkcje<\/h2> <p>Aby w pe\u0142ni zrozumie\u0107 Recenzje rezerwacji, zapoznaj si\u0119 z lista podstawowych funkcji. Sprawiaj\u0105, \u017ce ten widget jest dla Ciebie maksymalnie skuteczny: <\/p> <ul> <li>Trzy gotowe do u\u017cycia filtry: wed\u0142ug typu, wykluczania i ilo\u015bci wy\u015bwietlanych recenzji; <\/li> <li>Przycisk \u017c\u0105dania recenzji przenosi u\u017cytkownik\u00f3w na stron\u0119 Rezerwacja; <\/li> <li>Dwie mo\u017cliwo\u015bci scenariuszy po odrzuceniu pro\u015bby o sprawdzenie: poka\u017c niestandardow\u0105 wiadomo\u015b\u0107 lub ukryj przycisk. <\/li> <\/ul><p><a href=\"#demo\">W naszym demo udost\u0119pnisz Ci wi\u0119cej funkcji<\/a><\/p> <\/div> <div class=\"application-platform-content-item-installation application-platform-content-item\" id=\"installation\" data-nav-section=\"installation\"> <h2>Dowiedz si\u0119, jak skonfigurowa\u0107 widget w swoim sklepie. Dzia\u0142a szybko i bez potu.<\/h2> <div class=\"video-container\"><iframe width=\"720\" height=\"405\" src=\"https:\/\/www.youtube.com\/embed\/K2K2KO4bqLQ\" frameborder=\"0\" allowfullscreen=\"\"><\/iframe><\/div><p>Poni\u017csze dzia\u0142ania to jedyne, czego potrzebujesz, aby to ustali\u0107. <\/p> <ol><li><b>Stw\u00f3rz swoj\u0105 osobist\u0105 wtyczk\u0119 Recenzji Rezerwacji<\/b><br> Zarz\u0105dzaj\u0105c naszym bezp\u0142atnym konfiguratorem, uzyskaj wtyczk\u0119 z wybranym uk\u0142adem i cechami funkcjonalnymi. <\/li><li><b>Skopiuj kod osobisty, aby osadzi\u0107 wtyczk\u0119<\/b><br> Po skonfigurowaniu wid\u017cetu otrzymasz unikalny kod z powiadomienia, kt\u00f3re pojawi\u0142o si\u0119 w aplikacjach Elfsight. Skopiuj kod. <\/li> <li><b>Dodaj wtyczk\u0119 do swojej witryny Bloggera<\/b><br> Przejd\u017a do miejsca, w kt\u00f3rym chcesz ods\u0142oni\u0107 wtyczk\u0119 i wstaw tam zapisany kod. Opublikuj zmiany. <\/li> <li><b>Osadzanie powiod\u0142o si\u0119! <\/b><br> Wejd\u017a na swoj\u0105 stron\u0119 i sprawd\u017a swoje referencje. <\/li> <\/ol><p>Nadal nie mo\u017cesz si\u0119 zdecydowa\u0107? Albo do\u015bwiadczasz problem\u00f3w? Po prostu napisz wniosek do naszego dzia\u0142u obs\u0142ugi klienta, a rozwi\u0105\u017cemy ka\u017cdy problem. <\/p> <\/div>","protected":false},"excerpt":{"rendered":"","protected":false},"author":9,"featured_media":0,"parent":1361,"menu_order":0,"comment_status":"closed","ping_status":"closed","template":"templates\/template-application-platform.php","meta":{"publish_to_discourse":"","publish_post_category":"","wpdc_auto_publish_overridden":"","wpdc_topic_tags":"","wpdc_pin_topic":"","wpdc_pin_until":"","discourse_post_id":"","discourse_permalink":"","wpdc_publishing_response":"","wpdc_publishing_error":"","footnotes":""},"class_list":["post-4471","page","type-page","status-publish","hentry"],"yoast_head":"<!-- This site is optimized with the Yoast SEO plugin v25.3.1 - https:\/\/yoast.com\/wordpress\/plugins\/seo\/ -->\n<title>Umie\u015b\u0107 recenzje rezerwacji na stronie Bloggera (bezp\u0142atnie i szybko)<\/title>\n<meta name=\"description\" content=\"Dzi\u0119ki Elfsight mo\u017cesz szybko tworzy\u0107 recenzje rezerwacji i umieszcza\u0107 je w witrynie Bloggera. Oferujemy bezp\u0142atn\u0105 obs\u0142ug\u0119 klienta i inne bonusy.\" \/>\n<meta name=\"robots\" content=\"index, follow, max-snippet:-1, max-image-preview:large, max-video-preview:-1\" \/>\n<link rel=\"canonical\" href=\"https:\/\/elfsight.com\/pl\/booking-reviews-widget\/blogger\/\" \/>\n<meta property=\"og:locale\" content=\"pl_PL\" \/>\n<meta property=\"og:type\" content=\"article\" \/>\n<meta property=\"og:title\" content=\"Umie\u015b\u0107 recenzje rezerwacji na stronie Bloggera (bezp\u0142atnie i szybko)\" \/>\n<meta property=\"og:description\" content=\"Dzi\u0119ki Elfsight mo\u017cesz szybko tworzy\u0107 recenzje rezerwacji i umieszcza\u0107 je w witrynie Bloggera. Oferujemy bezp\u0142atn\u0105 obs\u0142ug\u0119 klienta i inne bonusy.\" \/>\n<meta property=\"og:url\" content=\"https:\/\/elfsight.com\/pl\/booking-reviews-widget\/blogger\/\" \/>\n<meta property=\"og:site_name\" content=\"Elfsight PL\" \/>\n<meta property=\"article:modified_time\" content=\"2024-11-14T09:45:06+00:00\" \/>\n<meta name=\"twitter:card\" content=\"summary_large_image\" \/>\n<meta name=\"twitter:label1\" content=\"Szacowany czas czytania\" \/>\n\t<meta name=\"twitter:data1\" content=\"3 minuty\" \/>\n<!-- \/ Yoast SEO plugin. -->","yoast_head_json":{"title":"Umie\u015b\u0107 recenzje rezerwacji na stronie Bloggera (bezp\u0142atnie i szybko)","description":"Dzi\u0119ki Elfsight mo\u017cesz szybko tworzy\u0107 recenzje rezerwacji i umieszcza\u0107 je w witrynie Bloggera. Oferujemy bezp\u0142atn\u0105 obs\u0142ug\u0119 klienta i inne bonusy.","robots":{"index":"index","follow":"follow","max-snippet":"max-snippet:-1","max-image-preview":"max-image-preview:large","max-video-preview":"max-video-preview:-1"},"canonical":"https:\/\/elfsight.com\/pl\/booking-reviews-widget\/blogger\/","og_locale":"pl_PL","og_type":"article","og_title":"Umie\u015b\u0107 recenzje rezerwacji na stronie Bloggera (bezp\u0142atnie i szybko)","og_description":"Dzi\u0119ki Elfsight mo\u017cesz szybko tworzy\u0107 recenzje rezerwacji i umieszcza\u0107 je w witrynie Bloggera. Oferujemy bezp\u0142atn\u0105 obs\u0142ug\u0119 klienta i inne bonusy.","og_url":"https:\/\/elfsight.com\/pl\/booking-reviews-widget\/blogger\/","og_site_name":"Elfsight PL","article_modified_time":"2024-11-14T09:45:06+00:00","twitter_card":"summary_large_image","twitter_misc":{"Szacowany czas czytania":"3 minuty"},"schema":{"@context":"https:\/\/schema.org","@graph":[{"@type":"WebPage","@id":"https:\/\/elfsight.com\/pl\/booking-reviews-widget\/blogger\/","url":"https:\/\/elfsight.com\/pl\/booking-reviews-widget\/blogger\/","name":"Umie\u015b\u0107 recenzje rezerwacji na stronie Bloggera (bezp\u0142atnie i szybko)","isPartOf":{"@id":"https:\/\/elfsight.com\/pl\/#website"},"datePublished":"2024-05-03T06:30:41+00:00","dateModified":"2024-11-14T09:45:06+00:00","description":"Dzi\u0119ki Elfsight mo\u017cesz szybko tworzy\u0107 recenzje rezerwacji i umieszcza\u0107 je w witrynie Bloggera. Oferujemy bezp\u0142atn\u0105 obs\u0142ug\u0119 klienta i inne bonusy.","breadcrumb":{"@id":"https:\/\/elfsight.com\/pl\/booking-reviews-widget\/blogger\/#breadcrumb"},"inLanguage":"pl-PL","potentialAction":[{"@type":"ReadAction","target":["https:\/\/elfsight.com\/pl\/booking-reviews-widget\/blogger\/"]}]},{"@type":"BreadcrumbList","@id":"https:\/\/elfsight.com\/pl\/booking-reviews-widget\/blogger\/#breadcrumb","itemListElement":[{"@type":"ListItem","position":1,"name":"Home","item":"https:\/\/elfsight.com\/pl\/"},{"@type":"ListItem","position":2,"name":"Booking Reviews","item":"https:\/\/elfsight.com\/pl\/booking-reviews-widget\/"},{"@type":"ListItem","position":3,"name":"Booking Reviews &#8211; Blogger"}]},{"@type":"WebSite","@id":"https:\/\/elfsight.com\/pl\/#website","url":"https:\/\/elfsight.com\/pl\/","name":"Elfsight PL","description":"Just another Elfsight Sites site","potentialAction":[{"@type":"SearchAction","target":{"@type":"EntryPoint","urlTemplate":"https:\/\/elfsight.com\/pl\/?s={search_term_string}"},"query-input":{"@type":"PropertyValueSpecification","valueRequired":true,"valueName":"search_term_string"}}],"inLanguage":"pl-PL"}]}},"meta_box":{"industry":"","seo_heading":"","heading":"","description":"","cta_heading":"","cta_description":"","application":"1360","h1":"Recenzje na Bloggerze Booking.com","h1_caption":"Wy\u015bwietlaj recenzje z serwisu booking.com, aby przyci\u0105gn\u0105\u0107 wi\u0119cej go\u015bci, bez wysi\u0142ku pokazuj\u0105c pozytywne do\u015bwiadczenia poprzednich go\u015bci w swojej witrynie Bloggera.","application_category":[],"applications_title":"","applications_request_title":"","applications_request_button_text":"","hero_text":"","hero_video":"","hero_video_schema_markup":"","selling_points_title":"","selling_points_caption":"","selling_points":[],"selling_points_cta_text":"","features_title":"","features":"","ed_cta_examples_text":"","ed_cta_examples_hidden":"","ed_cta_demo_text":"","ed_cta_demo_hidden":"","why_caption":"","why_editor_title":"","why_editor_text":"","why_team_title":"","why_team_text":"","why_service_title":"","why_service_text":"","template_catalog_visible":"","template_catalog_title":"","template_catalog_text":"","template_catalog_categories_visible":"","demo_title":"Utw\u00f3rz wid\u017cet Recenzje rezerwacji","demo_caption":"Skonfiguruj swoje recenzje rezerwacji i dodaj je za darmo do swojej witryny Blogger!","default_faq_hidden":"","app_template_category":[],"platform":"44","template_public_id":"","codecanyon_url":"","codecanyon_item_id":"","codecanyon_price":"","pricing_caption":"","pricing_elfsight_apps_hide_column":"","pricing_elfsight_apps_url":"","pricing_codecanyon_price_caption":"","integration_category":[],"integration_request_title":"","integration_request_cta":"","integration_platform":"","integrations":[],"platform_category":[],"video_schema_markup":"","price":"od 0 USD \/ miesi\u0105c","trial":"","benefits":[{"text":"Bezp\u0142atna pomoc w instalacji"},{"text":"Skuteczna obs\u0142uga klienta"},{"text":"14-dniowa gwarancja zwrotu pieni\u0119dzy"}],"button_url":"#demo","button_target_blank":"","button_nofollow":"","attributes":[{"name":"Instaluje"},{"name":"Czu\u0142y"},{"name":"Kompatybilne przegl\u0105darki"}],"tags":[],"tags_disable_links":"","hide_more_platforms":"","video_object":"","demo_hide_cta":"","demo_hide_cloud_options":"","pricing_title":"","pricing":[{"pricing_icon":"platform","pricing_title":"Elfsight Apps","pricing_title_caption":"Niezale\u017cne od platformy rozwi\u0105zanie, kt\u00f3re pasuje do ka\u017cdej witryny internetowej","pricing_price":"od 0 USD \/ miesi\u0105c","pricing_price_caption":"zacznij od bezp\u0142atnego planu","pricing_benefits":[{"text":"Nielimitowane domeny"},{"text":"Ca\u0142odobowe wsparcie firmy"},{"text":"Bezp\u0142atna us\u0142uga monta\u017cu"},{"text":"W pe\u0142ni konfigurowalny"}],"pricing_button_text":"Dodaj do witryny","pricing_button_url":"#demo"}],"related_apps_title":"","related_apps_hidden":"","author":"","image":[],"title":"","job":"","social_networks":[]},"_links":{"self":[{"href":"https:\/\/elfsight.com\/pl\/wp-json\/wp\/v2\/pages\/4471","targetHints":{"allow":["GET"]}}],"collection":[{"href":"https:\/\/elfsight.com\/pl\/wp-json\/wp\/v2\/pages"}],"about":[{"href":"https:\/\/elfsight.com\/pl\/wp-json\/wp\/v2\/types\/page"}],"author":[{"embeddable":true,"href":"https:\/\/elfsight.com\/pl\/wp-json\/wp\/v2\/users\/9"}],"replies":[{"embeddable":true,"href":"https:\/\/elfsight.com\/pl\/wp-json\/wp\/v2\/comments?post=4471"}],"version-history":[{"count":2,"href":"https:\/\/elfsight.com\/pl\/wp-json\/wp\/v2\/pages\/4471\/revisions"}],"predecessor-version":[{"id":7686,"href":"https:\/\/elfsight.com\/pl\/wp-json\/wp\/v2\/pages\/4471\/revisions\/7686"}],"up":[{"embeddable":true,"href":"https:\/\/elfsight.com\/pl\/wp-json\/wp\/v2\/pages\/1361"}],"wp:attachment":[{"href":"https:\/\/elfsight.com\/pl\/wp-json\/wp\/v2\/media?parent=4471"}],"curies":[{"name":"wp","href":"https:\/\/api.w.org\/{rel}","templated":true}]}}