{"id":4462,"date":"2024-05-03T06:30:36","date_gmt":"2024-05-03T06:30:36","guid":{"rendered":"https:\/\/elfsight.com\/pl\/?page_id=4462"},"modified":"2024-11-14T09:03:19","modified_gmt":"2024-11-14T09:03:19","slug":"woocommerce","status":"publish","type":"page","link":"https:\/\/elfsight.com\/pl\/booking-reviews-widget\/woocommerce\/","title":{"rendered":"Booking Reviews &#8211; WooCommerce"},"content":{"rendered":"<div class=\"application-platform-content-item-description application-platform-content-item\" id=\"description\" data-nav-section=\"description\"><h2>Opis<\/h2><p>Je\u015bli chcesz zademonstrowa\u0107 swoj\u0105 wysok\u0105 ocen\u0119 i przekona\u0107 odwiedzaj\u0105cych witryn\u0119, \u017ce warto wyda\u0107 na Twoje produkty lub us\u0142ugi pieni\u0105dze, widget Recenzje rezerwacji Elfsight idealnie Ci odpowiada. Maj\u0105c ten wid\u017cet, b\u0119dziesz m\u00f3g\u0142 prezentowa\u0107 recenzje klient\u00f3w z Booking na swojej stronie ze szczeg\u00f3\u0142ami o ich autorach, filtrowa\u0107 je, aby wy\u015bwietla\u0142y tylko dobre, wy\u015bwietla\u0107 oceny i przycisk przekierowuj\u0105cy, kt\u00f3ry przekieruje u\u017cytkownik\u00f3w na Twoj\u0105 stron\u0119 Rezerwacji, gdzie b\u0119d\u0105 mogli opublikowa\u0107 ich recenzj\u0119.<\/p><p><b>Dzi\u0119ki Recenzjom rezerwacji Elfsight mo\u017cesz osi\u0105gn\u0105\u0107 solidny rozw\u00f3j biznesu i zwi\u0119kszy\u0107 sprzeda\u017c<\/b><\/p><\/div> <div class=\"application-platform-content-item-features application-platform-content-item\" id=\"features\" data-nav-section=\"features\"><h2>Przestudiuj lista najpot\u0119\u017cniejszych funkcji:<\/h2><ul><li>Cztery dost\u0119pne uk\u0142ady: Lista, Siatka, Mur i Suwak;<\/li><li>Mo\u017cliwo\u015b\u0107 w\u0142\u0105czenia\/wy\u0142\u0105czenia nag\u0142\u00f3wka wid\u017cetu; <\/li><li>Dwie mo\u017cliwo\u015bci odrzucenia pro\u015bby o sprawdzenie: poka\u017c niestandardow\u0105 wiadomo\u015b\u0107 lub ukryj przycisk.<\/li><\/ul><p><a href=\"#demo\">Wypr\u00f3buj t\u0119 wersj\u0119 demonstracyjn\u0105, aby zobacz, ile wart jest widget<\/a><\/p><\/div><div class=\"application-platform-content-item-installation application-platform-content-item\" id=\"installation\" data-nav-section=\"installation\"><h2>Jak doda\u0107 recenzje rezerwacji na mojej stronie WooCommerce?<\/h2><p>Po prostu wykonaj kilka poni\u017cej przedstawiono kroki integracji wid\u017cetu.<\/p><ol><li><b>Uruchom nasz darmowy edytor i zacznij tworzy\u0107 w\u0142asn\u0105 wtyczk\u0119.<\/b><br>Okre\u015bl wybrany interfejs i funkcjonalno\u015b\u0107 wtyczk\u0119 i zastosuj zmiany.<\/li><li><b>Odbierz sw\u00f3j unikalny kod, kt\u00f3ry jest wy\u015bwietlany w specjalnym formularzu w aplikacjach Elfsight.<\/b><br>Gdy tylko konfiguracja wtyczki zostanie zako\u0144czona, skopiuj ekskluzywny kod w wyskakuj\u0105cym okienku i zapisz go na dalsze potrzeby.<\/li><li><b>Zacznij u\u017cywa\u0107 wtyczki na swojej stronie internetowej.<\/b><br>Dodaj skopiowany wcze\u015bniej kod do swojej strony internetowej i zapisz zmiany.<\/li><li><b>Gotowe! Integracja zosta\u0142a pomy\u015blnie zako\u0144czona.<\/b><br>Przejd\u017a na swoj\u0105 stron\u0119 i sprawd\u017a, jak dzia\u0142a widget.<\/li><\/ol><p>Je\u015bli napotkasz jakie\u015b przeszkody, nie wahaj si\u0119 poszuka\u0107 pomoc naszego personelu pomocniczego. Nasi specjali\u015bci z przyjemno\u015bci\u0105 odpowiedz\u0105 na wszystkie Twoje pytania dotycz\u0105ce tego narz\u0119dzia.<\/p><div class=\"faq\" data-component=\"FAQ\"> <div class=\"faq-item\">\r\n\t\t\t\t\t<div class=\"faq-item-question\">\r\n\t\t\t\t\t\t<h3 class=\"faq-item-question-text\">Jak doda\u0107 recenzje Amazon do mojej witryny WooCommerce bez umiej\u0119tno\u015bci kodowania?<\/h3>\r\n\r\n\t\t\t\t\t\t<div class=\"faq-item-question-icon\"><\/div>\r\n\t\t\t\t\t<\/div>\r\n\r\n\t\t\t\t\t<div class=\"faq-item-answer\">\r\n\t\t\t\t\t\t<div class=\"faq-item-answer-text\"> <p>Elfsight zapewnia Rozwi\u0105zanie SaaS, kt\u00f3re pozwala samodzielnie utworzy\u0107 wid\u017cet Recenzji Amazon. Przekonaj si\u0119, jak \u0142atwy jest ten proces: Pracuj bezpo\u015brednio w edytorze online, aby utworzy\u0107 wid\u017cet Recenzji Amazon, kt\u00f3ry chcia\u0142by\u015b zobaczy\u0107 na swojej stronie WooCommerce. Wybierz jeden z gotowych szablon\u00f3w i dostosuj ustawienia Recenzji Amazon, dodaj tre\u015b\u0107, zmie\u0144 uk\u0142ad i schemat kolor\u00f3w bez umiej\u0119tno\u015bci kodowania. Zapisz recenzje Amazon i skopiuj ich kod instalacyjny, kt\u00f3ry mo\u017cesz po prostu wklei\u0107 na swojej stronie WooCommerce bez konieczno\u015bci kupowania wersji p\u0142atnej. Dzi\u0119ki naszemu intuicyjnemu edytorowi ka\u017cdy u\u017cytkownik Internetu mo\u017ce stworzy\u0107 wid\u017cet Recenzje Amazon online i \u0142atwo osadzi\u0107 go na swojej stronie WooCommerce. Aby uzyska\u0107 dost\u0119p do us\u0142ugi, nie trzeba p\u0142aci\u0107 ani wprowadza\u0107 danych uwierzytelniaj\u0105cych karty. Je\u015bli na kt\u00f3rymkolwiek etapie napotkasz jakiekolwiek problemy, skontaktuj si\u0119 z naszym zespo\u0142em pomocy technicznej.<\/p> <\/div>\r\n\t\t\t\t\t<\/div>\r\n\t\t\t\t<\/div> <\/div> <\/div>","protected":false},"excerpt":{"rendered":"","protected":false},"author":9,"featured_media":0,"parent":1361,"menu_order":0,"comment_status":"closed","ping_status":"closed","template":"templates\/template-application-platform.php","meta":{"publish_to_discourse":"","publish_post_category":"","wpdc_auto_publish_overridden":"","wpdc_topic_tags":"","wpdc_pin_topic":"","wpdc_pin_until":"","discourse_post_id":"","discourse_permalink":"","wpdc_publishing_response":"","wpdc_publishing_error":"","footnotes":""},"class_list":["post-4462","page","type-page","status-publish","hentry"],"yoast_head":"<!-- This site is optimized with the Yoast SEO plugin v25.3.1 - https:\/\/yoast.com\/wordpress\/plugins\/seo\/ -->\n<title>Wtyczka WooCommerce Booking Reviews dla Twojej witryny internetowej (2025)<\/title>\n<meta name=\"description\" content=\"Skorzystaj z okazji, aby dostosowa\u0107 wtyczk\u0119 Recenzje rezerwacji ju\u017c teraz i zintegrowa\u0107 j\u0105 ze swoj\u0105 witryn\u0105 WooCommerce bezpo\u015brednio z wersji demonstracyjnej na \u017cywo.\" \/>\n<meta name=\"robots\" content=\"index, follow, max-snippet:-1, max-image-preview:large, max-video-preview:-1\" \/>\n<link rel=\"canonical\" href=\"https:\/\/elfsight.com\/pl\/booking-reviews-widget\/woocommerce\/\" \/>\n<meta property=\"og:locale\" content=\"pl_PL\" \/>\n<meta property=\"og:type\" content=\"article\" \/>\n<meta property=\"og:title\" content=\"Wtyczka WooCommerce Booking Reviews dla Twojej witryny internetowej (2025)\" \/>\n<meta property=\"og:description\" content=\"Skorzystaj z okazji, aby dostosowa\u0107 wtyczk\u0119 Recenzje rezerwacji ju\u017c teraz i zintegrowa\u0107 j\u0105 ze swoj\u0105 witryn\u0105 WooCommerce bezpo\u015brednio z wersji demonstracyjnej na \u017cywo.\" \/>\n<meta property=\"og:url\" content=\"https:\/\/elfsight.com\/pl\/booking-reviews-widget\/woocommerce\/\" \/>\n<meta property=\"og:site_name\" content=\"Elfsight PL\" \/>\n<meta property=\"article:modified_time\" content=\"2024-11-14T09:03:19+00:00\" \/>\n<meta name=\"twitter:card\" content=\"summary_large_image\" \/>\n<meta name=\"twitter:label1\" content=\"Szacowany czas czytania\" \/>\n\t<meta name=\"twitter:data1\" content=\"2 minuty\" \/>\n<!-- \/ Yoast SEO plugin. -->","yoast_head_json":{"title":"Wtyczka WooCommerce Booking Reviews dla Twojej witryny internetowej (2025)","description":"Skorzystaj z okazji, aby dostosowa\u0107 wtyczk\u0119 Recenzje rezerwacji ju\u017c teraz i zintegrowa\u0107 j\u0105 ze swoj\u0105 witryn\u0105 WooCommerce bezpo\u015brednio z wersji demonstracyjnej na \u017cywo.","robots":{"index":"index","follow":"follow","max-snippet":"max-snippet:-1","max-image-preview":"max-image-preview:large","max-video-preview":"max-video-preview:-1"},"canonical":"https:\/\/elfsight.com\/pl\/booking-reviews-widget\/woocommerce\/","og_locale":"pl_PL","og_type":"article","og_title":"Wtyczka WooCommerce Booking Reviews dla Twojej witryny internetowej (2025)","og_description":"Skorzystaj z okazji, aby dostosowa\u0107 wtyczk\u0119 Recenzje rezerwacji ju\u017c teraz i zintegrowa\u0107 j\u0105 ze swoj\u0105 witryn\u0105 WooCommerce bezpo\u015brednio z wersji demonstracyjnej na \u017cywo.","og_url":"https:\/\/elfsight.com\/pl\/booking-reviews-widget\/woocommerce\/","og_site_name":"Elfsight PL","article_modified_time":"2024-11-14T09:03:19+00:00","twitter_card":"summary_large_image","twitter_misc":{"Szacowany czas czytania":"2 minuty"},"schema":{"@context":"https:\/\/schema.org","@graph":[{"@type":"WebPage","@id":"https:\/\/elfsight.com\/pl\/booking-reviews-widget\/woocommerce\/","url":"https:\/\/elfsight.com\/pl\/booking-reviews-widget\/woocommerce\/","name":"Wtyczka WooCommerce Booking Reviews dla Twojej witryny internetowej (2025)","isPartOf":{"@id":"https:\/\/elfsight.com\/pl\/#website"},"datePublished":"2024-05-03T06:30:36+00:00","dateModified":"2024-11-14T09:03:19+00:00","description":"Skorzystaj z okazji, aby dostosowa\u0107 wtyczk\u0119 Recenzje rezerwacji ju\u017c teraz i zintegrowa\u0107 j\u0105 ze swoj\u0105 witryn\u0105 WooCommerce bezpo\u015brednio z wersji demonstracyjnej na \u017cywo.","breadcrumb":{"@id":"https:\/\/elfsight.com\/pl\/booking-reviews-widget\/woocommerce\/#breadcrumb"},"inLanguage":"pl-PL","potentialAction":[{"@type":"ReadAction","target":["https:\/\/elfsight.com\/pl\/booking-reviews-widget\/woocommerce\/"]}]},{"@type":"BreadcrumbList","@id":"https:\/\/elfsight.com\/pl\/booking-reviews-widget\/woocommerce\/#breadcrumb","itemListElement":[{"@type":"ListItem","position":1,"name":"Home","item":"https:\/\/elfsight.com\/pl\/"},{"@type":"ListItem","position":2,"name":"Booking Reviews","item":"https:\/\/elfsight.com\/pl\/booking-reviews-widget\/"},{"@type":"ListItem","position":3,"name":"Booking Reviews &#8211; WooCommerce"}]},{"@type":"WebSite","@id":"https:\/\/elfsight.com\/pl\/#website","url":"https:\/\/elfsight.com\/pl\/","name":"Elfsight PL","description":"Just another Elfsight Sites site","potentialAction":[{"@type":"SearchAction","target":{"@type":"EntryPoint","urlTemplate":"https:\/\/elfsight.com\/pl\/?s={search_term_string}"},"query-input":{"@type":"PropertyValueSpecification","valueRequired":true,"valueName":"search_term_string"}}],"inLanguage":"pl-PL"}]}},"meta_box":{"industry":"","seo_heading":"","heading":"","description":"","cta_heading":"","cta_description":"","application":"1360","h1":"Wtyczka WooCommerce Booking.com Recenzje","h1_caption":"Wy\u015bwietlaj recenzje z booking.com, aby przyci\u0105gn\u0105\u0107 wi\u0119cej go\u015bci, bez wysi\u0142ku pokazuj\u0105c pozytywne do\u015bwiadczenia poprzednich go\u015bci na swojej stronie WooCommerce.","application_category":[],"applications_title":"","applications_request_title":"","applications_request_button_text":"","hero_text":"","hero_video":"","hero_video_schema_markup":"","selling_points_title":"","selling_points_caption":"","selling_points":[],"selling_points_cta_text":"","features_title":"","features":"","ed_cta_examples_text":"","ed_cta_examples_hidden":"","ed_cta_demo_text":"","ed_cta_demo_hidden":"","why_caption":"","why_editor_title":"","why_editor_text":"","why_team_title":"","why_team_text":"","why_service_title":"","why_service_text":"","template_catalog_visible":"","template_catalog_title":"","template_catalog_text":"","template_catalog_categories_visible":"","demo_title":"Utw\u00f3rz aplikacj\u0119 Recenzje rezerwacji","demo_caption":"Skonfiguruj swoje recenzje rezerwacji i dodaj je za darmo do swojej witryny WooCommerce!","default_faq_hidden":"","app_template_category":[],"platform":"335","template_public_id":"","codecanyon_url":"","codecanyon_item_id":"","codecanyon_price":"","pricing_caption":"","pricing_elfsight_apps_hide_column":"","pricing_elfsight_apps_url":"","pricing_codecanyon_price_caption":"","integration_category":[],"integration_request_title":"","integration_request_cta":"","integration_platform":"","integrations":[],"platform_category":[],"video_schema_markup":"","price":"od 0 USD \/ miesi\u0105c","trial":"","benefits":[{"text":"Bezp\u0142atna us\u0142uga monta\u017cu"},{"text":"Wsparcie premium"},{"text":"14-dniowa gwarancja zwrotu pieni\u0119dzy"}],"button_url":"#demo","button_target_blank":"","button_nofollow":"","attributes":[{"name":"Instaluje"},{"name":"Czu\u0142y"},{"name":"Kompatybilne przegl\u0105darki"}],"tags":[],"tags_disable_links":"","hide_more_platforms":"","video_object":"","demo_hide_cta":"","demo_hide_cloud_options":"","pricing_title":"","pricing":[{"pricing_icon":"platform","pricing_title":"Elfsight Apps","pricing_title_caption":"Dedykowane i terminowe wsparcie oraz dobrze udokumentowane","pricing_price":"od 0 USD \/ miesi\u0105c","pricing_price_caption":"zacznij od bezp\u0142atnego planu","pricing_benefits":[{"text":"Nielimitowane strony internetowe"},{"text":"Dedykowane i terminowe wsparcie oraz dobrze udokumentowane"},{"text":"Bezp\u0142atne wsparcie instalacyjne"},{"text":"W pe\u0142ni konfigurowalny"}],"pricing_button_text":"Dodaj do witryny","pricing_button_url":"#demo"}],"related_apps_title":"","related_apps_hidden":"","author":"","image":[],"title":"","job":"","social_networks":[]},"_links":{"self":[{"href":"https:\/\/elfsight.com\/pl\/wp-json\/wp\/v2\/pages\/4462","targetHints":{"allow":["GET"]}}],"collection":[{"href":"https:\/\/elfsight.com\/pl\/wp-json\/wp\/v2\/pages"}],"about":[{"href":"https:\/\/elfsight.com\/pl\/wp-json\/wp\/v2\/types\/page"}],"author":[{"embeddable":true,"href":"https:\/\/elfsight.com\/pl\/wp-json\/wp\/v2\/users\/9"}],"replies":[{"embeddable":true,"href":"https:\/\/elfsight.com\/pl\/wp-json\/wp\/v2\/comments?post=4462"}],"version-history":[{"count":1,"href":"https:\/\/elfsight.com\/pl\/wp-json\/wp\/v2\/pages\/4462\/revisions"}],"predecessor-version":[{"id":4466,"href":"https:\/\/elfsight.com\/pl\/wp-json\/wp\/v2\/pages\/4462\/revisions\/4466"}],"up":[{"embeddable":true,"href":"https:\/\/elfsight.com\/pl\/wp-json\/wp\/v2\/pages\/1361"}],"wp:attachment":[{"href":"https:\/\/elfsight.com\/pl\/wp-json\/wp\/v2\/media?parent=4462"}],"curies":[{"name":"wp","href":"https:\/\/api.w.org\/{rel}","templated":true}]}}