{"id":4446,"date":"2024-05-03T06:30:28","date_gmt":"2024-05-03T06:30:28","guid":{"rendered":"https:\/\/elfsight.com\/pl\/?page_id=4446"},"modified":"2024-11-14T09:23:13","modified_gmt":"2024-11-14T09:23:13","slug":"blogger","status":"publish","type":"page","link":"https:\/\/elfsight.com\/pl\/before-and-after-slider-widget\/blogger\/","title":{"rendered":"Before and After Slider &#8211; Blogger"},"content":{"rendered":"<div class=\"application-platform-content-item-description application-platform-content-item\" id=\"description\" data-nav-section=\"description\"> <h2>Opis<\/h2> <p> Slider Przed i Po firmy Elfsight pomo\u017ce Ci skonfigurowa\u0107 zdumiewaj\u0105ce obrazy sprzeda\u017cowe dla Twojej witryny. Odwiedzaj\u0105cy b\u0119d\u0105 mogli zapozna\u0107 si\u0119 ze wszystkimi wynikami, jakie przedstawiaj\u0105 Twoje produkty lub us\u0142ugi. Wystarczy przes\u0142a\u0107 dwa zdj\u0119cia do suwaka \u201ePrzed i po\u201d w Bloggerze, a zostan\u0105 one wy\u015bwietlone z przegrod\u0105, kt\u00f3r\u0105 mo\u017cna przesuwa\u0107, aby umo\u017cliwi\u0107 por\u00f3wnanie. Mo\u017cesz dodawa\u0107 nieograniczon\u0105 liczb\u0119 slajd\u00f3w oraz podpisy i etykiety. Kierunek przesuwania mo\u017ce by\u0107 poziomy lub pionowy i mo\u017cna ustawi\u0107 najbardziej odpowiedni wsp\u00f3\u0142czynnik obrazu. Twoi odwiedzaj\u0105cy na pewno kupi\u0105, gdy tylko dowiedz\u0105 si\u0119 o rzeczywistej wydajno\u015bci| z Twoich ofert! <\/p> <p><b>Zwi\u0119ksz skuteczno\u015b\u0107 swojej witryny w przypadku odbiorc\u00f3w e-commerce dzi\u0119ki zdj\u0119ciom przed i po<\/b><\/p> <\/div> <div class=\"application-platform-content-item-features application-platform-content-item\" id=\"features\" data-nav-section=\"features\"> <h2>Znajd\u017a poni\u017cej podstawowe funkcje wid\u017cetu: <\/h2> <ul><li>Ukszta\u0142tuj dowoln\u0105 liczb\u0119 par zdj\u0119\u0107 przed i po<\/li> <li>Dodaj podpisy z formatowaniem tekstu do ka\u017cdego zdj\u0119cia<\/li><li>Dwa gotowe uk\u0142ady: Lista i Karuzela<\/li><li>Przesuwanie separatora w poziomie lub w pionie<\/li><li>Klikni\u0119cie i przeci\u0105gni\u0119cie lub po prostu najechanie, aby przesun\u0105\u0107 separator<\/li><li>Przesu\u0144 palcem na urz\u0105dzeniach z ekranem dotykowym<\/li><\/ul><p><a href=\"#demo\">Mo\u017cesz sprawdzi\u0107, jaki widget warto wypr\u00f3bowa\u0107 w wersji demonstracyjnej<\/a><\/p> <\/div> <div class=\"application-platform-content-item-installation application-platform-content-item\" id=\"installation\" data-nav-section=\"installation\"> <h2>Jak mog\u0119 doda\u0107 suwak \u201ePrzed\u201d i \u201ePo\u201d w mojej witrynie Bloggera? <\/h2> <div class=\"video-container\"><iframe width=\"720\" height=\"405\" src=\"https:\/\/www.youtube.com\/embed\/NRiliAwAMxI\" frameborder=\"0\" allowfullscreen=\"\"><\/iframe><\/div><p>Wystarczy zastosowa\u0107 si\u0119 do poni\u017cszych instrukcji, aby rozpocz\u0105\u0107 korzystanie z wtyczki. <\/p> <ol><li><b>Skorzystaj z naszego darmowego edytora i zacznij tworzy\u0107 sw\u00f3j w\u0142asny instrument. <\/b><br> Wybierz wybrany interfejs i parametry wid\u017cetu i zastosuj poprawki. <\/li> <li><b>Skopiuj sw\u00f3j indywidualny kod, kt\u00f3ry pojawi si\u0119 w oknie aplikacji Elfsight<\/b><br> Po zako\u0144czeniu tworzenia osobistego narz\u0119dzia skopiuj ekskluzywny kod z wy\u015bwietlonego pola i zapisz go na przysz\u0142e potrzeby. <\/li> <li><b>Rozpocznij korzystanie z wid\u017cetu w swojej witrynie Bloggera<\/b><br> Zaimplementuj zapisany ostatnio kod w swojej witrynie i zastosuj zmiany. <\/li> <li><b>Konfiguracja zosta\u0142a w pe\u0142ni wykonana<\/b><br> Przejd\u017a do swojej witryny, aby sprawdzi\u0107 dzia\u0142anie narz\u0119dzia. <\/li><\/ol> <p>Je\u015bli masz pytania lub napotkasz trudno\u015bci, nie b\u00f3j si\u0119 zwr\u00f3ci\u0107 si\u0119 do naszego zespo\u0142u obs\u0142ugi klienta. Nasi ludzie ch\u0119tnie pomog\u0105 Ci we wszystkich trudno\u015bciach, jakie mo\u017cesz napotka\u0107 w zwi\u0105zku z narz\u0119dziem. <\/p><div class=\"faq\" data-component=\"FAQ\"><div class=\"faq-item\">\r\n\t\t\t\t\t<div class=\"faq-item-question\">\r\n\t\t\t\t\t\t<h3 class=\"faq-item-question-text\">Jak mog\u0119 doda\u0107 suwak Przed i po do mojej witryny Bloggera bez umiej\u0119tno\u015bci kodowania?<\/h3>\r\n\r\n\t\t\t\t\t\t<div class=\"faq-item-question-icon\"><\/div>\r\n\t\t\t\t\t<\/div>\r\n\r\n\t\t\t\t\t<div class=\"faq-item-answer\">\r\n\t\t\t\t\t\t<div class=\"faq-item-answer-text\"> <p>Elfsight zapewnia rozwi\u0105zanie SaaS, kt\u00f3re umo\u017cliwia samodzielne utworzenie wid\u017cetu suwaka Przed i po , przekonaj si\u0119, jakie to proste: Pracuj bezpo\u015brednio w edytorze online, aby utworzy\u0107 wid\u017cet suwaka \u201ePrzed\u201d i \u201ePo\u201d, kt\u00f3ry chcesz zobaczy\u0107 w swojej witrynie Bloggera. Wybierz jeden z gotowych szablon\u00f3w i dostosuj ustawienia suwaka Przed i po, dodaj tre\u015b\u0107, zmie\u0144 uk\u0142ad i kolory bez umiej\u0119tno\u015bci kodowania. Zapisz suwak \u201ePrzed i po\u201d i skopiuj jego kod instalacyjny, aby m\u00f3c \u0142atwo doda\u0107 go do swojej witryny Bloggera bez konieczno\u015bci kupowania wersji p\u0142atnej. Dzi\u0119ki naszemu intuicyjnemu edytorowi ka\u017cdy u\u017cytkownik Internetu mo\u017ce utworzy\u0107 wid\u017cet suwaka \u201ePrzed i po\u201d online i \u0142atwo osadzi\u0107 go na swojej stronie Bloggera. Aby uzyska\u0107 dost\u0119p do us\u0142ugi, nie trzeba p\u0142aci\u0107 ani wprowadza\u0107 danych uwierzytelniaj\u0105cych karty. Je\u015bli na kt\u00f3rymkolwiek etapie napotkasz jakiekolwiek problemy, skontaktuj si\u0119 z naszym zespo\u0142em pomocy technicznej.<\/p> <\/div>\r\n\t\t\t\t\t<\/div>\r\n\t\t\t\t<\/div> <\/div> <\/div>","protected":false},"excerpt":{"rendered":"","protected":false},"author":9,"featured_media":0,"parent":2568,"menu_order":0,"comment_status":"closed","ping_status":"closed","template":"templates\/template-application-platform.php","meta":{"publish_to_discourse":"","publish_post_category":"","wpdc_auto_publish_overridden":"","wpdc_topic_tags":"","wpdc_pin_topic":"","wpdc_pin_until":"","discourse_post_id":"","discourse_permalink":"","wpdc_publishing_response":"","wpdc_publishing_error":"","footnotes":""},"class_list":["post-4446","page","type-page","status-publish","hentry"],"yoast_head":"<!-- This site is optimized with the Yoast SEO plugin v25.3.1 - https:\/\/yoast.com\/wordpress\/plugins\/seo\/ -->\n<title>Responsywny suwak obrazu przed i po dla witryny Bloggera<\/title>\n<meta name=\"description\" content=\"Skonfiguruj suwak \u201ePrzed\u201d i \u201ePo\u201d w witrynie Bloggera. Przetestuj w pe\u0142ni funkcjonaln\u0105 wersj\u0119 demonstracyjn\u0105 Elfsight i skonfiguruj sw\u00f3j w\u0142asny widget w ci\u0105gu zaledwie kilku sekund.\" \/>\n<meta name=\"robots\" content=\"index, follow, max-snippet:-1, max-image-preview:large, max-video-preview:-1\" \/>\n<link rel=\"canonical\" href=\"https:\/\/elfsight.com\/pl\/before-and-after-slider-widget\/blogger\/\" \/>\n<meta property=\"og:locale\" content=\"pl_PL\" \/>\n<meta property=\"og:type\" content=\"article\" \/>\n<meta property=\"og:title\" content=\"Responsywny suwak obrazu przed i po dla witryny Bloggera\" \/>\n<meta property=\"og:description\" content=\"Skonfiguruj suwak \u201ePrzed\u201d i \u201ePo\u201d w witrynie Bloggera. Przetestuj w pe\u0142ni funkcjonaln\u0105 wersj\u0119 demonstracyjn\u0105 Elfsight i skonfiguruj sw\u00f3j w\u0142asny widget w ci\u0105gu zaledwie kilku sekund.\" \/>\n<meta property=\"og:url\" content=\"https:\/\/elfsight.com\/pl\/before-and-after-slider-widget\/blogger\/\" \/>\n<meta property=\"og:site_name\" content=\"Elfsight PL\" \/>\n<meta property=\"article:modified_time\" content=\"2024-11-14T09:23:13+00:00\" \/>\n<meta name=\"twitter:card\" content=\"summary_large_image\" \/>\n<meta name=\"twitter:label1\" content=\"Szacowany czas czytania\" \/>\n\t<meta name=\"twitter:data1\" content=\"3 minuty\" \/>\n<!-- \/ Yoast SEO plugin. -->","yoast_head_json":{"title":"Responsywny suwak obrazu przed i po dla witryny Bloggera","description":"Skonfiguruj suwak \u201ePrzed\u201d i \u201ePo\u201d w witrynie Bloggera. Przetestuj w pe\u0142ni funkcjonaln\u0105 wersj\u0119 demonstracyjn\u0105 Elfsight i skonfiguruj sw\u00f3j w\u0142asny widget w ci\u0105gu zaledwie kilku sekund.","robots":{"index":"index","follow":"follow","max-snippet":"max-snippet:-1","max-image-preview":"max-image-preview:large","max-video-preview":"max-video-preview:-1"},"canonical":"https:\/\/elfsight.com\/pl\/before-and-after-slider-widget\/blogger\/","og_locale":"pl_PL","og_type":"article","og_title":"Responsywny suwak obrazu przed i po dla witryny Bloggera","og_description":"Skonfiguruj suwak \u201ePrzed\u201d i \u201ePo\u201d w witrynie Bloggera. Przetestuj w pe\u0142ni funkcjonaln\u0105 wersj\u0119 demonstracyjn\u0105 Elfsight i skonfiguruj sw\u00f3j w\u0142asny widget w ci\u0105gu zaledwie kilku sekund.","og_url":"https:\/\/elfsight.com\/pl\/before-and-after-slider-widget\/blogger\/","og_site_name":"Elfsight PL","article_modified_time":"2024-11-14T09:23:13+00:00","twitter_card":"summary_large_image","twitter_misc":{"Szacowany czas czytania":"3 minuty"},"schema":{"@context":"https:\/\/schema.org","@graph":[{"@type":"WebPage","@id":"https:\/\/elfsight.com\/pl\/before-and-after-slider-widget\/blogger\/","url":"https:\/\/elfsight.com\/pl\/before-and-after-slider-widget\/blogger\/","name":"Responsywny suwak obrazu przed i po dla witryny Bloggera","isPartOf":{"@id":"https:\/\/elfsight.com\/pl\/#website"},"datePublished":"2024-05-03T06:30:28+00:00","dateModified":"2024-11-14T09:23:13+00:00","description":"Skonfiguruj suwak \u201ePrzed\u201d i \u201ePo\u201d w witrynie Bloggera. Przetestuj w pe\u0142ni funkcjonaln\u0105 wersj\u0119 demonstracyjn\u0105 Elfsight i skonfiguruj sw\u00f3j w\u0142asny widget w ci\u0105gu zaledwie kilku sekund.","breadcrumb":{"@id":"https:\/\/elfsight.com\/pl\/before-and-after-slider-widget\/blogger\/#breadcrumb"},"inLanguage":"pl-PL","potentialAction":[{"@type":"ReadAction","target":["https:\/\/elfsight.com\/pl\/before-and-after-slider-widget\/blogger\/"]}]},{"@type":"BreadcrumbList","@id":"https:\/\/elfsight.com\/pl\/before-and-after-slider-widget\/blogger\/#breadcrumb","itemListElement":[{"@type":"ListItem","position":1,"name":"Home","item":"https:\/\/elfsight.com\/pl\/"},{"@type":"ListItem","position":2,"name":"Before and After Slider","item":"https:\/\/elfsight.com\/pl\/before-and-after-slider-widget\/"},{"@type":"ListItem","position":3,"name":"Before and After Slider &#8211; Blogger"}]},{"@type":"WebSite","@id":"https:\/\/elfsight.com\/pl\/#website","url":"https:\/\/elfsight.com\/pl\/","name":"Elfsight PL","description":"Just another Elfsight Sites site","potentialAction":[{"@type":"SearchAction","target":{"@type":"EntryPoint","urlTemplate":"https:\/\/elfsight.com\/pl\/?s={search_term_string}"},"query-input":{"@type":"PropertyValueSpecification","valueRequired":true,"valueName":"search_term_string"}}],"inLanguage":"pl-PL"}]}},"meta_box":{"industry":"","seo_heading":"","heading":"","description":"","cta_heading":"","cta_description":"","application":"2567","h1":"Suwak \u201eprzed i po\u201d dla Bloggera","h1_caption":"Prezentuj por\u00f3wnania dw\u00f3ch obraz\u00f3w, idealne do podkre\u015blenia transformacji lub \u0142atwego zaprezentowania zalet produktu w witrynie Bloggera.","application_category":[],"applications_title":"","applications_request_title":"","applications_request_button_text":"","hero_text":"","hero_video":"","hero_video_schema_markup":"","selling_points_title":"","selling_points_caption":"","selling_points":[],"selling_points_cta_text":"","features_title":"","features":"","ed_cta_examples_text":"","ed_cta_examples_hidden":"","ed_cta_demo_text":"","ed_cta_demo_hidden":"","why_caption":"","why_editor_title":"","why_editor_text":"","why_team_title":"","why_team_text":"","why_service_title":"","why_service_text":"","template_catalog_visible":"","template_catalog_title":"","template_catalog_text":"","template_catalog_categories_visible":"","demo_title":"Utw\u00f3rz wid\u017cet suwaka \u201ePrzed i po\u201d.","demo_caption":"Skonfiguruj suwak \u201ePrzed\u201d i \u201ePo\u201d i dodaj go bezp\u0142atnie do swojej witryny Bloggera!","default_faq_hidden":"","app_template_category":[],"platform":"44","template_public_id":"","codecanyon_url":"","codecanyon_item_id":"","codecanyon_price":"","pricing_caption":"","pricing_elfsight_apps_hide_column":"","pricing_elfsight_apps_url":"","pricing_codecanyon_price_caption":"","integration_category":[],"integration_request_title":"","integration_request_cta":"","integration_platform":"","integrations":[],"platform_category":[],"video_schema_markup":"","price":"od 0 USD \/ miesi\u0105c","trial":"","benefits":[{"text":"Bezp\u0142atna pomoc w monta\u017cu"},{"text":"Do\u015bwiadczona obs\u0142uga klienta"},{"text":"14-dniowa gwarancja zwrotu pieni\u0119dzy"}],"button_url":"#demo","button_target_blank":"","button_nofollow":"","attributes":[{"name":"Instaluje"},{"name":"Czu\u0142y"},{"name":"Kompatybilne przegl\u0105darki"}],"tags":[],"tags_disable_links":"","hide_more_platforms":"","video_object":"","demo_hide_cta":"","demo_hide_cloud_options":"","pricing_title":"","pricing":[{"pricing_icon":"platform","pricing_title":"Elfsight Apps","pricing_title_caption":"Wieloplatformowe rozwi\u0105zanie cyfrowe, kt\u00f3re dzia\u0142a na ka\u017cdej stronie internetowej","pricing_price":"od 0 USD \/ miesi\u0105c","pricing_price_caption":"zacznij od bezp\u0142atnego planu","pricing_benefits":[{"text":"Nielimitowane strony internetowe"},{"text":"Szybka pomoc firmy i dobrze udokumentowana"},{"text":"Bezp\u0142atna pomoc w instalacji"},{"text":"W pe\u0142ni konfigurowalny"}],"pricing_button_text":"Dodaj do witryny","pricing_button_url":"#demo"}],"related_apps_title":"","related_apps_hidden":"","author":"","image":[],"title":"","job":"","social_networks":[]},"_links":{"self":[{"href":"https:\/\/elfsight.com\/pl\/wp-json\/wp\/v2\/pages\/4446","targetHints":{"allow":["GET"]}}],"collection":[{"href":"https:\/\/elfsight.com\/pl\/wp-json\/wp\/v2\/pages"}],"about":[{"href":"https:\/\/elfsight.com\/pl\/wp-json\/wp\/v2\/types\/page"}],"author":[{"embeddable":true,"href":"https:\/\/elfsight.com\/pl\/wp-json\/wp\/v2\/users\/9"}],"replies":[{"embeddable":true,"href":"https:\/\/elfsight.com\/pl\/wp-json\/wp\/v2\/comments?post=4446"}],"version-history":[{"count":2,"href":"https:\/\/elfsight.com\/pl\/wp-json\/wp\/v2\/pages\/4446\/revisions"}],"predecessor-version":[{"id":7682,"href":"https:\/\/elfsight.com\/pl\/wp-json\/wp\/v2\/pages\/4446\/revisions\/7682"}],"up":[{"embeddable":true,"href":"https:\/\/elfsight.com\/pl\/wp-json\/wp\/v2\/pages\/2568"}],"wp:attachment":[{"href":"https:\/\/elfsight.com\/pl\/wp-json\/wp\/v2\/media?parent=4446"}],"curies":[{"name":"wp","href":"https:\/\/api.w.org\/{rel}","templated":true}]}}