{"id":4437,"date":"2024-05-03T06:30:23","date_gmt":"2024-05-03T06:30:23","guid":{"rendered":"https:\/\/elfsight.com\/pl\/?page_id=4437"},"modified":"2024-11-14T09:23:05","modified_gmt":"2024-11-14T09:23:05","slug":"jquery","status":"publish","type":"page","link":"https:\/\/elfsight.com\/pl\/before-and-after-slider-widget\/jquery\/","title":{"rendered":"Before and After Slider &#8211; jQuery"},"content":{"rendered":"<div class=\"application-platform-content-item-description application-platform-content-item\" id=\"description\" data-nav-section=\"description\"> <h2>Opis<\/h2> <p> Slider Przed i Po firmy Elfsight pozwoli Ci stworzy\u0107 niesamowicie sprzedaj\u0105ce si\u0119 zdj\u0119cia dla Twojej witryny. Klienci b\u0119d\u0105 mogli pozna\u0107 wszystkie zmiany, jakie wprowadzaj\u0105 Twoje towary lub us\u0142ugi. Po prostu prze\u015blij zdj\u0119cia przed i po do suwaka \u201ePrzed i po\u201d dla jQuery, a zostan\u0105 one pokazane z przegrod\u0105, kt\u00f3r\u0105 mo\u017cna przesun\u0105\u0107 kamer\u0105, aby wykry\u0107 zmian\u0119. Mo\u017cesz tworzy\u0107 nieograniczon\u0105 liczb\u0119 slajd\u00f3w, ka\u017cdy z w\u0142asnym podpisem. Orientacja rozdzielacza oferuje dwie opcje: poziom\u0105 lub pionow\u0105, a Ty mo\u017cesz wybra\u0107 najbardziej odpowiedni wsp\u00f3\u0142czynnik obrazu. Twoi odwiedzaj\u0105cy na pewno kupi\u0105, gdy dowiedz\u0105 si\u0119 o rzeczywistej skuteczno\u015bci| z Twoich ofert! <\/p> <p><b>Wstaw przed &amp; po suwaku, aby szybciej realizowa\u0107 swoje wyzwania biznesowe! <\/b><\/p> <\/div> <div class=\"application-platform-content-item-features application-platform-content-item\" id=\"features\" data-nav-section=\"features\"> <h2>Wy\u015bwietl list\u0119 najcenniejszych funkcji: <\/h2> <ul><li>Dodaj dowoln\u0105 liczb\u0119 zestaw\u00f3w Przed i Po obraz\u00f3w<\/li> <li>Dodaj podpisy w formacie tekstowym do ka\u017cdego obrazu<\/li><li>Dwa uk\u0142ady: lista i karuzela<\/li><li>Pozioma lub pionowa orientacja separatora<\/li><li>Klikni\u0119cie i przeci\u0105gni\u0119cie lub po prostu najechanie kursorem, aby przesun\u0105\u0107 podzia\u0142k\u0119<\/li><li>Przesuwanie na ekranach dotykowych<\/li><\/ul><p><a href=\"#demo\">Mo\u017cesz sprawdzi\u0107, czy wid\u017cet jest przeznaczony przy pomocy wersji demonstracyjnej<\/a><\/p> <\/div> <div class=\"application-platform-content-item-installation application-platform-content-item\" id=\"installation\" data-nav-section=\"installation\"> <h2>Jak doda\u0107 suwak por\u00f3wnania na mojej stronie jQuery? <\/h2> <p>Wystarczy wykona\u0107 poni\u017csze kroki, aby aktywowa\u0107 wid\u017cet. <\/p> <ol><li><b>Otw\u00f3rz nasz darmowy edytor i zacznij tworzy\u0107 w\u0142asn\u0105 wtyczk\u0119. <\/b><br> Okre\u015bl preferowany uk\u0142ad i cechy funkcjonalne wid\u017cetu i zastosuj modyfikacje. <\/li> <li><b>Zdob\u0105d\u017a unikalny kod pojawiaj\u0105cy si\u0119 w polu aplikacji Elfsight<\/b><br> Zaraz po zako\u0144czeniu tworzenia wtyczki skopiuj kod osobisty w wy\u015bwietlonym oknie i zapisz go do p\u00f3\u017aniejsza okazja. <\/li> <li><b>Rozpocznij korzystanie z narz\u0119dzia na swojej stronie jQuery<\/b><br> Zintegruj zapisany wcze\u015bniej kod w swojej witrynie i zastosuj poprawki. <\/li> <li><b>Gotowe! Integracja zosta\u0142a w pe\u0142ni wykonana.<\/b><br> Przejd\u017a na swoj\u0105 stron\u0119 internetow\u0105 i sprawd\u017a dzia\u0142anie wtyczki. <\/li><\/ol> <p>Je\u015bli masz pytania lub napotkasz przeszkody, nie wahaj si\u0119 i z\u0142\u00f3\u017c wniosek do naszego personelu pomocniczego. Nasi ludzie z przyjemno\u015bci\u0105 rozwi\u0105\u017c\u0105 wszystkie problemy, jakie mo\u017cesz mie\u0107 z wid\u017cetem. <\/p> <\/div><div class=\"faq\" data-component=\"FAQ\"><div class=\"faq-item\">\r\n\t\t\t\t\t<div class=\"faq-item-question\">\r\n\t\t\t\t\t\t<h3 class=\"faq-item-question-text\">W jaki spos\u00f3b mog\u0119 osadzi\u0107 suwak przed i po w mojej witrynie jQuery?<\/h3>\r\n\r\n\t\t\t\t\t\t<div class=\"faq-item-question-icon\"><\/div>\r\n\t\t\t\t\t<\/div>\r\n\r\n\t\t\t\t\t<div class=\"faq-item-answer\">\r\n\t\t\t\t\t\t<div class=\"faq-item-answer-text\"><p>Podstawa Narz\u0119dzie odbywa si\u0119 w ramach us\u0142ugi Elfsight i nie musisz uczy\u0107 si\u0119 kodowania. Skorzystaj z aktywnego demo, aby ukszta\u0142towa\u0107 swoje narz\u0119dzie, zdoby\u0107 kod i zintegrowa\u0107 go ze swoj\u0105 witryn\u0105. <\/p><\/div>\r\n\t\t\t\t\t<\/div>\r\n\t\t\t\t<\/div><div class=\"faq-item\">\r\n\t\t\t\t\t<div class=\"faq-item-question\">\r\n\t\t\t\t\t\t<h3 class=\"faq-item-question-text\">Najlepsze przyk\u0142ady wykorzystania integracji por\u00f3wnywania obraz\u00f3w<\/h3>\r\n\r\n\t\t\t\t\t\t<div class=\"faq-item-question-icon\"><\/div>\r\n\t\t\t\t\t<\/div>\r\n\r\n\t\t\t\t\t<div class=\"faq-item-answer\">\r\n\t\t\t\t\t\t<div class=\"faq-item-answer-text\"><p>Zapewnimy Ci wiele mo\u017cliwo\u015bci dostosowania: pe\u0142nowymiarowe wid\u017cety do osadzania w sekcj\u0119 tre\u015bci, p\u0142ywaj\u0105ce wtyczki do przewijania, uk\u0142ady stopki, nag\u0142\u00f3wka i wszelkiego rodzaju pionowe mo\u017cliwo\u015bci pask\u00f3w bocznych i menu. <\/p><\/div>\r\n\t\t\t\t\t<\/div>\r\n\t\t\t\t<\/div><div class=\"faq-item\">\r\n\t\t\t\t\t<div class=\"faq-item-question\">\r\n\t\t\t\t\t\t<h3 class=\"faq-item-question-text\">Czy istnieje mo\u017cliwo\u015b\u0107 stworzenia suwaka por\u00f3wnania produkt\u00f3w lub listy prac za po\u015brednictwem Twojego redaktora?<\/h3>\r\n\r\n\t\t\t\t\t\t<div class=\"faq-item-question-icon\"><\/div>\r\n\t\t\t\t\t<\/div>\r\n\r\n\t\t\t\t\t<div class=\"faq-item-answer\">\r\n\t\t\t\t\t\t<div class=\"faq-item-answer-text\"><p>Mo\u017cesz zbudowa\u0107 dowolne modyfikacje widgetu. W edytorze dost\u0119pnych jest wiele uk\u0142ad\u00f3w, a ka\u017cdy z nich mo\u017cna \u0142atwo spersonalizowa\u0107 wed\u0142ug w\u0142asnych potrzeb. <\/p><\/div>\r\n\t\t\t\t\t<\/div>\r\n\t\t\t\t<\/div><\/div>","protected":false},"excerpt":{"rendered":"","protected":false},"author":9,"featured_media":0,"parent":2568,"menu_order":0,"comment_status":"closed","ping_status":"closed","template":"templates\/template-application-platform.php","meta":{"publish_to_discourse":"","publish_post_category":"","wpdc_auto_publish_overridden":"","wpdc_topic_tags":"","wpdc_pin_topic":"","wpdc_pin_until":"","discourse_post_id":"","discourse_permalink":"","wpdc_publishing_response":"","wpdc_publishing_error":"","footnotes":""},"class_list":["post-4437","page","type-page","status-publish","hentry"],"yoast_head":"<!-- This site is optimized with the Yoast SEO plugin v25.3.1 - https:\/\/yoast.com\/wordpress\/plugins\/seo\/ -->\n<title>Responsywny suwak obrazu przed i po dla witryny jQuery<\/title>\n<meta name=\"description\" content=\"Skonfiguruj wid\u017cet Slider Przed i Po na swojej stronie internetowej jQuery. Sprawd\u017a w pe\u0142ni funkcjonaln\u0105 wersj\u0119 demonstracyjn\u0105 Elfsight i stw\u00f3rz w\u0142asn\u0105 wtyczk\u0119 za pomoc\u0105 zaledwie 2 klikni\u0119\u0107.\" \/>\n<meta name=\"robots\" content=\"index, follow, max-snippet:-1, max-image-preview:large, max-video-preview:-1\" \/>\n<link rel=\"canonical\" href=\"https:\/\/elfsight.com\/pl\/before-and-after-slider-widget\/jquery\/\" \/>\n<meta property=\"og:locale\" content=\"pl_PL\" \/>\n<meta property=\"og:type\" content=\"article\" \/>\n<meta property=\"og:title\" content=\"Responsywny suwak obrazu przed i po dla witryny jQuery\" \/>\n<meta property=\"og:description\" content=\"Skonfiguruj wid\u017cet Slider Przed i Po na swojej stronie internetowej jQuery. Sprawd\u017a w pe\u0142ni funkcjonaln\u0105 wersj\u0119 demonstracyjn\u0105 Elfsight i stw\u00f3rz w\u0142asn\u0105 wtyczk\u0119 za pomoc\u0105 zaledwie 2 klikni\u0119\u0107.\" \/>\n<meta property=\"og:url\" content=\"https:\/\/elfsight.com\/pl\/before-and-after-slider-widget\/jquery\/\" \/>\n<meta property=\"og:site_name\" content=\"Elfsight PL\" \/>\n<meta property=\"article:modified_time\" content=\"2024-11-14T09:23:05+00:00\" \/>\n<meta name=\"twitter:card\" content=\"summary_large_image\" \/>\n<meta name=\"twitter:label1\" content=\"Szacowany czas czytania\" \/>\n\t<meta name=\"twitter:data1\" content=\"3 minuty\" \/>\n<!-- \/ Yoast SEO plugin. -->","yoast_head_json":{"title":"Responsywny suwak obrazu przed i po dla witryny jQuery","description":"Skonfiguruj wid\u017cet Slider Przed i Po na swojej stronie internetowej jQuery. Sprawd\u017a w pe\u0142ni funkcjonaln\u0105 wersj\u0119 demonstracyjn\u0105 Elfsight i stw\u00f3rz w\u0142asn\u0105 wtyczk\u0119 za pomoc\u0105 zaledwie 2 klikni\u0119\u0107.","robots":{"index":"index","follow":"follow","max-snippet":"max-snippet:-1","max-image-preview":"max-image-preview:large","max-video-preview":"max-video-preview:-1"},"canonical":"https:\/\/elfsight.com\/pl\/before-and-after-slider-widget\/jquery\/","og_locale":"pl_PL","og_type":"article","og_title":"Responsywny suwak obrazu przed i po dla witryny jQuery","og_description":"Skonfiguruj wid\u017cet Slider Przed i Po na swojej stronie internetowej jQuery. Sprawd\u017a w pe\u0142ni funkcjonaln\u0105 wersj\u0119 demonstracyjn\u0105 Elfsight i stw\u00f3rz w\u0142asn\u0105 wtyczk\u0119 za pomoc\u0105 zaledwie 2 klikni\u0119\u0107.","og_url":"https:\/\/elfsight.com\/pl\/before-and-after-slider-widget\/jquery\/","og_site_name":"Elfsight PL","article_modified_time":"2024-11-14T09:23:05+00:00","twitter_card":"summary_large_image","twitter_misc":{"Szacowany czas czytania":"3 minuty"},"schema":{"@context":"https:\/\/schema.org","@graph":[{"@type":"WebPage","@id":"https:\/\/elfsight.com\/pl\/before-and-after-slider-widget\/jquery\/","url":"https:\/\/elfsight.com\/pl\/before-and-after-slider-widget\/jquery\/","name":"Responsywny suwak obrazu przed i po dla witryny jQuery","isPartOf":{"@id":"https:\/\/elfsight.com\/pl\/#website"},"datePublished":"2024-05-03T06:30:23+00:00","dateModified":"2024-11-14T09:23:05+00:00","description":"Skonfiguruj wid\u017cet Slider Przed i Po na swojej stronie internetowej jQuery. Sprawd\u017a w pe\u0142ni funkcjonaln\u0105 wersj\u0119 demonstracyjn\u0105 Elfsight i stw\u00f3rz w\u0142asn\u0105 wtyczk\u0119 za pomoc\u0105 zaledwie 2 klikni\u0119\u0107.","breadcrumb":{"@id":"https:\/\/elfsight.com\/pl\/before-and-after-slider-widget\/jquery\/#breadcrumb"},"inLanguage":"pl-PL","potentialAction":[{"@type":"ReadAction","target":["https:\/\/elfsight.com\/pl\/before-and-after-slider-widget\/jquery\/"]}]},{"@type":"BreadcrumbList","@id":"https:\/\/elfsight.com\/pl\/before-and-after-slider-widget\/jquery\/#breadcrumb","itemListElement":[{"@type":"ListItem","position":1,"name":"Home","item":"https:\/\/elfsight.com\/pl\/"},{"@type":"ListItem","position":2,"name":"Before and After Slider","item":"https:\/\/elfsight.com\/pl\/before-and-after-slider-widget\/"},{"@type":"ListItem","position":3,"name":"Before and After Slider &#8211; jQuery"}]},{"@type":"WebSite","@id":"https:\/\/elfsight.com\/pl\/#website","url":"https:\/\/elfsight.com\/pl\/","name":"Elfsight PL","description":"Just another Elfsight Sites site","potentialAction":[{"@type":"SearchAction","target":{"@type":"EntryPoint","urlTemplate":"https:\/\/elfsight.com\/pl\/?s={search_term_string}"},"query-input":{"@type":"PropertyValueSpecification","valueRequired":true,"valueName":"search_term_string"}}],"inLanguage":"pl-PL"}]}},"meta_box":{"industry":"","seo_heading":"","heading":"","description":"","cta_heading":"","cta_description":"","application":"2567","h1":"Suwak Przed i Po dla jQuery","h1_caption":"Przedstaw por\u00f3wnania dw\u00f3ch obraz\u00f3w, idealne do podkre\u015blenia transformacji lub \u0142atwego zaprezentowania zalet produktu w witrynie jQuery.","application_category":[],"applications_title":"","applications_request_title":"","applications_request_button_text":"","hero_text":"","hero_video":"","hero_video_schema_markup":"","selling_points_title":"","selling_points_caption":"","selling_points":[],"selling_points_cta_text":"","features_title":"","features":"","ed_cta_examples_text":"","ed_cta_examples_hidden":"","ed_cta_demo_text":"","ed_cta_demo_hidden":"","why_caption":"","why_editor_title":"","why_editor_text":"","why_team_title":"","why_team_text":"","why_service_title":"","why_service_text":"","template_catalog_visible":"","template_catalog_title":"","template_catalog_text":"","template_catalog_categories_visible":"","demo_title":"Utw\u00f3rz wtyczk\u0119 \u201ePrzed i po\u201d suwaka","demo_caption":"Skonfiguruj suwak \u201ePrzed i Po\u201d i dodaj go za darmo do swojej witryny jQuery!","default_faq_hidden":"","app_template_category":[],"platform":"56","template_public_id":"","codecanyon_url":"","codecanyon_item_id":"","codecanyon_price":"","pricing_caption":"","pricing_elfsight_apps_hide_column":"","pricing_elfsight_apps_url":"","pricing_codecanyon_price_caption":"","integration_category":[],"integration_request_title":"","integration_request_cta":"","integration_platform":"","integrations":[],"platform_category":[],"video_schema_markup":"","price":"od 0 USD \/ miesi\u0105c","trial":"","benefits":[{"text":"Bezp\u0142atna pomoc w monta\u017cu"},{"text":"Profesjonalna obs\u0142uga klienta"},{"text":"14-dniowa gwarancja zwrotu pieni\u0119dzy"}],"button_url":"#demo","button_target_blank":"","button_nofollow":"","attributes":[{"name":"Instaluje"},{"name":"Czu\u0142y"},{"name":"Kompatybilne przegl\u0105darki"}],"tags":[],"tags_disable_links":"","hide_more_platforms":"","video_object":"","demo_hide_cta":"","demo_hide_cloud_options":"","pricing_title":"","pricing":[{"pricing_icon":"platform","pricing_title":"Elfsight Apps","pricing_title_caption":"Oprogramowanie wieloplatformowe, kt\u00f3re pasuje do ka\u017cdej witryny internetowej","pricing_price":"od 0 USD \/ miesi\u0105c","pricing_price_caption":"zacznij od bezp\u0142atnego planu","pricing_benefits":[{"text":"Nielimitowane domeny"},{"text":"Wsparcie 24\/7"},{"text":"Bezp\u0142atna pomoc w monta\u017cu"},{"text":"W pe\u0142ni konfigurowalny"}],"pricing_button_text":"Dodaj do witryny","pricing_button_url":"#demo"}],"related_apps_title":"","related_apps_hidden":"","author":"","image":[],"title":"","job":"","social_networks":[]},"_links":{"self":[{"href":"https:\/\/elfsight.com\/pl\/wp-json\/wp\/v2\/pages\/4437","targetHints":{"allow":["GET"]}}],"collection":[{"href":"https:\/\/elfsight.com\/pl\/wp-json\/wp\/v2\/pages"}],"about":[{"href":"https:\/\/elfsight.com\/pl\/wp-json\/wp\/v2\/types\/page"}],"author":[{"embeddable":true,"href":"https:\/\/elfsight.com\/pl\/wp-json\/wp\/v2\/users\/9"}],"replies":[{"embeddable":true,"href":"https:\/\/elfsight.com\/pl\/wp-json\/wp\/v2\/comments?post=4437"}],"version-history":[{"count":1,"href":"https:\/\/elfsight.com\/pl\/wp-json\/wp\/v2\/pages\/4437\/revisions"}],"predecessor-version":[{"id":4441,"href":"https:\/\/elfsight.com\/pl\/wp-json\/wp\/v2\/pages\/4437\/revisions\/4441"}],"up":[{"embeddable":true,"href":"https:\/\/elfsight.com\/pl\/wp-json\/wp\/v2\/pages\/2568"}],"wp:attachment":[{"href":"https:\/\/elfsight.com\/pl\/wp-json\/wp\/v2\/media?parent=4437"}],"curies":[{"name":"wp","href":"https:\/\/api.w.org\/{rel}","templated":true}]}}