{"id":4432,"date":"2024-05-03T06:30:22","date_gmt":"2024-05-03T06:30:22","guid":{"rendered":"https:\/\/elfsight.com\/pl\/?page_id=4432"},"modified":"2024-11-14T09:22:57","modified_gmt":"2024-11-14T09:22:57","slug":"iframe","status":"publish","type":"page","link":"https:\/\/elfsight.com\/pl\/before-and-after-slider-widget\/iframe\/","title":{"rendered":"Before and After Slider &#8211; iFrame"},"content":{"rendered":"<div class=\"application-platform-content-item-description application-platform-content-item\" id=\"description\" data-nav-section=\"description\"> <h2>Osad\u017a suwak przed i po w iFrame za pomoc\u0105 wid\u017cetu Elfsight<\/h2> <p> Suwak przed i po firmy Elfsight umo\u017cliwia komponowanie zdumiewaj\u0105cych materia\u0142\u00f3w promocyjnych zdj\u0119cia do Twojej witryny. Klienci mog\u0105 przegl\u0105da\u0107 wszystkie wyniki, jakie osi\u0105gaj\u0105 Twoje produkty lub us\u0142ugi. Po prostu prze\u015blij zdj\u0119cia przed i po do suwaka \u201ePrzed i po\u201d dla iFrame, a zostan\u0105 one pokazane z ruchomym rozdzielaczem, aby zobaczy\u0107 zmian\u0119. Mo\u017cesz tworzy\u0107 nieograniczon\u0105 liczb\u0119 par zdj\u0119\u0107, ka\u017cde z w\u0142asnym podpisem. Kierunek podzia\u0142u mo\u017ce by\u0107 poziomy lub pionowy i mo\u017cna ustawi\u0107 najlepszy wsp\u00f3\u0142czynnik obrazu. Twoi u\u017cytkownicy nie uciekn\u0105 od zakupu, gdy tylko zobacz\u0105 prawdziwy wynik| z Twoich ofert! <\/p> <p><b>Dzi\u0119ki suwakowi przed i po mo\u017cesz zobaczy\u0107 solidny rozw\u00f3j firmy i wi\u0119ksz\u0105 sprzeda\u017c <\/b><\/p> <\/div> <div class=\"application-platform-content-item-features application-platform-content-item\" id=\"features\" data-nav-section=\"features\"> <h2>To tylko kilka z pot\u0119\u017cnych funkcji wid\u017cetu: <\/h2> <ul><li>Poka\u017c nieograniczon\u0105 liczb\u0119 zestaw\u00f3w obraz\u00f3w przed i po<\/li> <li>Dodaj podpisy z ustawieniami formatowania tekstu do ka\u017cdego zestawu<\/li><li>Dwa uk\u0142ady: Lista i karuzela<\/li><li>Przesuwanie separatora w poziomie lub w pionie<\/li><li>Klikni\u0119cie i przeci\u0105gni\u0119cie lub po prostu najechanie kursorem, aby przesun\u0105\u0107 separator<\/li><li>Przesuwanie na urz\u0105dzeniach z ekranem dotykowym<\/li> <\/ul><p><a href=\"#demo\">W tym miejscu mo\u017cesz zapozna\u0107 si\u0119 z pe\u0142nymi mo\u017cliwo\u015bciami wid\u017cetu<\/a><\/p> <\/div> <div class=\"application-platform-content-item-installation application-platform-content-item\" id=\"installation\" data-nav-section=\"installation\"> <h2>Jak doda\u0107 suwak \u201ePrzed\u201d i \u201ePo\u201d do mojej witryny iFrame? <\/h2> <p>Wystarczy zastosowa\u0107 si\u0119 do poni\u017cszych instrukcji, aby doda\u0107 narz\u0119dzie. <\/p> <ol><li><b>Uruchom nasz darmowy edytor i zacznij tworzy\u0107 swoj\u0105 unikaln\u0105 wtyczk\u0119. <\/b><br> Okre\u015bl niestandardow\u0105 form\u0119 i parametry wtyczki i zastosuj modyfikacje. <\/li> <li><b>Odbierz sw\u00f3j osobisty kod, kt\u00f3ry pojawi si\u0119 w oknie aplikacji Elfsight<\/b><br> Po zako\u0144czeniu tworzenia osobistej wtyczki skopiuj kod osobisty z wy\u015bwietlonego okna i zachowaj go do p\u00f3\u017aniejszego wykorzystania. <\/li> <li><b>Wpisz ch\u0119\u0107 korzystania z wid\u017cetu w swojej witrynie iFrame<\/b><br> Wklej kod, kt\u00f3ry ostatnio zapisa\u0142e\u015b w swojej witrynie i zastosuj zmiany. <\/li> <li><b>Instalacja zosta\u0142a ca\u0142kowicie zako\u0144czona<\/b><br> Przejd\u017a do swojej witryny, aby sprawdzi\u0107 dzia\u0142anie wid\u017cetu. <\/li><\/ol> <p>Je\u015bli masz pytania lub napotkasz jakiekolwiek komplikacje, bez wahania napisz do naszego personelu obs\u0142ugi klienta. Nasi specjali\u015bci ch\u0119tnie rozwi\u0105\u017c\u0105 wszystkie problemy, jakie mo\u017cesz mie\u0107 z wtyczk\u0105. <\/p> <div class=\"faq\" data-component=\"FAQ\"><div class=\"faq-item\">\r\n\t\t\t\t\t<div class=\"faq-item-question\">\r\n\t\t\t\t\t\t<h3 class=\"faq-item-question-text\">Jak mog\u0119 doda\u0107 suwak Przed i po do mojej witryny iFrame bez umiej\u0119tno\u015bci kodowania?<\/h3>\r\n\r\n\t\t\t\t\t\t<div class=\"faq-item-question-icon\"><\/div>\r\n\t\t\t\t\t<\/div>\r\n\r\n\t\t\t\t\t<div class=\"faq-item-answer\">\r\n\t\t\t\t\t\t<div class=\"faq-item-answer-text\"> <p>Elfsight zapewnia rozwi\u0105zanie SaaS, kt\u00f3re pozwala Ci samodzielnie utworzy\u0107 wid\u017cet suwaka Przed i Po , przekonaj si\u0119, jak \u0142atwy jest ten proces: Pracuj bezpo\u015brednio w edytorze online, aby utworzy\u0107 wid\u017cet suwaka Przed i Po, kt\u00f3ry chcesz zobaczy\u0107 w swojej witrynie iFrame. Wybierz jeden z gotowych szablon\u00f3w i dostosuj ustawienia suwaka Przed i po, dodaj tre\u015b\u0107, zmie\u0144 uk\u0142ad i kolory bez umiej\u0119tno\u015bci kodowania. Zapisz suwak Przed i po i skopiuj jego kod instalacyjny, kt\u00f3ry mo\u017cesz \u0142atwo wklei\u0107 na swojej stronie iFrame bez konieczno\u015bci zakupu p\u0142atnej subskrypcji. Dzi\u0119ki naszemu intuicyjnemu edytorowi ka\u017cdy u\u017cytkownik Internetu mo\u017ce utworzy\u0107 wid\u017cet suwaka \u201ePrzed i po\u201d online i \u0142atwo osadzi\u0107 go na swojej stronie internetowej iFrame. Aby uzyska\u0107 dost\u0119p do us\u0142ugi, nie trzeba p\u0142aci\u0107 ani wprowadza\u0107 danych uwierzytelniaj\u0105cych karty. Je\u015bli na kt\u00f3rymkolwiek etapie napotkasz jakiekolwiek problemy, skontaktuj si\u0119 z naszym zespo\u0142em pomocy technicznej.<\/p> <\/div>\r\n\t\t\t\t\t<\/div>\r\n\t\t\t\t<\/div> <\/div><\/div>","protected":false},"excerpt":{"rendered":"","protected":false},"author":9,"featured_media":0,"parent":2568,"menu_order":0,"comment_status":"closed","ping_status":"closed","template":"templates\/template-application-platform.php","meta":{"publish_to_discourse":"","publish_post_category":"","wpdc_auto_publish_overridden":"","wpdc_topic_tags":"","wpdc_pin_topic":"","wpdc_pin_until":"","discourse_post_id":"","discourse_permalink":"","wpdc_publishing_response":"","wpdc_publishing_error":"","footnotes":""},"class_list":["post-4432","page","type-page","status-publish","hentry"],"yoast_head":"<!-- This site is optimized with the Yoast SEO plugin v25.3.1 - https:\/\/yoast.com\/wordpress\/plugins\/seo\/ -->\n<title>Responsywny suwak obrazu przed i po dla witryny iFrame<\/title>\n<meta name=\"description\" content=\"Umie\u015b\u0107 anga\u017cuj\u0105cy wid\u017cet suwaka \u201ePrzed i po\u201d na swojej stronie internetowej iFrame. Sprawd\u017a bezp\u0142atn\u0105 wersj\u0119 demonstracyjn\u0105 Elfsight i zaprojektuj sw\u00f3j w\u0142asny widget w zaledwie 2 sekundy\" \/>\n<meta name=\"robots\" content=\"index, follow, max-snippet:-1, max-image-preview:large, max-video-preview:-1\" \/>\n<link rel=\"canonical\" href=\"https:\/\/elfsight.com\/pl\/before-and-after-slider-widget\/iframe\/\" \/>\n<meta property=\"og:locale\" content=\"pl_PL\" \/>\n<meta property=\"og:type\" content=\"article\" \/>\n<meta property=\"og:title\" content=\"Responsywny suwak obrazu przed i po dla witryny iFrame\" \/>\n<meta property=\"og:description\" content=\"Umie\u015b\u0107 anga\u017cuj\u0105cy wid\u017cet suwaka \u201ePrzed i po\u201d na swojej stronie internetowej iFrame. Sprawd\u017a bezp\u0142atn\u0105 wersj\u0119 demonstracyjn\u0105 Elfsight i zaprojektuj sw\u00f3j w\u0142asny widget w zaledwie 2 sekundy\" \/>\n<meta property=\"og:url\" content=\"https:\/\/elfsight.com\/pl\/before-and-after-slider-widget\/iframe\/\" \/>\n<meta property=\"og:site_name\" content=\"Elfsight PL\" \/>\n<meta property=\"article:modified_time\" content=\"2024-11-14T09:22:57+00:00\" \/>\n<meta name=\"twitter:card\" content=\"summary_large_image\" \/>\n<meta name=\"twitter:label1\" content=\"Szacowany czas czytania\" \/>\n\t<meta name=\"twitter:data1\" content=\"3 minuty\" \/>\n<!-- \/ Yoast SEO plugin. -->","yoast_head_json":{"title":"Responsywny suwak obrazu przed i po dla witryny iFrame","description":"Umie\u015b\u0107 anga\u017cuj\u0105cy wid\u017cet suwaka \u201ePrzed i po\u201d na swojej stronie internetowej iFrame. Sprawd\u017a bezp\u0142atn\u0105 wersj\u0119 demonstracyjn\u0105 Elfsight i zaprojektuj sw\u00f3j w\u0142asny widget w zaledwie 2 sekundy","robots":{"index":"index","follow":"follow","max-snippet":"max-snippet:-1","max-image-preview":"max-image-preview:large","max-video-preview":"max-video-preview:-1"},"canonical":"https:\/\/elfsight.com\/pl\/before-and-after-slider-widget\/iframe\/","og_locale":"pl_PL","og_type":"article","og_title":"Responsywny suwak obrazu przed i po dla witryny iFrame","og_description":"Umie\u015b\u0107 anga\u017cuj\u0105cy wid\u017cet suwaka \u201ePrzed i po\u201d na swojej stronie internetowej iFrame. Sprawd\u017a bezp\u0142atn\u0105 wersj\u0119 demonstracyjn\u0105 Elfsight i zaprojektuj sw\u00f3j w\u0142asny widget w zaledwie 2 sekundy","og_url":"https:\/\/elfsight.com\/pl\/before-and-after-slider-widget\/iframe\/","og_site_name":"Elfsight PL","article_modified_time":"2024-11-14T09:22:57+00:00","twitter_card":"summary_large_image","twitter_misc":{"Szacowany czas czytania":"3 minuty"},"schema":{"@context":"https:\/\/schema.org","@graph":[{"@type":"WebPage","@id":"https:\/\/elfsight.com\/pl\/before-and-after-slider-widget\/iframe\/","url":"https:\/\/elfsight.com\/pl\/before-and-after-slider-widget\/iframe\/","name":"Responsywny suwak obrazu przed i po dla witryny iFrame","isPartOf":{"@id":"https:\/\/elfsight.com\/pl\/#website"},"datePublished":"2024-05-03T06:30:22+00:00","dateModified":"2024-11-14T09:22:57+00:00","description":"Umie\u015b\u0107 anga\u017cuj\u0105cy wid\u017cet suwaka \u201ePrzed i po\u201d na swojej stronie internetowej iFrame. Sprawd\u017a bezp\u0142atn\u0105 wersj\u0119 demonstracyjn\u0105 Elfsight i zaprojektuj sw\u00f3j w\u0142asny widget w zaledwie 2 sekundy","breadcrumb":{"@id":"https:\/\/elfsight.com\/pl\/before-and-after-slider-widget\/iframe\/#breadcrumb"},"inLanguage":"pl-PL","potentialAction":[{"@type":"ReadAction","target":["https:\/\/elfsight.com\/pl\/before-and-after-slider-widget\/iframe\/"]}]},{"@type":"BreadcrumbList","@id":"https:\/\/elfsight.com\/pl\/before-and-after-slider-widget\/iframe\/#breadcrumb","itemListElement":[{"@type":"ListItem","position":1,"name":"Home","item":"https:\/\/elfsight.com\/pl\/"},{"@type":"ListItem","position":2,"name":"Before and After Slider","item":"https:\/\/elfsight.com\/pl\/before-and-after-slider-widget\/"},{"@type":"ListItem","position":3,"name":"Before and After Slider &#8211; iFrame"}]},{"@type":"WebSite","@id":"https:\/\/elfsight.com\/pl\/#website","url":"https:\/\/elfsight.com\/pl\/","name":"Elfsight PL","description":"Just another Elfsight Sites site","potentialAction":[{"@type":"SearchAction","target":{"@type":"EntryPoint","urlTemplate":"https:\/\/elfsight.com\/pl\/?s={search_term_string}"},"query-input":{"@type":"PropertyValueSpecification","valueRequired":true,"valueName":"search_term_string"}}],"inLanguage":"pl-PL"}]}},"meta_box":{"industry":"","seo_heading":"","heading":"","description":"","cta_heading":"","cta_description":"","application":"2567","h1":"Suwak przed i po dla iFrame","h1_caption":"Przedstaw por\u00f3wnania dw\u00f3ch obraz\u00f3w, idealne do podkre\u015blenia transformacji lub \u0142atwego zaprezentowania zalet produktu w witrynie iFrame.","application_category":[],"applications_title":"","applications_request_title":"","applications_request_button_text":"","hero_text":"","hero_video":"","hero_video_schema_markup":"","selling_points_title":"","selling_points_caption":"","selling_points":[],"selling_points_cta_text":"","features_title":"","features":"","ed_cta_examples_text":"","ed_cta_examples_hidden":"","ed_cta_demo_text":"","ed_cta_demo_hidden":"","why_caption":"","why_editor_title":"","why_editor_text":"","why_team_title":"","why_team_text":"","why_service_title":"","why_service_text":"","template_catalog_visible":"","template_catalog_title":"","template_catalog_text":"","template_catalog_categories_visible":"","demo_title":"Utw\u00f3rz wid\u017cet suwaka \u201ePrzed i po\u201d.","demo_caption":"Skonfiguruj suwak \u201ePrzed i Po\u201d i dodaj go do swojej witryny iFrame za darmo!","default_faq_hidden":"","app_template_category":[],"platform":"187","template_public_id":"","codecanyon_url":"","codecanyon_item_id":"","codecanyon_price":"","pricing_caption":"","pricing_elfsight_apps_hide_column":"","pricing_elfsight_apps_url":"","pricing_codecanyon_price_caption":"","integration_category":[],"integration_request_title":"","integration_request_cta":"","integration_platform":"","integrations":[],"platform_category":[],"video_schema_markup":"","price":"od 0 USD \/ miesi\u0105c","trial":"","benefits":[{"text":"Bezp\u0142atna pomoc w instalacji"},{"text":"Kompetentna obs\u0142uga klienta"},{"text":"14-dniowa gwarancja zwrotu pieni\u0119dzy"}],"button_url":"#demo","button_target_blank":"","button_nofollow":"","attributes":[{"name":"Instaluje"},{"name":"Czu\u0142y"},{"name":"Kompatybilne przegl\u0105darki"}],"tags":[],"tags_disable_links":"","hide_more_platforms":"","video_object":"","demo_hide_cta":"","demo_hide_cloud_options":"","pricing_title":"","pricing":[{"pricing_icon":"platform","pricing_title":"Elfsight Apps","pricing_title_caption":"Wersja wieloplatformowa","pricing_price":"od 0 USD \/ miesi\u0105c","pricing_price_caption":"zacznij od bezp\u0142atnego planu","pricing_benefits":[{"text":"Nielimitowane strony internetowe"},{"text":"Profesjonalna obs\u0142uga klienta"},{"text":"Bezp\u0142atne wsparcie instalacyjne"},{"text":"Oferta specjalna na wiele aplikacji"}],"pricing_button_text":"Dodaj do witryny","pricing_button_url":"#demo"}],"related_apps_title":"","related_apps_hidden":"","author":"","image":[],"title":"","job":"","social_networks":[]},"_links":{"self":[{"href":"https:\/\/elfsight.com\/pl\/wp-json\/wp\/v2\/pages\/4432","targetHints":{"allow":["GET"]}}],"collection":[{"href":"https:\/\/elfsight.com\/pl\/wp-json\/wp\/v2\/pages"}],"about":[{"href":"https:\/\/elfsight.com\/pl\/wp-json\/wp\/v2\/types\/page"}],"author":[{"embeddable":true,"href":"https:\/\/elfsight.com\/pl\/wp-json\/wp\/v2\/users\/9"}],"replies":[{"embeddable":true,"href":"https:\/\/elfsight.com\/pl\/wp-json\/wp\/v2\/comments?post=4432"}],"version-history":[{"count":1,"href":"https:\/\/elfsight.com\/pl\/wp-json\/wp\/v2\/pages\/4432\/revisions"}],"predecessor-version":[{"id":4436,"href":"https:\/\/elfsight.com\/pl\/wp-json\/wp\/v2\/pages\/4432\/revisions\/4436"}],"up":[{"embeddable":true,"href":"https:\/\/elfsight.com\/pl\/wp-json\/wp\/v2\/pages\/2568"}],"wp:attachment":[{"href":"https:\/\/elfsight.com\/pl\/wp-json\/wp\/v2\/media?parent=4432"}],"curies":[{"name":"wp","href":"https:\/\/api.w.org\/{rel}","templated":true}]}}