{"id":4431,"date":"2024-05-03T06:30:21","date_gmt":"2024-05-03T06:30:21","guid":{"rendered":"https:\/\/elfsight.com\/pl\/?page_id=4431"},"modified":"2024-11-14T09:22:57","modified_gmt":"2024-11-14T09:22:57","slug":"magento","status":"publish","type":"page","link":"https:\/\/elfsight.com\/pl\/before-and-after-slider-widget\/magento\/","title":{"rendered":"Before and After Slider &#8211; Magento"},"content":{"rendered":"<div class=\"application-platform-content-item-description application-platform-content-item\" id=\"description\" data-nav-section=\"description\"> <h2>Opis<\/h2> <p> Slider przed i po firmy Elfsight umo\u017cliwia komponowanie imponuj\u0105cych, skutecznych pod wzgl\u0119dem sprzeda\u017cy obraz\u00f3w dla Twojej witryny. Odwiedzaj\u0105cy mog\u0105 odkry\u0107 wszystkie efekty, jakie wprowadzaj\u0105 Twoje towary lub us\u0142ugi. Po prostu prze\u015blij zdj\u0119cia przed i po do suwaka \u201ePrzed i po\u201d dla Magento, a pojawi\u0105 si\u0119 one z przegrod\u0105, kt\u00f3ra przesuwa si\u0119, aby umo\u017cliwi\u0107 por\u00f3wnanie. Mo\u017cesz osadza\u0107 nieograniczone zestawy zdj\u0119\u0107 oraz dodawa\u0107 podpisy i etykiety. Kierunek podzia\u0142u oferuje dwie opcje: poziom\u0105 lub pionow\u0105 i mo\u017cna wybra\u0107 najlepszy wsp\u00f3\u0142czynnik obrazu. Twoi klienci na pewno dokonaj\u0105 zakupu, gdy dowiedz\u0105 si\u0119 o rzeczywistej skuteczno\u015bci Twoich produkt\u00f3w! <\/p> <p><b>Dzi\u0119ki suwakowi przed i po mo\u017cesz szybciej rozwija\u0107 dzia\u0142alno\u015b\u0107 i zwi\u0119ksza\u0107 sprzeda\u017c <\/b><\/p> <\/div> <div class=\"application-platform-content-item-features application-platform-content-item\" id=\"features\" data-nav-section=\"features\"> <h2>Oto podstawowe funkcje wid\u017cetu: <\/h2> <ul><li>Dodawaj nieograniczone zestawy zdj\u0119\u0107 przed i po<\/li> <li>Wstaw podpisy z ustawieniami formatowania tekstu do ka\u017cdego zdj\u0119cia<\/li><li>Dwa gotowe do- u\u017cyj uk\u0142ad\u00f3w: Lista i Karuzela<\/li><li>Przesuwanie separatora w poziomie lub w pionie<\/li><li>Klikni\u0119cie i przeci\u0105gni\u0119cie lub po prostu najechanie kursorem, aby przesun\u0105\u0107 separator<\/li><li>Przesu\u0144 palcem na urz\u0105dzeniach z ekranem dotykowym<\/li><\/ul><p><a href=\"#demo\">Po prostu sprawd\u017a t\u0119 wersj\u0119 demonstracyjn\u0105, aby zobaczy\u0107, jak to dzia\u0142a<\/a><\/p> <\/div> <div class=\"application-platform-content-item-installation application-platform-content-item\" id=\"installation\" data-nav-section=\"installation\"> <h2>Jak mog\u0119 doda\u0107 suwak \u201eprzed i po\u201d do mojego Magento? <\/h2> <p>Wystarczy wykona\u0107 poni\u017csze wskaz\u00f3wki, aby zintegrowa\u0107 narz\u0119dzie. <\/p> <ol><li><b>Skorzystaj z naszego darmowego konfiguratora i zacznij tworzy\u0107 w\u0142asne rozszerzenie. <\/b><br> Okre\u015bl niestandardowy interfejs i specyfikacje rozszerzenia i zastosuj wszystkie poprawki. <\/li> <li><b>Wy\u015bwietl sw\u00f3j unikalny kod w specjalnym formularzu w aplikacjach Elfsight. <\/b><br> Gdy tylko ustanowienie rozszerzenia zostanie zako\u0144czone, skopiuj sw\u00f3j kod w wy\u015bwietlonym oknie i zapisz go na przysz\u0142o\u015b\u0107. <\/li> <li><b>Rozpocznij korzystanie z rozszerzenia w swojej witrynie Magento. <\/b><br> Umie\u015b\u0107 skopiowany wcze\u015bniej kod na swojej stronie i zastosuj poprawki. <\/li> <li><b>Gotowe! Integracja zosta\u0142a w pe\u0142ni wykonana. <\/b><br> Przejd\u017a do swojej witryny, aby zobaczy\u0107, jak dzia\u0142a rozszerzenie. <\/li><\/ol><p>W przypadku pyta\u0144 lub problem\u00f3w prosimy o kontakt z naszym dzia\u0142em obs\u0142ugi klienta. Nasi konsultanci ch\u0119tnie odpowiedz\u0105 na wszystkie pytania dotycz\u0105ce produktu. <\/p> <\/div><div class=\"faq\" data-component=\"FAQ\"><div class=\"faq-item\">\r\n\t\t\t\t\t<div class=\"faq-item-question\">\r\n\t\t\t\t\t\t<h3 class=\"faq-item-question-text\">Jak mog\u0119 osadzi\u0107 suwak przed i po w mojej witrynie Magento?<\/h3>\r\n\r\n\t\t\t\t\t\t<div class=\"faq-item-question-icon\"><\/div>\r\n\t\t\t\t\t<\/div>\r\n\r\n\t\t\t\t\t<div class=\"faq-item-answer\">\r\n\t\t\t\t\t\t<div class=\"faq-item-answer-text\"><p>Tworzenie narz\u0119dzia odbywa si\u0119 w ramach us\u0142ugi Elfsight i nie musisz uczy\u0107 si\u0119 kodowania. Zastosuj aktywne demo, aby dostosowa\u0107 sw\u00f3j w\u0142asny widget, zdob\u0105d\u017a kod i dodaj go do swojej witryny. <\/p><\/div>\r\n\t\t\t\t\t<\/div>\r\n\t\t\t\t<\/div><div class=\"faq-item\">\r\n\t\t\t\t\t<div class=\"faq-item-question\">\r\n\t\t\t\t\t\t<h3 class=\"faq-item-question-text\">Najlepsze sposoby wykorzystania integracji suwaka por\u00f3wnania<\/h3>\r\n\r\n\t\t\t\t\t\t<div class=\"faq-item-question-icon\"><\/div>\r\n\t\t\t\t\t<\/div>\r\n\r\n\t\t\t\t\t<div class=\"faq-item-answer\">\r\n\t\t\t\t\t\t<div class=\"faq-item-answer-text\"><p>Mamy mn\u00f3stwo mo\u017cliwo\u015bci dostosowywania: pe\u0142nowymiarowe wid\u017cety do dodawania w sekcji tre\u015bci, p\u0142ywaj\u0105ce wtyczki z mo\u017cliwo\u015bci\u0105 przewijania, uk\u0142ady stopki witryny, nag\u0142\u00f3wka i wszystkie warianty mo\u017cliwo\u015bci pionowych pask\u00f3w bocznych i menu witryny. <\/p><\/div>\r\n\t\t\t\t\t<\/div>\r\n\t\t\t\t<\/div><div class=\"faq-item\">\r\n\t\t\t\t\t<div class=\"faq-item-question\">\r\n\t\t\t\t\t\t<h3 class=\"faq-item-question-text\">Czy za po\u015brednictwem redaktora mog\u0119 wykona\u0107 retusz lub por\u00f3wnanie produkt\u00f3w?<\/h3>\r\n\r\n\t\t\t\t\t\t<div class=\"faq-item-question-icon\"><\/div>\r\n\t\t\t\t\t<\/div>\r\n\r\n\t\t\t\t\t<div class=\"faq-item-answer\">\r\n\t\t\t\t\t\t<div class=\"faq-item-answer-text\"><p>Mo\u017cesz kszta\u0142towa\u0107 zmiany w dowolnym wid\u017cecie. W edytorze mo\u017cna zastosowa\u0107 wiele uk\u0142ad\u00f3w, a ka\u017cdy z nich mo\u017cna \u0142atwo spersonalizowa\u0107 wed\u0142ug w\u0142asnych upodoba\u0144. <\/p><\/div>\r\n\t\t\t\t\t<\/div>\r\n\t\t\t\t<\/div><\/div>","protected":false},"excerpt":{"rendered":"","protected":false},"author":9,"featured_media":0,"parent":2568,"menu_order":0,"comment_status":"closed","ping_status":"closed","template":"templates\/template-application-platform.php","meta":{"publish_to_discourse":"","publish_post_category":"","wpdc_auto_publish_overridden":"","wpdc_topic_tags":"","wpdc_pin_topic":"","wpdc_pin_until":"","discourse_post_id":"","discourse_permalink":"","wpdc_publishing_response":"","wpdc_publishing_error":"","footnotes":""},"class_list":["post-4431","page","type-page","status-publish","hentry"],"yoast_head":"<!-- This site is optimized with the Yoast SEO plugin v25.3.1 - https:\/\/yoast.com\/wordpress\/plugins\/seo\/ -->\n<title>Responsywny suwak obrazu przed i po dla witryny Magento<\/title>\n<meta name=\"description\" content=\"Poka\u017c anga\u017cuj\u0105cy widget suwaka \u201ePrzed i Po\u201d na swojej stronie internetowej Magento. Skorzystaj z bezp\u0142atnej wersji demonstracyjnej Elfsight i stw\u00f3rz spersonalizowany widget w ci\u0105gu zaledwie kilku minut\" \/>\n<meta name=\"robots\" content=\"index, follow, max-snippet:-1, max-image-preview:large, max-video-preview:-1\" \/>\n<link rel=\"canonical\" href=\"https:\/\/elfsight.com\/pl\/before-and-after-slider-widget\/magento\/\" \/>\n<meta property=\"og:locale\" content=\"pl_PL\" \/>\n<meta property=\"og:type\" content=\"article\" \/>\n<meta property=\"og:title\" content=\"Responsywny suwak obrazu przed i po dla witryny Magento\" \/>\n<meta property=\"og:description\" content=\"Poka\u017c anga\u017cuj\u0105cy widget suwaka \u201ePrzed i Po\u201d na swojej stronie internetowej Magento. Skorzystaj z bezp\u0142atnej wersji demonstracyjnej Elfsight i stw\u00f3rz spersonalizowany widget w ci\u0105gu zaledwie kilku minut\" \/>\n<meta property=\"og:url\" content=\"https:\/\/elfsight.com\/pl\/before-and-after-slider-widget\/magento\/\" \/>\n<meta property=\"og:site_name\" content=\"Elfsight PL\" \/>\n<meta property=\"article:modified_time\" content=\"2024-11-14T09:22:57+00:00\" \/>\n<meta name=\"twitter:card\" content=\"summary_large_image\" \/>\n<meta name=\"twitter:label1\" content=\"Szacowany czas czytania\" \/>\n\t<meta name=\"twitter:data1\" content=\"3 minuty\" \/>\n<!-- \/ Yoast SEO plugin. -->","yoast_head_json":{"title":"Responsywny suwak obrazu przed i po dla witryny Magento","description":"Poka\u017c anga\u017cuj\u0105cy widget suwaka \u201ePrzed i Po\u201d na swojej stronie internetowej Magento. Skorzystaj z bezp\u0142atnej wersji demonstracyjnej Elfsight i stw\u00f3rz spersonalizowany widget w ci\u0105gu zaledwie kilku minut","robots":{"index":"index","follow":"follow","max-snippet":"max-snippet:-1","max-image-preview":"max-image-preview:large","max-video-preview":"max-video-preview:-1"},"canonical":"https:\/\/elfsight.com\/pl\/before-and-after-slider-widget\/magento\/","og_locale":"pl_PL","og_type":"article","og_title":"Responsywny suwak obrazu przed i po dla witryny Magento","og_description":"Poka\u017c anga\u017cuj\u0105cy widget suwaka \u201ePrzed i Po\u201d na swojej stronie internetowej Magento. Skorzystaj z bezp\u0142atnej wersji demonstracyjnej Elfsight i stw\u00f3rz spersonalizowany widget w ci\u0105gu zaledwie kilku minut","og_url":"https:\/\/elfsight.com\/pl\/before-and-after-slider-widget\/magento\/","og_site_name":"Elfsight PL","article_modified_time":"2024-11-14T09:22:57+00:00","twitter_card":"summary_large_image","twitter_misc":{"Szacowany czas czytania":"3 minuty"},"schema":{"@context":"https:\/\/schema.org","@graph":[{"@type":"WebPage","@id":"https:\/\/elfsight.com\/pl\/before-and-after-slider-widget\/magento\/","url":"https:\/\/elfsight.com\/pl\/before-and-after-slider-widget\/magento\/","name":"Responsywny suwak obrazu przed i po dla witryny Magento","isPartOf":{"@id":"https:\/\/elfsight.com\/pl\/#website"},"datePublished":"2024-05-03T06:30:21+00:00","dateModified":"2024-11-14T09:22:57+00:00","description":"Poka\u017c anga\u017cuj\u0105cy widget suwaka \u201ePrzed i Po\u201d na swojej stronie internetowej Magento. Skorzystaj z bezp\u0142atnej wersji demonstracyjnej Elfsight i stw\u00f3rz spersonalizowany widget w ci\u0105gu zaledwie kilku minut","breadcrumb":{"@id":"https:\/\/elfsight.com\/pl\/before-and-after-slider-widget\/magento\/#breadcrumb"},"inLanguage":"pl-PL","potentialAction":[{"@type":"ReadAction","target":["https:\/\/elfsight.com\/pl\/before-and-after-slider-widget\/magento\/"]}]},{"@type":"BreadcrumbList","@id":"https:\/\/elfsight.com\/pl\/before-and-after-slider-widget\/magento\/#breadcrumb","itemListElement":[{"@type":"ListItem","position":1,"name":"Home","item":"https:\/\/elfsight.com\/pl\/"},{"@type":"ListItem","position":2,"name":"Before and After Slider","item":"https:\/\/elfsight.com\/pl\/before-and-after-slider-widget\/"},{"@type":"ListItem","position":3,"name":"Before and After Slider &#8211; Magento"}]},{"@type":"WebSite","@id":"https:\/\/elfsight.com\/pl\/#website","url":"https:\/\/elfsight.com\/pl\/","name":"Elfsight PL","description":"Just another Elfsight Sites site","potentialAction":[{"@type":"SearchAction","target":{"@type":"EntryPoint","urlTemplate":"https:\/\/elfsight.com\/pl\/?s={search_term_string}"},"query-input":{"@type":"PropertyValueSpecification","valueRequired":true,"valueName":"search_term_string"}}],"inLanguage":"pl-PL"}]}},"meta_box":{"industry":"","seo_heading":"","heading":"","description":"","cta_heading":"","cta_description":"","application":"2567","h1":"Suwak \u201ePrzed i Po\u201d dla Magento","h1_caption":"Przedstaw por\u00f3wnania dw\u00f3ch obraz\u00f3w, idealne do podkre\u015blenia transformacji lub \u0142atwego zaprezentowania zalet produktu na swojej stronie internetowej Magento.","application_category":[],"applications_title":"","applications_request_title":"","applications_request_button_text":"","hero_text":"","hero_video":"","hero_video_schema_markup":"","selling_points_title":"","selling_points_caption":"","selling_points":[],"selling_points_cta_text":"","features_title":"","features":"","ed_cta_examples_text":"","ed_cta_examples_hidden":"","ed_cta_demo_text":"","ed_cta_demo_hidden":"","why_caption":"","why_editor_title":"","why_editor_text":"","why_team_title":"","why_team_text":"","why_service_title":"","why_service_text":"","template_catalog_visible":"","template_catalog_title":"","template_catalog_text":"","template_catalog_categories_visible":"","demo_title":"Utw\u00f3rz rozszerzenie suwaka \u201ePrzed i po\u201d.","demo_caption":"Skonfiguruj suwak \u201ePrzed i Po\u201d i dodaj go za darmo do swojej witryny Magento!","default_faq_hidden":"","app_template_category":[],"platform":"92","template_public_id":"","codecanyon_url":"","codecanyon_item_id":"","codecanyon_price":"","pricing_caption":"","pricing_elfsight_apps_hide_column":"","pricing_elfsight_apps_url":"","pricing_codecanyon_price_caption":"","integration_category":[],"integration_request_title":"","integration_request_cta":"","integration_platform":"","integrations":[],"platform_category":[],"video_schema_markup":"","price":"od 0 USD \/ miesi\u0105c","trial":"","benefits":[{"text":"Bezp\u0142atna pomoc w monta\u017cu"},{"text":"Kompetentna obs\u0142uga klienta"},{"text":"14-dniowa gwarancja zwrotu pieni\u0119dzy"}],"button_url":"#demo","button_target_blank":"","button_nofollow":"","attributes":[{"name":"Instaluje"},{"name":"Czu\u0142y"},{"name":"Kompatybilne przegl\u0105darki"}],"tags":[],"tags_disable_links":"","hide_more_platforms":"","video_object":"","demo_hide_cta":"","demo_hide_cloud_options":"","pricing_title":"","pricing":[{"pricing_icon":"platform","pricing_title":"Elfsight Apps","pricing_title_caption":"Oprogramowanie wieloplatformowe, kt\u00f3re pasuje do ka\u017cdej witryny internetowej","pricing_price":"od 0 USD \/ miesi\u0105c","pricing_price_caption":"zacznij od bezp\u0142atnego planu","pricing_benefits":[{"text":"Nielimitowane strony internetowe"},{"text":"Bezp\u0142atne wsparcie i dobrze udokumentowane"},{"text":"Bezp\u0142atne wsparcie przy instalacji"},{"text":"Elastyczny projekt"}],"pricing_button_text":"Dodaj do witryny","pricing_button_url":"#demo"}],"related_apps_title":"","related_apps_hidden":"","author":"","image":[],"title":"","job":"","social_networks":[]},"_links":{"self":[{"href":"https:\/\/elfsight.com\/pl\/wp-json\/wp\/v2\/pages\/4431","targetHints":{"allow":["GET"]}}],"collection":[{"href":"https:\/\/elfsight.com\/pl\/wp-json\/wp\/v2\/pages"}],"about":[{"href":"https:\/\/elfsight.com\/pl\/wp-json\/wp\/v2\/types\/page"}],"author":[{"embeddable":true,"href":"https:\/\/elfsight.com\/pl\/wp-json\/wp\/v2\/users\/9"}],"replies":[{"embeddable":true,"href":"https:\/\/elfsight.com\/pl\/wp-json\/wp\/v2\/comments?post=4431"}],"version-history":[{"count":1,"href":"https:\/\/elfsight.com\/pl\/wp-json\/wp\/v2\/pages\/4431\/revisions"}],"predecessor-version":[{"id":4435,"href":"https:\/\/elfsight.com\/pl\/wp-json\/wp\/v2\/pages\/4431\/revisions\/4435"}],"up":[{"embeddable":true,"href":"https:\/\/elfsight.com\/pl\/wp-json\/wp\/v2\/pages\/2568"}],"wp:attachment":[{"href":"https:\/\/elfsight.com\/pl\/wp-json\/wp\/v2\/media?parent=4431"}],"curies":[{"name":"wp","href":"https:\/\/api.w.org\/{rel}","templated":true}]}}