{"id":4430,"date":"2024-05-03T06:30:20","date_gmt":"2024-05-03T06:30:20","guid":{"rendered":"https:\/\/elfsight.com\/pl\/?page_id=4430"},"modified":"2024-11-14T09:22:57","modified_gmt":"2024-11-14T09:22:57","slug":"html","status":"publish","type":"page","link":"https:\/\/elfsight.com\/pl\/before-and-after-slider-widget\/html\/","title":{"rendered":"Before and After Slider &#8211; HTML"},"content":{"rendered":"<div class=\"application-platform-content-item-description application-platform-content-item\" id=\"description\" data-nav-section=\"description\"> <h2>Opis<\/h2> <p> Slider Przed i Po firmy Elfsight pomo\u017ce Ci skomponowa\u0107 kusz\u0105ce, zwi\u0119kszaj\u0105ce sprzeda\u017c zdj\u0119cia do Twojej witryny. Klienci mog\u0105 odkry\u0107 wszystkie efekty, jakie przynosz\u0105 Twoje towary lub us\u0142ugi. Po prostu prze\u015blij dwa zdj\u0119cia do suwaka Przed i Po w formacie HTML, a zostan\u0105 one pokazane z przegrod\u0105, kt\u00f3ra przesuwa si\u0119, aby zobaczy\u0107 zmian\u0119. Mo\u017cesz osadza\u0107 nieograniczon\u0105 liczb\u0119 slajd\u00f3w, ka\u017cdy z w\u0142asnym podpisem. Kierunek podzia\u0142u mo\u017ce by\u0107 poziomy lub pionowy i mo\u017cesz wybra\u0107 najlepszy wsp\u00f3\u0142czynnik obrazu. Twoi u\u017cytkownicy nie b\u0119d\u0105 mieli innego wyj\u015bcia, jak tylko dokona\u0107 zakupu, gdy tylko zobacz\u0105 rzeczywisty wynik| swoich produkt\u00f3w! <\/p> <p><b>Uruchom przed &amp; po suwaku, aby efektywniej osi\u0105ga\u0107 szczyty biznesowe! <\/b><\/p> <\/div> <div class=\"application-platform-content-item-features application-platform-content-item\" id=\"features\" data-nav-section=\"features\"> <h2>Oferujemy praktyczne i nieskomplikowane funkcje, sprawd\u017a niekt\u00f3re z nich: <\/h2> <ul><li>Ukszta\u0142tuj dowoln\u0105 liczb\u0119 Przed i Po kilku obrazach<\/li> <li>Wstaw podpisy z ustawieniami formatowania tekstu do ka\u017cdego slajdu<\/li><li>Dwa uk\u0142ady: Lista i Karuzela<\/li><li>Przesuwanie separatora w poziomie lub w pionie<\/li><li>Klikni\u0119cie i przeci\u0105gni\u0119cie lub po prostu najechanie kursorem, aby przesun\u0105\u0107 podzia\u0142k\u0119<\/li><li>Przesuni\u0119cie na urz\u0105dzeniach dotykowych<\/li><\/ul><p><a href=\"#demo\">Przetestuj ca\u0142\u0105 personalizacj\u0119 funkcje w pe\u0142ni funkcjonalnej wersji demonstracyjnej<\/a><\/p> <\/div> <div class=\"application-platform-content-item-installation application-platform-content-item\" id=\"installation\" data-nav-section=\"installation\"> <h2>Jak osadzi\u0107 suwak Przed i Po w mojej witrynie HTML? <\/h2> <div><iframe width=\"720\" height=\"405\" src=\"https:\/\/www.youtube.com\/embed\/YkoX3lNPpuc\" frameborder=\"0\" allowfullscreen=\"\"><\/iframe> <\/div><p>Wystarczy spe\u0142ni\u0107 poni\u017csze wskaz\u00f3wki, aby wstawi\u0107 wtyczk\u0119. <\/p> <ol><li><b>Wykonaj nasz darmowy konfigurator i zacznij kszta\u0142towa\u0107 sw\u00f3j w\u0142asny widget. <\/b><br> Znajd\u017a preferowan\u0105 form\u0119 i funkcje narz\u0119dzia i zastosuj zmiany. <\/li> <li><b>Skopiuj sw\u00f3j indywidualny kod pojawiaj\u0105cy si\u0119 w oknie aplikacji Elfsight<\/b><br> Po zako\u0144czeniu dostosowywania Twojego osobistego narz\u0119dzia skopiuj ekskluzywny kod w wy\u015bwietlonym oknie i zachowaj to do dalszej potrzeby. <\/li> <li><b>Rozpocznij korzystanie z narz\u0119dzia na swojej stronie g\u0142\u00f3wnej HTML<\/b><br> Umie\u015b\u0107 ostatnio skopiowany kod na swojej stronie internetowej i zastosuj zmiany. <\/li> <li><b>Gotowe! Integracja zosta\u0142a w pe\u0142ni uko\u0144czona.<\/b><br> Przejd\u017a na swoj\u0105 stron\u0119 i zobacz, jak dzia\u0142a wtyczka. <\/li><\/ol> <p>Je\u015bli masz pytania lub napotkasz pewne komplikacje, napisz do naszego zespo\u0142u pomocy technicznej. Nasi konsultanci ch\u0119tnie odpowiedz\u0105 na wszelkie pytania dotycz\u0105ce produktu. <\/p> <\/div><div class=\"faq\" data-component=\"FAQ\"><div class=\"faq-item\">\r\n\t\t\t\t\t<div class=\"faq-item-question\">\r\n\t\t\t\t\t\t<h3 class=\"faq-item-question-text\">W jaki spos\u00f3b doda\u0107 suwak przed i po do mojej witryny HTML?<\/h3>\r\n\r\n\t\t\t\t\t\t<div class=\"faq-item-question-icon\"><\/div>\r\n\t\t\t\t\t<\/div>\r\n\r\n\t\t\t\t\t<div class=\"faq-item-answer\">\r\n\t\t\t\t\t\t<div class=\"faq-item-answer-text\"><p>Tworzenie suwaka widget dzieje si\u0119 w witrynie Elfsight i nie trzeba kodowa\u0107. Otw\u00f3rz nasze demo online, aby utworzy\u0107 sw\u00f3j osobisty widget, uzyskaj kod i wstaw go na swoj\u0105 stron\u0119. <\/p><\/div>\r\n\t\t\t\t\t<\/div>\r\n\t\t\t\t<\/div><div class=\"faq-item\">\r\n\t\t\t\t\t<div class=\"faq-item-question\">\r\n\t\t\t\t\t\t<h3 class=\"faq-item-question-text\">Najlepsze przyk\u0142ady wykorzystania integracji suwaka obrazu przed i po<\/h3>\r\n\r\n\t\t\t\t\t\t<div class=\"faq-item-question-icon\"><\/div>\r\n\t\t\t\t\t<\/div>\r\n\r\n\t\t\t\t\t<div class=\"faq-item-answer\">\r\n\t\t\t\t\t\t<div class=\"faq-item-answer-text\"><p>Zapewniamy mn\u00f3stwo opcji personalizacji: pe\u0142nowymiarowe wid\u017cety do wdro\u017cenia w obszar zawarto\u015bci, p\u0142ywaj\u0105ce wtyczki z funkcj\u0105 przewijania, miniatury stopki, sekcja nag\u0142\u00f3wka i wszelkiego rodzaju pionowe mo\u017cliwo\u015bci pask\u00f3w bocznych i menu. <\/p><\/div>\r\n\t\t\t\t\t<\/div>\r\n\t\t\t\t<\/div><div class=\"faq-item\">\r\n\t\t\t\t\t<div class=\"faq-item-question\">\r\n\t\t\t\t\t\t<h3 class=\"faq-item-question-text\">Czy za pomoc\u0105 Twojego edytora mog\u0119 utworzy\u0107 retusz lub prosty suwak por\u00f3wnania?<\/h3>\r\n\r\n\t\t\t\t\t\t<div class=\"faq-item-question-icon\"><\/div>\r\n\t\t\t\t\t<\/div>\r\n\r\n\t\t\t\t\t<div class=\"faq-item-answer\">\r\n\t\t\t\t\t\t<div class=\"faq-item-answer-text\"><p>Mo\u017cesz wprowadzi\u0107 dowolne modyfikacje wid\u017cetu. W edytorze masz do dyspozycji mn\u00f3stwo uk\u0142ad\u00f3w, a ka\u017cdy z nich mo\u017cesz szybko dostosowa\u0107, tak jak potrzebujesz. <\/p><\/div>\r\n\t\t\t\t\t<\/div>\r\n\t\t\t\t<\/div><\/div>","protected":false},"excerpt":{"rendered":"","protected":false},"author":9,"featured_media":0,"parent":2568,"menu_order":0,"comment_status":"closed","ping_status":"closed","template":"templates\/template-application-platform.php","meta":{"publish_to_discourse":"","publish_post_category":"","wpdc_auto_publish_overridden":"","wpdc_topic_tags":"","wpdc_pin_topic":"","wpdc_pin_until":"","discourse_post_id":"","discourse_permalink":"","wpdc_publishing_response":"","wpdc_publishing_error":"","footnotes":""},"class_list":["post-4430","page","type-page","status-publish","hentry"],"yoast_head":"<!-- This site is optimized with the Yoast SEO plugin v25.3.1 - https:\/\/yoast.com\/wordpress\/plugins\/seo\/ -->\n<title>Responsywny suwak obrazu przed i po dla witryny HTML<\/title>\n<meta name=\"description\" content=\"Wstaw wid\u017cet suwaka \u201eprzed\u201d i \u201epo\u201d na swoj\u0105 witryn\u0119 HTML. Wypr\u00f3buj wersj\u0119 demonstracyjn\u0105 Elfsight z suwakiem por\u00f3wnawczym i utw\u00f3rz spersonalizowany widget w zaledwie 2 minuty.\" \/>\n<meta name=\"robots\" content=\"index, follow, max-snippet:-1, max-image-preview:large, max-video-preview:-1\" \/>\n<link rel=\"canonical\" href=\"https:\/\/elfsight.com\/pl\/before-and-after-slider-widget\/html\/\" \/>\n<meta property=\"og:locale\" content=\"pl_PL\" \/>\n<meta property=\"og:type\" content=\"article\" \/>\n<meta property=\"og:title\" content=\"Responsywny suwak obrazu przed i po dla witryny HTML\" \/>\n<meta property=\"og:description\" content=\"Wstaw wid\u017cet suwaka \u201eprzed\u201d i \u201epo\u201d na swoj\u0105 witryn\u0119 HTML. Wypr\u00f3buj wersj\u0119 demonstracyjn\u0105 Elfsight z suwakiem por\u00f3wnawczym i utw\u00f3rz spersonalizowany widget w zaledwie 2 minuty.\" \/>\n<meta property=\"og:url\" content=\"https:\/\/elfsight.com\/pl\/before-and-after-slider-widget\/html\/\" \/>\n<meta property=\"og:site_name\" content=\"Elfsight PL\" \/>\n<meta property=\"article:modified_time\" content=\"2024-11-14T09:22:57+00:00\" \/>\n<meta name=\"twitter:card\" content=\"summary_large_image\" \/>\n<meta name=\"twitter:label1\" content=\"Szacowany czas czytania\" \/>\n\t<meta name=\"twitter:data1\" content=\"3 minuty\" \/>\n<!-- \/ Yoast SEO plugin. -->","yoast_head_json":{"title":"Responsywny suwak obrazu przed i po dla witryny HTML","description":"Wstaw wid\u017cet suwaka \u201eprzed\u201d i \u201epo\u201d na swoj\u0105 witryn\u0119 HTML. Wypr\u00f3buj wersj\u0119 demonstracyjn\u0105 Elfsight z suwakiem por\u00f3wnawczym i utw\u00f3rz spersonalizowany widget w zaledwie 2 minuty.","robots":{"index":"index","follow":"follow","max-snippet":"max-snippet:-1","max-image-preview":"max-image-preview:large","max-video-preview":"max-video-preview:-1"},"canonical":"https:\/\/elfsight.com\/pl\/before-and-after-slider-widget\/html\/","og_locale":"pl_PL","og_type":"article","og_title":"Responsywny suwak obrazu przed i po dla witryny HTML","og_description":"Wstaw wid\u017cet suwaka \u201eprzed\u201d i \u201epo\u201d na swoj\u0105 witryn\u0119 HTML. Wypr\u00f3buj wersj\u0119 demonstracyjn\u0105 Elfsight z suwakiem por\u00f3wnawczym i utw\u00f3rz spersonalizowany widget w zaledwie 2 minuty.","og_url":"https:\/\/elfsight.com\/pl\/before-and-after-slider-widget\/html\/","og_site_name":"Elfsight PL","article_modified_time":"2024-11-14T09:22:57+00:00","twitter_card":"summary_large_image","twitter_misc":{"Szacowany czas czytania":"3 minuty"},"schema":{"@context":"https:\/\/schema.org","@graph":[{"@type":"WebPage","@id":"https:\/\/elfsight.com\/pl\/before-and-after-slider-widget\/html\/","url":"https:\/\/elfsight.com\/pl\/before-and-after-slider-widget\/html\/","name":"Responsywny suwak obrazu przed i po dla witryny HTML","isPartOf":{"@id":"https:\/\/elfsight.com\/pl\/#website"},"datePublished":"2024-05-03T06:30:20+00:00","dateModified":"2024-11-14T09:22:57+00:00","description":"Wstaw wid\u017cet suwaka \u201eprzed\u201d i \u201epo\u201d na swoj\u0105 witryn\u0119 HTML. Wypr\u00f3buj wersj\u0119 demonstracyjn\u0105 Elfsight z suwakiem por\u00f3wnawczym i utw\u00f3rz spersonalizowany widget w zaledwie 2 minuty.","breadcrumb":{"@id":"https:\/\/elfsight.com\/pl\/before-and-after-slider-widget\/html\/#breadcrumb"},"inLanguage":"pl-PL","potentialAction":[{"@type":"ReadAction","target":["https:\/\/elfsight.com\/pl\/before-and-after-slider-widget\/html\/"]}]},{"@type":"BreadcrumbList","@id":"https:\/\/elfsight.com\/pl\/before-and-after-slider-widget\/html\/#breadcrumb","itemListElement":[{"@type":"ListItem","position":1,"name":"Home","item":"https:\/\/elfsight.com\/pl\/"},{"@type":"ListItem","position":2,"name":"Before and After Slider","item":"https:\/\/elfsight.com\/pl\/before-and-after-slider-widget\/"},{"@type":"ListItem","position":3,"name":"Before and After Slider &#8211; HTML"}]},{"@type":"WebSite","@id":"https:\/\/elfsight.com\/pl\/#website","url":"https:\/\/elfsight.com\/pl\/","name":"Elfsight PL","description":"Just another Elfsight Sites site","potentialAction":[{"@type":"SearchAction","target":{"@type":"EntryPoint","urlTemplate":"https:\/\/elfsight.com\/pl\/?s={search_term_string}"},"query-input":{"@type":"PropertyValueSpecification","valueRequired":true,"valueName":"search_term_string"}}],"inLanguage":"pl-PL"}]}},"meta_box":{"industry":"","seo_heading":"","heading":"","description":"","cta_heading":"","cta_description":"","application":"2567","h1":"Suwak przed i po dla HTML","h1_caption":"Przedstaw por\u00f3wnania dw\u00f3ch obraz\u00f3w, idealne do podkre\u015blenia transformacji lub \u0142atwego zaprezentowania zalet produktu w swojej witrynie HTML.","application_category":[],"applications_title":"","applications_request_title":"","applications_request_button_text":"","hero_text":"","hero_video":"","hero_video_schema_markup":"","selling_points_title":"","selling_points_caption":"","selling_points":[],"selling_points_cta_text":"","features_title":"","features":"","ed_cta_examples_text":"","ed_cta_examples_hidden":"","ed_cta_demo_text":"","ed_cta_demo_hidden":"","why_caption":"","why_editor_title":"","why_editor_text":"","why_team_title":"","why_team_text":"","why_service_title":"","why_service_text":"","template_catalog_visible":"","template_catalog_title":"","template_catalog_text":"","template_catalog_categories_visible":"","demo_title":"Utw\u00f3rz wid\u017cet suwaka \u201ePrzed i po\u201d.","demo_caption":"Skonfiguruj suwak \u201ePrzed i Po\u201d i dodaj go do swojej witryny HTML za darmo!","default_faq_hidden":"","app_template_category":[],"platform":"50","template_public_id":"","codecanyon_url":"","codecanyon_item_id":"","codecanyon_price":"","pricing_caption":"","pricing_elfsight_apps_hide_column":"","pricing_elfsight_apps_url":"","pricing_codecanyon_price_caption":"","integration_category":[],"integration_request_title":"","integration_request_cta":"","integration_platform":"","integrations":[],"platform_category":[],"video_schema_markup":"","price":"od 0 USD \/ miesi\u0105c","trial":"","benefits":[{"text":"Bezp\u0142atna us\u0142uga monta\u017cu"},{"text":"Do\u015bwiadczona obs\u0142uga klienta"},{"text":"14-dniowa gwarancja zwrotu pieni\u0119dzy"}],"button_url":"#demo","button_target_blank":"","button_nofollow":"","attributes":[{"name":"Instaluje"},{"name":"Czu\u0142y"},{"name":"Kompatybilne przegl\u0105darki"}],"tags":[],"tags_disable_links":"","hide_more_platforms":"","video_object":"","demo_hide_cta":"","demo_hide_cloud_options":"","pricing_title":"","pricing":[{"pricing_icon":"platform","pricing_title":"Elfsight Apps","pricing_title_caption":"Oprogramowanie wieloplatformowe","pricing_price":"od 0 USD \/ miesi\u0105c","pricing_price_caption":"zacznij od bezp\u0142atnego planu","pricing_benefits":[{"text":"Nielimitowane domeny"},{"text":"Bezp\u0142atne i terminowe wsparcie"},{"text":"Bezp\u0142atna pomoc w instalacji"},{"text":"\u015awietna oferta na wiele aplikacji"}],"pricing_button_text":"Dodaj do witryny","pricing_button_url":"#demo"}],"related_apps_title":"","related_apps_hidden":"","author":"","image":[],"title":"","job":"","social_networks":[]},"_links":{"self":[{"href":"https:\/\/elfsight.com\/pl\/wp-json\/wp\/v2\/pages\/4430","targetHints":{"allow":["GET"]}}],"collection":[{"href":"https:\/\/elfsight.com\/pl\/wp-json\/wp\/v2\/pages"}],"about":[{"href":"https:\/\/elfsight.com\/pl\/wp-json\/wp\/v2\/types\/page"}],"author":[{"embeddable":true,"href":"https:\/\/elfsight.com\/pl\/wp-json\/wp\/v2\/users\/9"}],"replies":[{"embeddable":true,"href":"https:\/\/elfsight.com\/pl\/wp-json\/wp\/v2\/comments?post=4430"}],"version-history":[{"count":2,"href":"https:\/\/elfsight.com\/pl\/wp-json\/wp\/v2\/pages\/4430\/revisions"}],"predecessor-version":[{"id":7678,"href":"https:\/\/elfsight.com\/pl\/wp-json\/wp\/v2\/pages\/4430\/revisions\/7678"}],"up":[{"embeddable":true,"href":"https:\/\/elfsight.com\/pl\/wp-json\/wp\/v2\/pages\/2568"}],"wp:attachment":[{"href":"https:\/\/elfsight.com\/pl\/wp-json\/wp\/v2\/media?parent=4430"}],"curies":[{"name":"wp","href":"https:\/\/api.w.org\/{rel}","templated":true}]}}