{"id":4422,"date":"2024-05-03T06:30:16","date_gmt":"2024-05-03T06:30:16","guid":{"rendered":"https:\/\/elfsight.com\/pl\/?page_id=4422"},"modified":"2025-06-26T13:49:56","modified_gmt":"2025-06-26T13:49:56","slug":"squarespace","status":"publish","type":"page","link":"https:\/\/elfsight.com\/pl\/before-and-after-slider-widget\/squarespace\/","title":{"rendered":"Before and After Slider &#8211; Squarespace"},"content":{"rendered":"<div class=\"application-platform-content-item-description application-platform-content-item\" id=\"description\" data-nav-section=\"description\"> <h2>Osad\u017a suwak przed i po w Squarespace za pomoc\u0105 wid\u017cetu Elfsight<\/h2> <p> Suwak przed i po firmy Elfsight pomo\u017ce Ci skonfigurowa\u0107 niesamowite promowanie zdj\u0119\u0107 na Twojej stronie. U\u017cytkownicy b\u0119d\u0105 mogli pozna\u0107 wszystkie zmiany, jakie wprowadzaj\u0105 Twoje produkty lub us\u0142ugi. Po prostu prze\u015blij dwa zdj\u0119cia do suwaka \u201ePrzed i po\u201d dla Squarespace, a zostan\u0105 one pokazane z przegrod\u0105, kt\u00f3r\u0105 mo\u017cna przesun\u0105\u0107 kamer\u0105, aby sprawdzi\u0107 zmian\u0119. Mo\u017cesz tworzy\u0107 nieograniczon\u0105 liczb\u0119 par zdj\u0119\u0107 oraz dodawa\u0107 podpisy i etykiety. Kierunek przesuwania oferuje dwie opcje: poziom\u0105 lub pionow\u0105, a Ty mo\u017cesz wybra\u0107 najbardziej odpowiedni wsp\u00f3\u0142czynnik obrazu. Twoi klienci b\u0119d\u0105 skazani na porz\u0105dek, gdy zobacz\u0105 prawdziw\u0105 skuteczno\u015b\u0107.| swoich produkt\u00f3w! <\/p> <p><b>Zwi\u0119ksz skuteczno\u015b\u0107 swojej witryny w celach e-commerce za pomoc\u0105 zdj\u0119\u0107 przed i po<\/b><\/p> <\/div> <div class=\"application-platform-content-item-features application-platform-content-item\" id=\"features\" data-nav-section=\"features\"> <h2>Poznaj list\u0119 najwa\u017cniejszych funkcji: <\/h2> <ul><li>Osad\u017a dowoln\u0105 liczb\u0119 obraz\u00f3w przed i po<\/li> <li>Wstaw podpisy z opcjami formatowania tekstu do ka\u017cdego zdj\u0119cia<\/li> <li>Dwa uk\u0142ady: lista i karuzela<\/li><li>Kierunek separatora w poziomie lub w pionie<\/li><li>Kliknij i przeci\u0105gnij lub po prostu najed\u017a kursorem, aby przesun\u0105\u0107 separator<\/li><li>Przesu\u0144 palcem po dotkni\u0119ciu urz\u0105dzenia<\/li><\/ul><p><a href=\"#demo\">Wypr\u00f3buj t\u0119 wersj\u0119 demonstracyjn\u0105, aby zobaczy\u0107, jak to dzia\u0142a<\/a><\/p> <\/div> <div class=\"application-platform-content-item-installation application-platform-content-item\" id=\"installation\" data-nav-section=\"installation\"> <h2>Jak osadzi\u0107 suwak \u201ePrzed i po\u201d na mojej stronie internetowej Squarespace? <\/h2> <div class=\"video-container\"><iframe width=\"720\" height=\"405\" src=\"https:\/\/www.youtube.com\/embed\/SfZFLX1CzJU\" frameborder=\"0\" allowfullscreen=\"\"><\/iframe><\/div><p>Wystarczy post\u0119powa\u0107 zgodnie z poni\u017cszymi instrukcjami, aby zintegrowa\u0107 narz\u0119dzie. <\/p> <ol><li><b>Otw\u00f3rz nasz darmowy konfigurator i zacznij tworzy\u0107 w\u0142asn\u0105 wtyczk\u0119. <\/b><br> Okre\u015bl niestandardow\u0105 form\u0119 i cechy wtyczki i zapisz poprawki. <\/li> <li><b>Wy\u015bwietl sw\u00f3j unikalny kod w specjalnym formularzu w aplikacjach Elfsight<\/b><br> Zaraz po wygenerowaniu wtyczki skopiuj osobisty kod z wyskakuj\u0105cego okienka i zapisz to do dalszej potrzeby. <\/li> <li><b>Zacznij korzysta\u0107 z narz\u0119dzia na swojej stronie g\u0142\u00f3wnej Squarespace<\/b><br> Umie\u015b\u0107 skopiowany wcze\u015bniej kod na swojej stronie internetowej i zastosuj ulepszenia. <\/li> <li><b>Konfiguracja zosta\u0142a w pe\u0142ni przeprowadzona<\/b><br> Przejd\u017a na swoj\u0105 stron\u0119, aby zobaczy\u0107 w akcji, jak dzia\u0142a widget. <\/li><\/ol> <p>Je\u015bli napotkasz pytania lub napotkasz przeszkody, nie b\u00f3j si\u0119 skontaktowa\u0107 z naszym dzia\u0142em obs\u0142ugi klienta. Nasi ludzie z przyjemno\u015bci\u0105 rozwi\u0105\u017c\u0105 wszystkie problemy, jakie mo\u017cesz mie\u0107 z wid\u017cetem. <\/p> <div class=\"faq\" data-component=\"FAQ\"><div class=\"faq-item\">\r\n\t\t\t\t\t<div class=\"faq-item-question\">\r\n\t\t\t\t\t\t<h3 class=\"faq-item-question-text\">Jak mog\u0119 doda\u0107 suwak Przed i po do mojej witryny Squarespace bez umiej\u0119tno\u015bci kodowania?<\/h3>\r\n\r\n\t\t\t\t\t\t<div class=\"faq-item-question-icon\"><\/div>\r\n\t\t\t\t\t<\/div>\r\n\r\n\t\t\t\t\t<div class=\"faq-item-answer\">\r\n\t\t\t\t\t\t<div class=\"faq-item-answer-text\"> <p>Elfsight zapewnia rozwi\u0105zanie SaaS, kt\u00f3re umo\u017cliwia samodzielne utworzenie wid\u017cetu suwaka Przed i po , przekonaj si\u0119, jak \u0142atwy jest ten proces: Pracuj bezpo\u015brednio w edytorze online, aby utworzy\u0107 wid\u017cet suwaka Przed i Po, kt\u00f3ry chcesz zobaczy\u0107 na swojej stronie internetowej Squarespace. Wybierz jeden z gotowych szablon\u00f3w i dostosuj ustawienia suwaka Przed i po, dodaj tre\u015b\u0107, zmie\u0144 uk\u0142ad i kolory bez umiej\u0119tno\u015bci kodowania. Zapisz suwak Przed i po i skopiuj jego kod instalacyjny, kt\u00f3ry mo\u017cesz \u0142atwo umie\u015bci\u0107 na swojej stronie Squarespace bez kupowania p\u0142atnej subskrypcji. Dzi\u0119ki naszemu intuicyjnemu edytorowi ka\u017cdy u\u017cytkownik Internetu mo\u017ce utworzy\u0107 wid\u017cet suwaka \u201ePrzed i po\u201d online i \u0142atwo osadzi\u0107 go na swojej stronie internetowej Squarespace. Aby uzyska\u0107 dost\u0119p do us\u0142ugi, nie trzeba p\u0142aci\u0107 ani wprowadza\u0107 danych uwierzytelniaj\u0105cych karty. Je\u015bli na kt\u00f3rymkolwiek etapie napotkasz jakiekolwiek problemy, skontaktuj si\u0119 z naszym zespo\u0142em pomocy technicznej.<\/p> <\/div>\r\n\t\t\t\t\t<\/div>\r\n\t\t\t\t<\/div> <\/div><\/div>","protected":false},"excerpt":{"rendered":"","protected":false},"author":9,"featured_media":0,"parent":2568,"menu_order":0,"comment_status":"closed","ping_status":"closed","template":"templates\/template-application-platform.php","meta":{"publish_to_discourse":"","publish_post_category":"","wpdc_auto_publish_overridden":"","wpdc_topic_tags":"","wpdc_pin_topic":"","wpdc_pin_until":"","discourse_post_id":"","discourse_permalink":"","wpdc_publishing_response":"","wpdc_publishing_error":"","footnotes":""},"class_list":["post-4422","page","type-page","status-publish","hentry"],"yoast_head":"<!-- This site is optimized with the Yoast SEO plugin v25.3.1 - https:\/\/yoast.com\/wordpress\/plugins\/seo\/ -->\n<title>Suwak przed i po dla witryny Squarespace (bezp\u0142atny i szybki!)<\/title>\n<meta name=\"description\" content=\"Widget Slider kszta\u0142tu przed i po na Twojej stronie internetowej Squarespace. Przetestuj bezp\u0142atn\u0105 wersj\u0119 demonstracyjn\u0105 Elfsight i zaprojektuj suwak por\u00f3wnania w ci\u0105gu zaledwie kilku sekund.\" \/>\n<meta name=\"robots\" content=\"index, follow, max-snippet:-1, max-image-preview:large, max-video-preview:-1\" \/>\n<link rel=\"canonical\" href=\"https:\/\/elfsight.com\/pl\/before-and-after-slider-widget\/squarespace\/\" \/>\n<meta property=\"og:locale\" content=\"pl_PL\" \/>\n<meta property=\"og:type\" content=\"article\" \/>\n<meta property=\"og:title\" content=\"Suwak przed i po dla witryny Squarespace (bezp\u0142atny i szybki!)\" \/>\n<meta property=\"og:description\" content=\"Widget Slider kszta\u0142tu przed i po na Twojej stronie internetowej Squarespace. Przetestuj bezp\u0142atn\u0105 wersj\u0119 demonstracyjn\u0105 Elfsight i zaprojektuj suwak por\u00f3wnania w ci\u0105gu zaledwie kilku sekund.\" \/>\n<meta property=\"og:url\" content=\"https:\/\/elfsight.com\/pl\/before-and-after-slider-widget\/squarespace\/\" \/>\n<meta property=\"og:site_name\" content=\"Elfsight PL\" \/>\n<meta property=\"article:modified_time\" content=\"2025-06-26T13:49:56+00:00\" \/>\n<meta name=\"twitter:card\" content=\"summary_large_image\" \/>\n<meta name=\"twitter:label1\" content=\"Szacowany czas czytania\" \/>\n\t<meta name=\"twitter:data1\" content=\"3 minuty\" \/>\n<!-- \/ Yoast SEO plugin. -->","yoast_head_json":{"title":"Suwak przed i po dla witryny Squarespace (bezp\u0142atny i szybki!)","description":"Widget Slider kszta\u0142tu przed i po na Twojej stronie internetowej Squarespace. Przetestuj bezp\u0142atn\u0105 wersj\u0119 demonstracyjn\u0105 Elfsight i zaprojektuj suwak por\u00f3wnania w ci\u0105gu zaledwie kilku sekund.","robots":{"index":"index","follow":"follow","max-snippet":"max-snippet:-1","max-image-preview":"max-image-preview:large","max-video-preview":"max-video-preview:-1"},"canonical":"https:\/\/elfsight.com\/pl\/before-and-after-slider-widget\/squarespace\/","og_locale":"pl_PL","og_type":"article","og_title":"Suwak przed i po dla witryny Squarespace (bezp\u0142atny i szybki!)","og_description":"Widget Slider kszta\u0142tu przed i po na Twojej stronie internetowej Squarespace. Przetestuj bezp\u0142atn\u0105 wersj\u0119 demonstracyjn\u0105 Elfsight i zaprojektuj suwak por\u00f3wnania w ci\u0105gu zaledwie kilku sekund.","og_url":"https:\/\/elfsight.com\/pl\/before-and-after-slider-widget\/squarespace\/","og_site_name":"Elfsight PL","article_modified_time":"2025-06-26T13:49:56+00:00","twitter_card":"summary_large_image","twitter_misc":{"Szacowany czas czytania":"3 minuty"},"schema":{"@context":"https:\/\/schema.org","@graph":[{"@type":"WebPage","@id":"https:\/\/elfsight.com\/pl\/before-and-after-slider-widget\/squarespace\/","url":"https:\/\/elfsight.com\/pl\/before-and-after-slider-widget\/squarespace\/","name":"Suwak przed i po dla witryny Squarespace (bezp\u0142atny i szybki!)","isPartOf":{"@id":"https:\/\/elfsight.com\/pl\/#website"},"datePublished":"2024-05-03T06:30:16+00:00","dateModified":"2025-06-26T13:49:56+00:00","description":"Widget Slider kszta\u0142tu przed i po na Twojej stronie internetowej Squarespace. Przetestuj bezp\u0142atn\u0105 wersj\u0119 demonstracyjn\u0105 Elfsight i zaprojektuj suwak por\u00f3wnania w ci\u0105gu zaledwie kilku sekund.","breadcrumb":{"@id":"https:\/\/elfsight.com\/pl\/before-and-after-slider-widget\/squarespace\/#breadcrumb"},"inLanguage":"pl-PL","potentialAction":[{"@type":"ReadAction","target":["https:\/\/elfsight.com\/pl\/before-and-after-slider-widget\/squarespace\/"]}]},{"@type":"BreadcrumbList","@id":"https:\/\/elfsight.com\/pl\/before-and-after-slider-widget\/squarespace\/#breadcrumb","itemListElement":[{"@type":"ListItem","position":1,"name":"Home","item":"https:\/\/elfsight.com\/pl\/"},{"@type":"ListItem","position":2,"name":"Before and After Slider","item":"https:\/\/elfsight.com\/pl\/before-and-after-slider-widget\/"},{"@type":"ListItem","position":3,"name":"Before and After Slider &#8211; Squarespace"}]},{"@type":"WebSite","@id":"https:\/\/elfsight.com\/pl\/#website","url":"https:\/\/elfsight.com\/pl\/","name":"Elfsight PL","description":"Just another Elfsight Sites site","potentialAction":[{"@type":"SearchAction","target":{"@type":"EntryPoint","urlTemplate":"https:\/\/elfsight.com\/pl\/?s={search_term_string}"},"query-input":{"@type":"PropertyValueSpecification","valueRequired":true,"valueName":"search_term_string"}}],"inLanguage":"pl-PL"}]}},"meta_box":{"industry":"","seo_heading":"","heading":"","description":"","cta_heading":"","cta_description":"","application":"2567","h1":"Suwak przed i po dla Squarespace","h1_caption":"Przedstaw por\u00f3wnania dw\u00f3ch obraz\u00f3w, idealne do podkre\u015blenia transformacji lub \u0142atwego zaprezentowania zalet produktu w witrynie Squarespace.","application_category":[],"applications_title":"","applications_request_title":"","applications_request_button_text":"","hero_text":"","hero_video":"","hero_video_schema_markup":"","selling_points_title":"","selling_points_caption":"","selling_points":[],"selling_points_cta_text":"","features_title":"","features":"","ed_cta_examples_text":"","ed_cta_examples_hidden":"","ed_cta_demo_text":"","ed_cta_demo_hidden":"","why_caption":"","why_editor_title":"","why_editor_text":"","why_team_title":"","why_team_text":"","why_service_title":"","why_service_text":"","template_catalog_visible":"0","template_catalog_title":"","template_catalog_text":"","template_catalog_categories_visible":"","demo_title":"Utw\u00f3rz wtyczk\u0119 \u201ePrzed i po\u201d suwaka","demo_caption":"Skonfiguruj suwak \u201ePrzed i po\u201d i dodaj go do swojej witryny Squarespace za darmo!","default_faq_hidden":"","app_template_category":[],"platform":"7588","template_public_id":"","codecanyon_url":"","codecanyon_item_id":"","codecanyon_price":"","pricing_caption":"","pricing_elfsight_apps_hide_column":"","pricing_elfsight_apps_url":"","pricing_codecanyon_price_caption":"","integration_category":[],"integration_request_title":"","integration_request_cta":"","integration_platform":"","integrations":[],"platform_category":[],"video_schema_markup":"","price":"od 0 USD \/ miesi\u0105c","trial":"","benefits":[{"text":"Bezp\u0142atna pomoc w instalacji"},{"text":"Profesjonalna obs\u0142uga klienta"},{"text":"14-dniowa gwarancja zwrotu pieni\u0119dzy"}],"button_url":"#demo","button_target_blank":"0","button_nofollow":"0","attributes":[{"name":"Instaluje"},{"name":"Czu\u0142y"},{"name":"Kompatybilne przegl\u0105darki"}],"tags":[],"tags_disable_links":"0","hide_more_platforms":"0","video_object":"","demo_hide_cta":"0","demo_hide_cloud_options":"0","pricing_title":"","pricing":[{"pricing_icon":"platform","pricing_title":"Elfsight Apps","pricing_title_caption":"Oprogramowanie niezale\u017cne od platformy, kt\u00f3re pasuje do ka\u017cdej witryny","pricing_price":"od 0 USD \/ miesi\u0105c","pricing_price_caption":"zacznij od bezp\u0142atnego planu","pricing_benefits":[{"text":"Nielimitowane domeny"},{"text":"Profesjonalna obs\u0142uga klienta i dobrze udokumentowana"},{"text":"Bezp\u0142atna pomoc w instalacji"},{"text":"100% konfigurowalny"}],"pricing_button_text":"Dodaj do witryny","pricing_button_url":"#demo"}],"related_apps_title":"","related_apps_hidden":"0","author":"","image":[],"title":"","job":"","social_networks":[]},"_links":{"self":[{"href":"https:\/\/elfsight.com\/pl\/wp-json\/wp\/v2\/pages\/4422","targetHints":{"allow":["GET"]}}],"collection":[{"href":"https:\/\/elfsight.com\/pl\/wp-json\/wp\/v2\/pages"}],"about":[{"href":"https:\/\/elfsight.com\/pl\/wp-json\/wp\/v2\/types\/page"}],"author":[{"embeddable":true,"href":"https:\/\/elfsight.com\/pl\/wp-json\/wp\/v2\/users\/9"}],"replies":[{"embeddable":true,"href":"https:\/\/elfsight.com\/pl\/wp-json\/wp\/v2\/comments?post=4422"}],"version-history":[{"count":2,"href":"https:\/\/elfsight.com\/pl\/wp-json\/wp\/v2\/pages\/4422\/revisions"}],"predecessor-version":[{"id":7676,"href":"https:\/\/elfsight.com\/pl\/wp-json\/wp\/v2\/pages\/4422\/revisions\/7676"}],"up":[{"embeddable":true,"href":"https:\/\/elfsight.com\/pl\/wp-json\/wp\/v2\/pages\/2568"}],"wp:attachment":[{"href":"https:\/\/elfsight.com\/pl\/wp-json\/wp\/v2\/media?parent=4422"}],"curies":[{"name":"wp","href":"https:\/\/api.w.org\/{rel}","templated":true}]}}