{"id":4421,"date":"2024-05-03T06:30:15","date_gmt":"2024-05-03T06:30:15","guid":{"rendered":"https:\/\/elfsight.com\/pl\/?page_id=4421"},"modified":"2024-11-14T09:22:49","modified_gmt":"2024-11-14T09:22:49","slug":"webflow","status":"publish","type":"page","link":"https:\/\/elfsight.com\/pl\/before-and-after-slider-widget\/webflow\/","title":{"rendered":"Before and After Slider &#8211; Webflow"},"content":{"rendered":"<div class=\"application-platform-content-item-description application-platform-content-item\" id=\"description\" data-nav-section=\"description\"> <h2>Umie\u015b\u0107 suwak przed i po w Webflow za pomoc\u0105 wid\u017cetu Elfsight<\/h2> <p> Suwak przed i po firmy Elfsight umo\u017cliwia publikowanie zdumiewaj\u0105cych wynik\u00f3w sprzeda\u017cy obrazy dla Twojej witryny. U\u017cytkownicy od razu widz\u0105 wszystkie zmiany, jakie wprowadzaj\u0105 Twoje produkty lub us\u0142ugi. Po prostu prze\u015blij dwa zdj\u0119cia do suwaka \u201ePrzed i po\u201d dla Webflow, a zostan\u0105 one pokazane z ruchomym rozdzielaczem, aby zobaczy\u0107 r\u00f3\u017cnic\u0119. Mo\u017cesz tworzy\u0107 nieograniczon\u0105 liczb\u0119 slajd\u00f3w oraz dodawa\u0107 podpisy i etykiety. Orientacja rozdzielacza oferuje dwie opcje: poziom\u0105 lub pionow\u0105, a Ty mo\u017cesz wybra\u0107 najlepszy wsp\u00f3\u0142czynnik obrazu. Twoi odwiedzaj\u0105cy nie umkn\u0105 dokonaniu zakupu, gdy dowiedz\u0105 si\u0119, jaki jest faktyczny wynik| swoich produkt\u00f3w! <\/p> <p><b>Wstaw przed &amp; po suwaku, aby szybciej realizowa\u0107 swoje cele e-commerce! <\/b><\/p> <\/div> <div class=\"application-platform-content-item-features application-platform-content-item\" id=\"features\" data-nav-section=\"features\"> <h2>Poni\u017cej znajduj\u0105 si\u0119 podstawowe funkcje wid\u017cetu: <\/h2> <ul><li>Nieograniczony kszta\u0142t kilku zdj\u0119\u0107 przed i po<\/li> <li>Dodaj podpisy z opcjami formatowania tekstu do ka\u017cdego slajdu<\/li><li>Dwa uk\u0142ady: lista i karuzela<\/li><li>Pozioma lub pionowa orientacja separatora<\/li><li>Kliknij i przeci\u0105gnij lub po prostu najed\u017a, aby przesun\u0105\u0107 podzia\u0142k\u0119.<\/li><li>Przesu\u0144 palcem na urz\u0105dzeniach z ekranem dotykowym<\/li><\/ul><p><a href=\"#demo\">Wystarczy wypr\u00f3bowa\u0107 t\u0119 wersj\u0119 demonstracyjn\u0105, aby zrozumie\u0107 funkcjonalno\u015b\u0107 wid\u017cetu<\/a><\/p> <\/div> <div class=\"application-platform-content-item-installation application-platform-content-item\" id=\"installation\" data-nav-section=\"installation\"> <h2>Jak osadzi\u0107 suwak Przed i Po w mojej witrynie Webflow? <\/h2><div class=\"video-container\"><iframe width=\"720\" height=\"405\" src=\"https:\/\/www.youtube.com\/embed\/hEd6vYElvlc\" frameborder=\"0\" allowfullscreen=\"\"><\/iframe><\/div><p>Wystarczy wykona\u0107 kilka krok\u00f3w przedstawionych poni\u017cej, aby zintegrowa\u0107 narz\u0119dzie. <\/p> <ol><li><b>Skorzystaj z naszego bezp\u0142atnego edytora i zacznij tworzy\u0107 w\u0142asn\u0105 wtyczk\u0119. <\/b><br> Okre\u015bl preferowan\u0105 form\u0119 i aspekty wid\u017cetu i zapisz zmiany. <\/li> <li><b>Odkryj sw\u00f3j unikalny kod w polu aplikacji Elfsight<\/b><br> Zaraz po zako\u0144czeniu generowania Twojego osobistego narz\u0119dzia skopiuj ekskluzywny kod z wy\u015bwietlonego pola i zachowaj go do p\u00f3\u017aniejszego wykorzystania. <\/li> <li><b>Rozpocznij korzystanie z wtyczki na stronie Webflow<\/b><br> Dodaj kod zapisany wcze\u015bniej na swojej stronie g\u0142\u00f3wnej i zapisz poprawki. <\/li> <li><b>Gotowe! Konfiguracja zosta\u0142a zako\u0144czona.<\/b><br> Odwied\u017a swoj\u0105 stron\u0119 internetow\u0105, aby sprawdzi\u0107 dzia\u0142anie narz\u0119dzia. <\/li><\/ol> <p>W przypadku pyta\u0144 lub napotkania trudno\u015bci prosimy napisa\u0107 do naszego personelu obs\u0142ugi klienta. Nasi ludzie ch\u0119tnie pomog\u0105 Ci we wszystkich problemach, jakie mo\u017cesz mie\u0107 z wtyczk\u0105. <\/p> <div class=\"faq\" data-component=\"FAQ\"><div class=\"faq-item\">\r\n\t\t\t\t\t<div class=\"faq-item-question\">\r\n\t\t\t\t\t\t<h3 class=\"faq-item-question-text\">Jak doda\u0107 suwak Przed i po do mojej witryny Webflow bez umiej\u0119tno\u015bci kodowania?<\/h3>\r\n\r\n\t\t\t\t\t\t<div class=\"faq-item-question-icon\"><\/div>\r\n\t\t\t\t\t<\/div>\r\n\r\n\t\t\t\t\t<div class=\"faq-item-answer\">\r\n\t\t\t\t\t\t<div class=\"faq-item-answer-text\"> <p>Elfsight zapewnia rozwi\u0105zanie SaaS, kt\u00f3re umo\u017cliwia samodzielne utworzenie wid\u017cetu suwaka Przed i Po, przekonaj si\u0119, jak \u0142atwy jest ten proces: Pracuj bezpo\u015brednio w edytorze online, aby utworzy\u0107 wid\u017cet suwaka \u201ePrzed\u201d i \u201ePo\u201d, kt\u00f3ry chcesz zobaczy\u0107 na swojej stronie internetowej Webflow. Wybierz jeden z gotowych szablon\u00f3w i dostosuj ustawienia suwaka Przed i po, dodaj tre\u015b\u0107, zmie\u0144 uk\u0142ad i kolory bez umiej\u0119tno\u015bci kodowania. Zapisz suwak Przed i po i skopiuj jego kod instalacyjny, kt\u00f3ry mo\u017cesz bez problemu wklei\u0107 na swojej stronie Webflow bez konieczno\u015bci zakupu p\u0142atnej subskrypcji. Dzi\u0119ki naszemu intuicyjnemu edytorowi ka\u017cdy u\u017cytkownik Internetu mo\u017ce utworzy\u0107 wid\u017cet suwaka \u201ePrzed i po\u201d online i \u0142atwo osadzi\u0107 go na swojej stronie internetowej Webflow. Aby uzyska\u0107 dost\u0119p do us\u0142ugi, nie trzeba p\u0142aci\u0107 ani wprowadza\u0107 danych uwierzytelniaj\u0105cych karty. Je\u015bli na kt\u00f3rymkolwiek etapie napotkasz jakiekolwiek problemy, skontaktuj si\u0119 z naszym zespo\u0142em pomocy technicznej.<\/p> <\/div>\r\n\t\t\t\t\t<\/div>\r\n\t\t\t\t<\/div> <\/div><\/div>","protected":false},"excerpt":{"rendered":"","protected":false},"author":9,"featured_media":0,"parent":2568,"menu_order":0,"comment_status":"closed","ping_status":"closed","template":"templates\/template-application-platform.php","meta":{"publish_to_discourse":"","publish_post_category":"","wpdc_auto_publish_overridden":"","wpdc_topic_tags":"","wpdc_pin_topic":"","wpdc_pin_until":"","discourse_post_id":"","discourse_permalink":"","wpdc_publishing_response":"","wpdc_publishing_error":"","footnotes":""},"class_list":["post-4421","page","type-page","status-publish","hentry"],"yoast_head":"<!-- This site is optimized with the Yoast SEO plugin v25.3.1 - https:\/\/yoast.com\/wordpress\/plugins\/seo\/ -->\n<title>Suwak \u201eprzed i po\u201d dla witryny Webflow (bezp\u0142atny i szybki!)<\/title>\n<meta name=\"description\" content=\"Umie\u015b\u0107 elastyczny wid\u017cet suwaka \u201ePrzed i po\u201d na swojej stronie internetowej Webflow. Wypr\u00f3buj w pe\u0142ni funkcjonaln\u0105 wersj\u0119 demonstracyjn\u0105 Elfsight i stw\u00f3rz spersonalizowany suwak por\u00f3wnania.\" \/>\n<meta name=\"robots\" content=\"index, follow, max-snippet:-1, max-image-preview:large, max-video-preview:-1\" \/>\n<link rel=\"canonical\" href=\"https:\/\/elfsight.com\/pl\/before-and-after-slider-widget\/webflow\/\" \/>\n<meta property=\"og:locale\" content=\"pl_PL\" \/>\n<meta property=\"og:type\" content=\"article\" \/>\n<meta property=\"og:title\" content=\"Suwak \u201eprzed i po\u201d dla witryny Webflow (bezp\u0142atny i szybki!)\" \/>\n<meta property=\"og:description\" content=\"Umie\u015b\u0107 elastyczny wid\u017cet suwaka \u201ePrzed i po\u201d na swojej stronie internetowej Webflow. Wypr\u00f3buj w pe\u0142ni funkcjonaln\u0105 wersj\u0119 demonstracyjn\u0105 Elfsight i stw\u00f3rz spersonalizowany suwak por\u00f3wnania.\" \/>\n<meta property=\"og:url\" content=\"https:\/\/elfsight.com\/pl\/before-and-after-slider-widget\/webflow\/\" \/>\n<meta property=\"og:site_name\" content=\"Elfsight PL\" \/>\n<meta property=\"article:modified_time\" content=\"2024-11-14T09:22:49+00:00\" \/>\n<meta name=\"twitter:card\" content=\"summary_large_image\" \/>\n<meta name=\"twitter:label1\" content=\"Szacowany czas czytania\" \/>\n\t<meta name=\"twitter:data1\" content=\"3 minuty\" \/>\n<!-- \/ Yoast SEO plugin. -->","yoast_head_json":{"title":"Suwak \u201eprzed i po\u201d dla witryny Webflow (bezp\u0142atny i szybki!)","description":"Umie\u015b\u0107 elastyczny wid\u017cet suwaka \u201ePrzed i po\u201d na swojej stronie internetowej Webflow. Wypr\u00f3buj w pe\u0142ni funkcjonaln\u0105 wersj\u0119 demonstracyjn\u0105 Elfsight i stw\u00f3rz spersonalizowany suwak por\u00f3wnania.","robots":{"index":"index","follow":"follow","max-snippet":"max-snippet:-1","max-image-preview":"max-image-preview:large","max-video-preview":"max-video-preview:-1"},"canonical":"https:\/\/elfsight.com\/pl\/before-and-after-slider-widget\/webflow\/","og_locale":"pl_PL","og_type":"article","og_title":"Suwak \u201eprzed i po\u201d dla witryny Webflow (bezp\u0142atny i szybki!)","og_description":"Umie\u015b\u0107 elastyczny wid\u017cet suwaka \u201ePrzed i po\u201d na swojej stronie internetowej Webflow. Wypr\u00f3buj w pe\u0142ni funkcjonaln\u0105 wersj\u0119 demonstracyjn\u0105 Elfsight i stw\u00f3rz spersonalizowany suwak por\u00f3wnania.","og_url":"https:\/\/elfsight.com\/pl\/before-and-after-slider-widget\/webflow\/","og_site_name":"Elfsight PL","article_modified_time":"2024-11-14T09:22:49+00:00","twitter_card":"summary_large_image","twitter_misc":{"Szacowany czas czytania":"3 minuty"},"schema":{"@context":"https:\/\/schema.org","@graph":[{"@type":"WebPage","@id":"https:\/\/elfsight.com\/pl\/before-and-after-slider-widget\/webflow\/","url":"https:\/\/elfsight.com\/pl\/before-and-after-slider-widget\/webflow\/","name":"Suwak \u201eprzed i po\u201d dla witryny Webflow (bezp\u0142atny i szybki!)","isPartOf":{"@id":"https:\/\/elfsight.com\/pl\/#website"},"datePublished":"2024-05-03T06:30:15+00:00","dateModified":"2024-11-14T09:22:49+00:00","description":"Umie\u015b\u0107 elastyczny wid\u017cet suwaka \u201ePrzed i po\u201d na swojej stronie internetowej Webflow. Wypr\u00f3buj w pe\u0142ni funkcjonaln\u0105 wersj\u0119 demonstracyjn\u0105 Elfsight i stw\u00f3rz spersonalizowany suwak por\u00f3wnania.","breadcrumb":{"@id":"https:\/\/elfsight.com\/pl\/before-and-after-slider-widget\/webflow\/#breadcrumb"},"inLanguage":"pl-PL","potentialAction":[{"@type":"ReadAction","target":["https:\/\/elfsight.com\/pl\/before-and-after-slider-widget\/webflow\/"]}]},{"@type":"BreadcrumbList","@id":"https:\/\/elfsight.com\/pl\/before-and-after-slider-widget\/webflow\/#breadcrumb","itemListElement":[{"@type":"ListItem","position":1,"name":"Home","item":"https:\/\/elfsight.com\/pl\/"},{"@type":"ListItem","position":2,"name":"Before and After Slider","item":"https:\/\/elfsight.com\/pl\/before-and-after-slider-widget\/"},{"@type":"ListItem","position":3,"name":"Before and After Slider &#8211; Webflow"}]},{"@type":"WebSite","@id":"https:\/\/elfsight.com\/pl\/#website","url":"https:\/\/elfsight.com\/pl\/","name":"Elfsight PL","description":"Just another Elfsight Sites site","potentialAction":[{"@type":"SearchAction","target":{"@type":"EntryPoint","urlTemplate":"https:\/\/elfsight.com\/pl\/?s={search_term_string}"},"query-input":{"@type":"PropertyValueSpecification","valueRequired":true,"valueName":"search_term_string"}}],"inLanguage":"pl-PL"}]}},"meta_box":{"industry":"","seo_heading":"","heading":"","description":"","cta_heading":"","cta_description":"","application":"2567","h1":"Suwak \u201ePrzed i Po\u201d dla Webflow","h1_caption":"Przedstaw por\u00f3wnania dw\u00f3ch obraz\u00f3w, idealne do podkre\u015blenia transformacji lub \u0142atwego zaprezentowania zalet produktu w witrynie Webflow.","application_category":[],"applications_title":"","applications_request_title":"","applications_request_button_text":"","hero_text":"","hero_video":"","hero_video_schema_markup":"","selling_points_title":"","selling_points_caption":"","selling_points":[],"selling_points_cta_text":"","features_title":"","features":"","ed_cta_examples_text":"","ed_cta_examples_hidden":"","ed_cta_demo_text":"","ed_cta_demo_hidden":"","why_caption":"","why_editor_title":"","why_editor_text":"","why_team_title":"","why_team_text":"","why_service_title":"","why_service_text":"","template_catalog_visible":"","template_catalog_title":"","template_catalog_text":"","template_catalog_categories_visible":"","demo_title":"Utw\u00f3rz wid\u017cet suwaka \u201ePrzed i po\u201d.","demo_caption":"Skonfiguruj suwak \u201ePrzed i Po\u201d i dodaj go za darmo do swojej witryny Webflow!","default_faq_hidden":"","app_template_category":[],"platform":"127","template_public_id":"","codecanyon_url":"","codecanyon_item_id":"","codecanyon_price":"","pricing_caption":"","pricing_elfsight_apps_hide_column":"","pricing_elfsight_apps_url":"","pricing_codecanyon_price_caption":"","integration_category":[],"integration_request_title":"","integration_request_cta":"","integration_platform":"","integrations":[],"platform_category":[],"video_schema_markup":"","price":"od 0 USD \/ miesi\u0105c","trial":"","benefits":[{"text":"Bezp\u0142atna pomoc w instalacji"},{"text":"Wyj\u0105tkowe wsparcie"},{"text":"14-dniowa gwarancja zwrotu pieni\u0119dzy"}],"button_url":"#demo","button_target_blank":"","button_nofollow":"","attributes":[{"name":"Instaluje"},{"name":"Czu\u0142y"},{"name":"Kompatybilne przegl\u0105darki"}],"tags":[],"tags_disable_links":"","hide_more_platforms":"","video_object":"","demo_hide_cta":"","demo_hide_cloud_options":"","pricing_title":"","pricing":[{"pricing_icon":"platform","pricing_title":"Elfsight Apps","pricing_title_caption":"Oprogramowanie wieloplatformowe, kt\u00f3re pasuje do ka\u017cdej witryny internetowej","pricing_price":"od 0 USD \/ miesi\u0105c","pricing_price_caption":"zacznij od bezp\u0142atnego planu","pricing_benefits":[{"text":"Nieograniczona liczba stron internetowych"},{"text":"Profesjonalne wsparcie"},{"text":"Bezp\u0142atna us\u0142uga monta\u017cu"},{"text":"Oferta specjalna na wiele aplikacji"}],"pricing_button_text":"Dodaj do witryny","pricing_button_url":"#demo"}],"related_apps_title":"","related_apps_hidden":"","author":"","image":[],"title":"","job":"","social_networks":[]},"_links":{"self":[{"href":"https:\/\/elfsight.com\/pl\/wp-json\/wp\/v2\/pages\/4421","targetHints":{"allow":["GET"]}}],"collection":[{"href":"https:\/\/elfsight.com\/pl\/wp-json\/wp\/v2\/pages"}],"about":[{"href":"https:\/\/elfsight.com\/pl\/wp-json\/wp\/v2\/types\/page"}],"author":[{"embeddable":true,"href":"https:\/\/elfsight.com\/pl\/wp-json\/wp\/v2\/users\/9"}],"replies":[{"embeddable":true,"href":"https:\/\/elfsight.com\/pl\/wp-json\/wp\/v2\/comments?post=4421"}],"version-history":[{"count":2,"href":"https:\/\/elfsight.com\/pl\/wp-json\/wp\/v2\/pages\/4421\/revisions"}],"predecessor-version":[{"id":7675,"href":"https:\/\/elfsight.com\/pl\/wp-json\/wp\/v2\/pages\/4421\/revisions\/7675"}],"up":[{"embeddable":true,"href":"https:\/\/elfsight.com\/pl\/wp-json\/wp\/v2\/pages\/2568"}],"wp:attachment":[{"href":"https:\/\/elfsight.com\/pl\/wp-json\/wp\/v2\/media?parent=4421"}],"curies":[{"name":"wp","href":"https:\/\/api.w.org\/{rel}","templated":true}]}}