{"id":442,"date":"2020-11-19T15:09:36","date_gmt":"2020-11-19T15:09:36","guid":{"rendered":"https:\/\/elfsight.com\/pl\/?page_id=442"},"modified":"2021-04-21T13:44:58","modified_gmt":"2021-04-21T13:44:58","slug":"fusion-plugins","status":"publish","type":"page","link":"https:\/\/elfsight.com\/pl\/fusion-plugins\/","title":{"rendered":"Fusion plugins"},"content":{"rendered":"\n<h2>Najskuteczniejsze pluginy Elfsight dla wszystkich potrzeb\u00f3w twojej witryny internetowej Fusion<\/h2>\n\n<p>W ci\u0105gu kilku lat nasz zesp\u00f3\u0142 deweloper\u00f3w Elfsight tworzy przyjazne dla u\u017cytkownika i wszechstronne wtyczki chmurowe dla Twojej strony internetowej. Elfsight gwarantuje najwy\u017cszej klasy pomoc techniczn\u0105 i szybkie \u0142adowanie. Dodatki Elfsight wspomagaj\u0105 w\u0142a\u015bcicielom serwis\u00f3w www, niekomercyjnych i innym z ca\u0142ego \u015bwiata upora\u0107 si\u0119 z g\u0142\u00f3wnymi celami efektywniej. \n<\/p>\n\n<p>A\u017ceby podnie\u015b\u0107 liczb\u0119 potencjalnych klient\u00f3w, pokaza\u0107 pozytywne odpowiedzi na Twoje us\u0142ugi, zwi\u0119kszy\u0107 zaufanie do swojej marki, przez wbudowanie aplikacji do swojej strony internetowej. Nasze plany taryfowe wahaj\u0105 si\u0119 od bezp\u0142atnych do premium. \u0141atwo zintegrowa\u0107 wszelkie odpowiednie rozszerzenia korzystaj\u0105c z naszej wersji demonstracyjnej i zobacz jak bardzo mo\u017ce to by\u0107 korzystne w kwestii rozwoju strony Web Pa\u0144stwa firmy. <\/p>\n\n<h2>Co czyni nasze widgety Fusion s\u0105 wyj\u0105tkowymi rozwi\u0105zaniami dla Twojej strony www? <\/h2>\n\n<p> Sprawd\u017a list\u0119 podstawowych jako\u015bci naszych widget\u00f3w, kt\u00f3re umo\u017cliwiaj\u0105 nam wyprzedzi\u0107 konkurencj\u0119: <\/p>\n\n\n<ul>\n<li> Nieodp\u0142atna i sprawna obs\u0142uga przy dodaniu lub customizacji wtyczek; <\/li>\n<li> W pe\u0142ni responsywne do wszystkich rozdzielczo\u015bci stron internetowych i przyjazne dla urz\u0105dze\u0144 mobilnych; <\/li>\n<li> Nie musicie prosi\u0107 o pomoc programisty; <\/li>\n<li> Szeroka r\u00f3\u017cnorodno\u015b\u0107 ustawie\u0144 dostosowywania; <\/li>\n<li> Oparte na chmurze widgety pomagaj\u0105 zwi\u0119kszy\u0107 pr\u0119dko\u015b\u0107 \u0142adowania strony; <\/li>\n<li> Wszystkie dost\u0119pne poprawki s\u0105 darmowe i regularnie publikowane; <\/li>\n<li> Uczciwe ceny; <\/li>\n<li> Szybka pomoc z problemami klient\u00f3w. <\/li>\n<\/ul>\n\n<p> Sprawd\u017a wolne wersje Lite naszych plugin\u00f3w i osi\u0105gnij jej potencja\u0142 lub kup dowolne wymagane rozwi\u0105zanie z 20% zni\u017ck\u0105. <\/p>\n\n\n<h2> W jaki spos\u00f3b zintegrowa\u0107 rozszerzenia Elfsight na Pa\u0144stwa stronie Web Fusion <\/h2>\n\n<p> Mo\u017cesz wbudowa\u0107 nasze wid\u017cety, wykonuj\u0105c czynno\u015bci z \u0142atwej wskaz\u00f3wki: <\/p>\n\n\n<ol>\n<li> Wybierz wymagany dodatek; <\/li>\n<li> Zmie\u0144 wszystkie potrzebne konfiguracji; <\/li>\n<li> Kliknij przycisk &#8222;Zapisz Zmiany&#8221;; <\/li>\n<li> Otrzymaj generowany kod; <\/li>\n<li> Zainstaluj go w potrzebnym miejscu Pa\u0144stwa strony lub szablonu; <\/li>\n<li> Gotowe! Zainstalowa\u0142e\u015b wid\u017cet. <\/li>\n<\/ol>\n\n<p> Je\u015bli chcesz uzyska\u0107 pomoc, prosimy poinformowa\u0107 o tym zespo\u0142 obs\u0142ugi Elfsight. <\/p>\n","protected":false},"excerpt":{"rendered":"Najskuteczniejsze pluginy Elfsight dla wszystkich potrzeb\u00f3w twojej witryny internetowej Fusion W ci\u0105gu kilku lat nasz zesp\u00f3\u0142 deweloper\u00f3w Elfsight tworzy przyjazne dla u\u017cytkownika i wszechstronne wtyczki chmurowe dla Twojej strony internetowej. Elfsight gwarantuje najwy\u017cszej klasy pomoc techniczn\u0105 i szybkie \u0142adowanie. Dodatki Elfsight wspomagaj\u0105 w\u0142a\u015bcicielom serwis\u00f3w www, niekomercyjnych i innym z ca\u0142ego&#8230;","protected":false},"author":13,"featured_media":0,"parent":0,"menu_order":0,"comment_status":"closed","ping_status":"closed","template":"templates\/template-platform.php","meta":{"publish_to_discourse":"","publish_post_category":"","wpdc_auto_publish_overridden":"","wpdc_topic_tags":"","wpdc_pin_topic":"","wpdc_pin_until":"","discourse_post_id":"","discourse_permalink":"","wpdc_publishing_response":"","wpdc_publishing_error":"","footnotes":""},"class_list":["post-442","page","type-page","status-publish","hentry"],"yoast_head":"<!-- This site is optimized with the Yoast SEO plugin v25.3.1 - https:\/\/yoast.com\/wordpress\/plugins\/seo\/ -->\n<title>Ponad 80 najlepszych darmowych Fusion plugin\u00f3w dla strony internetowej<\/title>\n<meta name=\"description\" content=\"Katalog sprawdzonych gratisowych rozszerze\u0144 najwy\u017cszej klasy dla witryny Fusion. Pom\u00f3c z personalizacj\u0105 a tak\u017ce rozbudowana gama mo\u017cliwo\u015bci.\" \/>\n<meta name=\"robots\" content=\"index, follow, max-snippet:-1, max-image-preview:large, max-video-preview:-1\" \/>\n<link rel=\"canonical\" href=\"https:\/\/elfsight.com\/pl\/fusion-plugins\/\" \/>\n<meta property=\"og:locale\" content=\"pl_PL\" \/>\n<meta property=\"og:type\" content=\"article\" \/>\n<meta property=\"og:title\" content=\"Ponad 80 najlepszych darmowych Fusion plugin\u00f3w dla strony internetowej\" \/>\n<meta property=\"og:description\" content=\"Katalog sprawdzonych gratisowych rozszerze\u0144 najwy\u017cszej klasy dla witryny Fusion. Pom\u00f3c z personalizacj\u0105 a tak\u017ce rozbudowana gama mo\u017cliwo\u015bci.\" \/>\n<meta property=\"og:url\" content=\"https:\/\/elfsight.com\/pl\/fusion-plugins\/\" \/>\n<meta property=\"og:site_name\" content=\"Elfsight PL\" \/>\n<meta property=\"article:modified_time\" content=\"2021-04-21T13:44:58+00:00\" \/>\n<meta name=\"twitter:card\" content=\"summary_large_image\" \/>\n<meta name=\"twitter:label1\" content=\"Szacowany czas czytania\" \/>\n\t<meta name=\"twitter:data1\" content=\"2 minuty\" \/>\n<!-- \/ Yoast SEO plugin. -->","yoast_head_json":{"title":"Ponad 80 najlepszych darmowych Fusion plugin\u00f3w dla strony internetowej","description":"Katalog sprawdzonych gratisowych rozszerze\u0144 najwy\u017cszej klasy dla witryny Fusion. Pom\u00f3c z personalizacj\u0105 a tak\u017ce rozbudowana gama mo\u017cliwo\u015bci.","robots":{"index":"index","follow":"follow","max-snippet":"max-snippet:-1","max-image-preview":"max-image-preview:large","max-video-preview":"max-video-preview:-1"},"canonical":"https:\/\/elfsight.com\/pl\/fusion-plugins\/","og_locale":"pl_PL","og_type":"article","og_title":"Ponad 80 najlepszych darmowych Fusion plugin\u00f3w dla strony internetowej","og_description":"Katalog sprawdzonych gratisowych rozszerze\u0144 najwy\u017cszej klasy dla witryny Fusion. Pom\u00f3c z personalizacj\u0105 a tak\u017ce rozbudowana gama mo\u017cliwo\u015bci.","og_url":"https:\/\/elfsight.com\/pl\/fusion-plugins\/","og_site_name":"Elfsight PL","article_modified_time":"2021-04-21T13:44:58+00:00","twitter_card":"summary_large_image","twitter_misc":{"Szacowany czas czytania":"2 minuty"},"schema":{"@context":"https:\/\/schema.org","@graph":[{"@type":"WebPage","@id":"https:\/\/elfsight.com\/pl\/fusion-plugins\/","url":"https:\/\/elfsight.com\/pl\/fusion-plugins\/","name":"Ponad 80 najlepszych darmowych Fusion plugin\u00f3w dla strony internetowej","isPartOf":{"@id":"https:\/\/elfsight.com\/pl\/#website"},"datePublished":"2020-11-19T15:09:36+00:00","dateModified":"2021-04-21T13:44:58+00:00","description":"Katalog sprawdzonych gratisowych rozszerze\u0144 najwy\u017cszej klasy dla witryny Fusion. Pom\u00f3c z personalizacj\u0105 a tak\u017ce rozbudowana gama mo\u017cliwo\u015bci.","breadcrumb":{"@id":"https:\/\/elfsight.com\/pl\/fusion-plugins\/#breadcrumb"},"inLanguage":"pl-PL","potentialAction":[{"@type":"ReadAction","target":["https:\/\/elfsight.com\/pl\/fusion-plugins\/"]}]},{"@type":"BreadcrumbList","@id":"https:\/\/elfsight.com\/pl\/fusion-plugins\/#breadcrumb","itemListElement":[{"@type":"ListItem","position":1,"name":"Home","item":"https:\/\/elfsight.com\/pl\/"},{"@type":"ListItem","position":2,"name":"Fusion plugins"}]},{"@type":"WebSite","@id":"https:\/\/elfsight.com\/pl\/#website","url":"https:\/\/elfsight.com\/pl\/","name":"Elfsight PL","description":"Just another Elfsight Sites site","potentialAction":[{"@type":"SearchAction","target":{"@type":"EntryPoint","urlTemplate":"https:\/\/elfsight.com\/pl\/?s={search_term_string}"},"query-input":{"@type":"PropertyValueSpecification","valueRequired":true,"valueName":"search_term_string"}}],"inLanguage":"pl-PL"}]}},"meta_box":{"industry":"","seo_heading":"","heading":"","description":"","cta_heading":"","cta_description":"","application":"","h1":"Najlepsze pluginy Fusion","h1_caption":"Gratisowy spis Plug&Play plugin\u00f3w pierwszej klasy z szerok\u0105 gam\u0105 funkcji dla powi\u0119kszania aktywno\u015bci u\u017cytkownika oraz dokonania wszystkich podstawowych zada\u0144 marketingowych. \u0141atwa implementacja, obszerny zakres mo\u017cliwo\u015bci modyfikacji i do\u017cywotnie wsparcie klienta.","application_category":[],"applications_title":"Spr\u00f3buj najlepszi pluginy dla twojej strony internetowej w\u015br\u00f3d wszystkich rozszerze\u0144 gratisowych w wersji demonstracyjnej","applications_request_title":"Nie mo\u017cesz znale\u017a\u0107 odpowiedniego plugina?","applications_request_button_text":"Zam\u00f3w plugin","hero_text":"","hero_video":"","hero_video_schema_markup":"","selling_points_title":"","selling_points_caption":"","selling_points":[],"selling_points_cta_text":"","features_title":"","features":"","ed_cta_examples_text":"","ed_cta_examples_hidden":"","ed_cta_demo_text":"","ed_cta_demo_hidden":"","why_caption":"","why_editor_title":"","why_editor_text":"","why_team_title":"","why_team_text":"","why_service_title":"","why_service_text":"","template_catalog_visible":"","template_catalog_title":"","template_catalog_text":"","template_catalog_categories_visible":"","demo_title":"","demo_caption":"","default_faq_hidden":"","app_template_category":[],"platform":"439","template_public_id":"","codecanyon_url":"","codecanyon_item_id":"","codecanyon_price":"","pricing_caption":"","pricing_elfsight_apps_hide_column":"","pricing_elfsight_apps_url":"","pricing_codecanyon_price_caption":"","integration_category":[],"integration_request_title":"","integration_request_cta":"","integration_platform":"","integrations":[],"platform_category":[],"video_schema_markup":"","price":"","trial":"","benefits":[],"button_url":"","button_target_blank":"","button_nofollow":"","attributes":[],"tags":[],"tags_disable_links":"","hide_more_platforms":"","video_object":"","demo_hide_cta":"","demo_hide_cloud_options":"","pricing_title":"","pricing":[],"related_apps_title":"","related_apps_hidden":"","author":"","image":[],"title":"","job":"","social_networks":[]},"_links":{"self":[{"href":"https:\/\/elfsight.com\/pl\/wp-json\/wp\/v2\/pages\/442","targetHints":{"allow":["GET"]}}],"collection":[{"href":"https:\/\/elfsight.com\/pl\/wp-json\/wp\/v2\/pages"}],"about":[{"href":"https:\/\/elfsight.com\/pl\/wp-json\/wp\/v2\/types\/page"}],"author":[{"embeddable":true,"href":"https:\/\/elfsight.com\/pl\/wp-json\/wp\/v2\/users\/13"}],"replies":[{"embeddable":true,"href":"https:\/\/elfsight.com\/pl\/wp-json\/wp\/v2\/comments?post=442"}],"version-history":[{"count":2,"href":"https:\/\/elfsight.com\/pl\/wp-json\/wp\/v2\/pages\/442\/revisions"}],"predecessor-version":[{"id":444,"href":"https:\/\/elfsight.com\/pl\/wp-json\/wp\/v2\/pages\/442\/revisions\/444"}],"wp:attachment":[{"href":"https:\/\/elfsight.com\/pl\/wp-json\/wp\/v2\/media?parent=442"}],"curies":[{"name":"wp","href":"https:\/\/api.w.org\/{rel}","templated":true}]}}