{"id":4416,"date":"2024-05-03T06:30:14","date_gmt":"2024-05-03T06:30:14","guid":{"rendered":"https:\/\/elfsight.com\/pl\/?page_id=4416"},"modified":"2024-11-14T09:22:41","modified_gmt":"2024-11-14T09:22:41","slug":"webnode","status":"publish","type":"page","link":"https:\/\/elfsight.com\/pl\/before-and-after-slider-widget\/webnode\/","title":{"rendered":"Before and After Slider &#8211; Webnode"},"content":{"rendered":"<div class=\"application-platform-content-item-description application-platform-content-item\" id=\"description\" data-nav-section=\"description\"> <h2>Opis<\/h2> <p> Slider Przed i Po firmy Elfsight pozwala wy\u015bwietla\u0107 imponuj\u0105ce obrazy zwi\u0119kszaj\u0105ce sprzeda\u017c w Twojej witrynie. Klienci mog\u0105 pozna\u0107 wszystkie zmiany, jakie wprowadzaj\u0105 Twoje towary lub us\u0142ugi. Po prostu prze\u015blij dwa zdj\u0119cia do suwaka \u201ePrzed i po\u201d dla Webnode, a zostan\u0105 one wyposa\u017cone w rozdzielacz, kt\u00f3ry mo\u017cna przesuwa\u0107, aby zobaczy\u0107 r\u00f3\u017cnic\u0119. Mo\u017cesz publikowa\u0107 nieograniczon\u0105 liczb\u0119 slajd\u00f3w oraz dodawa\u0107 podpisy i etykiety. Orientacja przesuwania mo\u017ce by\u0107 pozioma lub pionowa i mo\u017cesz wybra\u0107 najbardziej odpowiedni wsp\u00f3\u0142czynnik obrazu. Twoi klienci na pewno dokonaj\u0105 zakupu, gdy zobacz\u0105 rzeczywisty efekt| z Twoich ofert! <\/p> <p><b>Wstaw przed &amp; po suwaku, aby osi\u0105gn\u0105\u0107 swoje cele e-commerce przy mniejszym wysi\u0142ku! <\/b><\/p> <\/div> <div class=\"application-platform-content-item-features application-platform-content-item\" id=\"features\" data-nav-section=\"features\"> <h2>Najpopularniejsze funkcje wid\u017cet\u00f3w zawieraj\u0105<\/h2> <ul><li>Pokazuj nieograniczon\u0105 liczb\u0119 zdj\u0119\u0107 przed i po<\/li> <li>Wstaw podpisy z opcjami formatowania tekstu do ka\u017cdego zestawu<\/li><li>Dwa wbudowane uk\u0142ady: Lista i Karuzela<\/li><li>Przesuwanie separatora w poziomie lub w pionie<\/li><li>Kliknij i przeci\u0105gnij lub po prostu najed\u017a, aby przesun\u0105\u0107 podzia\u0142k\u0119<\/li><li>Przesu\u0144 palcem na ekranach dotykowych<\/li><\/ul><p><a href=\"#demo\">Mo\u017cesz sprawdzi\u0107 pe\u0142ne mo\u017cliwo\u015bci wid\u017cetu w demonstracja na tej stronie<\/a><\/p> <\/div> <div class=\"application-platform-content-item-installation application-platform-content-item\" id=\"installation\" data-nav-section=\"installation\"> <h2>Jak mog\u0119 doda\u0107 suwak \u201ePrzed\u201d i \u201ePo\u201d w mojej witrynie Webnode? <\/h2> <p>Wystarczy wykona\u0107 poni\u017csze wskaz\u00f3wki, aby wstawi\u0107 wtyczk\u0119. <\/p> <ol><li><b>Zarz\u0105dzaj naszym bezp\u0142atnym konfiguratorem i zacznij tworzy\u0107 sw\u00f3j spersonalizowany instrument. <\/b><br> Okre\u015bl preferowany wygl\u0105d i opcje wid\u017cetu oraz zapisz zmiany. <\/li> <li><b>Uzyskaj sw\u00f3j unikalny kod pokazany w specjalnym formularzu w aplikacjach Elfsight<\/b><br> Po zako\u0144czeniu dostosowywania Twojej osobistej wtyczki skopiuj ekskluzywny kod w wy\u015bwietlonym oknie i zapisz go na dalsze potrzeby. <\/li> <li><b>Rozpocznij korzystanie z narz\u0119dzia na swojej stronie Webnode<\/b><br> Osad\u017a ostatnio zapisany kod na swojej stronie i zastosuj poprawki. <\/li> <li><b>Instalacja zosta\u0142a ca\u0142kowicie zako\u0144czona<\/b><br> Przejd\u017a na swoj\u0105 stron\u0119 internetow\u0105 i sprawd\u017a, jak dzia\u0142a wtyczka. <\/li><\/ol> <p>Je\u015bli masz pytania lub napotkasz problemy, nie wahaj si\u0119 skontaktowa\u0107 z naszym personelem pomocniczym. Nasi ludzie pragn\u0105 rozwi\u0105za\u0107 wszystkie pytania dotycz\u0105ce wid\u017cetu. <\/p> <div class=\"faq\" data-component=\"FAQ\"><div class=\"faq-item\">\r\n\t\t\t\t\t<div class=\"faq-item-question\">\r\n\t\t\t\t\t\t<h3 class=\"faq-item-question-text\">Jak doda\u0107 suwak Przed i Po do mojej witryny Webnode bez umiej\u0119tno\u015bci kodowania?<\/h3>\r\n\r\n\t\t\t\t\t\t<div class=\"faq-item-question-icon\"><\/div>\r\n\t\t\t\t\t<\/div>\r\n\r\n\t\t\t\t\t<div class=\"faq-item-answer\">\r\n\t\t\t\t\t\t<div class=\"faq-item-answer-text\"> <p>Elfsight zapewnia rozwi\u0105zanie SaaS, kt\u00f3re umo\u017cliwia samodzielne utworzenie wid\u017cetu suwaka Przed i Po, przekonaj si\u0119, jak \u0142atwy jest ten proces: Pracuj bezpo\u015brednio w edytorze online, aby utworzy\u0107 wid\u017cet suwaka \u201ePrzed\u201d i \u201ePo\u201d, kt\u00f3ry chcesz zobaczy\u0107 na swojej stronie internetowej Webnode. Wybierz jeden z gotowych szablon\u00f3w i dostosuj ustawienia suwaka Przed i po, dodaj tre\u015b\u0107, zmie\u0144 uk\u0142ad i kolory bez umiej\u0119tno\u015bci kodowania. Zapisz suwak Przed i po i skopiuj jego kod instalacyjny, kt\u00f3ry mo\u017cesz doda\u0107 na swojej stronie Webnode bez konieczno\u015bci kupowania p\u0142atnej subskrypcji. Dzi\u0119ki naszemu intuicyjnemu edytorowi ka\u017cdy u\u017cytkownik Internetu mo\u017ce utworzy\u0107 wid\u017cet suwaka \u201ePrzed i po\u201d online i \u0142atwo osadzi\u0107 go na swojej stronie internetowej Webnode. Aby uzyska\u0107 dost\u0119p do us\u0142ugi, nie trzeba p\u0142aci\u0107 ani wprowadza\u0107 danych uwierzytelniaj\u0105cych karty. Je\u015bli na kt\u00f3rymkolwiek etapie napotkasz jakiekolwiek problemy, skontaktuj si\u0119 z naszym zespo\u0142em pomocy technicznej.<\/p> <\/div>\r\n\t\t\t\t\t<\/div>\r\n\t\t\t\t<\/div> <\/div><\/div>","protected":false},"excerpt":{"rendered":"","protected":false},"author":9,"featured_media":0,"parent":2568,"menu_order":0,"comment_status":"closed","ping_status":"closed","template":"templates\/template-application-platform.php","meta":{"publish_to_discourse":"","publish_post_category":"","wpdc_auto_publish_overridden":"","wpdc_topic_tags":"","wpdc_pin_topic":"","wpdc_pin_until":"","discourse_post_id":"","discourse_permalink":"","wpdc_publishing_response":"","wpdc_publishing_error":"","footnotes":""},"class_list":["post-4416","page","type-page","status-publish","hentry"],"yoast_head":"<!-- This site is optimized with the Yoast SEO plugin v25.3.1 - https:\/\/yoast.com\/wordpress\/plugins\/seo\/ -->\n<title>Responsywny suwak obrazu przed i po dla witryny Muse<\/title>\n<meta name=\"description\" content=\"Utw\u00f3rz wid\u017cet suwaka \u201eprzed\u201d i \u201epo\u201d na swojej stronie internetowej Webnode. Przetestuj bezp\u0142atn\u0105 wersj\u0119 demonstracyjn\u0105 Elfsight i zaprojektuj sw\u00f3j spersonalizowany widget w ci\u0105gu zaledwie kilku sekund\" \/>\n<meta name=\"robots\" content=\"index, follow, max-snippet:-1, max-image-preview:large, max-video-preview:-1\" \/>\n<link rel=\"canonical\" href=\"https:\/\/elfsight.com\/pl\/before-and-after-slider-widget\/webnode\/\" \/>\n<meta property=\"og:locale\" content=\"pl_PL\" \/>\n<meta property=\"og:type\" content=\"article\" \/>\n<meta property=\"og:title\" content=\"Responsywny suwak obrazu przed i po dla witryny Muse\" \/>\n<meta property=\"og:description\" content=\"Utw\u00f3rz wid\u017cet suwaka \u201eprzed\u201d i \u201epo\u201d na swojej stronie internetowej Webnode. Przetestuj bezp\u0142atn\u0105 wersj\u0119 demonstracyjn\u0105 Elfsight i zaprojektuj sw\u00f3j spersonalizowany widget w ci\u0105gu zaledwie kilku sekund\" \/>\n<meta property=\"og:url\" content=\"https:\/\/elfsight.com\/pl\/before-and-after-slider-widget\/webnode\/\" \/>\n<meta property=\"og:site_name\" content=\"Elfsight PL\" \/>\n<meta property=\"article:modified_time\" content=\"2024-11-14T09:22:41+00:00\" \/>\n<meta name=\"twitter:card\" content=\"summary_large_image\" \/>\n<meta name=\"twitter:label1\" content=\"Szacowany czas czytania\" \/>\n\t<meta name=\"twitter:data1\" content=\"3 minuty\" \/>\n<!-- \/ Yoast SEO plugin. -->","yoast_head_json":{"title":"Responsywny suwak obrazu przed i po dla witryny Muse","description":"Utw\u00f3rz wid\u017cet suwaka \u201eprzed\u201d i \u201epo\u201d na swojej stronie internetowej Webnode. Przetestuj bezp\u0142atn\u0105 wersj\u0119 demonstracyjn\u0105 Elfsight i zaprojektuj sw\u00f3j spersonalizowany widget w ci\u0105gu zaledwie kilku sekund","robots":{"index":"index","follow":"follow","max-snippet":"max-snippet:-1","max-image-preview":"max-image-preview:large","max-video-preview":"max-video-preview:-1"},"canonical":"https:\/\/elfsight.com\/pl\/before-and-after-slider-widget\/webnode\/","og_locale":"pl_PL","og_type":"article","og_title":"Responsywny suwak obrazu przed i po dla witryny Muse","og_description":"Utw\u00f3rz wid\u017cet suwaka \u201eprzed\u201d i \u201epo\u201d na swojej stronie internetowej Webnode. Przetestuj bezp\u0142atn\u0105 wersj\u0119 demonstracyjn\u0105 Elfsight i zaprojektuj sw\u00f3j spersonalizowany widget w ci\u0105gu zaledwie kilku sekund","og_url":"https:\/\/elfsight.com\/pl\/before-and-after-slider-widget\/webnode\/","og_site_name":"Elfsight PL","article_modified_time":"2024-11-14T09:22:41+00:00","twitter_card":"summary_large_image","twitter_misc":{"Szacowany czas czytania":"3 minuty"},"schema":{"@context":"https:\/\/schema.org","@graph":[{"@type":"WebPage","@id":"https:\/\/elfsight.com\/pl\/before-and-after-slider-widget\/webnode\/","url":"https:\/\/elfsight.com\/pl\/before-and-after-slider-widget\/webnode\/","name":"Responsywny suwak obrazu przed i po dla witryny Muse","isPartOf":{"@id":"https:\/\/elfsight.com\/pl\/#website"},"datePublished":"2024-05-03T06:30:14+00:00","dateModified":"2024-11-14T09:22:41+00:00","description":"Utw\u00f3rz wid\u017cet suwaka \u201eprzed\u201d i \u201epo\u201d na swojej stronie internetowej Webnode. Przetestuj bezp\u0142atn\u0105 wersj\u0119 demonstracyjn\u0105 Elfsight i zaprojektuj sw\u00f3j spersonalizowany widget w ci\u0105gu zaledwie kilku sekund","breadcrumb":{"@id":"https:\/\/elfsight.com\/pl\/before-and-after-slider-widget\/webnode\/#breadcrumb"},"inLanguage":"pl-PL","potentialAction":[{"@type":"ReadAction","target":["https:\/\/elfsight.com\/pl\/before-and-after-slider-widget\/webnode\/"]}]},{"@type":"BreadcrumbList","@id":"https:\/\/elfsight.com\/pl\/before-and-after-slider-widget\/webnode\/#breadcrumb","itemListElement":[{"@type":"ListItem","position":1,"name":"Home","item":"https:\/\/elfsight.com\/pl\/"},{"@type":"ListItem","position":2,"name":"Before and After Slider","item":"https:\/\/elfsight.com\/pl\/before-and-after-slider-widget\/"},{"@type":"ListItem","position":3,"name":"Before and After Slider &#8211; Webnode"}]},{"@type":"WebSite","@id":"https:\/\/elfsight.com\/pl\/#website","url":"https:\/\/elfsight.com\/pl\/","name":"Elfsight PL","description":"Just another Elfsight Sites site","potentialAction":[{"@type":"SearchAction","target":{"@type":"EntryPoint","urlTemplate":"https:\/\/elfsight.com\/pl\/?s={search_term_string}"},"query-input":{"@type":"PropertyValueSpecification","valueRequired":true,"valueName":"search_term_string"}}],"inLanguage":"pl-PL"}]}},"meta_box":{"industry":"","seo_heading":"","heading":"","description":"","cta_heading":"","cta_description":"","application":"2567","h1":"Suwak przed i po dla Webnode","h1_caption":"Przedstaw por\u00f3wnania dw\u00f3ch obraz\u00f3w, idealne do podkre\u015blenia transformacji lub \u0142atwego zaprezentowania zalet produktu w witrynie Webnode.","application_category":[],"applications_title":"","applications_request_title":"","applications_request_button_text":"","hero_text":"","hero_video":"","hero_video_schema_markup":"","selling_points_title":"","selling_points_caption":"","selling_points":[],"selling_points_cta_text":"","features_title":"","features":"","ed_cta_examples_text":"","ed_cta_examples_hidden":"","ed_cta_demo_text":"","ed_cta_demo_hidden":"","why_caption":"","why_editor_title":"","why_editor_text":"","why_team_title":"","why_team_text":"","why_service_title":"","why_service_text":"","template_catalog_visible":"","template_catalog_title":"","template_catalog_text":"","template_catalog_categories_visible":"","demo_title":"Utw\u00f3rz wid\u017cet suwaka \u201ePrzed i po\u201d.","demo_caption":"Skonfiguruj suwak \u201eprzed\u201d i \u201epo\u201d i dodaj go za darmo do swojej witryny Webnode!","default_faq_hidden":"","app_template_category":[],"platform":"138","template_public_id":"","codecanyon_url":"","codecanyon_item_id":"","codecanyon_price":"","pricing_caption":"","pricing_elfsight_apps_hide_column":"","pricing_elfsight_apps_url":"","pricing_codecanyon_price_caption":"","integration_category":[],"integration_request_title":"","integration_request_cta":"","integration_platform":"","integrations":[],"platform_category":[],"video_schema_markup":"","price":"od 0 USD \/ miesi\u0105c","trial":"","benefits":[{"text":"Bezp\u0142atna pomoc w monta\u017cu"},{"text":"Kompetentna obs\u0142uga klienta"},{"text":"14-dniowa gwarancja zwrotu pieni\u0119dzy"}],"button_url":"#demo","button_target_blank":"","button_nofollow":"","attributes":[{"name":"Instaluje"},{"name":"Czu\u0142y"},{"name":"Kompatybilne przegl\u0105darki"}],"tags":[],"tags_disable_links":"","hide_more_platforms":"","video_object":"","demo_hide_cta":"","demo_hide_cloud_options":"","pricing_title":"","pricing":[{"pricing_icon":"platform","pricing_title":"Elfsight Apps","pricing_title_caption":"Rozwi\u0105zanie niezale\u017cne od platformy, kt\u00f3re dzia\u0142a na ka\u017cdej witrynie","pricing_price":"od 0 USD \/ miesi\u0105c","pricing_price_caption":"zacznij od bezp\u0142atnego planu","pricing_benefits":[{"text":"Nielimitowane strony internetowe"},{"text":"Szybkie i terminowe wsparcie"},{"text":"Bezp\u0142atne wsparcie instalacyjne"},{"text":"Specjalna oferta na wiele aplikacji"}],"pricing_button_text":"Dodaj do witryny","pricing_button_url":"#demo"}],"related_apps_title":"","related_apps_hidden":"","author":"","image":[],"title":"","job":"","social_networks":[]},"_links":{"self":[{"href":"https:\/\/elfsight.com\/pl\/wp-json\/wp\/v2\/pages\/4416","targetHints":{"allow":["GET"]}}],"collection":[{"href":"https:\/\/elfsight.com\/pl\/wp-json\/wp\/v2\/pages"}],"about":[{"href":"https:\/\/elfsight.com\/pl\/wp-json\/wp\/v2\/types\/page"}],"author":[{"embeddable":true,"href":"https:\/\/elfsight.com\/pl\/wp-json\/wp\/v2\/users\/9"}],"replies":[{"embeddable":true,"href":"https:\/\/elfsight.com\/pl\/wp-json\/wp\/v2\/comments?post=4416"}],"version-history":[{"count":1,"href":"https:\/\/elfsight.com\/pl\/wp-json\/wp\/v2\/pages\/4416\/revisions"}],"predecessor-version":[{"id":4420,"href":"https:\/\/elfsight.com\/pl\/wp-json\/wp\/v2\/pages\/4416\/revisions\/4420"}],"up":[{"embeddable":true,"href":"https:\/\/elfsight.com\/pl\/wp-json\/wp\/v2\/pages\/2568"}],"wp:attachment":[{"href":"https:\/\/elfsight.com\/pl\/wp-json\/wp\/v2\/media?parent=4416"}],"curies":[{"name":"wp","href":"https:\/\/api.w.org\/{rel}","templated":true}]}}