{"id":4415,"date":"2024-05-03T06:30:13","date_gmt":"2024-05-03T06:30:13","guid":{"rendered":"https:\/\/elfsight.com\/pl\/?page_id=4415"},"modified":"2025-06-26T13:52:11","modified_gmt":"2025-06-26T13:52:11","slug":"weebly","status":"publish","type":"page","link":"https:\/\/elfsight.com\/pl\/before-and-after-slider-widget\/weebly\/","title":{"rendered":"Before and After Slider &#8211; Weebly"},"content":{"rendered":"<div class=\"application-platform-content-item-description application-platform-content-item\" id=\"description\" data-nav-section=\"description\">\n<h2>Opis<\/h2>\n<p>Suwak Przed i Po firmy Elfsight pomaga wy\u015bwietla\u0107 niesamowite zdj\u0119cia transformacji w Twojej witrynie. U\u017cytkownicy b\u0119d\u0105 mogli sprawdzi\u0107 wszystkie zmiany, jakie nios\u0105 ze sob\u0105 Twoje towary lub us\u0142ugi. Po prostu prze\u015blij dwa zdj\u0119cia do suwaka \u201ePrzed i po\u201d dla Weebly, a zostan\u0105 one wyposa\u017cone w przek\u0142adk\u0119, kt\u00f3r\u0105 u\u017cytkownicy b\u0119d\u0105 mogli przesuwa\u0107, aby umo\u017cliwi\u0107 por\u00f3wnanie. Mo\u017cesz dodawa\u0107 nieograniczon\u0105 liczb\u0119 slajd\u00f3w oraz podpisy i etykiety. Kierunek podzia\u0142u mo\u017ce by\u0107 poziomy lub pionowy, a Ty mo\u017cesz ustawi\u0107 najbardziej odpowiedni wsp\u00f3\u0142czynnik obrazu. Twoi klienci nie b\u0119d\u0105 mogli nie kupi\u0107, gdy zobacz\u0105 prawdziwy wynik swoich produkt\u00f3w!<\/p>\n<p><b>Ulepsz swoj\u0105 witryn\u0119 pod k\u0105tem cel\u00f3w biznesowych dzi\u0119ki zdj\u0119ciom Przed i Po.<\/b><\/p>\n<\/div>\n<div class=\"application-platform-content-item-features application-platform-content-item\" id=\"features\" data-nav-section=\"features\">\n<h2>Funkcje<\/h2>\n<p>Oferujemy przydatne i nieskomplikowane funkcje, oto niekt\u00f3re z nich:<\/p>\n<ul>\n    <li>Umie\u015b\u0107 dowoln\u0105 liczb\u0119 par zdj\u0119\u0107 Przed i Po.<\/li>\n    <li>Dodaj podpisy do ka\u017cdego zdj\u0119cia w formacie tekstowym.<\/li>\n    <li>Dwa gotowe do u\u017cycia uk\u0142ady: Lista i Karuzela.<\/li>\n    <li>Przesuwanie separatora w poziomie lub w pionie.<\/li>\n    <li>Kliknij i przeci\u0105gnij lub po prostu najed\u017a kursorem, aby przesun\u0105\u0107 separator.<\/li>\n    <li>Przesu\u0144 palcem po urz\u0105dzeniach z ekranem dotykowym.<\/li>\n<\/ul>\n<p><a href=\"#demo\">Po prostu wypr\u00f3buj t\u0119 wersj\u0119 demonstracyjn\u0105, aby zobaczy\u0107, ile wart jest wid\u017cet.<\/a><\/p>\n<\/div>\n<div class=\"application-platform-content-item-installation application-platform-content-item\" id=\"installation\" data-nav-section=\"installation\">\n<h2>Jak doda\u0107 suwak \u201ePrzed\u201d i \u201ePo\u201d do mojej witryny Weebly?<\/h2>\n<div class=\"video-container\">\n    <iframe width=\"720\" height=\"405\" src=\"https:\/\/www.youtube.com\/embed\/Lknl7kRc9n0\" frameborder=\"0\" allowfullscreen><\/iframe>\n<\/div>\n<p>Wystarczy wykona\u0107 poni\u017csze kroki, aby osadzi\u0107 wid\u017cet.<\/p>\n<ol>\n    <li><b>Zarz\u0105dzaj naszym bezp\u0142atnym konfiguratorem i zacznij tworzy\u0107 swoj\u0105 aplikacj\u0119 szyt\u0105 na miar\u0119. <\/b><br> Znajd\u017a wybrany projekt i parametry aplikacji i zapisz wszystkie zmiany. <\/li>\n    <li><b>Zdob\u0105d\u017a unikalny kod pojawiaj\u0105cy si\u0119 w polu w aplikacjach Elfsight. <\/b><br> Po zako\u0144czeniu konfiguracji aplikacji skopiuj indywidualny kod w wy\u015bwietlonym polu i zapisz go do p\u00f3\u017aniejszego wykorzystania. <\/li>\n    <li><b>Rozpocznij stosowanie aplikacji w swojej witrynie Weebly. <\/b><br> Zaimplementuj skopiowany wcze\u015bniej kod na swojej stronie internetowej i zastosuj zmiany. <\/li>\n    <li><b>Gotowe! Osadzanie zosta\u0142o w pe\u0142ni wykonane. <\/b><br> Odwied\u017a swoj\u0105 witryn\u0119, aby obserwowa\u0107 dzia\u0142anie aplikacji. <\/li>\n<\/ol>\n<p>Je\u015bli masz do czynienia z pytaniami lub napotka\u0142e\u015b jakiekolwiek przeszkody, nie wahaj si\u0119 zwr\u00f3ci\u0107 do naszego zespo\u0142u obs\u0142ugi klienta. Nasi konsultanci ch\u0119tnie pomog\u0105 Ci we wszystkich pytaniach dotycz\u0105cych wtyczki.<\/p>\n<div class=\"faq\" data-component=\"FAQ\">\n    <div class=\"faq-item\">\r\n\t\t\t\t\t<div class=\"faq-item-question\">\r\n\t\t\t\t\t\t<h3 class=\"faq-item-question-text\">Jak mog\u0119 doda\u0107 suwak Przed i Po do mojej witryny Weebly bez umiej\u0119tno\u015bci kodowania?<\/h3>\r\n\r\n\t\t\t\t\t\t<div class=\"faq-item-question-icon\"><\/div>\r\n\t\t\t\t\t<\/div>\r\n\r\n\t\t\t\t\t<div class=\"faq-item-answer\">\r\n\t\t\t\t\t\t<div class=\"faq-item-answer-text\">\n    <p>Elfsight zapewnia rozwi\u0105zanie SaaS, kt\u00f3re umo\u017cliwia samodzielne utworzenie wid\u017cetu suwaka Przed i Po, przekonaj si\u0119, jakie to proste: Pracuj bezpo\u015brednio w edytorze online, aby utworzy\u0107 wid\u017cet suwaka \u201ePrzed\u201d i \u201ePo\u201d, kt\u00f3ry chcesz zobaczy\u0107 w swojej witrynie Weebly. Wybierz jeden z gotowych szablon\u00f3w i dostosuj ustawienia suwaka Przed i po, dodaj tre\u015b\u0107, zmie\u0144 uk\u0142ad i kolory bez umiej\u0119tno\u015bci kodowania. Zapisz suwak Przed i po i skopiuj jego kod instalacyjny, aby m\u00f3c \u0142atwo doda\u0107 swoj\u0105 witryn\u0119 Weebly bez konieczno\u015bci kupowania p\u0142atnej subskrypcji. Dzi\u0119ki naszemu intuicyjnemu edytorowi ka\u017cdy u\u017cytkownik Internetu mo\u017ce utworzy\u0107 wid\u017cet suwaka \u201ePrzed i po\u201d online i \u0142atwo osadzi\u0107 go na swojej stronie internetowej Weebly. Aby uzyska\u0107 dost\u0119p do us\u0142ugi, nie trzeba p\u0142aci\u0107 ani wprowadza\u0107 danych uwierzytelniaj\u0105cych karty. Je\u015bli na kt\u00f3rymkolwiek etapie napotkasz jakiekolwiek problemy, skontaktuj si\u0119 z naszym zespo\u0142em pomocy technicznej.<\/p>\n    <\/div>\r\n\t\t\t\t\t<\/div>\r\n\t\t\t\t<\/div>\n<\/div>\n<\/div>","protected":false},"excerpt":{"rendered":"","protected":false},"author":9,"featured_media":0,"parent":2568,"menu_order":0,"comment_status":"closed","ping_status":"closed","template":"templates\/template-application-platform.php","meta":{"publish_to_discourse":"","publish_post_category":"","wpdc_auto_publish_overridden":"","wpdc_topic_tags":"","wpdc_pin_topic":"","wpdc_pin_until":"","discourse_post_id":"","discourse_permalink":"","wpdc_publishing_response":"","wpdc_publishing_error":"","footnotes":""},"class_list":["post-4415","page","type-page","status-publish","hentry"],"yoast_head":"<!-- This site is optimized with the Yoast SEO plugin v25.3.1 - https:\/\/yoast.com\/wordpress\/plugins\/seo\/ -->\n<title>Responsywny suwak obrazu przed i po dla witryny Weebly<\/title>\n<meta name=\"description\" content=\"Dodaj wid\u017cet suwaka \u201eprzed\u201d i \u201epo\u201d do swojej witryny Weebly. Skorzystaj z obszernej wersji demonstracyjnej Elfsight i ukszta\u0142tuj sw\u00f3j spersonalizowany widget w ci\u0105gu zaledwie kilku minut.\" \/>\n<meta name=\"robots\" content=\"index, follow, max-snippet:-1, max-image-preview:large, max-video-preview:-1\" \/>\n<link rel=\"canonical\" href=\"https:\/\/elfsight.com\/pl\/before-and-after-slider-widget\/weebly\/\" \/>\n<meta property=\"og:locale\" content=\"pl_PL\" \/>\n<meta property=\"og:type\" content=\"article\" \/>\n<meta property=\"og:title\" content=\"Responsywny suwak obrazu przed i po dla witryny Weebly\" \/>\n<meta property=\"og:description\" content=\"Dodaj wid\u017cet suwaka \u201eprzed\u201d i \u201epo\u201d do swojej witryny Weebly. Skorzystaj z obszernej wersji demonstracyjnej Elfsight i ukszta\u0142tuj sw\u00f3j spersonalizowany widget w ci\u0105gu zaledwie kilku minut.\" \/>\n<meta property=\"og:url\" content=\"https:\/\/elfsight.com\/pl\/before-and-after-slider-widget\/weebly\/\" \/>\n<meta property=\"og:site_name\" content=\"Elfsight PL\" \/>\n<meta property=\"article:modified_time\" content=\"2025-06-26T13:52:11+00:00\" \/>\n<meta name=\"twitter:card\" content=\"summary_large_image\" \/>\n<meta name=\"twitter:label1\" content=\"Szacowany czas czytania\" \/>\n\t<meta name=\"twitter:data1\" content=\"3 minuty\" \/>\n<!-- \/ Yoast SEO plugin. -->","yoast_head_json":{"title":"Responsywny suwak obrazu przed i po dla witryny Weebly","description":"Dodaj wid\u017cet suwaka \u201eprzed\u201d i \u201epo\u201d do swojej witryny Weebly. Skorzystaj z obszernej wersji demonstracyjnej Elfsight i ukszta\u0142tuj sw\u00f3j spersonalizowany widget w ci\u0105gu zaledwie kilku minut.","robots":{"index":"index","follow":"follow","max-snippet":"max-snippet:-1","max-image-preview":"max-image-preview:large","max-video-preview":"max-video-preview:-1"},"canonical":"https:\/\/elfsight.com\/pl\/before-and-after-slider-widget\/weebly\/","og_locale":"pl_PL","og_type":"article","og_title":"Responsywny suwak obrazu przed i po dla witryny Weebly","og_description":"Dodaj wid\u017cet suwaka \u201eprzed\u201d i \u201epo\u201d do swojej witryny Weebly. Skorzystaj z obszernej wersji demonstracyjnej Elfsight i ukszta\u0142tuj sw\u00f3j spersonalizowany widget w ci\u0105gu zaledwie kilku minut.","og_url":"https:\/\/elfsight.com\/pl\/before-and-after-slider-widget\/weebly\/","og_site_name":"Elfsight PL","article_modified_time":"2025-06-26T13:52:11+00:00","twitter_card":"summary_large_image","twitter_misc":{"Szacowany czas czytania":"3 minuty"},"schema":{"@context":"https:\/\/schema.org","@graph":[{"@type":"WebPage","@id":"https:\/\/elfsight.com\/pl\/before-and-after-slider-widget\/weebly\/","url":"https:\/\/elfsight.com\/pl\/before-and-after-slider-widget\/weebly\/","name":"Responsywny suwak obrazu przed i po dla witryny Weebly","isPartOf":{"@id":"https:\/\/elfsight.com\/pl\/#website"},"datePublished":"2024-05-03T06:30:13+00:00","dateModified":"2025-06-26T13:52:11+00:00","description":"Dodaj wid\u017cet suwaka \u201eprzed\u201d i \u201epo\u201d do swojej witryny Weebly. Skorzystaj z obszernej wersji demonstracyjnej Elfsight i ukszta\u0142tuj sw\u00f3j spersonalizowany widget w ci\u0105gu zaledwie kilku minut.","breadcrumb":{"@id":"https:\/\/elfsight.com\/pl\/before-and-after-slider-widget\/weebly\/#breadcrumb"},"inLanguage":"pl-PL","potentialAction":[{"@type":"ReadAction","target":["https:\/\/elfsight.com\/pl\/before-and-after-slider-widget\/weebly\/"]}]},{"@type":"BreadcrumbList","@id":"https:\/\/elfsight.com\/pl\/before-and-after-slider-widget\/weebly\/#breadcrumb","itemListElement":[{"@type":"ListItem","position":1,"name":"Home","item":"https:\/\/elfsight.com\/pl\/"},{"@type":"ListItem","position":2,"name":"Before and After Slider","item":"https:\/\/elfsight.com\/pl\/before-and-after-slider-widget\/"},{"@type":"ListItem","position":3,"name":"Before and After Slider &#8211; Weebly"}]},{"@type":"WebSite","@id":"https:\/\/elfsight.com\/pl\/#website","url":"https:\/\/elfsight.com\/pl\/","name":"Elfsight PL","description":"Just another Elfsight Sites site","potentialAction":[{"@type":"SearchAction","target":{"@type":"EntryPoint","urlTemplate":"https:\/\/elfsight.com\/pl\/?s={search_term_string}"},"query-input":{"@type":"PropertyValueSpecification","valueRequired":true,"valueName":"search_term_string"}}],"inLanguage":"pl-PL"}]}},"meta_box":{"industry":"","seo_heading":"","heading":"","description":"","cta_heading":"","cta_description":"","application":"2567","h1":"Suwak \u201eprzed i po\u201d dla Weebly","h1_caption":"Przedstaw por\u00f3wnania dw\u00f3ch obraz\u00f3w, idealne do podkre\u015blenia transformacji lub zaprezentowania zalet produktu w Twojej witrynie Weebly.","application_category":[],"applications_title":"","applications_request_title":"","applications_request_button_text":"","hero_text":"","hero_video":"","hero_video_schema_markup":"","selling_points_title":"","selling_points_caption":"","selling_points":[],"selling_points_cta_text":"","features_title":"","features":"","ed_cta_examples_text":"","ed_cta_examples_hidden":"","ed_cta_demo_text":"","ed_cta_demo_hidden":"","why_caption":"","why_editor_title":"","why_editor_text":"","why_team_title":"","why_team_text":"","why_service_title":"","why_service_text":"","template_catalog_visible":"0","template_catalog_title":"","template_catalog_text":"","template_catalog_categories_visible":"","demo_title":"Utw\u00f3rz aplikacj\u0119 Slider przed i po","demo_caption":"Skonfiguruj suwak \u201ePrzed i po\u201d i dodaj go bezp\u0142atnie do swojej witryny Weebly!","default_faq_hidden":"","app_template_category":[],"platform":"132","template_public_id":"","codecanyon_url":"","codecanyon_item_id":"","codecanyon_price":"","pricing_caption":"","pricing_elfsight_apps_hide_column":"","pricing_elfsight_apps_url":"","pricing_codecanyon_price_caption":"","integration_category":[],"integration_request_title":"","integration_request_cta":"","integration_platform":"","integrations":[],"platform_category":[],"video_schema_markup":"","price":"od 0 USD \/ miesi\u0105c","trial":"","benefits":[{"text":"Bezp\u0142atna pomoc w instalacji"},{"text":"Wsparcie premium"},{"text":"14-dniowa gwarancja zwrotu pieni\u0119dzy"}],"button_url":"#demo","button_target_blank":"0","button_nofollow":"0","attributes":[{"name":"Instaluje"},{"name":"Czu\u0142y"},{"name":"Kompatybilne przegl\u0105darki"}],"tags":[],"tags_disable_links":"0","hide_more_platforms":"0","video_object":"","demo_hide_cta":"0","demo_hide_cloud_options":"0","pricing_title":"","pricing":[{"pricing_icon":"platform","pricing_title":"Elfsight Apps","pricing_title_caption":"Wersja wieloplatformowa, kt\u00f3ra pasuje do ka\u017cdej witryny internetowej","pricing_price":"od 0 USD \/ miesi\u0105c","pricing_price_caption":"zacznij od bezp\u0142atnego planu","pricing_benefits":[{"text":"Nielimitowane strony internetowe"},{"text":"Ca\u0142odobowa obs\u0142uga klienta"},{"text":"Bezp\u0142atne wsparcie instalacyjne"},{"text":"100% konfigurowalny"}],"pricing_button_text":"Dodaj do witryny","pricing_button_url":"#demo"}],"related_apps_title":"","related_apps_hidden":"0","author":"","image":[],"title":"","job":"","social_networks":[]},"_links":{"self":[{"href":"https:\/\/elfsight.com\/pl\/wp-json\/wp\/v2\/pages\/4415","targetHints":{"allow":["GET"]}}],"collection":[{"href":"https:\/\/elfsight.com\/pl\/wp-json\/wp\/v2\/pages"}],"about":[{"href":"https:\/\/elfsight.com\/pl\/wp-json\/wp\/v2\/types\/page"}],"author":[{"embeddable":true,"href":"https:\/\/elfsight.com\/pl\/wp-json\/wp\/v2\/users\/9"}],"replies":[{"embeddable":true,"href":"https:\/\/elfsight.com\/pl\/wp-json\/wp\/v2\/comments?post=4415"}],"version-history":[{"count":3,"href":"https:\/\/elfsight.com\/pl\/wp-json\/wp\/v2\/pages\/4415\/revisions"}],"predecessor-version":[{"id":10544,"href":"https:\/\/elfsight.com\/pl\/wp-json\/wp\/v2\/pages\/4415\/revisions\/10544"}],"up":[{"embeddable":true,"href":"https:\/\/elfsight.com\/pl\/wp-json\/wp\/v2\/pages\/2568"}],"wp:attachment":[{"href":"https:\/\/elfsight.com\/pl\/wp-json\/wp\/v2\/media?parent=4415"}],"curies":[{"name":"wp","href":"https:\/\/api.w.org\/{rel}","templated":true}]}}