{"id":4414,"date":"2024-05-03T06:30:12","date_gmt":"2024-05-03T06:30:12","guid":{"rendered":"https:\/\/elfsight.com\/pl\/?page_id=4414"},"modified":"2024-11-14T09:22:41","modified_gmt":"2024-11-14T09:22:41","slug":"wix","status":"publish","type":"page","link":"https:\/\/elfsight.com\/pl\/before-and-after-slider-widget\/wix\/","title":{"rendered":"Before and After Slider &#8211; Wix"},"content":{"rendered":"<div class=\"application-platform-content-item-description application-platform-content-item\" id=\"description\" data-nav-section=\"description\"> <h2>Opis<\/h2> <p> Slider Przed i Po firmy Elfsight umo\u017cliwia skonfigurowanie zadziwiaj\u0105cych zdj\u0119\u0107 promocyjnych dla Twojej witryny. Klienci b\u0119d\u0105 mieli szans\u0119 odkry\u0107 wszystkie efekty, jakie przynosz\u0105 Twoje produkty lub us\u0142ugi. Po prostu prze\u015blij dwa zdj\u0119cia do suwaka \u201ePrzed i po\u201d dla Wix, a zostan\u0105 one pokazane z podzia\u0142k\u0105, kt\u00f3r\u0105 u\u017cytkownicy mog\u0105 przesun\u0105\u0107, aby umo\u017cliwi\u0107 por\u00f3wnanie. Mo\u017cesz tworzy\u0107 nieograniczon\u0105 liczb\u0119 slajd\u00f3w, ka\u017cdy z w\u0142asnym podpisem. Orientacja rozdzielacza oferuje dwie opcje: poziom\u0105 lub pionow\u0105, przy czym mo\u017cna wybra\u0107 najbardziej odpowiedni wsp\u00f3\u0142czynnik obrazu. Twoi u\u017cytkownicy b\u0119d\u0105 skazani na porz\u0105dek, gdy zobacz\u0105 rzeczywist\u0105 wydajno\u015b\u0107 z Twoich ofert! <\/p> <p><b>Dzi\u0119ki suwakowi przed i po mo\u017cesz zobaczy\u0107 solidny rozw\u00f3j biznesu i zwi\u0119kszy\u0107 sprzeda\u017c <\/b><\/p> <\/div> <div class=\"application-platform-content-item-features application-platform-content-item\" id=\"features\" data-nav-section=\"features\"> <h2>Oto podstawowe funkcje wid\u017cetu: <\/h2> <ul><li>Dodaj dowoln\u0105 liczb\u0119 kilku zdj\u0119\u0107 przed i po<\/li> <li>Wstaw podpisy z formatowaniem tekstu do ka\u017cdego zdj\u0119cia<\/li><li>Dwa uk\u0142ady: Lista i karuzela<\/li><li>Przesuwanie separatora w poziomie lub w pionie<\/li><li>Kliknij i przeci\u0105gnij lub po prostu najed\u017a kursorem, aby przesun\u0105\u0107 separator<\/li><li>Przesu\u0144 palcem na urz\u0105dzeniach z ekranem dotykowym<\/li><\/ul><p><a href=\"#demo\">Wypr\u00f3buj wszystkie opcje dostosowywania w 100 funkcjonalnej wersji demonstracyjnej<\/a><\/p> <\/div> <div class=\"application-platform-content-item-installation application-platform-content-item\" id=\"installation\" data-nav-section=\"installation\"> <h2>Jak osadzi\u0107 Suwak Przed i Po na moim Wix? <\/h2> <div class=\"video-container\"><iframe width=\"720\" height=\"405\" src=\"https:\/\/www.youtube.com\/embed\/LN99dag1Tcc\" frameborder=\"0\" allowfullscreen=\"\"><\/iframe><\/div><p>Wystarczy wykona\u0107 kilka krok\u00f3w przedstawionych poni\u017cej, aby aktywowa\u0107 wtyczk\u0119. <\/p> <ol><li><b>Zastosuj nasz darmowy konfigurator i zacznij tworzy\u0107 w\u0142asn\u0105 wtyczk\u0119. <\/b><br> Okre\u015bl wybrany interfejs i aspekty wtyczki i zastosuj zmiany. <\/li> <li><b>Skopiuj sw\u00f3j unikalny kod wy\u015bwietlony w oknie aplikacji Elfsight<\/b><br> Po zako\u0144czeniu konfiguracji wtyczki skopiuj ekskluzywny kod z wy\u015bwietlonego pola i zachowaj go do p\u00f3\u017aniej potrzeba. <\/li> <li><b>Rozpocznij korzystanie z wtyczki na swojej stronie internetowej Wix<\/b><br> Dodaj ostatnio zapisany kod do swojej strony i zastosuj zmiany. <\/li> <li><b>Instalacja zosta\u0142a pomy\u015blnie przeprowadzona<\/b><br> Odwied\u017a swoj\u0105 witryn\u0119, aby sprawdzi\u0107, jak dzia\u0142a widget. <\/li><\/ol> <p>Je\u015bli masz do czynienia z pytaniami lub napotykasz pewne komplikacje, mo\u017cesz zwr\u00f3ci\u0107 si\u0119 do naszego zespo\u0142u wsparcia. Nasi konsultanci z przyjemno\u015bci\u0105 odpowiedz\u0105 na wszystkie pytania dotycz\u0105ce wtyczki. <\/p> <div class=\"faq\" data-component=\"FAQ\"><div class=\"faq-item\">\r\n\t\t\t\t\t<div class=\"faq-item-question\">\r\n\t\t\t\t\t\t<h3 class=\"faq-item-question-text\">Jak mog\u0119 doda\u0107 suwak Przed i Po do mojej witryny Wix bez umiej\u0119tno\u015bci kodowania?<\/h3>\r\n\r\n\t\t\t\t\t\t<div class=\"faq-item-question-icon\"><\/div>\r\n\t\t\t\t\t<\/div>\r\n\r\n\t\t\t\t\t<div class=\"faq-item-answer\">\r\n\t\t\t\t\t\t<div class=\"faq-item-answer-text\"> <p>Elfsight zapewnia rozwi\u0105zanie SaaS, kt\u00f3re pozwala Ci samodzielnie utworzy\u0107 wid\u017cet suwaka Przed i Po , przekonaj si\u0119, jak \u0142atwy jest ten proces: Pracuj bezpo\u015brednio w Edytorze online, aby utworzy\u0107 wid\u017cet suwaka Przed i Po, kt\u00f3ry chcia\u0142by\u015b zobaczy\u0107 na swojej stronie Wix. Wybierz jeden z gotowych szablon\u00f3w i dostosuj ustawienia suwaka Przed i po, dodaj tre\u015b\u0107, zmie\u0144 uk\u0142ad i kolory bez umiej\u0119tno\u015bci kodowania. Zapisz suwak Przed i Po i skopiuj jego kod instalacyjny, aby\u015b m\u00f3g\u0142 doda\u0107 go do swojej witryny Wix bez konieczno\u015bci kupowania wersji p\u0142atnej. Dzi\u0119ki naszemu intuicyjnemu edytorowi ka\u017cdy u\u017cytkownik Internetu mo\u017ce utworzy\u0107 wid\u017cet suwaka \u201ePrzed i po\u201d online i \u0142atwo osadzi\u0107 go na swojej stronie Wix. Aby uzyska\u0107 dost\u0119p do us\u0142ugi, nie trzeba p\u0142aci\u0107 ani wprowadza\u0107 danych uwierzytelniaj\u0105cych karty. Je\u015bli na kt\u00f3rymkolwiek etapie napotkasz jakiekolwiek problemy, skontaktuj si\u0119 z naszym zespo\u0142em pomocy technicznej.<\/p> <\/div>\r\n\t\t\t\t\t<\/div>\r\n\t\t\t\t<\/div> <\/div><\/div>","protected":false},"excerpt":{"rendered":"","protected":false},"author":9,"featured_media":0,"parent":2568,"menu_order":0,"comment_status":"closed","ping_status":"closed","template":"templates\/template-application-platform.php","meta":{"publish_to_discourse":"","publish_post_category":"","wpdc_auto_publish_overridden":"","wpdc_topic_tags":"","wpdc_pin_topic":"","wpdc_pin_until":"","discourse_post_id":"","discourse_permalink":"","wpdc_publishing_response":"","wpdc_publishing_error":"","footnotes":""},"class_list":["post-4414","page","type-page","status-publish","hentry"],"yoast_head":"<!-- This site is optimized with the Yoast SEO plugin v25.3.1 - https:\/\/yoast.com\/wordpress\/plugins\/seo\/ -->\n<title>Slider Przed i Po dla witryny Wix (bezp\u0142atny i szybki!)<\/title>\n<meta name=\"description\" content=\"Umie\u015b\u0107 wid\u017cet Slider Przed i Po na swojej stronie Wix. Przetestuj kompleksowe demo Elfsight i zaprojektuj sw\u00f3j spersonalizowany suwak por\u00f3wnania.\" \/>\n<meta name=\"robots\" content=\"index, follow, max-snippet:-1, max-image-preview:large, max-video-preview:-1\" \/>\n<link rel=\"canonical\" href=\"https:\/\/elfsight.com\/pl\/before-and-after-slider-widget\/wix\/\" \/>\n<meta property=\"og:locale\" content=\"pl_PL\" \/>\n<meta property=\"og:type\" content=\"article\" \/>\n<meta property=\"og:title\" content=\"Slider Przed i Po dla witryny Wix (bezp\u0142atny i szybki!)\" \/>\n<meta property=\"og:description\" content=\"Umie\u015b\u0107 wid\u017cet Slider Przed i Po na swojej stronie Wix. Przetestuj kompleksowe demo Elfsight i zaprojektuj sw\u00f3j spersonalizowany suwak por\u00f3wnania.\" \/>\n<meta property=\"og:url\" content=\"https:\/\/elfsight.com\/pl\/before-and-after-slider-widget\/wix\/\" \/>\n<meta property=\"og:site_name\" content=\"Elfsight PL\" \/>\n<meta property=\"article:modified_time\" content=\"2024-11-14T09:22:41+00:00\" \/>\n<meta name=\"twitter:card\" content=\"summary_large_image\" \/>\n<meta name=\"twitter:label1\" content=\"Szacowany czas czytania\" \/>\n\t<meta name=\"twitter:data1\" content=\"3 minuty\" \/>\n<!-- \/ Yoast SEO plugin. -->","yoast_head_json":{"title":"Slider Przed i Po dla witryny Wix (bezp\u0142atny i szybki!)","description":"Umie\u015b\u0107 wid\u017cet Slider Przed i Po na swojej stronie Wix. Przetestuj kompleksowe demo Elfsight i zaprojektuj sw\u00f3j spersonalizowany suwak por\u00f3wnania.","robots":{"index":"index","follow":"follow","max-snippet":"max-snippet:-1","max-image-preview":"max-image-preview:large","max-video-preview":"max-video-preview:-1"},"canonical":"https:\/\/elfsight.com\/pl\/before-and-after-slider-widget\/wix\/","og_locale":"pl_PL","og_type":"article","og_title":"Slider Przed i Po dla witryny Wix (bezp\u0142atny i szybki!)","og_description":"Umie\u015b\u0107 wid\u017cet Slider Przed i Po na swojej stronie Wix. Przetestuj kompleksowe demo Elfsight i zaprojektuj sw\u00f3j spersonalizowany suwak por\u00f3wnania.","og_url":"https:\/\/elfsight.com\/pl\/before-and-after-slider-widget\/wix\/","og_site_name":"Elfsight PL","article_modified_time":"2024-11-14T09:22:41+00:00","twitter_card":"summary_large_image","twitter_misc":{"Szacowany czas czytania":"3 minuty"},"schema":{"@context":"https:\/\/schema.org","@graph":[{"@type":"WebPage","@id":"https:\/\/elfsight.com\/pl\/before-and-after-slider-widget\/wix\/","url":"https:\/\/elfsight.com\/pl\/before-and-after-slider-widget\/wix\/","name":"Slider Przed i Po dla witryny Wix (bezp\u0142atny i szybki!)","isPartOf":{"@id":"https:\/\/elfsight.com\/pl\/#website"},"datePublished":"2024-05-03T06:30:12+00:00","dateModified":"2024-11-14T09:22:41+00:00","description":"Umie\u015b\u0107 wid\u017cet Slider Przed i Po na swojej stronie Wix. Przetestuj kompleksowe demo Elfsight i zaprojektuj sw\u00f3j spersonalizowany suwak por\u00f3wnania.","breadcrumb":{"@id":"https:\/\/elfsight.com\/pl\/before-and-after-slider-widget\/wix\/#breadcrumb"},"inLanguage":"pl-PL","potentialAction":[{"@type":"ReadAction","target":["https:\/\/elfsight.com\/pl\/before-and-after-slider-widget\/wix\/"]}]},{"@type":"BreadcrumbList","@id":"https:\/\/elfsight.com\/pl\/before-and-after-slider-widget\/wix\/#breadcrumb","itemListElement":[{"@type":"ListItem","position":1,"name":"Home","item":"https:\/\/elfsight.com\/pl\/"},{"@type":"ListItem","position":2,"name":"Before and After Slider","item":"https:\/\/elfsight.com\/pl\/before-and-after-slider-widget\/"},{"@type":"ListItem","position":3,"name":"Before and After Slider &#8211; Wix"}]},{"@type":"WebSite","@id":"https:\/\/elfsight.com\/pl\/#website","url":"https:\/\/elfsight.com\/pl\/","name":"Elfsight PL","description":"Just another Elfsight Sites site","potentialAction":[{"@type":"SearchAction","target":{"@type":"EntryPoint","urlTemplate":"https:\/\/elfsight.com\/pl\/?s={search_term_string}"},"query-input":{"@type":"PropertyValueSpecification","valueRequired":true,"valueName":"search_term_string"}}],"inLanguage":"pl-PL"}]}},"meta_box":{"industry":"","seo_heading":"","heading":"","description":"","cta_heading":"","cta_description":"","application":"2567","h1":"Suwak Przed i Po dla Wix","h1_caption":"Prezentuj por\u00f3wnania pomi\u0119dzy dwoma obrazami, idealne do podkre\u015blenia transformacji lub \u0142atwego zaprezentowania zalet produktu na Twojej stronie Wix.","application_category":[],"applications_title":"","applications_request_title":"","applications_request_button_text":"","hero_text":"","hero_video":"","hero_video_schema_markup":"","selling_points_title":"","selling_points_caption":"","selling_points":[],"selling_points_cta_text":"","features_title":"","features":"","ed_cta_examples_text":"","ed_cta_examples_hidden":"","ed_cta_demo_text":"","ed_cta_demo_hidden":"","why_caption":"","why_editor_title":"","why_editor_text":"","why_team_title":"","why_team_text":"","why_service_title":"","why_service_text":"","template_catalog_visible":"","template_catalog_title":"","template_catalog_text":"","template_catalog_categories_visible":"","demo_title":"Utw\u00f3rz aplikacj\u0119 Slider przed i po","demo_caption":"Skonfiguruj suwak \u201ePrzed i Po\u201d i dodaj go do swojej witryny Wix za darmo!","default_faq_hidden":"","app_template_category":[],"platform":"30","template_public_id":"","codecanyon_url":"","codecanyon_item_id":"","codecanyon_price":"","pricing_caption":"","pricing_elfsight_apps_hide_column":"","pricing_elfsight_apps_url":"","pricing_codecanyon_price_caption":"","integration_category":[],"integration_request_title":"","integration_request_cta":"","integration_platform":"","integrations":[],"platform_category":[],"video_schema_markup":"","price":"od 0 USD \/ miesi\u0105c","trial":"","benefits":[{"text":"Bezp\u0142atna us\u0142uga monta\u017cu"},{"text":"Wyj\u0105tkowe wsparcie"},{"text":"14-dniowa gwarancja zwrotu pieni\u0119dzy"}],"button_url":"#demo","button_target_blank":"","button_nofollow":"","attributes":[{"name":"Instaluje"},{"name":"Czu\u0142y"},{"name":"Kompatybilne przegl\u0105darki"}],"tags":[],"tags_disable_links":"","hide_more_platforms":"","video_object":"","demo_hide_cta":"","demo_hide_cloud_options":"","pricing_title":"","pricing":[{"pricing_icon":"platform","pricing_title":"Elfsight Apps","pricing_title_caption":"Wersja wieloplatformowa","pricing_price":"od 0 USD \/ miesi\u0105c","pricing_price_caption":"zacznij od bezp\u0142atnego planu","pricing_benefits":[{"text":"Nielimitowane domeny"},{"text":"Profesjonalna obs\u0142uga klienta"},{"text":"Bezp\u0142atna us\u0142uga monta\u017cu"},{"text":"Specjalna cena za wiele aplikacji"}],"pricing_button_text":"Dodaj do witryny","pricing_button_url":"#demo"}],"related_apps_title":"","related_apps_hidden":"","author":"","image":[],"title":"","job":"","social_networks":[]},"_links":{"self":[{"href":"https:\/\/elfsight.com\/pl\/wp-json\/wp\/v2\/pages\/4414","targetHints":{"allow":["GET"]}}],"collection":[{"href":"https:\/\/elfsight.com\/pl\/wp-json\/wp\/v2\/pages"}],"about":[{"href":"https:\/\/elfsight.com\/pl\/wp-json\/wp\/v2\/types\/page"}],"author":[{"embeddable":true,"href":"https:\/\/elfsight.com\/pl\/wp-json\/wp\/v2\/users\/9"}],"replies":[{"embeddable":true,"href":"https:\/\/elfsight.com\/pl\/wp-json\/wp\/v2\/comments?post=4414"}],"version-history":[{"count":2,"href":"https:\/\/elfsight.com\/pl\/wp-json\/wp\/v2\/pages\/4414\/revisions"}],"predecessor-version":[{"id":7673,"href":"https:\/\/elfsight.com\/pl\/wp-json\/wp\/v2\/pages\/4414\/revisions\/7673"}],"up":[{"embeddable":true,"href":"https:\/\/elfsight.com\/pl\/wp-json\/wp\/v2\/pages\/2568"}],"wp:attachment":[{"href":"https:\/\/elfsight.com\/pl\/wp-json\/wp\/v2\/media?parent=4414"}],"curies":[{"name":"wp","href":"https:\/\/api.w.org\/{rel}","templated":true}]}}