{"id":4413,"date":"2024-05-03T06:30:11","date_gmt":"2024-05-03T06:30:11","guid":{"rendered":"https:\/\/elfsight.com\/pl\/?page_id=4413"},"modified":"2024-11-14T09:20:16","modified_gmt":"2024-11-14T09:20:16","slug":"woocommerce","status":"publish","type":"page","link":"https:\/\/elfsight.com\/pl\/before-and-after-slider-widget\/woocommerce\/","title":{"rendered":"Before and After Slider &#8211; WooCommerce"},"content":{"rendered":"<div class=\"application-platform-content-item-description application-platform-content-item\" id=\"description\" data-nav-section=\"description\"><h2>Opis<\/h2><p>Slajd por\u00f3wnawczy firmy Elfsight pomaga zaprezentowa\u0107 niesamowite zdj\u0119cia promuj\u0105ce Twoj\u0105 witryn\u0119. Klienci b\u0119d\u0105 mieli szans\u0119 sprawdzi\u0107 wszystkie efekty jakie daj\u0105 Twoje produkty lub us\u0142ugi. Po prostu prze\u015blij dwa zdj\u0119cia do suwaka \u201ePrzed i po\u201d dla WooCommerce, a zostan\u0105 one wy\u015bwietlone z przegrod\u0105, kt\u00f3r\u0105 mo\u017cna przesuwa\u0107, aby zobaczy\u0107 r\u00f3\u017cnic\u0119. Mo\u017cesz publikowa\u0107 nieograniczon\u0105 liczb\u0119 zestaw\u00f3w zdj\u0119\u0107 oraz dodawa\u0107 podpisy i etykiety. Orientacja przesuwania mo\u017ce by\u0107 pozioma lub pionowa i mo\u017cesz wybra\u0107 najlepszy wsp\u00f3\u0142czynnik obrazu.<\/p> <p><b>Dzi\u0119ki suwakowi przed i po mo\u017cesz cieszy\u0107 si\u0119 zr\u00f3wnowa\u017conym rozwojem firmy i zwi\u0119ksza\u0107 sprzeda\u017c!<\/b><\/p> <\/div> <div class=\"application-platform-content-item-features application-platform-content-item\" id=\"features\" data-nav-section=\"features\"><h2>Poni\u017cej znajduj\u0105 si\u0119 podstawowe funkcje wid\u017cetu:<\/h2><ul><li>Kszta\u0142tuj nieograniczone kszta\u0142ty przed i po parach obraz\u00f3w<\/li> <li>Utw\u00f3rz podpisy z formatowaniem tekstu dla ka\u017cdego zestawu<\/li><li>Dwa gotowe uk\u0142ady: Lista i Karuzela<\/li><li>Przesuwanie separatora w poziomie lub w pionie<\/li><li>Klikni\u0119cie i przeci\u0105gni\u0119cie lub po prostu najechanie kursorem, aby przesun\u0105\u0107 rozdzielacz<\/li><li>Przesu\u0144 palcem po urz\u0105dzeniach z ekranem dotykowym<\/li><\/ul><p><a href=\"#demo\">Mo\u017cesz sprawdzi\u0107, czy wid\u017cet jest dla Ciebie, korzystaj\u0105c z wersji demonstracyjnej<\/a><\/p><\/div><div class=\"application-platform-content-item-installation application-platform-content-item\" id=\"installation\" data-nav-section=\"installation\"><h2>Jak doda\u0107 suwak \u201eprzed\u201d i \u201epo\u201d do mojej witryny WooCommerce?<\/h2><p>Wystarczy wykona\u0107 kroki opisane poni\u017cej, aby zintegrowa\u0107 narz\u0119dzie.<\/p><ol><li><b>Zarz\u0105dzaj naszym darmowym edytorem i zacznij budowa\u0107 w\u0142asny instrument.<\/b><br>Znajd\u017a wybrany uk\u0142ad i parametry wid\u017cetu oraz zastosuj modyfikacje.<\/li><li><b>Uzyskaj indywidualny kod pokazany w oknie aplikacji Elfsight.<\/b><br>Po zako\u0144czeniu konfiguracji narz\u0119dzia skopiuj ekskluzywny kod z wy\u015bwietlonego wyskakuj\u0105cego okienka i zapisz go na p\u00f3\u017aniej.<\/b> li&gt;<li><b>Zacznij korzysta\u0107 z wtyczki Por\u00f3wnanie w witrynie WooCommerce.<\/b><br>Dodaj ostatnio skopiowany kod do swojej strony i zapisz zmiany.<\/li><li><b> Jeste\u015b sko\u0144czony! Integracja zosta\u0142a w pe\u0142ni przeprowadzona.<\/b><br>Odwied\u017a swoj\u0105 witryn\u0119, aby zobaczy\u0107, jak dzia\u0142a widget.<\/li><\/ol><p>Je\u015bli masz pytania lub napotkasz trudno\u015bci, nie wahaj si\u0119 odpowiedzie\u0107 nasz zesp\u00f3\u0142 wsparcia. Nasi ludzie ch\u0119tnie odpowiedz\u0105 na wszystkie Twoje pytania dotycz\u0105ce wtyczki.<\/p><\/div><div class=\"faq\" data-component=\"FAQ\"><div class=\"faq-item\">\r\n\t\t\t\t\t<div class=\"faq-item-question\">\r\n\t\t\t\t\t\t<h3 class=\"faq-item-question-text\"><\/h3>\r\n\r\n\t\t\t\t\t\t<div class=\"faq-item-question-icon\"><\/div>\r\n\t\t\t\t\t<\/div>\r\n\r\n\t\t\t\t\t<div class=\"faq-item-answer\">\r\n\t\t\t\t\t\t<div class=\"faq-item-answer-text\"><p>Tworzenie narz\u0119dzia odbywa si\u0119 na stronach Elfsight i nie musisz uczy\u0107 si\u0119 kodowania. Skorzystaj z wersji demonstracyjnej na \u017cywo, aby zaprojektowa\u0107 swoj\u0105 osobist\u0105 aplikacj\u0119, uzyskaj kod i wklej go na swojej stronie internetowej. <\/p><\/div>\r\n\t\t\t\t\t<\/div>\r\n\t\t\t\t<\/div><div class=\"faq-item\">\r\n\t\t\t\t\t<div class=\"faq-item-question\">\r\n\t\t\t\t\t\t<h3 class=\"faq-item-question-text\">Najlepsze przyk\u0142ady wykorzystania integracji Comparison Slider<\/h3>\r\n\r\n\t\t\t\t\t\t<div class=\"faq-item-question-icon\"><\/div>\r\n\t\t\t\t\t<\/div>\r\n\r\n\t\t\t\t\t<div class=\"faq-item-answer\">\r\n\t\t\t\t\t\t<div class=\"faq-item-answer-text\"><p>Oferujemy wiele mo\u017cliwo\u015bci personalizacji: pe\u0142nowymiarowe wid\u017cety do osadzania w obszarze zawarto\u015bci, p\u0142ywaj\u0105ce wtyczki z funkcj\u0105 przewijania, miniaturami stopki, sekcj\u0105 nag\u0142\u00f3wka i wszelkiego rodzaju pionowymi opcjami pask\u00f3w bocznych i menu. <\/p><\/div>\r\n\t\t\t\t\t<\/div>\r\n\t\t\t\t<\/div><div class=\"faq-item\">\r\n\t\t\t\t\t<div class=\"faq-item-question\">\r\n\t\t\t\t\t\t<h3 class=\"faq-item-question-text\">Czy mog\u0119 zbudowa\u0107 prosty suwak por\u00f3wnania lub retuszu za pomoc\u0105 edytora?<\/h3>\r\n\r\n\t\t\t\t\t\t<div class=\"faq-item-question-icon\"><\/div>\r\n\t\t\t\t\t<\/div>\r\n\r\n\t\t\t\t\t<div class=\"faq-item-answer\">\r\n\t\t\t\t\t\t<div class=\"faq-item-answer-text\"><p>Mo\u017cesz kszta\u0142towa\u0107 zmiany w dowolnym wid\u017cecie. W edytorze dost\u0119pnych jest wiele uk\u0142ad\u00f3w, a ka\u017cdy z nich mo\u017cna \u0142atwo dostosowa\u0107 do w\u0142asnych potrzeb. <\/p><\/div>\r\n\t\t\t\t\t<\/div>\r\n\t\t\t\t<\/div><\/div>","protected":false},"excerpt":{"rendered":"","protected":false},"author":9,"featured_media":0,"parent":2568,"menu_order":0,"comment_status":"closed","ping_status":"closed","template":"templates\/template-application-platform.php","meta":{"publish_to_discourse":"","publish_post_category":"","wpdc_auto_publish_overridden":"","wpdc_topic_tags":"","wpdc_pin_topic":"","wpdc_pin_until":"","discourse_post_id":"","discourse_permalink":"","wpdc_publishing_response":"","wpdc_publishing_error":"","footnotes":""},"class_list":["post-4413","page","type-page","status-publish","hentry"],"yoast_head":"<!-- This site is optimized with the Yoast SEO plugin v25.3.1 - https:\/\/yoast.com\/wordpress\/plugins\/seo\/ -->\n<title>Wtyczka WooCommerce Before and After Slider dla Twojej witryny (2025)<\/title>\n<meta name=\"description\" content=\"Skorzystaj z okazji, aby dostosowa\u0107 wtyczk\u0119 \u201ePrzed i po\u201d w edytorze i zintegruj j\u0105 ze swoj\u0105 witryn\u0105 WooCommerce bezpo\u015brednio poprzez demo na \u017cywo.\" \/>\n<meta name=\"robots\" content=\"index, follow, max-snippet:-1, max-image-preview:large, max-video-preview:-1\" \/>\n<link rel=\"canonical\" href=\"https:\/\/elfsight.com\/pl\/before-and-after-slider-widget\/woocommerce\/\" \/>\n<meta property=\"og:locale\" content=\"pl_PL\" \/>\n<meta property=\"og:type\" content=\"article\" \/>\n<meta property=\"og:title\" content=\"Wtyczka WooCommerce Before and After Slider dla Twojej witryny (2025)\" \/>\n<meta property=\"og:description\" content=\"Skorzystaj z okazji, aby dostosowa\u0107 wtyczk\u0119 \u201ePrzed i po\u201d w edytorze i zintegruj j\u0105 ze swoj\u0105 witryn\u0105 WooCommerce bezpo\u015brednio poprzez demo na \u017cywo.\" \/>\n<meta property=\"og:url\" content=\"https:\/\/elfsight.com\/pl\/before-and-after-slider-widget\/woocommerce\/\" \/>\n<meta property=\"og:site_name\" content=\"Elfsight PL\" \/>\n<meta property=\"article:modified_time\" content=\"2024-11-14T09:20:16+00:00\" \/>\n<meta name=\"twitter:card\" content=\"summary_large_image\" \/>\n<meta name=\"twitter:label1\" content=\"Szacowany czas czytania\" \/>\n\t<meta name=\"twitter:data1\" content=\"3 minuty\" \/>\n<!-- \/ Yoast SEO plugin. -->","yoast_head_json":{"title":"Wtyczka WooCommerce Before and After Slider dla Twojej witryny (2025)","description":"Skorzystaj z okazji, aby dostosowa\u0107 wtyczk\u0119 \u201ePrzed i po\u201d w edytorze i zintegruj j\u0105 ze swoj\u0105 witryn\u0105 WooCommerce bezpo\u015brednio poprzez demo na \u017cywo.","robots":{"index":"index","follow":"follow","max-snippet":"max-snippet:-1","max-image-preview":"max-image-preview:large","max-video-preview":"max-video-preview:-1"},"canonical":"https:\/\/elfsight.com\/pl\/before-and-after-slider-widget\/woocommerce\/","og_locale":"pl_PL","og_type":"article","og_title":"Wtyczka WooCommerce Before and After Slider dla Twojej witryny (2025)","og_description":"Skorzystaj z okazji, aby dostosowa\u0107 wtyczk\u0119 \u201ePrzed i po\u201d w edytorze i zintegruj j\u0105 ze swoj\u0105 witryn\u0105 WooCommerce bezpo\u015brednio poprzez demo na \u017cywo.","og_url":"https:\/\/elfsight.com\/pl\/before-and-after-slider-widget\/woocommerce\/","og_site_name":"Elfsight PL","article_modified_time":"2024-11-14T09:20:16+00:00","twitter_card":"summary_large_image","twitter_misc":{"Szacowany czas czytania":"3 minuty"},"schema":{"@context":"https:\/\/schema.org","@graph":[{"@type":"WebPage","@id":"https:\/\/elfsight.com\/pl\/before-and-after-slider-widget\/woocommerce\/","url":"https:\/\/elfsight.com\/pl\/before-and-after-slider-widget\/woocommerce\/","name":"Wtyczka WooCommerce Before and After Slider dla Twojej witryny (2025)","isPartOf":{"@id":"https:\/\/elfsight.com\/pl\/#website"},"datePublished":"2024-05-03T06:30:11+00:00","dateModified":"2024-11-14T09:20:16+00:00","description":"Skorzystaj z okazji, aby dostosowa\u0107 wtyczk\u0119 \u201ePrzed i po\u201d w edytorze i zintegruj j\u0105 ze swoj\u0105 witryn\u0105 WooCommerce bezpo\u015brednio poprzez demo na \u017cywo.","breadcrumb":{"@id":"https:\/\/elfsight.com\/pl\/before-and-after-slider-widget\/woocommerce\/#breadcrumb"},"inLanguage":"pl-PL","potentialAction":[{"@type":"ReadAction","target":["https:\/\/elfsight.com\/pl\/before-and-after-slider-widget\/woocommerce\/"]}]},{"@type":"BreadcrumbList","@id":"https:\/\/elfsight.com\/pl\/before-and-after-slider-widget\/woocommerce\/#breadcrumb","itemListElement":[{"@type":"ListItem","position":1,"name":"Home","item":"https:\/\/elfsight.com\/pl\/"},{"@type":"ListItem","position":2,"name":"Before and After Slider","item":"https:\/\/elfsight.com\/pl\/before-and-after-slider-widget\/"},{"@type":"ListItem","position":3,"name":"Before and After Slider &#8211; WooCommerce"}]},{"@type":"WebSite","@id":"https:\/\/elfsight.com\/pl\/#website","url":"https:\/\/elfsight.com\/pl\/","name":"Elfsight PL","description":"Just another Elfsight Sites site","potentialAction":[{"@type":"SearchAction","target":{"@type":"EntryPoint","urlTemplate":"https:\/\/elfsight.com\/pl\/?s={search_term_string}"},"query-input":{"@type":"PropertyValueSpecification","valueRequired":true,"valueName":"search_term_string"}}],"inLanguage":"pl-PL"}]}},"meta_box":{"industry":"","seo_heading":"","heading":"","description":"","cta_heading":"","cta_description":"","application":"2567","h1":"WooCommerce Suwak przed i po","h1_caption":"Przedstaw por\u00f3wnania dw\u00f3ch obraz\u00f3w, idealne do podkre\u015blenia transformacji lub \u0142atwego zaprezentowania zalet produktu w Twojej witrynie WooCommerce.","application_category":[],"applications_title":"","applications_request_title":"","applications_request_button_text":"","hero_text":"","hero_video":"","hero_video_schema_markup":"","selling_points_title":"","selling_points_caption":"","selling_points":[],"selling_points_cta_text":"","features_title":"","features":"","ed_cta_examples_text":"","ed_cta_examples_hidden":"","ed_cta_demo_text":"","ed_cta_demo_hidden":"","why_caption":"","why_editor_title":"","why_editor_text":"","why_team_title":"","why_team_text":"","why_service_title":"","why_service_text":"","template_catalog_visible":"","template_catalog_title":"","template_catalog_text":"","template_catalog_categories_visible":"","demo_title":"Utw\u00f3rz aplikacj\u0119 Slider przed i po","demo_caption":"Skonfiguruj suwak \u201ePrzed i Po\u201d i dodaj go za darmo do swojej witryny WooCommerce!","default_faq_hidden":"","app_template_category":[],"platform":"335","template_public_id":"","codecanyon_url":"","codecanyon_item_id":"","codecanyon_price":"","pricing_caption":"","pricing_elfsight_apps_hide_column":"","pricing_elfsight_apps_url":"","pricing_codecanyon_price_caption":"","integration_category":[],"integration_request_title":"","integration_request_cta":"","integration_platform":"","integrations":[],"platform_category":[],"video_schema_markup":"","price":"od 0 USD \/ miesi\u0105c","trial":"","benefits":[{"text":"Bezp\u0142atna pomoc w monta\u017cu"},{"text":"Kompetentna obs\u0142uga klienta"},{"text":"14-dniowa gwarancja zwrotu pieni\u0119dzy"}],"button_url":"#demo","button_target_blank":"","button_nofollow":"","attributes":[{"name":"Instaluje"},{"name":"Czu\u0142y"},{"name":"Kompatybilne przegl\u0105darki"}],"tags":[],"tags_disable_links":"","hide_more_platforms":"","video_object":"","demo_hide_cta":"","demo_hide_cloud_options":"","pricing_title":"","pricing":[{"pricing_icon":"platform","pricing_title":"Elfsight Apps","pricing_title_caption":"Wersja niezale\u017cna od platformy","pricing_price":"od 0 USD \/ miesi\u0105c","pricing_price_caption":"zacznij od bezp\u0142atnego planu","pricing_benefits":[{"text":"Nielimitowane strony internetowe"},{"text":"Dedykowane wsparcie firmy i dobrze udokumentowane"},{"text":"Bezp\u0142atna pomoc przy instalacji"},{"text":"W pe\u0142ni konfigurowalny"}],"pricing_button_text":"Dodaj do witryny","pricing_button_url":"#demo"}],"related_apps_title":"","related_apps_hidden":"","author":"","image":[],"title":"","job":"","social_networks":[]},"_links":{"self":[{"href":"https:\/\/elfsight.com\/pl\/wp-json\/wp\/v2\/pages\/4413","targetHints":{"allow":["GET"]}}],"collection":[{"href":"https:\/\/elfsight.com\/pl\/wp-json\/wp\/v2\/pages"}],"about":[{"href":"https:\/\/elfsight.com\/pl\/wp-json\/wp\/v2\/types\/page"}],"author":[{"embeddable":true,"href":"https:\/\/elfsight.com\/pl\/wp-json\/wp\/v2\/users\/9"}],"replies":[{"embeddable":true,"href":"https:\/\/elfsight.com\/pl\/wp-json\/wp\/v2\/comments?post=4413"}],"version-history":[{"count":1,"href":"https:\/\/elfsight.com\/pl\/wp-json\/wp\/v2\/pages\/4413\/revisions"}],"predecessor-version":[{"id":4417,"href":"https:\/\/elfsight.com\/pl\/wp-json\/wp\/v2\/pages\/4413\/revisions\/4417"}],"up":[{"embeddable":true,"href":"https:\/\/elfsight.com\/pl\/wp-json\/wp\/v2\/pages\/2568"}],"wp:attachment":[{"href":"https:\/\/elfsight.com\/pl\/wp-json\/wp\/v2\/media?parent=4413"}],"curies":[{"name":"wp","href":"https:\/\/api.w.org\/{rel}","templated":true}]}}