{"id":4407,"date":"2024-05-03T06:30:09","date_gmt":"2024-05-03T06:30:09","guid":{"rendered":"https:\/\/elfsight.com\/pl\/?page_id=4407"},"modified":"2024-11-14T08:54:18","modified_gmt":"2024-11-14T08:54:18","slug":"wordpress","status":"publish","type":"page","link":"https:\/\/elfsight.com\/pl\/before-and-after-slider-widget\/wordpress\/","title":{"rendered":"Before and After Slider &#8211; WordPress"},"content":{"rendered":"<div class=\"application-platform-content-item-description application-platform-content-item\" id=\"description\" data-nav-section=\"description\"> <h2>Osad\u017a suwak przed i po w WordPressie za pomoc\u0105 wid\u017cetu Elfsight<\/h2> <p> Suwak przed i po firmy Elfsight pomaga Ci robi\u0107 wra\u017cenie w promocji zdj\u0119cia na Twoj\u0105 stron\u0119. Klienci b\u0119d\u0105 mogli pozna\u0107 wszystkie zmiany, jakie wprowadzaj\u0105 Twoje towary lub us\u0142ugi. Po prostu prze\u015blij zdj\u0119cia przed i po do suwaka \u201ePrzed i po\u201d dla WordPress, a pojawi\u0105 si\u0119 one z przegrod\u0105, kt\u00f3r\u0105 u\u017cytkownicy b\u0119d\u0105 mogli przesun\u0105\u0107, aby zobaczy\u0107 r\u00f3\u017cnic\u0119. Mo\u017cesz dodawa\u0107 nieograniczon\u0105 liczb\u0119 par zdj\u0119\u0107 oraz pisa\u0107 podpisy i etykiety. Orientacja rozdzielacza mo\u017ce by\u0107 pozioma lub pionowa i mo\u017cna wybra\u0107 najlepszy wsp\u00f3\u0142czynnik obrazu. Twoi go\u015bcie na pewno zam\u00f3wi\u0105, gdy przekonaj\u0105 si\u0119 o prawdziwej skuteczno\u015bci| swoich produkt\u00f3w! <\/p> <p><b>Ulepsz swoj\u0105 witryn\u0119 pod k\u0105tem cel\u00f3w biznesowych dzi\u0119ki zdj\u0119ciom przed i po<\/b><\/p> <\/div> <div class=\"application-platform-content-item-features application-platform-content-item\" id=\"features\" data-nav-section=\"features\"> <h2>To s\u0105 tylko kilka rozbudowanych funkcji wid\u017cetu: <\/h2> <ul><li>Utw\u00f3rz dowoln\u0105 liczb\u0119 par zdj\u0119\u0107 przed i po<\/li> <li>Wstaw podpisy w formacie tekstowym do ka\u017cdego obrazu<\/li><li>Dwa wbudowane uk\u0142ady: Lista i Karuzela<\/li><li>Przesuwanie separatora w poziomie lub w pionie<\/li><li>Klikni\u0119cie i przeci\u0105gni\u0119cie lub po prostu najechanie kursorem, aby przesun\u0105\u0107 separator<\/li><li>Przesu\u0144 palcem na urz\u0105dzeniach z ekranem dotykowym<\/li><\/ul><p><a href=\"#demo\">Sprawd\u017a wszystkie ustawienia w pe\u0142nej wersji demonstracyjnej<\/a><\/p> <\/div> <div class=\"application-platform-content-item-installation application-platform-content-item\" id=\"installation\" data-nav-section=\"installation\"> <h2>Jak doda\u0107 suwak \u201ePrzed i Po\u201d na mojej stronie WordPress? <\/h2> <div class=\"video-container\"><iframe width=\"720\" height=\"405\" src=\"https:\/\/www.youtube.com\/embed\/LiRY2aB_KPY\" frameborder=\"0\" allowfullscreen=\"\"><\/iframe><\/div><p>Wystarczy post\u0119powa\u0107 zgodnie z poni\u017cszymi instrukcjami, aby rozpocz\u0105\u0107 korzystanie z wtyczki w WordPressie.<\/p> <ol><li><b>Otw\u00f3rz nasze bezp\u0142atne demo i zacznij tworzy\u0107 w\u0142asn\u0105 wtyczk\u0119 . <\/b><br> Okre\u015bl preferowany interfejs i parametry wid\u017cetu i zastosuj poprawki. <\/li> <li><b>Skopiuj sw\u00f3j unikalny kod pojawiaj\u0105cy si\u0119 w oknie aplikacji Elfsight. <\/b><br> Po skonfigurowaniu osobistej wtyczki Before and After Slider skopiuj osobisty kod z wy\u015bwietlonego pola i zapisz go na dalsze potrzeby. <\/li> <li><b>Rozpocznij stosowanie wid\u017cetu na swojej witrynie WordPress. <\/b><br> Wstaw zapisany wcze\u015bniej kod na swoj\u0105 stron\u0119 i zapisz ulepszenia. <\/li> <li><b>Gotowe! Konfiguracja zosta\u0142a pomy\u015blnie przeprowadzona. <\/b><br> Odwied\u017a swoj\u0105 stron\u0119, aby sprawdzi\u0107 dzia\u0142anie wtyczki. <\/li><\/ol> <p>Je\u015bli masz pytania lub napotkasz przeszkody, skontaktuj si\u0119 z naszym personelem pomocniczym. Nasi specjali\u015bci ch\u0119tnie rozwi\u0105\u017c\u0105 wszystkie problemy, jakie mo\u017cesz mie\u0107 z wid\u017cetem. <\/p> <div class=\"faq\" data-component=\"FAQ\"><div class=\"faq-item\">\r\n\t\t\t\t\t<div class=\"faq-item-question\">\r\n\t\t\t\t\t\t<h3 class=\"faq-item-question-text\">Jak mog\u0119 doda\u0107 suwak Przed i Po do mojej witryny WordPress bez umiej\u0119tno\u015bci kodowania?<\/h3>\r\n\r\n\t\t\t\t\t\t<div class=\"faq-item-question-icon\"><\/div>\r\n\t\t\t\t\t<\/div>\r\n\r\n\t\t\t\t\t<div class=\"faq-item-answer\">\r\n\t\t\t\t\t\t<div class=\"faq-item-answer-text\"> <p>Elfsight zapewnia rozwi\u0105zanie SaaS, kt\u00f3re umo\u017cliwia samodzielne utworzenie wid\u017cetu suwaka Przed i Po , przekonaj si\u0119, jak \u0142atwy jest ten proces: Pracuj bezpo\u015brednio w edytorze online, aby utworzy\u0107 wid\u017cet suwaka Przed i Po, kt\u00f3ry chcesz zobaczy\u0107 na swojej stronie WordPress. Wybierz jeden z gotowych szablon\u00f3w i dostosuj ustawienia suwaka Przed i po, dodaj tre\u015b\u0107, zmie\u0144 uk\u0142ad i kolory bez umiej\u0119tno\u015bci kodowania. Zapisz suwak Przed i po i skopiuj jego kod instalacyjny, kt\u00f3ry mo\u017cesz po prostu umie\u015bci\u0107 na swojej stronie WordPress bez konieczno\u015bci zakupu p\u0142atnego planu. Dzi\u0119ki naszemu intuicyjnemu edytorowi ka\u017cdy u\u017cytkownik Internetu mo\u017ce utworzy\u0107 wid\u017cet suwaka \u201ePrzed i po\u201d online i \u0142atwo osadzi\u0107 go na swojej stronie WordPress. Aby uzyska\u0107 dost\u0119p do us\u0142ugi, nie trzeba p\u0142aci\u0107 ani wprowadza\u0107 danych uwierzytelniaj\u0105cych karty. Je\u015bli na kt\u00f3rymkolwiek etapie napotkasz jakiekolwiek problemy, skontaktuj si\u0119 z naszym zespo\u0142em pomocy technicznej.<\/p> <\/div>\r\n\t\t\t\t\t<\/div>\r\n\t\t\t\t<\/div> <\/div><\/div>","protected":false},"excerpt":{"rendered":"","protected":false},"author":9,"featured_media":0,"parent":2568,"menu_order":0,"comment_status":"closed","ping_status":"closed","template":"templates\/template-application-platform.php","meta":{"publish_to_discourse":"","publish_post_category":"","wpdc_auto_publish_overridden":"","wpdc_topic_tags":"","wpdc_pin_topic":"","wpdc_pin_until":"","discourse_post_id":"","discourse_permalink":"","wpdc_publishing_response":"","wpdc_publishing_error":"","footnotes":""},"class_list":["post-4407","page","type-page","status-publish","hentry"],"yoast_head":"<!-- This site is optimized with the Yoast SEO plugin v25.3.1 - https:\/\/yoast.com\/wordpress\/plugins\/seo\/ -->\n<title>Slider Przed i Po dla witryny WordPress (bezp\u0142atny i szybki!)<\/title>\n<meta name=\"description\" content=\"Umie\u015b\u0107 responsywny wid\u017cet suwaka \u201ePrzed i po\u201d na swojej stronie internetowej WordPress. Skorzystaj z wersji demonstracyjnej Elfsight i wygeneruj sw\u00f3j unikalny suwak por\u00f3wnania.\" \/>\n<meta name=\"robots\" content=\"index, follow, max-snippet:-1, max-image-preview:large, max-video-preview:-1\" \/>\n<link rel=\"canonical\" href=\"https:\/\/elfsight.com\/pl\/before-and-after-slider-widget\/wordpress\/\" \/>\n<meta property=\"og:locale\" content=\"pl_PL\" \/>\n<meta property=\"og:type\" content=\"article\" \/>\n<meta property=\"og:title\" content=\"Slider Przed i Po dla witryny WordPress (bezp\u0142atny i szybki!)\" \/>\n<meta property=\"og:description\" content=\"Umie\u015b\u0107 responsywny wid\u017cet suwaka \u201ePrzed i po\u201d na swojej stronie internetowej WordPress. Skorzystaj z wersji demonstracyjnej Elfsight i wygeneruj sw\u00f3j unikalny suwak por\u00f3wnania.\" \/>\n<meta property=\"og:url\" content=\"https:\/\/elfsight.com\/pl\/before-and-after-slider-widget\/wordpress\/\" \/>\n<meta property=\"og:site_name\" content=\"Elfsight PL\" \/>\n<meta property=\"article:modified_time\" content=\"2024-11-14T08:54:18+00:00\" \/>\n<meta name=\"twitter:card\" content=\"summary_large_image\" \/>\n<meta name=\"twitter:label1\" content=\"Szacowany czas czytania\" \/>\n\t<meta name=\"twitter:data1\" content=\"3 minuty\" \/>\n<!-- \/ Yoast SEO plugin. -->","yoast_head_json":{"title":"Slider Przed i Po dla witryny WordPress (bezp\u0142atny i szybki!)","description":"Umie\u015b\u0107 responsywny wid\u017cet suwaka \u201ePrzed i po\u201d na swojej stronie internetowej WordPress. Skorzystaj z wersji demonstracyjnej Elfsight i wygeneruj sw\u00f3j unikalny suwak por\u00f3wnania.","robots":{"index":"index","follow":"follow","max-snippet":"max-snippet:-1","max-image-preview":"max-image-preview:large","max-video-preview":"max-video-preview:-1"},"canonical":"https:\/\/elfsight.com\/pl\/before-and-after-slider-widget\/wordpress\/","og_locale":"pl_PL","og_type":"article","og_title":"Slider Przed i Po dla witryny WordPress (bezp\u0142atny i szybki!)","og_description":"Umie\u015b\u0107 responsywny wid\u017cet suwaka \u201ePrzed i po\u201d na swojej stronie internetowej WordPress. Skorzystaj z wersji demonstracyjnej Elfsight i wygeneruj sw\u00f3j unikalny suwak por\u00f3wnania.","og_url":"https:\/\/elfsight.com\/pl\/before-and-after-slider-widget\/wordpress\/","og_site_name":"Elfsight PL","article_modified_time":"2024-11-14T08:54:18+00:00","twitter_card":"summary_large_image","twitter_misc":{"Szacowany czas czytania":"3 minuty"},"schema":{"@context":"https:\/\/schema.org","@graph":[{"@type":"WebPage","@id":"https:\/\/elfsight.com\/pl\/before-and-after-slider-widget\/wordpress\/","url":"https:\/\/elfsight.com\/pl\/before-and-after-slider-widget\/wordpress\/","name":"Slider Przed i Po dla witryny WordPress (bezp\u0142atny i szybki!)","isPartOf":{"@id":"https:\/\/elfsight.com\/pl\/#website"},"datePublished":"2024-05-03T06:30:09+00:00","dateModified":"2024-11-14T08:54:18+00:00","description":"Umie\u015b\u0107 responsywny wid\u017cet suwaka \u201ePrzed i po\u201d na swojej stronie internetowej WordPress. Skorzystaj z wersji demonstracyjnej Elfsight i wygeneruj sw\u00f3j unikalny suwak por\u00f3wnania.","breadcrumb":{"@id":"https:\/\/elfsight.com\/pl\/before-and-after-slider-widget\/wordpress\/#breadcrumb"},"inLanguage":"pl-PL","potentialAction":[{"@type":"ReadAction","target":["https:\/\/elfsight.com\/pl\/before-and-after-slider-widget\/wordpress\/"]}]},{"@type":"BreadcrumbList","@id":"https:\/\/elfsight.com\/pl\/before-and-after-slider-widget\/wordpress\/#breadcrumb","itemListElement":[{"@type":"ListItem","position":1,"name":"Home","item":"https:\/\/elfsight.com\/pl\/"},{"@type":"ListItem","position":2,"name":"Before and After Slider","item":"https:\/\/elfsight.com\/pl\/before-and-after-slider-widget\/"},{"@type":"ListItem","position":3,"name":"Before and After Slider &#8211; WordPress"}]},{"@type":"WebSite","@id":"https:\/\/elfsight.com\/pl\/#website","url":"https:\/\/elfsight.com\/pl\/","name":"Elfsight PL","description":"Just another Elfsight Sites site","potentialAction":[{"@type":"SearchAction","target":{"@type":"EntryPoint","urlTemplate":"https:\/\/elfsight.com\/pl\/?s={search_term_string}"},"query-input":{"@type":"PropertyValueSpecification","valueRequired":true,"valueName":"search_term_string"}}],"inLanguage":"pl-PL"}]}},"meta_box":{"industry":"","seo_heading":"","heading":"","description":"","cta_heading":"","cta_description":"","application":"2567","h1":"Suwak przed i po dla WordPress","h1_caption":"Przedstaw por\u00f3wnania dw\u00f3ch obraz\u00f3w, idealne do podkre\u015blenia transformacji lub \u0142atwego zaprezentowania zalet produktu w witrynie WordPress.","application_category":[],"applications_title":"","applications_request_title":"","applications_request_button_text":"","hero_text":"","hero_video":"","hero_video_schema_markup":"","selling_points_title":"","selling_points_caption":"","selling_points":[],"selling_points_cta_text":"","features_title":"","features":"","ed_cta_examples_text":"","ed_cta_examples_hidden":"","ed_cta_demo_text":"","ed_cta_demo_hidden":"","why_caption":"","why_editor_title":"","why_editor_text":"","why_team_title":"","why_team_text":"","why_service_title":"","why_service_text":"","template_catalog_visible":"","template_catalog_title":"","template_catalog_text":"","template_catalog_categories_visible":"","demo_title":"Utw\u00f3rz wtyczk\u0119 \u201ePrzed i po\u201d suwaka","demo_caption":"Skonfiguruj suwak \u201ePrzed i Po\u201d i dodaj go za darmo do swojej witryny WordPress!","default_faq_hidden":"","app_template_category":[],"platform":"31","template_public_id":"","codecanyon_url":"","codecanyon_item_id":"","codecanyon_price":"","pricing_caption":"","pricing_elfsight_apps_hide_column":"","pricing_elfsight_apps_url":"","pricing_codecanyon_price_caption":"","integration_category":[],"integration_request_title":"","integration_request_cta":"","integration_platform":"","integrations":[],"platform_category":[],"video_schema_markup":"","price":"od 0 USD \/ miesi\u0105c","trial":"","benefits":[{"text":"Bezp\u0142atna pomoc w instalacji"},{"text":"Kompetentna obs\u0142uga klienta"},{"text":"14-dniowa gwarancja zwrotu pieni\u0119dzy"}],"button_url":"#demo","button_target_blank":"","button_nofollow":"","attributes":[{"name":"Instaluje"},{"name":"Czu\u0142y"},{"name":"Kompatybilne przegl\u0105darki"}],"tags":[],"tags_disable_links":"","hide_more_platforms":"","video_object":"","demo_hide_cta":"","demo_hide_cloud_options":"","pricing_title":"","pricing":[{"pricing_icon":"platform","pricing_title":"Elfsight Apps","pricing_title_caption":"Rozwi\u0105zanie wieloplatformowe, kt\u00f3re pasuje do ka\u017cdej witryny internetowej","pricing_price":"od 0 USD \/ miesi\u0105c","pricing_price_caption":"zacznij od bezp\u0142atnego planu","pricing_benefits":[{"text":"Nielimitowane domeny"},{"text":"Szybka obs\u0142uga klienta"},{"text":"Bezp\u0142atna pomoc w monta\u017cu"},{"text":"Cena do z\u0142apania dla wielu aplikacji"}],"pricing_button_text":"Dodaj do witryny","pricing_button_url":"#demo"}],"related_apps_title":"","related_apps_hidden":"","author":"","image":[],"title":"","job":"","social_networks":[]},"_links":{"self":[{"href":"https:\/\/elfsight.com\/pl\/wp-json\/wp\/v2\/pages\/4407","targetHints":{"allow":["GET"]}}],"collection":[{"href":"https:\/\/elfsight.com\/pl\/wp-json\/wp\/v2\/pages"}],"about":[{"href":"https:\/\/elfsight.com\/pl\/wp-json\/wp\/v2\/types\/page"}],"author":[{"embeddable":true,"href":"https:\/\/elfsight.com\/pl\/wp-json\/wp\/v2\/users\/9"}],"replies":[{"embeddable":true,"href":"https:\/\/elfsight.com\/pl\/wp-json\/wp\/v2\/comments?post=4407"}],"version-history":[{"count":2,"href":"https:\/\/elfsight.com\/pl\/wp-json\/wp\/v2\/pages\/4407\/revisions"}],"predecessor-version":[{"id":7672,"href":"https:\/\/elfsight.com\/pl\/wp-json\/wp\/v2\/pages\/4407\/revisions\/7672"}],"up":[{"embeddable":true,"href":"https:\/\/elfsight.com\/pl\/wp-json\/wp\/v2\/pages\/2568"}],"wp:attachment":[{"href":"https:\/\/elfsight.com\/pl\/wp-json\/wp\/v2\/media?parent=4407"}],"curies":[{"name":"wp","href":"https:\/\/api.w.org\/{rel}","templated":true}]}}