{"id":4406,"date":"2024-05-03T06:30:08","date_gmt":"2024-05-03T06:30:08","guid":{"rendered":"https:\/\/elfsight.com\/pl\/?page_id=4406"},"modified":"2024-11-14T08:53:13","modified_gmt":"2024-11-14T08:53:13","slug":"google-sites","status":"publish","type":"page","link":"https:\/\/elfsight.com\/pl\/before-and-after-slider-widget\/google-sites\/","title":{"rendered":"Before and after slider &#8211; Google Sites"},"content":{"rendered":"<div class=\"application-platform-content-item-description application-platform-content-item\" id=\"description\" data-nav-section=\"description\"> <h2>Osad\u017a suwak \u201ePrzed i po\u201d w Witrynach Google za pomoc\u0105 wid\u017cetu Elfsight<\/h2> <p>Widget \u201ePrzed i po\u201d firmy Elfsight umo\u017cliwi Ci konfiguracj\u0119 zadziwiaj\u0105ce zdj\u0119cia do sprzeda\u017cy na Twojej stronie internetowej. Klienci b\u0119d\u0105 mogli od razu zobaczy\u0107 wszystkie zmiany, jakie wprowadzaj\u0105 Twoje produkty lub us\u0142ugi. Po prostu prze\u015blij dwa zdj\u0119cia do suwaka por\u00f3wnawczego w Witrynie Google, a na ekranie pojawi si\u0119 przek\u0142adka, kt\u00f3ra b\u0119dzie przesuwana w celu wykrycia r\u00f3\u017cnicy. Mo\u017cesz publikowa\u0107 nieograniczon\u0105 liczb\u0119 slajd\u00f3w, ka\u017cdy z w\u0142asnym podpisem. Orientacja rozdzielacza mo\u017ce by\u0107 pozioma lub pionowa, a Ty mo\u017cesz wybra\u0107 najbardziej odpowiedni wsp\u00f3\u0142czynnik obrazu. Twoi u\u017cytkownicy nie uciekn\u0105 od z\u0142o\u017cenia zam\u00f3wienia, gdy poznaj\u0105 rzeczywisty wynik Twoich ofert! <\/p> <p><b>Wykorzystaj to, co najlepsze przed &amp; po wtyczce, aby szybciej sprosta\u0107 wyzwaniom e-commerce! <\/b><\/p> <\/div><div class=\"application-platform-content-item-features application-platform-content-item\" id=\"features\" data-nav-section=\"features\"> <h2>To tylko kilka r\u00f3\u017cnych funkcji wid\u017cetu: <\/h2> <ul><li>Osadzaj nieograniczon\u0105 liczb\u0119 par przed i po zdj\u0119cia<\/li> <li>Dodaj podpisy w formacie tekstowym do ka\u017cdego zdj\u0119cia<\/li><li>Dwa gotowe uk\u0142ady: Lista i Karuzela<\/li><li>Poziomy lub pionowy kierunek przek\u0142adki<\/li><li> Kliknij i przeci\u0105gnij lub po prostu najed\u017a kursorem, aby przesun\u0105\u0107 podzia\u0142k\u0119.<\/li><li>Przesu\u0144 palcem na ekranach dotykowych<\/li><\/ul><p><a href=\"#demo\">Wypr\u00f3buj wszystkie ustawienia w 100 funkcjonalnej wersji demonstracyjnej<\/a><\/p> <\/div><div class=\"application-platform-content-item-installation application-platform-content-item\" id=\"installation\" data-nav-section=\"installation\"> <h2>Jak doda\u0107 suwak \u201ePrzed\u201d i \u201ePo\u201d w moich Witrynach Google? <\/h2><div class=\"video-container\"><iframe width=\"720\" height=\"405\" src=\"https:\/\/www.youtube.com\/embed\/6Y9Kc_G2vxA\" frameborder=\"0\" allowfullscreen=\"\"><\/iframe><\/div><p>Wystarczy wykona\u0107 poni\u017csze kroki, aby zintegrowa\u0107 wid\u017cet por\u00f3wnania. <\/p> <ol><li><b>Wykorzystaj nasz darmowy edytor i zacznij budowa\u0107 sw\u00f3j spersonalizowany instrument.<\/b><br> Okre\u015bl odpowiedni\u0105 form\u0119 i specyfikacje narz\u0119dzia oraz zapisz zmiany.<\/li> <li><b>Zdob\u0105d\u017a osobisty kod widoczny w oknie aplikacji Elfsight<\/b><br> Po zako\u0144czeniu dostosowywania osobistej wtyczki skopiuj indywidualny kod z wy\u015bwietlonego okna i zachowaj go do dalszego wykorzystania.<\/b> li&gt; <li><b>Zacznij korzysta\u0107 z suwaka por\u00f3wnania w swoich Witrynach Google<\/b><br> Wprowad\u017a kod, kt\u00f3ry ostatnio skopiowa\u0142e\u015b do swojej witryny i zastosuj modyfikacje.<\/li> <li><b> Jeste\u015b sko\u0144czony! Konfiguracja zosta\u0142a pomy\u015blnie zako\u0144czona.<\/b><br> Przejd\u017a do swojej witryny, aby zobaczy\u0107 dzia\u0142anie wid\u017cetu.<\/li><\/ol> <div class=\"tip-yellow tip\"><b>Ze wzgl\u0119du na specyfik\u0119 dzia\u0142ania Witryn Google wid\u017cet mo\u017ce wygl\u0105daj\u0105 inaczej ni\u017c wersja demonstracyjna online. Przepraszamy za wszelkie niedogodno\u015bci.<\/b><\/div><p>W przypadku pyta\u0144 lub problem\u00f3w nie wahaj si\u0119 zwr\u00f3ci\u0107 do naszego personelu obs\u0142ugi klienta. Nasi konsultanci z przyjemno\u015bci\u0105 rozwi\u0105\u017c\u0105 wszystkie problemy, jakie mo\u017cesz mie\u0107 z tym narz\u0119dziem.<\/p> <div class=\"faq\" data-component=\"FAQ\"><div class=\"faq-item\">\r\n\t\t\t\t\t<div class=\"faq-item-question\">\r\n\t\t\t\t\t\t<h3 class=\"faq-item-question-text\">Jak doda\u0107 suwak Przed i po do mojej witryny Google Sites bez umiej\u0119tno\u015bci kodowania?<\/h3>\r\n\r\n\t\t\t\t\t\t<div class=\"faq-item-question-icon\"><\/div>\r\n\t\t\t\t\t<\/div>\r\n\r\n\t\t\t\t\t<div class=\"faq-item-answer\">\r\n\t\t\t\t\t\t<div class=\"faq-item-answer-text\"> <p>Elfsight zapewnia rozwi\u0105zanie SaaS, kt\u00f3re umo\u017cliwia samodzielne utworzenie wid\u017cetu suwaka \u201ePrzed i po\u201d. Przekonaj si\u0119, jak \u0142atwy jest ten proces: Pracuj bezpo\u015brednio w edytorze online, aby utworzy\u0107 wid\u017cet suwaka \u201ePrzed i po\u201d, kt\u00f3ry chcesz widzie\u0107 w swojej witrynie Google Sites. Wybierz jeden z gotowych szablon\u00f3w i dostosuj ustawienia suwaka Przed i po, dodaj tre\u015b\u0107, zmie\u0144 uk\u0142ad i kolory bez umiej\u0119tno\u015bci kodowania. Zapisz suwak Przed i po i skopiuj jego kod instalacyjny, kt\u00f3ry mo\u017cesz \u0142atwo osadzi\u0107 w swojej witrynie Google Sites bez konieczno\u015bci kupowania wersji p\u0142atnej. Dzi\u0119ki naszemu intuicyjnemu edytorowi ka\u017cdy u\u017cytkownik Internetu mo\u017ce utworzy\u0107 wid\u017cet suwaka \u201ePrzed i po\u201d online i \u0142atwo osadzi\u0107 go w swojej witrynie Google Sites. Aby uzyska\u0107 dost\u0119p do us\u0142ugi, nie trzeba p\u0142aci\u0107 ani wprowadza\u0107 danych uwierzytelniaj\u0105cych karty. Je\u015bli na kt\u00f3rymkolwiek etapie napotkasz jakiekolwiek problemy, skontaktuj si\u0119 z naszym zespo\u0142em pomocy technicznej.<\/p> <\/div>\r\n\t\t\t\t\t<\/div>\r\n\t\t\t\t<\/div> <\/div><\/div><p><\/p>","protected":false},"excerpt":{"rendered":"","protected":false},"author":9,"featured_media":0,"parent":2568,"menu_order":0,"comment_status":"closed","ping_status":"closed","template":"templates\/template-application-platform.php","meta":{"publish_to_discourse":"","publish_post_category":"","wpdc_auto_publish_overridden":"","wpdc_topic_tags":"","wpdc_pin_topic":"","wpdc_pin_until":"","discourse_post_id":"","discourse_permalink":"","wpdc_publishing_response":"","wpdc_publishing_error":"","footnotes":""},"class_list":["post-4406","page","type-page","status-publish","hentry"],"yoast_head":"<!-- This site is optimized with the Yoast SEO plugin v25.3.1 - https:\/\/yoast.com\/wordpress\/plugins\/seo\/ -->\n<title>Suwak \u201ePrzed i po\u201d \u2013 dodaj wid\u017cet por\u00f3wnania do Witryn Google (2026)<\/title>\n<meta name=\"description\" content=\"Dodaj dostosowywalny wid\u017cet suwaka \u201ePrzed\u201d i \u201ePo\u201d w swoich Witrynach Google. Sprawd\u017a kompleksowe demo i wygeneruj spersonalizowany widget por\u00f3wnawczy.\" \/>\n<meta name=\"robots\" content=\"index, follow, max-snippet:-1, max-image-preview:large, max-video-preview:-1\" \/>\n<link rel=\"canonical\" href=\"https:\/\/elfsight.com\/pl\/before-and-after-slider-widget\/google-sites\/\" \/>\n<meta property=\"og:locale\" content=\"pl_PL\" \/>\n<meta property=\"og:type\" content=\"article\" \/>\n<meta property=\"og:title\" content=\"Suwak \u201ePrzed i po\u201d \u2013 dodaj wid\u017cet por\u00f3wnania do Witryn Google (2026)\" \/>\n<meta property=\"og:description\" content=\"Dodaj dostosowywalny wid\u017cet suwaka \u201ePrzed\u201d i \u201ePo\u201d w swoich Witrynach Google. Sprawd\u017a kompleksowe demo i wygeneruj spersonalizowany widget por\u00f3wnawczy.\" \/>\n<meta property=\"og:url\" content=\"https:\/\/elfsight.com\/pl\/before-and-after-slider-widget\/google-sites\/\" \/>\n<meta property=\"og:site_name\" content=\"Elfsight PL\" \/>\n<meta property=\"article:modified_time\" content=\"2024-11-14T08:53:13+00:00\" \/>\n<meta name=\"twitter:card\" content=\"summary_large_image\" \/>\n<meta name=\"twitter:label1\" content=\"Szacowany czas czytania\" \/>\n\t<meta name=\"twitter:data1\" content=\"3 minuty\" \/>\n<!-- \/ Yoast SEO plugin. -->","yoast_head_json":{"title":"Suwak \u201ePrzed i po\u201d \u2013 dodaj wid\u017cet por\u00f3wnania do Witryn Google (2026)","description":"Dodaj dostosowywalny wid\u017cet suwaka \u201ePrzed\u201d i \u201ePo\u201d w swoich Witrynach Google. Sprawd\u017a kompleksowe demo i wygeneruj spersonalizowany widget por\u00f3wnawczy.","robots":{"index":"index","follow":"follow","max-snippet":"max-snippet:-1","max-image-preview":"max-image-preview:large","max-video-preview":"max-video-preview:-1"},"canonical":"https:\/\/elfsight.com\/pl\/before-and-after-slider-widget\/google-sites\/","og_locale":"pl_PL","og_type":"article","og_title":"Suwak \u201ePrzed i po\u201d \u2013 dodaj wid\u017cet por\u00f3wnania do Witryn Google (2026)","og_description":"Dodaj dostosowywalny wid\u017cet suwaka \u201ePrzed\u201d i \u201ePo\u201d w swoich Witrynach Google. Sprawd\u017a kompleksowe demo i wygeneruj spersonalizowany widget por\u00f3wnawczy.","og_url":"https:\/\/elfsight.com\/pl\/before-and-after-slider-widget\/google-sites\/","og_site_name":"Elfsight PL","article_modified_time":"2024-11-14T08:53:13+00:00","twitter_card":"summary_large_image","twitter_misc":{"Szacowany czas czytania":"3 minuty"},"schema":{"@context":"https:\/\/schema.org","@graph":[{"@type":"WebPage","@id":"https:\/\/elfsight.com\/pl\/before-and-after-slider-widget\/google-sites\/","url":"https:\/\/elfsight.com\/pl\/before-and-after-slider-widget\/google-sites\/","name":"Suwak \u201ePrzed i po\u201d \u2013 dodaj wid\u017cet por\u00f3wnania do Witryn Google (2026)","isPartOf":{"@id":"https:\/\/elfsight.com\/pl\/#website"},"datePublished":"2024-05-03T06:30:08+00:00","dateModified":"2024-11-14T08:53:13+00:00","description":"Dodaj dostosowywalny wid\u017cet suwaka \u201ePrzed\u201d i \u201ePo\u201d w swoich Witrynach Google. Sprawd\u017a kompleksowe demo i wygeneruj spersonalizowany widget por\u00f3wnawczy.","breadcrumb":{"@id":"https:\/\/elfsight.com\/pl\/before-and-after-slider-widget\/google-sites\/#breadcrumb"},"inLanguage":"pl-PL","potentialAction":[{"@type":"ReadAction","target":["https:\/\/elfsight.com\/pl\/before-and-after-slider-widget\/google-sites\/"]}]},{"@type":"BreadcrumbList","@id":"https:\/\/elfsight.com\/pl\/before-and-after-slider-widget\/google-sites\/#breadcrumb","itemListElement":[{"@type":"ListItem","position":1,"name":"Home","item":"https:\/\/elfsight.com\/pl\/"},{"@type":"ListItem","position":2,"name":"Before and After Slider","item":"https:\/\/elfsight.com\/pl\/before-and-after-slider-widget\/"},{"@type":"ListItem","position":3,"name":"Before and after slider &#8211; Google Sites"}]},{"@type":"WebSite","@id":"https:\/\/elfsight.com\/pl\/#website","url":"https:\/\/elfsight.com\/pl\/","name":"Elfsight PL","description":"Just another Elfsight Sites site","potentialAction":[{"@type":"SearchAction","target":{"@type":"EntryPoint","urlTemplate":"https:\/\/elfsight.com\/pl\/?s={search_term_string}"},"query-input":{"@type":"PropertyValueSpecification","valueRequired":true,"valueName":"search_term_string"}}],"inLanguage":"pl-PL"}]}},"meta_box":{"industry":"","seo_heading":"","heading":"","description":"","cta_heading":"","cta_description":"","application":"2567","h1":"Witryny Google Przed i po wid\u017cecie Slider","h1_caption":"Prezentuj por\u00f3wnania dw\u00f3ch obraz\u00f3w, idealne do podkre\u015blenia transformacji lub \u0142atwego zaprezentowania zalet produkt\u00f3w w Witrynach Google.","application_category":[],"applications_title":"","applications_request_title":"","applications_request_button_text":"","hero_text":"","hero_video":"","hero_video_schema_markup":"","selling_points_title":"","selling_points_caption":"","selling_points":[],"selling_points_cta_text":"","features_title":"","features":"","ed_cta_examples_text":"","ed_cta_examples_hidden":"","ed_cta_demo_text":"","ed_cta_demo_hidden":"","why_caption":"","why_editor_title":"","why_editor_text":"","why_team_title":"","why_team_text":"","why_service_title":"","why_service_text":"","template_catalog_visible":"","template_catalog_title":"","template_catalog_text":"","template_catalog_categories_visible":"","demo_title":"Utw\u00f3rz wid\u017cet suwaka \u201ePrzed i po\u201d.","demo_caption":"Skonfiguruj suwak \u201ePrzed\u201d i \u201epo\u201d i dodaj go bezp\u0142atnie do swojej witryny Google Sites!","default_faq_hidden":"","app_template_category":[],"platform":"484","template_public_id":"","codecanyon_url":"","codecanyon_item_id":"","codecanyon_price":"","pricing_caption":"","pricing_elfsight_apps_hide_column":"","pricing_elfsight_apps_url":"","pricing_codecanyon_price_caption":"","integration_category":[],"integration_request_title":"","integration_request_cta":"","integration_platform":"","integrations":[],"platform_category":[],"video_schema_markup":"","price":"od 0 USD \/ miesi\u0105c","trial":"","benefits":[{"text":"Bezp\u0142atna pomoc w monta\u017cu"},{"text":"Wyj\u0105tkowe wsparcie"},{"text":"14-dniowa gwarancja zwrotu pieni\u0119dzy"}],"button_url":"#demo","button_target_blank":"","button_nofollow":"","attributes":[{"name":"Instaluje"},{"name":"Czu\u0142y"},{"name":"Kompatybilne przegl\u0105darki"}],"tags":[],"tags_disable_links":"","hide_more_platforms":"","video_object":"","demo_hide_cta":"","demo_hide_cloud_options":"","pricing_title":"","pricing":[{"pricing_icon":"platform","pricing_title":"Elfsight Apps","pricing_title_caption":"Wersja wieloplatformowa, kt\u00f3ra dzia\u0142a na ka\u017cdej stronie internetowej","pricing_price":"od 0 USD \/ miesi\u0105c","pricing_price_caption":"zacznij od bezp\u0142atnego planu","pricing_benefits":[{"text":"Nieograniczona liczba stron internetowych"},{"text":"Bezp\u0142atne i terminowe wsparcie"},{"text":"Bezp\u0142atna pomoc w instalacji"},{"text":"Specjalna cena za wiele aplikacji"}],"pricing_button_text":"Dodaj do witryny","pricing_button_url":"#demo"}],"related_apps_title":"","related_apps_hidden":"","author":"","image":[],"title":"","job":"","social_networks":[]},"_links":{"self":[{"href":"https:\/\/elfsight.com\/pl\/wp-json\/wp\/v2\/pages\/4406","targetHints":{"allow":["GET"]}}],"collection":[{"href":"https:\/\/elfsight.com\/pl\/wp-json\/wp\/v2\/pages"}],"about":[{"href":"https:\/\/elfsight.com\/pl\/wp-json\/wp\/v2\/types\/page"}],"author":[{"embeddable":true,"href":"https:\/\/elfsight.com\/pl\/wp-json\/wp\/v2\/users\/9"}],"replies":[{"embeddable":true,"href":"https:\/\/elfsight.com\/pl\/wp-json\/wp\/v2\/comments?post=4406"}],"version-history":[{"count":2,"href":"https:\/\/elfsight.com\/pl\/wp-json\/wp\/v2\/pages\/4406\/revisions"}],"predecessor-version":[{"id":7671,"href":"https:\/\/elfsight.com\/pl\/wp-json\/wp\/v2\/pages\/4406\/revisions\/7671"}],"up":[{"embeddable":true,"href":"https:\/\/elfsight.com\/pl\/wp-json\/wp\/v2\/pages\/2568"}],"wp:attachment":[{"href":"https:\/\/elfsight.com\/pl\/wp-json\/wp\/v2\/media?parent=4406"}],"curies":[{"name":"wp","href":"https:\/\/api.w.org\/{rel}","templated":true}]}}