{"id":4405,"date":"2024-05-03T06:30:07","date_gmt":"2024-05-03T06:30:07","guid":{"rendered":"https:\/\/elfsight.com\/pl\/?page_id=4405"},"modified":"2024-10-23T13:38:35","modified_gmt":"2024-10-23T13:38:35","slug":"godaddy","status":"publish","type":"page","link":"https:\/\/elfsight.com\/pl\/before-and-after-slider-widget\/godaddy\/","title":{"rendered":"Before and After Slider &#8211; GoDaddy"},"content":{"rendered":"<div class=\"application-platform-content-item-description application-platform-content-item\" id=\"description\" data-nav-section=\"description\"> <h2>Umie\u015b\u0107 suwak przed i po w serwisie GoDaddy za pomoc\u0105 wid\u017cetu Elfsight<\/h2> <p> Suwak przed i po firmy Elfsight pomaga skonfigurowa\u0107 imponuj\u0105c\u0105 promocj\u0119 obrazy dla Twojej witryny. U\u017cytkownicy mog\u0105 sprawdzi\u0107 wszystkie zmiany, jakie nios\u0105 ze sob\u0105 Twoje produkty lub us\u0142ugi. Wystarczy przes\u0142a\u0107 dwa zdj\u0119cia do suwaka \u201ePrzed i po\u201d w GoDaddy, a zostan\u0105 one wyposa\u017cone w rozdzielacz, kt\u00f3ry przesuwa si\u0119, aby wykry\u0107 zmian\u0119. Mo\u017cesz publikowa\u0107 nieograniczone zestawy zdj\u0119\u0107, ka\u017cdy z w\u0142asnym podpisem. Orientacja przesuwania mo\u017ce by\u0107 pozioma lub pionowa, a Ty mo\u017cesz wybra\u0107 najbardziej odpowiedni wsp\u00f3\u0142czynnik obrazu. Twoi u\u017cytkownicy nie b\u0119d\u0105 mogli nie dokona\u0107 zakupu, gdy zobacz\u0105 prawdziw\u0105 skuteczno\u015b\u0107| z Twoich ofert! <\/p> <p><b>Zwi\u0119ksz skuteczno\u015b\u0107 swojej witryny w zadaniach biznesowych dzi\u0119ki zdj\u0119ciom przed i po<\/b><\/p> <\/div> <div class=\"application-platform-content-item-features application-platform-content-item\" id=\"features\" data-nav-section=\"features\"> <h2>To s\u0105 tylko kilka bogatych funkcji wtyczki: <\/h2> <ul><li>Poka\u017c dowoln\u0105 liczb\u0119 kilku obraz\u00f3w przed i po<\/li> <li>Dodaj podpisy z ustawieniami formatowania tekstu do ka\u017cdego obrazu<\/li><li> Dwa gotowe do u\u017cycia uk\u0142ady: Lista i Karuzela<\/li><li>Pozioma lub pionowa orientacja separatora<\/li><li>Klikni\u0119cie i przeci\u0105gni\u0119cie lub po prostu najechanie kursorem, aby przesun\u0105\u0107 separator<\/li><li>Przesuni\u0119cie dalej urz\u0105dzenia dotykowe<\/li><\/ul><p><a href=\"#demo\">Wystarczy wypr\u00f3bowa\u0107 t\u0119 wersj\u0119 demonstracyjn\u0105, aby zobaczy\u0107, ile jest warta wtyczka<\/a><\/p> <\/div> <div class=\"application-platform-content-item-installation application-platform-content-item\" id=\"installation\" data-nav-section=\"installation\"> <h2>Jak doda\u0107 suwak \u201ePrzed\u201d i \u201ePo\u201d na moim GoDaddy? <\/h2> <p>Wystarczy zastosowa\u0107 si\u0119 do poni\u017cszych instrukcji, aby wstawi\u0107 narz\u0119dzie. <\/p> <ol><li><b>Skorzystaj z naszej bezp\u0142atnej wersji demonstracyjnej i zacznij tworzy\u0107 niestandardow\u0105 wtyczk\u0119. <\/b><br> Wybierz wybrany uk\u0142ad i parametry wtyczki i zapisz zmiany. <\/li> <li><b>Wy\u015bwietl sw\u00f3j osobisty kod w oknie aplikacji Elfsight<\/b><br> Po zako\u0144czeniu dostosowywania wtyczki skopiuj ekskluzywny kod z wy\u015bwietlonego okna i zapisz go do u\u017cycia przysz\u0142\u0105 okazj\u0119. <\/li> <li><b>Rozpocznij korzystanie z narz\u0119dzia na stronie GoDaddy<\/b><br> Zaimplementuj skopiowany wcze\u015bniej kod na swojej stronie g\u0142\u00f3wnej i zapisz zmiany. <\/li> <li><b>Gotowe! Osadzanie zosta\u0142o zako\u0144czone.<\/b><br> Odwied\u017a swoj\u0105 stron\u0119 internetow\u0105, aby obserwowa\u0107 dzia\u0142anie narz\u0119dzia. <\/li><\/ol> <p>Je\u015bli masz pytania lub napotkasz problemy, bez wahania skontaktuj si\u0119 z naszym personelem pomocy technicznej. Nasi ludzie ch\u0119tnie pomog\u0105 Ci we wszystkich trudno\u015bciach, jakie mo\u017cesz napotka\u0107 w zwi\u0105zku z produktem. <\/p> <div class=\"faq\" data-component=\"FAQ\"><div class=\"faq-item\">\r\n\t\t\t\t\t<div class=\"faq-item-question\">\r\n\t\t\t\t\t\t<h3 class=\"faq-item-question-text\">Jak doda\u0107 suwak Przed i po do mojej witryny GoDaddy bez umiej\u0119tno\u015bci kodowania?<\/h3>\r\n\r\n\t\t\t\t\t\t<div class=\"faq-item-question-icon\"><\/div>\r\n\t\t\t\t\t<\/div>\r\n\r\n\t\t\t\t\t<div class=\"faq-item-answer\">\r\n\t\t\t\t\t\t<div class=\"faq-item-answer-text\"> <p>Elfsight zapewnia rozwi\u0105zanie SaaS, kt\u00f3re umo\u017cliwia samodzielne utworzenie wid\u017cetu suwaka Przed i po, przekonaj si\u0119, jak \u0142atwy jest ten proces: Pracuj bezpo\u015brednio w edytorze online, aby utworzy\u0107 wid\u017cet suwaka Przed i Po, kt\u00f3ry chcesz zobaczy\u0107 w swojej witrynie GoDaddy. Wybierz jeden z gotowych szablon\u00f3w i dostosuj ustawienia suwaka Przed i po, dodaj tre\u015b\u0107, zmie\u0144 uk\u0142ad i kolory bez umiej\u0119tno\u015bci kodowania. Zapisz suwak Przed i po i skopiuj jego kod instalacyjny, kt\u00f3ry mo\u017cesz osadzi\u0107 na swojej stronie GoDaddy bez konieczno\u015bci kupowania p\u0142atnego planu. Dzi\u0119ki naszemu intuicyjnemu edytorowi ka\u017cdy u\u017cytkownik Internetu mo\u017ce utworzy\u0107 wid\u017cet suwaka \u201ePrzed i po\u201d online i \u0142atwo osadzi\u0107 go na swojej stronie internetowej GoDaddy. Aby uzyska\u0107 dost\u0119p do us\u0142ugi, nie trzeba p\u0142aci\u0107 ani wprowadza\u0107 danych uwierzytelniaj\u0105cych karty. Je\u015bli na kt\u00f3rymkolwiek etapie napotkasz jakiekolwiek problemy, skontaktuj si\u0119 z naszym zespo\u0142em pomocy technicznej.<\/p> <\/div>\r\n\t\t\t\t\t<\/div>\r\n\t\t\t\t<\/div> <\/div><\/div>","protected":false},"excerpt":{"rendered":"","protected":false},"author":9,"featured_media":0,"parent":2568,"menu_order":0,"comment_status":"closed","ping_status":"closed","template":"templates\/template-application-platform.php","meta":{"publish_to_discourse":"","publish_post_category":"","wpdc_auto_publish_overridden":"","wpdc_topic_tags":"","wpdc_pin_topic":"","wpdc_pin_until":"","discourse_post_id":"","discourse_permalink":"","wpdc_publishing_response":"","wpdc_publishing_error":"","footnotes":""},"class_list":["post-4405","page","type-page","status-publish","hentry"],"yoast_head":"<!-- This site is optimized with the Yoast SEO plugin v25.3.1 - https:\/\/yoast.com\/wordpress\/plugins\/seo\/ -->\n<title>Wtyczka Recenzje rezerwacji \u2014 dodaj wtyczk\u0119 Recenzje do witryny GoDaddy!<\/title>\n<meta name=\"description\" content=\"Umie\u015b\u0107 interaktywn\u0105 wtyczk\u0119 suwaka \u201ePrzed i po\u201d w swojej witrynie GoDaddy. Przetestuj bezp\u0142atn\u0105 wersj\u0119 demonstracyjn\u0105 Elfsight za pomoc\u0105 kilku klikni\u0119\u0107!\" \/>\n<meta name=\"robots\" content=\"index, follow, max-snippet:-1, max-image-preview:large, max-video-preview:-1\" \/>\n<link rel=\"canonical\" href=\"https:\/\/elfsight.com\/pl\/before-and-after-slider-widget\/godaddy\/\" \/>\n<meta property=\"og:locale\" content=\"pl_PL\" \/>\n<meta property=\"og:type\" content=\"article\" \/>\n<meta property=\"og:title\" content=\"Wtyczka Recenzje rezerwacji \u2014 dodaj wtyczk\u0119 Recenzje do witryny GoDaddy!\" \/>\n<meta property=\"og:description\" content=\"Umie\u015b\u0107 interaktywn\u0105 wtyczk\u0119 suwaka \u201ePrzed i po\u201d w swojej witrynie GoDaddy. Przetestuj bezp\u0142atn\u0105 wersj\u0119 demonstracyjn\u0105 Elfsight za pomoc\u0105 kilku klikni\u0119\u0107!\" \/>\n<meta property=\"og:url\" content=\"https:\/\/elfsight.com\/pl\/before-and-after-slider-widget\/godaddy\/\" \/>\n<meta property=\"og:site_name\" content=\"Elfsight PL\" \/>\n<meta property=\"article:modified_time\" content=\"2024-10-23T13:38:35+00:00\" \/>\n<meta name=\"twitter:card\" content=\"summary_large_image\" \/>\n<meta name=\"twitter:label1\" content=\"Szacowany czas czytania\" \/>\n\t<meta name=\"twitter:data1\" content=\"3 minuty\" \/>\n<!-- \/ Yoast SEO plugin. -->","yoast_head_json":{"title":"Wtyczka Recenzje rezerwacji \u2014 dodaj wtyczk\u0119 Recenzje do witryny GoDaddy!","description":"Umie\u015b\u0107 interaktywn\u0105 wtyczk\u0119 suwaka \u201ePrzed i po\u201d w swojej witrynie GoDaddy. Przetestuj bezp\u0142atn\u0105 wersj\u0119 demonstracyjn\u0105 Elfsight za pomoc\u0105 kilku klikni\u0119\u0107!","robots":{"index":"index","follow":"follow","max-snippet":"max-snippet:-1","max-image-preview":"max-image-preview:large","max-video-preview":"max-video-preview:-1"},"canonical":"https:\/\/elfsight.com\/pl\/before-and-after-slider-widget\/godaddy\/","og_locale":"pl_PL","og_type":"article","og_title":"Wtyczka Recenzje rezerwacji \u2014 dodaj wtyczk\u0119 Recenzje do witryny GoDaddy!","og_description":"Umie\u015b\u0107 interaktywn\u0105 wtyczk\u0119 suwaka \u201ePrzed i po\u201d w swojej witrynie GoDaddy. Przetestuj bezp\u0142atn\u0105 wersj\u0119 demonstracyjn\u0105 Elfsight za pomoc\u0105 kilku klikni\u0119\u0107!","og_url":"https:\/\/elfsight.com\/pl\/before-and-after-slider-widget\/godaddy\/","og_site_name":"Elfsight PL","article_modified_time":"2024-10-23T13:38:35+00:00","twitter_card":"summary_large_image","twitter_misc":{"Szacowany czas czytania":"3 minuty"},"schema":{"@context":"https:\/\/schema.org","@graph":[{"@type":"WebPage","@id":"https:\/\/elfsight.com\/pl\/before-and-after-slider-widget\/godaddy\/","url":"https:\/\/elfsight.com\/pl\/before-and-after-slider-widget\/godaddy\/","name":"Wtyczka Recenzje rezerwacji \u2014 dodaj wtyczk\u0119 Recenzje do witryny GoDaddy!","isPartOf":{"@id":"https:\/\/elfsight.com\/pl\/#website"},"datePublished":"2024-05-03T06:30:07+00:00","dateModified":"2024-10-23T13:38:35+00:00","description":"Umie\u015b\u0107 interaktywn\u0105 wtyczk\u0119 suwaka \u201ePrzed i po\u201d w swojej witrynie GoDaddy. Przetestuj bezp\u0142atn\u0105 wersj\u0119 demonstracyjn\u0105 Elfsight za pomoc\u0105 kilku klikni\u0119\u0107!","breadcrumb":{"@id":"https:\/\/elfsight.com\/pl\/before-and-after-slider-widget\/godaddy\/#breadcrumb"},"inLanguage":"pl-PL","potentialAction":[{"@type":"ReadAction","target":["https:\/\/elfsight.com\/pl\/before-and-after-slider-widget\/godaddy\/"]}]},{"@type":"BreadcrumbList","@id":"https:\/\/elfsight.com\/pl\/before-and-after-slider-widget\/godaddy\/#breadcrumb","itemListElement":[{"@type":"ListItem","position":1,"name":"Home","item":"https:\/\/elfsight.com\/pl\/"},{"@type":"ListItem","position":2,"name":"Before and After Slider","item":"https:\/\/elfsight.com\/pl\/before-and-after-slider-widget\/"},{"@type":"ListItem","position":3,"name":"Before and After Slider &#8211; GoDaddy"}]},{"@type":"WebSite","@id":"https:\/\/elfsight.com\/pl\/#website","url":"https:\/\/elfsight.com\/pl\/","name":"Elfsight PL","description":"Just another Elfsight Sites site","potentialAction":[{"@type":"SearchAction","target":{"@type":"EntryPoint","urlTemplate":"https:\/\/elfsight.com\/pl\/?s={search_term_string}"},"query-input":{"@type":"PropertyValueSpecification","valueRequired":true,"valueName":"search_term_string"}}],"inLanguage":"pl-PL"}]}},"meta_box":{"industry":"","seo_heading":"","heading":"","description":"","cta_heading":"","cta_description":"","application":"2567","h1":"Wtyczka GoDaddy Before and After Slider","h1_caption":"Prezentuj por\u00f3wnania dw\u00f3ch obraz\u00f3w, idealne do podkre\u015blenia transformacji lub zaprezentowania zalet produktu w Twojej witrynie GoDaddy.","application_category":[],"applications_title":"","applications_request_title":"","applications_request_button_text":"","hero_text":"","hero_video":"","hero_video_schema_markup":"","selling_points_title":"","selling_points_caption":"","selling_points":[],"selling_points_cta_text":"","features_title":"","features":"","ed_cta_examples_text":"","ed_cta_examples_hidden":"","ed_cta_demo_text":"","ed_cta_demo_hidden":"","why_caption":"","why_editor_title":"","why_editor_text":"","why_team_title":"","why_team_text":"","why_service_title":"","why_service_text":"","template_catalog_visible":"","template_catalog_title":"","template_catalog_text":"","template_catalog_categories_visible":"","demo_title":"Mo\u017cesz skomponowa\u0107 w\u0142asny suwak GoDaddy \u201eprzed i po\u201d, kt\u00f3ry bezb\u0142\u0119dnie dopasuje si\u0119 do Twojej witryny!","demo_caption":"Dostosuj wtyczk\u0119 i wstaw j\u0105 na swoj\u0105 stron\u0119 internetow\u0105 poprzez demonstracj\u0119 na \u017cywo.","default_faq_hidden":"","app_template_category":[],"platform":"180","template_public_id":"","codecanyon_url":"","codecanyon_item_id":"","codecanyon_price":"","pricing_caption":"","pricing_elfsight_apps_hide_column":"","pricing_elfsight_apps_url":"","pricing_codecanyon_price_caption":"","integration_category":[],"integration_request_title":"","integration_request_cta":"","integration_platform":"","integrations":[],"platform_category":[],"video_schema_markup":"","price":"od 0 USD \/ miesi\u0105c","trial":"","benefits":[{"text":"Bezp\u0142atna pomoc w monta\u017cu"},{"text":"Wyj\u0105tkowe wsparcie"},{"text":"14-dniowa gwarancja zwrotu pieni\u0119dzy"}],"button_url":"#demo","button_target_blank":"","button_nofollow":"","attributes":[{"name":"Instaluje"},{"name":"Czu\u0142y"},{"name":"Kompatybilne przegl\u0105darki"}],"tags":[],"tags_disable_links":"","hide_more_platforms":"","video_object":"","demo_hide_cta":"","demo_hide_cloud_options":"","pricing_title":"","pricing":[{"pricing_icon":"platform","pricing_title":"Elfsight Apps","pricing_title_caption":"Niezale\u017cne od platformy rozwi\u0105zanie cyfrowe, kt\u00f3re dzia\u0142a na ka\u017cdej stronie","pricing_price":"od 0 USD \/ miesi\u0105c","pricing_price_caption":"zacznij od bezp\u0142atnego planu","pricing_benefits":[{"text":"Nielimitowane strony internetowe"},{"text":"Szybkie i terminowe wsparcie"},{"text":"Bezp\u0142atna pomoc w instalacji"},{"text":"W pe\u0142ni konfigurowalny"}],"pricing_button_text":"Dodaj do witryny","pricing_button_url":"#demo"}],"related_apps_title":"","related_apps_hidden":"","author":"","image":[],"title":"","job":"","social_networks":[]},"_links":{"self":[{"href":"https:\/\/elfsight.com\/pl\/wp-json\/wp\/v2\/pages\/4405","targetHints":{"allow":["GET"]}}],"collection":[{"href":"https:\/\/elfsight.com\/pl\/wp-json\/wp\/v2\/pages"}],"about":[{"href":"https:\/\/elfsight.com\/pl\/wp-json\/wp\/v2\/types\/page"}],"author":[{"embeddable":true,"href":"https:\/\/elfsight.com\/pl\/wp-json\/wp\/v2\/users\/9"}],"replies":[{"embeddable":true,"href":"https:\/\/elfsight.com\/pl\/wp-json\/wp\/v2\/comments?post=4405"}],"version-history":[{"count":1,"href":"https:\/\/elfsight.com\/pl\/wp-json\/wp\/v2\/pages\/4405\/revisions"}],"predecessor-version":[{"id":4409,"href":"https:\/\/elfsight.com\/pl\/wp-json\/wp\/v2\/pages\/4405\/revisions\/4409"}],"up":[{"embeddable":true,"href":"https:\/\/elfsight.com\/pl\/wp-json\/wp\/v2\/pages\/2568"}],"wp:attachment":[{"href":"https:\/\/elfsight.com\/pl\/wp-json\/wp\/v2\/media?parent=4405"}],"curies":[{"name":"wp","href":"https:\/\/api.w.org\/{rel}","templated":true}]}}