{"id":4384,"date":"2024-05-03T06:29:58","date_gmt":"2024-05-03T06:29:58","guid":{"rendered":"https:\/\/elfsight.com\/pl\/?page_id=4384"},"modified":"2024-11-14T08:47:38","modified_gmt":"2024-11-14T08:47:38","slug":"joomla","status":"publish","type":"page","link":"https:\/\/elfsight.com\/pl\/banner-widget\/joomla\/","title":{"rendered":"Banner &#8211; Joomla"},"content":{"rendered":"<div class=\"application-platform-content-item-description application-platform-content-item\" id=\"description\" data-nav-section=\"description\"> <h2>Opis<\/h2> <p>Rozszerzenie Elfsight Banner dla Joomla to funkcja, kt\u00f3r\u0105 mo\u017cna w du\u017cym stopniu dostosowa\u0107 do w\u0142asnych potrzeb. Obecnie masz mo\u017cliwo\u015b\u0107 stworzenia banera promocyjnego dla dowolnego celu. Wystarczy wybra\u0107 obrazek t\u0142a, rodzaj t\u0142a, okre\u015bli\u0107 jego po\u0142o\u017cenie, do\u0142\u0105czy\u0107 tytu\u0142 i podpis. Nie zapomnij doda\u0107 przycisku CTA \u2013 kluczowej cz\u0119\u015bci ka\u017cdego banera. I z pewno\u015bci\u0105 mo\u017cesz dowolnie dostosowywa\u0107 kolory wid\u017cetu tak, jak dzia\u0142a dla Ciebie. <\/p> <p><b>Korzystaj\u0105c z naszego atrakcyjnego banera na stronach swojej witryny, promuj swoje towary i us\u0142ugi, inspiruj\u0105c wi\u0119cej u\u017cytkownik\u00f3w witryny do dokonania zakupu<\/b><\/p> <\/div> <div class=\"application-platform-content-item- funkcje application-platform-content-item\" id=\" funkcje\" data-nav-section=\" funkcje\"> <h2>To tylko kilka z rozbudowanych funkcji widgetu: <\/h2> <ul><li>Prze\u015blij zdj\u0119cia i filmy. <\/li><li>Dodaj linki, sw\u00f3j adres e-mail lub numer telefonu<\/li><li>Dodaj tytu\u0142 i tekst podpisu. <\/li><li>Utw\u00f3rz przycisk CTA. <\/li><li>Pozw\u00f3l wype\u0142ni\u0107 lub obrysowa\u0107 sw\u00f3j przycisk. <\/li><\/ul><p><a href=\"#demo\">Wypr\u00f3buj t\u0119 wersj\u0119 demonstracyjn\u0105, aby zobaczy\u0107, jak dzia\u0142a<\/a><\/p> <\/div> <div class=\"application-platform-content-item-installation application-platform-content-item\" id=\"installation\" data-nav-section=\"installation\"> <h2>Jak mog\u0119 osadzi\u0107 baner na mojej stronie Joomla? <\/h2> <p>Wystarczy post\u0119powa\u0107 zgodnie z poni\u017cszymi wskaz\u00f3wkami, aby osadzi\u0107 rozszerzenie. <\/p> <ol><li><b>Skorzystaj z naszej bezp\u0142atnej wersji demonstracyjnej i zacznij tworzy\u0107 w\u0142asne rozszerzenie. <\/b><br> Okre\u015bl po\u017c\u0105dany interfejs i opcje wid\u017cetu i zapisz poprawki. <\/li> <li><b>Skopiuj sw\u00f3j indywidualny kod pojawiaj\u0105cy si\u0119 w polu aplikacji Elfsight. <\/b><br> Zaraz po zako\u0144czeniu konfiguracji narz\u0119dzia skopiuj ekskluzywny kod z wyskakuj\u0105cego okienka i zapisz go do dalszego wykorzystania. <\/li> <li><b>Zaanga\u017cuj si\u0119 w korzystanie z narz\u0119dzia na swojej stronie internetowej Joomla. <\/b><br> Wpisz kod zapisany wcze\u015bniej w Twojej witrynie i zapisz zmiany. <\/li> <li><b>Gotowe! Integracja zosta\u0142a pomy\u015blnie przeprowadzona. <\/b><br> Przejd\u017a do swojej witryny, aby sprawdzi\u0107, jak dzia\u0142a rozszerzenie. <\/li><\/ol> <p>Je\u015bli napotkasz jakiekolwiek trudno\u015bci, skontaktuj si\u0119 z naszym dzia\u0142em obs\u0142ugi klienta. Nasi specjali\u015bci z przyjemno\u015bci\u0105 rozwi\u0105\u017c\u0105 wszystkie problemy, jakie mo\u017cesz mie\u0107 z wid\u017cetem. <\/p> <div class=\"faq\" data-component=\"FAQ\"> <div class=\"faq-item\">\r\n\t\t\t\t\t<div class=\"faq-item-question\">\r\n\t\t\t\t\t\t<h3 class=\"faq-item-question-text\">Jak mog\u0119 doda\u0107 Banner do mojej witryny Joomla bez umiej\u0119tno\u015bci kodowania?<\/h3>\r\n\r\n\t\t\t\t\t\t<div class=\"faq-item-question-icon\"><\/div>\r\n\t\t\t\t\t<\/div>\r\n\r\n\t\t\t\t\t<div class=\"faq-item-answer\">\r\n\t\t\t\t\t\t<div class=\"faq-item-answer-text\"> <p>Elfsight zapewnia rozwi\u0105zanie SaaS, kt\u00f3re pozwala samodzielnie utworzy\u0107 wid\u017cet Banner. Zobacz, jak \u0142atwy jest ten proces : Pracuj bezpo\u015brednio w edytorze online, aby utworzy\u0107 wid\u017cet banera, kt\u00f3ry chcesz zobaczy\u0107 na swojej stronie Joomla. Wybierz jeden z gotowych szablon\u00f3w i dostosuj ustawienia banera, dodaj tre\u015b\u0107, zmie\u0144 uk\u0142ad i kolory bez umiej\u0119tno\u015bci kodowania. Zapisz baner i skopiuj jego kod instalacyjny, kt\u00f3ry mo\u017cesz umie\u015bci\u0107 na swojej stronie Joomla bez konieczno\u015bci zakupu p\u0142atnego planu. Dzi\u0119ki naszemu intuicyjnemu edytorowi ka\u017cdy u\u017cytkownik Internetu mo\u017ce stworzy\u0107 wid\u017cet banerowy online i \u0142atwo osadzi\u0107 go na swojej stronie Joomla. Aby uzyska\u0107 dost\u0119p do us\u0142ugi, nie trzeba p\u0142aci\u0107 ani wprowadza\u0107 danych uwierzytelniaj\u0105cych karty. Je\u015bli na kt\u00f3rymkolwiek etapie napotkasz jakiekolwiek problemy, skontaktuj si\u0119 z naszym zespo\u0142em pomocy technicznej.<\/p> <\/div>\r\n\t\t\t\t\t<\/div>\r\n\t\t\t\t<\/div> <\/div> <\/div>","protected":false},"excerpt":{"rendered":"","protected":false},"author":9,"featured_media":0,"parent":3372,"menu_order":0,"comment_status":"closed","ping_status":"closed","template":"templates\/template-application-platform.php","meta":{"publish_to_discourse":"","publish_post_category":"","wpdc_auto_publish_overridden":"","wpdc_topic_tags":"","wpdc_pin_topic":"","wpdc_pin_until":"","discourse_post_id":"","discourse_permalink":"","wpdc_publishing_response":"","wpdc_publishing_error":"","footnotes":""},"class_list":["post-4384","page","type-page","status-publish","hentry"],"yoast_head":"<!-- This site is optimized with the Yoast SEO plugin v25.3.1 - https:\/\/yoast.com\/wordpress\/plugins\/seo\/ -->\n<title>Dodaj rozszerzenie Banner do witryny Joomla. Szybko i za darmo (2025)<\/title>\n<meta name=\"description\" content=\"Umie\u015b\u0107 na swojej stronie dostosowane do urz\u0105dze\u0144 mobilnych rozszerzenie Joomla Banner. Skorzystaj z por\u0119cznej wersji demonstracyjnej Elfsight i wygeneruj sw\u00f3j niesamowity baner dwoma klikni\u0119ciami\" \/>\n<meta name=\"robots\" content=\"index, follow, max-snippet:-1, max-image-preview:large, max-video-preview:-1\" \/>\n<link rel=\"canonical\" href=\"https:\/\/elfsight.com\/pl\/banner-widget\/joomla\/\" \/>\n<meta property=\"og:locale\" content=\"pl_PL\" \/>\n<meta property=\"og:type\" content=\"article\" \/>\n<meta property=\"og:title\" content=\"Dodaj rozszerzenie Banner do witryny Joomla. Szybko i za darmo (2025)\" \/>\n<meta property=\"og:description\" content=\"Umie\u015b\u0107 na swojej stronie dostosowane do urz\u0105dze\u0144 mobilnych rozszerzenie Joomla Banner. Skorzystaj z por\u0119cznej wersji demonstracyjnej Elfsight i wygeneruj sw\u00f3j niesamowity baner dwoma klikni\u0119ciami\" \/>\n<meta property=\"og:url\" content=\"https:\/\/elfsight.com\/pl\/banner-widget\/joomla\/\" \/>\n<meta property=\"og:site_name\" content=\"Elfsight PL\" \/>\n<meta property=\"article:modified_time\" content=\"2024-11-14T08:47:38+00:00\" \/>\n<meta name=\"twitter:card\" content=\"summary_large_image\" \/>\n<meta name=\"twitter:label1\" content=\"Szacowany czas czytania\" \/>\n\t<meta name=\"twitter:data1\" content=\"2 minuty\" \/>\n<!-- \/ Yoast SEO plugin. -->","yoast_head_json":{"title":"Dodaj rozszerzenie Banner do witryny Joomla. Szybko i za darmo (2025)","description":"Umie\u015b\u0107 na swojej stronie dostosowane do urz\u0105dze\u0144 mobilnych rozszerzenie Joomla Banner. Skorzystaj z por\u0119cznej wersji demonstracyjnej Elfsight i wygeneruj sw\u00f3j niesamowity baner dwoma klikni\u0119ciami","robots":{"index":"index","follow":"follow","max-snippet":"max-snippet:-1","max-image-preview":"max-image-preview:large","max-video-preview":"max-video-preview:-1"},"canonical":"https:\/\/elfsight.com\/pl\/banner-widget\/joomla\/","og_locale":"pl_PL","og_type":"article","og_title":"Dodaj rozszerzenie Banner do witryny Joomla. Szybko i za darmo (2025)","og_description":"Umie\u015b\u0107 na swojej stronie dostosowane do urz\u0105dze\u0144 mobilnych rozszerzenie Joomla Banner. Skorzystaj z por\u0119cznej wersji demonstracyjnej Elfsight i wygeneruj sw\u00f3j niesamowity baner dwoma klikni\u0119ciami","og_url":"https:\/\/elfsight.com\/pl\/banner-widget\/joomla\/","og_site_name":"Elfsight PL","article_modified_time":"2024-11-14T08:47:38+00:00","twitter_card":"summary_large_image","twitter_misc":{"Szacowany czas czytania":"2 minuty"},"schema":{"@context":"https:\/\/schema.org","@graph":[{"@type":"WebPage","@id":"https:\/\/elfsight.com\/pl\/banner-widget\/joomla\/","url":"https:\/\/elfsight.com\/pl\/banner-widget\/joomla\/","name":"Dodaj rozszerzenie Banner do witryny Joomla. Szybko i za darmo (2025)","isPartOf":{"@id":"https:\/\/elfsight.com\/pl\/#website"},"datePublished":"2024-05-03T06:29:58+00:00","dateModified":"2024-11-14T08:47:38+00:00","description":"Umie\u015b\u0107 na swojej stronie dostosowane do urz\u0105dze\u0144 mobilnych rozszerzenie Joomla Banner. Skorzystaj z por\u0119cznej wersji demonstracyjnej Elfsight i wygeneruj sw\u00f3j niesamowity baner dwoma klikni\u0119ciami","breadcrumb":{"@id":"https:\/\/elfsight.com\/pl\/banner-widget\/joomla\/#breadcrumb"},"inLanguage":"pl-PL","potentialAction":[{"@type":"ReadAction","target":["https:\/\/elfsight.com\/pl\/banner-widget\/joomla\/"]}]},{"@type":"BreadcrumbList","@id":"https:\/\/elfsight.com\/pl\/banner-widget\/joomla\/#breadcrumb","itemListElement":[{"@type":"ListItem","position":1,"name":"Home","item":"https:\/\/elfsight.com\/pl\/"},{"@type":"ListItem","position":2,"name":"Banner","item":"https:\/\/elfsight.com\/pl\/banner-widget\/"},{"@type":"ListItem","position":3,"name":"Banner &#8211; Joomla"}]},{"@type":"WebSite","@id":"https:\/\/elfsight.com\/pl\/#website","url":"https:\/\/elfsight.com\/pl\/","name":"Elfsight PL","description":"Just another Elfsight Sites site","potentialAction":[{"@type":"SearchAction","target":{"@type":"EntryPoint","urlTemplate":"https:\/\/elfsight.com\/pl\/?s={search_term_string}"},"query-input":{"@type":"PropertyValueSpecification","valueRequired":true,"valueName":"search_term_string"}}],"inLanguage":"pl-PL"}]}},"meta_box":{"industry":"","seo_heading":"","heading":"","description":"","cta_heading":"","cta_description":"","application":"3337","h1":"Rozszerzenie banera Joomla","h1_caption":"Wy\u015bwietlaj dostosowywalne banery na swojej stronie internetowej, aby bez wysi\u0142ku promowa\u0107 oferty, og\u0142asza\u0107 wydarzenia lub zwraca\u0107 uwag\u0119 na kluczowe tre\u015bci w swojej witrynie Joomla.","application_category":[],"applications_title":"","applications_request_title":"","applications_request_button_text":"","hero_text":"","hero_video":"","hero_video_schema_markup":"","selling_points_title":"","selling_points_caption":"","selling_points":[],"selling_points_cta_text":"","features_title":"","features":"","ed_cta_examples_text":"","ed_cta_examples_hidden":"","ed_cta_demo_text":"","ed_cta_demo_hidden":"","why_caption":"","why_editor_title":"","why_editor_text":"","why_team_title":"","why_team_text":"","why_service_title":"","why_service_text":"","template_catalog_visible":"","template_catalog_title":"","template_catalog_text":"","template_catalog_categories_visible":"","demo_title":"Utw\u00f3rz wtyczk\u0119 Banner","demo_caption":"Skonfiguruj sw\u00f3j baner i dodaj go do swojej witryny Joomla za darmo!","default_faq_hidden":"","app_template_category":[],"platform":"53","template_public_id":"","codecanyon_url":"","codecanyon_item_id":"","codecanyon_price":"","pricing_caption":"","pricing_elfsight_apps_hide_column":"","pricing_elfsight_apps_url":"","pricing_codecanyon_price_caption":"","integration_category":[],"integration_request_title":"","integration_request_cta":"","integration_platform":"","integrations":[],"platform_category":[],"video_schema_markup":"","price":"od 0 USD \/ miesi\u0105c","trial":"","benefits":[{"text":"Bezp\u0142atna us\u0142uga monta\u017cu"},{"text":"Wsparcie premium"},{"text":"14-dniowa gwarancja zwrotu pieni\u0119dzy"}],"button_url":"#demo","button_target_blank":"","button_nofollow":"","attributes":[{"name":"Instaluje"},{"name":"Czu\u0142y"},{"name":"Kompatybilne przegl\u0105darki"}],"tags":[],"tags_disable_links":"","hide_more_platforms":"","video_object":"","demo_hide_cta":"","demo_hide_cloud_options":"","pricing_title":"","pricing":[{"pricing_icon":"platform","pricing_title":"Elfsight Apps","pricing_title_caption":"Wieloplatformowe rozwi\u0105zanie cyfrowe, kt\u00f3re dzia\u0142a na ka\u017cdej stronie","pricing_price":"od 0 USD \/ miesi\u0105c","pricing_price_caption":"zacznij od bezp\u0142atnego planu","pricing_benefits":[{"text":"Nielimitowane strony internetowe"},{"text":"Wsparcie premium, terminowe i dobrze udokumentowane"},{"text":"Bezp\u0142atna pomoc w instalacji"},{"text":"100% konfigurowalny"}],"pricing_button_text":"Dodaj do witryny","pricing_button_url":"#demo"}],"related_apps_title":"","related_apps_hidden":"","author":"","image":[],"title":"","job":"","social_networks":[]},"_links":{"self":[{"href":"https:\/\/elfsight.com\/pl\/wp-json\/wp\/v2\/pages\/4384","targetHints":{"allow":["GET"]}}],"collection":[{"href":"https:\/\/elfsight.com\/pl\/wp-json\/wp\/v2\/pages"}],"about":[{"href":"https:\/\/elfsight.com\/pl\/wp-json\/wp\/v2\/types\/page"}],"author":[{"embeddable":true,"href":"https:\/\/elfsight.com\/pl\/wp-json\/wp\/v2\/users\/9"}],"replies":[{"embeddable":true,"href":"https:\/\/elfsight.com\/pl\/wp-json\/wp\/v2\/comments?post=4384"}],"version-history":[{"count":1,"href":"https:\/\/elfsight.com\/pl\/wp-json\/wp\/v2\/pages\/4384\/revisions"}],"predecessor-version":[{"id":4388,"href":"https:\/\/elfsight.com\/pl\/wp-json\/wp\/v2\/pages\/4384\/revisions\/4388"}],"up":[{"embeddable":true,"href":"https:\/\/elfsight.com\/pl\/wp-json\/wp\/v2\/pages\/3372"}],"wp:attachment":[{"href":"https:\/\/elfsight.com\/pl\/wp-json\/wp\/v2\/media?parent=4384"}],"curies":[{"name":"wp","href":"https:\/\/api.w.org\/{rel}","templated":true}]}}