{"id":4367,"date":"2024-05-03T06:29:49","date_gmt":"2024-05-03T06:29:49","guid":{"rendered":"https:\/\/elfsight.com\/pl\/?page_id=4367"},"modified":"2026-01-20T09:32:11","modified_gmt":"2026-01-20T09:32:11","slug":"squarespace","status":"publish","type":"page","link":"https:\/\/elfsight.com\/pl\/banner-widget\/squarespace\/","title":{"rendered":"Banner &#8211; Squarespace"},"content":{"rendered":"<div class=\"application-platform-content-item-description application-platform-content-item\" id=\"description\" data-nav-section=\"description\"> <h2>Osad\u017a baner w Squarespace za pomoc\u0105 wid\u017cetu Elfsight<\/h2> <p>Wtyczka Elfsight Banner dla Squarespace to funkcja, kt\u00f3r\u0105 mo\u017cna w du\u017cym stopniu dostosowa\u0107 do w\u0142asnych potrzeb. Teraz masz szans\u0119 na wykonanie banera promocyjnego w dowolnym celu. Wszystko, co musisz zrobi\u0107, to wybra\u0107 obraz t\u0142a, rodzaj t\u0142a, zdecydowa\u0107 o jego po\u0142o\u017ceniu, doda\u0107 tytu\u0142 i tekst. Pami\u0119taj o dodaniu przycisku CTA \u2013 niezb\u0119dnej cz\u0119\u015bci ka\u017cdego banera. I z pewno\u015bci\u0105 mo\u017cesz modyfikowa\u0107 og\u00f3lny projekt wid\u017cetu tak, jak dzia\u0142a dla Ciebie. <\/p> <p><b>Umieszczaj\u0105c nasz kusz\u0105cy baner na stronach swojej witryny, wzmocnij swoje oferty i us\u0142ugi, zach\u0119caj\u0105c wi\u0119cej u\u017cytkownik\u00f3w do dokonania zakupu<\/b><\/p> <\/div> <div class=\"application-platform-content-item-features  application-platform-content-item\" id=\"features \" data-nav-section=\"features \"> <h2>Znajd\u017a poni\u017cej podstawowe funkcje wid\u017cetu: <\/h2> <ul><li>Prze\u015blij zdj\u0119cia i filmy. <\/li><li>Do\u0142\u0105cz linki, e-mail lub telefon. <\/li><li>Do\u0142\u0105cz tytu\u0142 i tekst. <\/li><li>Utw\u00f3rz przycisk CTA. <\/li><li>Pozw\u00f3l na wype\u0142nienie lub obrysowanie przycisku. <\/li><\/ul><p><a href=\"#demo\">Jak\u0105 wtyczk\u0119 warto sprawdzi\u0107, korzystaj\u0105c z wersji demonstracyjnej<\/a><\/p> <\/div> <div class=\"application-platform-content-item-installation application-platform-content-item\" id=\"installation\" data-nav-section=\"installation\"> <h2>Jak osadzi\u0107 baner w mojej witrynie Squarespace? <\/h2><div class=\"video-container\">\n<iframe width=\"720\" height=\"405\" src=\"https:\/\/www.youtube.com\/embed\/S4nquvgPPW4?si=jvHkOt_daWvziMxM\" frameborder=\"0\" allowfullscreen=\"\"><\/iframe>\n<\/div> <p>Wystarczy wykona\u0107 poni\u017csze kroki, aby doda\u0107 wtyczk\u0119. <\/p> <ol><li><b>Otw\u00f3rz nasz darmowy edytor i zacznij tworzy\u0107 w\u0142asn\u0105 wtyczk\u0119. <\/b><br> Okre\u015bl preferowany wygl\u0105d i aspekty wtyczki i zapisz poprawki. <\/li> <li><b>Odbierz indywidualny kod wy\u015bwietlony w oknie aplikacji Elfsight. <\/b><br> Po utworzeniu osobistego wid\u017cetu skopiuj kod osobisty w wy\u015bwietlonym oknie i zapisz go na przysz\u0142o\u015b\u0107. <\/li> <li><b>Rozpocznij korzystanie z narz\u0119dzia w swojej witrynie Squarespace. <\/b><br> Umie\u015b\u0107 ostatnio zapisany kod na swojej stronie i zastosuj zmiany. <\/li> <li><b>Instalacja zosta\u0142a ca\u0142kowicie zako\u0144czona. <\/b><br> Odwied\u017a swoj\u0105 witryn\u0119, aby sprawdzi\u0107 dzia\u0142anie narz\u0119dzia. <\/li><\/ol> <p>Je\u015bli masz do czynienia z zapytaniami lub masz jakiekolwiek problemy, nie b\u00f3j si\u0119 skontaktowa\u0107 z naszym zespo\u0142em wsparcia. Nasi specjali\u015bci ch\u0119tnie rozwi\u0105\u017c\u0105 wszystkie problemy, jakie mo\u017cesz mie\u0107 z wtyczk\u0105. <\/p> <div class=\"faq\" data-component=\"FAQ\"> <div class=\"faq-item\">\r\n\t\t\t\t\t<div class=\"faq-item-question\">\r\n\t\t\t\t\t\t<h3 class=\"faq-item-question-text\">Jak mog\u0119 doda\u0107 baner do mojej witryny Squarespace bez umiej\u0119tno\u015bci kodowania?<\/h3>\r\n\r\n\t\t\t\t\t\t<div class=\"faq-item-question-icon\"><\/div>\r\n\t\t\t\t\t<\/div>\r\n\r\n\t\t\t\t\t<div class=\"faq-item-answer\">\r\n\t\t\t\t\t\t<div class=\"faq-item-answer-text\"> <p>Elfsight zapewnia rozwi\u0105zanie SaaS, kt\u00f3re pozwala samodzielnie utworzy\u0107 wid\u017cet banera. Zobacz, jak \u0142atwy jest ten proces : Pracuj bezpo\u015brednio w edytorze online, aby utworzy\u0107 wid\u017cet banera, kt\u00f3ry chcesz zobaczy\u0107 na swojej stronie Squarespace. Wybierz jeden z gotowych szablon\u00f3w i dostosuj ustawienia banera, dodaj tre\u015b\u0107, zmie\u0144 uk\u0142ad i kolorystyk\u0119 bez umiej\u0119tno\u015bci kodowania. Zapisz baner i skopiuj jego kod instalacyjny, kt\u00f3ry mo\u017cesz \u0142atwo osadzi\u0107 na swojej stronie Squarespace bez konieczno\u015bci zakupu p\u0142atnej subskrypcji. Dzi\u0119ki naszemu intuicyjnemu edytorowi ka\u017cdy u\u017cytkownik Internetu mo\u017ce stworzy\u0107 wid\u017cet banerowy online i \u0142atwo osadzi\u0107 go na swojej stronie internetowej Squarespace. Aby uzyska\u0107 dost\u0119p do us\u0142ugi, nie trzeba p\u0142aci\u0107 ani wprowadza\u0107 danych uwierzytelniaj\u0105cych karty. Je\u015bli na kt\u00f3rymkolwiek etapie napotkasz jakiekolwiek problemy, skontaktuj si\u0119 z naszym zespo\u0142em pomocy technicznej.<\/p> <\/div>\r\n\t\t\t\t\t<\/div>\r\n\t\t\t\t<\/div> <\/div> <\/div>","protected":false},"excerpt":{"rendered":"","protected":false},"author":9,"featured_media":0,"parent":3372,"menu_order":0,"comment_status":"closed","ping_status":"closed","template":"templates\/template-application-platform.php","meta":{"publish_to_discourse":"","publish_post_category":"","wpdc_auto_publish_overridden":"","wpdc_topic_tags":"","wpdc_pin_topic":"","wpdc_pin_until":"","discourse_post_id":"","discourse_permalink":"","wpdc_publishing_response":"","wpdc_publishing_error":"","footnotes":""},"class_list":["post-4367","page","type-page","status-publish","hentry"],"yoast_head":"<!-- This site is optimized with the Yoast SEO plugin v25.3.1 - https:\/\/yoast.com\/wordpress\/plugins\/seo\/ -->\n<title>Osad\u017a wtyczk\u0119 Banner na stronie Squarespace. Szybko i za darmo ( 2026 )<\/title>\n<meta name=\"description\" content=\"Dodaj do witryny \u0142atw\u0105 w zarz\u0105dzaniu wtyczk\u0119 Squarespace Banner. Wypr\u00f3buj por\u0119czn\u0105 wersj\u0119 demonstracyjn\u0105 Elfsight i stw\u00f3rz sw\u00f3j osza\u0142amiaj\u0105cy baner w trzy minuty\" \/>\n<meta name=\"robots\" content=\"index, follow, max-snippet:-1, max-image-preview:large, max-video-preview:-1\" \/>\n<link rel=\"canonical\" href=\"https:\/\/elfsight.com\/pl\/banner-widget\/squarespace\/\" \/>\n<meta property=\"og:locale\" content=\"pl_PL\" \/>\n<meta property=\"og:type\" content=\"article\" \/>\n<meta property=\"og:title\" content=\"Osad\u017a wtyczk\u0119 Banner na stronie Squarespace. Szybko i za darmo ( 2026 )\" \/>\n<meta property=\"og:description\" content=\"Dodaj do witryny \u0142atw\u0105 w zarz\u0105dzaniu wtyczk\u0119 Squarespace Banner. Wypr\u00f3buj por\u0119czn\u0105 wersj\u0119 demonstracyjn\u0105 Elfsight i stw\u00f3rz sw\u00f3j osza\u0142amiaj\u0105cy baner w trzy minuty\" \/>\n<meta property=\"og:url\" content=\"https:\/\/elfsight.com\/pl\/banner-widget\/squarespace\/\" \/>\n<meta property=\"og:site_name\" content=\"Elfsight PL\" \/>\n<meta property=\"article:modified_time\" content=\"2026-01-20T09:32:11+00:00\" \/>\n<meta name=\"twitter:card\" content=\"summary_large_image\" \/>\n<meta name=\"twitter:label1\" content=\"Szacowany czas czytania\" \/>\n\t<meta name=\"twitter:data1\" content=\"3 minuty\" \/>\n<!-- \/ Yoast SEO plugin. -->","yoast_head_json":{"title":"Osad\u017a wtyczk\u0119 Banner na stronie Squarespace. Szybko i za darmo ( 2026 )","description":"Dodaj do witryny \u0142atw\u0105 w zarz\u0105dzaniu wtyczk\u0119 Squarespace Banner. Wypr\u00f3buj por\u0119czn\u0105 wersj\u0119 demonstracyjn\u0105 Elfsight i stw\u00f3rz sw\u00f3j osza\u0142amiaj\u0105cy baner w trzy minuty","robots":{"index":"index","follow":"follow","max-snippet":"max-snippet:-1","max-image-preview":"max-image-preview:large","max-video-preview":"max-video-preview:-1"},"canonical":"https:\/\/elfsight.com\/pl\/banner-widget\/squarespace\/","og_locale":"pl_PL","og_type":"article","og_title":"Osad\u017a wtyczk\u0119 Banner na stronie Squarespace. Szybko i za darmo ( 2026 )","og_description":"Dodaj do witryny \u0142atw\u0105 w zarz\u0105dzaniu wtyczk\u0119 Squarespace Banner. Wypr\u00f3buj por\u0119czn\u0105 wersj\u0119 demonstracyjn\u0105 Elfsight i stw\u00f3rz sw\u00f3j osza\u0142amiaj\u0105cy baner w trzy minuty","og_url":"https:\/\/elfsight.com\/pl\/banner-widget\/squarespace\/","og_site_name":"Elfsight PL","article_modified_time":"2026-01-20T09:32:11+00:00","twitter_card":"summary_large_image","twitter_misc":{"Szacowany czas czytania":"3 minuty"},"schema":{"@context":"https:\/\/schema.org","@graph":[{"@type":"WebPage","@id":"https:\/\/elfsight.com\/pl\/banner-widget\/squarespace\/","url":"https:\/\/elfsight.com\/pl\/banner-widget\/squarespace\/","name":"Osad\u017a wtyczk\u0119 Banner na stronie Squarespace. Szybko i za darmo ( 2026 )","isPartOf":{"@id":"https:\/\/elfsight.com\/pl\/#website"},"datePublished":"2024-05-03T06:29:49+00:00","dateModified":"2026-01-20T09:32:11+00:00","description":"Dodaj do witryny \u0142atw\u0105 w zarz\u0105dzaniu wtyczk\u0119 Squarespace Banner. Wypr\u00f3buj por\u0119czn\u0105 wersj\u0119 demonstracyjn\u0105 Elfsight i stw\u00f3rz sw\u00f3j osza\u0142amiaj\u0105cy baner w trzy minuty","breadcrumb":{"@id":"https:\/\/elfsight.com\/pl\/banner-widget\/squarespace\/#breadcrumb"},"inLanguage":"pl-PL","potentialAction":[{"@type":"ReadAction","target":["https:\/\/elfsight.com\/pl\/banner-widget\/squarespace\/"]}]},{"@type":"BreadcrumbList","@id":"https:\/\/elfsight.com\/pl\/banner-widget\/squarespace\/#breadcrumb","itemListElement":[{"@type":"ListItem","position":1,"name":"Home","item":"https:\/\/elfsight.com\/pl\/"},{"@type":"ListItem","position":2,"name":"Banner","item":"https:\/\/elfsight.com\/pl\/banner-widget\/"},{"@type":"ListItem","position":3,"name":"Banner &#8211; Squarespace"}]},{"@type":"WebSite","@id":"https:\/\/elfsight.com\/pl\/#website","url":"https:\/\/elfsight.com\/pl\/","name":"Elfsight PL","description":"Just another Elfsight Sites site","potentialAction":[{"@type":"SearchAction","target":{"@type":"EntryPoint","urlTemplate":"https:\/\/elfsight.com\/pl\/?s={search_term_string}"},"query-input":{"@type":"PropertyValueSpecification","valueRequired":true,"valueName":"search_term_string"}}],"inLanguage":"pl-PL"}]}},"meta_box":{"industry":"","seo_heading":"","heading":"","description":"","cta_heading":"","cta_description":"","application":"3337","h1":"Wtyczka banerowa Squarespace","h1_caption":"Wy\u015bwietlaj dostosowywalne banery na swojej stronie internetowej, aby bez wysi\u0142ku promowa\u0107 oferty, og\u0142asza\u0107 wydarzenia lub zwraca\u0107 uwag\u0119 na kluczowe tre\u015bci w swojej witrynie Squarespace.","application_category":[],"applications_title":"","applications_request_title":"","applications_request_button_text":"","hero_text":"","hero_video":"","hero_video_schema_markup":"","selling_points_title":"","selling_points_caption":"","selling_points":[],"selling_points_cta_text":"","features_title":"","features":"","ed_cta_examples_text":"","ed_cta_examples_hidden":"","ed_cta_demo_text":"","ed_cta_demo_hidden":"","why_caption":"","why_editor_title":"","why_editor_text":"","why_team_title":"","why_team_text":"","why_service_title":"","why_service_text":"","template_catalog_visible":"0","template_catalog_title":"","template_catalog_text":"","template_catalog_categories_visible":"","demo_title":"Utw\u00f3rz wtyczk\u0119 Banner","demo_caption":"Skonfiguruj sw\u00f3j baner i dodaj go do swojej witryny Squarespace za darmo!","default_faq_hidden":"","app_template_category":[],"platform":"7588","template_public_id":"","codecanyon_url":"","codecanyon_item_id":"","codecanyon_price":"","pricing_caption":"","pricing_elfsight_apps_hide_column":"","pricing_elfsight_apps_url":"","pricing_codecanyon_price_caption":"","integration_category":[],"integration_request_title":"","integration_request_cta":"","integration_platform":"","integrations":[],"platform_category":[],"video_schema_markup":"","price":"od 0 USD \/ miesi\u0105c","trial":"","benefits":[{"text":"Bezp\u0142atna pomoc w monta\u017cu"},{"text":"Skuteczna obs\u0142uga klienta"},{"text":"14-dniowa gwarancja zwrotu pieni\u0119dzy"}],"button_url":"#demo","button_target_blank":"0","button_nofollow":"0","attributes":[{"name":"Instaluje"},{"name":"Czu\u0142y"},{"name":"Kompatybilne przegl\u0105darki"}],"tags":[],"tags_disable_links":"0","hide_more_platforms":"0","video_object":"","demo_hide_cta":"0","demo_hide_cloud_options":"0","pricing_title":"","pricing":[{"pricing_icon":"platform","pricing_title":"Elfsight Apps","pricing_title_caption":"Wieloplatformowe rozwi\u0105zanie cyfrowe","pricing_price":"od 0 USD \/ miesi\u0105c","pricing_price_caption":"zacznij od bezp\u0142atnego planu","pricing_benefits":[{"text":"Nielimitowane domeny"},{"text":"Profesjonalne wsparcie firmy i dobrze udokumentowane"},{"text":"Bezp\u0142atne wsparcie instalacyjne"},{"text":"W pe\u0142ni konfigurowalny"}],"pricing_button_text":"Dodaj do witryny","pricing_button_url":"#demo"}],"related_apps_title":"","related_apps_hidden":"0","author":"","image":[],"title":"","job":"","social_networks":[]},"_links":{"self":[{"href":"https:\/\/elfsight.com\/pl\/wp-json\/wp\/v2\/pages\/4367","targetHints":{"allow":["GET"]}}],"collection":[{"href":"https:\/\/elfsight.com\/pl\/wp-json\/wp\/v2\/pages"}],"about":[{"href":"https:\/\/elfsight.com\/pl\/wp-json\/wp\/v2\/types\/page"}],"author":[{"embeddable":true,"href":"https:\/\/elfsight.com\/pl\/wp-json\/wp\/v2\/users\/9"}],"replies":[{"embeddable":true,"href":"https:\/\/elfsight.com\/pl\/wp-json\/wp\/v2\/comments?post=4367"}],"version-history":[{"count":2,"href":"https:\/\/elfsight.com\/pl\/wp-json\/wp\/v2\/pages\/4367\/revisions"}],"predecessor-version":[{"id":10845,"href":"https:\/\/elfsight.com\/pl\/wp-json\/wp\/v2\/pages\/4367\/revisions\/10845"}],"up":[{"embeddable":true,"href":"https:\/\/elfsight.com\/pl\/wp-json\/wp\/v2\/pages\/3372"}],"wp:attachment":[{"href":"https:\/\/elfsight.com\/pl\/wp-json\/wp\/v2\/media?parent=4367"}],"curies":[{"name":"wp","href":"https:\/\/api.w.org\/{rel}","templated":true}]}}