{"id":4365,"date":"2024-05-03T06:29:47","date_gmt":"2024-05-03T06:29:47","guid":{"rendered":"https:\/\/elfsight.com\/pl\/?page_id=4365"},"modified":"2024-11-14T08:47:14","modified_gmt":"2024-11-14T08:47:14","slug":"webnode","status":"publish","type":"page","link":"https:\/\/elfsight.com\/pl\/banner-widget\/webnode\/","title":{"rendered":"Banner &#8211; Webnode"},"content":{"rendered":"<div class=\"application-platform-content-item-description application-platform-content-item\" id=\"description\" data-nav-section=\"description\"> <h2>Opis<\/h2> <p>Wid\u017cet banerowy Elfsight dla Webnode to funkcja, kt\u00f3r\u0105 mo\u017cna w ogromnym stopniu dostosowa\u0107 do w\u0142asnych potrzeb. Teraz masz mo\u017cliwo\u015b\u0107 stworzenia banera promocyjnego dla niemal ka\u017cdego celu. Wszystko, co musisz zrobi\u0107, to wybra\u0107 obraz t\u0142a, rodzaj t\u0142a, okre\u015bli\u0107 jego po\u0142o\u017cenie, doda\u0107 tytu\u0142 i podpis. Pami\u0119taj o dodaniu przycisku CTA \u2013 centralnego elementu ka\u017cdego banera. Oczywi\u015bcie mo\u017cesz modyfikowa\u0107 og\u00f3lny projekt wid\u017cetu wed\u0142ug w\u0142asnych potrzeb. <\/p> <p><b>Korzystaj\u0105c z naszego atrakcyjnego banera na stronach swojej witryny, promuj swoje towary i us\u0142ugi, zach\u0119caj\u0105c wi\u0119cej u\u017cytkownik\u00f3w witryny do dokonania zakupu<\/b><\/p> <\/div> <div class=\"application-platform-content-item- funkcje application-platform-content-item\" id=\" funkcje\" data-nav-section=\" funkcje\"> <h2>Sprawd\u017a list\u0119 najwa\u017cniejszych funkcji: <\/h2> <ul><li>Prze\u015blij zdj\u0119cia i pasuj\u0105ce filmy. <\/li><li>Dodaj link, adres e-mail lub telefon <\/li><li>Dodaj tytu\u0142 i tekst. <\/li><li>Utw\u00f3rz przycisk CTA. <\/li><li>Pozw\u00f3l na wype\u0142nienie lub obrysowanie przycisku. <\/li><\/ul><p><a href=\"#demo\">Pe\u0142ne mo\u017cliwo\u015bci wid\u017cetu mo\u017cesz sprawdzi\u0107 w wersji demonstracyjnej <\/a><\/p> <\/div> <div class=\"application-platform-content-item- instalacja application-platform-content-item\" id=\" instalacja\" data-nav-section=\" instalacja\"> <h2>Jak doda\u0107 baner do mojej witryny Webnode? <\/h2> <p>Wystarczy zastosowa\u0107 si\u0119 do poni\u017cszych instrukcji, aby w\u0142o\u017cy\u0107 narz\u0119dzie. <\/p> <ol><li><b>Zarz\u0105dzaj naszym bezp\u0142atnym konfiguratorem i zacznij tworzy\u0107 w\u0142asny widget. <\/b><br> Wybierz wybran\u0105 form\u0119 i opcje wid\u017cetu i zastosuj modyfikacje. <\/li> <li><b>Skopiuj sw\u00f3j osobisty kod udost\u0119pniony w specjalnym formularzu w aplikacjach Elfsight. <\/b><br> Zaraz po zako\u0144czeniu konfiguracji widgetu skopiuj kod osobisty z wy\u015bwietlonego pola i zachowaj go na dalsze potrzeby. <\/li> <li><b>Wpisz ch\u0119\u0107 korzystania z wid\u017cetu na swojej stronie internetowej Webnode. <\/b><br> Zintegruj skopiowany wcze\u015bniej kod ze swoj\u0105 stron\u0105 g\u0142\u00f3wn\u0105 i zastosuj zmiany. <\/li> <li><b>Konfiguracja zosta\u0142a w pe\u0142ni uko\u0144czona. <\/b><br> Odwied\u017a swoj\u0105 stron\u0119 internetow\u0105 i obserwuj dzia\u0142anie narz\u0119dzia. <\/li><\/ol> <p>Je\u015bli masz pytania lub napotkasz trudno\u015bci, skontaktuj si\u0119 z naszym zespo\u0142em wsparcia. Nasi konsultanci z przyjemno\u015bci\u0105 pomog\u0105 Ci we wszystkich problemach, jakie mo\u017cesz mie\u0107 z narz\u0119dziem. <\/p> <div class=\"faq\" data-component=\"FAQ\"> <div class=\"faq-item\">\r\n\t\t\t\t\t<div class=\"faq-item-question\">\r\n\t\t\t\t\t\t<h3 class=\"faq-item-question-text\">Jak doda\u0107 Banner do mojej witryny Webnode bez umiej\u0119tno\u015bci kodowania?<\/h3>\r\n\r\n\t\t\t\t\t\t<div class=\"faq-item-question-icon\"><\/div>\r\n\t\t\t\t\t<\/div>\r\n\r\n\t\t\t\t\t<div class=\"faq-item-answer\">\r\n\t\t\t\t\t\t<div class=\"faq-item-answer-text\"> <p>Elfsight zapewnia rozwi\u0105zanie SaaS, kt\u00f3re pozwala samodzielnie utworzy\u0107 wid\u017cet Banner. Zobacz, jak \u0142atwy jest ten proces: Pracuj bezpo\u015brednio w edytorze online, aby utworzy\u0107 wid\u017cet banera, kt\u00f3ry chcesz zobaczy\u0107 na swojej stronie internetowej Webnode. Wybierz jeden z gotowych szablon\u00f3w i dostosuj ustawienia banera, dodaj tre\u015b\u0107, zmie\u0144 uk\u0142ad i kolorystyk\u0119 bez umiej\u0119tno\u015bci kodowania. Zapisz baner i skopiuj jego kod instalacyjny, kt\u00f3ry mo\u017cesz bez problemu wklei\u0107 na swojej stronie Webnode bez konieczno\u015bci zakupu p\u0142atnego planu. Dzi\u0119ki naszemu intuicyjnemu edytorowi ka\u017cdy u\u017cytkownik Internetu mo\u017ce stworzy\u0107 wid\u017cet Banner online i \u0142atwo osadzi\u0107 go na swojej stronie internetowej Webnode. Aby uzyska\u0107 dost\u0119p do us\u0142ugi, nie trzeba p\u0142aci\u0107 ani wprowadza\u0107 danych uwierzytelniaj\u0105cych karty. Je\u015bli na kt\u00f3rymkolwiek etapie napotkasz jakiekolwiek problemy, skontaktuj si\u0119 z naszym zespo\u0142em pomocy technicznej.<\/p> <\/div>\r\n\t\t\t\t\t<\/div>\r\n\t\t\t\t<\/div> <\/div> <\/div>","protected":false},"excerpt":{"rendered":"","protected":false},"author":9,"featured_media":0,"parent":3372,"menu_order":0,"comment_status":"closed","ping_status":"closed","template":"templates\/template-application-platform.php","meta":{"publish_to_discourse":"","publish_post_category":"","wpdc_auto_publish_overridden":"","wpdc_topic_tags":"","wpdc_pin_topic":"","wpdc_pin_until":"","discourse_post_id":"","discourse_permalink":"","wpdc_publishing_response":"","wpdc_publishing_error":"","footnotes":""},"class_list":["post-4365","page","type-page","status-publish","hentry"],"yoast_head":"<!-- This site is optimized with the Yoast SEO plugin v25.3.1 - https:\/\/yoast.com\/wordpress\/plugins\/seo\/ -->\n<title>Dodaj wid\u017cet Banner do witryny Webnode. Szybko i bez op\u0142at (2026)<\/title>\n<meta name=\"description\" content=\"Umie\u015b\u0107 na swojej stronie internetowej przyjazny dla urz\u0105dze\u0144 mobilnych wid\u017cet banera Webnode. Skorzystaj z por\u0119cznej wersji demonstracyjnej Elfsight i stw\u00f3rz sw\u00f3j osza\u0142amiaj\u0105cy baner dwoma klikni\u0119ciami\" \/>\n<meta name=\"robots\" content=\"index, follow, max-snippet:-1, max-image-preview:large, max-video-preview:-1\" \/>\n<link rel=\"canonical\" href=\"https:\/\/elfsight.com\/pl\/banner-widget\/webnode\/\" \/>\n<meta property=\"og:locale\" content=\"pl_PL\" \/>\n<meta property=\"og:type\" content=\"article\" \/>\n<meta property=\"og:title\" content=\"Dodaj wid\u017cet Banner do witryny Webnode. Szybko i bez op\u0142at (2026)\" \/>\n<meta property=\"og:description\" content=\"Umie\u015b\u0107 na swojej stronie internetowej przyjazny dla urz\u0105dze\u0144 mobilnych wid\u017cet banera Webnode. Skorzystaj z por\u0119cznej wersji demonstracyjnej Elfsight i stw\u00f3rz sw\u00f3j osza\u0142amiaj\u0105cy baner dwoma klikni\u0119ciami\" \/>\n<meta property=\"og:url\" content=\"https:\/\/elfsight.com\/pl\/banner-widget\/webnode\/\" \/>\n<meta property=\"og:site_name\" content=\"Elfsight PL\" \/>\n<meta property=\"article:modified_time\" content=\"2024-11-14T08:47:14+00:00\" \/>\n<meta name=\"twitter:card\" content=\"summary_large_image\" \/>\n<meta name=\"twitter:label1\" content=\"Szacowany czas czytania\" \/>\n\t<meta name=\"twitter:data1\" content=\"3 minuty\" \/>\n<!-- \/ Yoast SEO plugin. -->","yoast_head_json":{"title":"Dodaj wid\u017cet Banner do witryny Webnode. Szybko i bez op\u0142at (2026)","description":"Umie\u015b\u0107 na swojej stronie internetowej przyjazny dla urz\u0105dze\u0144 mobilnych wid\u017cet banera Webnode. Skorzystaj z por\u0119cznej wersji demonstracyjnej Elfsight i stw\u00f3rz sw\u00f3j osza\u0142amiaj\u0105cy baner dwoma klikni\u0119ciami","robots":{"index":"index","follow":"follow","max-snippet":"max-snippet:-1","max-image-preview":"max-image-preview:large","max-video-preview":"max-video-preview:-1"},"canonical":"https:\/\/elfsight.com\/pl\/banner-widget\/webnode\/","og_locale":"pl_PL","og_type":"article","og_title":"Dodaj wid\u017cet Banner do witryny Webnode. Szybko i bez op\u0142at (2026)","og_description":"Umie\u015b\u0107 na swojej stronie internetowej przyjazny dla urz\u0105dze\u0144 mobilnych wid\u017cet banera Webnode. Skorzystaj z por\u0119cznej wersji demonstracyjnej Elfsight i stw\u00f3rz sw\u00f3j osza\u0142amiaj\u0105cy baner dwoma klikni\u0119ciami","og_url":"https:\/\/elfsight.com\/pl\/banner-widget\/webnode\/","og_site_name":"Elfsight PL","article_modified_time":"2024-11-14T08:47:14+00:00","twitter_card":"summary_large_image","twitter_misc":{"Szacowany czas czytania":"3 minuty"},"schema":{"@context":"https:\/\/schema.org","@graph":[{"@type":"WebPage","@id":"https:\/\/elfsight.com\/pl\/banner-widget\/webnode\/","url":"https:\/\/elfsight.com\/pl\/banner-widget\/webnode\/","name":"Dodaj wid\u017cet Banner do witryny Webnode. Szybko i bez op\u0142at (2026)","isPartOf":{"@id":"https:\/\/elfsight.com\/pl\/#website"},"datePublished":"2024-05-03T06:29:47+00:00","dateModified":"2024-11-14T08:47:14+00:00","description":"Umie\u015b\u0107 na swojej stronie internetowej przyjazny dla urz\u0105dze\u0144 mobilnych wid\u017cet banera Webnode. Skorzystaj z por\u0119cznej wersji demonstracyjnej Elfsight i stw\u00f3rz sw\u00f3j osza\u0142amiaj\u0105cy baner dwoma klikni\u0119ciami","breadcrumb":{"@id":"https:\/\/elfsight.com\/pl\/banner-widget\/webnode\/#breadcrumb"},"inLanguage":"pl-PL","potentialAction":[{"@type":"ReadAction","target":["https:\/\/elfsight.com\/pl\/banner-widget\/webnode\/"]}]},{"@type":"BreadcrumbList","@id":"https:\/\/elfsight.com\/pl\/banner-widget\/webnode\/#breadcrumb","itemListElement":[{"@type":"ListItem","position":1,"name":"Home","item":"https:\/\/elfsight.com\/pl\/"},{"@type":"ListItem","position":2,"name":"Banner","item":"https:\/\/elfsight.com\/pl\/banner-widget\/"},{"@type":"ListItem","position":3,"name":"Banner &#8211; Webnode"}]},{"@type":"WebSite","@id":"https:\/\/elfsight.com\/pl\/#website","url":"https:\/\/elfsight.com\/pl\/","name":"Elfsight PL","description":"Just another Elfsight Sites site","potentialAction":[{"@type":"SearchAction","target":{"@type":"EntryPoint","urlTemplate":"https:\/\/elfsight.com\/pl\/?s={search_term_string}"},"query-input":{"@type":"PropertyValueSpecification","valueRequired":true,"valueName":"search_term_string"}}],"inLanguage":"pl-PL"}]}},"meta_box":{"industry":"","seo_heading":"","heading":"","description":"","cta_heading":"","cta_description":"","application":"3337","h1":"Wid\u017cet banera Webnode","h1_caption":"Wy\u015bwietlaj dostosowywalne banery na swojej stronie internetowej, aby bez wysi\u0142ku promowa\u0107 oferty, og\u0142asza\u0107 wydarzenia lub zwraca\u0107 uwag\u0119 na kluczowe tre\u015bci w swojej witrynie Webnode.","application_category":[],"applications_title":"","applications_request_title":"","applications_request_button_text":"","hero_text":"","hero_video":"","hero_video_schema_markup":"","selling_points_title":"","selling_points_caption":"","selling_points":[],"selling_points_cta_text":"","features_title":"","features":"","ed_cta_examples_text":"","ed_cta_examples_hidden":"","ed_cta_demo_text":"","ed_cta_demo_hidden":"","why_caption":"","why_editor_title":"","why_editor_text":"","why_team_title":"","why_team_text":"","why_service_title":"","why_service_text":"","template_catalog_visible":"","template_catalog_title":"","template_catalog_text":"","template_catalog_categories_visible":"","demo_title":"Utw\u00f3rz wid\u017cet banera","demo_caption":"Skonfiguruj sw\u00f3j baner i dodaj go do swojej witryny Webnode za darmo!","default_faq_hidden":"","app_template_category":[],"platform":"138","template_public_id":"","codecanyon_url":"","codecanyon_item_id":"","codecanyon_price":"","pricing_caption":"","pricing_elfsight_apps_hide_column":"","pricing_elfsight_apps_url":"","pricing_codecanyon_price_caption":"","integration_category":[],"integration_request_title":"","integration_request_cta":"","integration_platform":"","integrations":[],"platform_category":[],"video_schema_markup":"","price":"od 0 USD \/ miesi\u0105c","trial":"","benefits":[{"text":"Bezp\u0142atna us\u0142uga monta\u017cu"},{"text":"Wyj\u0105tkowe wsparcie"},{"text":"14-dniowa gwarancja zwrotu pieni\u0119dzy"}],"button_url":"#demo","button_target_blank":"","button_nofollow":"","attributes":[{"name":"Instaluje"},{"name":"Czu\u0142y"},{"name":"Kompatybilne przegl\u0105darki"}],"tags":[],"tags_disable_links":"","hide_more_platforms":"","video_object":"","demo_hide_cta":"","demo_hide_cloud_options":"","pricing_title":"","pricing":[{"pricing_icon":"platform","pricing_title":"Elfsight Apps","pricing_title_caption":"Rozwi\u0105zanie wieloplatformowe, kt\u00f3re dzia\u0142a na dowolnej witrynie","pricing_price":"od 0 USD \/ miesi\u0105c","pricing_price_caption":"zacznij od bezp\u0142atnego planu","pricing_benefits":[{"text":"Nielimitowane strony internetowe"},{"text":"Dedykowane wsparcie"},{"text":"Bezp\u0142atna pomoc w monta\u017cu"},{"text":"Elastyczny projekt"}],"pricing_button_text":"Dodaj do witryny","pricing_button_url":"#demo"}],"related_apps_title":"","related_apps_hidden":"","author":"","image":[],"title":"","job":"","social_networks":[]},"_links":{"self":[{"href":"https:\/\/elfsight.com\/pl\/wp-json\/wp\/v2\/pages\/4365","targetHints":{"allow":["GET"]}}],"collection":[{"href":"https:\/\/elfsight.com\/pl\/wp-json\/wp\/v2\/pages"}],"about":[{"href":"https:\/\/elfsight.com\/pl\/wp-json\/wp\/v2\/types\/page"}],"author":[{"embeddable":true,"href":"https:\/\/elfsight.com\/pl\/wp-json\/wp\/v2\/users\/9"}],"replies":[{"embeddable":true,"href":"https:\/\/elfsight.com\/pl\/wp-json\/wp\/v2\/comments?post=4365"}],"version-history":[{"count":1,"href":"https:\/\/elfsight.com\/pl\/wp-json\/wp\/v2\/pages\/4365\/revisions"}],"predecessor-version":[{"id":4369,"href":"https:\/\/elfsight.com\/pl\/wp-json\/wp\/v2\/pages\/4365\/revisions\/4369"}],"up":[{"embeddable":true,"href":"https:\/\/elfsight.com\/pl\/wp-json\/wp\/v2\/pages\/3372"}],"wp:attachment":[{"href":"https:\/\/elfsight.com\/pl\/wp-json\/wp\/v2\/media?parent=4365"}],"curies":[{"name":"wp","href":"https:\/\/api.w.org\/{rel}","templated":true}]}}