{"id":436,"date":"2020-11-19T14:57:55","date_gmt":"2020-11-19T14:57:55","guid":{"rendered":"https:\/\/elfsight.com\/pl\/?page_id=436"},"modified":"2021-04-21T13:44:43","modified_gmt":"2021-04-21T13:44:43","slug":"beaver-builder-plugins","status":"publish","type":"page","link":"https:\/\/elfsight.com\/pl\/beaver-builder-plugins\/","title":{"rendered":"Beaver Builder plugins"},"content":{"rendered":"\n<h2>Najdoskonalsze pluginy Elfsight dla wszystkich potrzeb\u00f3w twojej strony www Beaver Builder<\/h2>\n\n<p>Przez dziewi\u0119\u0107 lat nasz zesp\u00f3\u0142 profesjonalist\u00f3w Elfsight wytwarza Plug&amp;Play i modyfikowalne rozszerzenia chmurowe dla Twojej dzia\u0142alno\u015bci. Mo\u017cemy zagwarantowa\u0107 us\u0142ugi wsparcia oraz du\u017c\u0105 szybko\u015b\u0107 \u0142adowania. Elementy interfejsu Elfsight wspomagaj\u0105 w\u0142a\u015bcicielom serwis\u00f3w internetowych, non-profit oraz wielu innym z r\u00f3\u017cnych kraj\u00f3w \u015bwiata sprosta\u0107 g\u0142\u00f3wnymi dzia\u0142aniami efektywniej. \n<\/p>\n\n<p>Aby zwi\u0119kszy\u0107 liczb\u0119 potencjalnych klient\u00f3w, zademonstrowa\u0107 pozytywne reakcje na Twoje oferty, zwi\u0119kszy\u0107 zaufanie do swojej marki, przez zainstalowanie wid\u017cetu do Twojej strony internetowej. Nasze plany taryfowe wahaj\u0105 si\u0119 od bezp\u0142atnych do premium. \u0141atwo wbudowa\u0107 wszelkie odpowiednie aplikacji u\u017cywaj\u0105c naszej wersji Live Demo i sprawd\u017a jak bardzo to b\u0119dzie wa\u017cne w kwestii rozwoju serwisu www Twojego firmy. <\/p>\n\n<h2>Co czyni widgety Elfsight s\u0105 tak wyj\u0105tkowymi narz\u0119dziami dla Twojej witryny? <\/h2>\n\n<p> Zobacz list\u0119 g\u0142\u00f3wny jako\u015bci naszych aplikacji, kt\u00f3re umo\u017cliwiaj\u0105 nam by\u0107 lepszymi, ni\u017c nasi konkurenci: <\/p>\n\n\n<ul>\n<li> Darmowa i szybka wsparcie przy dodaniu lub dostosowywanie dodatk\u00f3w; <\/li>\n<li> Zdolno\u015b\u0107 dostosowywania do wszystkich rozdzielczo\u015bci stron internetowych i dostosowane do urz\u0105dze\u0144 mobilnych; <\/li>\n<li> Nie ma potrzeby uczy\u0107 si\u0119 programowa\u0107; <\/li>\n<li> Szeroka r\u00f3\u017cnorodno\u015b\u0107 opcji dostosowywania; <\/li>\n<li> Oparte na chmurze rozszerzenia pomagaj\u0105 zwi\u0119kszy\u0107 pr\u0119dko\u015b\u0107 \u0142adowania strony; <\/li>\n<li> Wszystkie przysz\u0142e aktualizacje s\u0105 darmowe i regularne; <\/li>\n<li> Sprawiedliwe ceny; <\/li>\n<li> Profesjonalna pomoc w przypadku problem\u00f3w. <\/li>\n<\/ul>\n\n<p> Zbadaj bezp\u0142atne opcje naszych wtyczek i zastosuj jej potencja\u0142 lub kup dowolne wymagane rozwi\u0105zanie z 20% rabatem. <\/p>\n\n\n<h2> Jak doda\u0107 Pa\u0144stwa wtyczki na swojej stronie internetowej Beaver Builder <\/h2>\n\n<p> A\u017ceby zintegrowa\u0107 widgety, zobacz nast\u0119pnie kroki z nieskomplikowanej wskaz\u00f3wki: <\/p>\n\n\n<ol>\n<li> Wybierz przydatn\u0105 wtyczk\u0119; <\/li>\n<li> Skonfiguruj niekt\u00f3re przydatne konfiguracji; <\/li>\n<li> Kliknij przycisk &#8222;Zapisz Zmiany&#8221;; <\/li>\n<li> Skopiuj generowany kod; <\/li>\n<li> Zainstaluj kod instalacyjny w odpowiednim miejscu swojej strony lub szablonu; <\/li>\n<li> Gotowe! Uda\u0142o Ci si\u0119 zintegrowa\u0107 dodatek. <\/li>\n<\/ol>\n\n<p> Je\u015bli b\u0119dziesz potrzebowa\u0142 pomocy, zapraszamy skontaktowa\u0107 si\u0119 z zespo\u0142em pomocy technicznej Elfsight. <\/p>\n","protected":false},"excerpt":{"rendered":"Najdoskonalsze pluginy Elfsight dla wszystkich potrzeb\u00f3w twojej strony www Beaver Builder Przez dziewi\u0119\u0107 lat nasz zesp\u00f3\u0142 profesjonalist\u00f3w Elfsight wytwarza Plug&amp;Play i modyfikowalne rozszerzenia chmurowe dla Twojej dzia\u0142alno\u015bci. Mo\u017cemy zagwarantowa\u0107 us\u0142ugi wsparcia oraz du\u017c\u0105 szybko\u015b\u0107 \u0142adowania. Elementy interfejsu Elfsight wspomagaj\u0105 w\u0142a\u015bcicielom serwis\u00f3w internetowych, non-profit oraz wielu innym z r\u00f3\u017cnych kraj\u00f3w \u015bwiata&#8230;","protected":false},"author":13,"featured_media":0,"parent":0,"menu_order":0,"comment_status":"closed","ping_status":"closed","template":"templates\/template-platform.php","meta":{"publish_to_discourse":"","publish_post_category":"","wpdc_auto_publish_overridden":"","wpdc_topic_tags":"","wpdc_pin_topic":"","wpdc_pin_until":"","discourse_post_id":"","discourse_permalink":"","wpdc_publishing_response":"","wpdc_publishing_error":"","footnotes":""},"class_list":["post-436","page","type-page","status-publish","hentry"],"yoast_head":"<!-- This site is optimized with the Yoast SEO plugin v25.3.1 - https:\/\/yoast.com\/wordpress\/plugins\/seo\/ -->\n<title>Ponad 80 najlepszych darmowych Beaver Builder plugin\u00f3w dla witryny<\/title>\n<meta name=\"description\" content=\"Pakiet nieodp\u0142atnych plugin\u00f3w pierwszej klasy dla twojej witryny Beaver Builder. Pom\u00f3c z dostosowaniem a tak\u017ce szeroka funkcjonalno\u015b\u0107.\" \/>\n<meta name=\"robots\" content=\"index, follow, max-snippet:-1, max-image-preview:large, max-video-preview:-1\" \/>\n<link rel=\"canonical\" href=\"https:\/\/elfsight.com\/pl\/beaver-builder-plugins\/\" \/>\n<meta property=\"og:locale\" content=\"pl_PL\" \/>\n<meta property=\"og:type\" content=\"article\" \/>\n<meta property=\"og:title\" content=\"Ponad 80 najlepszych darmowych Beaver Builder plugin\u00f3w dla witryny\" \/>\n<meta property=\"og:description\" content=\"Pakiet nieodp\u0142atnych plugin\u00f3w pierwszej klasy dla twojej witryny Beaver Builder. Pom\u00f3c z dostosowaniem a tak\u017ce szeroka funkcjonalno\u015b\u0107.\" \/>\n<meta property=\"og:url\" content=\"https:\/\/elfsight.com\/pl\/beaver-builder-plugins\/\" \/>\n<meta property=\"og:site_name\" content=\"Elfsight PL\" \/>\n<meta property=\"article:modified_time\" content=\"2021-04-21T13:44:43+00:00\" \/>\n<meta name=\"twitter:card\" content=\"summary_large_image\" \/>\n<meta name=\"twitter:label1\" content=\"Szacowany czas czytania\" \/>\n\t<meta name=\"twitter:data1\" content=\"2 minuty\" \/>\n<!-- \/ Yoast SEO plugin. -->","yoast_head_json":{"title":"Ponad 80 najlepszych darmowych Beaver Builder plugin\u00f3w dla witryny","description":"Pakiet nieodp\u0142atnych plugin\u00f3w pierwszej klasy dla twojej witryny Beaver Builder. Pom\u00f3c z dostosowaniem a tak\u017ce szeroka funkcjonalno\u015b\u0107.","robots":{"index":"index","follow":"follow","max-snippet":"max-snippet:-1","max-image-preview":"max-image-preview:large","max-video-preview":"max-video-preview:-1"},"canonical":"https:\/\/elfsight.com\/pl\/beaver-builder-plugins\/","og_locale":"pl_PL","og_type":"article","og_title":"Ponad 80 najlepszych darmowych Beaver Builder plugin\u00f3w dla witryny","og_description":"Pakiet nieodp\u0142atnych plugin\u00f3w pierwszej klasy dla twojej witryny Beaver Builder. Pom\u00f3c z dostosowaniem a tak\u017ce szeroka funkcjonalno\u015b\u0107.","og_url":"https:\/\/elfsight.com\/pl\/beaver-builder-plugins\/","og_site_name":"Elfsight PL","article_modified_time":"2021-04-21T13:44:43+00:00","twitter_card":"summary_large_image","twitter_misc":{"Szacowany czas czytania":"2 minuty"},"schema":{"@context":"https:\/\/schema.org","@graph":[{"@type":"WebPage","@id":"https:\/\/elfsight.com\/pl\/beaver-builder-plugins\/","url":"https:\/\/elfsight.com\/pl\/beaver-builder-plugins\/","name":"Ponad 80 najlepszych darmowych Beaver Builder plugin\u00f3w dla witryny","isPartOf":{"@id":"https:\/\/elfsight.com\/pl\/#website"},"datePublished":"2020-11-19T14:57:55+00:00","dateModified":"2021-04-21T13:44:43+00:00","description":"Pakiet nieodp\u0142atnych plugin\u00f3w pierwszej klasy dla twojej witryny Beaver Builder. Pom\u00f3c z dostosowaniem a tak\u017ce szeroka funkcjonalno\u015b\u0107.","breadcrumb":{"@id":"https:\/\/elfsight.com\/pl\/beaver-builder-plugins\/#breadcrumb"},"inLanguage":"pl-PL","potentialAction":[{"@type":"ReadAction","target":["https:\/\/elfsight.com\/pl\/beaver-builder-plugins\/"]}]},{"@type":"BreadcrumbList","@id":"https:\/\/elfsight.com\/pl\/beaver-builder-plugins\/#breadcrumb","itemListElement":[{"@type":"ListItem","position":1,"name":"Home","item":"https:\/\/elfsight.com\/pl\/"},{"@type":"ListItem","position":2,"name":"Beaver Builder plugins"}]},{"@type":"WebSite","@id":"https:\/\/elfsight.com\/pl\/#website","url":"https:\/\/elfsight.com\/pl\/","name":"Elfsight PL","description":"Just another Elfsight Sites site","potentialAction":[{"@type":"SearchAction","target":{"@type":"EntryPoint","urlTemplate":"https:\/\/elfsight.com\/pl\/?s={search_term_string}"},"query-input":{"@type":"PropertyValueSpecification","valueRequired":true,"valueName":"search_term_string"}}],"inLanguage":"pl-PL"}]}},"meta_box":{"industry":"","seo_heading":"","heading":"","description":"","cta_heading":"","cta_description":"","application":"","h1":"Najlepsze pluginy Beaver Builder","h1_caption":"Gratisowy spis rewelacyjnych plugin\u00f3w najwy\u017cszej klasy z szerokim zakresem funkcji dla zwi\u0119kszenia poziomu sprzeda\u017cy oraz wype\u0142nienia wszystkich pozosta\u0142ych dzia\u0142a\u0144 w zakresie rozwoju komercyjnego. Nieskomplikowana integracja, obszerny zakres opcji konfiguracji oraz szybkie wsparcie klienta.","application_category":[],"applications_title":"Przetestuj najodpowiedniejsze pluginy dla twojej strony www w\u015br\u00f3d wszystkich dodatk\u00f3w darmowych w edytorze internetowym","applications_request_title":"Nie mo\u017cesz znale\u017a\u0107 odpowiedniego plugina?","applications_request_button_text":"Zam\u00f3w plugin","hero_text":"","hero_video":"","hero_video_schema_markup":"","selling_points_title":"","selling_points_caption":"","selling_points":[],"selling_points_cta_text":"","features_title":"","features":"","ed_cta_examples_text":"","ed_cta_examples_hidden":"","ed_cta_demo_text":"","ed_cta_demo_hidden":"","why_caption":"","why_editor_title":"","why_editor_text":"","why_team_title":"","why_team_text":"","why_service_title":"","why_service_text":"","template_catalog_visible":"","template_catalog_title":"","template_catalog_text":"","template_catalog_categories_visible":"","demo_title":"","demo_caption":"","default_faq_hidden":"","app_template_category":[],"platform":"433","template_public_id":"","codecanyon_url":"","codecanyon_item_id":"","codecanyon_price":"","pricing_caption":"","pricing_elfsight_apps_hide_column":"","pricing_elfsight_apps_url":"","pricing_codecanyon_price_caption":"","integration_category":[],"integration_request_title":"","integration_request_cta":"","integration_platform":"","integrations":[],"platform_category":[],"video_schema_markup":"","price":"","trial":"","benefits":[],"button_url":"","button_target_blank":"","button_nofollow":"","attributes":[],"tags":[],"tags_disable_links":"","hide_more_platforms":"","video_object":"","demo_hide_cta":"","demo_hide_cloud_options":"","pricing_title":"","pricing":[],"related_apps_title":"","related_apps_hidden":"","author":"","image":[],"title":"","job":"","social_networks":[]},"_links":{"self":[{"href":"https:\/\/elfsight.com\/pl\/wp-json\/wp\/v2\/pages\/436","targetHints":{"allow":["GET"]}}],"collection":[{"href":"https:\/\/elfsight.com\/pl\/wp-json\/wp\/v2\/pages"}],"about":[{"href":"https:\/\/elfsight.com\/pl\/wp-json\/wp\/v2\/types\/page"}],"author":[{"embeddable":true,"href":"https:\/\/elfsight.com\/pl\/wp-json\/wp\/v2\/users\/13"}],"replies":[{"embeddable":true,"href":"https:\/\/elfsight.com\/pl\/wp-json\/wp\/v2\/comments?post=436"}],"version-history":[{"count":2,"href":"https:\/\/elfsight.com\/pl\/wp-json\/wp\/v2\/pages\/436\/revisions"}],"predecessor-version":[{"id":438,"href":"https:\/\/elfsight.com\/pl\/wp-json\/wp\/v2\/pages\/436\/revisions\/438"}],"wp:attachment":[{"href":"https:\/\/elfsight.com\/pl\/wp-json\/wp\/v2\/media?parent=436"}],"curies":[{"name":"wp","href":"https:\/\/api.w.org\/{rel}","templated":true}]}}