{"id":4359,"date":"2024-05-03T06:29:45","date_gmt":"2024-05-03T06:29:45","guid":{"rendered":"https:\/\/elfsight.com\/pl\/?page_id=4359"},"modified":"2024-11-14T08:47:06","modified_gmt":"2024-11-14T08:47:06","slug":"wix","status":"publish","type":"page","link":"https:\/\/elfsight.com\/pl\/banner-widget\/wix\/","title":{"rendered":"Banner &#8211; Wix"},"content":{"rendered":"<div class=\"application-platform-content-item-description application-platform-content-item\" id=\"description\" data-nav-section=\"description\"> <h2>Opis<\/h2> <p>Aplikacja Elfsight Banner dla Wix to funkcja niezwykle konfigurowalna. Teraz masz mo\u017cliwo\u015b\u0107 zbudowania banera promocyjnego w dowolnym celu. Wystarczy wybra\u0107 obraz t\u0142a, rodzaj t\u0142a, okre\u015bli\u0107 jego po\u0142o\u017cenie, doda\u0107 tytu\u0142 i tekst. Nie zapomnij o do\u0142\u0105czeniu przycisku CTA \u2013 centralnego elementu ka\u017cdego banera promocyjnego. I z pewno\u015bci\u0105 mo\u017cesz dowolnie dostosowywa\u0107 kolory wid\u017cetu tak, jak dzia\u0142a dla Ciebie. <\/p> <p><b>Korzystaj\u0105c z atrakcyjnego banera na stronach swojej witryny, ulepsz swoje produkty i us\u0142ugi, inspiruj\u0105c wi\u0119cej odwiedzaj\u0105cych do dokonania zakupu<\/b><\/p> <\/div> <div class=\"application-platform-content-item-features  application-platform-content-item\" id=\"features \" data-nav-section=\"features \"> <h2>To tylko kilka z zaawansowanych funkcji aplikacji: <\/h2> <ul><li>Prze\u015blij zdj\u0119cia i odpowiednie filmy. <\/li><li>Dodaj linki, e-mail lub telefon. <\/li><li>Do\u0142\u0105cz tytu\u0142 i tekst. <\/li><li>Stw\u00f3rz przycisk CTA. <\/li><li>Pozw\u00f3l na wype\u0142nienie lub obrysowanie przycisku. <\/li><\/ul><p><a href=\"#demo\">Po prostu wypr\u00f3buj t\u0119 wersj\u0119 demonstracyjn\u0105, aby uzyska\u0107 pe\u0142ny obraz<\/a><\/p> <\/div> <div class=\"application-platform-content-item-installation application-platform-content-item\" id=\"installation\" data-nav-section=\"installation\"> <h2>Jak osadzi\u0107 baner na mojej stronie Wix? <\/h2> <p>Wystarczy wykona\u0107 poni\u017csze instrukcje, aby doda\u0107 aplikacj\u0119. <\/p> <ol><li><b>Wykonaj nasze bezp\u0142atne demo i zacznij tworzy\u0107 sw\u00f3j spersonalizowany instrument. <\/b><br> Okre\u015bl po\u017c\u0105dany uk\u0142ad i parametry wtyczki i zastosuj poprawki. <\/li> <li><b>Skopiuj kod osobisty pokazany w specjalnym formularzu w aplikacjach Elfsight. <\/b><br> Po zako\u0144czeniu tworzenia aplikacji skopiuj kod osobisty z wy\u015bwietlonego pola i zapisz go do wykorzystania w przysz\u0142o\u015bci. <\/li> <li><b>Zaanga\u017cuj si\u0119 w korzystanie z narz\u0119dzia na stronie Wix. <\/b><br> Zaimplementuj kod, kt\u00f3ry ostatnio zapisa\u0142e\u015b w swojej witrynie i zastosuj zmiany. <\/li> <li><b>Gotowe! Instalacja zako\u0144czy\u0142a si\u0119 pomy\u015blnie. <\/b><br> Przejd\u017a do swojej strony internetowej, aby sprawdzi\u0107, jak dzia\u0142a aplikacja. <\/li><\/ol> <p>Je\u015bli masz do czynienia z zapytaniami lub napotykasz jakiekolwiek trudno\u015bci, nie wahaj si\u0119 zwr\u00f3ci\u0107 do naszego personelu obs\u0142ugi klienta. Nasi ludzie z przyjemno\u015bci\u0105 rozwi\u0105\u017c\u0105 wszystkie problemy, jakie mo\u017cesz mie\u0107 z tym narz\u0119dziem. <\/p> <div class=\"faq\" data-component=\"FAQ\"> <div class=\"faq-item\">\r\n\t\t\t\t\t<div class=\"faq-item-question\">\r\n\t\t\t\t\t\t<h3 class=\"faq-item-question-text\">Jak doda\u0107 Banner do mojej witryny Wix bez umiej\u0119tno\u015bci kodowania?<\/h3>\r\n\r\n\t\t\t\t\t\t<div class=\"faq-item-question-icon\"><\/div>\r\n\t\t\t\t\t<\/div>\r\n\r\n\t\t\t\t\t<div class=\"faq-item-answer\">\r\n\t\t\t\t\t\t<div class=\"faq-item-answer-text\"> <p>Elfsight zapewnia rozwi\u0105zanie SaaS, kt\u00f3re pozwala samodzielnie utworzy\u0107 wid\u017cet Banner. Zobacz, jak \u0142atwy jest ten proces: Pracuj bezpo\u015brednio w edytorze online, aby utworzy\u0107 wid\u017cet banera, kt\u00f3ry chcia\u0142by\u015b zobaczy\u0107 na swojej stronie Wix. Wybierz jeden z gotowych szablon\u00f3w i dostosuj ustawienia banera, dodaj tre\u015b\u0107, zmie\u0144 uk\u0142ad i kolorystyk\u0119 bez umiej\u0119tno\u015bci kodowania. Zapisz baner i skopiuj jego kod instalacyjny, kt\u00f3ry mo\u017cesz \u0142atwo doda\u0107 do swojej witryny Wix bez konieczno\u015bci kupowania p\u0142atnego planu. Dzi\u0119ki naszemu intuicyjnemu Edytorowi ka\u017cdy u\u017cytkownik Internetu mo\u017ce stworzy\u0107 wid\u017cet Banner online i \u0142atwo osadzi\u0107 go na swojej stronie Wix. Aby uzyska\u0107 dost\u0119p do us\u0142ugi, nie trzeba p\u0142aci\u0107 ani wprowadza\u0107 danych uwierzytelniaj\u0105cych karty. Je\u015bli na kt\u00f3rymkolwiek etapie napotkasz jakiekolwiek problemy, skontaktuj si\u0119 z naszym zespo\u0142em pomocy technicznej.<\/p> <\/div>\r\n\t\t\t\t\t<\/div>\r\n\t\t\t\t<\/div> <\/div> <\/div>","protected":false},"excerpt":{"rendered":"","protected":false},"author":9,"featured_media":0,"parent":3372,"menu_order":0,"comment_status":"closed","ping_status":"closed","template":"templates\/template-application-platform.php","meta":{"publish_to_discourse":"","publish_post_category":"","wpdc_auto_publish_overridden":"","wpdc_topic_tags":"","wpdc_pin_topic":"","wpdc_pin_until":"","discourse_post_id":"","discourse_permalink":"","wpdc_publishing_response":"","wpdc_publishing_error":"","footnotes":""},"class_list":["post-4359","page","type-page","status-publish","hentry"],"yoast_head":"<!-- This site is optimized with the Yoast SEO plugin v25.3.1 - https:\/\/yoast.com\/wordpress\/plugins\/seo\/ -->\n<title>Zintegruj aplikacj\u0119 Banner ze stron\u0105 Wix. Szybko i za darmo (2025)<\/title>\n<meta name=\"description\" content=\"Umie\u015b\u0107 przyjazn\u0105 dla u\u017cytkownika aplikacj\u0119 Wix Banner na swojej stronie. Skorzystaj z por\u0119cznej wersji demonstracyjnej Elfsight i stw\u00f3rz sw\u00f3j wspania\u0142y baner w kilka prostych minut\" \/>\n<meta name=\"robots\" content=\"index, follow, max-snippet:-1, max-image-preview:large, max-video-preview:-1\" \/>\n<link rel=\"canonical\" href=\"https:\/\/elfsight.com\/pl\/banner-widget\/wix\/\" \/>\n<meta property=\"og:locale\" content=\"pl_PL\" \/>\n<meta property=\"og:type\" content=\"article\" \/>\n<meta property=\"og:title\" content=\"Zintegruj aplikacj\u0119 Banner ze stron\u0105 Wix. Szybko i za darmo (2025)\" \/>\n<meta property=\"og:description\" content=\"Umie\u015b\u0107 przyjazn\u0105 dla u\u017cytkownika aplikacj\u0119 Wix Banner na swojej stronie. Skorzystaj z por\u0119cznej wersji demonstracyjnej Elfsight i stw\u00f3rz sw\u00f3j wspania\u0142y baner w kilka prostych minut\" \/>\n<meta property=\"og:url\" content=\"https:\/\/elfsight.com\/pl\/banner-widget\/wix\/\" \/>\n<meta property=\"og:site_name\" content=\"Elfsight PL\" \/>\n<meta property=\"article:modified_time\" content=\"2024-11-14T08:47:06+00:00\" \/>\n<meta name=\"twitter:card\" content=\"summary_large_image\" \/>\n<meta name=\"twitter:label1\" content=\"Szacowany czas czytania\" \/>\n\t<meta name=\"twitter:data1\" content=\"2 minuty\" \/>\n<!-- \/ Yoast SEO plugin. -->","yoast_head_json":{"title":"Zintegruj aplikacj\u0119 Banner ze stron\u0105 Wix. Szybko i za darmo (2025)","description":"Umie\u015b\u0107 przyjazn\u0105 dla u\u017cytkownika aplikacj\u0119 Wix Banner na swojej stronie. Skorzystaj z por\u0119cznej wersji demonstracyjnej Elfsight i stw\u00f3rz sw\u00f3j wspania\u0142y baner w kilka prostych minut","robots":{"index":"index","follow":"follow","max-snippet":"max-snippet:-1","max-image-preview":"max-image-preview:large","max-video-preview":"max-video-preview:-1"},"canonical":"https:\/\/elfsight.com\/pl\/banner-widget\/wix\/","og_locale":"pl_PL","og_type":"article","og_title":"Zintegruj aplikacj\u0119 Banner ze stron\u0105 Wix. Szybko i za darmo (2025)","og_description":"Umie\u015b\u0107 przyjazn\u0105 dla u\u017cytkownika aplikacj\u0119 Wix Banner na swojej stronie. Skorzystaj z por\u0119cznej wersji demonstracyjnej Elfsight i stw\u00f3rz sw\u00f3j wspania\u0142y baner w kilka prostych minut","og_url":"https:\/\/elfsight.com\/pl\/banner-widget\/wix\/","og_site_name":"Elfsight PL","article_modified_time":"2024-11-14T08:47:06+00:00","twitter_card":"summary_large_image","twitter_misc":{"Szacowany czas czytania":"2 minuty"},"schema":{"@context":"https:\/\/schema.org","@graph":[{"@type":"WebPage","@id":"https:\/\/elfsight.com\/pl\/banner-widget\/wix\/","url":"https:\/\/elfsight.com\/pl\/banner-widget\/wix\/","name":"Zintegruj aplikacj\u0119 Banner ze stron\u0105 Wix. Szybko i za darmo (2025)","isPartOf":{"@id":"https:\/\/elfsight.com\/pl\/#website"},"datePublished":"2024-05-03T06:29:45+00:00","dateModified":"2024-11-14T08:47:06+00:00","description":"Umie\u015b\u0107 przyjazn\u0105 dla u\u017cytkownika aplikacj\u0119 Wix Banner na swojej stronie. Skorzystaj z por\u0119cznej wersji demonstracyjnej Elfsight i stw\u00f3rz sw\u00f3j wspania\u0142y baner w kilka prostych minut","breadcrumb":{"@id":"https:\/\/elfsight.com\/pl\/banner-widget\/wix\/#breadcrumb"},"inLanguage":"pl-PL","potentialAction":[{"@type":"ReadAction","target":["https:\/\/elfsight.com\/pl\/banner-widget\/wix\/"]}]},{"@type":"BreadcrumbList","@id":"https:\/\/elfsight.com\/pl\/banner-widget\/wix\/#breadcrumb","itemListElement":[{"@type":"ListItem","position":1,"name":"Home","item":"https:\/\/elfsight.com\/pl\/"},{"@type":"ListItem","position":2,"name":"Banner","item":"https:\/\/elfsight.com\/pl\/banner-widget\/"},{"@type":"ListItem","position":3,"name":"Banner &#8211; Wix"}]},{"@type":"WebSite","@id":"https:\/\/elfsight.com\/pl\/#website","url":"https:\/\/elfsight.com\/pl\/","name":"Elfsight PL","description":"Just another Elfsight Sites site","potentialAction":[{"@type":"SearchAction","target":{"@type":"EntryPoint","urlTemplate":"https:\/\/elfsight.com\/pl\/?s={search_term_string}"},"query-input":{"@type":"PropertyValueSpecification","valueRequired":true,"valueName":"search_term_string"}}],"inLanguage":"pl-PL"}]}},"meta_box":{"industry":"","seo_heading":"","heading":"","description":"","cta_heading":"","cta_description":"","application":"3337","h1":"Aplikacja Wix Banner","h1_caption":"Wy\u015bwietlaj konfigurowalne banery na swojej stronie internetowej, aby bez wysi\u0142ku promowa\u0107 oferty, og\u0142asza\u0107 wydarzenia lub zwraca\u0107 uwag\u0119 na kluczowe tre\u015bci na swojej stronie Wix.","application_category":[],"applications_title":"","applications_request_title":"","applications_request_button_text":"","hero_text":"","hero_video":"","hero_video_schema_markup":"","selling_points_title":"","selling_points_caption":"","selling_points":[],"selling_points_cta_text":"","features_title":"","features":"","ed_cta_examples_text":"","ed_cta_examples_hidden":"","ed_cta_demo_text":"","ed_cta_demo_hidden":"","why_caption":"","why_editor_title":"","why_editor_text":"","why_team_title":"","why_team_text":"","why_service_title":"","why_service_text":"","template_catalog_visible":"","template_catalog_title":"","template_catalog_text":"","template_catalog_categories_visible":"","demo_title":"Utw\u00f3rz aplikacj\u0119 banerow\u0105","demo_caption":"Skonfiguruj sw\u00f3j baner i dodaj go do swojej witryny Wix za darmo!","default_faq_hidden":"","app_template_category":[],"platform":"30","template_public_id":"","codecanyon_url":"","codecanyon_item_id":"","codecanyon_price":"","pricing_caption":"","pricing_elfsight_apps_hide_column":"","pricing_elfsight_apps_url":"","pricing_codecanyon_price_caption":"","integration_category":[],"integration_request_title":"","integration_request_cta":"","integration_platform":"","integrations":[],"platform_category":[],"video_schema_markup":"","price":"od 0 USD \/ miesi\u0105c","trial":"","benefits":[{"text":"Bezp\u0142atna us\u0142uga monta\u017cu"},{"text":"Wsparcie premium"},{"text":"14-dniowa gwarancja zwrotu pieni\u0119dzy"}],"button_url":"#demo","button_target_blank":"","button_nofollow":"","attributes":[{"name":"Instaluje"},{"name":"Czu\u0142y"},{"name":"Kompatybilne przegl\u0105darki"}],"tags":[],"tags_disable_links":"","hide_more_platforms":"","video_object":"","demo_hide_cta":"","demo_hide_cloud_options":"","pricing_title":"","pricing":[{"pricing_icon":"platform","pricing_title":"Elfsight Apps","pricing_title_caption":"Wersja niezale\u017cna od platformy, kt\u00f3ra pasuje do ka\u017cdej witryny internetowej","pricing_price":"od 0 USD \/ miesi\u0105c","pricing_price_caption":"zacznij od bezp\u0142atnego planu","pricing_benefits":[{"text":"Nielimitowane domeny"},{"text":"Profesjonalne wsparcie"},{"text":"Bezp\u0142atna us\u0142uga monta\u017cu"},{"text":"100% konfigurowalny"}],"pricing_button_text":"Dodaj do witryny","pricing_button_url":"#demo"}],"related_apps_title":"","related_apps_hidden":"","author":"","image":[],"title":"","job":"","social_networks":[]},"_links":{"self":[{"href":"https:\/\/elfsight.com\/pl\/wp-json\/wp\/v2\/pages\/4359","targetHints":{"allow":["GET"]}}],"collection":[{"href":"https:\/\/elfsight.com\/pl\/wp-json\/wp\/v2\/pages"}],"about":[{"href":"https:\/\/elfsight.com\/pl\/wp-json\/wp\/v2\/types\/page"}],"author":[{"embeddable":true,"href":"https:\/\/elfsight.com\/pl\/wp-json\/wp\/v2\/users\/9"}],"replies":[{"embeddable":true,"href":"https:\/\/elfsight.com\/pl\/wp-json\/wp\/v2\/comments?post=4359"}],"version-history":[{"count":1,"href":"https:\/\/elfsight.com\/pl\/wp-json\/wp\/v2\/pages\/4359\/revisions"}],"predecessor-version":[{"id":4363,"href":"https:\/\/elfsight.com\/pl\/wp-json\/wp\/v2\/pages\/4359\/revisions\/4363"}],"up":[{"embeddable":true,"href":"https:\/\/elfsight.com\/pl\/wp-json\/wp\/v2\/pages\/3372"}],"wp:attachment":[{"href":"https:\/\/elfsight.com\/pl\/wp-json\/wp\/v2\/media?parent=4359"}],"curies":[{"name":"wp","href":"https:\/\/api.w.org\/{rel}","templated":true}]}}