{"id":4343,"date":"2024-05-03T06:29:37","date_gmt":"2024-05-03T06:29:37","guid":{"rendered":"https:\/\/elfsight.com\/pl\/?page_id=4343"},"modified":"2024-11-14T09:21:52","modified_gmt":"2024-11-14T09:21:52","slug":"bigcommerce","status":"publish","type":"page","link":"https:\/\/elfsight.com\/pl\/background-music-widget\/bigcommerce\/","title":{"rendered":"Background Music &#8211; BigCommerce"},"content":{"rendered":"<div class=\"application-platform-content-item-description application-platform-content-item\" id=\"description\" data-nav-section=\"description\"> <h2>Opis<\/h2> <p>Elfsight Muzyka w tle to nieskomplikowany widget dla witryn BigCommerce, umo\u017cliwiaj\u0105cy strumieniowe przesy\u0142anie \u015bcie\u017cek audio bezpo\u015brednio na strony Twojej witryny. Wtyczka ma ogromne mo\u017cliwo\u015bci dostosowywania: mo\u017cesz zmienia\u0107 jej po\u0142o\u017cenie, ustawia\u0107 w dowolnym miejscu strony, zmienia\u0107 jej rozmiar, zmienia\u0107 kolor t\u0142a i innych element\u00f3w, aby dopasowa\u0107 je do projektu witryny, stosowa\u0107 ciemn\u0105 kolorystyk\u0119, pokazywa\u0107 ok\u0142adki oraz demonstrowa\u0107 lub ukrywa\u0107 4 inne dane gracza, na przyk\u0142ad pasek post\u0119pu, tytu\u0142 i wiele innych. Prze\u015blij tyle utwor\u00f3w, ile chcesz, aby zapewni\u0107 rozrywk\u0119 u\u017cytkownikom, w\u0142\u0105cz opcj\u0119 automatycznego odtwarzania i nie wahaj si\u0119 \u2013 Twoi odbiorcy nie opuszcz\u0105 Twojej witryny w po\u015bpiechu!<\/p> <p><b>Zwi\u0119ksz efektywno\u015b\u0107 swojej witryny do cel\u00f3w e-commerce za pomoc\u0105 odtwarzacza muzyki w tle<\/b><\/p> <\/div> <div class=\"application-platform-content-item-features application-platform-content-item\" id=\"features\" data-nav-section=\"features\"> <h2>Najcenniejsza oferta funkcji widget\u00f3w<\/h2> <ul><li>Nieograniczona warianty kolorystyczne<\/li><li>Motyw ciemnego\/jasnego koloru<\/li><li>Responsywny projekt<\/li><li>Dost\u0119pne dwa uk\u0142ady<\/li><li>Mo\u017cliwo\u015b\u0107 do\u0142\u0105czenia obrazu t\u0142a<\/li> <\/ul><p><a href=\"#demo\">Pe\u0142n\u0105 funkcjonalno\u015b\u0107 wid\u017cetu znajdziesz w poni\u017cszej wersji demonstracyjnej<\/a><\/p> <\/div> <div class=\"application-platform-content-item-installation application-platform-content-item\" id=\"installation\" data-nav-section=\"installation\"> <h2>Jak osadzi\u0107 muzyk\u0119 w tle Elfsight w mojej witrynie BigCommerce? <\/h2> <div class=\"video-container\"><iframe width=\"720\" height=\"405\" src=\"https:\/\/www.youtube.com\/embed\/q5N8JmH1UGw\" frameborder=\"0\" allowfullscreen><\/iframe><\/div><p>Wystarczy zastosowa\u0107 si\u0119 do poni\u017cszych instrukcji, aby osadzi\u0107 wid\u017cet. <\/p> <ol><li><b>Skorzystaj z naszej bezp\u0142atnej wersji demonstracyjnej i zacznij tworzy\u0107 sw\u00f3j w\u0142asny widget. <\/b><br> Znajd\u017a odpowiedni projekt i charakterystyk\u0119 wid\u017cetu i zapisz wszystkie poprawki. <\/li> <li><b>Uzyskaj indywidualny kod wy\u015bwietlony w oknie aplikacji Elfsight. <\/b><br> Po zako\u0144czeniu konfiguracji wid\u017cetu skopiuj indywidualny kod z wy\u015bwietlonego okna i zapisz go do wykorzystania w przysz\u0142o\u015bci. <\/li> <li><b>Zacznij korzysta\u0107 z wid\u017cetu na swojej stronie BigCommerce. <\/b><br> Umie\u015b\u0107 zapisany wcze\u015bniej kod na swojej stronie i zapisz ulepszenia. <\/li> <li><b>Konfiguracja zosta\u0142a w pe\u0142ni uko\u0144czona. <\/b><br> Otw\u00f3rz swoj\u0105 witryn\u0119, aby sprawdzi\u0107 dzia\u0142anie wid\u017cetu. <\/li><\/ol><p>Je\u015bli masz pytania lub napotkasz przeszkody, skontaktuj si\u0119 z naszym zespo\u0142em pomocy. Nasi specjali\u015bci ch\u0119tnie pomog\u0105 Ci we wszystkich trudno\u015bciach, jakie mo\u017cesz mie\u0107 z produktem. <\/p> <\/div>","protected":false},"excerpt":{"rendered":"","protected":false},"author":9,"featured_media":0,"parent":3419,"menu_order":0,"comment_status":"closed","ping_status":"closed","template":"templates\/template-application-platform.php","meta":{"publish_to_discourse":"","publish_post_category":"","wpdc_auto_publish_overridden":"","wpdc_topic_tags":"","wpdc_pin_topic":"","wpdc_pin_until":"","discourse_post_id":"","discourse_permalink":"","wpdc_publishing_response":"","wpdc_publishing_error":"","footnotes":""},"class_list":["post-4343","page","type-page","status-publish","hentry"],"yoast_head":"<!-- This site is optimized with the Yoast SEO plugin v25.3.1 - https:\/\/yoast.com\/wordpress\/plugins\/seo\/ -->\n<title>Odtwarzacz muzyki w tle dla witryny BigCommerce (bezp\u0142atny i bez kodowania)<\/title>\n<meta name=\"description\" content=\"Umie\u015b\u0107 adaptacyjny wid\u017cet Audio w tle w swojej witrynie BigCommerce. Skorzystaj z \u0142atwej w zarz\u0105dzaniu wersji demonstracyjnej i utw\u00f3rz spersonalizowany widget w zaledwie 2 minuty.\" \/>\n<meta name=\"robots\" content=\"index, follow, max-snippet:-1, max-image-preview:large, max-video-preview:-1\" \/>\n<link rel=\"canonical\" href=\"https:\/\/elfsight.com\/pl\/background-music-widget\/bigcommerce\/\" \/>\n<meta property=\"og:locale\" content=\"pl_PL\" \/>\n<meta property=\"og:type\" content=\"article\" \/>\n<meta property=\"og:title\" content=\"Odtwarzacz muzyki w tle dla witryny BigCommerce (bezp\u0142atny i bez kodowania)\" \/>\n<meta property=\"og:description\" content=\"Umie\u015b\u0107 adaptacyjny wid\u017cet Audio w tle w swojej witrynie BigCommerce. Skorzystaj z \u0142atwej w zarz\u0105dzaniu wersji demonstracyjnej i utw\u00f3rz spersonalizowany widget w zaledwie 2 minuty.\" \/>\n<meta property=\"og:url\" content=\"https:\/\/elfsight.com\/pl\/background-music-widget\/bigcommerce\/\" \/>\n<meta property=\"og:site_name\" content=\"Elfsight PL\" \/>\n<meta property=\"article:modified_time\" content=\"2024-11-14T09:21:52+00:00\" \/>\n<meta name=\"twitter:card\" content=\"summary_large_image\" \/>\n<meta name=\"twitter:label1\" content=\"Szacowany czas czytania\" \/>\n\t<meta name=\"twitter:data1\" content=\"2 minuty\" \/>\n<!-- \/ Yoast SEO plugin. -->","yoast_head_json":{"title":"Odtwarzacz muzyki w tle dla witryny BigCommerce (bezp\u0142atny i bez kodowania)","description":"Umie\u015b\u0107 adaptacyjny wid\u017cet Audio w tle w swojej witrynie BigCommerce. Skorzystaj z \u0142atwej w zarz\u0105dzaniu wersji demonstracyjnej i utw\u00f3rz spersonalizowany widget w zaledwie 2 minuty.","robots":{"index":"index","follow":"follow","max-snippet":"max-snippet:-1","max-image-preview":"max-image-preview:large","max-video-preview":"max-video-preview:-1"},"canonical":"https:\/\/elfsight.com\/pl\/background-music-widget\/bigcommerce\/","og_locale":"pl_PL","og_type":"article","og_title":"Odtwarzacz muzyki w tle dla witryny BigCommerce (bezp\u0142atny i bez kodowania)","og_description":"Umie\u015b\u0107 adaptacyjny wid\u017cet Audio w tle w swojej witrynie BigCommerce. Skorzystaj z \u0142atwej w zarz\u0105dzaniu wersji demonstracyjnej i utw\u00f3rz spersonalizowany widget w zaledwie 2 minuty.","og_url":"https:\/\/elfsight.com\/pl\/background-music-widget\/bigcommerce\/","og_site_name":"Elfsight PL","article_modified_time":"2024-11-14T09:21:52+00:00","twitter_card":"summary_large_image","twitter_misc":{"Szacowany czas czytania":"2 minuty"},"schema":{"@context":"https:\/\/schema.org","@graph":[{"@type":"WebPage","@id":"https:\/\/elfsight.com\/pl\/background-music-widget\/bigcommerce\/","url":"https:\/\/elfsight.com\/pl\/background-music-widget\/bigcommerce\/","name":"Odtwarzacz muzyki w tle dla witryny BigCommerce (bezp\u0142atny i bez kodowania)","isPartOf":{"@id":"https:\/\/elfsight.com\/pl\/#website"},"datePublished":"2024-05-03T06:29:37+00:00","dateModified":"2024-11-14T09:21:52+00:00","description":"Umie\u015b\u0107 adaptacyjny wid\u017cet Audio w tle w swojej witrynie BigCommerce. Skorzystaj z \u0142atwej w zarz\u0105dzaniu wersji demonstracyjnej i utw\u00f3rz spersonalizowany widget w zaledwie 2 minuty.","breadcrumb":{"@id":"https:\/\/elfsight.com\/pl\/background-music-widget\/bigcommerce\/#breadcrumb"},"inLanguage":"pl-PL","potentialAction":[{"@type":"ReadAction","target":["https:\/\/elfsight.com\/pl\/background-music-widget\/bigcommerce\/"]}]},{"@type":"BreadcrumbList","@id":"https:\/\/elfsight.com\/pl\/background-music-widget\/bigcommerce\/#breadcrumb","itemListElement":[{"@type":"ListItem","position":1,"name":"Home","item":"https:\/\/elfsight.com\/pl\/"},{"@type":"ListItem","position":2,"name":"Background Music","item":"https:\/\/elfsight.com\/pl\/background-music-widget\/"},{"@type":"ListItem","position":3,"name":"Background Music &#8211; BigCommerce"}]},{"@type":"WebSite","@id":"https:\/\/elfsight.com\/pl\/#website","url":"https:\/\/elfsight.com\/pl\/","name":"Elfsight PL","description":"Just another Elfsight Sites site","potentialAction":[{"@type":"SearchAction","target":{"@type":"EntryPoint","urlTemplate":"https:\/\/elfsight.com\/pl\/?s={search_term_string}"},"query-input":{"@type":"PropertyValueSpecification","valueRequired":true,"valueName":"search_term_string"}}],"inLanguage":"pl-PL"}]}},"meta_box":{"industry":"","seo_heading":"","heading":"","description":"","cta_heading":"","cta_description":"","application":"3335","h1":"Aplikacja z muzyk\u0105 w tle BigCommerce","h1_caption":"Dodaj muzyk\u0119 w tle do swojej witryny, tworz\u0105c wci\u0105gaj\u0105ce wra\u017cenia dla odwiedzaj\u0105cych Twoj\u0105 witryn\u0119 BigCommerce bez wysi\u0142ku.","application_category":[],"applications_title":"","applications_request_title":"","applications_request_button_text":"","hero_text":"","hero_video":"","hero_video_schema_markup":"","selling_points_title":"","selling_points_caption":"","selling_points":[],"selling_points_cta_text":"","features_title":"","features":"","ed_cta_examples_text":"","ed_cta_examples_hidden":"","ed_cta_demo_text":"","ed_cta_demo_hidden":"","why_caption":"","why_editor_title":"","why_editor_text":"","why_team_title":"","why_team_text":"","why_service_title":"","why_service_text":"","template_catalog_visible":"","template_catalog_title":"","template_catalog_text":"","template_catalog_categories_visible":"","demo_title":"Utw\u00f3rz aplikacj\u0119 z muzyk\u0105 w tle","demo_caption":"Skonfiguruj muzyk\u0119 w tle i dodaj j\u0105 do swojej witryny BigCommerce za darmo!","default_faq_hidden":"","app_template_category":[],"platform":"41","template_public_id":"","codecanyon_url":"","codecanyon_item_id":"","codecanyon_price":"","pricing_caption":"","pricing_elfsight_apps_hide_column":"","pricing_elfsight_apps_url":"","pricing_codecanyon_price_caption":"","integration_category":[],"integration_request_title":"","integration_request_cta":"","integration_platform":"","integrations":[],"platform_category":[],"video_schema_markup":"","price":"od 0 USD \/ miesi\u0105c","trial":"","benefits":[{"text":"Bezp\u0142atna pomoc w instalacji"},{"text":"Profesjonalna obs\u0142uga klienta"},{"text":"14-dniowa gwarancja zwrotu pieni\u0119dzy"}],"button_url":"#demo","button_target_blank":"","button_nofollow":"","attributes":[{"name":"Instaluje"},{"name":"Czu\u0142y"},{"name":"Kompatybilne przegl\u0105darki"}],"tags":[],"tags_disable_links":"","hide_more_platforms":"","video_object":"","demo_hide_cta":"","demo_hide_cloud_options":"","pricing_title":"","pricing":[{"pricing_icon":"platform","pricing_title":"Elfsight Apps","pricing_title_caption":"Niezale\u017cne od platformy rozwi\u0105zanie cyfrowe, kt\u00f3re dzia\u0142a na ka\u017cdej stronie internetowej","pricing_price":"od 0 USD \/ miesi\u0105c","pricing_price_caption":"zacznij od bezp\u0142atnego planu","pricing_benefits":[{"text":"Nielimitowane strony internetowe"},{"text":"Bezp\u0142atna obs\u0142uga klienta i dobrze udokumentowana"},{"text":"Bezp\u0142atna pomoc w instalacji"},{"text":"W pe\u0142ni konfigurowalny"}],"pricing_button_text":"Dodaj do witryny","pricing_button_url":"#demo"}],"related_apps_title":"","related_apps_hidden":"","author":"","image":[],"title":"","job":"","social_networks":[]},"_links":{"self":[{"href":"https:\/\/elfsight.com\/pl\/wp-json\/wp\/v2\/pages\/4343","targetHints":{"allow":["GET"]}}],"collection":[{"href":"https:\/\/elfsight.com\/pl\/wp-json\/wp\/v2\/pages"}],"about":[{"href":"https:\/\/elfsight.com\/pl\/wp-json\/wp\/v2\/types\/page"}],"author":[{"embeddable":true,"href":"https:\/\/elfsight.com\/pl\/wp-json\/wp\/v2\/users\/9"}],"replies":[{"embeddable":true,"href":"https:\/\/elfsight.com\/pl\/wp-json\/wp\/v2\/comments?post=4343"}],"version-history":[{"count":2,"href":"https:\/\/elfsight.com\/pl\/wp-json\/wp\/v2\/pages\/4343\/revisions"}],"predecessor-version":[{"id":7670,"href":"https:\/\/elfsight.com\/pl\/wp-json\/wp\/v2\/pages\/4343\/revisions\/7670"}],"up":[{"embeddable":true,"href":"https:\/\/elfsight.com\/pl\/wp-json\/wp\/v2\/pages\/3419"}],"wp:attachment":[{"href":"https:\/\/elfsight.com\/pl\/wp-json\/wp\/v2\/media?parent=4343"}],"curies":[{"name":"wp","href":"https:\/\/api.w.org\/{rel}","templated":true}]}}