{"id":4342,"date":"2024-05-03T06:29:36","date_gmt":"2024-05-03T06:29:36","guid":{"rendered":"https:\/\/elfsight.com\/pl\/?page_id=4342"},"modified":"2025-06-23T08:55:18","modified_gmt":"2025-06-23T08:55:18","slug":"blogger","status":"publish","type":"page","link":"https:\/\/elfsight.com\/pl\/background-music-widget\/blogger\/","title":{"rendered":"Background Music &#8211; Blogger"},"content":{"rendered":"<div class=\"application-platform-content-item-description application-platform-content-item\" id=\"description\" data-nav-section=\"description\">\n<h2>Opis<\/h2>\n<p>Elfsight Muzyka w tle to nieskomplikowany widget dla witryn Bloggera, umo\u017cliwiaj\u0105cy strumieniowe przesy\u0142anie \u015bcie\u017cek audio bezpo\u015brednio na strony Twojej witryny. Wtyczka jest w pe\u0142ni konfigurowalna: mo\u017cesz dowolnie zmienia\u0107 jej po\u0142o\u017cenie, wstawia\u0107 j\u0105 w dowolnym miejscu strony, zmienia\u0107 jej rozmiar, zmienia\u0107 kolor t\u0142a i wszystkich innych element\u00f3w, aby po\u0142\u0105czy\u0107 je z projektem witryny, u\u017cywa\u0107 ciemnej kolorystyki, demonstrowa\u0107 obrazy i wy\u015bwietla\u0107 lub ukryj 4 inne dane gracza, na przyk\u0142ad pasek post\u0119pu, nag\u0142\u00f3wek i wiele innych. Do\u0142\u0105cz tyle utwor\u00f3w, ile potrzebujesz, aby zaanga\u017cowa\u0107 u\u017cytkownik\u00f3w, w\u0142\u0105cz opcj\u0119 autoodtwarzania i miej pewno\u015b\u0107, \u017ce Twoi u\u017cytkownicy nie opuszcz\u0105 Twojej strony w po\u015bpiechu!<\/p>\n<p><b>Dzi\u0119ki muzyce w tle Elfsight mo\u017cesz aktywnie rozwija\u0107 biznes i zwi\u0119ksza\u0107 sprzeda\u017c.<\/b><\/p>\n<\/div>\n\n<div class=\"application-platform-content-item-features application-platform-content-item\" id=\"features\" data-nav-section=\"features\">\n<h2>Najcenniejsze funkcje widgetu obejmuj\u0105<\/h2>\n<ul>\n    <li>R\u00f3\u017cne warianty kolorystyczne;<\/li>\n    <li>Schemat kolor\u00f3w ciemny\/jasny;<\/li>\n    <li>Elastyczny projekt;<\/li>\n    <li>Dost\u0119pne 2 uk\u0142ady;<\/li>\n    <li>Opcja do\u0142\u0105czenia obrazu t\u0142a.<\/li>\n<\/ul>\n<p><a href=\"#demo\">Mo\u017cesz sprawdzi\u0107, co oferuje wid\u017cet, korzystaj\u0105c z wersji demonstracyjnej<\/a><\/p>\n<\/div>\n\n<div class=\"application-platform-content-item-installation application-platform-content-item\" id=\"installation\" data-nav-section=\"installation\">\n<h2>Jak doda\u0107 muzyk\u0119 w tle do witryny Bloggera?<\/h2>\n<div class=\"video-container\"><iframe width=\"720\" height=\"405\" src=\"https:\/\/www.youtube.com\/embed\/46K2-X1_770\" frameborder=\"0\" allowfullscreen><\/iframe><\/div>\n<p>Wystarczy wykona\u0107 kilka krok\u00f3w przedstawionych poni\u017cej, aby zintegrowa\u0107 wid\u017cet.<\/p>\n<ol>\n    <li><b>Skorzystaj z naszej bezp\u0142atnej wersji demonstracyjnej i zacznij tworzy\u0107 w\u0142asn\u0105 wtyczk\u0119.<\/b><br>Wybierz odpowiedni interfejs i charakterystyk\u0119 narz\u0119dzia i zapisz zmiany.<\/li>\n    <li><b>Odbierz indywidualny kod pokazany w polu w aplikacjach Elfsight<\/b><br>Po zako\u0144czeniu konfiguracji wid\u017cetu skopiuj indywidualny kod z wy\u015bwietlonego okna i zapisz go do dalsze u\u017cytkowanie.<\/li>\n    <li><b>Rozpocznij stosowanie narz\u0119dzia na swojej stronie internetowej Bloggera<\/b><br>Wklej ostatnio zapisany kod na swojej stronie internetowej i zapisz zmiany.<\/li>\n    <li><b>Gotowe! Konfiguracja zosta\u0142a ca\u0142kowicie zako\u0144czona.<\/b><br>Przejd\u017a do witryny, aby sprawdzi\u0107, jak dzia\u0142a narz\u0119dzie.<\/li>\n<\/ol>\n<p>W przypadku pyta\u0144 lub napotkania jakichkolwiek przeszk\u00f3d nie wahaj si\u0119 skontaktowa\u0107 z naszym dzia\u0142em obs\u0142ugi klienta. Nasi konsultanci ch\u0119tnie odpowiedz\u0105 na wszystkie pytania dotycz\u0105ce tego narz\u0119dzia.<\/p>\n<\/div>","protected":false},"excerpt":{"rendered":"","protected":false},"author":9,"featured_media":0,"parent":3419,"menu_order":0,"comment_status":"closed","ping_status":"closed","template":"templates\/template-application-platform.php","meta":{"publish_to_discourse":"","publish_post_category":"","wpdc_auto_publish_overridden":"","wpdc_topic_tags":"","wpdc_pin_topic":"","wpdc_pin_until":"","discourse_post_id":"","discourse_permalink":"","wpdc_publishing_response":"","wpdc_publishing_error":"","footnotes":""},"class_list":["post-4342","page","type-page","status-publish","hentry"],"yoast_head":"<!-- This site is optimized with the Yoast SEO plugin v25.3.1 - https:\/\/yoast.com\/wordpress\/plugins\/seo\/ -->\n<title>Odtwarzacz muzyki w tle dla witryny Bloggera (bezp\u0142atny i bez kodowania)<\/title>\n<meta name=\"description\" content=\"Zintegruj adaptacyjny odtwarzacz d\u017awi\u0119ku w tle na swojej stronie. Dodaj automatycznie odtwarzan\u0105 muzyk\u0119 w tle w Bloggerze. Zbuduj sw\u00f3j unikalny widget w ci\u0105gu zaledwie kilku minut!\" \/>\n<meta name=\"robots\" content=\"index, follow, max-snippet:-1, max-image-preview:large, max-video-preview:-1\" \/>\n<link rel=\"canonical\" href=\"https:\/\/elfsight.com\/pl\/background-music-widget\/blogger\/\" \/>\n<meta property=\"og:locale\" content=\"pl_PL\" \/>\n<meta property=\"og:type\" content=\"article\" \/>\n<meta property=\"og:title\" content=\"Odtwarzacz muzyki w tle dla witryny Bloggera (bezp\u0142atny i bez kodowania)\" \/>\n<meta property=\"og:description\" content=\"Zintegruj adaptacyjny odtwarzacz d\u017awi\u0119ku w tle na swojej stronie. Dodaj automatycznie odtwarzan\u0105 muzyk\u0119 w tle w Bloggerze. Zbuduj sw\u00f3j unikalny widget w ci\u0105gu zaledwie kilku minut!\" \/>\n<meta property=\"og:url\" content=\"https:\/\/elfsight.com\/pl\/background-music-widget\/blogger\/\" \/>\n<meta property=\"og:site_name\" content=\"Elfsight PL\" \/>\n<meta property=\"article:modified_time\" content=\"2025-06-23T08:55:18+00:00\" \/>\n<meta name=\"twitter:card\" content=\"summary_large_image\" \/>\n<meta name=\"twitter:label1\" content=\"Szacowany czas czytania\" \/>\n\t<meta name=\"twitter:data1\" content=\"2 minuty\" \/>\n<!-- \/ Yoast SEO plugin. -->","yoast_head_json":{"title":"Odtwarzacz muzyki w tle dla witryny Bloggera (bezp\u0142atny i bez kodowania)","description":"Zintegruj adaptacyjny odtwarzacz d\u017awi\u0119ku w tle na swojej stronie. Dodaj automatycznie odtwarzan\u0105 muzyk\u0119 w tle w Bloggerze. Zbuduj sw\u00f3j unikalny widget w ci\u0105gu zaledwie kilku minut!","robots":{"index":"index","follow":"follow","max-snippet":"max-snippet:-1","max-image-preview":"max-image-preview:large","max-video-preview":"max-video-preview:-1"},"canonical":"https:\/\/elfsight.com\/pl\/background-music-widget\/blogger\/","og_locale":"pl_PL","og_type":"article","og_title":"Odtwarzacz muzyki w tle dla witryny Bloggera (bezp\u0142atny i bez kodowania)","og_description":"Zintegruj adaptacyjny odtwarzacz d\u017awi\u0119ku w tle na swojej stronie. Dodaj automatycznie odtwarzan\u0105 muzyk\u0119 w tle w Bloggerze. Zbuduj sw\u00f3j unikalny widget w ci\u0105gu zaledwie kilku minut!","og_url":"https:\/\/elfsight.com\/pl\/background-music-widget\/blogger\/","og_site_name":"Elfsight PL","article_modified_time":"2025-06-23T08:55:18+00:00","twitter_card":"summary_large_image","twitter_misc":{"Szacowany czas czytania":"2 minuty"},"schema":{"@context":"https:\/\/schema.org","@graph":[{"@type":"WebPage","@id":"https:\/\/elfsight.com\/pl\/background-music-widget\/blogger\/","url":"https:\/\/elfsight.com\/pl\/background-music-widget\/blogger\/","name":"Odtwarzacz muzyki w tle dla witryny Bloggera (bezp\u0142atny i bez kodowania)","isPartOf":{"@id":"https:\/\/elfsight.com\/pl\/#website"},"datePublished":"2024-05-03T06:29:36+00:00","dateModified":"2025-06-23T08:55:18+00:00","description":"Zintegruj adaptacyjny odtwarzacz d\u017awi\u0119ku w tle na swojej stronie. Dodaj automatycznie odtwarzan\u0105 muzyk\u0119 w tle w Bloggerze. Zbuduj sw\u00f3j unikalny widget w ci\u0105gu zaledwie kilku minut!","breadcrumb":{"@id":"https:\/\/elfsight.com\/pl\/background-music-widget\/blogger\/#breadcrumb"},"inLanguage":"pl-PL","potentialAction":[{"@type":"ReadAction","target":["https:\/\/elfsight.com\/pl\/background-music-widget\/blogger\/"]}]},{"@type":"BreadcrumbList","@id":"https:\/\/elfsight.com\/pl\/background-music-widget\/blogger\/#breadcrumb","itemListElement":[{"@type":"ListItem","position":1,"name":"Home","item":"https:\/\/elfsight.com\/pl\/"},{"@type":"ListItem","position":2,"name":"Background Music","item":"https:\/\/elfsight.com\/pl\/background-music-widget\/"},{"@type":"ListItem","position":3,"name":"Background Music &#8211; Blogger"}]},{"@type":"WebSite","@id":"https:\/\/elfsight.com\/pl\/#website","url":"https:\/\/elfsight.com\/pl\/","name":"Elfsight PL","description":"Just another Elfsight Sites site","potentialAction":[{"@type":"SearchAction","target":{"@type":"EntryPoint","urlTemplate":"https:\/\/elfsight.com\/pl\/?s={search_term_string}"},"query-input":{"@type":"PropertyValueSpecification","valueRequired":true,"valueName":"search_term_string"}}],"inLanguage":"pl-PL"}]}},"meta_box":{"industry":"","seo_heading":"","heading":"","description":"","cta_heading":"","cta_description":"","application":"3335","h1":"Widget Muzyka w tle Bloggera","h1_caption":"Dodaj muzyk\u0119 w tle do swojej witryny, aby bez wysi\u0142ku zapewni\u0107 odwiedzaj\u0105cym witryn\u0119 Bloggera wci\u0105gaj\u0105ce wra\u017cenia.","application_category":[],"applications_title":"","applications_request_title":"","applications_request_button_text":"","hero_text":"","hero_video":"","hero_video_schema_markup":"","selling_points_title":"","selling_points_caption":"","selling_points":[],"selling_points_cta_text":"","features_title":"","features":"","ed_cta_examples_text":"","ed_cta_examples_hidden":"","ed_cta_demo_text":"","ed_cta_demo_hidden":"","why_caption":"","why_editor_title":"","why_editor_text":"","why_team_title":"","why_team_text":"","why_service_title":"","why_service_text":"","template_catalog_visible":"0","template_catalog_title":"","template_catalog_text":"","template_catalog_categories_visible":"","demo_title":"Utw\u00f3rz wid\u017cet Muzyka w tle","demo_caption":"Skonfiguruj muzyk\u0119 w tle i dodaj j\u0105 do swojej witryny Bloggera za darmo!","default_faq_hidden":"","app_template_category":[],"platform":"44","template_public_id":"","codecanyon_url":"","codecanyon_item_id":"","codecanyon_price":"","pricing_caption":"","pricing_elfsight_apps_hide_column":"","pricing_elfsight_apps_url":"","pricing_codecanyon_price_caption":"","integration_category":[],"integration_request_title":"","integration_request_cta":"","integration_platform":"","integrations":[],"platform_category":[],"video_schema_markup":"","price":"od 0 USD \/ miesi\u0105c","trial":"","benefits":[{"text":"Bezp\u0142atna pomoc w monta\u017cu"},{"text":"Wyj\u0105tkowe wsparcie"},{"text":"14-dniowa gwarancja zwrotu pieni\u0119dzy"}],"button_url":"#demo","button_target_blank":"0","button_nofollow":"0","attributes":[{"name":"Instaluje"},{"name":"Czu\u0142y"},{"name":"Kompatybilne przegl\u0105darki"}],"tags":[],"tags_disable_links":"0","hide_more_platforms":"0","video_object":"","demo_hide_cta":"0","demo_hide_cloud_options":"0","pricing_title":"","pricing":[{"pricing_icon":"platform","pricing_title":"Elfsight Apps","pricing_title_caption":"Wersja wieloplatformowa, kt\u00f3ra pasuje do ka\u017cdej witryny","pricing_price":"od 0 USD \/ miesi\u0105c","pricing_price_caption":"zacznij od bezp\u0142atnego planu","pricing_benefits":[{"text":"Nielimitowane strony internetowe"},{"text":"Ca\u0142odobowe i terminowe wsparcie oraz dobrze udokumentowane"},{"text":"Bezp\u0142atne wsparcie instalacyjne"},{"text":"Elastyczny projekt"}],"pricing_button_text":"Dodaj do witryny","pricing_button_url":"#demo"}],"related_apps_title":"","related_apps_hidden":"0","author":"","image":[],"title":"","job":"","social_networks":[]},"_links":{"self":[{"href":"https:\/\/elfsight.com\/pl\/wp-json\/wp\/v2\/pages\/4342","targetHints":{"allow":["GET"]}}],"collection":[{"href":"https:\/\/elfsight.com\/pl\/wp-json\/wp\/v2\/pages"}],"about":[{"href":"https:\/\/elfsight.com\/pl\/wp-json\/wp\/v2\/types\/page"}],"author":[{"embeddable":true,"href":"https:\/\/elfsight.com\/pl\/wp-json\/wp\/v2\/users\/9"}],"replies":[{"embeddable":true,"href":"https:\/\/elfsight.com\/pl\/wp-json\/wp\/v2\/comments?post=4342"}],"version-history":[{"count":3,"href":"https:\/\/elfsight.com\/pl\/wp-json\/wp\/v2\/pages\/4342\/revisions"}],"predecessor-version":[{"id":10213,"href":"https:\/\/elfsight.com\/pl\/wp-json\/wp\/v2\/pages\/4342\/revisions\/10213"}],"up":[{"embeddable":true,"href":"https:\/\/elfsight.com\/pl\/wp-json\/wp\/v2\/pages\/3419"}],"wp:attachment":[{"href":"https:\/\/elfsight.com\/pl\/wp-json\/wp\/v2\/media?parent=4342"}],"curies":[{"name":"wp","href":"https:\/\/api.w.org\/{rel}","templated":true}]}}