{"id":4341,"date":"2024-05-03T06:29:35","date_gmt":"2024-05-03T06:29:35","guid":{"rendered":"https:\/\/elfsight.com\/pl\/?page_id=4341"},"modified":"2024-11-14T09:21:52","modified_gmt":"2024-11-14T09:21:52","slug":"drupal","status":"publish","type":"page","link":"https:\/\/elfsight.com\/pl\/background-music-widget\/drupal\/","title":{"rendered":"Background Music &#8211; Drupal"},"content":{"rendered":"<div class=\"application-platform-content-item-description application-platform-content-item\" id=\"description\" data-nav-section=\"description\"> <h2>Opis<\/h2> <p>Elfsight Muzyka w tle to prosty widget dla Drupala umo\u017cliwiaj\u0105cy strumieniowe przesy\u0142anie \u015bcie\u017cek audio bezpo\u015brednio na strony Twojego strona internetowa. Wtyczka jest niezwykle modyfikowalna: mo\u017cesz zmienia\u0107 jej po\u0142o\u017cenie, osadza\u0107 j\u0105 w dowolnym miejscu strony, zmienia\u0107 jej rozmiar, zmienia\u0107 t\u0142o i inne cz\u0119\u015bci, aby zmiesza\u0107 je ze stylem swojej witryny, stosowa\u0107 ciemn\u0105 kolorystyk\u0119, wy\u015bwietla\u0107 obrazy i wy\u015bwietlaj lub ukrywaj 4 inne elementy odtwarzacza, na przyk\u0142ad pasek post\u0119pu, nag\u0142\u00f3wek i wiele innych. Prze\u015blij tyle utwor\u00f3w, ile chcesz, aby zachwyci\u0107 odwiedzaj\u0105cych, w\u0142\u0105cz autoodtwarzanie i nie wahaj si\u0119 \u2013 Twoi odbiorcy nie opuszcz\u0105 Twojej witryny w po\u015bpiechu!<\/p> <p><b>Wykorzystaj to, co najlepsze w tle Elfsight Muzyka, dzi\u0119ki kt\u00f3rej \u0142atwiej osi\u0105gniesz swoje cele biznesowe! <\/b><\/p> <\/div> <div class=\"application-platform-content-item-features application-platform-content-item\" id=\"features\" data-nav-section=\"features\"> <h2>Sprawd\u017a list\u0119 najwa\u017cniejszych funkcji: <\/h2> <ul><li>Liczne warianty kolorystyczne<\/li><li>Motyw ciemnego\/jasnego koloru<\/li><li>Elastyczny projekt<\/li><li>Dost\u0119pne dwa uk\u0142ady<\/li><li>Opcja u\u017cycia obrazu t\u0142a<\/li><\/ul><p><a href=\"#demo\">Mo\u017cesz sprawdzi\u0107, czy wid\u017cet jest dla Ciebie, wypr\u00f3bowuj\u0105c wersj\u0119 demonstracyjn\u0105<\/a><\/p> <\/div> <div class=\"application-platform-content-item-installation application-platform-content-item\" id=\"installation\" data-nav-section=\"installation\"> <h2>Jak osadzi\u0107 muzyk\u0119 w tle Elfsight na moj\u0105 stron\u0119 Drupal? <\/h2> <div class=\"video-container\"><iframe width=\"720\" height=\"405\" src=\"https:\/\/www.youtube.com\/embed\/F_9QziIdONc\" frameborder=\"0\" allowfullscreen><\/iframe><\/div><p>Wystarczy wykona\u0107 poni\u017csze kroki, aby doda\u0107 wtyczk\u0119. <\/p> <ol><li><b>Skorzystaj z naszej bezp\u0142atnej wersji demonstracyjnej i zacznij tworzy\u0107 sw\u00f3j spersonalizowany modu\u0142. <\/b><br> Wybierz odpowiedni projekt i opcje modu\u0142u oraz zastosuj wszystkie modyfikacje. <\/li> <li><b>Pobierz indywidualny kod pokazany w pude\u0142ku w aplikacjach Elfsight. <\/b><br> Zaraz po zako\u0144czeniu konfiguracji modu\u0142u osobistego skopiuj kod w wy\u015bwietlonym oknie i zachowaj go do wykorzystania w przysz\u0142o\u015bci. <\/li> <li><b>Rozpocznij stosowanie modu\u0142u na swojej stronie Drupal. <\/b><br> Umie\u015b\u0107 zapisany wcze\u015bniej kod w swojej witrynie i zapisz zmiany. <\/li> <li><b>Gotowe! Osadzanie zosta\u0142o w pe\u0142ni wykonane. <\/b><br> Przejd\u017a na swoj\u0105 stron\u0119 internetow\u0105 i sprawd\u017a dzia\u0142anie modu\u0142u. <\/li><\/ol><p>Je\u015bli masz pytania lub napotkasz pewne trudno\u015bci, skontaktuj si\u0119 z naszym zespo\u0142em obs\u0142ugi klienta. Nasi konsultanci ch\u0119tnie odpowiedz\u0105 na wszystkie pytania dotycz\u0105ce narz\u0119dzia. <\/p> <\/div><p><\/p>","protected":false},"excerpt":{"rendered":"","protected":false},"author":9,"featured_media":0,"parent":3419,"menu_order":0,"comment_status":"closed","ping_status":"closed","template":"templates\/template-application-platform.php","meta":{"publish_to_discourse":"","publish_post_category":"","wpdc_auto_publish_overridden":"","wpdc_topic_tags":"","wpdc_pin_topic":"","wpdc_pin_until":"","discourse_post_id":"","discourse_permalink":"","wpdc_publishing_response":"","wpdc_publishing_error":"","footnotes":""},"class_list":["post-4341","page","type-page","status-publish","hentry"],"yoast_head":"<!-- This site is optimized with the Yoast SEO plugin v25.3.1 - https:\/\/yoast.com\/wordpress\/plugins\/seo\/ -->\n<title>Widget Muzyka w tle na stron\u0119 Drupal (bezp\u0142atny i szybki)<\/title>\n<meta name=\"description\" content=\"Zintegruj responsywny odtwarzacz d\u017awi\u0119ku w tle ze swoj\u0105 stron\u0105 internetow\u0105 Drupal. Uruchom pomocne demo i ukszta\u0142tuj w\u0142asny widget w zaledwie 2 minuty.\" \/>\n<meta name=\"robots\" content=\"index, follow, max-snippet:-1, max-image-preview:large, max-video-preview:-1\" \/>\n<link rel=\"canonical\" href=\"https:\/\/elfsight.com\/pl\/background-music-widget\/drupal\/\" \/>\n<meta property=\"og:locale\" content=\"pl_PL\" \/>\n<meta property=\"og:type\" content=\"article\" \/>\n<meta property=\"og:title\" content=\"Widget Muzyka w tle na stron\u0119 Drupal (bezp\u0142atny i szybki)\" \/>\n<meta property=\"og:description\" content=\"Zintegruj responsywny odtwarzacz d\u017awi\u0119ku w tle ze swoj\u0105 stron\u0105 internetow\u0105 Drupal. Uruchom pomocne demo i ukszta\u0142tuj w\u0142asny widget w zaledwie 2 minuty.\" \/>\n<meta property=\"og:url\" content=\"https:\/\/elfsight.com\/pl\/background-music-widget\/drupal\/\" \/>\n<meta property=\"og:site_name\" content=\"Elfsight PL\" \/>\n<meta property=\"article:modified_time\" content=\"2024-11-14T09:21:52+00:00\" \/>\n<meta name=\"twitter:card\" content=\"summary_large_image\" \/>\n<meta name=\"twitter:label1\" content=\"Szacowany czas czytania\" \/>\n\t<meta name=\"twitter:data1\" content=\"2 minuty\" \/>\n<!-- \/ Yoast SEO plugin. -->","yoast_head_json":{"title":"Widget Muzyka w tle na stron\u0119 Drupal (bezp\u0142atny i szybki)","description":"Zintegruj responsywny odtwarzacz d\u017awi\u0119ku w tle ze swoj\u0105 stron\u0105 internetow\u0105 Drupal. Uruchom pomocne demo i ukszta\u0142tuj w\u0142asny widget w zaledwie 2 minuty.","robots":{"index":"index","follow":"follow","max-snippet":"max-snippet:-1","max-image-preview":"max-image-preview:large","max-video-preview":"max-video-preview:-1"},"canonical":"https:\/\/elfsight.com\/pl\/background-music-widget\/drupal\/","og_locale":"pl_PL","og_type":"article","og_title":"Widget Muzyka w tle na stron\u0119 Drupal (bezp\u0142atny i szybki)","og_description":"Zintegruj responsywny odtwarzacz d\u017awi\u0119ku w tle ze swoj\u0105 stron\u0105 internetow\u0105 Drupal. Uruchom pomocne demo i ukszta\u0142tuj w\u0142asny widget w zaledwie 2 minuty.","og_url":"https:\/\/elfsight.com\/pl\/background-music-widget\/drupal\/","og_site_name":"Elfsight PL","article_modified_time":"2024-11-14T09:21:52+00:00","twitter_card":"summary_large_image","twitter_misc":{"Szacowany czas czytania":"2 minuty"},"schema":{"@context":"https:\/\/schema.org","@graph":[{"@type":"WebPage","@id":"https:\/\/elfsight.com\/pl\/background-music-widget\/drupal\/","url":"https:\/\/elfsight.com\/pl\/background-music-widget\/drupal\/","name":"Widget Muzyka w tle na stron\u0119 Drupal (bezp\u0142atny i szybki)","isPartOf":{"@id":"https:\/\/elfsight.com\/pl\/#website"},"datePublished":"2024-05-03T06:29:35+00:00","dateModified":"2024-11-14T09:21:52+00:00","description":"Zintegruj responsywny odtwarzacz d\u017awi\u0119ku w tle ze swoj\u0105 stron\u0105 internetow\u0105 Drupal. Uruchom pomocne demo i ukszta\u0142tuj w\u0142asny widget w zaledwie 2 minuty.","breadcrumb":{"@id":"https:\/\/elfsight.com\/pl\/background-music-widget\/drupal\/#breadcrumb"},"inLanguage":"pl-PL","potentialAction":[{"@type":"ReadAction","target":["https:\/\/elfsight.com\/pl\/background-music-widget\/drupal\/"]}]},{"@type":"BreadcrumbList","@id":"https:\/\/elfsight.com\/pl\/background-music-widget\/drupal\/#breadcrumb","itemListElement":[{"@type":"ListItem","position":1,"name":"Home","item":"https:\/\/elfsight.com\/pl\/"},{"@type":"ListItem","position":2,"name":"Background Music","item":"https:\/\/elfsight.com\/pl\/background-music-widget\/"},{"@type":"ListItem","position":3,"name":"Background Music &#8211; Drupal"}]},{"@type":"WebSite","@id":"https:\/\/elfsight.com\/pl\/#website","url":"https:\/\/elfsight.com\/pl\/","name":"Elfsight PL","description":"Just another Elfsight Sites site","potentialAction":[{"@type":"SearchAction","target":{"@type":"EntryPoint","urlTemplate":"https:\/\/elfsight.com\/pl\/?s={search_term_string}"},"query-input":{"@type":"PropertyValueSpecification","valueRequired":true,"valueName":"search_term_string"}}],"inLanguage":"pl-PL"}]}},"meta_box":{"industry":"","seo_heading":"","heading":"","description":"","cta_heading":"","cta_description":"","application":"3335","h1":"Modu\u0142 muzyki w tle Drupala","h1_caption":"Dodaj muzyk\u0119 w tle do swojej witryny, tworz\u0105c wci\u0105gaj\u0105ce wra\u017cenia dla odwiedzaj\u0105cych Twoj\u0105 witryn\u0119 Drupal bez wysi\u0142ku.","application_category":[],"applications_title":"","applications_request_title":"","applications_request_button_text":"","hero_text":"","hero_video":"","hero_video_schema_markup":"","selling_points_title":"","selling_points_caption":"","selling_points":[],"selling_points_cta_text":"","features_title":"","features":"","ed_cta_examples_text":"","ed_cta_examples_hidden":"","ed_cta_demo_text":"","ed_cta_demo_hidden":"","why_caption":"","why_editor_title":"","why_editor_text":"","why_team_title":"","why_team_text":"","why_service_title":"","why_service_text":"","template_catalog_visible":"","template_catalog_title":"","template_catalog_text":"","template_catalog_categories_visible":"","demo_title":"Utw\u00f3rz modu\u0142 muzyki w tle","demo_caption":"Skonfiguruj muzyk\u0119 w tle i dodaj j\u0105 do swojej witryny Drupal za darmo!","default_faq_hidden":"","app_template_category":[],"platform":"47","template_public_id":"","codecanyon_url":"","codecanyon_item_id":"","codecanyon_price":"","pricing_caption":"","pricing_elfsight_apps_hide_column":"","pricing_elfsight_apps_url":"","pricing_codecanyon_price_caption":"","integration_category":[],"integration_request_title":"","integration_request_cta":"","integration_platform":"","integrations":[],"platform_category":[],"video_schema_markup":"","price":"od 0 USD \/ miesi\u0105c","trial":"","benefits":[{"text":"Bezp\u0142atna pomoc w monta\u017cu"},{"text":"Wsparcie premium"},{"text":"14-dniowa gwarancja zwrotu pieni\u0119dzy"}],"button_url":"#demo","button_target_blank":"","button_nofollow":"","attributes":[{"name":"Instaluje"},{"name":"Czu\u0142y"},{"name":"Kompatybilne przegl\u0105darki"}],"tags":[],"tags_disable_links":"","hide_more_platforms":"","video_object":"","demo_hide_cta":"","demo_hide_cloud_options":"","pricing_title":"","pricing":[{"pricing_icon":"platform","pricing_title":"Elfsight Apps","pricing_title_caption":"Wersja niezale\u017cna od platformy","pricing_price":"od 0 USD \/ miesi\u0105c","pricing_price_caption":"zacznij od bezp\u0142atnego planu","pricing_benefits":[{"text":"Nielimitowane domeny"},{"text":"Bezp\u0142atne wsparcie firmy i dobrze udokumentowane"},{"text":"Bezp\u0142atna pomoc w monta\u017cu"},{"text":"Specjalna oferta na wiele aplikacji"}],"pricing_button_text":"Dodaj do witryny","pricing_button_url":"#demo"}],"related_apps_title":"","related_apps_hidden":"","author":"","image":[],"title":"","job":"","social_networks":[]},"_links":{"self":[{"href":"https:\/\/elfsight.com\/pl\/wp-json\/wp\/v2\/pages\/4341","targetHints":{"allow":["GET"]}}],"collection":[{"href":"https:\/\/elfsight.com\/pl\/wp-json\/wp\/v2\/pages"}],"about":[{"href":"https:\/\/elfsight.com\/pl\/wp-json\/wp\/v2\/types\/page"}],"author":[{"embeddable":true,"href":"https:\/\/elfsight.com\/pl\/wp-json\/wp\/v2\/users\/9"}],"replies":[{"embeddable":true,"href":"https:\/\/elfsight.com\/pl\/wp-json\/wp\/v2\/comments?post=4341"}],"version-history":[{"count":2,"href":"https:\/\/elfsight.com\/pl\/wp-json\/wp\/v2\/pages\/4341\/revisions"}],"predecessor-version":[{"id":7668,"href":"https:\/\/elfsight.com\/pl\/wp-json\/wp\/v2\/pages\/4341\/revisions\/7668"}],"up":[{"embeddable":true,"href":"https:\/\/elfsight.com\/pl\/wp-json\/wp\/v2\/pages\/3419"}],"wp:attachment":[{"href":"https:\/\/elfsight.com\/pl\/wp-json\/wp\/v2\/media?parent=4341"}],"curies":[{"name":"wp","href":"https:\/\/api.w.org\/{rel}","templated":true}]}}