{"id":4336,"date":"2024-05-03T06:29:34","date_gmt":"2024-05-03T06:29:34","guid":{"rendered":"https:\/\/elfsight.com\/pl\/?page_id=4336"},"modified":"2024-11-14T09:21:52","modified_gmt":"2024-11-14T09:21:52","slug":"facebook","status":"publish","type":"page","link":"https:\/\/elfsight.com\/pl\/background-music-widget\/facebook\/","title":{"rendered":"Background Music &#8211; Facebook"},"content":{"rendered":"<div class=\"application-platform-content-item-description application-platform-content-item\" id=\"description\" data-nav-section=\"description\"> <h2>Opis<\/h2> <p>Elfsight Muzyka w tle to prosta wtyczka do Facebooka, kt\u00f3ra umo\u017cliwia strumieniowe przesy\u0142anie \u015bcie\u017cek audio bezpo\u015brednio na stron\u0119 g\u0142\u00f3wn\u0105 . Narz\u0119dzie jest wysoce modyfikowalne: mo\u017cesz dowolnie zmienia\u0107 jego po\u0142o\u017cenie, ustawia\u0107 je w dowolnym miejscu strony, skalowa\u0107 jego rozmiar, przemalowywa\u0107 t\u0142o i wszystkie inne elementy, aby po\u0142\u0105czy\u0107 je z projektem witryny, u\u017cywa\u0107 ciemnego motywu, wy\u015bwietla\u0107 obrazy i wy\u015bwietla\u0107 lub ukryj cztery dodatkowe cz\u0119\u015bci gracza, na przyk\u0142ad pasek post\u0119pu, nag\u0142\u00f3wek i wiele innych. Prze\u015blij tyle utwor\u00f3w, ile chcesz, aby zapewni\u0107 rozrywk\u0119 odwiedzaj\u0105cym, w\u0142\u0105cz automatyczne odtwarzanie i nie miej w\u0105tpliwo\u015bci \u2013 Twoi u\u017cytkownicy nie opuszcz\u0105 Twojej strony natychmiast!<\/p> <p><b>Dzi\u0119ki muzyce w tle Elfsight rozpocznij solidny biznes rozw\u00f3j i zwi\u0119kszanie sprzeda\u017cy <\/b><\/p> <\/div> <div class=\"application-platform-content-item-features application-platform-content-item\" id=\"features\" data-nav-section=\"features\"> <h2>Przeczytaj list\u0119 najbardziej przydatnych funkcji: <\/h2> <ul><li>Liczne zmiany kolorystyczne<\/li><li>Motyw ciemnego\/jasnego koloru<\/li><li>Elastyczny projekt<\/li><li>Dost\u0119pne dwa uk\u0142ady<\/li><li>Mo\u017cliwo\u015b\u0107 do\u0142\u0105czenia obrazu t\u0142a<\/li><\/ul><p><a href=\"#demo\">Wypr\u00f3buj t\u0119 wersj\u0119 demonstracyjn\u0105, aby zobaczy\u0107, ile wart jest wid\u017cet<\/a><\/p> <\/div> <div class=\"application-platform-content-item-installation application-platform-content-item\" id=\"installation\" data-nav-section=\"installation\"> <h2>Jak to zrobi\u0107 Czy mog\u0119 doda\u0107 muzyk\u0119 w tle Elfsight do mojej witryny na Facebooku? <\/h2> <p>Wystarczy zastosowa\u0107 si\u0119 do poni\u017cszych instrukcji, aby osadzi\u0107 wtyczk\u0119. <\/p> <ol><li><b>Zastosuj nasz darmowy edytor i zacznij tworzy\u0107 w\u0142asn\u0105 wtyczk\u0119. <\/b><br> Okre\u015bl preferowany wygl\u0105d i aspekty wtyczki i zastosuj poprawki. <\/li> <li><b>Wy\u015bwietl sw\u00f3j unikalny kod w polu aplikacji Elfsight<\/b><br> Po zako\u0144czeniu dostosowywania Twojego osobistego narz\u0119dzia skopiuj ekskluzywny kod z wy\u015bwietlonego okna i zachowaj go do wykorzystania w przysz\u0142o\u015bci. <\/li> <li><b>Rozpocznij korzystanie z wid\u017cetu na swojej stronie na Facebooku<\/b><br> Zaimplementuj skopiowany ostatnio kod na swojej stronie i zastosuj modyfikacje. <\/li> <li><b>Gotowe! Integracja zosta\u0142a w pe\u0142ni uko\u0144czona.<\/b><br> Przejd\u017a na swoj\u0105 stron\u0119, aby zobaczy\u0107 w akcji dzia\u0142anie widgetu. <\/li><\/ol> <p>W przypadku pyta\u0144 lub napotkania trudno\u015bci prosimy o kontakt z naszym personelem pomocniczym. Nasi konsultanci ch\u0119tnie rozwi\u0105\u017c\u0105 wszystkie problemy, jakie mo\u017cesz mie\u0107 z narz\u0119dziem. <\/p> <\/div>","protected":false},"excerpt":{"rendered":"","protected":false},"author":9,"featured_media":0,"parent":3419,"menu_order":0,"comment_status":"closed","ping_status":"closed","template":"templates\/template-application-platform.php","meta":{"publish_to_discourse":"","publish_post_category":"","wpdc_auto_publish_overridden":"","wpdc_topic_tags":"","wpdc_pin_topic":"","wpdc_pin_until":"","discourse_post_id":"","discourse_permalink":"","wpdc_publishing_response":"","wpdc_publishing_error":"","footnotes":""},"class_list":["post-4336","page","type-page","status-publish","hentry"],"yoast_head":"<!-- This site is optimized with the Yoast SEO plugin v25.3.1 - https:\/\/yoast.com\/wordpress\/plugins\/seo\/ -->\n<title>Odtwarzacz muzyki w tle dla strony na Facebooku (bezp\u0142atny i bez kodowania)<\/title>\n<meta name=\"description\" content=\"Zintegruj wp\u0142ywowy wid\u017cet Audio w tle na swojej stronie na Facebooku. Zastosuj zarz\u0105dzalne demo Elfsight i stw\u00f3rz w\u0142asne narz\u0119dzie w zaledwie 2 minuty.\" \/>\n<meta name=\"robots\" content=\"index, follow, max-snippet:-1, max-image-preview:large, max-video-preview:-1\" \/>\n<link rel=\"canonical\" href=\"https:\/\/elfsight.com\/pl\/background-music-widget\/facebook\/\" \/>\n<meta property=\"og:locale\" content=\"pl_PL\" \/>\n<meta property=\"og:type\" content=\"article\" \/>\n<meta property=\"og:title\" content=\"Odtwarzacz muzyki w tle dla strony na Facebooku (bezp\u0142atny i bez kodowania)\" \/>\n<meta property=\"og:description\" content=\"Zintegruj wp\u0142ywowy wid\u017cet Audio w tle na swojej stronie na Facebooku. Zastosuj zarz\u0105dzalne demo Elfsight i stw\u00f3rz w\u0142asne narz\u0119dzie w zaledwie 2 minuty.\" \/>\n<meta property=\"og:url\" content=\"https:\/\/elfsight.com\/pl\/background-music-widget\/facebook\/\" \/>\n<meta property=\"og:site_name\" content=\"Elfsight PL\" \/>\n<meta property=\"article:modified_time\" content=\"2024-11-14T09:21:52+00:00\" \/>\n<meta name=\"twitter:card\" content=\"summary_large_image\" \/>\n<meta name=\"twitter:label1\" content=\"Szacowany czas czytania\" \/>\n\t<meta name=\"twitter:data1\" content=\"2 minuty\" \/>\n<!-- \/ Yoast SEO plugin. -->","yoast_head_json":{"title":"Odtwarzacz muzyki w tle dla strony na Facebooku (bezp\u0142atny i bez kodowania)","description":"Zintegruj wp\u0142ywowy wid\u017cet Audio w tle na swojej stronie na Facebooku. Zastosuj zarz\u0105dzalne demo Elfsight i stw\u00f3rz w\u0142asne narz\u0119dzie w zaledwie 2 minuty.","robots":{"index":"index","follow":"follow","max-snippet":"max-snippet:-1","max-image-preview":"max-image-preview:large","max-video-preview":"max-video-preview:-1"},"canonical":"https:\/\/elfsight.com\/pl\/background-music-widget\/facebook\/","og_locale":"pl_PL","og_type":"article","og_title":"Odtwarzacz muzyki w tle dla strony na Facebooku (bezp\u0142atny i bez kodowania)","og_description":"Zintegruj wp\u0142ywowy wid\u017cet Audio w tle na swojej stronie na Facebooku. Zastosuj zarz\u0105dzalne demo Elfsight i stw\u00f3rz w\u0142asne narz\u0119dzie w zaledwie 2 minuty.","og_url":"https:\/\/elfsight.com\/pl\/background-music-widget\/facebook\/","og_site_name":"Elfsight PL","article_modified_time":"2024-11-14T09:21:52+00:00","twitter_card":"summary_large_image","twitter_misc":{"Szacowany czas czytania":"2 minuty"},"schema":{"@context":"https:\/\/schema.org","@graph":[{"@type":"WebPage","@id":"https:\/\/elfsight.com\/pl\/background-music-widget\/facebook\/","url":"https:\/\/elfsight.com\/pl\/background-music-widget\/facebook\/","name":"Odtwarzacz muzyki w tle dla strony na Facebooku (bezp\u0142atny i bez kodowania)","isPartOf":{"@id":"https:\/\/elfsight.com\/pl\/#website"},"datePublished":"2024-05-03T06:29:34+00:00","dateModified":"2024-11-14T09:21:52+00:00","description":"Zintegruj wp\u0142ywowy wid\u017cet Audio w tle na swojej stronie na Facebooku. Zastosuj zarz\u0105dzalne demo Elfsight i stw\u00f3rz w\u0142asne narz\u0119dzie w zaledwie 2 minuty.","breadcrumb":{"@id":"https:\/\/elfsight.com\/pl\/background-music-widget\/facebook\/#breadcrumb"},"inLanguage":"pl-PL","potentialAction":[{"@type":"ReadAction","target":["https:\/\/elfsight.com\/pl\/background-music-widget\/facebook\/"]}]},{"@type":"BreadcrumbList","@id":"https:\/\/elfsight.com\/pl\/background-music-widget\/facebook\/#breadcrumb","itemListElement":[{"@type":"ListItem","position":1,"name":"Home","item":"https:\/\/elfsight.com\/pl\/"},{"@type":"ListItem","position":2,"name":"Background Music","item":"https:\/\/elfsight.com\/pl\/background-music-widget\/"},{"@type":"ListItem","position":3,"name":"Background Music &#8211; Facebook"}]},{"@type":"WebSite","@id":"https:\/\/elfsight.com\/pl\/#website","url":"https:\/\/elfsight.com\/pl\/","name":"Elfsight PL","description":"Just another Elfsight Sites site","potentialAction":[{"@type":"SearchAction","target":{"@type":"EntryPoint","urlTemplate":"https:\/\/elfsight.com\/pl\/?s={search_term_string}"},"query-input":{"@type":"PropertyValueSpecification","valueRequired":true,"valueName":"search_term_string"}}],"inLanguage":"pl-PL"}]}},"meta_box":{"industry":"","seo_heading":"","heading":"","description":"","cta_heading":"","cta_description":"","application":"3335","h1":"Widget Muzyka w tle na Facebooku","h1_caption":"Dodaj kusz\u0105c\u0105 opcj\u0119 na swojej stronie internetowej i szybko przyci\u0105gnij wi\u0119cej wdzi\u0119cznych klient\u00f3w","application_category":[],"applications_title":"","applications_request_title":"","applications_request_button_text":"","hero_text":"","hero_video":"","hero_video_schema_markup":"","selling_points_title":"","selling_points_caption":"","selling_points":[],"selling_points_cta_text":"","features_title":"","features":"","ed_cta_examples_text":"","ed_cta_examples_hidden":"","ed_cta_demo_text":"","ed_cta_demo_hidden":"","why_caption":"","why_editor_title":"","why_editor_text":"","why_team_title":"","why_team_text":"","why_service_title":"","why_service_text":"","template_catalog_visible":"","template_catalog_title":"","template_catalog_text":"","template_catalog_categories_visible":"","demo_title":"Spersonalizuj instrument i dodaj go na swojej stronie internetowej, korzystaj\u0105c z aktywnego demo","demo_caption":"Pospiesz si\u0119, aby stworzy\u0107 spersonalizowan\u0105 muzyk\u0119 w tle Elfsight na Facebooku, kt\u00f3ra b\u0119dzie doskonale sp\u00f3jna z Twoj\u0105 stron\u0105!","default_faq_hidden":"","app_template_category":[],"platform":"319","template_public_id":"","codecanyon_url":"","codecanyon_item_id":"","codecanyon_price":"","pricing_caption":"","pricing_elfsight_apps_hide_column":"","pricing_elfsight_apps_url":"","pricing_codecanyon_price_caption":"","integration_category":[],"integration_request_title":"","integration_request_cta":"","integration_platform":"","integrations":[],"platform_category":[],"video_schema_markup":"","price":"od 0 USD \/ miesi\u0105c","trial":"","benefits":[{"text":"Bezp\u0142atna us\u0142uga monta\u017cu"},{"text":"Do\u015bwiadczona obs\u0142uga klienta"},{"text":"14-dniowa gwarancja zwrotu pieni\u0119dzy"}],"button_url":"#demo","button_target_blank":"","button_nofollow":"","attributes":[{"name":"Instaluje"},{"name":"Czu\u0142y"},{"name":"Kompatybilne przegl\u0105darki"}],"tags":[],"tags_disable_links":"","hide_more_platforms":"","video_object":"","demo_hide_cta":"","demo_hide_cloud_options":"","pricing_title":"","pricing":[{"pricing_icon":"platform","pricing_title":"Elfsight Apps","pricing_title_caption":"Oprogramowanie niezale\u017cne od platformy, kt\u00f3re dzia\u0142a na ka\u017cdej stronie internetowej","pricing_price":"od 0 USD \/ miesi\u0105c","pricing_price_caption":"zacznij od bezp\u0142atnego planu","pricing_benefits":[{"text":"Nielimitowane strony internetowe"},{"text":"Profesjonalne i terminowe wsparcie"},{"text":"Bezp\u0142atna pomoc w instalacji"},{"text":"W pe\u0142ni konfigurowalny"}],"pricing_button_text":"Dodaj do witryny","pricing_button_url":"#demo"}],"related_apps_title":"","related_apps_hidden":"","author":"","image":[],"title":"","job":"","social_networks":[]},"_links":{"self":[{"href":"https:\/\/elfsight.com\/pl\/wp-json\/wp\/v2\/pages\/4336","targetHints":{"allow":["GET"]}}],"collection":[{"href":"https:\/\/elfsight.com\/pl\/wp-json\/wp\/v2\/pages"}],"about":[{"href":"https:\/\/elfsight.com\/pl\/wp-json\/wp\/v2\/types\/page"}],"author":[{"embeddable":true,"href":"https:\/\/elfsight.com\/pl\/wp-json\/wp\/v2\/users\/9"}],"replies":[{"embeddable":true,"href":"https:\/\/elfsight.com\/pl\/wp-json\/wp\/v2\/comments?post=4336"}],"version-history":[{"count":1,"href":"https:\/\/elfsight.com\/pl\/wp-json\/wp\/v2\/pages\/4336\/revisions"}],"predecessor-version":[{"id":4340,"href":"https:\/\/elfsight.com\/pl\/wp-json\/wp\/v2\/pages\/4336\/revisions\/4340"}],"up":[{"embeddable":true,"href":"https:\/\/elfsight.com\/pl\/wp-json\/wp\/v2\/pages\/3419"}],"wp:attachment":[{"href":"https:\/\/elfsight.com\/pl\/wp-json\/wp\/v2\/media?parent=4336"}],"curies":[{"name":"wp","href":"https:\/\/api.w.org\/{rel}","templated":true}]}}