{"id":4328,"date":"2024-05-03T06:29:30","date_gmt":"2024-05-03T06:29:30","guid":{"rendered":"https:\/\/elfsight.com\/pl\/?page_id=4328"},"modified":"2024-11-14T09:21:44","modified_gmt":"2024-11-14T09:21:44","slug":"iframe","status":"publish","type":"page","link":"https:\/\/elfsight.com\/pl\/background-music-widget\/iframe\/","title":{"rendered":"Background Music &#8211; iFrame"},"content":{"rendered":"<div class=\"application-platform-content-item-description application-platform-content-item\" id=\"description\" data-nav-section=\"description\"> <h2>Osad\u017a muzyk\u0119 w tle w ramce iFrame za pomoc\u0105 wid\u017cetu Elfsight<\/h2> <p>Odtwarzacz d\u017awi\u0119ku w tle to nieskomplikowane narz\u0119dzie umo\u017cliwiaj\u0105ce odtwarzanie utwor\u00f3w muzycznych bezpo\u015brednio na stronach internetowych przy u\u017cyciu kodu Elfsight iFrame. Wid\u017cet jest ca\u0142kowicie modyfikowalny: mo\u017cesz dowolnie zmienia\u0107 jego po\u0142o\u017cenie, wstawia\u0107 go w dowolnym miejscu strony, skalowa\u0107 jego rozmiar, nak\u0142ada\u0107 na t\u0142o i inne elementy, aby dopasowa\u0107 je do stylu witryny, u\u017cywa\u0107 ciemnego motywu, wy\u015bwietla\u0107 obrazy oraz wy\u015bwietla\u0107 lub ukrywa\u0107 4 inne dane gracza, na przyk\u0142ad pasek post\u0119pu, nag\u0142\u00f3wek i inne. Dodaj tyle utwor\u00f3w, ile chcesz zabawia\u0107 odbiorc\u00f3w, w\u0142\u0105cz automatyczne odtwarzanie i nie miej w\u0105tpliwo\u015bci \u2013 Twoi odwiedzaj\u0105cy nie opuszcz\u0105 Twojej strony w po\u015bpiechu!<\/p> <p><b>Zintegruj odtwarzacz muzyki w tle Elfsight z szybciej osi\u0105gaj cele biznesowe!<\/b><\/p> <\/div> <div class=\"application-platform-content-item-features application-platform-content-item\" id=\"features\" data-nav-section=\"features\"> <h2>Wy\u015bwietl list\u0119 najcenniejszych funkcji: <\/h2> <ul><li>R\u00f3\u017cne kolory odmiany<\/li><li>Motyw ciemnego\/jasnego koloru<\/li><li>Plastyczny design<\/li><li>Dost\u0119pne s\u0105 dwa uk\u0142ady<\/li><li>Opcja u\u017cycia obrazu t\u0142a<\/li><\/ul><p><a href=\"#demo\">Pe\u0142n\u0105 funkcjonalno\u015b\u0107 wid\u017cetu mo\u017cesz odkry\u0107 w poni\u017cszej wersji demonstracyjnej<\/a><\/p> <\/div> <div class=\"application-platform-content-item-installation application-platform-content-item\" id=\"installation\" data-nav-section=\"installation\"> <h2>Jak doda\u0107 kod iframe z muzyk\u0105 w tle do strony internetowej?<\/h2> <p>Wystarczy zastosowa\u0107 si\u0119 do poni\u017cszych instrukcji, aby aktywowa\u0107 wid\u017cet. <\/p> <ol><li><b>Zarz\u0105dzaj\u0105c naszym bezp\u0142atnym konfiguratorem, zacznij tworzy\u0107 w\u0142asny widget. <\/b><br> Znajd\u017a po\u017c\u0105dany wygl\u0105d i opcje wtyczki i zastosuj poprawki. <\/li> <li><b>Zdob\u0105d\u017a indywidualny kod pojawiaj\u0105cy si\u0119 w specjalnym formularzu w aplikacjach Elfsight<\/b><br> Po zako\u0144czeniu tworzenia osobistego narz\u0119dzia skopiuj ekskluzywny kod z wy\u015bwietlonego okna i zachowaj to na przysz\u0142\u0105 okazj\u0119. <\/li> <li><b>W\u0142\u0105cz d\u017awi\u0119k w tle w swojej witrynie iFrame<\/b><br> Dodaj kod, kt\u00f3ry ostatnio skopiowa\u0142e\u015b na swoj\u0105 stron\u0119 internetow\u0105 i zapisz poprawki. <\/li> <li><b>Gotowe! Konfiguracja zosta\u0142a zako\u0144czona.<\/b><br> Odwied\u017a swoj\u0105 stron\u0119, aby sprawdzi\u0107 dzia\u0142anie wtyczki.<\/li><\/ol> <p>Je\u015bli masz pytania lub napotykasz pewne komplikacje, nie wahaj si\u0119 boi si\u0119 skontaktowa\u0107 z naszym personelem obs\u0142ugi klienta. Nasi ludzie z przyjemno\u015bci\u0105 pomog\u0105 Ci odpowiedzie\u0107 na wszystkie pytania dotycz\u0105ce produktu. <\/p> <div class=\"faq\" data-component=\"FAQ\"><div class=\"faq-item\">\r\n\t\t\t\t\t<div class=\"faq-item-question\">\r\n\t\t\t\t\t\t<h3 class=\"faq-item-question-text\">Jak mog\u0119 osadzi\u0107 wid\u017cet muzyki w tle iFrame na mojej stronie internetowej iFrame bez umiej\u0119tno\u015bci kodowania?<\/h3>\r\n\r\n\t\t\t\t\t\t<div class=\"faq-item-question-icon\"><\/div>\r\n\t\t\t\t\t<\/div>\r\n\r\n\t\t\t\t\t<div class=\"faq-item-answer\">\r\n\t\t\t\t\t\t<div class=\"faq-item-answer-text\"><p>Elfsight oferuje rozwi\u0105zanie oparte na chmurze, kt\u00f3re umo\u017cliwia u\u017cytkownikom osadzanie muzyki w tle iFrame samodzielnie wid\u017cet, przekonaj si\u0119, jak prosty jest ten proces:<\/p><ul><li>Uzyskaj dost\u0119p do edytora online, aby wygenerowa\u0107 sekcj\u0119 wid\u017cetu Muzyka w tle iFrame, kt\u00f3r\u0105 chcesz zintegrowa\u0107 ze swoj\u0105 witryn\u0105 Squarespace.<\/li><li>Wybierz jeden z naszych wst\u0119pnie zaprojektowanych szablon\u00f3w i dostosuj ustawienia wid\u017cetu Muzyka w tle iFrame, zmodyfikuj uk\u0142ad i schemat kolor\u00f3w, do\u0142\u0105cz swoj\u0105 tre\u015b\u0107 bez konieczno\u015bci kodowania.<\/li><li>Zapisz skonfigurowane ustawienia wid\u017cet iFrame Muzyka w tle i uzyskaj kod wid\u017cetu do umieszczenia na stronie, kt\u00f3ry mo\u017cna \u0142atwo i bezp\u0142atnie doda\u0107 do witryny Squarespace.<\/li><\/ul><p>Pracuj\u0105c w przyjaznym dla u\u017cytkownika Edytorze, ka\u017cdy u\u017cytkownik Internetu mo\u017ce utw\u00f3rz sekcj\u0119 wid\u017cetu Muzyka w tle iFrame i umie\u015b\u0107 j\u0105 na swojej stronie internetowej Squarespace. Aby uzyska\u0107 dost\u0119p do Edytora Elfsight, nie jest wymagana \u017cadna p\u0142atno\u015b\u0107 ani ujawnianie danych karty. Je\u015bli na kt\u00f3rymkolwiek etapie napotkasz jakiekolwiek trudno\u015bci, skontaktuj si\u0119 z naszym dzia\u0142em obs\u0142ugi klienta.<\/p><\/div>\r\n\t\t\t\t\t<\/div>\r\n\t\t\t\t<\/div><\/div><\/div>","protected":false},"excerpt":{"rendered":"","protected":false},"author":9,"featured_media":0,"parent":3419,"menu_order":0,"comment_status":"closed","ping_status":"closed","template":"templates\/template-application-platform.php","meta":{"publish_to_discourse":"","publish_post_category":"","wpdc_auto_publish_overridden":"","wpdc_topic_tags":"","wpdc_pin_topic":"","wpdc_pin_until":"","discourse_post_id":"","discourse_permalink":"","wpdc_publishing_response":"","wpdc_publishing_error":"","footnotes":""},"class_list":["post-4328","page","type-page","status-publish","hentry"],"yoast_head":"<!-- This site is optimized with the Yoast SEO plugin v25.3.1 - https:\/\/yoast.com\/wordpress\/plugins\/seo\/ -->\n<title>Kod iFrame dla odtwarzacza muzyki w tle strony internetowej (szybki i darmowy)<\/title>\n<meta name=\"description\" content=\"Dodaj elastyczny odtwarzacz muzyki w tle do swojej witryny iFrame. Skorzystaj z por\u0119cznej wersji demonstracyjnej Elfsight i utw\u00f3rz spersonalizowany wid\u017cet audio w zaledwie 2 minuty.\" \/>\n<meta name=\"robots\" content=\"index, follow, max-snippet:-1, max-image-preview:large, max-video-preview:-1\" \/>\n<link rel=\"canonical\" href=\"https:\/\/elfsight.com\/pl\/background-music-widget\/iframe\/\" \/>\n<meta property=\"og:locale\" content=\"pl_PL\" \/>\n<meta property=\"og:type\" content=\"article\" \/>\n<meta property=\"og:title\" content=\"Kod iFrame dla odtwarzacza muzyki w tle strony internetowej (szybki i darmowy)\" \/>\n<meta property=\"og:description\" content=\"Dodaj elastyczny odtwarzacz muzyki w tle do swojej witryny iFrame. Skorzystaj z por\u0119cznej wersji demonstracyjnej Elfsight i utw\u00f3rz spersonalizowany wid\u017cet audio w zaledwie 2 minuty.\" \/>\n<meta property=\"og:url\" content=\"https:\/\/elfsight.com\/pl\/background-music-widget\/iframe\/\" \/>\n<meta property=\"og:site_name\" content=\"Elfsight PL\" \/>\n<meta property=\"article:modified_time\" content=\"2024-11-14T09:21:44+00:00\" \/>\n<meta name=\"twitter:card\" content=\"summary_large_image\" \/>\n<meta name=\"twitter:label1\" content=\"Szacowany czas czytania\" \/>\n\t<meta name=\"twitter:data1\" content=\"3 minuty\" \/>\n<!-- \/ Yoast SEO plugin. -->","yoast_head_json":{"title":"Kod iFrame dla odtwarzacza muzyki w tle strony internetowej (szybki i darmowy)","description":"Dodaj elastyczny odtwarzacz muzyki w tle do swojej witryny iFrame. Skorzystaj z por\u0119cznej wersji demonstracyjnej Elfsight i utw\u00f3rz spersonalizowany wid\u017cet audio w zaledwie 2 minuty.","robots":{"index":"index","follow":"follow","max-snippet":"max-snippet:-1","max-image-preview":"max-image-preview:large","max-video-preview":"max-video-preview:-1"},"canonical":"https:\/\/elfsight.com\/pl\/background-music-widget\/iframe\/","og_locale":"pl_PL","og_type":"article","og_title":"Kod iFrame dla odtwarzacza muzyki w tle strony internetowej (szybki i darmowy)","og_description":"Dodaj elastyczny odtwarzacz muzyki w tle do swojej witryny iFrame. Skorzystaj z por\u0119cznej wersji demonstracyjnej Elfsight i utw\u00f3rz spersonalizowany wid\u017cet audio w zaledwie 2 minuty.","og_url":"https:\/\/elfsight.com\/pl\/background-music-widget\/iframe\/","og_site_name":"Elfsight PL","article_modified_time":"2024-11-14T09:21:44+00:00","twitter_card":"summary_large_image","twitter_misc":{"Szacowany czas czytania":"3 minuty"},"schema":{"@context":"https:\/\/schema.org","@graph":[{"@type":"WebPage","@id":"https:\/\/elfsight.com\/pl\/background-music-widget\/iframe\/","url":"https:\/\/elfsight.com\/pl\/background-music-widget\/iframe\/","name":"Kod iFrame dla odtwarzacza muzyki w tle strony internetowej (szybki i darmowy)","isPartOf":{"@id":"https:\/\/elfsight.com\/pl\/#website"},"datePublished":"2024-05-03T06:29:30+00:00","dateModified":"2024-11-14T09:21:44+00:00","description":"Dodaj elastyczny odtwarzacz muzyki w tle do swojej witryny iFrame. Skorzystaj z por\u0119cznej wersji demonstracyjnej Elfsight i utw\u00f3rz spersonalizowany wid\u017cet audio w zaledwie 2 minuty.","breadcrumb":{"@id":"https:\/\/elfsight.com\/pl\/background-music-widget\/iframe\/#breadcrumb"},"inLanguage":"pl-PL","potentialAction":[{"@type":"ReadAction","target":["https:\/\/elfsight.com\/pl\/background-music-widget\/iframe\/"]}]},{"@type":"BreadcrumbList","@id":"https:\/\/elfsight.com\/pl\/background-music-widget\/iframe\/#breadcrumb","itemListElement":[{"@type":"ListItem","position":1,"name":"Home","item":"https:\/\/elfsight.com\/pl\/"},{"@type":"ListItem","position":2,"name":"Background Music","item":"https:\/\/elfsight.com\/pl\/background-music-widget\/"},{"@type":"ListItem","position":3,"name":"Background Music &#8211; iFrame"}]},{"@type":"WebSite","@id":"https:\/\/elfsight.com\/pl\/#website","url":"https:\/\/elfsight.com\/pl\/","name":"Elfsight PL","description":"Just another Elfsight Sites site","potentialAction":[{"@type":"SearchAction","target":{"@type":"EntryPoint","urlTemplate":"https:\/\/elfsight.com\/pl\/?s={search_term_string}"},"query-input":{"@type":"PropertyValueSpecification","valueRequired":true,"valueName":"search_term_string"}}],"inLanguage":"pl-PL"}]}},"meta_box":{"industry":"","seo_heading":"","heading":"","description":"","cta_heading":"","cta_description":"","application":"3335","h1":"Kod muzyki w tle iFrame","h1_caption":"Dodaj muzyk\u0119 w tle do swojej witryny, tworz\u0105c wci\u0105gaj\u0105ce wra\u017cenia dla odwiedzaj\u0105cych witryn\u0119 iFrame.","application_category":[],"applications_title":"","applications_request_title":"","applications_request_button_text":"","hero_text":"","hero_video":"","hero_video_schema_markup":"","selling_points_title":"","selling_points_caption":"","selling_points":[],"selling_points_cta_text":"","features_title":"","features":"","ed_cta_examples_text":"","ed_cta_examples_hidden":"","ed_cta_demo_text":"","ed_cta_demo_hidden":"","why_caption":"","why_editor_title":"","why_editor_text":"","why_team_title":"","why_team_text":"","why_service_title":"","why_service_text":"","template_catalog_visible":"","template_catalog_title":"","template_catalog_text":"","template_catalog_categories_visible":"","demo_title":"Utw\u00f3rz wid\u017cet Muzyka w tle","demo_caption":"Skonfiguruj muzyk\u0119 w tle i dodaj j\u0105 do swojej witryny iFrame za darmo!","default_faq_hidden":"","app_template_category":[],"platform":"187","template_public_id":"","codecanyon_url":"","codecanyon_item_id":"","codecanyon_price":"","pricing_caption":"","pricing_elfsight_apps_hide_column":"","pricing_elfsight_apps_url":"","pricing_codecanyon_price_caption":"","integration_category":[],"integration_request_title":"","integration_request_cta":"","integration_platform":"","integrations":[],"platform_category":[],"video_schema_markup":"","price":"od 0 USD \/ miesi\u0105c","trial":"","benefits":[{"text":"Bezp\u0142atna pomoc w monta\u017cu"},{"text":"Profesjonalna obs\u0142uga klienta"},{"text":"14-dniowa gwarancja zwrotu pieni\u0119dzy"}],"button_url":"#demo","button_target_blank":"","button_nofollow":"","attributes":[{"name":"Instaluje"},{"name":"Czu\u0142y"},{"name":"Kompatybilne przegl\u0105darki"}],"tags":[],"tags_disable_links":"","hide_more_platforms":"","video_object":"","demo_hide_cta":"","demo_hide_cloud_options":"","pricing_title":"","pricing":[{"pricing_icon":"platform","pricing_title":"Elfsight Apps","pricing_title_caption":"Wersja niezale\u017cna od platformy, kt\u00f3ra pasuje do ka\u017cdej witryny","pricing_price":"od 0 USD \/ miesi\u0105c","pricing_price_caption":"zacznij od bezp\u0142atnego planu","pricing_benefits":[{"text":"Nieograniczona liczba stron internetowych"},{"text":"Dedykowane wsparcie"},{"text":"Bezp\u0142atna pomoc w monta\u017cu"},{"text":"\u015awietna oferta na wiele aplikacji"}],"pricing_button_text":"Dodaj do witryny","pricing_button_url":"#demo"}],"related_apps_title":"","related_apps_hidden":"","author":"","image":[],"title":"","job":"","social_networks":[]},"_links":{"self":[{"href":"https:\/\/elfsight.com\/pl\/wp-json\/wp\/v2\/pages\/4328","targetHints":{"allow":["GET"]}}],"collection":[{"href":"https:\/\/elfsight.com\/pl\/wp-json\/wp\/v2\/pages"}],"about":[{"href":"https:\/\/elfsight.com\/pl\/wp-json\/wp\/v2\/types\/page"}],"author":[{"embeddable":true,"href":"https:\/\/elfsight.com\/pl\/wp-json\/wp\/v2\/users\/9"}],"replies":[{"embeddable":true,"href":"https:\/\/elfsight.com\/pl\/wp-json\/wp\/v2\/comments?post=4328"}],"version-history":[{"count":1,"href":"https:\/\/elfsight.com\/pl\/wp-json\/wp\/v2\/pages\/4328\/revisions"}],"predecessor-version":[{"id":4332,"href":"https:\/\/elfsight.com\/pl\/wp-json\/wp\/v2\/pages\/4328\/revisions\/4332"}],"up":[{"embeddable":true,"href":"https:\/\/elfsight.com\/pl\/wp-json\/wp\/v2\/pages\/3419"}],"wp:attachment":[{"href":"https:\/\/elfsight.com\/pl\/wp-json\/wp\/v2\/media?parent=4328"}],"curies":[{"name":"wp","href":"https:\/\/api.w.org\/{rel}","templated":true}]}}