{"id":4326,"date":"2024-05-03T06:29:28","date_gmt":"2024-05-03T06:29:28","guid":{"rendered":"https:\/\/elfsight.com\/pl\/?page_id=4326"},"modified":"2024-11-14T09:21:36","modified_gmt":"2024-11-14T09:21:36","slug":"html","status":"publish","type":"page","link":"https:\/\/elfsight.com\/pl\/background-music-widget\/html\/","title":{"rendered":"Background Music &#8211; HTML"},"content":{"rendered":"<div class=\"application-platform-content-item-description application-platform-content-item\" id=\"description\" data-nav-section=\"description\"> <h2>Opis<\/h2> <p>Odtwarzacz audio w tle Elfsight to prosty widget umo\u017cliwiaj\u0105cy odtwarzanie utwor\u00f3w muzycznych na stronach Twojej witryny HTML . Wtyczka jest niezwykle konfigurowalna: mo\u017cesz zmieni\u0107 jej po\u0142o\u017cenie, umie\u015bci\u0107 j\u0105 w dowolnym miejscu strony, zmieni\u0107 jej rozmiar, na\u0142o\u017cy\u0107 t\u0142o i inne cz\u0119\u015bci, aby po\u0142\u0105czy\u0107 je ze stylem swojej witryny, zastosowa\u0107 ciemn\u0105 kolorystyk\u0119, ods\u0142oni\u0107 ok\u0142adki i wy\u015bwietli\u0107 lub ukry\u0107 cztery inne cz\u0119\u015bci odtwarzacza, na przyk\u0142ad pasek post\u0119pu, tytu\u0142 i wiele innych. Mo\u017cesz przes\u0142a\u0107 dowoln\u0105 liczb\u0119 utwor\u00f3w, aby zachwyci\u0107 u\u017cytkownik\u00f3w, w\u0142\u0105czy\u0107 opcj\u0119 automatycznego odtwarzania muzyki w tle i mie\u0107 pewno\u015b\u0107, \u017ce Twoi odbiorcy nie opuszcz\u0105 Twojej strony g\u0142\u00f3wnej natychmiast!<\/p><p><b>Dzi\u0119ki odtwarzaczowi muzyki w tle Elfsight , zobacz aktywny rozw\u00f3j biznesu i wy\u017csz\u0105 sprzeda\u017c <\/b><\/p> <\/div> <div class=\"application-platform-content-item-features application-platform-content-item\" id=\"features\" data-nav-section=\"features\"> <h2>Kluczowe funkcje wid\u017cetu obejmuj\u0105<\/h2> <ul><li>Liczne warianty kolorystyczne<\/li><li>Motyw ciemnego\/jasnego koloru<\/li><li>Elastyczny projekt<\/li><li>Dwa uk\u0142ady gotowe do u\u017cycia<\/li><li>Opcja dodania obrazu t\u0142a<\/li><\/ul><p><a href=\"#demo\">Wystarczy sprawdzi\u0107 t\u0119 wersj\u0119 demonstracyjn\u0105, aby uzyska\u0107 pe\u0142ny obraz<\/a><\/p> <\/div> <div class=\"application-platform-content-item-installation application-platform-content-item\" id=\"installation\" data-nav-section=\"installation\"> <h2>Jak doda\u0107 D\u017awi\u0119k w tle do strony HTML?<\/h2> <div class=\"video-container\"><iframe width=\"720\" height=\"405\" src=\"https:\/\/www.youtube.com\/embed\/g8qZXC_W18s\" frameborder=\"0\" allowfullscreen=\"\"><\/iframe><\/div><p>Wystarczy wykona\u0107 poni\u017csze wskaz\u00f3wki, aby rozpocz\u0105\u0107 prac\u0119 z wid\u017cetem. <\/p> <ol><li><b>Otw\u00f3rz nasze bezp\u0142atne demo i rozpocznij tworzenie spersonalizowanego widgetu.<\/b><br> Wybierz wybrane cechy wygl\u0105du i funkcjonalno\u015bci wtyczki i zastosuj poprawki. <\/li> <li><b>Zdob\u0105d\u017a sw\u00f3j unikalny kod udost\u0119pniony w specjalnym formularzu w aplikacjach Elfsight<\/b><br> Po wygenerowaniu osobistego wid\u017cetu skopiuj ekskluzywny kod z wy\u015bwietlonego okna i zapisz go na dalsze potrzeby. <\/li> <li><b>Rozpocznij stosowanie t\u0142a d\u017awi\u0119kowego w swojej witrynie HTML<\/b><br> Dodaj skopiowany wcze\u015bniej kod do swojej witryny i zapisz poprawki. <\/li> <li><b>Instalacja zosta\u0142a ca\u0142kowicie zako\u0144czona<\/b><br> Przejd\u017a do swojej witryny, aby sprawdzi\u0107 dzia\u0142anie narz\u0119dzia.<\/li><\/ol> <p>Pod warunkiem otrzymania zapyta\u0144 lub napotkasz jakie\u015b problemy, nie wahaj si\u0119 i z\u0142\u00f3\u017c wniosek do naszego zespo\u0142u obs\u0142ugi klienta. Nasi konsultanci pragn\u0105 rozwi\u0105za\u0107 wszystkie problemy, jakie mo\u017cesz mie\u0107 z wtyczk\u0105. <\/p> <\/div><div class=\"faq\" data-component=\"FAQ\"><div class=\"faq-item\">\r\n\t\t\t\t\t<div class=\"faq-item-question\">\r\n\t\t\t\t\t\t<h3 class=\"faq-item-question-text\">Jak mog\u0119 osadzi\u0107 muzyk\u0119 w tle w mojej witrynie HTML?<\/h3>\r\n\r\n\t\t\t\t\t\t<div class=\"faq-item-question-icon\"><\/div>\r\n\t\t\t\t\t<\/div>\r\n\r\n\t\t\t\t\t<div class=\"faq-item-answer\">\r\n\t\t\t\t\t\t<div class=\"faq-item-answer-text\"><p>Tworzenie narz\u0119dzia jest wykonywane w witrynie Elfsight i nie musisz kodowa\u0107. Przejd\u017a do naszego demo na \u017cywo, aby dostosowa\u0107 w\u0142asn\u0105 aplikacj\u0119, zdoby\u0107 kod i umie\u015bci\u0107 go na swojej stronie internetowej. <\/p><\/div>\r\n\t\t\t\t\t<\/div>\r\n\t\t\t\t<\/div><div class=\"faq-item\">\r\n\t\t\t\t\t<div class=\"faq-item-question\">\r\n\t\t\t\t\t\t<h3 class=\"faq-item-question-text\">Najlepsze przyk\u0142ady wykorzystania integracji odtwarzacza muzyki<\/h3>\r\n\r\n\t\t\t\t\t\t<div class=\"faq-item-question-icon\"><\/div>\r\n\t\t\t\t\t<\/div>\r\n\r\n\t\t\t\t\t<div class=\"faq-item-answer\">\r\n\t\t\t\t\t\t<div class=\"faq-item-answer-text\"><p>Zapewnimy Ci szereg mo\u017cliwo\u015bci personalizacji: pe\u0142nowymiarowe wid\u017cety do dodawania do stref\u0119 tre\u015bci, p\u0142ywaj\u0105ce wid\u017cety do opcji przewijania, miniatury stopki, sekcj\u0119 nag\u0142\u00f3wka i wszelkiego rodzaju opcje pionowe dla pask\u00f3w bocznych i menu witryny. <\/p><\/div>\r\n\t\t\t\t\t<\/div>\r\n\t\t\t\t<\/div><div class=\"faq-item\">\r\n\t\t\t\t\t<div class=\"faq-item-question\">\r\n\t\t\t\t\t\t<h3 class=\"faq-item-question-text\">Czy istnieje mo\u017cliwo\u015b\u0107 stworzenia odtwarzacza \u015bwi\u0105tecznego lub wolumenowego za pomoc\u0105 edytora?<\/h3>\r\n\r\n\t\t\t\t\t\t<div class=\"faq-item-question-icon\"><\/div>\r\n\t\t\t\t\t<\/div>\r\n\r\n\t\t\t\t\t<div class=\"faq-item-answer\">\r\n\t\t\t\t\t\t<div class=\"faq-item-answer-text\"><p>Mo\u017cesz dowolnie modyfikowa\u0107 dowolne zmiany w wid\u017cecie. W edytorze dost\u0119pnych jest mn\u00f3stwo uk\u0142ad\u00f3w, a ka\u017cdy z nich mo\u017cna szybko dostosowa\u0107 do w\u0142asnych potrzeb. <\/p><\/div>\r\n\t\t\t\t\t<\/div>\r\n\t\t\t\t<\/div><\/div>","protected":false},"excerpt":{"rendered":"","protected":false},"author":9,"featured_media":0,"parent":3419,"menu_order":0,"comment_status":"closed","ping_status":"closed","template":"templates\/template-application-platform.php","meta":{"publish_to_discourse":"","publish_post_category":"","wpdc_auto_publish_overridden":"","wpdc_topic_tags":"","wpdc_pin_topic":"","wpdc_pin_until":"","discourse_post_id":"","discourse_permalink":"","wpdc_publishing_response":"","wpdc_publishing_error":"","footnotes":""},"class_list":["post-4326","page","type-page","status-publish","hentry"],"yoast_head":"<!-- This site is optimized with the Yoast SEO plugin v25.3.1 - https:\/\/yoast.com\/wordpress\/plugins\/seo\/ -->\n<title>Odtwarzacz muzyki w tle dla strony HTML (bezp\u0142atny i bez kodowania)<\/title>\n<meta name=\"description\" content=\"Dodaj muzyk\u0119 w tle do strony internetowej HTML. Skorzystaj z \u0142atwej w zarz\u0105dzaniu wersji demonstracyjnej Elfsight i zbuduj spersonalizowany widget w zaledwie 2 minuty.\" \/>\n<meta name=\"robots\" content=\"index, follow, max-snippet:-1, max-image-preview:large, max-video-preview:-1\" \/>\n<link rel=\"canonical\" href=\"https:\/\/elfsight.com\/pl\/background-music-widget\/html\/\" \/>\n<meta property=\"og:locale\" content=\"pl_PL\" \/>\n<meta property=\"og:type\" content=\"article\" \/>\n<meta property=\"og:title\" content=\"Odtwarzacz muzyki w tle dla strony HTML (bezp\u0142atny i bez kodowania)\" \/>\n<meta property=\"og:description\" content=\"Dodaj muzyk\u0119 w tle do strony internetowej HTML. Skorzystaj z \u0142atwej w zarz\u0105dzaniu wersji demonstracyjnej Elfsight i zbuduj spersonalizowany widget w zaledwie 2 minuty.\" \/>\n<meta property=\"og:url\" content=\"https:\/\/elfsight.com\/pl\/background-music-widget\/html\/\" \/>\n<meta property=\"og:site_name\" content=\"Elfsight PL\" \/>\n<meta property=\"article:modified_time\" content=\"2024-11-14T09:21:36+00:00\" \/>\n<meta name=\"twitter:card\" content=\"summary_large_image\" \/>\n<meta name=\"twitter:label1\" content=\"Szacowany czas czytania\" \/>\n\t<meta name=\"twitter:data1\" content=\"3 minuty\" \/>\n<!-- \/ Yoast SEO plugin. -->","yoast_head_json":{"title":"Odtwarzacz muzyki w tle dla strony HTML (bezp\u0142atny i bez kodowania)","description":"Dodaj muzyk\u0119 w tle do strony internetowej HTML. Skorzystaj z \u0142atwej w zarz\u0105dzaniu wersji demonstracyjnej Elfsight i zbuduj spersonalizowany widget w zaledwie 2 minuty.","robots":{"index":"index","follow":"follow","max-snippet":"max-snippet:-1","max-image-preview":"max-image-preview:large","max-video-preview":"max-video-preview:-1"},"canonical":"https:\/\/elfsight.com\/pl\/background-music-widget\/html\/","og_locale":"pl_PL","og_type":"article","og_title":"Odtwarzacz muzyki w tle dla strony HTML (bezp\u0142atny i bez kodowania)","og_description":"Dodaj muzyk\u0119 w tle do strony internetowej HTML. Skorzystaj z \u0142atwej w zarz\u0105dzaniu wersji demonstracyjnej Elfsight i zbuduj spersonalizowany widget w zaledwie 2 minuty.","og_url":"https:\/\/elfsight.com\/pl\/background-music-widget\/html\/","og_site_name":"Elfsight PL","article_modified_time":"2024-11-14T09:21:36+00:00","twitter_card":"summary_large_image","twitter_misc":{"Szacowany czas czytania":"3 minuty"},"schema":{"@context":"https:\/\/schema.org","@graph":[{"@type":"WebPage","@id":"https:\/\/elfsight.com\/pl\/background-music-widget\/html\/","url":"https:\/\/elfsight.com\/pl\/background-music-widget\/html\/","name":"Odtwarzacz muzyki w tle dla strony HTML (bezp\u0142atny i bez kodowania)","isPartOf":{"@id":"https:\/\/elfsight.com\/pl\/#website"},"datePublished":"2024-05-03T06:29:28+00:00","dateModified":"2024-11-14T09:21:36+00:00","description":"Dodaj muzyk\u0119 w tle do strony internetowej HTML. Skorzystaj z \u0142atwej w zarz\u0105dzaniu wersji demonstracyjnej Elfsight i zbuduj spersonalizowany widget w zaledwie 2 minuty.","breadcrumb":{"@id":"https:\/\/elfsight.com\/pl\/background-music-widget\/html\/#breadcrumb"},"inLanguage":"pl-PL","potentialAction":[{"@type":"ReadAction","target":["https:\/\/elfsight.com\/pl\/background-music-widget\/html\/"]}]},{"@type":"BreadcrumbList","@id":"https:\/\/elfsight.com\/pl\/background-music-widget\/html\/#breadcrumb","itemListElement":[{"@type":"ListItem","position":1,"name":"Home","item":"https:\/\/elfsight.com\/pl\/"},{"@type":"ListItem","position":2,"name":"Background Music","item":"https:\/\/elfsight.com\/pl\/background-music-widget\/"},{"@type":"ListItem","position":3,"name":"Background Music &#8211; HTML"}]},{"@type":"WebSite","@id":"https:\/\/elfsight.com\/pl\/#website","url":"https:\/\/elfsight.com\/pl\/","name":"Elfsight PL","description":"Just another Elfsight Sites site","potentialAction":[{"@type":"SearchAction","target":{"@type":"EntryPoint","urlTemplate":"https:\/\/elfsight.com\/pl\/?s={search_term_string}"},"query-input":{"@type":"PropertyValueSpecification","valueRequired":true,"valueName":"search_term_string"}}],"inLanguage":"pl-PL"}]}},"meta_box":{"industry":"","seo_heading":"","heading":"","description":"","cta_heading":"","cta_description":"","application":"3335","h1":"Widget HTML z muzyk\u0105 w tle","h1_caption":"Dodaj muzyk\u0119 w tle do swojej witryny, aby bez wysi\u0142ku zapewni\u0107 odwiedzaj\u0105cym wci\u0105gaj\u0105ce wra\u017cenia w witrynie HTML.","application_category":[],"applications_title":"","applications_request_title":"","applications_request_button_text":"","hero_text":"","hero_video":"","hero_video_schema_markup":"","selling_points_title":"","selling_points_caption":"","selling_points":[],"selling_points_cta_text":"","features_title":"","features":"","ed_cta_examples_text":"","ed_cta_examples_hidden":"","ed_cta_demo_text":"","ed_cta_demo_hidden":"","why_caption":"","why_editor_title":"","why_editor_text":"","why_team_title":"","why_team_text":"","why_service_title":"","why_service_text":"","template_catalog_visible":"","template_catalog_title":"","template_catalog_text":"","template_catalog_categories_visible":"","demo_title":"Utw\u00f3rz wid\u017cet Muzyka w tle","demo_caption":"Skonfiguruj muzyk\u0119 w tle i dodaj j\u0105 do swojej witryny HTML za darmo!","default_faq_hidden":"","app_template_category":[],"platform":"50","template_public_id":"","codecanyon_url":"","codecanyon_item_id":"","codecanyon_price":"","pricing_caption":"","pricing_elfsight_apps_hide_column":"","pricing_elfsight_apps_url":"","pricing_codecanyon_price_caption":"","integration_category":[],"integration_request_title":"","integration_request_cta":"","integration_platform":"","integrations":[],"platform_category":[],"video_schema_markup":"","price":"od 0 USD \/ miesi\u0105c","trial":"","benefits":[{"text":"Bezp\u0142atna pomoc w monta\u017cu"},{"text":"Wsparcie premium"},{"text":"14-dniowa gwarancja zwrotu pieni\u0119dzy"}],"button_url":"#demo","button_target_blank":"","button_nofollow":"","attributes":[{"name":"Instaluje"},{"name":"Czu\u0142y"},{"name":"Kompatybilne przegl\u0105darki"}],"tags":[],"tags_disable_links":"","hide_more_platforms":"","video_object":"","demo_hide_cta":"","demo_hide_cloud_options":"","pricing_title":"","pricing":[{"pricing_icon":"platform","pricing_title":"Elfsight Apps","pricing_title_caption":"Wieloplatformowe rozwi\u0105zanie cyfrowe","pricing_price":"od 0 USD \/ miesi\u0105c","pricing_price_caption":"zacznij od bezp\u0142atnego planu","pricing_benefits":[{"text":"Nielimitowane domeny"},{"text":"Ca\u0142odobowa obs\u0142uga klienta"},{"text":"Bezp\u0142atna us\u0142uga monta\u017cu"},{"text":"Oferta specjalna na wiele aplikacji"}],"pricing_button_text":"Dodaj do witryny","pricing_button_url":"#demo"}],"related_apps_title":"","related_apps_hidden":"","author":"","image":[],"title":"","job":"","social_networks":[]},"_links":{"self":[{"href":"https:\/\/elfsight.com\/pl\/wp-json\/wp\/v2\/pages\/4326","targetHints":{"allow":["GET"]}}],"collection":[{"href":"https:\/\/elfsight.com\/pl\/wp-json\/wp\/v2\/pages"}],"about":[{"href":"https:\/\/elfsight.com\/pl\/wp-json\/wp\/v2\/types\/page"}],"author":[{"embeddable":true,"href":"https:\/\/elfsight.com\/pl\/wp-json\/wp\/v2\/users\/9"}],"replies":[{"embeddable":true,"href":"https:\/\/elfsight.com\/pl\/wp-json\/wp\/v2\/comments?post=4326"}],"version-history":[{"count":2,"href":"https:\/\/elfsight.com\/pl\/wp-json\/wp\/v2\/pages\/4326\/revisions"}],"predecessor-version":[{"id":7665,"href":"https:\/\/elfsight.com\/pl\/wp-json\/wp\/v2\/pages\/4326\/revisions\/7665"}],"up":[{"embeddable":true,"href":"https:\/\/elfsight.com\/pl\/wp-json\/wp\/v2\/pages\/3419"}],"wp:attachment":[{"href":"https:\/\/elfsight.com\/pl\/wp-json\/wp\/v2\/media?parent=4326"}],"curies":[{"name":"wp","href":"https:\/\/api.w.org\/{rel}","templated":true}]}}