{"id":4319,"date":"2024-05-03T06:29:25","date_gmt":"2024-05-03T06:29:25","guid":{"rendered":"https:\/\/elfsight.com\/pl\/?page_id=4319"},"modified":"2025-12-03T09:24:45","modified_gmt":"2025-12-03T09:24:45","slug":"shopify","status":"publish","type":"page","link":"https:\/\/elfsight.com\/pl\/background-music-widget\/shopify\/","title":{"rendered":"Background Music &#8211; Shopify"},"content":{"rendered":"<div class=\"application-platform-content-item-description application-platform-content-item\" id=\"description\" data-nav-section=\"description\"> <h2>Osadzaj muzyk\u0119 w tle w Shopify za pomoc\u0105 wid\u017cetu Elfsight<\/h2> <p>Odtwarzacz audio w tle Elfsight to nieskomplikowane narz\u0119dzie dla witryn Shopify, umo\u017cliwiaj\u0105ce do strumieniowego przesy\u0142ania utwor\u00f3w muzycznych bezpo\u015brednio na Twoj\u0105 stron\u0119 internetow\u0105. Widget jest niezwykle modyfikowalny: mo\u017cesz zmieni\u0107 jego po\u0142o\u017cenie, osadzi\u0107 go w dowolnym miejscu strony, zmieni\u0107 jego rozmiar, przemalowa\u0107 t\u0142o i wszystkie inne cz\u0119\u015bci, aby dopasowa\u0107 je do stylu Twojej witryny, zastosowa\u0107 ciemny motyw, zademonstrowa\u0107 ok\u0142adki i wy\u015bwietli\u0107 lub ukry\u0107 cztery inne elementy odtwarzacza, na przyk\u0142ad pasek post\u0119pu, nag\u0142\u00f3wek i wiele innych. Dodaj tyle utwor\u00f3w, ile chcesz zabawia\u0107 odbiorc\u00f3w, w\u0142\u0105cz opcj\u0119 automatycznego odtwarzania i nie miej w\u0105tpliwo\u015bci \u2013 Twoi u\u017cytkownicy nie opuszcz\u0105 Twojej witryny w po\u015bpiechu!<\/p><p><b>Zwi\u0119ksz sukces swojej witryny cele e-commerce z odtwarzaczem muzyki w tle<\/b><\/p> <\/div> <div class=\"application-platform-content-item-features application-platform-content-item\" id=\"features\" data-nav-section=\"features\"> <h2>Oto podstawowe funkcje wid\u017cetu: <\/h2> <ul><li>Nieograniczone warianty kolorystyczne<\/li><li>Schemat kolor\u00f3w ciemny\/jasny<\/li><li>Elastyczny projekt<\/li><li>Dost\u0119pne 2 uk\u0142ady<\/li><li>Mo\u017cliwo\u015b\u0107 do\u0142\u0105czenia obrazu t\u0142a<\/li><\/ul><p><a href=\"#demo\">Po prostu wypr\u00f3buj t\u0119 wersj\u0119 demonstracyjn\u0105, aby uzyska\u0107 pe\u0142ny obraz<\/a><\/p> <\/div> <div class=\"application-platform-content-item-installation application-platform-content-item\" id=\"installation\" data-nav-section=\"installation\"> <h2>Jak doda\u0107 muzyk\u0119 w tle do mojej witryny Shopify?<\/h2><div class=\"video-container\">\n<iframe width=\"720\" height=\"405\" src=\"https:\/\/www.youtube.com\/embed\/MHZj9TywnRo?si=oyvYqIsxL0dLLBnd\" frameborder=\"0\" allowfullscreen=\"\"><\/iframe>\n<\/div><p>Wystarczy wykona\u0107 poni\u017csze wskaz\u00f3wki, aby osadzi\u0107 wtyczk\u0119. <\/p> <ol><li><b>Skorzystaj z naszej bezp\u0142atnej wersji demonstracyjnej i zacznij tworzy\u0107 spersonalizowan\u0105 aplikacj\u0119. <\/b><br> Okre\u015bl po\u017c\u0105dany wygl\u0105d i parametry aplikacji oraz zapisz wszystkie poprawki. <\/li> <li><b>Skopiuj sw\u00f3j osobisty kod ujawniony w specjalnym formularzu w aplikacjach Elfsight. <\/b><br> Po skonfigurowaniu aplikacji skopiuj ekskluzywny kod z wy\u015bwietlonego pola i zachowaj go do wykorzystania w przysz\u0142o\u015bci. <\/li> <li><b>Potwierd\u017a korzystanie z aplikacji w witrynie Shopify. <\/b><br> Wklej ostatnio skopiowany kod na swoj\u0105 stron\u0119 internetow\u0105 i zastosuj modyfikacje. <\/li> <li><b>Instalacja zosta\u0142a pomy\u015blnie zako\u0144czona. <\/b><br> Odwied\u017a swoj\u0105 stron\u0119 internetow\u0105, aby sprawdzi\u0107 dzia\u0142anie aplikacji. <\/li><\/ol><p>Je\u015bli napotkasz pytania lub natkniesz si\u0119 na jak\u0105\u015b przeszkod\u0119, nie b\u00f3j si\u0119 zwr\u00f3ci\u0107 si\u0119 do naszego personelu pomocniczego. Nasi specjali\u015bci z przyjemno\u015bci\u0105 odpowiedz\u0105 na wszystkie pytania dotycz\u0105ce wtyczki. <\/p> <div class=\"faq\" data-component=\"FAQ\"><div class=\"faq-item\">\r\n\t\t\t\t\t<div class=\"faq-item-question\">\r\n\t\t\t\t\t\t<h3 class=\"faq-item-question-text\">Jak mog\u0119 osadzi\u0107 aplikacj\u0119 Muzyka w tle w moim sklepie Shopify bez umiej\u0119tno\u015bci kodowania?<\/h3>\r\n\r\n\t\t\t\t\t\t<div class=\"faq-item-question-icon\"><\/div>\r\n\t\t\t\t\t<\/div>\r\n\r\n\t\t\t\t\t<div class=\"faq-item-answer\">\r\n\t\t\t\t\t\t<div class=\"faq-item-answer-text\"><p>Elfsight zapewnia rozwi\u0105zanie oparte na chmurze, kt\u00f3re umo\u017cliwia u\u017cytkownikom samodzielne tworzenie aplikacji Muzyka w tle . Odkryj, jak prosty mo\u017ce by\u0107 ten proces:<\/p><ul><li>Uzyskaj dost\u0119p do edytora online, aby wygenerowa\u0107 sekcj\u0119 Muzyka w tle, kt\u00f3r\u0105 chcesz zintegrowa\u0107 ze swoim sklepem Shopify.<\/li><li>Wybierz jedn\u0105 z naszych wst\u0119pnie zaprojektowanych szablon\u00f3w i dostosuj ustawienia aplikacji Muzyka w tle, dostosowuj\u0105c uk\u0142ad i schemat kolor\u00f3w oraz do\u0142\u0105czaj\u0105c tre\u015b\u0107 bez konieczno\u015bci kodowania.<\/li><li>Zapisz ustawienia skonfigurowane dla aplikacji Muzyka w tle i uzyskaj kod do osadzenia aplikacji, kt\u00f3ry mo\u017cna bezproblemowo i bezp\u0142atnie doda\u0107 do Twojego sklepu Shopify.<\/li><\/ul><p>Dzi\u0119ki przyjaznemu dla u\u017cytkownika Edytorowi ka\u017cdy mo\u017ce utworzy\u0107 sekcj\u0119 Muzyka w tle i w\u0142\u0105czy\u0107 j\u0105 do w sklepie Shopify bez wymogu p\u0142atno\u015bci lub konieczno\u015bci ujawniania danych karty. Je\u015bli na kt\u00f3rymkolwiek etapie napotkasz jakiekolwiek problemy, nie wahaj si\u0119 skontaktowa\u0107 z naszym dzia\u0142em obs\u0142ugi klienta.<\/p><\/div>\r\n\t\t\t\t\t<\/div>\r\n\t\t\t\t<\/div><\/div><\/div>","protected":false},"excerpt":{"rendered":"","protected":false},"author":9,"featured_media":0,"parent":3419,"menu_order":0,"comment_status":"closed","ping_status":"closed","template":"templates\/template-application-platform.php","meta":{"publish_to_discourse":"","publish_post_category":"","wpdc_auto_publish_overridden":"","wpdc_topic_tags":"","wpdc_pin_topic":"","wpdc_pin_until":"","discourse_post_id":"","discourse_permalink":"","wpdc_publishing_response":"","wpdc_publishing_error":"","footnotes":""},"class_list":["post-4319","page","type-page","status-publish","hentry"],"yoast_head":"<!-- This site is optimized with the Yoast SEO plugin v25.3.1 - https:\/\/yoast.com\/wordpress\/plugins\/seo\/ -->\n<title>D\u017awi\u0119k w tle \u2014 dodaj muzyk\u0119 w tle do sklepu Shopify [ 2025 ]<\/title>\n<meta name=\"description\" content=\"Dodaj elastyczny odtwarzacz muzyki w tle do swojego sklepu Shopify. Skorzystaj z por\u0119cznej wersji demonstracyjnej i w ci\u0105gu kilku minut stw\u00f3rz w\u0142asny odtwarzacz audio.\" \/>\n<meta name=\"robots\" content=\"index, follow, max-snippet:-1, max-image-preview:large, max-video-preview:-1\" \/>\n<link rel=\"canonical\" href=\"https:\/\/elfsight.com\/pl\/background-music-widget\/shopify\/\" \/>\n<meta property=\"og:locale\" content=\"pl_PL\" \/>\n<meta property=\"og:type\" content=\"article\" \/>\n<meta property=\"og:title\" content=\"D\u017awi\u0119k w tle \u2014 dodaj muzyk\u0119 w tle do sklepu Shopify [ 2025 ]\" \/>\n<meta property=\"og:description\" content=\"Dodaj elastyczny odtwarzacz muzyki w tle do swojego sklepu Shopify. Skorzystaj z por\u0119cznej wersji demonstracyjnej i w ci\u0105gu kilku minut stw\u00f3rz w\u0142asny odtwarzacz audio.\" \/>\n<meta property=\"og:url\" content=\"https:\/\/elfsight.com\/pl\/background-music-widget\/shopify\/\" \/>\n<meta property=\"og:site_name\" content=\"Elfsight PL\" \/>\n<meta property=\"article:modified_time\" content=\"2025-12-03T09:24:45+00:00\" \/>\n<meta name=\"twitter:card\" content=\"summary_large_image\" \/>\n<meta name=\"twitter:label1\" content=\"Szacowany czas czytania\" \/>\n\t<meta name=\"twitter:data1\" content=\"3 minuty\" \/>\n<!-- \/ Yoast SEO plugin. -->","yoast_head_json":{"title":"D\u017awi\u0119k w tle \u2014 dodaj muzyk\u0119 w tle do sklepu Shopify [ 2025 ]","description":"Dodaj elastyczny odtwarzacz muzyki w tle do swojego sklepu Shopify. Skorzystaj z por\u0119cznej wersji demonstracyjnej i w ci\u0105gu kilku minut stw\u00f3rz w\u0142asny odtwarzacz audio.","robots":{"index":"index","follow":"follow","max-snippet":"max-snippet:-1","max-image-preview":"max-image-preview:large","max-video-preview":"max-video-preview:-1"},"canonical":"https:\/\/elfsight.com\/pl\/background-music-widget\/shopify\/","og_locale":"pl_PL","og_type":"article","og_title":"D\u017awi\u0119k w tle \u2014 dodaj muzyk\u0119 w tle do sklepu Shopify [ 2025 ]","og_description":"Dodaj elastyczny odtwarzacz muzyki w tle do swojego sklepu Shopify. Skorzystaj z por\u0119cznej wersji demonstracyjnej i w ci\u0105gu kilku minut stw\u00f3rz w\u0142asny odtwarzacz audio.","og_url":"https:\/\/elfsight.com\/pl\/background-music-widget\/shopify\/","og_site_name":"Elfsight PL","article_modified_time":"2025-12-03T09:24:45+00:00","twitter_card":"summary_large_image","twitter_misc":{"Szacowany czas czytania":"3 minuty"},"schema":{"@context":"https:\/\/schema.org","@graph":[{"@type":"WebPage","@id":"https:\/\/elfsight.com\/pl\/background-music-widget\/shopify\/","url":"https:\/\/elfsight.com\/pl\/background-music-widget\/shopify\/","name":"D\u017awi\u0119k w tle \u2014 dodaj muzyk\u0119 w tle do sklepu Shopify [ 2025 ]","isPartOf":{"@id":"https:\/\/elfsight.com\/pl\/#website"},"datePublished":"2024-05-03T06:29:25+00:00","dateModified":"2025-12-03T09:24:45+00:00","description":"Dodaj elastyczny odtwarzacz muzyki w tle do swojego sklepu Shopify. Skorzystaj z por\u0119cznej wersji demonstracyjnej i w ci\u0105gu kilku minut stw\u00f3rz w\u0142asny odtwarzacz audio.","breadcrumb":{"@id":"https:\/\/elfsight.com\/pl\/background-music-widget\/shopify\/#breadcrumb"},"inLanguage":"pl-PL","potentialAction":[{"@type":"ReadAction","target":["https:\/\/elfsight.com\/pl\/background-music-widget\/shopify\/"]}]},{"@type":"BreadcrumbList","@id":"https:\/\/elfsight.com\/pl\/background-music-widget\/shopify\/#breadcrumb","itemListElement":[{"@type":"ListItem","position":1,"name":"Home","item":"https:\/\/elfsight.com\/pl\/"},{"@type":"ListItem","position":2,"name":"Background Music","item":"https:\/\/elfsight.com\/pl\/background-music-widget\/"},{"@type":"ListItem","position":3,"name":"Background Music &#8211; Shopify"}]},{"@type":"WebSite","@id":"https:\/\/elfsight.com\/pl\/#website","url":"https:\/\/elfsight.com\/pl\/","name":"Elfsight PL","description":"Just another Elfsight Sites site","potentialAction":[{"@type":"SearchAction","target":{"@type":"EntryPoint","urlTemplate":"https:\/\/elfsight.com\/pl\/?s={search_term_string}"},"query-input":{"@type":"PropertyValueSpecification","valueRequired":true,"valueName":"search_term_string"}}],"inLanguage":"pl-PL"}]}},"meta_box":{"industry":"","seo_heading":"","heading":"","description":"","cta_heading":"","cta_description":"","application":"3335","h1":"Aplikacja Shopify z muzyk\u0105 w tle","h1_caption":"Dodaj muzyk\u0119 w tle do swojej witryny, aby bez wysi\u0142ku zapewni\u0107 odwiedzaj\u0105cym wci\u0105gaj\u0105ce wra\u017cenia w witrynie Shopify.","application_category":[],"applications_title":"","applications_request_title":"","applications_request_button_text":"","hero_text":"","hero_video":"","hero_video_schema_markup":"","selling_points_title":"","selling_points_caption":"","selling_points":[],"selling_points_cta_text":"","features_title":"","features":"","ed_cta_examples_text":"","ed_cta_examples_hidden":"","ed_cta_demo_text":"","ed_cta_demo_hidden":"","why_caption":"","why_editor_title":"","why_editor_text":"","why_team_title":"","why_team_text":"","why_service_title":"","why_service_text":"","template_catalog_visible":"0","template_catalog_title":"","template_catalog_text":"","template_catalog_categories_visible":"","demo_title":"Utw\u00f3rz aplikacj\u0119 z muzyk\u0105 w tle","demo_caption":"Skonfiguruj muzyk\u0119 w tle i dodaj j\u0105 do swojej witryny Shopify za darmo!","default_faq_hidden":"","app_template_category":[],"platform":"7580","template_public_id":"","codecanyon_url":"","codecanyon_item_id":"","codecanyon_price":"","pricing_caption":"","pricing_elfsight_apps_hide_column":"","pricing_elfsight_apps_url":"","pricing_codecanyon_price_caption":"","integration_category":[],"integration_request_title":"","integration_request_cta":"","integration_platform":"","integrations":[],"platform_category":[],"video_schema_markup":"","price":"od 0 USD \/ miesi\u0105c","trial":"","benefits":[{"text":"Bezp\u0142atna us\u0142uga monta\u017cu"},{"text":"Wsparcie premium"},{"text":"14-dniowa gwarancja zwrotu pieni\u0119dzy"}],"button_url":"#demo","button_target_blank":"0","button_nofollow":"0","attributes":[{"name":"Instaluje"},{"name":"Czu\u0142y"},{"name":"Kompatybilne przegl\u0105darki"}],"tags":[],"tags_disable_links":"0","hide_more_platforms":"0","video_object":"","demo_hide_cta":"0","demo_hide_cloud_options":"0","pricing_title":"","pricing":[{"pricing_icon":"cloud","pricing_title":"Elfsight Apps","pricing_title_caption":"Wersja wieloplatformowa, kt\u00f3ra dzia\u0142a na ka\u017cdej stronie internetowej","pricing_price":"od 0 USD \/ miesi\u0105c","pricing_price_caption":"zacznij od bezp\u0142atnego planu","pricing_benefits":[{"text":"Nielimitowane strony internetowe"},{"text":"Wsparcie premium"},{"text":"Bezp\u0142atna us\u0142uga monta\u017cu"},{"text":"Oferta specjalna na wiele aplikacji"}],"pricing_button_text":"Dodaj do witryny","pricing_button_url":"#demo"}],"related_apps_title":"","related_apps_hidden":"0","author":"","image":[],"title":"","job":"","social_networks":[]},"_links":{"self":[{"href":"https:\/\/elfsight.com\/pl\/wp-json\/wp\/v2\/pages\/4319","targetHints":{"allow":["GET"]}}],"collection":[{"href":"https:\/\/elfsight.com\/pl\/wp-json\/wp\/v2\/pages"}],"about":[{"href":"https:\/\/elfsight.com\/pl\/wp-json\/wp\/v2\/types\/page"}],"author":[{"embeddable":true,"href":"https:\/\/elfsight.com\/pl\/wp-json\/wp\/v2\/users\/9"}],"replies":[{"embeddable":true,"href":"https:\/\/elfsight.com\/pl\/wp-json\/wp\/v2\/comments?post=4319"}],"version-history":[{"count":3,"href":"https:\/\/elfsight.com\/pl\/wp-json\/wp\/v2\/pages\/4319\/revisions"}],"predecessor-version":[{"id":10815,"href":"https:\/\/elfsight.com\/pl\/wp-json\/wp\/v2\/pages\/4319\/revisions\/10815"}],"up":[{"embeddable":true,"href":"https:\/\/elfsight.com\/pl\/wp-json\/wp\/v2\/pages\/3419"}],"wp:attachment":[{"href":"https:\/\/elfsight.com\/pl\/wp-json\/wp\/v2\/media?parent=4319"}],"curies":[{"name":"wp","href":"https:\/\/api.w.org\/{rel}","templated":true}]}}