{"id":4318,"date":"2024-05-03T06:29:24","date_gmt":"2024-05-03T06:29:24","guid":{"rendered":"https:\/\/elfsight.com\/pl\/?page_id=4318"},"modified":"2025-06-23T09:00:37","modified_gmt":"2025-06-23T09:00:37","slug":"squarespace","status":"publish","type":"page","link":"https:\/\/elfsight.com\/pl\/background-music-widget\/squarespace\/","title":{"rendered":"Background Music &#8211; Squarespace"},"content":{"rendered":"<div class=\"application-platform-content-item-description application-platform-content-item\" id=\"description\" data-nav-section=\"description\"> <h2>Osadzaj muzyk\u0119 w tle w Squarespace za pomoc\u0105 wid\u017cetu Elfsight<\/h2> <p>Elfsight w tle to nieskomplikowana wtyczka do Squarespace umo\u017cliwiaj\u0105ca odtwarzanie utwor\u00f3w muzycznych bezpo\u015brednio na stronach Twojej witryny. Widget jest wysoce modyfikowalny: mo\u017cesz dowolnie zmienia\u0107 jego po\u0142o\u017cenie, umieszcza\u0107 go w dowolnym miejscu strony, zmienia\u0107 jego rozmiar, przemalowywa\u0107 t\u0142o i inne cz\u0119\u015bci, aby dopasowa\u0107 je do stylu swojej witryny, u\u017cywa\u0107 ciemnej kolorystyki, wy\u015bwietla\u0107 obrazy i wy\u015bwietla\u0107 lub ukrywaj 4 inne cz\u0119\u015bci gracza, na przyk\u0142ad pasek post\u0119pu, nag\u0142\u00f3wek i inne. Dodaj tyle utwor\u00f3w, ile potrzebujesz, aby zaanga\u017cowa\u0107 u\u017cytkownik\u00f3w, w\u0142\u0105cz autoodtwarzanie i nie miej w\u0105tpliwo\u015bci \u2013 Twoi u\u017cytkownicy nie opuszcz\u0105 Twojej witryny w po\u015bpiechu!<\/p><p><b>Zwi\u0119ksz sukces swojej witryny internetowej -commerce cele za pomoc\u0105 odtwarzacza muzyki w tle<\/b><\/p> <\/div> <div class=\"application-platform-content-item-features application-platform-content-item\" id=\"features\" data-nav-section=\"features\"> <h2>Oferujemy przydatne i \u0142atwe funkcje, zobacz niekt\u00f3re z nich: <\/h2> <ul><li>Nieograniczone zmiany kolor\u00f3w<\/li><li>Schemat kolor\u00f3w ciemnych\/jasnych<\/li><li>Elastyczny projekt<\/li><li>Dwa uk\u0142ady gotowe do u\u017cycia<\/li><li>Mo\u017cliwo\u015b\u0107 aby u\u017cy\u0107 obrazu t\u0142a<\/li><\/ul><p><a href=\"#demo\">Pe\u0142n\u0105 funkcjonalno\u015b\u0107 wid\u017cetu mo\u017cesz sprawdzi\u0107 w wersji demonstracyjnej na tej stronie<\/a><\/p> [\/ application_platform_content_item] <div class=\"application-platform-content-item-installation application-platform-content-item\" id=\"installation\" data-nav-section=\"installation\"><\/div> <h2>Jak doda\u0107 muzyk\u0119 w tle do witryny Squarespace?<\/h2> <div class=\"video-container\"><iframe width=\"720\" height=\"405\" src=\"https:\/\/www.youtube.com\/embed\/wYNlxOwqDkM\" frameborder=\"0\" allowfullscreen=\"\"><\/iframe><\/div><p>Wystarczy wykona\u0107 kroki przedstawione poni\u017cej, aby aktywowa\u0107 wtyczk\u0119. <\/p> <ol><li><b>Zastosuj nasz darmowy konfigurator i zacznij budowa\u0107 sw\u00f3j w\u0142asny widget. <\/b><br> Wybierz niestandardowy wygl\u0105d i specyfikacje narz\u0119dzia oraz zastosuj poprawki.<\/li> <li><b>Spraw, aby Tw\u00f3j indywidualny kod pojawi\u0142 si\u0119 w oknie aplikacji Elfsight<\/b><br> Jako zaraz po zako\u0144czeniu konfiguracji osobistego wid\u017cetu skopiuj osobisty kod w wy\u015bwietlonym oknie i zapisz go do p\u00f3\u017aniejszego u\u017cycia.<\/li> <li><b>Zacznij u\u017cywa\u0107 d\u017awi\u0119ku w tle na swojej stronie Squarespace<\/b> <br> Umie\u015b\u0107 zapisany wcze\u015bniej kod na swojej stronie i zapisz zmiany.<\/li> <li><b>Gotowe! Integracja zosta\u0142a pomy\u015blnie przeprowadzona<\/b><br> Przejd\u017a na swoj\u0105 stron\u0119 internetow\u0105 i zobacz, jak dzia\u0142a widget.<\/li><\/ol> <p>Je\u015bli napotkasz zapytania lub napotkasz trudno\u015bci, nie wahaj si\u0119 odwo\u0142a\u0107 naszemu personelowi pomocniczemu. Nasi konsultanci z przyjemno\u015bci\u0105 odpowiedz\u0105 na wszystkie pytania dotycz\u0105ce produktu. <\/p> <div class=\"faq\" data-component=\"FAQ\"><div class=\"faq-item\">\r\n\t\t\t\t\t<div class=\"faq-item-question\">\r\n\t\t\t\t\t\t<h3 class=\"faq-item-question-text\">Jak osadzi\u0107 muzyk\u0119 w tle na mojej stronie internetowej Squarespace bez umiej\u0119tno\u015bci kodowania?<\/h3>\r\n\r\n\t\t\t\t\t\t<div class=\"faq-item-question-icon\"><\/div>\r\n\t\t\t\t\t<\/div>\r\n\r\n\t\t\t\t\t<div class=\"faq-item-answer\">\r\n\t\t\t\t\t\t<div class=\"faq-item-answer-text\"><p>Elfsight zapewnia rozwi\u0105zanie SaaS, kt\u00f3re umo\u017cliwia samodzielne stworzenie funkcji muzyki w tle; przekonaj si\u0119, jak prosty jest ten proces: u\u017cyj bezpo\u015brednio w edytorze online, aby utworzy\u0107 element muzyki w tle, jaki chcesz dla swojej witryny Squarespace. Wybierz jeden z wst\u0119pnie zaprojektowanych szablon\u00f3w i dostosuj ustawienia muzyki, zintegruj tre\u015b\u0107, dostosuj uk\u0142ad i kolory, a wszystko to bez konieczno\u015bci posiadania umiej\u0119tno\u015bci kodowania. Zapisz funkcj\u0119 muzyczn\u0105 i skopiuj jej kod instalacyjny, aby m\u00f3c bezproblemowo wstawi\u0107 j\u0105 do swojej witryny Squarespace bez konieczno\u015bci zakupu planu premium. Dzi\u0119ki naszemu przyjaznemu dla u\u017cytkownika edytorowi ka\u017cdy u\u017cytkownik Internetu mo\u017ce stworzy\u0107 element muzyki w tle online i wygodnie osadzi\u0107 go na swojej stronie internetowej Squarespace. Aby uzyska\u0107 dost\u0119p do us\u0142ugi, nie ma konieczno\u015bci dokonywania p\u0142atno\u015bci ani podawania danych karty. Je\u015bli na kt\u00f3rymkolwiek etapie napotkasz jakiekolwiek problemy, nie wahaj si\u0119 skontaktowa\u0107 z naszym zespo\u0142em pomocy technicznej.<\/p><\/div>\r\n\t\t\t\t\t<\/div>\r\n\t\t\t\t<\/div><\/div><\/div>","protected":false},"excerpt":{"rendered":"","protected":false},"author":9,"featured_media":0,"parent":3419,"menu_order":0,"comment_status":"closed","ping_status":"closed","template":"templates\/template-application-platform.php","meta":{"publish_to_discourse":"","publish_post_category":"","wpdc_auto_publish_overridden":"","wpdc_topic_tags":"","wpdc_pin_topic":"","wpdc_pin_until":"","discourse_post_id":"","discourse_permalink":"","wpdc_publishing_response":"","wpdc_publishing_error":"","footnotes":""},"class_list":["post-4318","page","type-page","status-publish","hentry"],"yoast_head":"<!-- This site is optimized with the Yoast SEO plugin v25.3.1 - https:\/\/yoast.com\/wordpress\/plugins\/seo\/ -->\n<title>D\u017awi\u0119k w tle \u2014 dodaj muzyk\u0119 w tle do witryny Squarespace<\/title>\n<meta name=\"description\" content=\"Dodaj muzyk\u0119 w tle do witryny Squarespace. Uruchom pomocne demo Elfsight i utw\u00f3rz spersonalizowan\u0105 wtyczk\u0119 audio w ci\u0105gu zaledwie kilku minut.\" \/>\n<meta name=\"robots\" content=\"index, follow, max-snippet:-1, max-image-preview:large, max-video-preview:-1\" \/>\n<link rel=\"canonical\" href=\"https:\/\/elfsight.com\/pl\/background-music-widget\/squarespace\/\" \/>\n<meta property=\"og:locale\" content=\"pl_PL\" \/>\n<meta property=\"og:type\" content=\"article\" \/>\n<meta property=\"og:title\" content=\"D\u017awi\u0119k w tle \u2014 dodaj muzyk\u0119 w tle do witryny Squarespace\" \/>\n<meta property=\"og:description\" content=\"Dodaj muzyk\u0119 w tle do witryny Squarespace. Uruchom pomocne demo Elfsight i utw\u00f3rz spersonalizowan\u0105 wtyczk\u0119 audio w ci\u0105gu zaledwie kilku minut.\" \/>\n<meta property=\"og:url\" content=\"https:\/\/elfsight.com\/pl\/background-music-widget\/squarespace\/\" \/>\n<meta property=\"og:site_name\" content=\"Elfsight PL\" \/>\n<meta property=\"article:modified_time\" content=\"2025-06-23T09:00:37+00:00\" \/>\n<meta name=\"twitter:card\" content=\"summary_large_image\" \/>\n<meta name=\"twitter:label1\" content=\"Szacowany czas czytania\" \/>\n\t<meta name=\"twitter:data1\" content=\"3 minuty\" \/>\n<!-- \/ Yoast SEO plugin. -->","yoast_head_json":{"title":"D\u017awi\u0119k w tle \u2014 dodaj muzyk\u0119 w tle do witryny Squarespace","description":"Dodaj muzyk\u0119 w tle do witryny Squarespace. Uruchom pomocne demo Elfsight i utw\u00f3rz spersonalizowan\u0105 wtyczk\u0119 audio w ci\u0105gu zaledwie kilku minut.","robots":{"index":"index","follow":"follow","max-snippet":"max-snippet:-1","max-image-preview":"max-image-preview:large","max-video-preview":"max-video-preview:-1"},"canonical":"https:\/\/elfsight.com\/pl\/background-music-widget\/squarespace\/","og_locale":"pl_PL","og_type":"article","og_title":"D\u017awi\u0119k w tle \u2014 dodaj muzyk\u0119 w tle do witryny Squarespace","og_description":"Dodaj muzyk\u0119 w tle do witryny Squarespace. Uruchom pomocne demo Elfsight i utw\u00f3rz spersonalizowan\u0105 wtyczk\u0119 audio w ci\u0105gu zaledwie kilku minut.","og_url":"https:\/\/elfsight.com\/pl\/background-music-widget\/squarespace\/","og_site_name":"Elfsight PL","article_modified_time":"2025-06-23T09:00:37+00:00","twitter_card":"summary_large_image","twitter_misc":{"Szacowany czas czytania":"3 minuty"},"schema":{"@context":"https:\/\/schema.org","@graph":[{"@type":"WebPage","@id":"https:\/\/elfsight.com\/pl\/background-music-widget\/squarespace\/","url":"https:\/\/elfsight.com\/pl\/background-music-widget\/squarespace\/","name":"D\u017awi\u0119k w tle \u2014 dodaj muzyk\u0119 w tle do witryny Squarespace","isPartOf":{"@id":"https:\/\/elfsight.com\/pl\/#website"},"datePublished":"2024-05-03T06:29:24+00:00","dateModified":"2025-06-23T09:00:37+00:00","description":"Dodaj muzyk\u0119 w tle do witryny Squarespace. Uruchom pomocne demo Elfsight i utw\u00f3rz spersonalizowan\u0105 wtyczk\u0119 audio w ci\u0105gu zaledwie kilku minut.","breadcrumb":{"@id":"https:\/\/elfsight.com\/pl\/background-music-widget\/squarespace\/#breadcrumb"},"inLanguage":"pl-PL","potentialAction":[{"@type":"ReadAction","target":["https:\/\/elfsight.com\/pl\/background-music-widget\/squarespace\/"]}]},{"@type":"BreadcrumbList","@id":"https:\/\/elfsight.com\/pl\/background-music-widget\/squarespace\/#breadcrumb","itemListElement":[{"@type":"ListItem","position":1,"name":"Home","item":"https:\/\/elfsight.com\/pl\/"},{"@type":"ListItem","position":2,"name":"Background Music","item":"https:\/\/elfsight.com\/pl\/background-music-widget\/"},{"@type":"ListItem","position":3,"name":"Background Music &#8211; Squarespace"}]},{"@type":"WebSite","@id":"https:\/\/elfsight.com\/pl\/#website","url":"https:\/\/elfsight.com\/pl\/","name":"Elfsight PL","description":"Just another Elfsight Sites site","potentialAction":[{"@type":"SearchAction","target":{"@type":"EntryPoint","urlTemplate":"https:\/\/elfsight.com\/pl\/?s={search_term_string}"},"query-input":{"@type":"PropertyValueSpecification","valueRequired":true,"valueName":"search_term_string"}}],"inLanguage":"pl-PL"}]}},"meta_box":{"industry":"","seo_heading":"","heading":"","description":"","cta_heading":"","cta_description":"","application":"3335","h1":"Wtyczka z muzyk\u0105 w tle Squarespace","h1_caption":"Dodaj muzyk\u0119 w tle do swojej witryny, tworz\u0105c wci\u0105gaj\u0105ce wra\u017cenia dla odwiedzaj\u0105cych Twoj\u0105 witryn\u0119 Squarespace bez wysi\u0142ku.","application_category":[],"applications_title":"","applications_request_title":"","applications_request_button_text":"","hero_text":"","hero_video":"","hero_video_schema_markup":"","selling_points_title":"","selling_points_caption":"","selling_points":[],"selling_points_cta_text":"","features_title":"","features":"","ed_cta_examples_text":"","ed_cta_examples_hidden":"","ed_cta_demo_text":"","ed_cta_demo_hidden":"","why_caption":"","why_editor_title":"","why_editor_text":"","why_team_title":"","why_team_text":"","why_service_title":"","why_service_text":"","template_catalog_visible":"0","template_catalog_title":"","template_catalog_text":"","template_catalog_categories_visible":"","demo_title":"Utw\u00f3rz wtyczk\u0119 z muzyk\u0105 w tle","demo_caption":"Skonfiguruj muzyk\u0119 w tle i dodaj j\u0105 do swojej witryny Squarespace za darmo!","default_faq_hidden":"","app_template_category":[],"platform":"7588","template_public_id":"","codecanyon_url":"","codecanyon_item_id":"","codecanyon_price":"","pricing_caption":"","pricing_elfsight_apps_hide_column":"","pricing_elfsight_apps_url":"","pricing_codecanyon_price_caption":"","integration_category":[],"integration_request_title":"","integration_request_cta":"","integration_platform":"","integrations":[],"platform_category":[],"video_schema_markup":"","price":"od 0 USD \/ miesi\u0105c","trial":"","benefits":[{"text":"Bezp\u0142atna pomoc w monta\u017cu"},{"text":"Kompetentna obs\u0142uga klienta"},{"text":"14-dniowa gwarancja zwrotu pieni\u0119dzy"}],"button_url":"#demo","button_target_blank":"0","button_nofollow":"0","attributes":[{"name":"Instaluje"},{"name":"Czu\u0142y"},{"name":"Kompatybilne przegl\u0105darki"}],"tags":[],"tags_disable_links":"0","hide_more_platforms":"0","video_object":"","demo_hide_cta":"0","demo_hide_cloud_options":"0","pricing_title":"","pricing":[{"pricing_icon":"platform","pricing_title":"Elfsight Apps","pricing_title_caption":"Niezale\u017cne od platformy rozwi\u0105zanie cyfrowe","pricing_price":"od 0 USD \/ miesi\u0105c","pricing_price_caption":"zacznij od bezp\u0142atnego planu","pricing_benefits":[{"text":"Nielimitowane strony internetowe"},{"text":"Ca\u0142odobowa obs\u0142uga klienta, dobrze udokumentowana"},{"text":"Bezp\u0142atna pomoc przy instalacji"},{"text":"W pe\u0142ni konfigurowalny"}],"pricing_button_text":"Dodaj do witryny","pricing_button_url":"#demo"}],"related_apps_title":"","related_apps_hidden":"0","author":"","image":[],"title":"","job":"","social_networks":[]},"_links":{"self":[{"href":"https:\/\/elfsight.com\/pl\/wp-json\/wp\/v2\/pages\/4318","targetHints":{"allow":["GET"]}}],"collection":[{"href":"https:\/\/elfsight.com\/pl\/wp-json\/wp\/v2\/pages"}],"about":[{"href":"https:\/\/elfsight.com\/pl\/wp-json\/wp\/v2\/types\/page"}],"author":[{"embeddable":true,"href":"https:\/\/elfsight.com\/pl\/wp-json\/wp\/v2\/users\/9"}],"replies":[{"embeddable":true,"href":"https:\/\/elfsight.com\/pl\/wp-json\/wp\/v2\/comments?post=4318"}],"version-history":[{"count":2,"href":"https:\/\/elfsight.com\/pl\/wp-json\/wp\/v2\/pages\/4318\/revisions"}],"predecessor-version":[{"id":7663,"href":"https:\/\/elfsight.com\/pl\/wp-json\/wp\/v2\/pages\/4318\/revisions\/7663"}],"up":[{"embeddable":true,"href":"https:\/\/elfsight.com\/pl\/wp-json\/wp\/v2\/pages\/3419"}],"wp:attachment":[{"href":"https:\/\/elfsight.com\/pl\/wp-json\/wp\/v2\/media?parent=4318"}],"curies":[{"name":"wp","href":"https:\/\/api.w.org\/{rel}","templated":true}]}}