{"id":4312,"date":"2024-05-03T06:29:22","date_gmt":"2024-05-03T06:29:22","guid":{"rendered":"https:\/\/elfsight.com\/pl\/?page_id=4312"},"modified":"2024-11-14T09:21:29","modified_gmt":"2024-11-14T09:21:29","slug":"webnode","status":"publish","type":"page","link":"https:\/\/elfsight.com\/pl\/background-music-widget\/webnode\/","title":{"rendered":"Background Music &#8211; Webnode"},"content":{"rendered":"<div class=\"application-platform-content-item-description application-platform-content-item\" id=\"description\" data-nav-section=\"description\"> <h2>Opis<\/h2> <p>Odtwarzacz Elfsight w tle to prosta wtyczka do Webnode, kt\u00f3ra umo\u017cliwia strumieniowe przesy\u0142anie utwor\u00f3w muzycznych bezpo\u015brednio na Tw\u00f3j strona internetowa. Narz\u0119dzie ma ogromne mo\u017cliwo\u015bci dostosowywania: mo\u017cesz zmieni\u0107 jego po\u0142o\u017cenie, wstawi\u0107 w dowolnym miejscu strony, zmieni\u0107 jego rozmiar, zmieni\u0107 kolor t\u0142a i wszystkich innych cz\u0119\u015bci, aby dopasowa\u0107 je do stylu Twojej witryny, zastosowa\u0107 ciemn\u0105 kolorystyk\u0119, pokaza\u0107 ok\u0142adki i wy\u015bwietli\u0107 lub ukry\u0107 cztery inne elementy odtwarzacza, takie jak pasek post\u0119pu, tytu\u0142 i inne. Prze\u015blij tyle utwor\u00f3w, ile potrzebujesz, aby zachwyci\u0107 odbiorc\u00f3w, w\u0142\u0105cz autoodtwarzanie i nie wahaj si\u0119 \u2013 Twoi odbiorcy nie opuszcz\u0105 Twojej strony g\u0142\u00f3wnej w po\u015bpiechu. <\/p> <p><b>Dzi\u0119ki odtwarzaczowi muzyki w tle Elfsight mo\u017cesz aktywnie rozwija\u0107 biznes i zwi\u0119ksza\u0107 sprzeda\u017c <\/b><\/p> <\/div> <div class=\"application-platform-content-item-features application-platform-content-item\" id=\"features\" data-nav-section=\"features\"> <h2>Najwa\u017cniejszy widget oferta funkcji<\/h2> <ul><li>R\u00f3\u017cne zmiany kolor\u00f3w<\/li><li>Motyw ciemnych\/jasnych kolor\u00f3w<\/li><li>Elastyczny projekt<\/li><li>Dost\u0119pne 2 uk\u0142ady<\/li> <li>Mo\u017cliwo\u015b\u0107 dodania obrazu t\u0142a<\/li><\/ul><p><a href=\"#demo\">Po prostu wypr\u00f3buj t\u0119 wersj\u0119 demonstracyjn\u0105, aby zobaczy\u0107, jak to dzia\u0142a<\/a><\/p> <\/div> <div class=\"application-platform-content-item-installation application-platform-content-item\" id=\"installation\" data-nav-section=\"installation\"> <h2>Jak doda\u0107 muzyk\u0119 w tle Elfsight do mojego Webnode?<\/h2> <p>Wystarczy post\u0119powa\u0107 zgodnie z poni\u017cszymi instrukcjami, aby zintegrowa\u0107 narz\u0119dzie.<\/p> <ol><li><b>Otw\u00f3rz nasz darmowy edytor i zacznij kszta\u0142towa\u0107 sw\u00f3j spersonalizowany instrument. <\/b><br> Okre\u015bl preferowan\u0105 form\u0119 i cechy wtyczki oraz zastosuj zmiany.<\/li> <li><b>Skopiuj indywidualny kod pojawiaj\u0105cy si\u0119 w specjalnym formularzu w aplikacjach Elfsight<\/b><br> Zaraz po utworzeniu wid\u017cetu skopiuj indywidualny kod z wyskakuj\u0105cego okienka i zachowaj go do p\u00f3\u017aniejszego wykorzystania.<\/li> <li><b>Potwierd\u017a u\u017cycie d\u017awi\u0119ku w tle w witrynie Webnode<\/b><br> Umie\u015b\u0107 skopiowany wcze\u015bniej kod na swojej stronie i zastosuj zmiany.<\/li> <li><b>Gotowe! Integracja zosta\u0142a ca\u0142kowicie zako\u0144czona.<\/b><br> Odwied\u017a swoj\u0105 stron\u0119, aby zobaczy\u0107, jak dzia\u0142a wtyczka.<\/li><\/ol> <p>W przypadku pyta\u0144 lub napotkania trudno\u015bci prosimy o kontakt z naszym dzia\u0142em pomocy technicznej. Nasi ludzie ch\u0119tnie odpowiedz\u0105 na wszystkie pytania dotycz\u0105ce tego narz\u0119dzia. <\/p> <\/div>","protected":false},"excerpt":{"rendered":"","protected":false},"author":9,"featured_media":0,"parent":3419,"menu_order":0,"comment_status":"closed","ping_status":"closed","template":"templates\/template-application-platform.php","meta":{"publish_to_discourse":"","publish_post_category":"","wpdc_auto_publish_overridden":"","wpdc_topic_tags":"","wpdc_pin_topic":"","wpdc_pin_until":"","discourse_post_id":"","discourse_permalink":"","wpdc_publishing_response":"","wpdc_publishing_error":"","footnotes":""},"class_list":["post-4312","page","type-page","status-publish","hentry"],"yoast_head":"<!-- This site is optimized with the Yoast SEO plugin v25.3.1 - https:\/\/yoast.com\/wordpress\/plugins\/seo\/ -->\n<title>Wid\u017cet odtwarzacza muzyki w tle dla witryny Webnode (bezp\u0142atny i szybki)<\/title>\n<meta name=\"description\" content=\"Umie\u015b\u0107 adaptacyjny odtwarzacz muzyki w tle na swojej stronie Webnode. Skorzystaj z przydatnej wersji demonstracyjnej Elfsight i utw\u00f3rz w\u0142asny widget w zaledwie 2 minuty.\" \/>\n<meta name=\"robots\" content=\"index, follow, max-snippet:-1, max-image-preview:large, max-video-preview:-1\" \/>\n<link rel=\"canonical\" href=\"https:\/\/elfsight.com\/pl\/background-music-widget\/webnode\/\" \/>\n<meta property=\"og:locale\" content=\"pl_PL\" \/>\n<meta property=\"og:type\" content=\"article\" \/>\n<meta property=\"og:title\" content=\"Wid\u017cet odtwarzacza muzyki w tle dla witryny Webnode (bezp\u0142atny i szybki)\" \/>\n<meta property=\"og:description\" content=\"Umie\u015b\u0107 adaptacyjny odtwarzacz muzyki w tle na swojej stronie Webnode. Skorzystaj z przydatnej wersji demonstracyjnej Elfsight i utw\u00f3rz w\u0142asny widget w zaledwie 2 minuty.\" \/>\n<meta property=\"og:url\" content=\"https:\/\/elfsight.com\/pl\/background-music-widget\/webnode\/\" \/>\n<meta property=\"og:site_name\" content=\"Elfsight PL\" \/>\n<meta property=\"article:modified_time\" content=\"2024-11-14T09:21:29+00:00\" \/>\n<meta name=\"twitter:card\" content=\"summary_large_image\" \/>\n<meta name=\"twitter:label1\" content=\"Szacowany czas czytania\" \/>\n\t<meta name=\"twitter:data1\" content=\"2 minuty\" \/>\n<!-- \/ Yoast SEO plugin. -->","yoast_head_json":{"title":"Wid\u017cet odtwarzacza muzyki w tle dla witryny Webnode (bezp\u0142atny i szybki)","description":"Umie\u015b\u0107 adaptacyjny odtwarzacz muzyki w tle na swojej stronie Webnode. Skorzystaj z przydatnej wersji demonstracyjnej Elfsight i utw\u00f3rz w\u0142asny widget w zaledwie 2 minuty.","robots":{"index":"index","follow":"follow","max-snippet":"max-snippet:-1","max-image-preview":"max-image-preview:large","max-video-preview":"max-video-preview:-1"},"canonical":"https:\/\/elfsight.com\/pl\/background-music-widget\/webnode\/","og_locale":"pl_PL","og_type":"article","og_title":"Wid\u017cet odtwarzacza muzyki w tle dla witryny Webnode (bezp\u0142atny i szybki)","og_description":"Umie\u015b\u0107 adaptacyjny odtwarzacz muzyki w tle na swojej stronie Webnode. Skorzystaj z przydatnej wersji demonstracyjnej Elfsight i utw\u00f3rz w\u0142asny widget w zaledwie 2 minuty.","og_url":"https:\/\/elfsight.com\/pl\/background-music-widget\/webnode\/","og_site_name":"Elfsight PL","article_modified_time":"2024-11-14T09:21:29+00:00","twitter_card":"summary_large_image","twitter_misc":{"Szacowany czas czytania":"2 minuty"},"schema":{"@context":"https:\/\/schema.org","@graph":[{"@type":"WebPage","@id":"https:\/\/elfsight.com\/pl\/background-music-widget\/webnode\/","url":"https:\/\/elfsight.com\/pl\/background-music-widget\/webnode\/","name":"Wid\u017cet odtwarzacza muzyki w tle dla witryny Webnode (bezp\u0142atny i szybki)","isPartOf":{"@id":"https:\/\/elfsight.com\/pl\/#website"},"datePublished":"2024-05-03T06:29:22+00:00","dateModified":"2024-11-14T09:21:29+00:00","description":"Umie\u015b\u0107 adaptacyjny odtwarzacz muzyki w tle na swojej stronie Webnode. Skorzystaj z przydatnej wersji demonstracyjnej Elfsight i utw\u00f3rz w\u0142asny widget w zaledwie 2 minuty.","breadcrumb":{"@id":"https:\/\/elfsight.com\/pl\/background-music-widget\/webnode\/#breadcrumb"},"inLanguage":"pl-PL","potentialAction":[{"@type":"ReadAction","target":["https:\/\/elfsight.com\/pl\/background-music-widget\/webnode\/"]}]},{"@type":"BreadcrumbList","@id":"https:\/\/elfsight.com\/pl\/background-music-widget\/webnode\/#breadcrumb","itemListElement":[{"@type":"ListItem","position":1,"name":"Home","item":"https:\/\/elfsight.com\/pl\/"},{"@type":"ListItem","position":2,"name":"Background Music","item":"https:\/\/elfsight.com\/pl\/background-music-widget\/"},{"@type":"ListItem","position":3,"name":"Background Music &#8211; Webnode"}]},{"@type":"WebSite","@id":"https:\/\/elfsight.com\/pl\/#website","url":"https:\/\/elfsight.com\/pl\/","name":"Elfsight PL","description":"Just another Elfsight Sites site","potentialAction":[{"@type":"SearchAction","target":{"@type":"EntryPoint","urlTemplate":"https:\/\/elfsight.com\/pl\/?s={search_term_string}"},"query-input":{"@type":"PropertyValueSpecification","valueRequired":true,"valueName":"search_term_string"}}],"inLanguage":"pl-PL"}]}},"meta_box":{"industry":"","seo_heading":"","heading":"","description":"","cta_heading":"","cta_description":"","application":"3335","h1":"Widget Muzyka w tle Webnode","h1_caption":"Dodaj muzyk\u0119 w tle do swojej witryny, tworz\u0105c wci\u0105gaj\u0105ce wra\u017cenia dla odwiedzaj\u0105cych Twoj\u0105 witryn\u0119 Webnode bez wysi\u0142ku.","application_category":[],"applications_title":"","applications_request_title":"","applications_request_button_text":"","hero_text":"","hero_video":"","hero_video_schema_markup":"","selling_points_title":"","selling_points_caption":"","selling_points":[],"selling_points_cta_text":"","features_title":"","features":"","ed_cta_examples_text":"","ed_cta_examples_hidden":"","ed_cta_demo_text":"","ed_cta_demo_hidden":"","why_caption":"","why_editor_title":"","why_editor_text":"","why_team_title":"","why_team_text":"","why_service_title":"","why_service_text":"","template_catalog_visible":"","template_catalog_title":"","template_catalog_text":"","template_catalog_categories_visible":"","demo_title":"Utw\u00f3rz wid\u017cet Muzyka w tle","demo_caption":"Skonfiguruj muzyk\u0119 w tle i dodaj j\u0105 do swojej witryny Webnode za darmo!","default_faq_hidden":"","app_template_category":[],"platform":"138","template_public_id":"","codecanyon_url":"","codecanyon_item_id":"","codecanyon_price":"","pricing_caption":"","pricing_elfsight_apps_hide_column":"","pricing_elfsight_apps_url":"","pricing_codecanyon_price_caption":"","integration_category":[],"integration_request_title":"","integration_request_cta":"","integration_platform":"","integrations":[],"platform_category":[],"video_schema_markup":"","price":"od 0 USD \/ miesi\u0105c","trial":"","benefits":[{"text":"Bezp\u0142atna pomoc w instalacji"},{"text":"Wyj\u0105tkowe wsparcie"},{"text":"14-dniowa gwarancja zwrotu pieni\u0119dzy"}],"button_url":"#demo","button_target_blank":"","button_nofollow":"","attributes":[{"name":"Instaluje"},{"name":"Czu\u0142y"},{"name":"Kompatybilne przegl\u0105darki"}],"tags":[],"tags_disable_links":"","hide_more_platforms":"","video_object":"","demo_hide_cta":"","demo_hide_cloud_options":"","pricing_title":"","pricing":[{"pricing_icon":"platform","pricing_title":"Elfsight Apps","pricing_title_caption":"Wieloplatformowe rozwi\u0105zanie cyfrowe","pricing_price":"od 0 USD \/ miesi\u0105c","pricing_price_caption":"zacznij od bezp\u0142atnego planu","pricing_benefits":[{"text":"Nielimitowane strony internetowe"},{"text":"Profesjonalne wsparcie"},{"text":"Bezp\u0142atna us\u0142uga monta\u017cu"},{"text":"Specjalna cena za wiele aplikacji"}],"pricing_button_text":"Dodaj do witryny","pricing_button_url":"#demo"}],"related_apps_title":"","related_apps_hidden":"","author":"","image":[],"title":"","job":"","social_networks":[]},"_links":{"self":[{"href":"https:\/\/elfsight.com\/pl\/wp-json\/wp\/v2\/pages\/4312","targetHints":{"allow":["GET"]}}],"collection":[{"href":"https:\/\/elfsight.com\/pl\/wp-json\/wp\/v2\/pages"}],"about":[{"href":"https:\/\/elfsight.com\/pl\/wp-json\/wp\/v2\/types\/page"}],"author":[{"embeddable":true,"href":"https:\/\/elfsight.com\/pl\/wp-json\/wp\/v2\/users\/9"}],"replies":[{"embeddable":true,"href":"https:\/\/elfsight.com\/pl\/wp-json\/wp\/v2\/comments?post=4312"}],"version-history":[{"count":1,"href":"https:\/\/elfsight.com\/pl\/wp-json\/wp\/v2\/pages\/4312\/revisions"}],"predecessor-version":[{"id":4316,"href":"https:\/\/elfsight.com\/pl\/wp-json\/wp\/v2\/pages\/4312\/revisions\/4316"}],"up":[{"embeddable":true,"href":"https:\/\/elfsight.com\/pl\/wp-json\/wp\/v2\/pages\/3419"}],"wp:attachment":[{"href":"https:\/\/elfsight.com\/pl\/wp-json\/wp\/v2\/media?parent=4312"}],"curies":[{"name":"wp","href":"https:\/\/api.w.org\/{rel}","templated":true}]}}