{"id":4311,"date":"2024-05-03T06:29:21","date_gmt":"2024-05-03T06:29:21","guid":{"rendered":"https:\/\/elfsight.com\/pl\/?page_id=4311"},"modified":"2024-11-14T09:21:21","modified_gmt":"2024-11-14T09:21:21","slug":"weebly","status":"publish","type":"page","link":"https:\/\/elfsight.com\/pl\/background-music-widget\/weebly\/","title":{"rendered":"Background Music &#8211; Weebly"},"content":{"rendered":"<div class=\"application-platform-content-item-description application-platform-content-item\" id=\"description\" data-nav-section=\"description\"> <h2>Opis<\/h2> <p>Odtwarzacz w tle Elfsight to nieskomplikowany widget, kt\u00f3ry pozwala odtwarza\u0107 \u015bcie\u017cki audio w tle bezpo\u015brednio na stronach swoj\u0105 witryn\u0119 Weebly. Narz\u0119dzie jest w pe\u0142ni konfigurowalne: mo\u017cesz zmienia\u0107 jego po\u0142o\u017cenie, ustawia\u0107 w dowolnym miejscu strony, skalowa\u0107 jego rozmiar, przemalowywa\u0107 t\u0142o i wszystkie inne cz\u0119\u015bci, aby dopasowa\u0107 je do projektu witryny, zastosowa\u0107 ciemny motyw, wy\u015bwietla\u0107 obrazy i pokazywa\u0107 je lub ukrywa\u0107 4 dodatkowe elementy gracza, np. pasek post\u0119pu, nag\u0142\u00f3wek i inne. Prze\u015blij tyle utwor\u00f3w, ile potrzebujesz, aby zachwyci\u0107 odbiorc\u00f3w, w\u0142\u0105cz autoodtwarzanie i nie wahaj si\u0119 \u2013 Twoi u\u017cytkownicy nie opuszcz\u0105 Twojej witryny w po\u015bpiechu!<\/p><p><b>Uczy\u0144 swoj\u0105 witryn\u0119 bardziej efektywn\u0105 dla zadania biznesowe z odtwarzaczem muzyki w tle<\/b><\/p> <\/div> <div class=\"application-platform-content-item-features application-platform-content-item\" id=\"features\" data-nav-section=\"features\"> <h2>Aplikacja posiada przydatne i szybkie funkcje, zobacz niekt\u00f3re z nich: <\/h2> <ul><li>R\u00f3\u017cne zmiany kolor\u00f3w<\/li><li>Motyw ciemnego\/jasnego koloru<\/li><li>Plastyczny projekt<\/li><li>Dost\u0119pne s\u0105 dwa uk\u0142ady<\/li><li>Opcja do\u0142\u0105czenia obrazu t\u0142a<\/li><\/ul><p><a href=\"#demo\">Sprawd\u017a wszystkie ustawienia w pe\u0142nej wersji demonstracyjnej<\/a><\/p> <\/div> <div class=\"application-platform-content-item-installation application-platform-content-item\" id=\"installation\" data-nav-section=\"installation\"> <h2>Jak doda\u0107 muzyk\u0119 w tle do witryny Weebly?<\/h2> <div class=\"video-container\"><iframe width=\"720\" height=\"405\" src=\"https:\/\/www.youtube.com\/embed\/xH-vwGwdHQw\" frameborder=\"0\" allowfullscreen><\/iframe><\/div><p>Wystarczy post\u0119powa\u0107 zgodnie z poni\u017cszymi wskaz\u00f3wkami, aby rozpocz\u0105\u0107 korzystanie z aplikacji.<\/p> <ol><li><b>Otw\u00f3rz nasz\u0105 bezp\u0142atn\u0105 demo i rozpocznij tworzenie aplikacji dostosowanej do Twoich potrzeb. <\/b><br> Okre\u015bl wybrany wygl\u0105d i cechy funkcjonalne aplikacji oraz zastosuj wszystkie zmiany. <\/li> <li><b>Uzyskaj sw\u00f3j unikalny kod widoczny w polu w aplikacjach Elfsight. <\/b><br> Po zako\u0144czeniu tworzenia aplikacji osobistej skopiuj ekskluzywny kod w wy\u015bwietlonym oknie i zachowaj go do p\u00f3\u017aniejszego wykorzystania. <\/li> <li><b>Rozpocznij korzystanie z aplikacji w swojej witrynie Weebly. <\/b><br> Wklej ostatnio zapisany kod do swojej witryny i zastosuj ulepszenia. <\/li> <li><b>Gotowe! Integracja zosta\u0142a w pe\u0142ni uko\u0144czona. <\/b><br> Przejd\u017a do swojej strony internetowej i sprawd\u017a, jak dzia\u0142a aplikacja. <\/li><\/ol><p>Je\u015bli masz pytania lub napotkasz trudno\u015bci, nie wahaj si\u0119 zg\u0142osi\u0107 do naszego personelu obs\u0142ugi klienta. Nasi konsultanci ch\u0119tnie pomog\u0105 Ci we wszystkich problemach, jakie mo\u017cesz mie\u0107 w aplikacji.<\/p> <\/div>","protected":false},"excerpt":{"rendered":"","protected":false},"author":9,"featured_media":0,"parent":3419,"menu_order":0,"comment_status":"closed","ping_status":"closed","template":"templates\/template-application-platform.php","meta":{"publish_to_discourse":"","publish_post_category":"","wpdc_auto_publish_overridden":"","wpdc_topic_tags":"","wpdc_pin_topic":"","wpdc_pin_until":"","discourse_post_id":"","discourse_permalink":"","wpdc_publishing_response":"","wpdc_publishing_error":"","footnotes":""},"class_list":["post-4311","page","type-page","status-publish","hentry"],"yoast_head":"<!-- This site is optimized with the Yoast SEO plugin v25.3.1 - https:\/\/yoast.com\/wordpress\/plugins\/seo\/ -->\n<title>D\u017awi\u0119k w tle \u2014 dodaj muzyk\u0119 w tle do witryny Weebly [2025]<\/title>\n<meta name=\"description\" content=\"Dodaj odtwarzacz muzyki w tle do swojej witryny Weebly. Skorzystaj z wygodnego demo i wygeneruj w\u0142asny widget audio w zaledwie 2 minuty.\" \/>\n<meta name=\"robots\" content=\"index, follow, max-snippet:-1, max-image-preview:large, max-video-preview:-1\" \/>\n<link rel=\"canonical\" href=\"https:\/\/elfsight.com\/pl\/background-music-widget\/weebly\/\" \/>\n<meta property=\"og:locale\" content=\"pl_PL\" \/>\n<meta property=\"og:type\" content=\"article\" \/>\n<meta property=\"og:title\" content=\"D\u017awi\u0119k w tle \u2014 dodaj muzyk\u0119 w tle do witryny Weebly [2025]\" \/>\n<meta property=\"og:description\" content=\"Dodaj odtwarzacz muzyki w tle do swojej witryny Weebly. Skorzystaj z wygodnego demo i wygeneruj w\u0142asny widget audio w zaledwie 2 minuty.\" \/>\n<meta property=\"og:url\" content=\"https:\/\/elfsight.com\/pl\/background-music-widget\/weebly\/\" \/>\n<meta property=\"og:site_name\" content=\"Elfsight PL\" \/>\n<meta property=\"article:modified_time\" content=\"2024-11-14T09:21:21+00:00\" \/>\n<meta name=\"twitter:card\" content=\"summary_large_image\" \/>\n<meta name=\"twitter:label1\" content=\"Szacowany czas czytania\" \/>\n\t<meta name=\"twitter:data1\" content=\"2 minuty\" \/>\n<!-- \/ Yoast SEO plugin. -->","yoast_head_json":{"title":"D\u017awi\u0119k w tle \u2014 dodaj muzyk\u0119 w tle do witryny Weebly [2025]","description":"Dodaj odtwarzacz muzyki w tle do swojej witryny Weebly. Skorzystaj z wygodnego demo i wygeneruj w\u0142asny widget audio w zaledwie 2 minuty.","robots":{"index":"index","follow":"follow","max-snippet":"max-snippet:-1","max-image-preview":"max-image-preview:large","max-video-preview":"max-video-preview:-1"},"canonical":"https:\/\/elfsight.com\/pl\/background-music-widget\/weebly\/","og_locale":"pl_PL","og_type":"article","og_title":"D\u017awi\u0119k w tle \u2014 dodaj muzyk\u0119 w tle do witryny Weebly [2025]","og_description":"Dodaj odtwarzacz muzyki w tle do swojej witryny Weebly. Skorzystaj z wygodnego demo i wygeneruj w\u0142asny widget audio w zaledwie 2 minuty.","og_url":"https:\/\/elfsight.com\/pl\/background-music-widget\/weebly\/","og_site_name":"Elfsight PL","article_modified_time":"2024-11-14T09:21:21+00:00","twitter_card":"summary_large_image","twitter_misc":{"Szacowany czas czytania":"2 minuty"},"schema":{"@context":"https:\/\/schema.org","@graph":[{"@type":"WebPage","@id":"https:\/\/elfsight.com\/pl\/background-music-widget\/weebly\/","url":"https:\/\/elfsight.com\/pl\/background-music-widget\/weebly\/","name":"D\u017awi\u0119k w tle \u2014 dodaj muzyk\u0119 w tle do witryny Weebly [2025]","isPartOf":{"@id":"https:\/\/elfsight.com\/pl\/#website"},"datePublished":"2024-05-03T06:29:21+00:00","dateModified":"2024-11-14T09:21:21+00:00","description":"Dodaj odtwarzacz muzyki w tle do swojej witryny Weebly. Skorzystaj z wygodnego demo i wygeneruj w\u0142asny widget audio w zaledwie 2 minuty.","breadcrumb":{"@id":"https:\/\/elfsight.com\/pl\/background-music-widget\/weebly\/#breadcrumb"},"inLanguage":"pl-PL","potentialAction":[{"@type":"ReadAction","target":["https:\/\/elfsight.com\/pl\/background-music-widget\/weebly\/"]}]},{"@type":"BreadcrumbList","@id":"https:\/\/elfsight.com\/pl\/background-music-widget\/weebly\/#breadcrumb","itemListElement":[{"@type":"ListItem","position":1,"name":"Home","item":"https:\/\/elfsight.com\/pl\/"},{"@type":"ListItem","position":2,"name":"Background Music","item":"https:\/\/elfsight.com\/pl\/background-music-widget\/"},{"@type":"ListItem","position":3,"name":"Background Music &#8211; Weebly"}]},{"@type":"WebSite","@id":"https:\/\/elfsight.com\/pl\/#website","url":"https:\/\/elfsight.com\/pl\/","name":"Elfsight PL","description":"Just another Elfsight Sites site","potentialAction":[{"@type":"SearchAction","target":{"@type":"EntryPoint","urlTemplate":"https:\/\/elfsight.com\/pl\/?s={search_term_string}"},"query-input":{"@type":"PropertyValueSpecification","valueRequired":true,"valueName":"search_term_string"}}],"inLanguage":"pl-PL"}]}},"meta_box":{"industry":"","seo_heading":"","heading":"","description":"","cta_heading":"","cta_description":"","application":"3335","h1":"Aplikacja Weebly z muzyk\u0105 w tle","h1_caption":"Dodaj muzyk\u0119 w tle do swojej witryny, aby bez wysi\u0142ku stworzy\u0107 wci\u0105gaj\u0105ce do\u015bwiadczenie dla odwiedzaj\u0105cych Twoj\u0105 witryn\u0119 Weebly.","application_category":[],"applications_title":"","applications_request_title":"","applications_request_button_text":"","hero_text":"","hero_video":"","hero_video_schema_markup":"","selling_points_title":"","selling_points_caption":"","selling_points":[],"selling_points_cta_text":"","features_title":"","features":"","ed_cta_examples_text":"","ed_cta_examples_hidden":"","ed_cta_demo_text":"","ed_cta_demo_hidden":"","why_caption":"","why_editor_title":"","why_editor_text":"","why_team_title":"","why_team_text":"","why_service_title":"","why_service_text":"","template_catalog_visible":"","template_catalog_title":"","template_catalog_text":"","template_catalog_categories_visible":"","demo_title":"Utw\u00f3rz aplikacj\u0119 z muzyk\u0105 w tle","demo_caption":"Skonfiguruj muzyk\u0119 w tle i dodaj j\u0105 do swojej witryny Weebly za darmo!","default_faq_hidden":"","app_template_category":[],"platform":"132","template_public_id":"","codecanyon_url":"","codecanyon_item_id":"","codecanyon_price":"","pricing_caption":"","pricing_elfsight_apps_hide_column":"","pricing_elfsight_apps_url":"","pricing_codecanyon_price_caption":"","integration_category":[],"integration_request_title":"","integration_request_cta":"","integration_platform":"","integrations":[],"platform_category":[],"video_schema_markup":"","price":"od 0 USD \/ miesi\u0105c","trial":"","benefits":[{"text":"Bezp\u0142atna us\u0142uga monta\u017cu"},{"text":"Skuteczna obs\u0142uga klienta"},{"text":"14-dniowa gwarancja zwrotu pieni\u0119dzy"}],"button_url":"#demo","button_target_blank":"","button_nofollow":"","attributes":[{"name":"Instaluje"},{"name":"Czu\u0142y"},{"name":"Kompatybilne przegl\u0105darki"}],"tags":[],"tags_disable_links":"","hide_more_platforms":"","video_object":"","demo_hide_cta":"","demo_hide_cloud_options":"","pricing_title":"","pricing":[{"pricing_icon":"platform","pricing_title":"Elfsight Apps","pricing_title_caption":"Niezale\u017cne od platformy rozwi\u0105zanie cyfrowe","pricing_price":"od 0 USD \/ miesi\u0105c","pricing_price_caption":"zacznij od bezp\u0142atnego planu","pricing_benefits":[{"text":"Nielimitowane domeny"},{"text":"Dedykowane wsparcie firmy"},{"text":"Bezp\u0142atna pomoc w monta\u017cu"},{"text":"100% konfigurowalny"}],"pricing_button_text":"Dodaj do witryny","pricing_button_url":"#demo"}],"related_apps_title":"","related_apps_hidden":"","author":"","image":[],"title":"","job":"","social_networks":[]},"_links":{"self":[{"href":"https:\/\/elfsight.com\/pl\/wp-json\/wp\/v2\/pages\/4311","targetHints":{"allow":["GET"]}}],"collection":[{"href":"https:\/\/elfsight.com\/pl\/wp-json\/wp\/v2\/pages"}],"about":[{"href":"https:\/\/elfsight.com\/pl\/wp-json\/wp\/v2\/types\/page"}],"author":[{"embeddable":true,"href":"https:\/\/elfsight.com\/pl\/wp-json\/wp\/v2\/users\/9"}],"replies":[{"embeddable":true,"href":"https:\/\/elfsight.com\/pl\/wp-json\/wp\/v2\/comments?post=4311"}],"version-history":[{"count":2,"href":"https:\/\/elfsight.com\/pl\/wp-json\/wp\/v2\/pages\/4311\/revisions"}],"predecessor-version":[{"id":7661,"href":"https:\/\/elfsight.com\/pl\/wp-json\/wp\/v2\/pages\/4311\/revisions\/7661"}],"up":[{"embeddable":true,"href":"https:\/\/elfsight.com\/pl\/wp-json\/wp\/v2\/pages\/3419"}],"wp:attachment":[{"href":"https:\/\/elfsight.com\/pl\/wp-json\/wp\/v2\/media?parent=4311"}],"curies":[{"name":"wp","href":"https:\/\/api.w.org\/{rel}","templated":true}]}}