{"id":4309,"date":"2024-05-03T06:29:19","date_gmt":"2024-05-03T06:29:19","guid":{"rendered":"https:\/\/elfsight.com\/pl\/?page_id=4309"},"modified":"2024-11-14T09:21:21","modified_gmt":"2024-11-14T09:21:21","slug":"wordpress","status":"publish","type":"page","link":"https:\/\/elfsight.com\/pl\/background-music-widget\/wordpress\/","title":{"rendered":"Background Music &#8211; WordPress"},"content":{"rendered":"<div class=\"application-platform-content-item-description application-platform-content-item\" id=\"description\" data-nav-section=\"description\"> <h2>Osad\u017a muzyk\u0119 w tle w WordPress za pomoc\u0105 wid\u017cetu Elfsight<\/h2> <p>Odtwarzacz audio w tle Elfsight to nieskomplikowana wtyczka do WordPressa, kt\u00f3ra umo\u017cliwia mo\u017cliwo\u015b\u0107 odtwarzania utwor\u00f3w muzycznych bezpo\u015brednio na stronach Twojej witryny. Narz\u0119dzie jest niezwykle konfigurowalne: mo\u017cesz zmieni\u0107 jego po\u0142o\u017cenie, osadzi\u0107 w dowolnym miejscu strony, zmieni\u0107 jego rozmiar, przekolorowa\u0107 t\u0142o i wszystkie inne elementy, aby dopasowa\u0107 je do stylu Twojej witryny, zastosowa\u0107 ciemn\u0105 kolorystyk\u0119, zademonstrowa\u0107 ok\u0142adki i pokaza\u0107 lub ukry\u0107 4 dodatkowe elementy odtwarzacza, takie jak pasek post\u0119pu, nag\u0142\u00f3wek i wiele innych. Prze\u015blij tyle utwor\u00f3w, ile potrzebujesz, aby zaanga\u017cowa\u0107 odwiedzaj\u0105cych, w\u0142\u0105cz autoodtwarzanie i nie miej w\u0105tpliwo\u015bci \u2013 odwiedzaj\u0105cy nie opuszcz\u0105 Twojej strony w po\u015bpiechu!<\/p> <p><b>Dzi\u0119ki odtwarzaczowi muzyki w tle Elfsight, rozpocznij aktywny rozw\u00f3j biznesu i zwi\u0119ksz sprzeda\u017c <\/b><\/p> <\/div> <div class=\"application-platform-content-item-features application-platform-content-item\" id=\"features\" data-nav-section=\"features\"> <h2>Oferujemy pot\u0119\u017cne i nieskomplikowane funkcje, zobacz niekt\u00f3re z nich: <\/h2> <ul><li>R\u00f3\u017cne warianty kolorystyczne<\/li><li>Motyw ciemnego\/jasnego koloru<\/li><li>Responsywny projekt<\/li><li>2 uk\u0142ady gotowe do u\u017cycia<\/li><li>Mo\u017cliwo\u015b\u0107 dodania t\u0142a obraz<\/li><\/ul><p><a href=\"#demo\">Wypr\u00f3buj wszystkie ustawienia w pe\u0142nej wersji demonstracyjnej<\/a><\/p> <\/div> <div class=\"application-platform-content-item-installation application-platform-content-item\" id=\"installation\" data-nav-section=\"installation\"> <h2>Jak osadzi\u0107 odtwarzacz muzyki w tle w moim WordPressie?<\/h2> <div class=\"video-container\"><iframe width=\"720\" height=\"405\" src=\"https:\/\/www.youtube.com\/embed\/BULXWklwzNc\" frameborder=\"0\" allowfullscreen=\"\"><\/iframe><\/div><p>Wystarczy wykona\u0107 poni\u017csze kroki opisane poni\u017cej, aby zainstalowa\u0107 wtyczk\u0119. <\/p> <ol><li><b>Skorzystaj z naszej bezp\u0142atnej wersji demonstracyjnej i zacznij tworzy\u0107 swoj\u0105 dostosowan\u0105 wtyczk\u0119. <\/b><br> Wybierz preferowany wygl\u0105d i aspekty wtyczki i zastosuj wszystkie modyfikacje. <\/li> <li><b>Poka\u017c sw\u00f3j unikalny kod w oknie aplikacji Elfsight. <\/b><br> Zaraz po zako\u0144czeniu dostosowywania wtyczki skopiuj kod z wy\u015bwietlonego wyskakuj\u0105cego okienka i zachowaj go do dalszego wykorzystania. <\/li> <li><b>Zacznij u\u017cywa\u0107 wtyczki w swojej witrynie WordPress. <\/b><br> Umie\u015b\u0107 na swojej stronie ostatnio skopiowany kod i zapisz poprawki. <\/li> <li><b>Konfiguracja zosta\u0142a pomy\u015blnie uko\u0144czona. <\/b><br> Odwied\u017a swoj\u0105 stron\u0119 internetow\u0105, aby sprawdzi\u0107, jak dzia\u0142a wtyczka. <\/li><\/ol><p>W przypadku pyta\u0144 lub trudno\u015bci mo\u017cesz zwr\u00f3ci\u0107 si\u0119 do naszego zespo\u0142u obs\u0142ugi klienta. Nasi konsultanci ch\u0119tnie pomog\u0105 Ci we wszystkich problemach, jakie mo\u017cesz mie\u0107 z produktem. <\/p> <\/div><div class=\"faq\" data-component=\"FAQ\"><div class=\"faq-item\">\r\n\t\t\t\t\t<div class=\"faq-item-question\">\r\n\t\t\t\t\t\t<h3 class=\"faq-item-question-text\">Jak doda\u0107 muzyk\u0119 w tle do mojej witryny WordPress?<\/h3>\r\n\r\n\t\t\t\t\t\t<div class=\"faq-item-question-icon\"><\/div>\r\n\t\t\t\t\t<\/div>\r\n\r\n\t\t\t\t\t<div class=\"faq-item-answer\">\r\n\t\t\t\t\t\t<div class=\"faq-item-answer-text\"><p>Utworzenie narz\u0119dzia odbywa si\u0119 w ci\u0105gu na stronie Elfsight i nie musisz kodowa\u0107. Skorzystaj z naszego aktywnego demo, aby stworzy\u0107 swoje narz\u0119dzie, uzyskaj kod i wstaw go na swoj\u0105 stron\u0119. <\/p><\/div>\r\n\t\t\t\t\t<\/div>\r\n\t\t\t\t<\/div><div class=\"faq-item\">\r\n\t\t\t\t\t<div class=\"faq-item-question\">\r\n\t\t\t\t\t\t<h3 class=\"faq-item-question-text\">Najlepsze sposoby wykorzystania integracji muzyki w tle<\/h3>\r\n\r\n\t\t\t\t\t\t<div class=\"faq-item-question-icon\"><\/div>\r\n\t\t\t\t\t<\/div>\r\n\r\n\t\t\t\t\t<div class=\"faq-item-answer\">\r\n\t\t\t\t\t\t<div class=\"faq-item-answer-text\"><p>Oferujemy mn\u00f3stwo mo\u017cliwo\u015bci dostosowywania: pe\u0142nowymiarowe wid\u017cety do wdro\u017cenia w obszarze tre\u015bci, p\u0142ywaj\u0105ce wid\u017cety z funkcj\u0105 przewijania, miniatury stopki, sekcji nag\u0142\u00f3wka i wszelkiego rodzaju mo\u017cliwo\u015bci pionowe dla pask\u00f3w bocznych i menu witryny. <\/p><\/div>\r\n\t\t\t\t\t<\/div>\r\n\t\t\t\t<\/div><div class=\"faq-item\">\r\n\t\t\t\t\t<div class=\"faq-item-question\">\r\n\t\t\t\t\t\t<h3 class=\"faq-item-question-text\">Czy mog\u0119 zbudowa\u0107 odtwarzacz muzyki na Halloween lub SPA za po\u015brednictwem Twojego redaktora?<\/h3>\r\n\r\n\t\t\t\t\t\t<div class=\"faq-item-question-icon\"><\/div>\r\n\t\t\t\t\t<\/div>\r\n\r\n\t\t\t\t\t<div class=\"faq-item-answer\">\r\n\t\t\t\t\t\t<div class=\"faq-item-answer-text\"><p>Mo\u017cesz kszta\u0142towa\u0107 dowolne odmiany wid\u017cetu. W edytorze dost\u0119pnych jest wiele uk\u0142ad\u00f3w, a ka\u017cdy z nich mo\u017cna szybko dostosowa\u0107 tak, jak Ci brakuje. <\/p><\/div>\r\n\t\t\t\t\t<\/div>\r\n\t\t\t\t<\/div><\/div>","protected":false},"excerpt":{"rendered":"","protected":false},"author":9,"featured_media":0,"parent":3419,"menu_order":0,"comment_status":"closed","ping_status":"closed","template":"templates\/template-application-platform.php","meta":{"publish_to_discourse":"","publish_post_category":"","wpdc_auto_publish_overridden":"","wpdc_topic_tags":"","wpdc_pin_topic":"","wpdc_pin_until":"","discourse_post_id":"","discourse_permalink":"","wpdc_publishing_response":"","wpdc_publishing_error":"","footnotes":""},"class_list":["post-4309","page","type-page","status-publish","hentry"],"yoast_head":"<!-- This site is optimized with the Yoast SEO plugin v25.3.1 - https:\/\/yoast.com\/wordpress\/plugins\/seo\/ -->\n<title>Wtyczka Muzyka w tle dla witryny WordPress (bezp\u0142atna i szybka)<\/title>\n<meta name=\"description\" content=\"Umie\u015b\u0107 wtyczk\u0119 odtwarzacza muzyki w tle na swojej stronie WordPress. Zastosuj wersj\u0119 demonstracyjn\u0105 i zbuduj w\u0142asny odtwarzacz audio w tle w 2 minuty.\" \/>\n<meta name=\"robots\" content=\"index, follow, max-snippet:-1, max-image-preview:large, max-video-preview:-1\" \/>\n<link rel=\"canonical\" href=\"https:\/\/elfsight.com\/pl\/background-music-widget\/wordpress\/\" \/>\n<meta property=\"og:locale\" content=\"pl_PL\" \/>\n<meta property=\"og:type\" content=\"article\" \/>\n<meta property=\"og:title\" content=\"Wtyczka Muzyka w tle dla witryny WordPress (bezp\u0142atna i szybka)\" \/>\n<meta property=\"og:description\" content=\"Umie\u015b\u0107 wtyczk\u0119 odtwarzacza muzyki w tle na swojej stronie WordPress. Zastosuj wersj\u0119 demonstracyjn\u0105 i zbuduj w\u0142asny odtwarzacz audio w tle w 2 minuty.\" \/>\n<meta property=\"og:url\" content=\"https:\/\/elfsight.com\/pl\/background-music-widget\/wordpress\/\" \/>\n<meta property=\"og:site_name\" content=\"Elfsight PL\" \/>\n<meta property=\"article:modified_time\" content=\"2024-11-14T09:21:21+00:00\" \/>\n<meta name=\"twitter:card\" content=\"summary_large_image\" \/>\n<meta name=\"twitter:label1\" content=\"Szacowany czas czytania\" \/>\n\t<meta name=\"twitter:data1\" content=\"3 minuty\" \/>\n<!-- \/ Yoast SEO plugin. -->","yoast_head_json":{"title":"Wtyczka Muzyka w tle dla witryny WordPress (bezp\u0142atna i szybka)","description":"Umie\u015b\u0107 wtyczk\u0119 odtwarzacza muzyki w tle na swojej stronie WordPress. Zastosuj wersj\u0119 demonstracyjn\u0105 i zbuduj w\u0142asny odtwarzacz audio w tle w 2 minuty.","robots":{"index":"index","follow":"follow","max-snippet":"max-snippet:-1","max-image-preview":"max-image-preview:large","max-video-preview":"max-video-preview:-1"},"canonical":"https:\/\/elfsight.com\/pl\/background-music-widget\/wordpress\/","og_locale":"pl_PL","og_type":"article","og_title":"Wtyczka Muzyka w tle dla witryny WordPress (bezp\u0142atna i szybka)","og_description":"Umie\u015b\u0107 wtyczk\u0119 odtwarzacza muzyki w tle na swojej stronie WordPress. Zastosuj wersj\u0119 demonstracyjn\u0105 i zbuduj w\u0142asny odtwarzacz audio w tle w 2 minuty.","og_url":"https:\/\/elfsight.com\/pl\/background-music-widget\/wordpress\/","og_site_name":"Elfsight PL","article_modified_time":"2024-11-14T09:21:21+00:00","twitter_card":"summary_large_image","twitter_misc":{"Szacowany czas czytania":"3 minuty"},"schema":{"@context":"https:\/\/schema.org","@graph":[{"@type":"WebPage","@id":"https:\/\/elfsight.com\/pl\/background-music-widget\/wordpress\/","url":"https:\/\/elfsight.com\/pl\/background-music-widget\/wordpress\/","name":"Wtyczka Muzyka w tle dla witryny WordPress (bezp\u0142atna i szybka)","isPartOf":{"@id":"https:\/\/elfsight.com\/pl\/#website"},"datePublished":"2024-05-03T06:29:19+00:00","dateModified":"2024-11-14T09:21:21+00:00","description":"Umie\u015b\u0107 wtyczk\u0119 odtwarzacza muzyki w tle na swojej stronie WordPress. Zastosuj wersj\u0119 demonstracyjn\u0105 i zbuduj w\u0142asny odtwarzacz audio w tle w 2 minuty.","breadcrumb":{"@id":"https:\/\/elfsight.com\/pl\/background-music-widget\/wordpress\/#breadcrumb"},"inLanguage":"pl-PL","potentialAction":[{"@type":"ReadAction","target":["https:\/\/elfsight.com\/pl\/background-music-widget\/wordpress\/"]}]},{"@type":"BreadcrumbList","@id":"https:\/\/elfsight.com\/pl\/background-music-widget\/wordpress\/#breadcrumb","itemListElement":[{"@type":"ListItem","position":1,"name":"Home","item":"https:\/\/elfsight.com\/pl\/"},{"@type":"ListItem","position":2,"name":"Background Music","item":"https:\/\/elfsight.com\/pl\/background-music-widget\/"},{"@type":"ListItem","position":3,"name":"Background Music &#8211; WordPress"}]},{"@type":"WebSite","@id":"https:\/\/elfsight.com\/pl\/#website","url":"https:\/\/elfsight.com\/pl\/","name":"Elfsight PL","description":"Just another Elfsight Sites site","potentialAction":[{"@type":"SearchAction","target":{"@type":"EntryPoint","urlTemplate":"https:\/\/elfsight.com\/pl\/?s={search_term_string}"},"query-input":{"@type":"PropertyValueSpecification","valueRequired":true,"valueName":"search_term_string"}}],"inLanguage":"pl-PL"}]}},"meta_box":{"industry":"","seo_heading":"","heading":"","description":"","cta_heading":"","cta_description":"","application":"3335","h1":"Wtyczka WordPress z muzyk\u0105 w tle","h1_caption":"Dodaj muzyk\u0119 w tle do swojej witryny, tworz\u0105c wci\u0105gaj\u0105ce wra\u017cenia dla odwiedzaj\u0105cych Twoj\u0105 witryn\u0119 WordPress bez wysi\u0142ku.","application_category":[],"applications_title":"","applications_request_title":"","applications_request_button_text":"","hero_text":"","hero_video":"","hero_video_schema_markup":"","selling_points_title":"","selling_points_caption":"","selling_points":[],"selling_points_cta_text":"","features_title":"","features":"","ed_cta_examples_text":"","ed_cta_examples_hidden":"","ed_cta_demo_text":"","ed_cta_demo_hidden":"","why_caption":"","why_editor_title":"","why_editor_text":"","why_team_title":"","why_team_text":"","why_service_title":"","why_service_text":"","template_catalog_visible":"","template_catalog_title":"","template_catalog_text":"","template_catalog_categories_visible":"","demo_title":"Utw\u00f3rz wtyczk\u0119 z muzyk\u0105 w tle","demo_caption":"Skonfiguruj muzyk\u0119 w tle i dodaj j\u0105 do swojej witryny WordPress za darmo!","default_faq_hidden":"","app_template_category":[],"platform":"31","template_public_id":"","codecanyon_url":"","codecanyon_item_id":"","codecanyon_price":"","pricing_caption":"","pricing_elfsight_apps_hide_column":"","pricing_elfsight_apps_url":"","pricing_codecanyon_price_caption":"","integration_category":[],"integration_request_title":"","integration_request_cta":"","integration_platform":"","integrations":[],"platform_category":[],"video_schema_markup":"","price":"od 0 USD \/ miesi\u0105c","trial":"","benefits":[{"text":"Bezp\u0142atna pomoc w monta\u017cu"},{"text":"Skuteczna obs\u0142uga klienta"},{"text":"14-dniowa gwarancja zwrotu pieni\u0119dzy"}],"button_url":"#demo","button_target_blank":"","button_nofollow":"","attributes":[{"name":"Instaluje"},{"name":"Czu\u0142y"},{"name":"Kompatybilne przegl\u0105darki"}],"tags":[],"tags_disable_links":"","hide_more_platforms":"","video_object":"","demo_hide_cta":"","demo_hide_cloud_options":"","pricing_title":"","pricing":[{"pricing_icon":"platform","pricing_title":"Elfsight Apps","pricing_title_caption":"Wieloplatformowe rozwi\u0105zanie cyfrowe, kt\u00f3re pasuje do ka\u017cdej witryny","pricing_price":"od 0 USD \/ miesi\u0105c","pricing_price_caption":"zacznij od bezp\u0142atnego planu","pricing_benefits":[{"text":"Nielimitowane domeny"},{"text":"Szybkie wsparcie"},{"text":"Bezp\u0142atna pomoc w monta\u017cu"},{"text":"Specjalna cena za wiele aplikacji"}],"pricing_button_text":"Dodaj do witryny","pricing_button_url":"#demo"}],"related_apps_title":"","related_apps_hidden":"","author":"","image":[],"title":"","job":"","social_networks":[]},"_links":{"self":[{"href":"https:\/\/elfsight.com\/pl\/wp-json\/wp\/v2\/pages\/4309","targetHints":{"allow":["GET"]}}],"collection":[{"href":"https:\/\/elfsight.com\/pl\/wp-json\/wp\/v2\/pages"}],"about":[{"href":"https:\/\/elfsight.com\/pl\/wp-json\/wp\/v2\/types\/page"}],"author":[{"embeddable":true,"href":"https:\/\/elfsight.com\/pl\/wp-json\/wp\/v2\/users\/9"}],"replies":[{"embeddable":true,"href":"https:\/\/elfsight.com\/pl\/wp-json\/wp\/v2\/comments?post=4309"}],"version-history":[{"count":2,"href":"https:\/\/elfsight.com\/pl\/wp-json\/wp\/v2\/pages\/4309\/revisions"}],"predecessor-version":[{"id":7659,"href":"https:\/\/elfsight.com\/pl\/wp-json\/wp\/v2\/pages\/4309\/revisions\/7659"}],"up":[{"embeddable":true,"href":"https:\/\/elfsight.com\/pl\/wp-json\/wp\/v2\/pages\/3419"}],"wp:attachment":[{"href":"https:\/\/elfsight.com\/pl\/wp-json\/wp\/v2\/media?parent=4309"}],"curies":[{"name":"wp","href":"https:\/\/api.w.org\/{rel}","templated":true}]}}