{"id":4304,"date":"2024-05-03T06:29:18","date_gmt":"2024-05-03T06:29:18","guid":{"rendered":"https:\/\/elfsight.com\/pl\/?page_id=4304"},"modified":"2024-11-14T09:03:11","modified_gmt":"2024-11-14T09:03:11","slug":"woocommerce","status":"publish","type":"page","link":"https:\/\/elfsight.com\/pl\/background-music-widget\/woocommerce\/","title":{"rendered":"Background Music &#8211; WooCommerce"},"content":{"rendered":"<div class=\"application-platform-content-item-description application-platform-content-item\" id=\"description\" data-nav-section=\"description\"><h2>Opis<\/h2><p>Odtwarzacz audio Elfsight w tle to prosta wtyczka umo\u017cliwiaj\u0105ca strumieniowe przesy\u0142anie utwor\u00f3w muzycznych bezpo\u015brednio na Twoj\u0105 stron\u0119 internetow\u0105. Narz\u0119dzie jest niezwykle modyfikowalne: mo\u017cesz zmieni\u0107 jego po\u0142o\u017cenie, osadzi\u0107 je w dowolnym miejscu strony, zmieni\u0107 jego rozmiar, zmieni\u0107 kolor t\u0142a i wszystkich innych element\u00f3w, aby dopasowa\u0107 je do projektu witryny, zastosowa\u0107 ciemny motyw, zademonstrowa\u0107 obrazy oraz zademonstrowa\u0107 lub ukry\u0107 cztery dodatkowe szczeg\u00f3\u0142y gracza, takie jak pasek post\u0119pu, nag\u0142\u00f3wek i inne. Dodaj tyle utwor\u00f3w, ile chcesz, aby zachwyci\u0107 u\u017cytkownik\u00f3w, w\u0142\u0105cz autoodtwarzanie i nie wahaj si\u0119 \u2013 Twoi u\u017cytkownicy nie opuszcz\u0105 Twojej witryny natychmiast!<\/p><p><b>Wypr\u00f3buj Elfsight Muzyka w tle, aby osi\u0105gn\u0105\u0107 sw\u00f3j biznes cele staj\u0105 si\u0119 \u0142atwiejsze!<\/b><\/p> <\/div> <div class=\"application-platform-content-item-features application-platform-content-item\" id=\"features\" data-nav-section=\"features\"><h2>Przejrzyj list\u0119 najbardziej przydatnych funkcji:<\/h2><ul><li>Liczne zmiany kolor\u00f3w<\/h2> li&gt;<li>Motyw ciemnego\/jasnego koloru<\/li><li>Elastyczny projekt<\/li><li>Dost\u0119pne 2 uk\u0142ady<\/li><li>Mo\u017cliwo\u015b\u0107 wykorzystania obrazu t\u0142a<\/li><\/ul> <p><a href=\"#demo\">Wystarczy sprawdzi\u0107 t\u0119 wersj\u0119 demonstracyjn\u0105, aby uzyska\u0107 pe\u0142ny obraz<\/a><\/p><\/div><div class=\"application-platform-content-item-installation application-platform-content-item\" id=\"installation\" data-nav-section=\"installation\"><h2>Jak doda\u0107 muzyk\u0119 w tle player na mojej stronie WooCommerce?<\/h2><p>Wystarczy spe\u0142ni\u0107 poni\u017csze wskaz\u00f3wki, aby osadzi\u0107 narz\u0119dzie.<\/p><ol><li><b>Skorzystaj z naszej bezp\u0142atnej wersji demonstracyjnej i zacznij tworzy\u0107 w\u0142asn\u0105 wtyczk\u0119.<\/b><br> Okre\u015bl po\u017c\u0105dany interfejs i charakterystyk\u0119 wid\u017cetu i zapisz poprawki.<\/li><li><b>Skopiuj kod osobisty wy\u015bwietlany w oknie aplikacji Elfsight.<\/b><br> Prawo po dostosowaniu osobistej wtyczki skopiuj osobisty kod z wy\u015bwietlonego okna i zachowaj go do wykorzystania w przysz\u0142o\u015bci.<\/li><li><b>Zezwalaj na u\u017cywanie d\u017awi\u0119ku w tle na stronie WooCommerce.<\/b><br> Wklej zapisany wcze\u015bniej kod na swoj\u0105 stron\u0119 i zastosuj ulepszenia.<\/li><li><b>Instalacja zosta\u0142a w pe\u0142ni przeprowadzona.<\/b><br> Odwied\u017a swoj\u0105 stron\u0119 internetow\u0105, aby zobaczy\u0107, jak dzia\u0142a widget.<\/li><\/ol><p>Je\u015bli masz jakie\u015b trudno\u015bci, nie wahaj si\u0119 zwr\u00f3ci\u0107 do naszego zespo\u0142u wsparcia. Nasi konsultanci ch\u0119tnie odpowiedz\u0105 na wszystkie pytania dotycz\u0105ce wtyczki.<\/p><\/div>","protected":false},"excerpt":{"rendered":"","protected":false},"author":9,"featured_media":0,"parent":3419,"menu_order":0,"comment_status":"closed","ping_status":"closed","template":"templates\/template-application-platform.php","meta":{"publish_to_discourse":"","publish_post_category":"","wpdc_auto_publish_overridden":"","wpdc_topic_tags":"","wpdc_pin_topic":"","wpdc_pin_until":"","discourse_post_id":"","discourse_permalink":"","wpdc_publishing_response":"","wpdc_publishing_error":"","footnotes":""},"class_list":["post-4304","page","type-page","status-publish","hentry"],"yoast_head":"<!-- This site is optimized with the Yoast SEO plugin v25.3.1 - https:\/\/yoast.com\/wordpress\/plugins\/seo\/ -->\n<title>Wtyczka WooCommerce z muzyk\u0105 w tle dla Twojej witryny internetowej (2025)<\/title>\n<meta name=\"description\" content=\"Mo\u017cesz dostosowa\u0107 wtyczk\u0119 Muzyka w tle kilkoma klikni\u0119ciami i zintegrowa\u0107 j\u0105 ze swoj\u0105 stron\u0105 internetow\u0105 WooCommerce bezpo\u015brednio z wersji demonstracyjnej na \u017cywo.\" \/>\n<meta name=\"robots\" content=\"index, follow, max-snippet:-1, max-image-preview:large, max-video-preview:-1\" \/>\n<link rel=\"canonical\" href=\"https:\/\/elfsight.com\/pl\/background-music-widget\/woocommerce\/\" \/>\n<meta property=\"og:locale\" content=\"pl_PL\" \/>\n<meta property=\"og:type\" content=\"article\" \/>\n<meta property=\"og:title\" content=\"Wtyczka WooCommerce z muzyk\u0105 w tle dla Twojej witryny internetowej (2025)\" \/>\n<meta property=\"og:description\" content=\"Mo\u017cesz dostosowa\u0107 wtyczk\u0119 Muzyka w tle kilkoma klikni\u0119ciami i zintegrowa\u0107 j\u0105 ze swoj\u0105 stron\u0105 internetow\u0105 WooCommerce bezpo\u015brednio z wersji demonstracyjnej na \u017cywo.\" \/>\n<meta property=\"og:url\" content=\"https:\/\/elfsight.com\/pl\/background-music-widget\/woocommerce\/\" \/>\n<meta property=\"og:site_name\" content=\"Elfsight PL\" \/>\n<meta property=\"article:modified_time\" content=\"2024-11-14T09:03:11+00:00\" \/>\n<meta name=\"twitter:card\" content=\"summary_large_image\" \/>\n<meta name=\"twitter:label1\" content=\"Szacowany czas czytania\" \/>\n\t<meta name=\"twitter:data1\" content=\"2 minuty\" \/>\n<!-- \/ Yoast SEO plugin. -->","yoast_head_json":{"title":"Wtyczka WooCommerce z muzyk\u0105 w tle dla Twojej witryny internetowej (2025)","description":"Mo\u017cesz dostosowa\u0107 wtyczk\u0119 Muzyka w tle kilkoma klikni\u0119ciami i zintegrowa\u0107 j\u0105 ze swoj\u0105 stron\u0105 internetow\u0105 WooCommerce bezpo\u015brednio z wersji demonstracyjnej na \u017cywo.","robots":{"index":"index","follow":"follow","max-snippet":"max-snippet:-1","max-image-preview":"max-image-preview:large","max-video-preview":"max-video-preview:-1"},"canonical":"https:\/\/elfsight.com\/pl\/background-music-widget\/woocommerce\/","og_locale":"pl_PL","og_type":"article","og_title":"Wtyczka WooCommerce z muzyk\u0105 w tle dla Twojej witryny internetowej (2025)","og_description":"Mo\u017cesz dostosowa\u0107 wtyczk\u0119 Muzyka w tle kilkoma klikni\u0119ciami i zintegrowa\u0107 j\u0105 ze swoj\u0105 stron\u0105 internetow\u0105 WooCommerce bezpo\u015brednio z wersji demonstracyjnej na \u017cywo.","og_url":"https:\/\/elfsight.com\/pl\/background-music-widget\/woocommerce\/","og_site_name":"Elfsight PL","article_modified_time":"2024-11-14T09:03:11+00:00","twitter_card":"summary_large_image","twitter_misc":{"Szacowany czas czytania":"2 minuty"},"schema":{"@context":"https:\/\/schema.org","@graph":[{"@type":"WebPage","@id":"https:\/\/elfsight.com\/pl\/background-music-widget\/woocommerce\/","url":"https:\/\/elfsight.com\/pl\/background-music-widget\/woocommerce\/","name":"Wtyczka WooCommerce z muzyk\u0105 w tle dla Twojej witryny internetowej (2025)","isPartOf":{"@id":"https:\/\/elfsight.com\/pl\/#website"},"datePublished":"2024-05-03T06:29:18+00:00","dateModified":"2024-11-14T09:03:11+00:00","description":"Mo\u017cesz dostosowa\u0107 wtyczk\u0119 Muzyka w tle kilkoma klikni\u0119ciami i zintegrowa\u0107 j\u0105 ze swoj\u0105 stron\u0105 internetow\u0105 WooCommerce bezpo\u015brednio z wersji demonstracyjnej na \u017cywo.","breadcrumb":{"@id":"https:\/\/elfsight.com\/pl\/background-music-widget\/woocommerce\/#breadcrumb"},"inLanguage":"pl-PL","potentialAction":[{"@type":"ReadAction","target":["https:\/\/elfsight.com\/pl\/background-music-widget\/woocommerce\/"]}]},{"@type":"BreadcrumbList","@id":"https:\/\/elfsight.com\/pl\/background-music-widget\/woocommerce\/#breadcrumb","itemListElement":[{"@type":"ListItem","position":1,"name":"Home","item":"https:\/\/elfsight.com\/pl\/"},{"@type":"ListItem","position":2,"name":"Background Music","item":"https:\/\/elfsight.com\/pl\/background-music-widget\/"},{"@type":"ListItem","position":3,"name":"Background Music &#8211; WooCommerce"}]},{"@type":"WebSite","@id":"https:\/\/elfsight.com\/pl\/#website","url":"https:\/\/elfsight.com\/pl\/","name":"Elfsight PL","description":"Just another Elfsight Sites site","potentialAction":[{"@type":"SearchAction","target":{"@type":"EntryPoint","urlTemplate":"https:\/\/elfsight.com\/pl\/?s={search_term_string}"},"query-input":{"@type":"PropertyValueSpecification","valueRequired":true,"valueName":"search_term_string"}}],"inLanguage":"pl-PL"}]}},"meta_box":{"industry":"","seo_heading":"","heading":"","description":"","cta_heading":"","cta_description":"","application":"3335","h1":"Wtyczka WooCommerce z muzyk\u0105 w tle","h1_caption":"Dodaj muzyk\u0119 w tle do swojej witryny, tworz\u0105c wci\u0105gaj\u0105ce wra\u017cenia dla odwiedzaj\u0105cych Twoj\u0105 witryn\u0119 WooCommerce bez wysi\u0142ku.","application_category":[],"applications_title":"","applications_request_title":"","applications_request_button_text":"","hero_text":"","hero_video":"","hero_video_schema_markup":"","selling_points_title":"","selling_points_caption":"","selling_points":[],"selling_points_cta_text":"","features_title":"","features":"","ed_cta_examples_text":"","ed_cta_examples_hidden":"","ed_cta_demo_text":"","ed_cta_demo_hidden":"","why_caption":"","why_editor_title":"","why_editor_text":"","why_team_title":"","why_team_text":"","why_service_title":"","why_service_text":"","template_catalog_visible":"","template_catalog_title":"","template_catalog_text":"","template_catalog_categories_visible":"","demo_title":"Utw\u00f3rz aplikacj\u0119 z muzyk\u0105 w tle","demo_caption":"Skonfiguruj muzyk\u0119 w tle i dodaj j\u0105 do swojej witryny WooCommerce za darmo!","default_faq_hidden":"","app_template_category":[],"platform":"335","template_public_id":"","codecanyon_url":"","codecanyon_item_id":"","codecanyon_price":"","pricing_caption":"","pricing_elfsight_apps_hide_column":"","pricing_elfsight_apps_url":"","pricing_codecanyon_price_caption":"","integration_category":[],"integration_request_title":"","integration_request_cta":"","integration_platform":"","integrations":[],"platform_category":[],"video_schema_markup":"","price":"od 0 USD \/ miesi\u0105c","trial":"","benefits":[{"text":"Bezp\u0142atna pomoc w instalacji"},{"text":"Kompetentna obs\u0142uga klienta"},{"text":"14-dniowa gwarancja zwrotu pieni\u0119dzy"}],"button_url":"#demo","button_target_blank":"","button_nofollow":"","attributes":[{"name":"Instaluje"},{"name":"Czu\u0142y"},{"name":"Kompatybilne przegl\u0105darki"}],"tags":[],"tags_disable_links":"","hide_more_platforms":"","video_object":"","demo_hide_cta":"","demo_hide_cloud_options":"","pricing_title":"","pricing":[{"pricing_icon":"platform","pricing_title":"Elfsight Apps","pricing_title_caption":"Rozwi\u0105zanie wieloplatformowe","pricing_price":"od 0 USD \/ miesi\u0105c","pricing_price_caption":"zacznij od bezp\u0142atnego planu","pricing_benefits":[{"text":"Nielimitowane strony internetowe"},{"text":"Ca\u0142odobowe i terminowe wsparcie"},{"text":"Bezp\u0142atna pomoc w monta\u017cu"},{"text":"100% konfigurowalny"}],"pricing_button_text":"Dodaj do witryny","pricing_button_url":"#demo"}],"related_apps_title":"","related_apps_hidden":"","author":"","image":[],"title":"","job":"","social_networks":[]},"_links":{"self":[{"href":"https:\/\/elfsight.com\/pl\/wp-json\/wp\/v2\/pages\/4304","targetHints":{"allow":["GET"]}}],"collection":[{"href":"https:\/\/elfsight.com\/pl\/wp-json\/wp\/v2\/pages"}],"about":[{"href":"https:\/\/elfsight.com\/pl\/wp-json\/wp\/v2\/types\/page"}],"author":[{"embeddable":true,"href":"https:\/\/elfsight.com\/pl\/wp-json\/wp\/v2\/users\/9"}],"replies":[{"embeddable":true,"href":"https:\/\/elfsight.com\/pl\/wp-json\/wp\/v2\/comments?post=4304"}],"version-history":[{"count":1,"href":"https:\/\/elfsight.com\/pl\/wp-json\/wp\/v2\/pages\/4304\/revisions"}],"predecessor-version":[{"id":4308,"href":"https:\/\/elfsight.com\/pl\/wp-json\/wp\/v2\/pages\/4304\/revisions\/4308"}],"up":[{"embeddable":true,"href":"https:\/\/elfsight.com\/pl\/wp-json\/wp\/v2\/pages\/3419"}],"wp:attachment":[{"href":"https:\/\/elfsight.com\/pl\/wp-json\/wp\/v2\/media?parent=4304"}],"curies":[{"name":"wp","href":"https:\/\/api.w.org\/{rel}","templated":true}]}}