{"id":4302,"date":"2024-05-03T06:29:16","date_gmt":"2024-05-03T06:29:16","guid":{"rendered":"https:\/\/elfsight.com\/pl\/?page_id=4302"},"modified":"2024-11-14T08:51:36","modified_gmt":"2024-11-14T08:51:36","slug":"google-sites","status":"publish","type":"page","link":"https:\/\/elfsight.com\/pl\/background-music-widget\/google-sites\/","title":{"rendered":"Background Music &#8211; Google Sites"},"content":{"rendered":"<div class=\"application-platform-content-item-description application-platform-content-item\" id=\"description\" data-nav-section=\"description\"> <h2>Osadzaj muzyk\u0119 w tle w Witrynach Google za pomoc\u0105 wid\u017cetu Elfsight<\/h2> <p>Elfsight D\u017awi\u0119k w tle to nieskomplikowane narz\u0119dzie dla Witryny Google, umo\u017cliwiaj\u0105ce do strumieniowego przesy\u0142ania \u015bcie\u017cek audio bezpo\u015brednio na Twoj\u0105 stron\u0119 internetow\u0105. Narz\u0119dzie jest niezwykle konfigurowalne: mo\u017cesz zmienia\u0107 jego po\u0142o\u017cenie, ustawia\u0107 je w dowolnym miejscu na stronie, skalowa\u0107 jego rozmiar, nak\u0142ada\u0107 na t\u0142o i inne cz\u0119\u015bci, aby po\u0142\u0105czy\u0107 je ze stylem swojej witryny, stosowa\u0107 ciemny motyw, wy\u015bwietla\u0107 obrazy i wy\u015bwietla\u0107 je lub ukrywa\u0107 cztery inne elementy gracza, na przyk\u0142ad pasek post\u0119pu, tytu\u0142 i wiele innych. Dodaj tyle utwor\u00f3w, ile chcesz, aby zachwyci\u0107 odwiedzaj\u0105cych, w\u0142\u0105cz opcj\u0119 automatycznego odtwarzania i nie miej w\u0105tpliwo\u015bci \u2013 Twoi odbiorcy nie opuszcz\u0105 Twojej witryny natychmiast!<\/p><p><b>Dzi\u0119ki d\u017awi\u0119kowi w tle Elfsight &amp; Gad\u017cet muzyczny, zobacz solidny rozw\u00f3j firmy i wi\u0119ksz\u0105 sprzeda\u017c <\/b><\/p> <\/div> <div class=\"application-platform-content-item-features application-platform-content-item\" id=\"features\" data-nav-section=\"features\"> <h2>Wid\u017cet zawiera zaawansowane i nieskomplikowane funkcje, zobacz niekt\u00f3re z nich: <\/h2> <ul><li>R\u00f3\u017cne zmiany kolor\u00f3w<\/li><li>Motyw ciemnych\/jasnych kolor\u00f3w<\/li><li>Plastyczny projekt<\/li><li>Dost\u0119pne 2 uk\u0142ady<\/li><li>Opcja do\u0142\u0105cz obraz t\u0142a<\/li><\/ul><p><a href=\"#demo\">Wystarczy sprawdzi\u0107 t\u0119 wersj\u0119 demonstracyjn\u0105, aby zrozumie\u0107 funkcjonalno\u015b\u0107 wid\u017cetu<\/a><\/p> <\/div> <div class=\"application-platform-content-item-installation application-platform-content-item\" id=\"installation\" data-nav-section=\"installation\"> <h2>Jak umie\u015bci\u0107 muzyk\u0119 w tle w moich Witrynach Google? <\/h2> <p>Wystarczy wykona\u0107 kilka krok\u00f3w podanych poni\u017cej, aby wstawi\u0107 wid\u017cet. <\/p> <ol><li><b>Skorzystaj z naszej bezp\u0142atnej wersji demonstracyjnej i rozpocznij tworzenie spersonalizowanej wtyczki. <\/b><br> Okre\u015bl wybrany projekt i specyfikacje narz\u0119dzia i zastosuj zmiany. <\/li> <li><b>Odbierz sw\u00f3j unikalny kod pojawiaj\u0105cy si\u0119 w polu aplikacji Elfsight<\/b><br> Zaraz po zako\u0144czeniu konfiguracji Twojego osobistego narz\u0119dzia skopiuj indywidualny kod w wy\u015bwietlonym oknie i zapisz go do p\u00f3\u017aniejszego wykorzystania. <\/li> <li><b>Rozpocznij korzystanie z d\u017awi\u0119ku w tle w witrynie Google<\/b><br> Wklej ostatnio skopiowany kod na swoj\u0105 stron\u0119 internetow\u0105 i zastosuj modyfikacje. <\/li> <li><b>Konfiguracja zosta\u0142a pomy\u015blnie uko\u0144czona<\/b><br> Przejd\u017a do witryny internetowej, aby zobaczy\u0107, jak dzia\u0142a narz\u0119dzie. <\/li><\/ol> <div class=\"tip-yellow tip\"><b>Ze wzgl\u0119du na specyfik\u0119 dzia\u0142ania Witryn Google wid\u017cet mo\u017ce wygl\u0105da\u0107 inaczej ni\u017c wersja demonstracyjna online. Przepraszamy za wszelkie niedogodno\u015bci.<\/b><\/div><p>W przypadku pyta\u0144 lub komplikacji nie wahaj si\u0119 skontaktowa\u0107 z naszym personelem wsparcia. Nasi specjali\u015bci z przyjemno\u015bci\u0105 odpowiedz\u0105 na wszystkie pytania dotycz\u0105ce produktu. <\/p><div class=\"faq\" data-component=\"FAQ\"><div class=\"faq-item\">\r\n\t\t\t\t\t<div class=\"faq-item-question\">\r\n\t\t\t\t\t\t<h3 class=\"faq-item-question-text\">Jak mog\u0119 osadzi\u0107 galeri\u0119 wideo YouTube w mojej witrynie Squarespace bez umiej\u0119tno\u015bci kodowania?<\/h3>\r\n\r\n\t\t\t\t\t\t<div class=\"faq-item-question-icon\"><\/div>\r\n\t\t\t\t\t<\/div>\r\n\r\n\t\t\t\t\t<div class=\"faq-item-answer\">\r\n\t\t\t\t\t\t<div class=\"faq-item-answer-text\"><p>Elfsight zapewnia rozwi\u0105zanie oparte na chmurze, kt\u00f3re umo\u017cliwia u\u017cytkownikom samodzielne projektowanie galerii wideo YouTube . Zwr\u00f3\u0107 uwag\u0119, jak \u0142atwa jest ta procedura:<\/p><ul><li>Otw\u00f3rz edytor online, aby utworzy\u0107 sekcj\u0119 galerii wideo YouTube, kt\u00f3r\u0105 chcesz umie\u015bci\u0107 w swojej witrynie Squarespace.<\/li><li>Wybierz jedn\u0105 z naszych gotowych szablon\u00f3w i dostosuj ustawienia Galerii wideo YouTube, zmie\u0144 uk\u0142ad i schemat kolor\u00f3w, zintegruj swoje tre\u015bci bez konieczno\u015bci kodowania.<\/li><li>Zapisz preferencje skonfigurowane dla swojego filmu na YouTube Galeria i uzyskaj kod wid\u017cetu do dodania, kt\u00f3ry mo\u017cna bezproblemowo i bez \u017cadnych op\u0142at wstawi\u0107 do witryny Squarespace.<\/li><\/ul><p>Dzi\u0119ki obs\u0142udze przyjaznego dla u\u017cytkownika Edytora ka\u017cdy u\u017cytkownik sieci mo\u017ce utworzy\u0107 sekcj\u0119 Galerii wideo YouTube i wstaw j\u0105 do swojej witryny Squarespace. Aby dotrze\u0107 do Edytora Elfsight, nie ma potrzeby dokonywania p\u0142atno\u015bci ani ujawniania danych karty. Je\u015bli na kt\u00f3rymkolwiek etapie napotkasz jakiekolwiek problemy, nie wahaj si\u0119 skontaktowa\u0107 z naszym dzia\u0142em obs\u0142ugi klienta.<\/p><\/div>\r\n\t\t\t\t\t<\/div>\r\n\t\t\t\t<\/div><\/div> <\/div><p><\/p><!-- \/wp:akapit -->","protected":false},"excerpt":{"rendered":"","protected":false},"author":9,"featured_media":0,"parent":3419,"menu_order":0,"comment_status":"closed","ping_status":"closed","template":"templates\/template-application-platform.php","meta":{"publish_to_discourse":"","publish_post_category":"","wpdc_auto_publish_overridden":"","wpdc_topic_tags":"","wpdc_pin_topic":"","wpdc_pin_until":"","discourse_post_id":"","discourse_permalink":"","wpdc_publishing_response":"","wpdc_publishing_error":"","footnotes":""},"class_list":["post-4302","page","type-page","status-publish","hentry"],"yoast_head":"<!-- This site is optimized with the Yoast SEO plugin v25.3.1 - https:\/\/yoast.com\/wordpress\/plugins\/seo\/ -->\n<title>Wtyczka z muzyk\u0105 w tle i d\u017awi\u0119kiem do Witryn Google (\u0142atwa i szybka)<\/title>\n<meta name=\"description\" content=\"Dodaj elastyczn\u0105 muzyk\u0119 w tle do swojej strony internetowej Witryn Google. Skorzystaj z \u0142atwej w zarz\u0105dzaniu wersji demonstracyjnej i utw\u00f3rz wid\u017cet audio w ci\u0105gu zaledwie kilku minut.\" \/>\n<meta name=\"robots\" content=\"index, follow, max-snippet:-1, max-image-preview:large, max-video-preview:-1\" \/>\n<link rel=\"canonical\" href=\"https:\/\/elfsight.com\/pl\/background-music-widget\/google-sites\/\" \/>\n<meta property=\"og:locale\" content=\"pl_PL\" \/>\n<meta property=\"og:type\" content=\"article\" \/>\n<meta property=\"og:title\" content=\"Wtyczka z muzyk\u0105 w tle i d\u017awi\u0119kiem do Witryn Google (\u0142atwa i szybka)\" \/>\n<meta property=\"og:description\" content=\"Dodaj elastyczn\u0105 muzyk\u0119 w tle do swojej strony internetowej Witryn Google. Skorzystaj z \u0142atwej w zarz\u0105dzaniu wersji demonstracyjnej i utw\u00f3rz wid\u017cet audio w ci\u0105gu zaledwie kilku minut.\" \/>\n<meta property=\"og:url\" content=\"https:\/\/elfsight.com\/pl\/background-music-widget\/google-sites\/\" \/>\n<meta property=\"og:site_name\" content=\"Elfsight PL\" \/>\n<meta property=\"article:modified_time\" content=\"2024-11-14T08:51:36+00:00\" \/>\n<meta name=\"twitter:card\" content=\"summary_large_image\" \/>\n<meta name=\"twitter:label1\" content=\"Szacowany czas czytania\" \/>\n\t<meta name=\"twitter:data1\" content=\"3 minuty\" \/>\n<!-- \/ Yoast SEO plugin. -->","yoast_head_json":{"title":"Wtyczka z muzyk\u0105 w tle i d\u017awi\u0119kiem do Witryn Google (\u0142atwa i szybka)","description":"Dodaj elastyczn\u0105 muzyk\u0119 w tle do swojej strony internetowej Witryn Google. Skorzystaj z \u0142atwej w zarz\u0105dzaniu wersji demonstracyjnej i utw\u00f3rz wid\u017cet audio w ci\u0105gu zaledwie kilku minut.","robots":{"index":"index","follow":"follow","max-snippet":"max-snippet:-1","max-image-preview":"max-image-preview:large","max-video-preview":"max-video-preview:-1"},"canonical":"https:\/\/elfsight.com\/pl\/background-music-widget\/google-sites\/","og_locale":"pl_PL","og_type":"article","og_title":"Wtyczka z muzyk\u0105 w tle i d\u017awi\u0119kiem do Witryn Google (\u0142atwa i szybka)","og_description":"Dodaj elastyczn\u0105 muzyk\u0119 w tle do swojej strony internetowej Witryn Google. Skorzystaj z \u0142atwej w zarz\u0105dzaniu wersji demonstracyjnej i utw\u00f3rz wid\u017cet audio w ci\u0105gu zaledwie kilku minut.","og_url":"https:\/\/elfsight.com\/pl\/background-music-widget\/google-sites\/","og_site_name":"Elfsight PL","article_modified_time":"2024-11-14T08:51:36+00:00","twitter_card":"summary_large_image","twitter_misc":{"Szacowany czas czytania":"3 minuty"},"schema":{"@context":"https:\/\/schema.org","@graph":[{"@type":"WebPage","@id":"https:\/\/elfsight.com\/pl\/background-music-widget\/google-sites\/","url":"https:\/\/elfsight.com\/pl\/background-music-widget\/google-sites\/","name":"Wtyczka z muzyk\u0105 w tle i d\u017awi\u0119kiem do Witryn Google (\u0142atwa i szybka)","isPartOf":{"@id":"https:\/\/elfsight.com\/pl\/#website"},"datePublished":"2024-05-03T06:29:16+00:00","dateModified":"2024-11-14T08:51:36+00:00","description":"Dodaj elastyczn\u0105 muzyk\u0119 w tle do swojej strony internetowej Witryn Google. Skorzystaj z \u0142atwej w zarz\u0105dzaniu wersji demonstracyjnej i utw\u00f3rz wid\u017cet audio w ci\u0105gu zaledwie kilku minut.","breadcrumb":{"@id":"https:\/\/elfsight.com\/pl\/background-music-widget\/google-sites\/#breadcrumb"},"inLanguage":"pl-PL","potentialAction":[{"@type":"ReadAction","target":["https:\/\/elfsight.com\/pl\/background-music-widget\/google-sites\/"]}]},{"@type":"BreadcrumbList","@id":"https:\/\/elfsight.com\/pl\/background-music-widget\/google-sites\/#breadcrumb","itemListElement":[{"@type":"ListItem","position":1,"name":"Home","item":"https:\/\/elfsight.com\/pl\/"},{"@type":"ListItem","position":2,"name":"Background Music","item":"https:\/\/elfsight.com\/pl\/background-music-widget\/"},{"@type":"ListItem","position":3,"name":"Background Music &#8211; Google Sites"}]},{"@type":"WebSite","@id":"https:\/\/elfsight.com\/pl\/#website","url":"https:\/\/elfsight.com\/pl\/","name":"Elfsight PL","description":"Just another Elfsight Sites site","potentialAction":[{"@type":"SearchAction","target":{"@type":"EntryPoint","urlTemplate":"https:\/\/elfsight.com\/pl\/?s={search_term_string}"},"query-input":{"@type":"PropertyValueSpecification","valueRequired":true,"valueName":"search_term_string"}}],"inLanguage":"pl-PL"}]}},"meta_box":{"industry":"","seo_heading":"","heading":"","description":"","cta_heading":"","cta_description":"","application":"3335","h1":"Wtyczka Muzyka w tle Witryn Google","h1_caption":"Dodaj muzyk\u0119 w tle do swojej witryny, aby bez wysi\u0142ku zapewni\u0107 odwiedzaj\u0105cym wci\u0105gaj\u0105ce wra\u017cenia w Witrynach Google.","application_category":[],"applications_title":"","applications_request_title":"","applications_request_button_text":"","hero_text":"","hero_video":"","hero_video_schema_markup":"","selling_points_title":"","selling_points_caption":"","selling_points":[],"selling_points_cta_text":"","features_title":"","features":"","ed_cta_examples_text":"","ed_cta_examples_hidden":"","ed_cta_demo_text":"","ed_cta_demo_hidden":"","why_caption":"","why_editor_title":"","why_editor_text":"","why_team_title":"","why_team_text":"","why_service_title":"","why_service_text":"","template_catalog_visible":"","template_catalog_title":"","template_catalog_text":"","template_catalog_categories_visible":"","demo_title":"Utw\u00f3rz wid\u017cet Muzyka w tle","demo_caption":"Skonfiguruj muzyk\u0119 w tle i dodaj j\u0105 do swojej witryny Google Sites za darmo!","default_faq_hidden":"","app_template_category":[],"platform":"484","template_public_id":"","codecanyon_url":"","codecanyon_item_id":"","codecanyon_price":"","pricing_caption":"","pricing_elfsight_apps_hide_column":"","pricing_elfsight_apps_url":"","pricing_codecanyon_price_caption":"","integration_category":[],"integration_request_title":"","integration_request_cta":"","integration_platform":"","integrations":[],"platform_category":[],"video_schema_markup":"","price":"od 0 USD \/ miesi\u0105c","trial":"","benefits":[{"text":"Bezp\u0142atna pomoc w monta\u017cu"},{"text":"Skuteczna obs\u0142uga klienta"},{"text":"14-dniowa gwarancja zwrotu pieni\u0119dzy"}],"button_url":"#demo","button_target_blank":"","button_nofollow":"","attributes":[{"name":"Instaluje"},{"name":"Czu\u0142y"},{"name":"Kompatybilne przegl\u0105darki"}],"tags":[],"tags_disable_links":"","hide_more_platforms":"","video_object":"","demo_hide_cta":"","demo_hide_cloud_options":"","pricing_title":"","pricing":[{"pricing_icon":"platform","pricing_title":"Elfsight Apps","pricing_title_caption":"Oprogramowanie niezale\u017cne od platformy","pricing_price":"od 0 USD \/ miesi\u0105c","pricing_price_caption":"zacznij od bezp\u0142atnego planu","pricing_benefits":[{"text":"Nielimitowane domeny"},{"text":"Szybkie i terminowe wsparcie"},{"text":"Bezp\u0142atna us\u0142uga monta\u017cu"},{"text":"Specjalna oferta na wiele aplikacji"}],"pricing_button_text":"Dodaj do witryny","pricing_button_url":"#demo"}],"related_apps_title":"","related_apps_hidden":"","author":"","image":[],"title":"","job":"","social_networks":[]},"_links":{"self":[{"href":"https:\/\/elfsight.com\/pl\/wp-json\/wp\/v2\/pages\/4302","targetHints":{"allow":["GET"]}}],"collection":[{"href":"https:\/\/elfsight.com\/pl\/wp-json\/wp\/v2\/pages"}],"about":[{"href":"https:\/\/elfsight.com\/pl\/wp-json\/wp\/v2\/types\/page"}],"author":[{"embeddable":true,"href":"https:\/\/elfsight.com\/pl\/wp-json\/wp\/v2\/users\/9"}],"replies":[{"embeddable":true,"href":"https:\/\/elfsight.com\/pl\/wp-json\/wp\/v2\/comments?post=4302"}],"version-history":[{"count":1,"href":"https:\/\/elfsight.com\/pl\/wp-json\/wp\/v2\/pages\/4302\/revisions"}],"predecessor-version":[{"id":4306,"href":"https:\/\/elfsight.com\/pl\/wp-json\/wp\/v2\/pages\/4302\/revisions\/4306"}],"up":[{"embeddable":true,"href":"https:\/\/elfsight.com\/pl\/wp-json\/wp\/v2\/pages\/3419"}],"wp:attachment":[{"href":"https:\/\/elfsight.com\/pl\/wp-json\/wp\/v2\/media?parent=4302"}],"curies":[{"name":"wp","href":"https:\/\/api.w.org\/{rel}","templated":true}]}}