{"id":4301,"date":"2024-05-03T06:29:15","date_gmt":"2024-05-03T06:29:15","guid":{"rendered":"https:\/\/elfsight.com\/pl\/?page_id=4301"},"modified":"2024-10-25T11:57:33","modified_gmt":"2024-10-25T11:57:33","slug":"godaddy","status":"publish","type":"page","link":"https:\/\/elfsight.com\/pl\/background-music-widget\/godaddy\/","title":{"rendered":"Background Music &#8211; GoDaddy"},"content":{"rendered":"<div class=\"application-platform-content-item-description application-platform-content-item\" id=\"description\" data-nav-section=\"description\"> <h2>Osad\u017a muzyk\u0119 w tle w GoDaddy za pomoc\u0105 wid\u017cetu Elfsight<\/h2> <p>Elfsight Muzyka w tle to nieskomplikowana wtyczka umo\u017cliwiaj\u0105ca odtwarzanie \u015bcie\u017cek audio bezpo\u015brednio na Twojej stronie. Narz\u0119dzie jest w pe\u0142ni konfigurowalne: mo\u017cesz zmieni\u0107 jego po\u0142o\u017cenie, ustawi\u0107 w dowolnym miejscu strony, skalowa\u0107 jego rozmiar, przemalowa\u0107 t\u0142o i inne cz\u0119\u015bci, aby zmiesza\u0107 je z uk\u0142adem witryny, zastosowa\u0107 ciemn\u0105 kolorystyk\u0119, ods\u0142oni\u0107 ok\u0142adki i wy\u015bwietli\u0107 lub ukry\u0107 4 dodatkowe cz\u0119\u015bci gracza, takie jak pasek post\u0119pu, tytu\u0142 i inne. Do\u0142\u0105cz tyle utwor\u00f3w, ile chcesz zaanga\u017cowa\u0107 odwiedzaj\u0105cych, w\u0142\u0105cz opcj\u0119 autoodtwarzania i miej pewno\u015b\u0107, \u017ce Twoi odbiorcy nie opuszcz\u0105 Twojej strony w po\u015bpiechu!. <\/p>. <p><b>Zintegruj muzyk\u0119 w tle Elfsight, aby \u0142atwiej osi\u0105gn\u0105\u0107 swoje cele biznesowe! <\/b><\/p> <\/div> <div class=\"application-platform-content-item-features application-platform-content-item\" id=\"features\" data-nav-section=\"features\"> <h2>Oferujemy przydatne i \u0142atwe funkcje, sprawd\u017a niekt\u00f3re z nich: <\/h2> <ul><li>Nieograniczona r\u00f3\u017cnorodno\u015b\u0107 kolor\u00f3w<\/b><\/p> li&gt;<li>Motyw ciemnego\/jasnego koloru<\/li><li>Elastyczny projekt<\/li><li>Dost\u0119pne 2 uk\u0142ady<\/li><li>Mo\u017cliwo\u015b\u0107 wykorzystania obrazu t\u0142a<\/li><\/ul> <p><a href=\"#demo\">Wypr\u00f3buj t\u0119 wersj\u0119 demonstracyjn\u0105, aby zobaczy\u0107, jak to dzia\u0142a<\/a><\/p> <\/div> <div class=\"application-platform-content-item-installation application-platform-content-item\" id=\"installation\" data-nav-section=\"installation\"> <h2>Jak doda\u0107 t\u0142o Elfsight Muzyka w moim GoDaddy? <\/h2> <p>Wystarczy wykona\u0107 poni\u017csze kroki, aby aktywowa\u0107 wtyczk\u0119. <\/p> <ol><li><b>Zastosuj nasz darmowy edytor i zacznij kszta\u0142towa\u0107 sw\u00f3j niestandardowy instrument. <\/b><br> Okre\u015bl wybrany wygl\u0105d i funkcjonalno\u015b\u0107 wtyczki oraz zastosuj poprawki. <\/li> <li><b>Odbierz sw\u00f3j indywidualny kod widoczny w polu aplikacji Elfsight<\/b><br> Po zako\u0144czeniu konfiguracji wtyczki skopiuj indywidualny kod z wy\u015bwietlonego pola i zachowaj go na przysz\u0142o\u015b\u0107 okazja. <\/li> <li><b>Zacznij korzysta\u0107 z narz\u0119dzia w swojej witrynie GoDaddy<\/b><br> Zaimplementuj skopiowany wcze\u015bniej kod na swojej stronie i zapisz zmiany. <\/li> <li><b>Instalacja zosta\u0142a pomy\u015blnie uko\u0144czona<\/b><br> Odwied\u017a swoj\u0105 witryn\u0119, aby sprawdzi\u0107, jak dzia\u0142a narz\u0119dzie. <\/li><\/ol> <p>Je\u015bli masz pytania lub napotkasz jakiekolwiek trudno\u015bci, skontaktuj si\u0119 z naszym zespo\u0142em obs\u0142ugi klienta. Nasi specjali\u015bci z przyjemno\u015bci\u0105 rozwi\u0105\u017c\u0105 wszystkie problemy, jakie mo\u017cesz mie\u0107 z wtyczk\u0105. <\/p> <div class=\"faq\" data-component=\"FAQ\"><div class=\"faq-item\">\r\n\t\t\t\t\t<div class=\"faq-item-question\">\r\n\t\t\t\t\t\t<h3 class=\"faq-item-question-text\">Jak mog\u0119 osadzi\u0107 wtyczk\u0119 GoDaddy z muzyk\u0105 w tle w mojej witrynie internetowej bez umiej\u0119tno\u015bci kodowania?<\/h3>\r\n\r\n\t\t\t\t\t\t<div class=\"faq-item-question-icon\"><\/div>\r\n\t\t\t\t\t<\/div>\r\n\r\n\t\t\t\t\t<div class=\"faq-item-answer\">\r\n\t\t\t\t\t\t<div class=\"faq-item-answer-text\"><p>Elfsight zapewnia rozwi\u0105zanie oparte na chmurze, kt\u00f3re umo\u017cliwia u\u017cytkownikom tworzenie wtyczki GoDaddy z muzyk\u0105 w tle na w\u0142asn\u0105 r\u0119k\u0119. Zobacz, jak prosty mo\u017ce by\u0107 ten proces:<\/p><ul><li>Uzyskaj dost\u0119p do edytora online, aby wygenerowa\u0107 sekcj\u0119 wtyczki GoDaddy z muzyk\u0105 w tle, kt\u00f3r\u0105 chcesz zintegrowa\u0107 ze swoj\u0105 witryn\u0105 internetow\u0105.<\/li><li>Wybierz jedn\u0105 z naszych wst\u0119pnie zaprojektowanych szablon\u00f3w i dostosuj ustawienia wtyczki GoDaddy Muzyka w tle, dostosuj uk\u0142ad i schemat kolor\u00f3w, do\u0142\u0105cz swoj\u0105 zawarto\u015b\u0107 bez konieczno\u015bci kodowania.<\/li><li>Zachowaj ustawienia skonfigurowane dla wtyczki GoDaddy Muzyka w tle i uzyskaj kod do umieszczenia na stronie, kt\u00f3ry mo\u017cesz \u0142atwo i bezp\u0142atnie umie\u015bci\u0107 w swojej witrynie.<\/li><\/ul><p>Pracuj\u0105c w przyjaznym dla u\u017cytkownika Edytorze, ka\u017cdy u\u017cytkownik Internetu mo\u017ce utworzy\u0107 sekcj\u0119 wtyczek GoDaddy z muzyk\u0105 w tle i umie\u015b\u0107 go na swojej stronie internetowej. Aby uzyska\u0107 dost\u0119p do Edytora Elfsight, nie jest wymagana \u017cadna p\u0142atno\u015b\u0107 ani ujawnianie danych karty. Je\u015bli na kt\u00f3rymkolwiek etapie napotkasz jakiekolwiek problemy, skontaktuj si\u0119 z naszym dzia\u0142em obs\u0142ugi klienta.<\/p><\/div>\r\n\t\t\t\t\t<\/div>\r\n\t\t\t\t<\/div><\/div><\/div>","protected":false},"excerpt":{"rendered":"","protected":false},"author":9,"featured_media":0,"parent":3419,"menu_order":0,"comment_status":"closed","ping_status":"closed","template":"templates\/template-application-platform.php","meta":{"publish_to_discourse":"","publish_post_category":"","wpdc_auto_publish_overridden":"","wpdc_topic_tags":"","wpdc_pin_topic":"","wpdc_pin_until":"","discourse_post_id":"","discourse_permalink":"","wpdc_publishing_response":"","wpdc_publishing_error":"","footnotes":""},"class_list":["post-4301","page","type-page","status-publish","hentry"],"yoast_head":"<!-- This site is optimized with the Yoast SEO plugin v25.3.1 - https:\/\/yoast.com\/wordpress\/plugins\/seo\/ -->\n<title>Muzyka w tle \u2014 dodaj wtyczk\u0119 muzyczn\u0105 do witryny GoDaddy!<\/title>\n<meta name=\"description\" content=\"Dodaj adaptacyjn\u0105 wtyczk\u0119 muzyki w tle do swojej witryny GoDaddy. Uruchom wygodne demo Elfsight i stw\u00f3rz swoj\u0105 unikaln\u0105 wtyczk\u0119!\" \/>\n<meta name=\"robots\" content=\"index, follow, max-snippet:-1, max-image-preview:large, max-video-preview:-1\" \/>\n<link rel=\"canonical\" href=\"https:\/\/elfsight.com\/pl\/background-music-widget\/godaddy\/\" \/>\n<meta property=\"og:locale\" content=\"pl_PL\" \/>\n<meta property=\"og:type\" content=\"article\" \/>\n<meta property=\"og:title\" content=\"Muzyka w tle \u2014 dodaj wtyczk\u0119 muzyczn\u0105 do witryny GoDaddy!\" \/>\n<meta property=\"og:description\" content=\"Dodaj adaptacyjn\u0105 wtyczk\u0119 muzyki w tle do swojej witryny GoDaddy. Uruchom wygodne demo Elfsight i stw\u00f3rz swoj\u0105 unikaln\u0105 wtyczk\u0119!\" \/>\n<meta property=\"og:url\" content=\"https:\/\/elfsight.com\/pl\/background-music-widget\/godaddy\/\" \/>\n<meta property=\"og:site_name\" content=\"Elfsight PL\" \/>\n<meta property=\"article:modified_time\" content=\"2024-10-25T11:57:33+00:00\" \/>\n<meta name=\"twitter:card\" content=\"summary_large_image\" \/>\n<meta name=\"twitter:label1\" content=\"Szacowany czas czytania\" \/>\n\t<meta name=\"twitter:data1\" content=\"3 minuty\" \/>\n<!-- \/ Yoast SEO plugin. -->","yoast_head_json":{"title":"Muzyka w tle \u2014 dodaj wtyczk\u0119 muzyczn\u0105 do witryny GoDaddy!","description":"Dodaj adaptacyjn\u0105 wtyczk\u0119 muzyki w tle do swojej witryny GoDaddy. Uruchom wygodne demo Elfsight i stw\u00f3rz swoj\u0105 unikaln\u0105 wtyczk\u0119!","robots":{"index":"index","follow":"follow","max-snippet":"max-snippet:-1","max-image-preview":"max-image-preview:large","max-video-preview":"max-video-preview:-1"},"canonical":"https:\/\/elfsight.com\/pl\/background-music-widget\/godaddy\/","og_locale":"pl_PL","og_type":"article","og_title":"Muzyka w tle \u2014 dodaj wtyczk\u0119 muzyczn\u0105 do witryny GoDaddy!","og_description":"Dodaj adaptacyjn\u0105 wtyczk\u0119 muzyki w tle do swojej witryny GoDaddy. Uruchom wygodne demo Elfsight i stw\u00f3rz swoj\u0105 unikaln\u0105 wtyczk\u0119!","og_url":"https:\/\/elfsight.com\/pl\/background-music-widget\/godaddy\/","og_site_name":"Elfsight PL","article_modified_time":"2024-10-25T11:57:33+00:00","twitter_card":"summary_large_image","twitter_misc":{"Szacowany czas czytania":"3 minuty"},"schema":{"@context":"https:\/\/schema.org","@graph":[{"@type":"WebPage","@id":"https:\/\/elfsight.com\/pl\/background-music-widget\/godaddy\/","url":"https:\/\/elfsight.com\/pl\/background-music-widget\/godaddy\/","name":"Muzyka w tle \u2014 dodaj wtyczk\u0119 muzyczn\u0105 do witryny GoDaddy!","isPartOf":{"@id":"https:\/\/elfsight.com\/pl\/#website"},"datePublished":"2024-05-03T06:29:15+00:00","dateModified":"2024-10-25T11:57:33+00:00","description":"Dodaj adaptacyjn\u0105 wtyczk\u0119 muzyki w tle do swojej witryny GoDaddy. Uruchom wygodne demo Elfsight i stw\u00f3rz swoj\u0105 unikaln\u0105 wtyczk\u0119!","breadcrumb":{"@id":"https:\/\/elfsight.com\/pl\/background-music-widget\/godaddy\/#breadcrumb"},"inLanguage":"pl-PL","potentialAction":[{"@type":"ReadAction","target":["https:\/\/elfsight.com\/pl\/background-music-widget\/godaddy\/"]}]},{"@type":"BreadcrumbList","@id":"https:\/\/elfsight.com\/pl\/background-music-widget\/godaddy\/#breadcrumb","itemListElement":[{"@type":"ListItem","position":1,"name":"Home","item":"https:\/\/elfsight.com\/pl\/"},{"@type":"ListItem","position":2,"name":"Background Music","item":"https:\/\/elfsight.com\/pl\/background-music-widget\/"},{"@type":"ListItem","position":3,"name":"Background Music &#8211; GoDaddy"}]},{"@type":"WebSite","@id":"https:\/\/elfsight.com\/pl\/#website","url":"https:\/\/elfsight.com\/pl\/","name":"Elfsight PL","description":"Just another Elfsight Sites site","potentialAction":[{"@type":"SearchAction","target":{"@type":"EntryPoint","urlTemplate":"https:\/\/elfsight.com\/pl\/?s={search_term_string}"},"query-input":{"@type":"PropertyValueSpecification","valueRequired":true,"valueName":"search_term_string"}}],"inLanguage":"pl-PL"}]}},"meta_box":{"industry":"","seo_heading":"","heading":"","description":"","cta_heading":"","cta_description":"","application":"3335","h1":"Wtyczka Muzyki w tle GoDaddy","h1_caption":"Dodaj muzyk\u0119 w tle do swojej witryny, aby bez wysi\u0142ku zapewni\u0107 odwiedzaj\u0105cym wci\u0105gaj\u0105ce wra\u017cenia w witrynie GoDaddy.","application_category":[],"applications_title":"","applications_request_title":"","applications_request_button_text":"","hero_text":"","hero_video":"","hero_video_schema_markup":"","selling_points_title":"","selling_points_caption":"","selling_points":[],"selling_points_cta_text":"","features_title":"","features":"","ed_cta_examples_text":"","ed_cta_examples_hidden":"","ed_cta_demo_text":"","ed_cta_demo_hidden":"","why_caption":"","why_editor_title":"","why_editor_text":"","why_team_title":"","why_team_text":"","why_service_title":"","why_service_text":"","template_catalog_visible":"","template_catalog_title":"","template_catalog_text":"","template_catalog_categories_visible":"","demo_title":"Spersonalizuj wtyczk\u0119 i zaimplementuj j\u0105 na swojej stronie za pomoc\u0105 wersji demonstracyjnej.","demo_caption":"Pospiesz si\u0119, aby utworzy\u0107 niestandardow\u0105 muzyk\u0119 w tle GoDaddy Elfsight, kt\u00f3ra b\u0119dzie doskonale dopasowana do Twojej strony g\u0142\u00f3wnej!","default_faq_hidden":"","app_template_category":[],"platform":"180","template_public_id":"","codecanyon_url":"","codecanyon_item_id":"","codecanyon_price":"","pricing_caption":"","pricing_elfsight_apps_hide_column":"","pricing_elfsight_apps_url":"","pricing_codecanyon_price_caption":"","integration_category":[],"integration_request_title":"","integration_request_cta":"","integration_platform":"","integrations":[],"platform_category":[],"video_schema_markup":"","price":"od 0 USD \/ miesi\u0105c","trial":"","benefits":[{"text":"Bezp\u0142atna pomoc w monta\u017cu"},{"text":"Wsparcie premium"},{"text":"14-dniowa gwarancja zwrotu pieni\u0119dzy"}],"button_url":"#demo","button_target_blank":"","button_nofollow":"","attributes":[{"name":"Instaluje"},{"name":"Czu\u0142y"},{"name":"Kompatybilne przegl\u0105darki"}],"tags":[],"tags_disable_links":"","hide_more_platforms":"","video_object":"","demo_hide_cta":"","demo_hide_cloud_options":"","pricing_title":"","pricing":[{"pricing_icon":"platform","pricing_title":"Elfsight Apps","pricing_title_caption":"Wersja wieloplatformowa, kt\u00f3ra dzia\u0142a na ka\u017cdej stronie internetowej","pricing_price":"od 0 USD \/ miesi\u0105c","pricing_price_caption":"zacznij od bezp\u0142atnego planu","pricing_benefits":[{"text":"Nielimitowane strony internetowe"},{"text":"Profesjonalne wsparcie"},{"text":"Bezp\u0142atna pomoc w monta\u017cu"},{"text":"Elastyczny projekt"}],"pricing_button_text":"Dodaj do witryny","pricing_button_url":"#demo"}],"related_apps_title":"","related_apps_hidden":"","author":"","image":[],"title":"","job":"","social_networks":[]},"_links":{"self":[{"href":"https:\/\/elfsight.com\/pl\/wp-json\/wp\/v2\/pages\/4301","targetHints":{"allow":["GET"]}}],"collection":[{"href":"https:\/\/elfsight.com\/pl\/wp-json\/wp\/v2\/pages"}],"about":[{"href":"https:\/\/elfsight.com\/pl\/wp-json\/wp\/v2\/types\/page"}],"author":[{"embeddable":true,"href":"https:\/\/elfsight.com\/pl\/wp-json\/wp\/v2\/users\/9"}],"replies":[{"embeddable":true,"href":"https:\/\/elfsight.com\/pl\/wp-json\/wp\/v2\/comments?post=4301"}],"version-history":[{"count":1,"href":"https:\/\/elfsight.com\/pl\/wp-json\/wp\/v2\/pages\/4301\/revisions"}],"predecessor-version":[{"id":4305,"href":"https:\/\/elfsight.com\/pl\/wp-json\/wp\/v2\/pages\/4301\/revisions\/4305"}],"up":[{"embeddable":true,"href":"https:\/\/elfsight.com\/pl\/wp-json\/wp\/v2\/pages\/3419"}],"wp:attachment":[{"href":"https:\/\/elfsight.com\/pl\/wp-json\/wp\/v2\/media?parent=4301"}],"curies":[{"name":"wp","href":"https:\/\/api.w.org\/{rel}","templated":true}]}}