{"id":430,"date":"2020-11-19T14:45:15","date_gmt":"2020-11-19T14:45:15","guid":{"rendered":"https:\/\/elfsight.com\/pl\/?page_id=430"},"modified":"2021-04-21T13:44:30","modified_gmt":"2021-04-21T13:44:30","slug":"divi-plugins","status":"publish","type":"page","link":"https:\/\/elfsight.com\/pl\/divi-plugins\/","title":{"rendered":"Divi plugins"},"content":{"rendered":"\n<h2>Najdoskonalsze elementy interfejsu Elfsight dla unowocze\u015bnienia twojej strony www Divi<\/h2>\n\n<p>Od kilku lat nasza dru\u017cyna programist\u00f3w Elfsight wynajduje \u0142atwe w u\u017cyciu i w pe\u0142ni responsywne rozwi\u0105zania chmurowe dla Twojej dzia\u0142alno\u015bci. Zapewniamy obs\u0142ug\u0119 techniczn\u0105 i du\u017c\u0105 szybko\u015b\u0107 \u0142adowania. Elementy interfejsu Elfsight wspomagaj\u0105 w\u0142a\u015bcicielom stron online, non-profit i wielu innym na \u015bwiecie poradzi\u0107 sobie z podstawowymi celami bardziej racjonalnie. \n<\/p>\n\n<p>A\u017ceby podnie\u015b\u0107 liczb\u0119 lead\u00f3w, przedstawi\u0107 pozytywny feedback na Twoje produkty, zwi\u0119kszy\u0107 zaufanie do swojej marki, poprzez osadzanie dodatka do swojej witryny. Nasze plany taryfowe s\u0105 w zakresie od bezp\u0142atnych do premium. \u0141atwo zastosowa\u0107 wszelkie odpowiednie widgety przy u\u017cyciu naszej wersji Live Demo i spotkaj jak bardzo to b\u0119dzie korzystne w kwestii rozwoju witryny Twojego biznesu. <\/p>\n\n<h2>Dlaczego aplikacji Divi s\u0105 najlepszymi rozwi\u0105zaniami dla Twojej strony www? <\/h2>\n\n<p> Tu jest list\u0119 wa\u017cnych jako\u015bci naszych widget\u00f3w, kt\u00f3re umo\u017cliwiaj\u0105 nam by\u0107 lepszymi, ni\u017c nasi konkurenci: <\/p>\n\n\n<ul>\n<li> Nieodp\u0142atna i szybka pomoc przy instalacje lub dostosowywanie plugin\u00f3w; <\/li>\n<li> Zdolno\u015b\u0107 dostosowywania do wszystkich rozdzielczo\u015bci stron internetowych i dostosowane do urz\u0105dze\u0144 mobilnych; <\/li>\n<li> Nie musisz zatrudnia\u0107 deweloper\u00f3w; <\/li>\n<li> Bogata oferta opcji dostosowywania; <\/li>\n<li> Oparte na chmurze aplikacji pomagaj\u0105 zwi\u0119kszy\u0107 pr\u0119dko\u015b\u0107 wczytywania serwisu; <\/li>\n<li> Wszystkie aktualizacje s\u0105 darmowe i systematyczne; <\/li>\n<li> Przyst\u0119pne ceny; <\/li>\n<li> Kompetentna pomoc z problemami klient\u00f3w. <\/li>\n<\/ul>\n\n<p> Zbadaj bezp\u0142atne opcje naszych dodatk\u00f3w i zrozumiej jej potencja\u0142 lub zainstaluj dowolne wymagane rozwi\u0105zanie z 20% rabatem. <\/p>\n\n\n<h2> W jaki spos\u00f3b doda\u0107 Twoje rozszerzenia na Twojej stronie internetowej Divi <\/h2>\n\n<p> A\u017ceby osadzi\u0107 nasze dodatki, zobacz nast\u0119pnie kroki z \u0142atwej wskaz\u00f3wki: <\/p>\n\n\n<ol>\n<li> Naci\u015bnij na wymagany widget; <\/li>\n<li> Zmie\u0144 wszystkie wymagane konfiguracji; <\/li>\n<li> Zapisz zmiany; <\/li>\n<li> Kliknij generowany kod; <\/li>\n<li> Dodaj kod instalacyjny w przydatnym miejscu Twojej witryny lub szablonu; <\/li>\n<li> Sko\u0144czone! Zainstalowa\u0142e\u015b widget. <\/li>\n<\/ol>\n\n<p> Je\u015bli b\u0119dziesz potrzebowa\u0142 pomocy, zapraszamy skontaktowa\u0107 si\u0119 z zespo\u0142em obs\u0142ugi Elfsight. <\/p>\n","protected":false},"excerpt":{"rendered":"Najdoskonalsze elementy interfejsu Elfsight dla unowocze\u015bnienia twojej strony www Divi Od kilku lat nasza dru\u017cyna programist\u00f3w Elfsight wynajduje \u0142atwe w u\u017cyciu i w pe\u0142ni responsywne rozwi\u0105zania chmurowe dla Twojej dzia\u0142alno\u015bci. Zapewniamy obs\u0142ug\u0119 techniczn\u0105 i du\u017c\u0105 szybko\u015b\u0107 \u0142adowania. Elementy interfejsu Elfsight wspomagaj\u0105 w\u0142a\u015bcicielom stron online, non-profit i wielu innym na \u015bwiecie&#8230;","protected":false},"author":13,"featured_media":0,"parent":0,"menu_order":0,"comment_status":"closed","ping_status":"closed","template":"templates\/template-platform.php","meta":{"publish_to_discourse":"","publish_post_category":"","wpdc_auto_publish_overridden":"","wpdc_topic_tags":"","wpdc_pin_topic":"","wpdc_pin_until":"","discourse_post_id":"","discourse_permalink":"","wpdc_publishing_response":"","wpdc_publishing_error":"","footnotes":""},"class_list":["post-430","page","type-page","status-publish","hentry"],"yoast_head":"<!-- This site is optimized with the Yoast SEO plugin v25.3.1 - https:\/\/yoast.com\/wordpress\/plugins\/seo\/ -->\n<title>Ponad 80 najlepszych darmowych Divi plugin\u00f3w dla strony internetowej<\/title>\n<meta name=\"description\" content=\"Odbi\u00f3r nieodp\u0142atnych plugin\u00f3w najwy\u017cszej klasy dla twojej witryny sieci Web Divi. Pom\u00f3c w dostosowywanie a tak\u017ce rozbudowana funkcjonalno\u015b\u0107.\" \/>\n<meta name=\"robots\" content=\"index, follow, max-snippet:-1, max-image-preview:large, max-video-preview:-1\" \/>\n<link rel=\"canonical\" href=\"https:\/\/elfsight.com\/pl\/divi-plugins\/\" \/>\n<meta property=\"og:locale\" content=\"pl_PL\" \/>\n<meta property=\"og:type\" content=\"article\" \/>\n<meta property=\"og:title\" content=\"Ponad 80 najlepszych darmowych Divi plugin\u00f3w dla strony internetowej\" \/>\n<meta property=\"og:description\" content=\"Odbi\u00f3r nieodp\u0142atnych plugin\u00f3w najwy\u017cszej klasy dla twojej witryny sieci Web Divi. Pom\u00f3c w dostosowywanie a tak\u017ce rozbudowana funkcjonalno\u015b\u0107.\" \/>\n<meta property=\"og:url\" content=\"https:\/\/elfsight.com\/pl\/divi-plugins\/\" \/>\n<meta property=\"og:site_name\" content=\"Elfsight PL\" \/>\n<meta property=\"article:modified_time\" content=\"2021-04-21T13:44:30+00:00\" \/>\n<meta name=\"twitter:card\" content=\"summary_large_image\" \/>\n<meta name=\"twitter:label1\" content=\"Szacowany czas czytania\" \/>\n\t<meta name=\"twitter:data1\" content=\"2 minuty\" \/>\n<!-- \/ Yoast SEO plugin. -->","yoast_head_json":{"title":"Ponad 80 najlepszych darmowych Divi plugin\u00f3w dla strony internetowej","description":"Odbi\u00f3r nieodp\u0142atnych plugin\u00f3w najwy\u017cszej klasy dla twojej witryny sieci Web Divi. Pom\u00f3c w dostosowywanie a tak\u017ce rozbudowana funkcjonalno\u015b\u0107.","robots":{"index":"index","follow":"follow","max-snippet":"max-snippet:-1","max-image-preview":"max-image-preview:large","max-video-preview":"max-video-preview:-1"},"canonical":"https:\/\/elfsight.com\/pl\/divi-plugins\/","og_locale":"pl_PL","og_type":"article","og_title":"Ponad 80 najlepszych darmowych Divi plugin\u00f3w dla strony internetowej","og_description":"Odbi\u00f3r nieodp\u0142atnych plugin\u00f3w najwy\u017cszej klasy dla twojej witryny sieci Web Divi. Pom\u00f3c w dostosowywanie a tak\u017ce rozbudowana funkcjonalno\u015b\u0107.","og_url":"https:\/\/elfsight.com\/pl\/divi-plugins\/","og_site_name":"Elfsight PL","article_modified_time":"2021-04-21T13:44:30+00:00","twitter_card":"summary_large_image","twitter_misc":{"Szacowany czas czytania":"2 minuty"},"schema":{"@context":"https:\/\/schema.org","@graph":[{"@type":"WebPage","@id":"https:\/\/elfsight.com\/pl\/divi-plugins\/","url":"https:\/\/elfsight.com\/pl\/divi-plugins\/","name":"Ponad 80 najlepszych darmowych Divi plugin\u00f3w dla strony internetowej","isPartOf":{"@id":"https:\/\/elfsight.com\/pl\/#website"},"datePublished":"2020-11-19T14:45:15+00:00","dateModified":"2021-04-21T13:44:30+00:00","description":"Odbi\u00f3r nieodp\u0142atnych plugin\u00f3w najwy\u017cszej klasy dla twojej witryny sieci Web Divi. Pom\u00f3c w dostosowywanie a tak\u017ce rozbudowana funkcjonalno\u015b\u0107.","breadcrumb":{"@id":"https:\/\/elfsight.com\/pl\/divi-plugins\/#breadcrumb"},"inLanguage":"pl-PL","potentialAction":[{"@type":"ReadAction","target":["https:\/\/elfsight.com\/pl\/divi-plugins\/"]}]},{"@type":"BreadcrumbList","@id":"https:\/\/elfsight.com\/pl\/divi-plugins\/#breadcrumb","itemListElement":[{"@type":"ListItem","position":1,"name":"Home","item":"https:\/\/elfsight.com\/pl\/"},{"@type":"ListItem","position":2,"name":"Divi plugins"}]},{"@type":"WebSite","@id":"https:\/\/elfsight.com\/pl\/#website","url":"https:\/\/elfsight.com\/pl\/","name":"Elfsight PL","description":"Just another Elfsight Sites site","potentialAction":[{"@type":"SearchAction","target":{"@type":"EntryPoint","urlTemplate":"https:\/\/elfsight.com\/pl\/?s={search_term_string}"},"query-input":{"@type":"PropertyValueSpecification","valueRequired":true,"valueName":"search_term_string"}}],"inLanguage":"pl-PL"}]}},"meta_box":{"industry":"","seo_heading":"","heading":"","description":"","cta_heading":"","cta_description":"","application":"","h1":"Najlepsze pluginy DIivi","h1_caption":"Nieodp\u0142atny pakiet nowych plugin\u00f3w pierwszej klasy z szerok\u0105 gam\u0105 mo\u017cliwo\u015bci dla powi\u0119kszania sprzeda\u017cy i wykonania wszystkich podstawowych cel\u00f3w handlowych. Szybka instalacja, bogata oferta mo\u017cliwo\u015bci personalizacji i szybkie wsparcie klienta.","application_category":[],"applications_title":"Wypr\u00f3buj najlepszi dopasowania dla twojej witryny internetowej w\u015br\u00f3d wszystkich element\u00f3w interfejsu nieodp\u0142atnych w wersji Live Demo","applications_request_title":"Nie mo\u017cesz znale\u017a\u0107 odpowiedniego plugina?","applications_request_button_text":"Zam\u00f3w plugin","hero_text":"","hero_video":"","hero_video_schema_markup":"","selling_points_title":"","selling_points_caption":"","selling_points":[],"selling_points_cta_text":"","features_title":"","features":"","ed_cta_examples_text":"","ed_cta_examples_hidden":"","ed_cta_demo_text":"","ed_cta_demo_hidden":"","why_caption":"","why_editor_title":"","why_editor_text":"","why_team_title":"","why_team_text":"","why_service_title":"","why_service_text":"","template_catalog_visible":"","template_catalog_title":"","template_catalog_text":"","template_catalog_categories_visible":"","demo_title":"","demo_caption":"","default_faq_hidden":"","app_template_category":[],"platform":"427","template_public_id":"","codecanyon_url":"","codecanyon_item_id":"","codecanyon_price":"","pricing_caption":"","pricing_elfsight_apps_hide_column":"","pricing_elfsight_apps_url":"","pricing_codecanyon_price_caption":"","integration_category":[],"integration_request_title":"","integration_request_cta":"","integration_platform":"","integrations":[],"platform_category":[],"video_schema_markup":"","price":"","trial":"","benefits":[],"button_url":"","button_target_blank":"","button_nofollow":"","attributes":[],"tags":[],"tags_disable_links":"","hide_more_platforms":"","video_object":"","demo_hide_cta":"","demo_hide_cloud_options":"","pricing_title":"","pricing":[],"related_apps_title":"","related_apps_hidden":"","author":"","image":[],"title":"","job":"","social_networks":[]},"_links":{"self":[{"href":"https:\/\/elfsight.com\/pl\/wp-json\/wp\/v2\/pages\/430","targetHints":{"allow":["GET"]}}],"collection":[{"href":"https:\/\/elfsight.com\/pl\/wp-json\/wp\/v2\/pages"}],"about":[{"href":"https:\/\/elfsight.com\/pl\/wp-json\/wp\/v2\/types\/page"}],"author":[{"embeddable":true,"href":"https:\/\/elfsight.com\/pl\/wp-json\/wp\/v2\/users\/13"}],"replies":[{"embeddable":true,"href":"https:\/\/elfsight.com\/pl\/wp-json\/wp\/v2\/comments?post=430"}],"version-history":[{"count":2,"href":"https:\/\/elfsight.com\/pl\/wp-json\/wp\/v2\/pages\/430\/revisions"}],"predecessor-version":[{"id":432,"href":"https:\/\/elfsight.com\/pl\/wp-json\/wp\/v2\/pages\/430\/revisions\/432"}],"wp:attachment":[{"href":"https:\/\/elfsight.com\/pl\/wp-json\/wp\/v2\/media?parent=430"}],"curies":[{"name":"wp","href":"https:\/\/api.w.org\/{rel}","templated":true}]}}