{"id":4296,"date":"2024-05-03T06:29:14","date_gmt":"2024-05-03T06:29:14","guid":{"rendered":"https:\/\/elfsight.com\/pl\/?page_id=4296"},"modified":"2024-10-25T11:57:17","modified_gmt":"2024-10-25T11:57:17","slug":"prestashop","status":"publish","type":"page","link":"https:\/\/elfsight.com\/pl\/background-music-widget\/prestashop\/","title":{"rendered":"Background Music &#8211; PrestaShop"},"content":{"rendered":"<div class=\"application-platform-content-item-description application-platform-content-item\" id=\"description\" data-nav-section=\"description\"> <h2>Opis<\/h2> <p>Odtwarzacz audio w tle Elfsight to nieskomplikowany dodatek umo\u017cliwiaj\u0105cy strumieniowe przesy\u0142anie \u015bcie\u017cek audio na Twojej stronie g\u0142\u00f3wnej. Wtyczka jest niezwykle konfigurowalna: mo\u017cesz zmieni\u0107 jej po\u0142o\u017cenie, wstawi\u0107 j\u0105 w dowolnym miejscu strony, zmieni\u0107 jej rozmiar, na\u0142o\u017cy\u0107 t\u0142o i wszystkie inne elementy, aby zmiesza\u0107 je z uk\u0142adem witryny, zastosowa\u0107 ciemny motyw, ods\u0142oni\u0107 obrazy i wy\u015bwietli\u0107 lub ukry\u0107 3 inne elementy odtwarzacza, na przyk\u0142ad pasek post\u0119pu i wiele innych. Do\u0142\u0105cz tyle utwor\u00f3w, ile chcesz zaanga\u017cowa\u0107 odwiedzaj\u0105cych, w\u0142\u0105cz autoodtwarzanie i nie miej w\u0105tpliwo\u015bci \u2013 Twoi u\u017cytkownicy nie opuszcz\u0105 Twojej witryny w po\u015bpiechu! <\/p><p><b>Zwi\u0119ksz skuteczno\u015b\u0107 swojej witryny w zakresie handlu elektronicznego dzi\u0119ki %\u043f\u0440\u043e\u0434\u0443\u043a\u0442%<\/b><\/p> <\/div> <div class=\"application-platform-content-item-features application-platform-content-item\" id=\"features\" data-nav-section=\"features\"> <h2>Sprawd\u017a list\u0119 z najwa\u017cniejszych funkcji: <\/h2> <ul><li>R\u00f3\u017cne warianty kolorystyczne<\/li><li>Schemat kolor\u00f3w ciemny\/jasny<\/li><li>Responsywny projekt<\/li><li>Dost\u0119pne 2 uk\u0142ady <\/li><li>Mo\u017cliwo\u015b\u0107 do\u0142\u0105czenia obrazu t\u0142a<\/li><li>Dostosuj niesko\u0144czon\u0105 liczb\u0119 utwor\u00f3w<\/li><li>Opcja zaprojektowania spersonalizowanego schematu kolor\u00f3w<\/li><li>Obs\u0142ugiwane formaty: ogv , mp3, HLS (mThreeu8), DASH (mpd), webm, mp4<\/li><li>Opcja automatycznego odtwarzania<\/li><li>Dodawaj utwory wed\u0142ug adresu URL lub bezpo\u015brednio ze swojego urz\u0105dzenia<\/li><\/ul><p><a href=\"#demo\">Mo\u017cesz przetestowa\u0107 dzia\u0142anie wid\u017cetu, korzystaj\u0105c z wersji demonstracyjnej<\/a><\/p> <\/div> <div class=\"application-platform-content-item-installation application-platform-content-item\" id=\"installation\" data-nav-section=\"installation\"> <h2>Jak osadzi\u0107 muzyk\u0119 w tle do mojej witryny PrestaShop? <\/h2> <p>Wystarczy wykona\u0107 poni\u017csze kroki, aby rozpocz\u0105\u0107 korzystanie z dodatku. <\/p> <ol><li><b>Otw\u00f3rz nasze bezp\u0142atne demo i zacznij tworzy\u0107 sw\u00f3j spersonalizowany widget. <\/b><br> Znajd\u017a wybran\u0105 form\u0119 i charakterystyk\u0119 narz\u0119dzia i zapisz zmiany. <\/li> <li><b>Odbierz sw\u00f3j unikalny kod pojawiaj\u0105cy si\u0119 w specjalnym formularzu w aplikacjach Elfsight. <\/b><br> Po wygenerowaniu osobistego wid\u017cetu skopiuj kod osobisty z wyskakuj\u0105cego okienka i zachowaj go na p\u00f3\u017aniej. <\/li> <li><b>Rozpocznij korzystanie z dodatku na stronie PrestaShop. <\/b><br> Dodaj skopiowany wcze\u015bniej kod na swoj\u0105 stron\u0119 i zastosuj modyfikacje. <\/li> <li><b>Gotowe! Integracja zosta\u0142a w pe\u0142ni uko\u0144czona. <\/b><br> Przejd\u017a do swojej witryny i sprawd\u017a, jak dzia\u0142a widget. <\/li><\/ol> <p>Za\u0142\u00f3\u017cmy, \u017ce napotkasz pewne trudno\u015bci, bez wahania napisz do naszego zespo\u0142u wsparcia. Nasi konsultanci z przyjemno\u015bci\u0105 rozwi\u0105\u017c\u0105 wszystkie problemy, jakie mo\u017cesz mie\u0107 z wid\u017cetem. <\/p> <\/div>","protected":false},"excerpt":{"rendered":"","protected":false},"author":9,"featured_media":0,"parent":3419,"menu_order":0,"comment_status":"closed","ping_status":"closed","template":"templates\/template-application-platform.php","meta":{"publish_to_discourse":"","publish_post_category":"","wpdc_auto_publish_overridden":"","wpdc_topic_tags":"","wpdc_pin_topic":"","wpdc_pin_until":"","discourse_post_id":"","discourse_permalink":"","wpdc_publishing_response":"","wpdc_publishing_error":"","footnotes":""},"class_list":["post-4296","page","type-page","status-publish","hentry"],"yoast_head":"<!-- This site is optimized with the Yoast SEO plugin v25.3.1 - https:\/\/yoast.com\/wordpress\/plugins\/seo\/ -->\n<title>D\u017awi\u0119k w tle \u2014 Dodaj muzyk\u0119 w tle do witryny PrestaShop<\/title>\n<meta name=\"description\" content=\"Dodaj muzyk\u0119 w tle do witryny PrestaShop. Uruchom pomocne demo Elfsight i utw\u00f3rz spersonalizowan\u0105 wtyczk\u0119 audio w ci\u0105gu zaledwie kilku minut.\" \/>\n<meta name=\"robots\" content=\"index, follow, max-snippet:-1, max-image-preview:large, max-video-preview:-1\" \/>\n<link rel=\"canonical\" href=\"https:\/\/elfsight.com\/pl\/background-music-widget\/prestashop\/\" \/>\n<meta property=\"og:locale\" content=\"pl_PL\" \/>\n<meta property=\"og:type\" content=\"article\" \/>\n<meta property=\"og:title\" content=\"D\u017awi\u0119k w tle \u2014 Dodaj muzyk\u0119 w tle do witryny PrestaShop\" \/>\n<meta property=\"og:description\" content=\"Dodaj muzyk\u0119 w tle do witryny PrestaShop. Uruchom pomocne demo Elfsight i utw\u00f3rz spersonalizowan\u0105 wtyczk\u0119 audio w ci\u0105gu zaledwie kilku minut.\" \/>\n<meta property=\"og:url\" content=\"https:\/\/elfsight.com\/pl\/background-music-widget\/prestashop\/\" \/>\n<meta property=\"og:site_name\" content=\"Elfsight PL\" \/>\n<meta property=\"article:modified_time\" content=\"2024-10-25T11:57:17+00:00\" \/>\n<meta name=\"twitter:card\" content=\"summary_large_image\" \/>\n<meta name=\"twitter:label1\" content=\"Szacowany czas czytania\" \/>\n\t<meta name=\"twitter:data1\" content=\"2 minuty\" \/>\n<!-- \/ Yoast SEO plugin. -->","yoast_head_json":{"title":"D\u017awi\u0119k w tle \u2014 Dodaj muzyk\u0119 w tle do witryny PrestaShop","description":"Dodaj muzyk\u0119 w tle do witryny PrestaShop. Uruchom pomocne demo Elfsight i utw\u00f3rz spersonalizowan\u0105 wtyczk\u0119 audio w ci\u0105gu zaledwie kilku minut.","robots":{"index":"index","follow":"follow","max-snippet":"max-snippet:-1","max-image-preview":"max-image-preview:large","max-video-preview":"max-video-preview:-1"},"canonical":"https:\/\/elfsight.com\/pl\/background-music-widget\/prestashop\/","og_locale":"pl_PL","og_type":"article","og_title":"D\u017awi\u0119k w tle \u2014 Dodaj muzyk\u0119 w tle do witryny PrestaShop","og_description":"Dodaj muzyk\u0119 w tle do witryny PrestaShop. Uruchom pomocne demo Elfsight i utw\u00f3rz spersonalizowan\u0105 wtyczk\u0119 audio w ci\u0105gu zaledwie kilku minut.","og_url":"https:\/\/elfsight.com\/pl\/background-music-widget\/prestashop\/","og_site_name":"Elfsight PL","article_modified_time":"2024-10-25T11:57:17+00:00","twitter_card":"summary_large_image","twitter_misc":{"Szacowany czas czytania":"2 minuty"},"schema":{"@context":"https:\/\/schema.org","@graph":[{"@type":"WebPage","@id":"https:\/\/elfsight.com\/pl\/background-music-widget\/prestashop\/","url":"https:\/\/elfsight.com\/pl\/background-music-widget\/prestashop\/","name":"D\u017awi\u0119k w tle \u2014 Dodaj muzyk\u0119 w tle do witryny PrestaShop","isPartOf":{"@id":"https:\/\/elfsight.com\/pl\/#website"},"datePublished":"2024-05-03T06:29:14+00:00","dateModified":"2024-10-25T11:57:17+00:00","description":"Dodaj muzyk\u0119 w tle do witryny PrestaShop. Uruchom pomocne demo Elfsight i utw\u00f3rz spersonalizowan\u0105 wtyczk\u0119 audio w ci\u0105gu zaledwie kilku minut.","breadcrumb":{"@id":"https:\/\/elfsight.com\/pl\/background-music-widget\/prestashop\/#breadcrumb"},"inLanguage":"pl-PL","potentialAction":[{"@type":"ReadAction","target":["https:\/\/elfsight.com\/pl\/background-music-widget\/prestashop\/"]}]},{"@type":"BreadcrumbList","@id":"https:\/\/elfsight.com\/pl\/background-music-widget\/prestashop\/#breadcrumb","itemListElement":[{"@type":"ListItem","position":1,"name":"Home","item":"https:\/\/elfsight.com\/pl\/"},{"@type":"ListItem","position":2,"name":"Background Music","item":"https:\/\/elfsight.com\/pl\/background-music-widget\/"},{"@type":"ListItem","position":3,"name":"Background Music &#8211; PrestaShop"}]},{"@type":"WebSite","@id":"https:\/\/elfsight.com\/pl\/#website","url":"https:\/\/elfsight.com\/pl\/","name":"Elfsight PL","description":"Just another Elfsight Sites site","potentialAction":[{"@type":"SearchAction","target":{"@type":"EntryPoint","urlTemplate":"https:\/\/elfsight.com\/pl\/?s={search_term_string}"},"query-input":{"@type":"PropertyValueSpecification","valueRequired":true,"valueName":"search_term_string"}}],"inLanguage":"pl-PL"}]}},"meta_box":{"industry":"","seo_heading":"","heading":"","description":"","cta_heading":"","cta_description":"","application":"3335","h1":"Dodatek z muzyk\u0105 w tle do PrestaShop","h1_caption":"Dodaj muzyk\u0119 w tle do swojej witryny, aby bez wysi\u0142ku stworzy\u0107 wci\u0105gaj\u0105ce wra\u017cenia dla odwiedzaj\u0105cych Twoj\u0105 witryn\u0119 Prestashop.","application_category":[],"applications_title":"","applications_request_title":"","applications_request_button_text":"","hero_text":"","hero_video":"","hero_video_schema_markup":"","selling_points_title":"","selling_points_caption":"","selling_points":[],"selling_points_cta_text":"","features_title":"","features":"","ed_cta_examples_text":"","ed_cta_examples_hidden":"","ed_cta_demo_text":"","ed_cta_demo_hidden":"","why_caption":"","why_editor_title":"","why_editor_text":"","why_team_title":"","why_team_text":"","why_service_title":"","why_service_text":"","template_catalog_visible":"","template_catalog_title":"","template_catalog_text":"","template_catalog_categories_visible":"","demo_title":"Pospiesz si\u0119, aby stworzy\u0107 w\u0142asn\u0105 muzyk\u0119 w tle PrestaShop","demo_caption":"Dostosuj go i dodaj dodatek na swojej stronie internetowej, stosuj\u0105c aktywne demo","default_faq_hidden":"","app_template_category":[],"platform":"586","template_public_id":"","codecanyon_url":"","codecanyon_item_id":"","codecanyon_price":"","pricing_caption":"","pricing_elfsight_apps_hide_column":"","pricing_elfsight_apps_url":"","pricing_codecanyon_price_caption":"","integration_category":[],"integration_request_title":"","integration_request_cta":"","integration_platform":"","integrations":[],"platform_category":[],"video_schema_markup":"","price":"od 0 USD \/ miesi\u0105c","trial":"","benefits":[{"text":"Bezp\u0142atna us\u0142uga monta\u017cu"},{"text":"Profesjonalna obs\u0142uga klienta"},{"text":"14-dniowa gwarancja zwrotu pieni\u0119dzy"}],"button_url":"#demo","button_target_blank":"","button_nofollow":"","attributes":[{"name":"Instaluje"},{"name":"Czu\u0142y"},{"name":"Kompatybilne przegl\u0105darki"}],"tags":[],"tags_disable_links":"","hide_more_platforms":"","video_object":"","demo_hide_cta":"","demo_hide_cloud_options":"","pricing_title":"","pricing":[{"pricing_icon":"platform","pricing_title":"Elfsight Apps","pricing_title_caption":"Niezale\u017cne od platformy rozwi\u0105zanie cyfrowe","pricing_price":"od 0 USD \/ miesi\u0105c","pricing_price_caption":"zacznij od bezp\u0142atnego planu","pricing_benefits":[{"text":"Nielimitowane domeny"},{"text":"Bezp\u0142atna pomoc w instalacji"},{"text":"Dedykowana obs\u0142uga klienta"},{"text":"100% konfigurowalny"}],"pricing_button_text":"Dodaj do witryny","pricing_button_url":"#demo"}],"related_apps_title":"","related_apps_hidden":"","author":"","image":[],"title":"","job":"","social_networks":[]},"_links":{"self":[{"href":"https:\/\/elfsight.com\/pl\/wp-json\/wp\/v2\/pages\/4296","targetHints":{"allow":["GET"]}}],"collection":[{"href":"https:\/\/elfsight.com\/pl\/wp-json\/wp\/v2\/pages"}],"about":[{"href":"https:\/\/elfsight.com\/pl\/wp-json\/wp\/v2\/types\/page"}],"author":[{"embeddable":true,"href":"https:\/\/elfsight.com\/pl\/wp-json\/wp\/v2\/users\/9"}],"replies":[{"embeddable":true,"href":"https:\/\/elfsight.com\/pl\/wp-json\/wp\/v2\/comments?post=4296"}],"version-history":[{"count":1,"href":"https:\/\/elfsight.com\/pl\/wp-json\/wp\/v2\/pages\/4296\/revisions"}],"predecessor-version":[{"id":4300,"href":"https:\/\/elfsight.com\/pl\/wp-json\/wp\/v2\/pages\/4296\/revisions\/4300"}],"up":[{"embeddable":true,"href":"https:\/\/elfsight.com\/pl\/wp-json\/wp\/v2\/pages\/3419"}],"wp:attachment":[{"href":"https:\/\/elfsight.com\/pl\/wp-json\/wp\/v2\/media?parent=4296"}],"curies":[{"name":"wp","href":"https:\/\/api.w.org\/{rel}","templated":true}]}}