{"id":4295,"date":"2024-05-03T06:29:13","date_gmt":"2024-05-03T06:29:13","guid":{"rendered":"https:\/\/elfsight.com\/pl\/?page_id=4295"},"modified":"2024-10-25T11:57:25","modified_gmt":"2024-10-25T11:57:25","slug":"jimdo","status":"publish","type":"page","link":"https:\/\/elfsight.com\/pl\/background-music-widget\/jimdo\/","title":{"rendered":"Background Music &#8211; Jimdo"},"content":{"rendered":"<div class=\"application-platform-content-item-description application-platform-content-item\" id=\"description\" data-nav-section=\"description\"> <h2>Opis<\/h2> <p>Wid\u017cet Muzyka w tle Elfsight to nieskomplikowana wtyczka umo\u017cliwiaj\u0105ca odtwarzanie \u015bcie\u017cek audio bezpo\u015brednio na Twojej stronie internetowej. Wtyczka jest niezwykle elastyczna: mo\u017cesz zmienia\u0107 jej po\u0142o\u017cenie, ustawia\u0107 j\u0105 w dowolnym miejscu strony, skalowa\u0107 jej rozmiar, zmienia\u0107 kolor t\u0142a i innych element\u00f3w, aby dopasowa\u0107 je do projektu witryny, stosowa\u0107 ciemn\u0105 kolorystyk\u0119, ujawnia\u0107 i pokazywa\u0107 lub ukrywa\u0107 ok\u0142adki 3 dodatkowe szczeg\u00f3\u0142y gracza, na przyk\u0142ad pasek post\u0119pu i wiele innych. Mo\u017cesz przes\u0142a\u0107 dowoln\u0105 liczb\u0119 utwor\u00f3w, ilu chcesz zaanga\u017cowa\u0107 u\u017cytkownik\u00f3w, w\u0142\u0105czy\u0107 opcj\u0119 autoodtwarzania i mie\u0107 pewno\u015b\u0107, \u017ce odwiedzaj\u0105cy nie opuszcz\u0105 Twojej witryny w po\u015bpiechu! <\/p><p><b>Zintegruj muzyk\u0119 w tle, aby \u0142atwiej sprosta\u0107 wyzwaniom biznesowym! <\/b><\/p> <\/div> <div class=\"application-platform-content-item-features application-platform-content-item\" id=\"features\" data-nav-section=\"features\"> <h2>Oto g\u0142\u00f3wne cechy wid\u017cetu: <\/h2> <ul><li>Liczne warianty kolorystyczne<\/li><li>Schemat kolor\u00f3w ciemny\/jasny<\/li><li>Responsywny projekt<\/li><li>Dost\u0119pne s\u0105 2 uk\u0142ady<\/li><li>Mo\u017cliwo\u015b\u0107 u\u017cycia obrazu t\u0142a<\/li><li>Nieograniczona liczba utwor\u00f3w<\/li><li>Mo\u017cliwo\u015b\u0107 stworzenia w\u0142asnego schematu kolor\u00f3w<\/li><li>Obs\u0142ugiwane formaty: mp3, ogv, HLS (mThreeu8), DASH (mpd), mp4, webm<\/li><li>Opcja automatycznego odtwarzania <\/li><li>Dodawaj utwory wed\u0142ug adresu URL lub bezpo\u015brednio ze swojego urz\u0105dzenia<\/li><\/ul><p><a href=\"#demo\">Pe\u0142ne mo\u017cliwo\u015bci wid\u017cetu mo\u017cesz pozna\u0107 w poni\u017cszej wersji demonstracyjnej<\/a><\/p> <\/div> <div class=\"application-platform-content-item-installation application-platform-content-item\" id=\"installation\" data-nav-section=\"installation\"> <h2>Jak mog\u0119 doda\u0107 muzyk\u0119 w tle do mojej strony internetowej Jimdo? <\/h2> <p>Wystarczy spe\u0142ni\u0107 poni\u017csze wskaz\u00f3wki, aby osadzi\u0107 wid\u017cet. <\/p> <ol><li><b>Otw\u00f3rz nasz darmowy konfigurator i rozpocznij tworzenie w\u0142asnego instrumentu. <\/b><br> Okre\u015bl preferowany uk\u0142ad i parametry wid\u017cetu i zapisz zmiany. <\/li> <li><b>Uzyskaj unikalny kod widoczny w oknie aplikacji Elfsight. <\/b><br> Zaraz po zako\u0144czeniu konfiguracji narz\u0119dzia skopiuj ekskluzywny kod z wy\u015bwietlonego wyskakuj\u0105cego okienka i zachowaj go na p\u00f3\u017aniej. <\/li> <li><b>Zacznij korzysta\u0107 z wid\u017cetu na stronie Jimdo. <\/b><br> Zintegruj kod, kt\u00f3ry ostatnio zapisa\u0142e\u015b w swojej witrynie i zapisz zmiany. <\/li> <li><b>Gotowe! Osadzanie zosta\u0142o pomy\u015blnie wykonane. <\/b><br> Przejd\u017a na swoj\u0105 stron\u0119 i zobacz, jak dzia\u0142a to narz\u0119dzie. <\/li><\/ol> <p>W przypadku pyta\u0144 lub komplikacji nie wahaj si\u0119 zwr\u00f3ci\u0107 do naszego personelu obs\u0142ugi klienta. Nasi konsultanci ch\u0119tnie odpowiedz\u0105 na wszystkie pytania dotycz\u0105ce produktu. <\/p> <\/div>","protected":false},"excerpt":{"rendered":"","protected":false},"author":9,"featured_media":0,"parent":3419,"menu_order":0,"comment_status":"closed","ping_status":"closed","template":"templates\/template-application-platform.php","meta":{"publish_to_discourse":"","publish_post_category":"","wpdc_auto_publish_overridden":"","wpdc_topic_tags":"","wpdc_pin_topic":"","wpdc_pin_until":"","discourse_post_id":"","discourse_permalink":"","wpdc_publishing_response":"","wpdc_publishing_error":"","footnotes":""},"class_list":["post-4295","page","type-page","status-publish","hentry"],"yoast_head":"<!-- This site is optimized with the Yoast SEO plugin v25.3.1 - https:\/\/yoast.com\/wordpress\/plugins\/seo\/ -->\n<title>D\u017awi\u0119k w tle \u2014 Dodaj muzyk\u0119 w tle do witryny Jimdo<\/title>\n<meta name=\"description\" content=\"Dodaj muzyk\u0119 w tle do witryny Jimdo. Uruchom pomocne demo Elfsight i utw\u00f3rz spersonalizowany wid\u017cet audio w ci\u0105gu zaledwie kilku minut.\" \/>\n<meta name=\"robots\" content=\"index, follow, max-snippet:-1, max-image-preview:large, max-video-preview:-1\" \/>\n<link rel=\"canonical\" href=\"https:\/\/elfsight.com\/pl\/background-music-widget\/jimdo\/\" \/>\n<meta property=\"og:locale\" content=\"pl_PL\" \/>\n<meta property=\"og:type\" content=\"article\" \/>\n<meta property=\"og:title\" content=\"D\u017awi\u0119k w tle \u2014 Dodaj muzyk\u0119 w tle do witryny Jimdo\" \/>\n<meta property=\"og:description\" content=\"Dodaj muzyk\u0119 w tle do witryny Jimdo. Uruchom pomocne demo Elfsight i utw\u00f3rz spersonalizowany wid\u017cet audio w ci\u0105gu zaledwie kilku minut.\" \/>\n<meta property=\"og:url\" content=\"https:\/\/elfsight.com\/pl\/background-music-widget\/jimdo\/\" \/>\n<meta property=\"og:site_name\" content=\"Elfsight PL\" \/>\n<meta property=\"article:modified_time\" content=\"2024-10-25T11:57:25+00:00\" \/>\n<meta name=\"twitter:card\" content=\"summary_large_image\" \/>\n<meta name=\"twitter:label1\" content=\"Szacowany czas czytania\" \/>\n\t<meta name=\"twitter:data1\" content=\"2 minuty\" \/>\n<!-- \/ Yoast SEO plugin. -->","yoast_head_json":{"title":"D\u017awi\u0119k w tle \u2014 Dodaj muzyk\u0119 w tle do witryny Jimdo","description":"Dodaj muzyk\u0119 w tle do witryny Jimdo. Uruchom pomocne demo Elfsight i utw\u00f3rz spersonalizowany wid\u017cet audio w ci\u0105gu zaledwie kilku minut.","robots":{"index":"index","follow":"follow","max-snippet":"max-snippet:-1","max-image-preview":"max-image-preview:large","max-video-preview":"max-video-preview:-1"},"canonical":"https:\/\/elfsight.com\/pl\/background-music-widget\/jimdo\/","og_locale":"pl_PL","og_type":"article","og_title":"D\u017awi\u0119k w tle \u2014 Dodaj muzyk\u0119 w tle do witryny Jimdo","og_description":"Dodaj muzyk\u0119 w tle do witryny Jimdo. Uruchom pomocne demo Elfsight i utw\u00f3rz spersonalizowany wid\u017cet audio w ci\u0105gu zaledwie kilku minut.","og_url":"https:\/\/elfsight.com\/pl\/background-music-widget\/jimdo\/","og_site_name":"Elfsight PL","article_modified_time":"2024-10-25T11:57:25+00:00","twitter_card":"summary_large_image","twitter_misc":{"Szacowany czas czytania":"2 minuty"},"schema":{"@context":"https:\/\/schema.org","@graph":[{"@type":"WebPage","@id":"https:\/\/elfsight.com\/pl\/background-music-widget\/jimdo\/","url":"https:\/\/elfsight.com\/pl\/background-music-widget\/jimdo\/","name":"D\u017awi\u0119k w tle \u2014 Dodaj muzyk\u0119 w tle do witryny Jimdo","isPartOf":{"@id":"https:\/\/elfsight.com\/pl\/#website"},"datePublished":"2024-05-03T06:29:13+00:00","dateModified":"2024-10-25T11:57:25+00:00","description":"Dodaj muzyk\u0119 w tle do witryny Jimdo. Uruchom pomocne demo Elfsight i utw\u00f3rz spersonalizowany wid\u017cet audio w ci\u0105gu zaledwie kilku minut.","breadcrumb":{"@id":"https:\/\/elfsight.com\/pl\/background-music-widget\/jimdo\/#breadcrumb"},"inLanguage":"pl-PL","potentialAction":[{"@type":"ReadAction","target":["https:\/\/elfsight.com\/pl\/background-music-widget\/jimdo\/"]}]},{"@type":"BreadcrumbList","@id":"https:\/\/elfsight.com\/pl\/background-music-widget\/jimdo\/#breadcrumb","itemListElement":[{"@type":"ListItem","position":1,"name":"Home","item":"https:\/\/elfsight.com\/pl\/"},{"@type":"ListItem","position":2,"name":"Background Music","item":"https:\/\/elfsight.com\/pl\/background-music-widget\/"},{"@type":"ListItem","position":3,"name":"Background Music &#8211; Jimdo"}]},{"@type":"WebSite","@id":"https:\/\/elfsight.com\/pl\/#website","url":"https:\/\/elfsight.com\/pl\/","name":"Elfsight PL","description":"Just another Elfsight Sites site","potentialAction":[{"@type":"SearchAction","target":{"@type":"EntryPoint","urlTemplate":"https:\/\/elfsight.com\/pl\/?s={search_term_string}"},"query-input":{"@type":"PropertyValueSpecification","valueRequired":true,"valueName":"search_term_string"}}],"inLanguage":"pl-PL"}]}},"meta_box":{"industry":"","seo_heading":"","heading":"","description":"","cta_heading":"","cta_description":"","application":"3335","h1":"Wid\u017cet z muzyk\u0105 w tle Jimdo","h1_caption":"Dodaj muzyk\u0119 w tle do swojej witryny, tworz\u0105c wci\u0105gaj\u0105ce wra\u017cenia dla odwiedzaj\u0105cych Twoj\u0105 witryn\u0119 Jimdo bez wysi\u0142ku.","application_category":[],"applications_title":"","applications_request_title":"","applications_request_button_text":"","hero_text":"","hero_video":"","hero_video_schema_markup":"","selling_points_title":"","selling_points_caption":"","selling_points":[],"selling_points_cta_text":"","features_title":"","features":"","ed_cta_examples_text":"","ed_cta_examples_hidden":"","ed_cta_demo_text":"","ed_cta_demo_hidden":"","why_caption":"","why_editor_title":"","why_editor_text":"","why_team_title":"","why_team_text":"","why_service_title":"","why_service_text":"","template_catalog_visible":"","template_catalog_title":"","template_catalog_text":"","template_catalog_categories_visible":"","demo_title":"Pospiesz si\u0119, aby stworzy\u0107 dostosowan\u0105 do indywidualnych potrzeb muzyk\u0119 w tle Jimdo!","demo_caption":"Spersonalizuj wid\u017cet lub nawet ukryj go i zintegruj ze swoj\u0105 witryn\u0105 za pomoc\u0105 wersji demonstracyjnej.","default_faq_hidden":"","app_template_category":[],"platform":"193","template_public_id":"","codecanyon_url":"","codecanyon_item_id":"","codecanyon_price":"","pricing_caption":"","pricing_elfsight_apps_hide_column":"","pricing_elfsight_apps_url":"","pricing_codecanyon_price_caption":"","integration_category":[],"integration_request_title":"","integration_request_cta":"","integration_platform":"","integrations":[],"platform_category":[],"video_schema_markup":"","price":"od 0 USD \/ miesi\u0105c","trial":"","benefits":[{"text":"Bezp\u0142atna us\u0142uga monta\u017cu"},{"text":"Kompetentna obs\u0142uga klienta"},{"text":"14-dniowa gwarancja zwrotu pieni\u0119dzy"}],"button_url":"#demo","button_target_blank":"","button_nofollow":"","attributes":[{"name":"Instaluje"},{"name":"Czu\u0142y"},{"name":"Kompatybilne przegl\u0105darki"}],"tags":[],"tags_disable_links":"","hide_more_platforms":"","video_object":"","demo_hide_cta":"","demo_hide_cloud_options":"","pricing_title":"","pricing":[{"pricing_icon":"platform","pricing_title":"Elfsight Apps","pricing_title_caption":"Rozwi\u0105zanie niezale\u017cne od platformy, kt\u00f3re dzia\u0142a na ka\u017cdej witrynie","pricing_price":"od 0 USD \/ miesi\u0105c","pricing_price_caption":"zacznij od bezp\u0142atnego planu","pricing_benefits":[{"text":"Nielimitowane strony internetowe"},{"text":"Ca\u0142odobowa obs\u0142uga klienta"},{"text":"Bezp\u0142atna pomoc w monta\u017cu"},{"text":"100% konfigurowalny"}],"pricing_button_text":"Dodaj do witryny","pricing_button_url":"#demo"}],"related_apps_title":"","related_apps_hidden":"","author":"","image":[],"title":"","job":"","social_networks":[]},"_links":{"self":[{"href":"https:\/\/elfsight.com\/pl\/wp-json\/wp\/v2\/pages\/4295","targetHints":{"allow":["GET"]}}],"collection":[{"href":"https:\/\/elfsight.com\/pl\/wp-json\/wp\/v2\/pages"}],"about":[{"href":"https:\/\/elfsight.com\/pl\/wp-json\/wp\/v2\/types\/page"}],"author":[{"embeddable":true,"href":"https:\/\/elfsight.com\/pl\/wp-json\/wp\/v2\/users\/9"}],"replies":[{"embeddable":true,"href":"https:\/\/elfsight.com\/pl\/wp-json\/wp\/v2\/comments?post=4295"}],"version-history":[{"count":1,"href":"https:\/\/elfsight.com\/pl\/wp-json\/wp\/v2\/pages\/4295\/revisions"}],"predecessor-version":[{"id":4299,"href":"https:\/\/elfsight.com\/pl\/wp-json\/wp\/v2\/pages\/4295\/revisions\/4299"}],"up":[{"embeddable":true,"href":"https:\/\/elfsight.com\/pl\/wp-json\/wp\/v2\/pages\/3419"}],"wp:attachment":[{"href":"https:\/\/elfsight.com\/pl\/wp-json\/wp\/v2\/media?parent=4295"}],"curies":[{"name":"wp","href":"https:\/\/api.w.org\/{rel}","templated":true}]}}