{"id":4293,"date":"2024-05-03T06:29:11","date_gmt":"2024-05-03T06:29:11","guid":{"rendered":"https:\/\/elfsight.com\/pl\/?page_id=4293"},"modified":"2024-11-14T08:59:37","modified_gmt":"2024-11-14T08:59:37","slug":"bigcommerce","status":"publish","type":"page","link":"https:\/\/elfsight.com\/pl\/back-to-top-widget\/bigcommerce\/","title":{"rendered":"Back to Top &#8211; BigCommerce"},"content":{"rendered":"<div class=\"application-platform-content-item-description application-platform-content-item\" id=\"description\" data-nav-section=\"description\"> <h2>Opis<\/h2> <p>Elfsight Back to Top to prosta aplikacja dla BigCommerce, kt\u00f3ra pozwala u\u017cytkownikom szybko i sprawnie wr\u00f3ci\u0107 na g\u00f3r\u0119 Twojej witryny po przewini\u0119ciu d\u0142ugich stron. U\u017cytkownicy Twojej strony internetowej nie b\u0119d\u0105 ju\u017c musieli szuka\u0107 przycisku Strona g\u0142\u00f3wna i przeci\u0105ga\u0107 paska przewijania po stronie. Narz\u0119dzie Powr\u00f3t do g\u00f3ry mo\u017cna dostosowa\u0107 tak, jak najbardziej Ci odpowiada \u2014 ustawi\u0107 je w kszta\u0142cie kwadratu lub zaokr\u0105glenia, zmieni\u0107 jego kolor, rozmiar i umie\u015bci\u0107 w dowolnym miejscu strony, aby poprawi\u0107 wygod\u0119 u\u017cytkownika. Przycisk mo\u017ce by\u0107 wy\u015bwietlany na dowolnym typie urz\u0105dzenia \u2013 od smartfona po komputer stacjonarny. <\/p> <p><b>Zastosuj kolejny pomocny wid\u017cet z powrotem na g\u00f3r\u0119, aby zapewni\u0107 niesamowity UX<\/b><\/p> <\/div> <div class=\"application-platform-content-item-features application-platform-content-item\" id=\"features\" data-nav-section=\"features\"> <h2>Oferujemy przydatne i nieskomplikowane funkcje, sprawd\u017a niekt\u00f3re z nich: <\/h2> <ul><li>Zmie\u0144 kolor przycisku<\/li><li>Dodaj wid\u017cet na: wszystkich stronach, wybranych lub wykluczonych<\/li><li>Ustaw \u0142atwo\u015b\u0107 przewijania<\/li><li>Osiem pozycji przycisk\u00f3w do wyboru<\/li><li>Dwie klasy przycisk\u00f3w \u2013 p\u0142ywaj\u0105ce lub osadzone<\/li><\/ul><p><a href=\"#demo\">Dzi\u0119ki wersji demonstracyjnej mo\u017cesz sprawdzi\u0107, czy aplikacja jest dla Ciebie<\/a><\/p> <\/div> <div class=\"application-platform-content-item-installation application-platform-content-item\" id=\"installation\" data-nav-section=\"installation\"> <h2>Jak umie\u015bci\u0107 opcj\u0119 Back to Top na mojej witrynie BigCommerce ? <\/h2> <p>Wystarczy wykona\u0107 poni\u017csze wskaz\u00f3wki, aby zintegrowa\u0107 widget. <\/p> <ol><li><b>Otw\u00f3rz nasz darmowy konfigurator i zacznij tworzy\u0107 sw\u00f3j unikalny widget. <\/b><br> Okre\u015bl preferowany interfejs i cechy funkcjonalne wid\u017cetu i zapisz wszystkie zmiany. <\/li> <li><b>Zdob\u0105d\u017a sw\u00f3j unikalny kod, kt\u00f3ry jest wy\u015bwietlany w specjalnym formularzu w aplikacjach Elfsight. <\/b><br> Zaraz po zako\u0144czeniu konfiguracji Twojego osobistego widgetu skopiuj sw\u00f3j kod w wy\u015bwietlonym oknie i zachowaj go na przysz\u0142o\u015b\u0107. <\/li> <li><b>Zacznij korzysta\u0107 z wid\u017cetu na swojej stronie BigCommerce. <\/b><br> Zaimplementuj skopiowany wcze\u015bniej kod na swojej stronie i zastosuj modyfikacje. <\/li> <li><b>Gotowe! Konfiguracja zosta\u0142a w pe\u0142ni wykonana. <\/b><br> Otw\u00f3rz swoj\u0105 stron\u0119 internetow\u0105, aby zobaczy\u0107 w akcji, jak dzia\u0142a widget. <\/li><\/ol><p>Je\u015bli napotkasz jakie\u015b trudno\u015bci, nie wahaj si\u0119 skontaktowa\u0107 z naszym zespo\u0142em wsparcia. Nasi specjali\u015bci z przyjemno\u015bci\u0105 rozwi\u0105\u017c\u0105 wszystkie problemy, jakie mo\u017cesz mie\u0107 z wtyczk\u0105. <\/p> <div class=\"faq\" data-component=\"FAQ\"><div class=\"faq-item\">\r\n\t\t\t\t\t<div class=\"faq-item-question\">\r\n\t\t\t\t\t\t<h3 class=\"faq-item-question-text\">Jak doda\u0107 Powr\u00f3t na g\u00f3r\u0119 do mojej witryny BigCommerce bez umiej\u0119tno\u015bci kodowania?<\/h3>\r\n\r\n\t\t\t\t\t\t<div class=\"faq-item-question-icon\"><\/div>\r\n\t\t\t\t\t<\/div>\r\n\r\n\t\t\t\t\t<div class=\"faq-item-answer\">\r\n\t\t\t\t\t\t<div class=\"faq-item-answer-text\"> <p>Elfsight zapewnia rozwi\u0105zanie SaaS, kt\u00f3re pozwala samodzielnie utworzy\u0107 wid\u017cet Powr\u00f3t na g\u00f3r\u0119, zobacz, jakie to proste proces jest nast\u0119puj\u0105cy: Pracuj bezpo\u015brednio w edytorze online, aby utworzy\u0107 wid\u017cet powrotu na g\u00f3r\u0119, kt\u00f3ry chcia\u0142by\u015b zobaczy\u0107 na swojej stronie BigCommerce. Wybierz jeden z gotowych szablon\u00f3w i dostosuj ustawienia Powr\u00f3t na g\u00f3r\u0119, dodaj tre\u015b\u0107, zmie\u0144 uk\u0142ad i kolory bez umiej\u0119tno\u015bci kodowania. Zapisz Powr\u00f3t na g\u00f3r\u0119 i skopiuj jego kod instalacyjny, kt\u00f3ry mo\u017cesz po prostu osadzi\u0107 na swojej stronie BigCommerce bez konieczno\u015bci kupowania p\u0142atnego planu. Dzi\u0119ki naszemu intuicyjnemu edytorowi ka\u017cdy u\u017cytkownik Internetu mo\u017ce stworzy\u0107 wid\u017cet Powr\u00f3t do g\u00f3ry online i \u0142atwo osadzi\u0107 go na swojej stronie BigCommerce. Aby uzyska\u0107 dost\u0119p do us\u0142ugi, nie trzeba p\u0142aci\u0107 ani wprowadza\u0107 danych uwierzytelniaj\u0105cych karty. Je\u015bli na kt\u00f3rymkolwiek etapie napotkasz jakiekolwiek problemy, skontaktuj si\u0119 z naszym zespo\u0142em pomocy technicznej.<\/p> <\/div>\r\n\t\t\t\t\t<\/div>\r\n\t\t\t\t<\/div> <\/div><\/div>","protected":false},"excerpt":{"rendered":"","protected":false},"author":9,"featured_media":0,"parent":3417,"menu_order":0,"comment_status":"closed","ping_status":"closed","template":"templates\/template-application-platform.php","meta":{"publish_to_discourse":"","publish_post_category":"","wpdc_auto_publish_overridden":"","wpdc_topic_tags":"","wpdc_pin_topic":"","wpdc_pin_until":"","discourse_post_id":"","discourse_permalink":"","wpdc_publishing_response":"","wpdc_publishing_error":"","footnotes":""},"class_list":["post-4293","page","type-page","status-publish","hentry"],"yoast_head":"<!-- This site is optimized with the Yoast SEO plugin v25.3.1 - https:\/\/yoast.com\/wordpress\/plugins\/seo\/ -->\n<title>Powr\u00f3t do g\u00f3ry \u2014 Dodaj wtyczk\u0119 Scroll to Top doBigCommerce (bezp\u0142atnie i szybko)<\/title>\n<meta name=\"description\" content=\"Dodaj \u0142atwo dost\u0119pne narz\u0119dzie Powr\u00f3t do g\u00f3ry na swojej stronie BigCommerce. Zastosuj nasze demo na \u017cywo, aby stworzy\u0107 swoj\u0105 unikaln\u0105 aplikacj\u0119 w 1-2-3.\" \/>\n<meta name=\"robots\" content=\"index, follow, max-snippet:-1, max-image-preview:large, max-video-preview:-1\" \/>\n<link rel=\"canonical\" href=\"https:\/\/elfsight.com\/pl\/back-to-top-widget\/bigcommerce\/\" \/>\n<meta property=\"og:locale\" content=\"pl_PL\" \/>\n<meta property=\"og:type\" content=\"article\" \/>\n<meta property=\"og:title\" content=\"Powr\u00f3t do g\u00f3ry \u2014 Dodaj wtyczk\u0119 Scroll to Top doBigCommerce (bezp\u0142atnie i szybko)\" \/>\n<meta property=\"og:description\" content=\"Dodaj \u0142atwo dost\u0119pne narz\u0119dzie Powr\u00f3t do g\u00f3ry na swojej stronie BigCommerce. Zastosuj nasze demo na \u017cywo, aby stworzy\u0107 swoj\u0105 unikaln\u0105 aplikacj\u0119 w 1-2-3.\" \/>\n<meta property=\"og:url\" content=\"https:\/\/elfsight.com\/pl\/back-to-top-widget\/bigcommerce\/\" \/>\n<meta property=\"og:site_name\" content=\"Elfsight PL\" \/>\n<meta property=\"article:modified_time\" content=\"2024-11-14T08:59:37+00:00\" \/>\n<meta name=\"twitter:card\" content=\"summary_large_image\" \/>\n<meta name=\"twitter:label1\" content=\"Szacowany czas czytania\" \/>\n\t<meta name=\"twitter:data1\" content=\"3 minuty\" \/>\n<!-- \/ Yoast SEO plugin. -->","yoast_head_json":{"title":"Powr\u00f3t do g\u00f3ry \u2014 Dodaj wtyczk\u0119 Scroll to Top doBigCommerce (bezp\u0142atnie i szybko)","description":"Dodaj \u0142atwo dost\u0119pne narz\u0119dzie Powr\u00f3t do g\u00f3ry na swojej stronie BigCommerce. Zastosuj nasze demo na \u017cywo, aby stworzy\u0107 swoj\u0105 unikaln\u0105 aplikacj\u0119 w 1-2-3.","robots":{"index":"index","follow":"follow","max-snippet":"max-snippet:-1","max-image-preview":"max-image-preview:large","max-video-preview":"max-video-preview:-1"},"canonical":"https:\/\/elfsight.com\/pl\/back-to-top-widget\/bigcommerce\/","og_locale":"pl_PL","og_type":"article","og_title":"Powr\u00f3t do g\u00f3ry \u2014 Dodaj wtyczk\u0119 Scroll to Top doBigCommerce (bezp\u0142atnie i szybko)","og_description":"Dodaj \u0142atwo dost\u0119pne narz\u0119dzie Powr\u00f3t do g\u00f3ry na swojej stronie BigCommerce. Zastosuj nasze demo na \u017cywo, aby stworzy\u0107 swoj\u0105 unikaln\u0105 aplikacj\u0119 w 1-2-3.","og_url":"https:\/\/elfsight.com\/pl\/back-to-top-widget\/bigcommerce\/","og_site_name":"Elfsight PL","article_modified_time":"2024-11-14T08:59:37+00:00","twitter_card":"summary_large_image","twitter_misc":{"Szacowany czas czytania":"3 minuty"},"schema":{"@context":"https:\/\/schema.org","@graph":[{"@type":"WebPage","@id":"https:\/\/elfsight.com\/pl\/back-to-top-widget\/bigcommerce\/","url":"https:\/\/elfsight.com\/pl\/back-to-top-widget\/bigcommerce\/","name":"Powr\u00f3t do g\u00f3ry \u2014 Dodaj wtyczk\u0119 Scroll to Top doBigCommerce (bezp\u0142atnie i szybko)","isPartOf":{"@id":"https:\/\/elfsight.com\/pl\/#website"},"datePublished":"2024-05-03T06:29:11+00:00","dateModified":"2024-11-14T08:59:37+00:00","description":"Dodaj \u0142atwo dost\u0119pne narz\u0119dzie Powr\u00f3t do g\u00f3ry na swojej stronie BigCommerce. Zastosuj nasze demo na \u017cywo, aby stworzy\u0107 swoj\u0105 unikaln\u0105 aplikacj\u0119 w 1-2-3.","breadcrumb":{"@id":"https:\/\/elfsight.com\/pl\/back-to-top-widget\/bigcommerce\/#breadcrumb"},"inLanguage":"pl-PL","potentialAction":[{"@type":"ReadAction","target":["https:\/\/elfsight.com\/pl\/back-to-top-widget\/bigcommerce\/"]}]},{"@type":"BreadcrumbList","@id":"https:\/\/elfsight.com\/pl\/back-to-top-widget\/bigcommerce\/#breadcrumb","itemListElement":[{"@type":"ListItem","position":1,"name":"Home","item":"https:\/\/elfsight.com\/pl\/"},{"@type":"ListItem","position":2,"name":"Back to Top","item":"https:\/\/elfsight.com\/pl\/back-to-top-widget\/"},{"@type":"ListItem","position":3,"name":"Back to Top &#8211; BigCommerce"}]},{"@type":"WebSite","@id":"https:\/\/elfsight.com\/pl\/#website","url":"https:\/\/elfsight.com\/pl\/","name":"Elfsight PL","description":"Just another Elfsight Sites site","potentialAction":[{"@type":"SearchAction","target":{"@type":"EntryPoint","urlTemplate":"https:\/\/elfsight.com\/pl\/?s={search_term_string}"},"query-input":{"@type":"PropertyValueSpecification","valueRequired":true,"valueName":"search_term_string"}}],"inLanguage":"pl-PL"}]}},"meta_box":{"industry":"","seo_heading":"","heading":"","description":"","cta_heading":"","cta_description":"","application":"3360","h1":"Aplikacja BigCommerce Powr\u00f3t do g\u00f3ry","h1_caption":"Dodaj prosty przycisk powrotu na g\u00f3r\u0119, poprawiaj\u0105c wygod\u0119 u\u017cytkownika, umo\u017cliwiaj\u0105c \u0142atw\u0105 nawigacj\u0119 z powrotem na g\u00f3r\u0119 strony do Twojej witryny BigCommerce bez wysi\u0142ku.","application_category":[],"applications_title":"","applications_request_title":"","applications_request_button_text":"","hero_text":"","hero_video":"","hero_video_schema_markup":"","selling_points_title":"","selling_points_caption":"","selling_points":[],"selling_points_cta_text":"","features_title":"","features":"","ed_cta_examples_text":"","ed_cta_examples_hidden":"","ed_cta_demo_text":"","ed_cta_demo_hidden":"","why_caption":"","why_editor_title":"","why_editor_text":"","why_team_title":"","why_team_text":"","why_service_title":"","why_service_text":"","template_catalog_visible":"","template_catalog_title":"","template_catalog_text":"","template_catalog_categories_visible":"","demo_title":"Utw\u00f3rz aplikacj\u0119 Powr\u00f3t do g\u00f3ry","demo_caption":"Skonfiguruj Back to Top i dodaj go do swojej witryny BigCommerce za darmo!","default_faq_hidden":"","app_template_category":[],"platform":"41","template_public_id":"","codecanyon_url":"","codecanyon_item_id":"","codecanyon_price":"","pricing_caption":"","pricing_elfsight_apps_hide_column":"","pricing_elfsight_apps_url":"","pricing_codecanyon_price_caption":"","integration_category":[],"integration_request_title":"","integration_request_cta":"","integration_platform":"","integrations":[],"platform_category":[],"video_schema_markup":"","price":"od 0 USD \/ miesi\u0105c","trial":"","benefits":[{"text":"Bezp\u0142atna pomoc w instalacji"},{"text":"Kompetentna obs\u0142uga klienta"},{"text":"14-dniowa gwarancja zwrotu pieni\u0119dzy"}],"button_url":"#demo","button_target_blank":"","button_nofollow":"","attributes":[{"name":"Instaluje"},{"name":"Czu\u0142y"},{"name":"Kompatybilne przegl\u0105darki"}],"tags":[],"tags_disable_links":"","hide_more_platforms":"","video_object":"","demo_hide_cta":"","demo_hide_cloud_options":"","pricing_title":"","pricing":[{"pricing_icon":"platform","pricing_title":"Elfsight Apps","pricing_title_caption":"Wersja wieloplatformowa, kt\u00f3ra dzia\u0142a na ka\u017cdej stronie internetowej","pricing_price":"od 0 USD \/ miesi\u0105c","pricing_price_caption":"zacznij od bezp\u0142atnego planu","pricing_benefits":[{"text":"Nielimitowane domeny"},{"text":"Profesjonalne wsparcie"},{"text":"Bezp\u0142atna pomoc w monta\u017cu"},{"text":"W pe\u0142ni konfigurowalny"}],"pricing_button_text":"Dodaj do witryny","pricing_button_url":"#demo"}],"related_apps_title":"","related_apps_hidden":"","author":"","image":[],"title":"","job":"","social_networks":[]},"_links":{"self":[{"href":"https:\/\/elfsight.com\/pl\/wp-json\/wp\/v2\/pages\/4293","targetHints":{"allow":["GET"]}}],"collection":[{"href":"https:\/\/elfsight.com\/pl\/wp-json\/wp\/v2\/pages"}],"about":[{"href":"https:\/\/elfsight.com\/pl\/wp-json\/wp\/v2\/types\/page"}],"author":[{"embeddable":true,"href":"https:\/\/elfsight.com\/pl\/wp-json\/wp\/v2\/users\/9"}],"replies":[{"embeddable":true,"href":"https:\/\/elfsight.com\/pl\/wp-json\/wp\/v2\/comments?post=4293"}],"version-history":[{"count":1,"href":"https:\/\/elfsight.com\/pl\/wp-json\/wp\/v2\/pages\/4293\/revisions"}],"predecessor-version":[{"id":4297,"href":"https:\/\/elfsight.com\/pl\/wp-json\/wp\/v2\/pages\/4293\/revisions\/4297"}],"up":[{"embeddable":true,"href":"https:\/\/elfsight.com\/pl\/wp-json\/wp\/v2\/pages\/3417"}],"wp:attachment":[{"href":"https:\/\/elfsight.com\/pl\/wp-json\/wp\/v2\/media?parent=4293"}],"curies":[{"name":"wp","href":"https:\/\/api.w.org\/{rel}","templated":true}]}}