{"id":4271,"date":"2024-05-03T06:29:01","date_gmt":"2024-05-03T06:29:01","guid":{"rendered":"https:\/\/elfsight.com\/pl\/?page_id=4271"},"modified":"2024-11-14T08:59:12","modified_gmt":"2024-11-14T08:59:12","slug":"html","status":"publish","type":"page","link":"https:\/\/elfsight.com\/pl\/back-to-top-widget\/html\/","title":{"rendered":"Back to Top &#8211; HTML"},"content":{"rendered":"<div class=\"application-platform-content-item-description application-platform-content-item\" id=\"description\" data-nav-section=\"description\"> <h2>Opis<\/h2> <p> Back to Top to prosty widget HTML, kt\u00f3ry pozwala u\u017cytkownikom szybko i bezproblemowo wr\u00f3ci\u0107 na g\u00f3r\u0119 Twojej witryny po przewini\u0119ciu d\u0142ugich stron. Odwiedzaj\u0105cy Twoj\u0105 witryn\u0119 nie b\u0119d\u0105 ju\u017c musieli szuka\u0107 przycisku Strona g\u0142\u00f3wna i przeci\u0105ga\u0107 paska przewijania po ca\u0142ej stronie. Nasz\u0105 wtyczk\u0119 Back to Top mo\u017cna dostosowa\u0107 tak, jak najbardziej Ci odpowiada \u2014 ustawi\u0107 j\u0105 jako kwadratow\u0105 lub okr\u0105g\u0142\u0105, zmieni\u0107 jej kolor, rozmiar i umie\u015bci\u0107 j\u0105 w dowolnym miejscu strony, aby poprawi\u0107 wygod\u0119 u\u017cytkownika. Przycisk mo\u017cna zademonstrowa\u0107 na dowolnym urz\u0105dzeniu \u2013 od smartfona po komputer stacjonarny. <\/p> <p><b>U\u017cyj innego, wygodnego narz\u0119dzia przycisku Przejd\u017a do g\u00f3ry, aby zachowa\u0107 p\u0142ynny UX<\/b><\/p> <\/div> <div class=\"application-platform-content-item-features application-platform-content-item\" id=\"features\" data-nav-section=\"features\"> <h2>Podstawowe funkcje wid\u017cetu include<\/h2> <ul><li>Zmie\u0144 kolor przycisku<\/li><li>Dodaj wtyczk\u0119 na: ka\u017cdej stronie, osobliwej lub wykluczonej<\/li><li>Wska\u017c pr\u0119dko\u015b\u0107 przewijania<\/li><li>Dost\u0119pnych osiem pozycji przycisk\u00f3w<\/li><li>Dwa rodzaje przycisk\u00f3w \u2013 p\u0142ywaj\u0105ce lub osadzone<\/li><\/ul><p><a href=\"#demo\">Mo\u017cesz przetestowa\u0107 pe\u0142ne mo\u017cliwo\u015bci wid\u017cet w wersji demonstracyjnej <\/a><\/p> <\/div> <div class=\"application-platform-content-item-installation application-platform-content-item\" id=\"installation\" data-nav-section=\"installation\"> <h2>Jak mog\u0119 osadzi\u0107 opcj\u0119 Przewi\u0144 do g\u00f3ry na mojej stronie internetowej HTML? <\/h2> <p>Wystarczy wykona\u0107 kroki opisane poni\u017cej, aby rozpocz\u0105\u0107 prac\u0119 z narz\u0119dziem. <\/p> <ol><li><b>Korzystaj\u0105c z naszej bezp\u0142atnej wersji demonstracyjnej, zacznij tworzy\u0107 sw\u00f3j w\u0142asny widget. <\/b><br> Znajd\u017a po\u017c\u0105dany wygl\u0105d i cechy wid\u017cetu i zastosuj poprawki. <\/li> <li><b>Odbierz sw\u00f3j unikalny kod pojawiaj\u0105cy si\u0119 w polu w aplikacjach Elfsight. <\/b><br> Po zako\u0144czeniu konfiguracji osobistej wtyczki skopiuj ekskluzywny kod z wy\u015bwietlonego pola i zachowaj go na p\u00f3\u017aniej. <\/li> <li><b>Rozpocznij wykorzystanie widgetu na stronie HTML. <\/b><br> Wstaw skopiowany ostatnio kod na swoj\u0105 stron\u0119 g\u0142\u00f3wn\u0105 i zapisz poprawki. <\/li> <li><b>Gotowe! Osadzanie zosta\u0142o pomy\u015blnie zako\u0144czone. <\/b><br> Przejd\u017a na swoj\u0105 witryn\u0119 i obserwuj dzia\u0142anie wtyczki. <\/li><\/ol> <p>Je\u015bli masz jakie\u015b trudno\u015bci, zwr\u00f3\u0107 si\u0119 do naszego personelu pomocniczego. Nasi konsultanci z przyjemno\u015bci\u0105 odpowiedz\u0105 na wszystkie Twoje pytania dotycz\u0105ce widgetu. <\/p> <\/div><div class=\"faq\" data-component=\"FAQ\"><div class=\"faq-item\">\r\n\t\t\t\t\t<div class=\"faq-item-question\">\r\n\t\t\t\t\t\t<h3 class=\"faq-item-question-text\">Jak mog\u0119 doda\u0107 Back to Top do witryny HTML?<\/h3>\r\n\r\n\t\t\t\t\t\t<div class=\"faq-item-question-icon\"><\/div>\r\n\t\t\t\t\t<\/div>\r\n\r\n\t\t\t\t\t<div class=\"faq-item-answer\">\r\n\t\t\t\t\t\t<div class=\"faq-item-answer-text\"><p>Nast\u0119puje utworzenie wid\u017cetu na stronach Elfsight i nie musisz uczy\u0107 si\u0119 kodowania. Otw\u00f3rz aktywne demo, aby zbudowa\u0107 w\u0142asne narz\u0119dzie, pobierz kod i wstaw go na swoj\u0105 stron\u0119 internetow\u0105. <\/p><\/div>\r\n\t\t\t\t\t<\/div>\r\n\t\t\t\t<\/div><div class=\"faq-item\">\r\n\t\t\t\t\t<div class=\"faq-item-question\">\r\n\t\t\t\t\t\t<h3 class=\"faq-item-question-text\">Najlepsze sposoby wykorzystania integracji typu scroll-to-top<\/h3>\r\n\r\n\t\t\t\t\t\t<div class=\"faq-item-question-icon\"><\/div>\r\n\t\t\t\t\t<\/div>\r\n\r\n\t\t\t\t\t<div class=\"faq-item-answer\">\r\n\t\t\t\t\t\t<div class=\"faq-item-answer-text\"><p>Oferujemy wiele opcji dostosowywania: pe\u0142nowymiarowe wid\u017cety do wdro\u017cenia w obszarze tre\u015bci , p\u0142ywaj\u0105ce wtyczki z mo\u017cliwo\u015bci\u0105 przewijania, miniatury stopki Twojej witryny, nag\u0142\u00f3wka i wszelkiego rodzaju opcje pionowe dla pask\u00f3w bocznych i menu. <\/p><\/div>\r\n\t\t\t\t\t<\/div>\r\n\t\t\t\t<\/div><div class=\"faq-item\">\r\n\t\t\t\t\t<div class=\"faq-item-question\">\r\n\t\t\t\t\t\t<h3 class=\"faq-item-question-text\">Czy mog\u0119 utworzy\u0107 dyskretny przycisk powrotu na g\u00f3r\u0119 za pomoc\u0105 edytora?<\/h3>\r\n\r\n\t\t\t\t\t\t<div class=\"faq-item-question-icon\"><\/div>\r\n\t\t\t\t\t<\/div>\r\n\r\n\t\t\t\t\t<div class=\"faq-item-answer\">\r\n\t\t\t\t\t\t<div class=\"faq-item-answer-text\"><p>Mo\u017cesz dowolnie modyfikowa\u0107 dowolne zmiany wid\u017cetu. W edytorze dost\u0119pnych jest wiele uk\u0142ad\u00f3w, a ka\u017cdy z nich mo\u017cna szybko dostosowa\u0107 do w\u0142asnych potrzeb. <\/p><\/div>\r\n\t\t\t\t\t<\/div>\r\n\t\t\t\t<\/div><\/div><p><\/p><!-- \/wp:paragraph - &gt; \/wp:paragraph -->","protected":false},"excerpt":{"rendered":"","protected":false},"author":9,"featured_media":0,"parent":3417,"menu_order":0,"comment_status":"closed","ping_status":"closed","template":"templates\/template-application-platform.php","meta":{"publish_to_discourse":"","publish_post_category":"","wpdc_auto_publish_overridden":"","wpdc_topic_tags":"","wpdc_pin_topic":"","wpdc_pin_until":"","discourse_post_id":"","discourse_permalink":"","wpdc_publishing_response":"","wpdc_publishing_error":"","footnotes":""},"class_list":["post-4271","page","type-page","status-publish","hentry"],"yoast_head":"<!-- This site is optimized with the Yoast SEO plugin v25.3.1 - https:\/\/yoast.com\/wordpress\/plugins\/seo\/ -->\n<title>Powr\u00f3t do g\u00f3ry \u2014 Dodaj przycisk przewijania do g\u00f3ry do HTML (bezp\u0142atny i szybki)<\/title>\n<meta name=\"description\" content=\"Z \u0142atwo\u015bci\u0105 osad\u017a dost\u0119pny wid\u017cet Przejd\u017a do g\u00f3ry w swojej witrynie HTML. Skorzystaj z naszego przydatnego demo, aby zbudowa\u0107 unikaln\u0105 wtyczk\u0119 w 1-2-3.\" \/>\n<meta name=\"robots\" content=\"index, follow, max-snippet:-1, max-image-preview:large, max-video-preview:-1\" \/>\n<link rel=\"canonical\" href=\"https:\/\/elfsight.com\/pl\/back-to-top-widget\/html\/\" \/>\n<meta property=\"og:locale\" content=\"pl_PL\" \/>\n<meta property=\"og:type\" content=\"article\" \/>\n<meta property=\"og:title\" content=\"Powr\u00f3t do g\u00f3ry \u2014 Dodaj przycisk przewijania do g\u00f3ry do HTML (bezp\u0142atny i szybki)\" \/>\n<meta property=\"og:description\" content=\"Z \u0142atwo\u015bci\u0105 osad\u017a dost\u0119pny wid\u017cet Przejd\u017a do g\u00f3ry w swojej witrynie HTML. Skorzystaj z naszego przydatnego demo, aby zbudowa\u0107 unikaln\u0105 wtyczk\u0119 w 1-2-3.\" \/>\n<meta property=\"og:url\" content=\"https:\/\/elfsight.com\/pl\/back-to-top-widget\/html\/\" \/>\n<meta property=\"og:site_name\" content=\"Elfsight PL\" \/>\n<meta property=\"article:modified_time\" content=\"2024-11-14T08:59:12+00:00\" \/>\n<meta name=\"twitter:card\" content=\"summary_large_image\" \/>\n<meta name=\"twitter:label1\" content=\"Szacowany czas czytania\" \/>\n\t<meta name=\"twitter:data1\" content=\"2 minuty\" \/>\n<!-- \/ Yoast SEO plugin. -->","yoast_head_json":{"title":"Powr\u00f3t do g\u00f3ry \u2014 Dodaj przycisk przewijania do g\u00f3ry do HTML (bezp\u0142atny i szybki)","description":"Z \u0142atwo\u015bci\u0105 osad\u017a dost\u0119pny wid\u017cet Przejd\u017a do g\u00f3ry w swojej witrynie HTML. Skorzystaj z naszego przydatnego demo, aby zbudowa\u0107 unikaln\u0105 wtyczk\u0119 w 1-2-3.","robots":{"index":"index","follow":"follow","max-snippet":"max-snippet:-1","max-image-preview":"max-image-preview:large","max-video-preview":"max-video-preview:-1"},"canonical":"https:\/\/elfsight.com\/pl\/back-to-top-widget\/html\/","og_locale":"pl_PL","og_type":"article","og_title":"Powr\u00f3t do g\u00f3ry \u2014 Dodaj przycisk przewijania do g\u00f3ry do HTML (bezp\u0142atny i szybki)","og_description":"Z \u0142atwo\u015bci\u0105 osad\u017a dost\u0119pny wid\u017cet Przejd\u017a do g\u00f3ry w swojej witrynie HTML. Skorzystaj z naszego przydatnego demo, aby zbudowa\u0107 unikaln\u0105 wtyczk\u0119 w 1-2-3.","og_url":"https:\/\/elfsight.com\/pl\/back-to-top-widget\/html\/","og_site_name":"Elfsight PL","article_modified_time":"2024-11-14T08:59:12+00:00","twitter_card":"summary_large_image","twitter_misc":{"Szacowany czas czytania":"2 minuty"},"schema":{"@context":"https:\/\/schema.org","@graph":[{"@type":"WebPage","@id":"https:\/\/elfsight.com\/pl\/back-to-top-widget\/html\/","url":"https:\/\/elfsight.com\/pl\/back-to-top-widget\/html\/","name":"Powr\u00f3t do g\u00f3ry \u2014 Dodaj przycisk przewijania do g\u00f3ry do HTML (bezp\u0142atny i szybki)","isPartOf":{"@id":"https:\/\/elfsight.com\/pl\/#website"},"datePublished":"2024-05-03T06:29:01+00:00","dateModified":"2024-11-14T08:59:12+00:00","description":"Z \u0142atwo\u015bci\u0105 osad\u017a dost\u0119pny wid\u017cet Przejd\u017a do g\u00f3ry w swojej witrynie HTML. Skorzystaj z naszego przydatnego demo, aby zbudowa\u0107 unikaln\u0105 wtyczk\u0119 w 1-2-3.","breadcrumb":{"@id":"https:\/\/elfsight.com\/pl\/back-to-top-widget\/html\/#breadcrumb"},"inLanguage":"pl-PL","potentialAction":[{"@type":"ReadAction","target":["https:\/\/elfsight.com\/pl\/back-to-top-widget\/html\/"]}]},{"@type":"BreadcrumbList","@id":"https:\/\/elfsight.com\/pl\/back-to-top-widget\/html\/#breadcrumb","itemListElement":[{"@type":"ListItem","position":1,"name":"Home","item":"https:\/\/elfsight.com\/pl\/"},{"@type":"ListItem","position":2,"name":"Back to Top","item":"https:\/\/elfsight.com\/pl\/back-to-top-widget\/"},{"@type":"ListItem","position":3,"name":"Back to Top &#8211; HTML"}]},{"@type":"WebSite","@id":"https:\/\/elfsight.com\/pl\/#website","url":"https:\/\/elfsight.com\/pl\/","name":"Elfsight PL","description":"Just another Elfsight Sites site","potentialAction":[{"@type":"SearchAction","target":{"@type":"EntryPoint","urlTemplate":"https:\/\/elfsight.com\/pl\/?s={search_term_string}"},"query-input":{"@type":"PropertyValueSpecification","valueRequired":true,"valueName":"search_term_string"}}],"inLanguage":"pl-PL"}]}},"meta_box":{"industry":"","seo_heading":"","heading":"","description":"","cta_heading":"","cta_description":"","application":"3360","h1":"Wid\u017cet HTML Powr\u00f3t do g\u00f3ry","h1_caption":"Dodaj prosty przycisk powrotu na g\u00f3r\u0119, poprawiaj\u0105c wygod\u0119 u\u017cytkownika, umo\u017cliwiaj\u0105c \u0142atw\u0105 nawigacj\u0119 z powrotem na g\u00f3r\u0119 strony do witryny HTML.","application_category":[],"applications_title":"","applications_request_title":"","applications_request_button_text":"","hero_text":"","hero_video":"","hero_video_schema_markup":"","selling_points_title":"","selling_points_caption":"","selling_points":[],"selling_points_cta_text":"","features_title":"","features":"","ed_cta_examples_text":"","ed_cta_examples_hidden":"","ed_cta_demo_text":"","ed_cta_demo_hidden":"","why_caption":"","why_editor_title":"","why_editor_text":"","why_team_title":"","why_team_text":"","why_service_title":"","why_service_text":"","template_catalog_visible":"","template_catalog_title":"","template_catalog_text":"","template_catalog_categories_visible":"","demo_title":"Utw\u00f3rz wid\u017cet Powr\u00f3t na g\u00f3r\u0119","demo_caption":"Skonfiguruj Back to Top i dodaj go do swojej witryny HTML za darmo!","default_faq_hidden":"","app_template_category":[],"platform":"50","template_public_id":"","codecanyon_url":"","codecanyon_item_id":"","codecanyon_price":"","pricing_caption":"","pricing_elfsight_apps_hide_column":"","pricing_elfsight_apps_url":"","pricing_codecanyon_price_caption":"","integration_category":[],"integration_request_title":"","integration_request_cta":"","integration_platform":"","integrations":[],"platform_category":[],"video_schema_markup":"","price":"od 0 USD \/ miesi\u0105c","trial":"","benefits":[{"text":"Bezp\u0142atna us\u0142uga monta\u017cu"},{"text":"Wsparcie premium"},{"text":"14-dniowa gwarancja zwrotu pieni\u0119dzy"}],"button_url":"#demo","button_target_blank":"","button_nofollow":"","attributes":[{"name":"Instaluje"},{"name":"Czu\u0142y"},{"name":"Kompatybilne przegl\u0105darki"}],"tags":[],"tags_disable_links":"","hide_more_platforms":"","video_object":"","demo_hide_cta":"","demo_hide_cloud_options":"","pricing_title":"","pricing":[{"pricing_icon":"platform","pricing_title":"Elfsight Apps","pricing_title_caption":"Rozwi\u0105zanie wieloplatformowe","pricing_price":"od 0 USD \/ miesi\u0105c","pricing_price_caption":"zacznij od bezp\u0142atnego planu","pricing_benefits":[{"text":"Nielimitowane strony internetowe"},{"text":"Szybka obs\u0142uga klienta"},{"text":"Bezp\u0142atna pomoc w instalacji"},{"text":"Oferta specjalna na wiele aplikacji"}],"pricing_button_text":"Dodaj do witryny","pricing_button_url":"#demo"}],"related_apps_title":"","related_apps_hidden":"","author":"","image":[],"title":"","job":"","social_networks":[]},"_links":{"self":[{"href":"https:\/\/elfsight.com\/pl\/wp-json\/wp\/v2\/pages\/4271","targetHints":{"allow":["GET"]}}],"collection":[{"href":"https:\/\/elfsight.com\/pl\/wp-json\/wp\/v2\/pages"}],"about":[{"href":"https:\/\/elfsight.com\/pl\/wp-json\/wp\/v2\/types\/page"}],"author":[{"embeddable":true,"href":"https:\/\/elfsight.com\/pl\/wp-json\/wp\/v2\/users\/9"}],"replies":[{"embeddable":true,"href":"https:\/\/elfsight.com\/pl\/wp-json\/wp\/v2\/comments?post=4271"}],"version-history":[{"count":1,"href":"https:\/\/elfsight.com\/pl\/wp-json\/wp\/v2\/pages\/4271\/revisions"}],"predecessor-version":[{"id":4275,"href":"https:\/\/elfsight.com\/pl\/wp-json\/wp\/v2\/pages\/4271\/revisions\/4275"}],"up":[{"embeddable":true,"href":"https:\/\/elfsight.com\/pl\/wp-json\/wp\/v2\/pages\/3417"}],"wp:attachment":[{"href":"https:\/\/elfsight.com\/pl\/wp-json\/wp\/v2\/media?parent=4271"}],"curies":[{"name":"wp","href":"https:\/\/api.w.org\/{rel}","templated":true}]}}