{"id":4263,"date":"2024-05-03T06:28:57","date_gmt":"2024-05-03T06:28:57","guid":{"rendered":"https:\/\/elfsight.com\/pl\/?page_id=4263"},"modified":"2025-06-26T13:41:45","modified_gmt":"2025-06-26T13:41:45","slug":"squarespace","status":"publish","type":"page","link":"https:\/\/elfsight.com\/pl\/back-to-top-widget\/squarespace\/","title":{"rendered":"Back to Top &#8211; Squarespace"},"content":{"rendered":"<div class=\"application-platform-content-item-description application-platform-content-item\" id=\"description\" data-nav-section=\"description\"> <h2>Osad\u017a Back to Top w Squarespace za pomoc\u0105 wid\u017cetu Elfsight<\/h2> <p>Elfsight Back to Top to nieskomplikowana wtyczka do witryny Squarespace umo\u017cliwiaj\u0105cej odwiedzaj\u0105cy szybko i bezproblemowo wracaj\u0105 na g\u00f3r\u0119 Twojej strony internetowej po przewini\u0119ciu d\u0142ugich stron. U\u017cytkownicy Twojej witryny nie b\u0119d\u0105 ju\u017c musieli szuka\u0107 klawisza Home i przeci\u0105ga\u0107 paska przewijania po ca\u0142ej stronie. Nasz\u0105 wtyczk\u0119 Back to top mo\u017cna dostosowa\u0107 tak, jak potrzebujesz &#8211; ustawi\u0107 j\u0105 w kszta\u0142cie kwadratu lub zaokr\u0105glenia, zmieni\u0107 jej kolor, rozmiar i umie\u015bci\u0107 j\u0105 w dowolnym miejscu na swojej stronie internetowej, aby poprawi\u0107 wygod\u0119 u\u017cytkownika. Przycisk mo\u017ce by\u0107 wy\u015bwietlany na dowolnym urz\u0105dzeniu &#8211; od smartfona po komputer stacjonarny. <\/p> <p><b>Zastosuj kolejn\u0105 przydatn\u0105 wtyczk\u0119 z powrotem na g\u00f3r\u0119, aby zapewni\u0107 u\u017cytkownikom fantastyczne wra\u017cenia<\/b><\/p> <\/div> <div class=\"application-platform-content-item-features application-platform-content-item\" id=\"features\" data-nav-section=\"features\"> <h2>Oferujemy przydatne i szybkie funkcje, zobacz niekt\u00f3re z nich: <\/h2> <ul><li>Przemaluj przycisk<\/li><li>Dodaj wtyczk\u0119 na: wszystkich stronach, okre\u015blonych lub wykluczonych<\/li><li>Okre\u015bl przewijanie zwinno\u015b\u0107<\/li><li>Dost\u0119pnych osiem pozycji przycisk\u00f3w<\/li><li>2 typy przycisk\u00f3w \u2013 p\u0142ywaj\u0105ce lub osadzone<\/li><\/ul><p><a href=\"#demo\">Wypr\u00f3buj wszystkie ustawienia w pe\u0142ni funkcjonalnej wersji demonstracyjnej<\/a><\/p> <\/div> <div class=\"application-platform-content-item-installation application-platform-content-item\" id=\"installation\" data-nav-section=\"installation\"> <h2>Jak doda\u0107 opcj\u0119 Powr\u00f3t na g\u00f3r\u0119 do mojej witryny Squarespace? <\/h2> <p>Wystarczy wykona\u0107 poni\u017csze kroki, aby aktywowa\u0107 wtyczk\u0119. <\/p> <ol><li><b>Zarz\u0105dzaj\u0105c naszym bezp\u0142atnym konfiguratorem, zacznij tworzy\u0107 sw\u00f3j w\u0142asny instrument. <\/b><br> Wybierz po\u017c\u0105dany wygl\u0105d i aspekty wid\u017cetu, a nast\u0119pnie zastosuj zmiany. <\/li> <li><b>Skopiuj kod osobisty pojawiaj\u0105cy si\u0119 w oknie aplikacji Elfsight. <\/b><br> Po zako\u0144czeniu generowania osobistego narz\u0119dzia skopiuj ekskluzywny kod w wy\u015bwietlonym polu i zapisz go do p\u00f3\u017aniejszego wykorzystania. <\/li> <li><b>Zacznij korzysta\u0107 z narz\u0119dzia na stronie g\u0142\u00f3wnej Squarespace. <\/b><br> Zaimplementuj kod, kt\u00f3ry ostatnio zapisa\u0142e\u015b na swojej stronie internetowej i zastosuj ulepszenia. <\/li> <li><b>Gotowe! Osadzanie zosta\u0142o w pe\u0142ni zako\u0144czone. <\/b><br> Przejd\u017a do swojej strony internetowej, aby sprawdzi\u0107 dzia\u0142anie wtyczki. <\/li><\/ol> <p>Je\u015bli napotkasz pytania lub napotkasz przeszkody, nie wahaj si\u0119 napisa\u0107 do naszego zespo\u0142u wsparcia. Nasi ludzie ch\u0119tnie pomog\u0105 Ci we wszystkich trudno\u015bciach, jakie mo\u017cesz mie\u0107 z wtyczk\u0105. <\/p> <div class=\"faq\" data-component=\"FAQ\"><div class=\"faq-item\">\r\n\t\t\t\t\t<div class=\"faq-item-question\">\r\n\t\t\t\t\t\t<h3 class=\"faq-item-question-text\">Jak doda\u0107 opcj\u0119 Powr\u00f3t na g\u00f3r\u0119 do mojej witryny Squarespace bez umiej\u0119tno\u015bci kodowania?<\/h3>\r\n\r\n\t\t\t\t\t\t<div class=\"faq-item-question-icon\"><\/div>\r\n\t\t\t\t\t<\/div>\r\n\r\n\t\t\t\t\t<div class=\"faq-item-answer\">\r\n\t\t\t\t\t\t<div class=\"faq-item-answer-text\"> <p>Elfsight zapewnia rozwi\u0105zanie SaaS, kt\u00f3re umo\u017cliwia samodzielne utworzenie wid\u017cetu Powr\u00f3t na g\u00f3r\u0119. Zobacz, jakie to proste proces jest nast\u0119puj\u0105cy: Pracuj bezpo\u015brednio w edytorze online, aby utworzy\u0107 wid\u017cet powrotu na g\u00f3r\u0119, kt\u00f3ry chcesz zobaczy\u0107 na swojej stronie Squarespace. Wybierz jeden z gotowych szablon\u00f3w i dostosuj ustawienia Powr\u00f3t na g\u00f3r\u0119, dodaj tre\u015b\u0107, zmie\u0144 uk\u0142ad i kolory bez umiej\u0119tno\u015bci kodowania. Zapisz Powr\u00f3t na g\u00f3r\u0119 i skopiuj jego kod instalacyjny, kt\u00f3ry mo\u017cesz \u0142atwo umie\u015bci\u0107 na swojej stronie Squarespace bez konieczno\u015bci kupowania p\u0142atnej subskrypcji. Dzi\u0119ki naszemu intuicyjnemu edytorowi ka\u017cdy u\u017cytkownik Internetu mo\u017ce utworzy\u0107 wid\u017cet Powr\u00f3t na g\u00f3r\u0119 online i \u0142atwo osadzi\u0107 go na swojej stronie internetowej Squarespace. Aby uzyska\u0107 dost\u0119p do us\u0142ugi, nie trzeba p\u0142aci\u0107 ani wprowadza\u0107 danych uwierzytelniaj\u0105cych karty. Je\u015bli na kt\u00f3rymkolwiek etapie napotkasz jakiekolwiek problemy, skontaktuj si\u0119 z naszym zespo\u0142em pomocy technicznej.<\/p> <\/div>\r\n\t\t\t\t\t<\/div>\r\n\t\t\t\t<\/div> <\/div><\/div>","protected":false},"excerpt":{"rendered":"","protected":false},"author":9,"featured_media":0,"parent":3417,"menu_order":0,"comment_status":"closed","ping_status":"closed","template":"templates\/template-application-platform.php","meta":{"publish_to_discourse":"","publish_post_category":"","wpdc_auto_publish_overridden":"","wpdc_topic_tags":"","wpdc_pin_topic":"","wpdc_pin_until":"","discourse_post_id":"","discourse_permalink":"","wpdc_publishing_response":"","wpdc_publishing_error":"","footnotes":""},"class_list":["post-4263","page","type-page","status-publish","hentry"],"yoast_head":"<!-- This site is optimized with the Yoast SEO plugin v25.3.1 - https:\/\/yoast.com\/wordpress\/plugins\/seo\/ -->\n<title>Powr\u00f3t do g\u00f3ry \u2014 Dodaj przycisk przewijania do g\u00f3ry do Squarespace (bezp\u0142atny i szybki)<\/title>\n<meta name=\"description\" content=\"Bezproblemowo zaimplementuj responsywny wid\u017cet Powr\u00f3t do g\u00f3ry na swojej stronie Squarespace. Skorzystaj z naszego aktywnego demo, aby za pomoc\u0105 kilku klikni\u0119\u0107 ukszta\u0142towa\u0107 swoje unikalne narz\u0119dzie.\" \/>\n<meta name=\"robots\" content=\"index, follow, max-snippet:-1, max-image-preview:large, max-video-preview:-1\" \/>\n<link rel=\"canonical\" href=\"https:\/\/elfsight.com\/pl\/back-to-top-widget\/squarespace\/\" \/>\n<meta property=\"og:locale\" content=\"pl_PL\" \/>\n<meta property=\"og:type\" content=\"article\" \/>\n<meta property=\"og:title\" content=\"Powr\u00f3t do g\u00f3ry \u2014 Dodaj przycisk przewijania do g\u00f3ry do Squarespace (bezp\u0142atny i szybki)\" \/>\n<meta property=\"og:description\" content=\"Bezproblemowo zaimplementuj responsywny wid\u017cet Powr\u00f3t do g\u00f3ry na swojej stronie Squarespace. Skorzystaj z naszego aktywnego demo, aby za pomoc\u0105 kilku klikni\u0119\u0107 ukszta\u0142towa\u0107 swoje unikalne narz\u0119dzie.\" \/>\n<meta property=\"og:url\" content=\"https:\/\/elfsight.com\/pl\/back-to-top-widget\/squarespace\/\" \/>\n<meta property=\"og:site_name\" content=\"Elfsight PL\" \/>\n<meta property=\"article:modified_time\" content=\"2025-06-26T13:41:45+00:00\" \/>\n<meta name=\"twitter:card\" content=\"summary_large_image\" \/>\n<meta name=\"twitter:label1\" content=\"Szacowany czas czytania\" \/>\n\t<meta name=\"twitter:data1\" content=\"3 minuty\" \/>\n<!-- \/ Yoast SEO plugin. -->","yoast_head_json":{"title":"Powr\u00f3t do g\u00f3ry \u2014 Dodaj przycisk przewijania do g\u00f3ry do Squarespace (bezp\u0142atny i szybki)","description":"Bezproblemowo zaimplementuj responsywny wid\u017cet Powr\u00f3t do g\u00f3ry na swojej stronie Squarespace. Skorzystaj z naszego aktywnego demo, aby za pomoc\u0105 kilku klikni\u0119\u0107 ukszta\u0142towa\u0107 swoje unikalne narz\u0119dzie.","robots":{"index":"index","follow":"follow","max-snippet":"max-snippet:-1","max-image-preview":"max-image-preview:large","max-video-preview":"max-video-preview:-1"},"canonical":"https:\/\/elfsight.com\/pl\/back-to-top-widget\/squarespace\/","og_locale":"pl_PL","og_type":"article","og_title":"Powr\u00f3t do g\u00f3ry \u2014 Dodaj przycisk przewijania do g\u00f3ry do Squarespace (bezp\u0142atny i szybki)","og_description":"Bezproblemowo zaimplementuj responsywny wid\u017cet Powr\u00f3t do g\u00f3ry na swojej stronie Squarespace. Skorzystaj z naszego aktywnego demo, aby za pomoc\u0105 kilku klikni\u0119\u0107 ukszta\u0142towa\u0107 swoje unikalne narz\u0119dzie.","og_url":"https:\/\/elfsight.com\/pl\/back-to-top-widget\/squarespace\/","og_site_name":"Elfsight PL","article_modified_time":"2025-06-26T13:41:45+00:00","twitter_card":"summary_large_image","twitter_misc":{"Szacowany czas czytania":"3 minuty"},"schema":{"@context":"https:\/\/schema.org","@graph":[{"@type":"WebPage","@id":"https:\/\/elfsight.com\/pl\/back-to-top-widget\/squarespace\/","url":"https:\/\/elfsight.com\/pl\/back-to-top-widget\/squarespace\/","name":"Powr\u00f3t do g\u00f3ry \u2014 Dodaj przycisk przewijania do g\u00f3ry do Squarespace (bezp\u0142atny i szybki)","isPartOf":{"@id":"https:\/\/elfsight.com\/pl\/#website"},"datePublished":"2024-05-03T06:28:57+00:00","dateModified":"2025-06-26T13:41:45+00:00","description":"Bezproblemowo zaimplementuj responsywny wid\u017cet Powr\u00f3t do g\u00f3ry na swojej stronie Squarespace. Skorzystaj z naszego aktywnego demo, aby za pomoc\u0105 kilku klikni\u0119\u0107 ukszta\u0142towa\u0107 swoje unikalne narz\u0119dzie.","breadcrumb":{"@id":"https:\/\/elfsight.com\/pl\/back-to-top-widget\/squarespace\/#breadcrumb"},"inLanguage":"pl-PL","potentialAction":[{"@type":"ReadAction","target":["https:\/\/elfsight.com\/pl\/back-to-top-widget\/squarespace\/"]}]},{"@type":"BreadcrumbList","@id":"https:\/\/elfsight.com\/pl\/back-to-top-widget\/squarespace\/#breadcrumb","itemListElement":[{"@type":"ListItem","position":1,"name":"Home","item":"https:\/\/elfsight.com\/pl\/"},{"@type":"ListItem","position":2,"name":"Back to Top","item":"https:\/\/elfsight.com\/pl\/back-to-top-widget\/"},{"@type":"ListItem","position":3,"name":"Back to Top &#8211; Squarespace"}]},{"@type":"WebSite","@id":"https:\/\/elfsight.com\/pl\/#website","url":"https:\/\/elfsight.com\/pl\/","name":"Elfsight PL","description":"Just another Elfsight Sites site","potentialAction":[{"@type":"SearchAction","target":{"@type":"EntryPoint","urlTemplate":"https:\/\/elfsight.com\/pl\/?s={search_term_string}"},"query-input":{"@type":"PropertyValueSpecification","valueRequired":true,"valueName":"search_term_string"}}],"inLanguage":"pl-PL"}]}},"meta_box":{"industry":"","seo_heading":"","heading":"","description":"","cta_heading":"","cta_description":"","application":"3360","h1":"Wtyczka Squarespace Powr\u00f3t do g\u00f3ry","h1_caption":"Dodaj prosty przycisk powrotu na g\u00f3r\u0119, poprawiaj\u0105c wygod\u0119 u\u017cytkownika, umo\u017cliwiaj\u0105c \u0142atw\u0105 nawigacj\u0119 z powrotem na g\u00f3r\u0119 strony do witryny Squarespace bez wysi\u0142ku.","application_category":[],"applications_title":"","applications_request_title":"","applications_request_button_text":"","hero_text":"","hero_video":"","hero_video_schema_markup":"","selling_points_title":"","selling_points_caption":"","selling_points":[],"selling_points_cta_text":"","features_title":"","features":"","ed_cta_examples_text":"","ed_cta_examples_hidden":"","ed_cta_demo_text":"","ed_cta_demo_hidden":"","why_caption":"","why_editor_title":"","why_editor_text":"","why_team_title":"","why_team_text":"","why_service_title":"","why_service_text":"","template_catalog_visible":"0","template_catalog_title":"","template_catalog_text":"","template_catalog_categories_visible":"","demo_title":"Utw\u00f3rz wtyczk\u0119 Back to Top","demo_caption":"Skonfiguruj Back to Top i dodaj go do swojej witryny Squarespace za darmo!","default_faq_hidden":"","app_template_category":[],"platform":"7588","template_public_id":"","codecanyon_url":"","codecanyon_item_id":"","codecanyon_price":"","pricing_caption":"","pricing_elfsight_apps_hide_column":"","pricing_elfsight_apps_url":"","pricing_codecanyon_price_caption":"","integration_category":[],"integration_request_title":"","integration_request_cta":"","integration_platform":"","integrations":[],"platform_category":[],"video_schema_markup":"","price":"od 0 USD \/ miesi\u0105c","trial":"","benefits":[{"text":"Bezp\u0142atna pomoc w monta\u017cu"},{"text":"Wsparcie premium"},{"text":"14-dniowa gwarancja zwrotu pieni\u0119dzy"}],"button_url":"#demo","button_target_blank":"0","button_nofollow":"0","attributes":[{"name":"Instaluje"},{"name":"Czu\u0142y"},{"name":"Kompatybilne przegl\u0105darki"}],"tags":[],"tags_disable_links":"0","hide_more_platforms":"0","video_object":"","demo_hide_cta":"0","demo_hide_cloud_options":"0","pricing_title":"","pricing":[{"pricing_icon":"platform","pricing_title":"Elfsight Apps","pricing_title_caption":"Wersja niezale\u017cna od platformy","pricing_price":"od 0 USD \/ miesi\u0105c","pricing_price_caption":"zacznij od bezp\u0142atnego planu","pricing_benefits":[{"text":"Nielimitowane domeny"},{"text":"Wsparcie premium i dobrze udokumentowane"},{"text":"Bezp\u0142atna pomoc w instalacji"},{"text":"100% konfigurowalny"}],"pricing_button_text":"Dodaj do witryny","pricing_button_url":"#demo"}],"related_apps_title":"","related_apps_hidden":"0","author":"","image":[],"title":"","job":"","social_networks":[]},"_links":{"self":[{"href":"https:\/\/elfsight.com\/pl\/wp-json\/wp\/v2\/pages\/4263","targetHints":{"allow":["GET"]}}],"collection":[{"href":"https:\/\/elfsight.com\/pl\/wp-json\/wp\/v2\/pages"}],"about":[{"href":"https:\/\/elfsight.com\/pl\/wp-json\/wp\/v2\/types\/page"}],"author":[{"embeddable":true,"href":"https:\/\/elfsight.com\/pl\/wp-json\/wp\/v2\/users\/9"}],"replies":[{"embeddable":true,"href":"https:\/\/elfsight.com\/pl\/wp-json\/wp\/v2\/comments?post=4263"}],"version-history":[{"count":1,"href":"https:\/\/elfsight.com\/pl\/wp-json\/wp\/v2\/pages\/4263\/revisions"}],"predecessor-version":[{"id":4267,"href":"https:\/\/elfsight.com\/pl\/wp-json\/wp\/v2\/pages\/4263\/revisions\/4267"}],"up":[{"embeddable":true,"href":"https:\/\/elfsight.com\/pl\/wp-json\/wp\/v2\/pages\/3417"}],"wp:attachment":[{"href":"https:\/\/elfsight.com\/pl\/wp-json\/wp\/v2\/media?parent=4263"}],"curies":[{"name":"wp","href":"https:\/\/api.w.org\/{rel}","templated":true}]}}