{"id":4255,"date":"2024-05-03T06:28:53","date_gmt":"2024-05-03T06:28:53","guid":{"rendered":"https:\/\/elfsight.com\/pl\/?page_id=4255"},"modified":"2024-11-14T08:58:54","modified_gmt":"2024-11-14T08:58:54","slug":"wix","status":"publish","type":"page","link":"https:\/\/elfsight.com\/pl\/back-to-top-widget\/wix\/","title":{"rendered":"Back to Top &#8211; Wix"},"content":{"rendered":"<div class=\"application-platform-content-item-description application-platform-content-item\" id=\"description\" data-nav-section=\"description\"> <h2>Opis<\/h2> <p>Elfsight Back to Top to nieskomplikowana aplikacja dla Wix, kt\u00f3ra pozwala odwiedzaj\u0105cym witryn\u0119 natychmiast i bezproblemowo wr\u00f3ci\u0107 do na g\u00f3rze witryny po przewini\u0119ciu d\u0142ugich stron. Odbiorcy Twojej witryny nie b\u0119d\u0105 ju\u017c musieli szuka\u0107 klawisza Home i przeci\u0105ga\u0107 paska przewijania po stronie. Narz\u0119dzie Powr\u00f3t na g\u00f3r\u0119 strony mo\u017cna dostosowa\u0107 w spos\u00f3b, kt\u00f3ry najbardziej Ci odpowiada \u2014 ustawi\u0107 go jako kwadratowy lub okr\u0105g\u0142y, zmieni\u0107 jego kolor, rozmiar i umie\u015bci\u0107 w dowolnym miejscu witryny, aby poprawi\u0107 UX. Przycisk mo\u017ce pojawi\u0107 si\u0119 na dowolnym urz\u0105dzeniu \u2013 od smartfona po komputer stacjonarny. <\/p> <p><b>U\u017cyj innego dost\u0119pnego wid\u017cetu z mo\u017cliwo\u015bci\u0105 przewijania do g\u00f3ry, aby zapewni\u0107 bezproblemow\u0105 obs\u0142ug\u0119 u\u017cytkownika<\/b><\/p> <\/div> <div class=\"application-platform-content-item-features application-platform-content-item\" id=\"features\" data-nav-section=\"features\"> <h2>Oferujemy przydatne i proste funkcje, oto niekt\u00f3re z nich: <\/h2> <ul><li>Zmie\u0144 kolor przycisku<\/li><li>Umie\u015b\u0107 wtyczk\u0119 na: ka\u017cdej stronie, osobliwej lub wykluczonej<\/li> <li>Wskazuje swobod\u0119 przewijania<\/li><li>Dost\u0119pnych jest 8 pozycji przycisk\u00f3w<\/li><li>2 grupy przycisk\u00f3w \u2014 p\u0142ywaj\u0105ce lub osadzone<\/li><\/ul><p><a href=\"#demo \">Mo\u017cesz sprawdzi\u0107, jak dzia\u0142a aplikacja, korzystaj\u0105c z wersji demonstracyjnej<\/a><\/p> <\/div> <div class=\"application-platform-content-item-installation application-platform-content-item\" id=\"installation\" data-nav-section=\"installation\"> <h2>Jak doda\u0107 opcj\u0119 Back to Top do mojej strony internetowej Wix? <\/h2> <p>Wystarczy post\u0119powa\u0107 zgodnie z poni\u017cszymi instrukcjami, aby zainstalowa\u0107 aplikacj\u0119. <\/p> <ol><li><b>Skorzystaj z naszej bezp\u0142atnej wersji demonstracyjnej i zacznij tworzy\u0107 sw\u00f3j w\u0142asny instrument. <\/b><br> Okre\u015bl preferowany uk\u0142ad i funkcje wid\u017cetu i zapisz zmiany. <\/li> <li><b>Odbierz sw\u00f3j indywidualny kod pojawiaj\u0105cy si\u0119 w specjalnym formularzu w aplikacjach Elfsight. <\/b><br> Po zako\u0144czeniu tworzenia wid\u017cetu skopiuj ekskluzywny kod z wy\u015bwietlonego pola i zachowaj go do wykorzystania w przysz\u0142o\u015bci. <\/li> <li><b>Zacznij u\u017cywa\u0107 wtyczki na swojej stronie internetowej Wix. <\/b><br> Wstaw skopiowany wcze\u015bniej kod na swoj\u0105 stron\u0119 i zastosuj zmiany. <\/li> <li><b>Konfiguracja zosta\u0142a pomy\u015blnie uko\u0144czona. <\/b><br> Odwied\u017a swoj\u0105 witryn\u0119 i zobacz, jak dzia\u0142a widget. <\/li><\/ol> <p>Je\u015bli masz do czynienia z pytaniami lub napotykasz problemy, nie wahaj si\u0119 zwr\u00f3ci\u0107 do naszego zespo\u0142u obs\u0142ugi klienta. Nasi konsultanci z przyjemno\u015bci\u0105 pomog\u0105 Ci we wszystkich problemach, jakie mo\u017cesz mie\u0107 z produktem. <\/p> <div class=\"faq\" data-component=\"FAQ\"><div class=\"faq-item\">\r\n\t\t\t\t\t<div class=\"faq-item-question\">\r\n\t\t\t\t\t\t<h3 class=\"faq-item-question-text\">Jak doda\u0107 Powr\u00f3t na g\u00f3r\u0119 do mojej witryny Wix bez umiej\u0119tno\u015bci kodowania?<\/h3>\r\n\r\n\t\t\t\t\t\t<div class=\"faq-item-question-icon\"><\/div>\r\n\t\t\t\t\t<\/div>\r\n\r\n\t\t\t\t\t<div class=\"faq-item-answer\">\r\n\t\t\t\t\t\t<div class=\"faq-item-answer-text\"> <p>Elfsight zapewnia rozwi\u0105zanie SaaS, kt\u00f3re pozwala na samodzielne utworzenie wid\u017cetu Powr\u00f3t na g\u00f3r\u0119, zobacz jakie to proste proces jest nast\u0119puj\u0105cy: Pracuj bezpo\u015brednio w Edytorze online, aby utworzy\u0107 wid\u017cet Powr\u00f3t na g\u00f3r\u0119, kt\u00f3ry chcia\u0142by\u015b zobaczy\u0107 na swojej stronie Wix. Wybierz jeden z gotowych szablon\u00f3w i dostosuj ustawienia Powr\u00f3t na g\u00f3r\u0119, dodaj tre\u015b\u0107, zmie\u0144 uk\u0142ad i kolory bez umiej\u0119tno\u015bci kodowania. Zapisz Powr\u00f3t na g\u00f3r\u0119 i skopiuj jego kod instalacyjny, kt\u00f3ry mo\u017cesz bez wysi\u0142ku osadzi\u0107 na swojej stronie Wix bez konieczno\u015bci kupowania p\u0142atnego planu. Dzi\u0119ki naszemu intuicyjnemu edytorowi ka\u017cdy u\u017cytkownik Internetu mo\u017ce stworzy\u0107 wid\u017cet Powr\u00f3t do g\u00f3ry online i \u0142atwo osadzi\u0107 go na swojej stronie Wix. Aby uzyska\u0107 dost\u0119p do us\u0142ugi, nie trzeba p\u0142aci\u0107 ani wprowadza\u0107 danych uwierzytelniaj\u0105cych karty. Je\u015bli na kt\u00f3rymkolwiek etapie napotkasz jakiekolwiek problemy, skontaktuj si\u0119 z naszym zespo\u0142em pomocy technicznej.<\/p> <\/div>\r\n\t\t\t\t\t<\/div>\r\n\t\t\t\t<\/div> <\/div><\/div>","protected":false},"excerpt":{"rendered":"","protected":false},"author":9,"featured_media":0,"parent":3417,"menu_order":0,"comment_status":"closed","ping_status":"closed","template":"templates\/template-application-platform.php","meta":{"publish_to_discourse":"","publish_post_category":"","wpdc_auto_publish_overridden":"","wpdc_topic_tags":"","wpdc_pin_topic":"","wpdc_pin_until":"","discourse_post_id":"","discourse_permalink":"","wpdc_publishing_response":"","wpdc_publishing_error":"","footnotes":""},"class_list":["post-4255","page","type-page","status-publish","hentry"],"yoast_head":"<!-- This site is optimized with the Yoast SEO plugin v25.3.1 - https:\/\/yoast.com\/wordpress\/plugins\/seo\/ -->\n<title>Powr\u00f3t do g\u00f3ry \u2014 Dodaj przycisk przewijania do g\u00f3ry do Wix (bezp\u0142atnie i szybko)<\/title>\n<meta name=\"description\" content=\"Umie\u015b\u0107 responsywny wid\u017cet Back to Top na swojej witrynie Wix bez wi\u0119kszego wysi\u0142ku. Skorzystaj z naszego przydatnego demo, aby zbudowa\u0107 unikaln\u0105 aplikacj\u0119 w 1-2-3.\" \/>\n<meta name=\"robots\" content=\"index, follow, max-snippet:-1, max-image-preview:large, max-video-preview:-1\" \/>\n<link rel=\"canonical\" href=\"https:\/\/elfsight.com\/pl\/back-to-top-widget\/wix\/\" \/>\n<meta property=\"og:locale\" content=\"pl_PL\" \/>\n<meta property=\"og:type\" content=\"article\" \/>\n<meta property=\"og:title\" content=\"Powr\u00f3t do g\u00f3ry \u2014 Dodaj przycisk przewijania do g\u00f3ry do Wix (bezp\u0142atnie i szybko)\" \/>\n<meta property=\"og:description\" content=\"Umie\u015b\u0107 responsywny wid\u017cet Back to Top na swojej witrynie Wix bez wi\u0119kszego wysi\u0142ku. Skorzystaj z naszego przydatnego demo, aby zbudowa\u0107 unikaln\u0105 aplikacj\u0119 w 1-2-3.\" \/>\n<meta property=\"og:url\" content=\"https:\/\/elfsight.com\/pl\/back-to-top-widget\/wix\/\" \/>\n<meta property=\"og:site_name\" content=\"Elfsight PL\" \/>\n<meta property=\"article:modified_time\" content=\"2024-11-14T08:58:54+00:00\" \/>\n<meta name=\"twitter:card\" content=\"summary_large_image\" \/>\n<meta name=\"twitter:label1\" content=\"Szacowany czas czytania\" \/>\n\t<meta name=\"twitter:data1\" content=\"3 minuty\" \/>\n<!-- \/ Yoast SEO plugin. -->","yoast_head_json":{"title":"Powr\u00f3t do g\u00f3ry \u2014 Dodaj przycisk przewijania do g\u00f3ry do Wix (bezp\u0142atnie i szybko)","description":"Umie\u015b\u0107 responsywny wid\u017cet Back to Top na swojej witrynie Wix bez wi\u0119kszego wysi\u0142ku. Skorzystaj z naszego przydatnego demo, aby zbudowa\u0107 unikaln\u0105 aplikacj\u0119 w 1-2-3.","robots":{"index":"index","follow":"follow","max-snippet":"max-snippet:-1","max-image-preview":"max-image-preview:large","max-video-preview":"max-video-preview:-1"},"canonical":"https:\/\/elfsight.com\/pl\/back-to-top-widget\/wix\/","og_locale":"pl_PL","og_type":"article","og_title":"Powr\u00f3t do g\u00f3ry \u2014 Dodaj przycisk przewijania do g\u00f3ry do Wix (bezp\u0142atnie i szybko)","og_description":"Umie\u015b\u0107 responsywny wid\u017cet Back to Top na swojej witrynie Wix bez wi\u0119kszego wysi\u0142ku. Skorzystaj z naszego przydatnego demo, aby zbudowa\u0107 unikaln\u0105 aplikacj\u0119 w 1-2-3.","og_url":"https:\/\/elfsight.com\/pl\/back-to-top-widget\/wix\/","og_site_name":"Elfsight PL","article_modified_time":"2024-11-14T08:58:54+00:00","twitter_card":"summary_large_image","twitter_misc":{"Szacowany czas czytania":"3 minuty"},"schema":{"@context":"https:\/\/schema.org","@graph":[{"@type":"WebPage","@id":"https:\/\/elfsight.com\/pl\/back-to-top-widget\/wix\/","url":"https:\/\/elfsight.com\/pl\/back-to-top-widget\/wix\/","name":"Powr\u00f3t do g\u00f3ry \u2014 Dodaj przycisk przewijania do g\u00f3ry do Wix (bezp\u0142atnie i szybko)","isPartOf":{"@id":"https:\/\/elfsight.com\/pl\/#website"},"datePublished":"2024-05-03T06:28:53+00:00","dateModified":"2024-11-14T08:58:54+00:00","description":"Umie\u015b\u0107 responsywny wid\u017cet Back to Top na swojej witrynie Wix bez wi\u0119kszego wysi\u0142ku. Skorzystaj z naszego przydatnego demo, aby zbudowa\u0107 unikaln\u0105 aplikacj\u0119 w 1-2-3.","breadcrumb":{"@id":"https:\/\/elfsight.com\/pl\/back-to-top-widget\/wix\/#breadcrumb"},"inLanguage":"pl-PL","potentialAction":[{"@type":"ReadAction","target":["https:\/\/elfsight.com\/pl\/back-to-top-widget\/wix\/"]}]},{"@type":"BreadcrumbList","@id":"https:\/\/elfsight.com\/pl\/back-to-top-widget\/wix\/#breadcrumb","itemListElement":[{"@type":"ListItem","position":1,"name":"Home","item":"https:\/\/elfsight.com\/pl\/"},{"@type":"ListItem","position":2,"name":"Back to Top","item":"https:\/\/elfsight.com\/pl\/back-to-top-widget\/"},{"@type":"ListItem","position":3,"name":"Back to Top &#8211; Wix"}]},{"@type":"WebSite","@id":"https:\/\/elfsight.com\/pl\/#website","url":"https:\/\/elfsight.com\/pl\/","name":"Elfsight PL","description":"Just another Elfsight Sites site","potentialAction":[{"@type":"SearchAction","target":{"@type":"EntryPoint","urlTemplate":"https:\/\/elfsight.com\/pl\/?s={search_term_string}"},"query-input":{"@type":"PropertyValueSpecification","valueRequired":true,"valueName":"search_term_string"}}],"inLanguage":"pl-PL"}]}},"meta_box":{"industry":"","seo_heading":"","heading":"","description":"","cta_heading":"","cta_description":"","application":"3360","h1":"Aplikacja Wix Powr\u00f3t do g\u00f3ry","h1_caption":"Dodaj prosty przycisk powrotu na g\u00f3r\u0119, poprawiaj\u0105c wygod\u0119 u\u017cytkownika, umo\u017cliwiaj\u0105c \u0142atw\u0105 nawigacj\u0119 z powrotem na g\u00f3r\u0119 strony do Twojej witryny Wix.","application_category":[],"applications_title":"","applications_request_title":"","applications_request_button_text":"","hero_text":"","hero_video":"","hero_video_schema_markup":"","selling_points_title":"","selling_points_caption":"","selling_points":[],"selling_points_cta_text":"","features_title":"","features":"","ed_cta_examples_text":"","ed_cta_examples_hidden":"","ed_cta_demo_text":"","ed_cta_demo_hidden":"","why_caption":"","why_editor_title":"","why_editor_text":"","why_team_title":"","why_team_text":"","why_service_title":"","why_service_text":"","template_catalog_visible":"","template_catalog_title":"","template_catalog_text":"","template_catalog_categories_visible":"","demo_title":"Utw\u00f3rz aplikacj\u0119 Powr\u00f3t do g\u00f3ry","demo_caption":"Skonfiguruj Back to Top i dodaj go do swojej witryny Wix za darmo!","default_faq_hidden":"","app_template_category":[],"platform":"30","template_public_id":"","codecanyon_url":"","codecanyon_item_id":"","codecanyon_price":"","pricing_caption":"","pricing_elfsight_apps_hide_column":"","pricing_elfsight_apps_url":"","pricing_codecanyon_price_caption":"","integration_category":[],"integration_request_title":"","integration_request_cta":"","integration_platform":"","integrations":[],"platform_category":[],"video_schema_markup":"","price":"od 0 USD \/ miesi\u0105c","trial":"","benefits":[{"text":"Bezp\u0142atna pomoc w instalacji"},{"text":"Skuteczna obs\u0142uga klienta"},{"text":"14-dniowa gwarancja zwrotu pieni\u0119dzy"}],"button_url":"#demo","button_target_blank":"","button_nofollow":"","attributes":[{"name":"Instaluje"},{"name":"Czu\u0142y"},{"name":"Kompatybilne przegl\u0105darki"}],"tags":[],"tags_disable_links":"","hide_more_platforms":"","video_object":"","demo_hide_cta":"","demo_hide_cloud_options":"","pricing_title":"","pricing":[{"pricing_icon":"platform","pricing_title":"Elfsight Apps","pricing_title_caption":"Wersja wieloplatformowa","pricing_price":"od 0 USD \/ miesi\u0105c","pricing_price_caption":"zacznij od bezp\u0142atnego planu","pricing_benefits":[{"text":"Nieograniczona liczba stron internetowych"},{"text":"Dedykowana obs\u0142uga klienta"},{"text":"Bezp\u0142atna us\u0142uga monta\u017cu"},{"text":"Specjalna cena za wiele aplikacji"}],"pricing_button_text":"Dodaj do witryny","pricing_button_url":"#demo"}],"related_apps_title":"","related_apps_hidden":"","author":"","image":[],"title":"","job":"","social_networks":[]},"_links":{"self":[{"href":"https:\/\/elfsight.com\/pl\/wp-json\/wp\/v2\/pages\/4255","targetHints":{"allow":["GET"]}}],"collection":[{"href":"https:\/\/elfsight.com\/pl\/wp-json\/wp\/v2\/pages"}],"about":[{"href":"https:\/\/elfsight.com\/pl\/wp-json\/wp\/v2\/types\/page"}],"author":[{"embeddable":true,"href":"https:\/\/elfsight.com\/pl\/wp-json\/wp\/v2\/users\/9"}],"replies":[{"embeddable":true,"href":"https:\/\/elfsight.com\/pl\/wp-json\/wp\/v2\/comments?post=4255"}],"version-history":[{"count":1,"href":"https:\/\/elfsight.com\/pl\/wp-json\/wp\/v2\/pages\/4255\/revisions"}],"predecessor-version":[{"id":4259,"href":"https:\/\/elfsight.com\/pl\/wp-json\/wp\/v2\/pages\/4255\/revisions\/4259"}],"up":[{"embeddable":true,"href":"https:\/\/elfsight.com\/pl\/wp-json\/wp\/v2\/pages\/3417"}],"wp:attachment":[{"href":"https:\/\/elfsight.com\/pl\/wp-json\/wp\/v2\/media?parent=4255"}],"curies":[{"name":"wp","href":"https:\/\/api.w.org\/{rel}","templated":true}]}}