{"id":4254,"date":"2024-05-03T06:28:52","date_gmt":"2024-05-03T06:28:52","guid":{"rendered":"https:\/\/elfsight.com\/pl\/?page_id=4254"},"modified":"2024-11-14T08:58:54","modified_gmt":"2024-11-14T08:58:54","slug":"wordpress","status":"publish","type":"page","link":"https:\/\/elfsight.com\/pl\/back-to-top-widget\/wordpress\/","title":{"rendered":"Back to Top &#8211; WordPress"},"content":{"rendered":"<div class=\"application-platform-content-item-description application-platform-content-item\" id=\"description\" data-nav-section=\"description\"> <h2>Osad\u017a Back to Top w WordPressie za pomoc\u0105 wid\u017cetu Elfsight<\/h2> <p>Elfsight Back to Top to prosta wtyczka do WordPressa umo\u017cliwiaj\u0105ca tworzenie witryn odwiedzaj\u0105cy natychmiast i bezproblemowo wracaj\u0105 na g\u00f3r\u0119 Twojej witryny po przewini\u0119ciu d\u0142ugich stron. Odbiorcy Twojej witryny nie b\u0119d\u0105 ju\u017c musieli szuka\u0107 klawisza Home i przeci\u0105ga\u0107 paska przewijania po ca\u0142ej stronie. Wtyczk\u0119 Back to top mo\u017cna z \u0142atwo\u015bci\u0105 dostosowa\u0107 tak, jak najbardziej Ci odpowiada &#8211; ustawi\u0107 j\u0105 jako kwadratow\u0105 lub zaokr\u0105glon\u0105, zmieni\u0107 jej kolor, rozmiar i umie\u015bci\u0107 j\u0105 w dowolnym miejscu strony, aby poprawi\u0107 UX. Przycisk mo\u017ce wy\u015bwietli\u0107 si\u0119 na dowolnym typie urz\u0105dzenia \u2013 od telefonu kom\u00f3rkowego po komputer stacjonarny. <\/p> <p><b>U\u017cyj jeszcze jednej wygodnej wtyczki, kt\u00f3ra zapewni u\u017cytkownikom wyj\u0105tkow\u0105 wygod\u0119<\/b><\/p> <\/div> <div class=\"application-platform-content-item-features application-platform-content-item\" id=\"features\" data-nav-section=\"features\"> <h2>Najbardziej wymagana wtyczka oferta funkcji<\/h2> <ul><li>Przemaluj przycisk<\/li><li>Umie\u015b\u0107 widget na: wszystkich stronach, osobliwych lub wykluczonych<\/li><li>Okre\u015bl pr\u0119dko\u015b\u0107 przewijania<\/li><li>Dost\u0119pnych osiem pozycji przycisk\u00f3w<\/li><li>2 typy przycisk\u00f3w \u2013 p\u0142ywaj\u0105ce lub osadzone<\/li><\/ul><p><a href=\"#demo\">Odkryj wszystkie funkcje personalizacji we w pe\u0142ni funkcjonalnej wersji demonstracyjnej <\/a><\/p> <\/div> <div class=\"application-platform-content-item-installation application-platform-content-item\" id=\"installation\" data-nav-section=\"installation\"> <h2>Jak doda\u0107 opcj\u0119 Powr\u00f3t na g\u00f3r\u0119 do mojej witryny WordPress? <\/h2> <p>Wystarczy wykona\u0107 kilka krok\u00f3w podanych poni\u017cej, aby zintegrowa\u0107 widget. <\/p> <ol><li><b>Wykonaj nasz darmowy konfigurator i zacznij tworzy\u0107 swoj\u0105 spersonalizowan\u0105 wtyczk\u0119. <\/b><br> Okre\u015bl preferowan\u0105 form\u0119 i aspekty wtyczki oraz zastosuj wszystkie modyfikacje. <\/li> <li><b>Zdob\u0105d\u017a sw\u00f3j unikalny kod pojawiaj\u0105cy si\u0119 w oknie aplikacji Elfsight. <\/b><br> Po zako\u0144czeniu dostosowywania osobistej wtyczki skopiuj kod w wy\u015bwietlonym oknie i zachowaj go na przysz\u0142o\u015b\u0107. <\/li> <li><b>Rozpocznij korzystanie z wtyczki w swojej witrynie WordPress. <\/b><br> Umie\u015b\u0107 zapisany wcze\u015bniej kod na swojej stronie i zapisz ulepszenia. <\/li> <li><b>Gotowe! Integracja zosta\u0142a pomy\u015blnie zako\u0144czona. <\/b><br> Otw\u00f3rz swoj\u0105 stron\u0119 internetow\u0105, aby zobaczy\u0107, jak dzia\u0142a wtyczka. <\/li><\/ol><p>Je\u015bli masz do czynienia z zapytaniami lub pokonasz przeszkody, skontaktuj si\u0119 z naszym dzia\u0142em obs\u0142ugi klienta. Nasi ludzie z przyjemno\u015bci\u0105 pomog\u0105 Ci we wszystkich trudno\u015bciach, jakie mo\u017cesz napotka\u0107 w zwi\u0105zku z tym narz\u0119dziem. <\/p> <\/div><div class=\"faq\" data-component=\"FAQ\"><div class=\"faq-item\">\r\n\t\t\t\t\t<div class=\"faq-item-question\">\r\n\t\t\t\t\t\t<h3 class=\"faq-item-question-text\">Jak mog\u0119 osadzi\u0107 przycisk Powr\u00f3t na g\u00f3r\u0119 do witryny WordPress?<\/h3>\r\n\r\n\t\t\t\t\t\t<div class=\"faq-item-question-icon\"><\/div>\r\n\t\t\t\t\t<\/div>\r\n\r\n\t\t\t\t\t<div class=\"faq-item-answer\">\r\n\t\t\t\t\t\t<div class=\"faq-item-answer-text\"><p>Podstawa wid\u017cetu dzieje si\u0119 w ramach us\u0142ugi Elfsight i nie ma potrzeby kodowania. Zastosuj demo na \u017cywo, aby zaprojektowa\u0107 swoj\u0105 osobist\u0105 aplikacj\u0119, pobierz kod i zintegruj go ze swoj\u0105 witryn\u0105. <\/p><\/div>\r\n\t\t\t\t\t<\/div>\r\n\t\t\t\t<\/div><div class=\"faq-item\">\r\n\t\t\t\t\t<div class=\"faq-item-question\">\r\n\t\t\t\t\t\t<h3 class=\"faq-item-question-text\">Najlepsze sposoby wykorzystania integracji przycisku przewijania g\u00f3rnego<\/h3>\r\n\r\n\t\t\t\t\t\t<div class=\"faq-item-question-icon\"><\/div>\r\n\t\t\t\t\t<\/div>\r\n\r\n\t\t\t\t\t<div class=\"faq-item-answer\">\r\n\t\t\t\t\t\t<div class=\"faq-item-answer-text\"><p>Mamy szeroki zakres mo\u017cliwo\u015bci dostosowania: pe\u0142nowymiarowe wid\u017cety do wstawiania w tre\u015bci stref\u0119, p\u0142ywaj\u0105ce wid\u017cety umo\u017cliwiaj\u0105ce przewijanie, uk\u0142ady stopki, nag\u0142\u00f3wka i wszystkie warianty mo\u017cliwo\u015bci pionowych pask\u00f3w bocznych i menu witryny. <\/p><\/div>\r\n\t\t\t\t\t<\/div>\r\n\t\t\t\t<\/div><div class=\"faq-item\">\r\n\t\t\t\t\t<div class=\"faq-item-question\">\r\n\t\t\t\t\t\t<h3 class=\"faq-item-question-text\">Jak za pomoc\u0105 edytora zbudowa\u0107 p\u0142ywaj\u0105ce lub p\u0142ynne przewijanie do g\u00f3ry?<\/h3>\r\n\r\n\t\t\t\t\t\t<div class=\"faq-item-question-icon\"><\/div>\r\n\t\t\t\t\t<\/div>\r\n\r\n\t\t\t\t\t<div class=\"faq-item-answer\">\r\n\t\t\t\t\t\t<div class=\"faq-item-answer-text\"><p>Mo\u017cesz dowolnie modyfikowa\u0107 dowolne modyfikacje wid\u017cetu. W edytorze dost\u0119pnych jest wiele uk\u0142ad\u00f3w, a ka\u017cdy z nich mo\u017cna szybko dostosowa\u0107 do w\u0142asnych potrzeb. <\/p><\/div>\r\n\t\t\t\t\t<\/div>\r\n\t\t\t\t<\/div><\/div>","protected":false},"excerpt":{"rendered":"","protected":false},"author":9,"featured_media":0,"parent":3417,"menu_order":0,"comment_status":"closed","ping_status":"closed","template":"templates\/template-application-platform.php","meta":{"publish_to_discourse":"","publish_post_category":"","wpdc_auto_publish_overridden":"","wpdc_topic_tags":"","wpdc_pin_topic":"","wpdc_pin_until":"","discourse_post_id":"","discourse_permalink":"","wpdc_publishing_response":"","wpdc_publishing_error":"","footnotes":""},"class_list":["post-4254","page","type-page","status-publish","hentry"],"yoast_head":"<!-- This site is optimized with the Yoast SEO plugin v25.3.1 - https:\/\/yoast.com\/wordpress\/plugins\/seo\/ -->\n<title>Powr\u00f3t do g\u00f3ry \u2014 Dodaj przycisk Przewi\u0144 do g\u00f3ry do WordPress (bezp\u0142atnie i szybko)<\/title>\n<meta name=\"description\" content=\"Dodaj dost\u0119pny wid\u017cet Powr\u00f3t do g\u00f3ry na swojej witrynie WordPress bez wi\u0119kszego wysi\u0142ku. Skorzystaj z naszego demo na \u017cywo, aby ukszta\u0142towa\u0107 swoj\u0105 unikaln\u0105 funkcj\u0119 w 1-2-3.\" \/>\n<meta name=\"robots\" content=\"index, follow, max-snippet:-1, max-image-preview:large, max-video-preview:-1\" \/>\n<link rel=\"canonical\" href=\"https:\/\/elfsight.com\/pl\/back-to-top-widget\/wordpress\/\" \/>\n<meta property=\"og:locale\" content=\"pl_PL\" \/>\n<meta property=\"og:type\" content=\"article\" \/>\n<meta property=\"og:title\" content=\"Powr\u00f3t do g\u00f3ry \u2014 Dodaj przycisk Przewi\u0144 do g\u00f3ry do WordPress (bezp\u0142atnie i szybko)\" \/>\n<meta property=\"og:description\" content=\"Dodaj dost\u0119pny wid\u017cet Powr\u00f3t do g\u00f3ry na swojej witrynie WordPress bez wi\u0119kszego wysi\u0142ku. Skorzystaj z naszego demo na \u017cywo, aby ukszta\u0142towa\u0107 swoj\u0105 unikaln\u0105 funkcj\u0119 w 1-2-3.\" \/>\n<meta property=\"og:url\" content=\"https:\/\/elfsight.com\/pl\/back-to-top-widget\/wordpress\/\" \/>\n<meta property=\"og:site_name\" content=\"Elfsight PL\" \/>\n<meta property=\"article:modified_time\" content=\"2024-11-14T08:58:54+00:00\" \/>\n<meta name=\"twitter:card\" content=\"summary_large_image\" \/>\n<meta name=\"twitter:label1\" content=\"Szacowany czas czytania\" \/>\n\t<meta name=\"twitter:data1\" content=\"3 minuty\" \/>\n<!-- \/ Yoast SEO plugin. -->","yoast_head_json":{"title":"Powr\u00f3t do g\u00f3ry \u2014 Dodaj przycisk Przewi\u0144 do g\u00f3ry do WordPress (bezp\u0142atnie i szybko)","description":"Dodaj dost\u0119pny wid\u017cet Powr\u00f3t do g\u00f3ry na swojej witrynie WordPress bez wi\u0119kszego wysi\u0142ku. Skorzystaj z naszego demo na \u017cywo, aby ukszta\u0142towa\u0107 swoj\u0105 unikaln\u0105 funkcj\u0119 w 1-2-3.","robots":{"index":"index","follow":"follow","max-snippet":"max-snippet:-1","max-image-preview":"max-image-preview:large","max-video-preview":"max-video-preview:-1"},"canonical":"https:\/\/elfsight.com\/pl\/back-to-top-widget\/wordpress\/","og_locale":"pl_PL","og_type":"article","og_title":"Powr\u00f3t do g\u00f3ry \u2014 Dodaj przycisk Przewi\u0144 do g\u00f3ry do WordPress (bezp\u0142atnie i szybko)","og_description":"Dodaj dost\u0119pny wid\u017cet Powr\u00f3t do g\u00f3ry na swojej witrynie WordPress bez wi\u0119kszego wysi\u0142ku. Skorzystaj z naszego demo na \u017cywo, aby ukszta\u0142towa\u0107 swoj\u0105 unikaln\u0105 funkcj\u0119 w 1-2-3.","og_url":"https:\/\/elfsight.com\/pl\/back-to-top-widget\/wordpress\/","og_site_name":"Elfsight PL","article_modified_time":"2024-11-14T08:58:54+00:00","twitter_card":"summary_large_image","twitter_misc":{"Szacowany czas czytania":"3 minuty"},"schema":{"@context":"https:\/\/schema.org","@graph":[{"@type":"WebPage","@id":"https:\/\/elfsight.com\/pl\/back-to-top-widget\/wordpress\/","url":"https:\/\/elfsight.com\/pl\/back-to-top-widget\/wordpress\/","name":"Powr\u00f3t do g\u00f3ry \u2014 Dodaj przycisk Przewi\u0144 do g\u00f3ry do WordPress (bezp\u0142atnie i szybko)","isPartOf":{"@id":"https:\/\/elfsight.com\/pl\/#website"},"datePublished":"2024-05-03T06:28:52+00:00","dateModified":"2024-11-14T08:58:54+00:00","description":"Dodaj dost\u0119pny wid\u017cet Powr\u00f3t do g\u00f3ry na swojej witrynie WordPress bez wi\u0119kszego wysi\u0142ku. Skorzystaj z naszego demo na \u017cywo, aby ukszta\u0142towa\u0107 swoj\u0105 unikaln\u0105 funkcj\u0119 w 1-2-3.","breadcrumb":{"@id":"https:\/\/elfsight.com\/pl\/back-to-top-widget\/wordpress\/#breadcrumb"},"inLanguage":"pl-PL","potentialAction":[{"@type":"ReadAction","target":["https:\/\/elfsight.com\/pl\/back-to-top-widget\/wordpress\/"]}]},{"@type":"BreadcrumbList","@id":"https:\/\/elfsight.com\/pl\/back-to-top-widget\/wordpress\/#breadcrumb","itemListElement":[{"@type":"ListItem","position":1,"name":"Home","item":"https:\/\/elfsight.com\/pl\/"},{"@type":"ListItem","position":2,"name":"Back to Top","item":"https:\/\/elfsight.com\/pl\/back-to-top-widget\/"},{"@type":"ListItem","position":3,"name":"Back to Top &#8211; WordPress"}]},{"@type":"WebSite","@id":"https:\/\/elfsight.com\/pl\/#website","url":"https:\/\/elfsight.com\/pl\/","name":"Elfsight PL","description":"Just another Elfsight Sites site","potentialAction":[{"@type":"SearchAction","target":{"@type":"EntryPoint","urlTemplate":"https:\/\/elfsight.com\/pl\/?s={search_term_string}"},"query-input":{"@type":"PropertyValueSpecification","valueRequired":true,"valueName":"search_term_string"}}],"inLanguage":"pl-PL"}]}},"meta_box":{"industry":"","seo_heading":"","heading":"","description":"","cta_heading":"","cta_description":"","application":"3360","h1":"Wtyczka WordPress Powr\u00f3t na g\u00f3r\u0119","h1_caption":"Dodaj prosty przycisk powrotu na g\u00f3r\u0119, poprawiaj\u0105c wygod\u0119 u\u017cytkownika, umo\u017cliwiaj\u0105c \u0142atw\u0105 nawigacj\u0119 z powrotem na g\u00f3r\u0119 strony do witryny WordPress.","application_category":[],"applications_title":"","applications_request_title":"","applications_request_button_text":"","hero_text":"","hero_video":"","hero_video_schema_markup":"","selling_points_title":"","selling_points_caption":"","selling_points":[],"selling_points_cta_text":"","features_title":"","features":"","ed_cta_examples_text":"","ed_cta_examples_hidden":"","ed_cta_demo_text":"","ed_cta_demo_hidden":"","why_caption":"","why_editor_title":"","why_editor_text":"","why_team_title":"","why_team_text":"","why_service_title":"","why_service_text":"","template_catalog_visible":"","template_catalog_title":"","template_catalog_text":"","template_catalog_categories_visible":"","demo_title":"Utw\u00f3rz wtyczk\u0119 Back to Top","demo_caption":"Skonfiguruj Back to Top i dodaj go do swojej witryny WordPress za darmo!","default_faq_hidden":"","app_template_category":[],"platform":"31","template_public_id":"","codecanyon_url":"","codecanyon_item_id":"","codecanyon_price":"","pricing_caption":"","pricing_elfsight_apps_hide_column":"","pricing_elfsight_apps_url":"","pricing_codecanyon_price_caption":"","integration_category":[],"integration_request_title":"","integration_request_cta":"","integration_platform":"","integrations":[],"platform_category":[],"video_schema_markup":"","price":"od 0 USD \/ miesi\u0105c","trial":"","benefits":[{"text":"Bezp\u0142atna pomoc w monta\u017cu"},{"text":"Do\u015bwiadczona obs\u0142uga klienta"},{"text":"14-dniowa gwarancja zwrotu pieni\u0119dzy"}],"button_url":"#demo","button_target_blank":"","button_nofollow":"","attributes":[{"name":"Instaluje"},{"name":"Czu\u0142y"},{"name":"Kompatybilne przegl\u0105darki"}],"tags":[],"tags_disable_links":"","hide_more_platforms":"","video_object":"","demo_hide_cta":"","demo_hide_cloud_options":"","pricing_title":"","pricing":[{"pricing_icon":"platform","pricing_title":"Elfsight Apps","pricing_title_caption":"Wersja niezale\u017cna od platformy","pricing_price":"od 0 USD \/ miesi\u0105c","pricing_price_caption":"zacznij od bezp\u0142atnego planu","pricing_benefits":[{"text":"Nielimitowane domeny"},{"text":"Ca\u0142odobowe wsparcie firmy"},{"text":"Bezp\u0142atna pomoc w instalacji"},{"text":"Cena do z\u0142apania dla wielu aplikacji"}],"pricing_button_text":"Dodaj do witryny","pricing_button_url":"#demo"}],"related_apps_title":"","related_apps_hidden":"","author":"","image":[],"title":"","job":"","social_networks":[]},"_links":{"self":[{"href":"https:\/\/elfsight.com\/pl\/wp-json\/wp\/v2\/pages\/4254","targetHints":{"allow":["GET"]}}],"collection":[{"href":"https:\/\/elfsight.com\/pl\/wp-json\/wp\/v2\/pages"}],"about":[{"href":"https:\/\/elfsight.com\/pl\/wp-json\/wp\/v2\/types\/page"}],"author":[{"embeddable":true,"href":"https:\/\/elfsight.com\/pl\/wp-json\/wp\/v2\/users\/9"}],"replies":[{"embeddable":true,"href":"https:\/\/elfsight.com\/pl\/wp-json\/wp\/v2\/comments?post=4254"}],"version-history":[{"count":1,"href":"https:\/\/elfsight.com\/pl\/wp-json\/wp\/v2\/pages\/4254\/revisions"}],"predecessor-version":[{"id":4258,"href":"https:\/\/elfsight.com\/pl\/wp-json\/wp\/v2\/pages\/4254\/revisions\/4258"}],"up":[{"embeddable":true,"href":"https:\/\/elfsight.com\/pl\/wp-json\/wp\/v2\/pages\/3417"}],"wp:attachment":[{"href":"https:\/\/elfsight.com\/pl\/wp-json\/wp\/v2\/media?parent=4254"}],"curies":[{"name":"wp","href":"https:\/\/api.w.org\/{rel}","templated":true}]}}