{"id":4248,"date":"2024-05-03T06:28:50","date_gmt":"2024-05-03T06:28:50","guid":{"rendered":"https:\/\/elfsight.com\/pl\/?page_id=4248"},"modified":"2024-11-14T08:53:21","modified_gmt":"2024-11-14T08:53:21","slug":"google-sites","status":"publish","type":"page","link":"https:\/\/elfsight.com\/pl\/back-to-top-widget\/google-sites\/","title":{"rendered":"Back to Top &#8211; Google Sites"},"content":{"rendered":"<div class=\"application-platform-content-item-description application-platform-content-item\" id=\"description\" data-nav-section=\"description\"> <h2>Umie\u015b\u0107 opcj\u0119 Powr\u00f3t na g\u00f3r\u0119 w Witrynach Google za pomoc\u0105 wid\u017cetu Elfsight<\/h2> <p>Przycisk Przewi\u0144 do g\u00f3ry to nieskomplikowana wtyczka do Witryn Google umo\u017cliwiaj\u0105c odwiedzaj\u0105cym witryn\u0119 szybki i bezproblemowy powr\u00f3t na g\u00f3r\u0119 witryny po przewini\u0119ciu d\u0142ugich stron. Odwiedzaj\u0105cy Twoj\u0105 witryn\u0119 nie b\u0119d\u0105 ju\u017c musieli szuka\u0107 klawisza Home i przeci\u0105ga\u0107 paska przewijania po stronie. Nasz przycisk Powr\u00f3t na g\u00f3r\u0119 mo\u017cna z \u0142atwo\u015bci\u0105 dostosowa\u0107 do w\u0142asnych potrzeb \u2014 ustawi\u0107 go w kszta\u0142cie kwadratu lub zaokr\u0105glenia, zmieni\u0107 jego kolor, rozmiar i umie\u015bci\u0107 w dowolnym miejscu witryny, aby poprawi\u0107 wygod\u0119 u\u017cytkownika. Przycisk mo\u017ce by\u0107 wy\u015bwietlany na dowolnym urz\u0105dzeniu \u2013 od telefonu kom\u00f3rkowego po komputer stacjonarny.<\/p> <p><b>U\u017cyj jeszcze jednego przydatnego wid\u017cetu przewijania, aby zapewni\u0107 u\u017cytkownikowi fantastyczne wra\u017cenia<\/b><\/p> <\/div> <div class=\"application-platform-content-item-features application-platform-content-item\" id=\"features\" data-nav-section=\"features\"> <h2>Przeanalizuj list\u0119 najwa\u017cniejszych funkcji:<\/h2> <ul><li>Od\u015bwie\u017c przycisk<\/li><li>Umie\u015b\u0107 wtyczk\u0119 na: ka\u017cdej stronie, okre\u015blonej lub wykluczonej<\/li><li>Wska\u017c pr\u0119dko\u015b\u0107 przewijania<\/li><li>Osiem pozycji przycisk\u00f3w do wyboru<\/li><li>2 klasy przycisk\u00f3w \u2013 p\u0142ywaj\u0105ce lub osadzone<\/li><\/ul><p><a href=\"#demo\">Mo\u017cesz ju\u017c teraz wypr\u00f3bowa\u0107 pe\u0142ne mo\u017cliwo\u015bci wid\u017cetu w wersji demonstracyjnej<\/a><\/p> <\/div> <div class=\"application-platform-content-item-installation application-platform-content-item\" id=\"installation\" data-nav-section=\"installation\"> <h2>Jak mog\u0119 doda\u0107 Wr\u00f3\u0107 do G\u00f3rny przycisk do moich Witryn Google? <\/h2> <p>Wystarczy zastosowa\u0107 si\u0119 do poni\u017cszych instrukcji, aby rozpocz\u0105\u0107 prac\u0119 z wid\u017cetem przewijania. <\/p> <ol><li><b>Uruchom nasz\u0105 bezp\u0142atn\u0105 wersj\u0119 demonstracyjn\u0105 i zacznij tworzy\u0107 spersonalizowany widget. <\/b><br> Wybierz wybrany projekt i opcje wtyczki oraz zapisz modyfikacje.<\/li> <li><b>Zdob\u0105d\u017a indywidualny kod pokazany w specjalnym formularzu w aplikacjach Elfsight.<\/b><br> Po zako\u0144czeniu dostosowywania Twojej osobistej wtyczki skopiuj indywidualny kod z wy\u015bwietlonego wyskakuj\u0105cego okienka i zapisz go na p\u00f3\u017aniej. <\/li> <li><b>Rozpocznij korzystanie z przycisku przewijania w witrynie Google.<\/b><br> Dodaj skopiowany wcze\u015bniej kod na swoj\u0105 stron\u0119 internetow\u0105 i zapisz poprawki. <\/li> <li><b>Gotowe! Integracja zosta\u0142a w pe\u0142ni uko\u0144czona.<\/b><br> Przejd\u017a do swojej witryny, aby sprawdzi\u0107 dzia\u0142anie narz\u0119dzia.<\/li><\/ol> <div class=\"tip-yellow tip\"><b>Ze wzgl\u0119du na specyfik\u0119 dzia\u0142ania Witryn Google wid\u017cet mo\u017ce wygl\u0105daj\u0105 inaczej ni\u017c wersja demonstracyjna online. Przepraszamy za wszelkie niedogodno\u015bci.<\/b><\/div><p>W przypadku napotkania jakichkolwiek trudno\u015bci nie wahaj si\u0119 zwr\u00f3ci\u0107 do naszego dzia\u0142u obs\u0142ugi klienta. Nasi specjali\u015bci ch\u0119tnie pomog\u0105 Ci we wszystkich problemach, jakie mo\u017cesz mie\u0107 z wid\u017cetem.<\/p><div class=\"faq\" data-component=\"FAQ\"><div class=\"faq-item\">\r\n\t\t\t\t\t<div class=\"faq-item-question\">\r\n\t\t\t\t\t\t<h3 class=\"faq-item-question-text\">Jak doda\u0107 opcj\u0119 Powr\u00f3t na g\u00f3r\u0119 do mojej witryny Google Sites bez umiej\u0119tno\u015bci kodowania?<\/h3>\r\n\r\n\t\t\t\t\t\t<div class=\"faq-item-question-icon\"><\/div>\r\n\t\t\t\t\t<\/div>\r\n\r\n\t\t\t\t\t<div class=\"faq-item-answer\">\r\n\t\t\t\t\t\t<div class=\"faq-item-answer-text\"> <p> Elfsight zapewnia rozwi\u0105zanie SaaS, kt\u00f3re umo\u017cliwia samodzielne utworzenie wid\u017cetu Powr\u00f3t na g\u00f3r\u0119. Przekonaj si\u0119, jak \u0142atwy jest ten proces: Pracuj bezpo\u015brednio w edytorze online, aby utworzy\u0107 wid\u017cet Powr\u00f3t na g\u00f3r\u0119, kt\u00f3ry chcesz widzie\u0107 w swojej witrynie Google Sites. Wybierz jeden z gotowych szablon\u00f3w i dostosuj ustawienia Powr\u00f3t na g\u00f3r\u0119, dodaj tre\u015b\u0107, zmie\u0144 uk\u0142ad i kolory bez umiej\u0119tno\u015bci kodowania. Zapisz Powr\u00f3t na g\u00f3r\u0119 i skopiuj jego kod instalacyjny, kt\u00f3ry mo\u017cesz \u0142atwo doda\u0107 do swojej witryny Google Sites bez konieczno\u015bci kupowania wersji p\u0142atnej. Dzi\u0119ki naszemu intuicyjnemu edytorowi ka\u017cdy u\u017cytkownik Internetu mo\u017ce utworzy\u0107 wid\u017cet Powr\u00f3t do g\u00f3ry online i \u0142atwo osadzi\u0107 go w swojej witrynie Google Sites. Aby uzyska\u0107 dost\u0119p do us\u0142ugi, nie trzeba p\u0142aci\u0107 ani wprowadza\u0107 danych uwierzytelniaj\u0105cych karty. Je\u015bli na kt\u00f3rymkolwiek etapie napotkasz jakiekolwiek problemy, skontaktuj si\u0119 z naszym zespo\u0142em pomocy technicznej.<\/p> <\/div>\r\n\t\t\t\t\t<\/div>\r\n\t\t\t\t<\/div> <\/div> <\/div><p><\/p>","protected":false},"excerpt":{"rendered":"","protected":false},"author":9,"featured_media":0,"parent":3417,"menu_order":0,"comment_status":"closed","ping_status":"closed","template":"templates\/template-application-platform.php","meta":{"publish_to_discourse":"","publish_post_category":"","wpdc_auto_publish_overridden":"","wpdc_topic_tags":"","wpdc_pin_topic":"","wpdc_pin_until":"","discourse_post_id":"","discourse_permalink":"","wpdc_publishing_response":"","wpdc_publishing_error":"","footnotes":""},"class_list":["post-4248","page","type-page","status-publish","hentry"],"yoast_head":"<!-- This site is optimized with the Yoast SEO plugin v25.3.1 - https:\/\/yoast.com\/wordpress\/plugins\/seo\/ -->\n<title>Powr\u00f3t do g\u00f3ry \u2014 Dodaj przycisk przewijania do g\u00f3ry do Witryn Google (bezp\u0142atny i szybki)<\/title>\n<meta name=\"description\" content=\"Szybko dodaj dost\u0119pny wid\u017cet Powr\u00f3t do g\u00f3ry w swoich Witrynach Google. Zastosuj nasze przydatne demo, aby utworzy\u0107 unikalny wid\u017cet przewijania w 1-2-3.\" \/>\n<meta name=\"robots\" content=\"index, follow, max-snippet:-1, max-image-preview:large, max-video-preview:-1\" \/>\n<link rel=\"canonical\" href=\"https:\/\/elfsight.com\/pl\/back-to-top-widget\/google-sites\/\" \/>\n<meta property=\"og:locale\" content=\"pl_PL\" \/>\n<meta property=\"og:type\" content=\"article\" \/>\n<meta property=\"og:title\" content=\"Powr\u00f3t do g\u00f3ry \u2014 Dodaj przycisk przewijania do g\u00f3ry do Witryn Google (bezp\u0142atny i szybki)\" \/>\n<meta property=\"og:description\" content=\"Szybko dodaj dost\u0119pny wid\u017cet Powr\u00f3t do g\u00f3ry w swoich Witrynach Google. Zastosuj nasze przydatne demo, aby utworzy\u0107 unikalny wid\u017cet przewijania w 1-2-3.\" \/>\n<meta property=\"og:url\" content=\"https:\/\/elfsight.com\/pl\/back-to-top-widget\/google-sites\/\" \/>\n<meta property=\"og:site_name\" content=\"Elfsight PL\" \/>\n<meta property=\"article:modified_time\" content=\"2024-11-14T08:53:21+00:00\" \/>\n<meta name=\"twitter:card\" content=\"summary_large_image\" \/>\n<meta name=\"twitter:label1\" content=\"Szacowany czas czytania\" \/>\n\t<meta name=\"twitter:data1\" content=\"3 minuty\" \/>\n<!-- \/ Yoast SEO plugin. -->","yoast_head_json":{"title":"Powr\u00f3t do g\u00f3ry \u2014 Dodaj przycisk przewijania do g\u00f3ry do Witryn Google (bezp\u0142atny i szybki)","description":"Szybko dodaj dost\u0119pny wid\u017cet Powr\u00f3t do g\u00f3ry w swoich Witrynach Google. Zastosuj nasze przydatne demo, aby utworzy\u0107 unikalny wid\u017cet przewijania w 1-2-3.","robots":{"index":"index","follow":"follow","max-snippet":"max-snippet:-1","max-image-preview":"max-image-preview:large","max-video-preview":"max-video-preview:-1"},"canonical":"https:\/\/elfsight.com\/pl\/back-to-top-widget\/google-sites\/","og_locale":"pl_PL","og_type":"article","og_title":"Powr\u00f3t do g\u00f3ry \u2014 Dodaj przycisk przewijania do g\u00f3ry do Witryn Google (bezp\u0142atny i szybki)","og_description":"Szybko dodaj dost\u0119pny wid\u017cet Powr\u00f3t do g\u00f3ry w swoich Witrynach Google. Zastosuj nasze przydatne demo, aby utworzy\u0107 unikalny wid\u017cet przewijania w 1-2-3.","og_url":"https:\/\/elfsight.com\/pl\/back-to-top-widget\/google-sites\/","og_site_name":"Elfsight PL","article_modified_time":"2024-11-14T08:53:21+00:00","twitter_card":"summary_large_image","twitter_misc":{"Szacowany czas czytania":"3 minuty"},"schema":{"@context":"https:\/\/schema.org","@graph":[{"@type":"WebPage","@id":"https:\/\/elfsight.com\/pl\/back-to-top-widget\/google-sites\/","url":"https:\/\/elfsight.com\/pl\/back-to-top-widget\/google-sites\/","name":"Powr\u00f3t do g\u00f3ry \u2014 Dodaj przycisk przewijania do g\u00f3ry do Witryn Google (bezp\u0142atny i szybki)","isPartOf":{"@id":"https:\/\/elfsight.com\/pl\/#website"},"datePublished":"2024-05-03T06:28:50+00:00","dateModified":"2024-11-14T08:53:21+00:00","description":"Szybko dodaj dost\u0119pny wid\u017cet Powr\u00f3t do g\u00f3ry w swoich Witrynach Google. Zastosuj nasze przydatne demo, aby utworzy\u0107 unikalny wid\u017cet przewijania w 1-2-3.","breadcrumb":{"@id":"https:\/\/elfsight.com\/pl\/back-to-top-widget\/google-sites\/#breadcrumb"},"inLanguage":"pl-PL","potentialAction":[{"@type":"ReadAction","target":["https:\/\/elfsight.com\/pl\/back-to-top-widget\/google-sites\/"]}]},{"@type":"BreadcrumbList","@id":"https:\/\/elfsight.com\/pl\/back-to-top-widget\/google-sites\/#breadcrumb","itemListElement":[{"@type":"ListItem","position":1,"name":"Home","item":"https:\/\/elfsight.com\/pl\/"},{"@type":"ListItem","position":2,"name":"Back to Top","item":"https:\/\/elfsight.com\/pl\/back-to-top-widget\/"},{"@type":"ListItem","position":3,"name":"Back to Top &#8211; Google Sites"}]},{"@type":"WebSite","@id":"https:\/\/elfsight.com\/pl\/#website","url":"https:\/\/elfsight.com\/pl\/","name":"Elfsight PL","description":"Just another Elfsight Sites site","potentialAction":[{"@type":"SearchAction","target":{"@type":"EntryPoint","urlTemplate":"https:\/\/elfsight.com\/pl\/?s={search_term_string}"},"query-input":{"@type":"PropertyValueSpecification","valueRequired":true,"valueName":"search_term_string"}}],"inLanguage":"pl-PL"}]}},"meta_box":{"industry":"","seo_heading":"","heading":"","description":"","cta_heading":"","cta_description":"","application":"3360","h1":"Przycisk powrotu do g\u00f3ry w Witrynach Google","h1_caption":"Dodaj prosty przycisk powrotu na g\u00f3r\u0119, poprawiaj\u0105c wygod\u0119 u\u017cytkownika, umo\u017cliwiaj\u0105c \u0142atw\u0105 nawigacj\u0119 z powrotem na g\u00f3r\u0119 strony do Witryn Google.","application_category":[],"applications_title":"","applications_request_title":"","applications_request_button_text":"","hero_text":"","hero_video":"","hero_video_schema_markup":"","selling_points_title":"","selling_points_caption":"","selling_points":[],"selling_points_cta_text":"","features_title":"","features":"","ed_cta_examples_text":"","ed_cta_examples_hidden":"","ed_cta_demo_text":"","ed_cta_demo_hidden":"","why_caption":"","why_editor_title":"","why_editor_text":"","why_team_title":"","why_team_text":"","why_service_title":"","why_service_text":"","template_catalog_visible":"","template_catalog_title":"","template_catalog_text":"","template_catalog_categories_visible":"","demo_title":"Utw\u00f3rz wid\u017cet Powr\u00f3t na g\u00f3r\u0119","demo_caption":"Skonfiguruj funkcj\u0119 Back to Top i dodaj j\u0105 do swojej witryny Google Sites za darmo!","default_faq_hidden":"","app_template_category":[],"platform":"484","template_public_id":"","codecanyon_url":"","codecanyon_item_id":"","codecanyon_price":"","pricing_caption":"","pricing_elfsight_apps_hide_column":"","pricing_elfsight_apps_url":"","pricing_codecanyon_price_caption":"","integration_category":[],"integration_request_title":"","integration_request_cta":"","integration_platform":"","integrations":[],"platform_category":[],"video_schema_markup":"","price":"od 0 USD \/ miesi\u0105c","trial":"","benefits":[{"text":"Bezp\u0142atna us\u0142uga monta\u017cu"},{"text":"Skuteczna obs\u0142uga klienta"},{"text":"14-dniowa gwarancja zwrotu pieni\u0119dzy"}],"button_url":"#demo","button_target_blank":"","button_nofollow":"","attributes":[{"name":"Instaluje"},{"name":"Czu\u0142y"},{"name":"Kompatybilne przegl\u0105darki"}],"tags":[],"tags_disable_links":"","hide_more_platforms":"","video_object":"","demo_hide_cta":"","demo_hide_cloud_options":"","pricing_title":"","pricing":[{"pricing_icon":"platform","pricing_title":"Elfsight Apps","pricing_title_caption":"Oprogramowanie niezale\u017cne od platformy","pricing_price":"od 0 USD \/ miesi\u0105c","pricing_price_caption":"zacznij od bezp\u0142atnego planu","pricing_benefits":[{"text":"Nielimitowane domeny"},{"text":"Profesjonalne i terminowe wsparcie"},{"text":"Bezp\u0142atna pomoc w instalacji"},{"text":"Specjalna oferta na wiele aplikacji"}],"pricing_button_text":"Dodaj do witryny","pricing_button_url":"#demo"}],"related_apps_title":"","related_apps_hidden":"","author":"","image":[],"title":"","job":"","social_networks":[]},"_links":{"self":[{"href":"https:\/\/elfsight.com\/pl\/wp-json\/wp\/v2\/pages\/4248","targetHints":{"allow":["GET"]}}],"collection":[{"href":"https:\/\/elfsight.com\/pl\/wp-json\/wp\/v2\/pages"}],"about":[{"href":"https:\/\/elfsight.com\/pl\/wp-json\/wp\/v2\/types\/page"}],"author":[{"embeddable":true,"href":"https:\/\/elfsight.com\/pl\/wp-json\/wp\/v2\/users\/9"}],"replies":[{"embeddable":true,"href":"https:\/\/elfsight.com\/pl\/wp-json\/wp\/v2\/comments?post=4248"}],"version-history":[{"count":1,"href":"https:\/\/elfsight.com\/pl\/wp-json\/wp\/v2\/pages\/4248\/revisions"}],"predecessor-version":[{"id":4252,"href":"https:\/\/elfsight.com\/pl\/wp-json\/wp\/v2\/pages\/4248\/revisions\/4252"}],"up":[{"embeddable":true,"href":"https:\/\/elfsight.com\/pl\/wp-json\/wp\/v2\/pages\/3417"}],"wp:attachment":[{"href":"https:\/\/elfsight.com\/pl\/wp-json\/wp\/v2\/media?parent=4248"}],"curies":[{"name":"wp","href":"https:\/\/api.w.org\/{rel}","templated":true}]}}