{"id":4247,"date":"2024-05-03T06:28:49","date_gmt":"2024-05-03T06:28:49","guid":{"rendered":"https:\/\/elfsight.com\/pl\/?page_id=4247"},"modified":"2024-10-25T12:00:19","modified_gmt":"2024-10-25T12:00:19","slug":"godaddy","status":"publish","type":"page","link":"https:\/\/elfsight.com\/pl\/back-to-top-widget\/godaddy\/","title":{"rendered":"Back to top &#8211; GoDaddy"},"content":{"rendered":"<div class=\"application-platform-content-item-description application-platform-content-item\" id=\"description\" data-nav-section=\"description\"> <h2>Umie\u015b\u0107 opcj\u0119 Powr\u00f3t na g\u00f3r\u0119 w serwisie GoDaddy za pomoc\u0105 wid\u017cetu Elfsight<\/h2> <p> Powr\u00f3t na g\u00f3r\u0119 to nieskomplikowana wtyczka do us\u0142ugi GoDaddy umo\u017cliwiaj\u0105ca u\u017cytkownikom natychmiastowe i p\u0142ynnie wr\u00f3\u0107 na g\u00f3r\u0119 strony internetowej po przewini\u0119ciu d\u0142ugich stron. Odwiedzaj\u0105cy Twoj\u0105 stron\u0119 internetow\u0105 nie b\u0119d\u0105 ju\u017c musieli szuka\u0107 klawisza Home i przesuwa\u0107 paska przewijania po stronie. Nasz przycisk Powr\u00f3t na g\u00f3r\u0119 mo\u017cna dostosowa\u0107 tak, jak najbardziej Ci odpowiada \u2014 ustawi\u0107 go jako kwadratowy lub okr\u0105g\u0142y, zmieni\u0107 jego kolor, rozmiar i ustawi\u0107 w dowolnym miejscu witryny, aby poprawi\u0107 wygod\u0119 u\u017cytkownika. Przycisk mo\u017ce by\u0107 wy\u015bwietlany na dowolnym typie urz\u0105dzenia \u2013 od telefonu kom\u00f3rkowego po komputer stacjonarny. <\/p> <p><b>U\u017cyj jeszcze jednej wygodnej wtyczki umo\u017cliwiaj\u0105cej powr\u00f3t do g\u00f3ry, aby zapewni\u0107 godny podziwu UX<\/b><\/p> <\/div> <div class=\"application-platform-content-item-features application-platform-content-item\" id=\"features\" data-nav-section=\"features\"> <h2>Oferujemy pot\u0119\u017cne mo\u017cliwo\u015bci i \u0142atwe funkcje, sprawd\u017a niekt\u00f3re z nich: <\/h2> <ul><li>Zmie\u0144 kolor przycisku<\/li><li>Zaimplementuj przycisk na: ka\u017cdej stronie, okre\u015blonej lub wykluczonej<\/li><li>Okre\u015bl kolor zwinno\u015b\u0107 przewijania<\/li><li>8 pozycji przycisk\u00f3w do wyboru<\/li><li>2 rodzaje przycisk\u00f3w \u2013 p\u0142ywaj\u0105ce lub osadzone<\/li><\/ul><p><a href=\"#demo\"> Sprawd\u017a wszystkie opcje dostosowywania w pe\u0142ni funkcjonalnej wersji demonstracyjnej<\/a><\/p> <\/div> <div class=\"application-platform-content-item-installation application-platform-content-item\" id=\"installation\" data-nav-section=\"installation\"> <h2>Jak doda\u0107 opcj\u0119 Powr\u00f3t na g\u00f3r\u0119 do mojej witryny GoDaddy? <\/h2> <p>Wystarczy zastosowa\u0107 si\u0119 do poni\u017cszych instrukcji, aby doda\u0107 wtyczk\u0119. <\/p> <ol><li><b>Uruchom nasz darmowy edytor i rozpocznij tworzenie niestandardowej wtyczki. <\/b><br> Okre\u015bl preferowany wygl\u0105d i parametry wtyczki i zastosuj modyfikacje. <\/li> <li><b>Ujawnij sw\u00f3j osobisty kod w specjalnym formularzu w aplikacjach Elfsight. <\/b><br> Po skonfigurowaniu osobistej wtyczki skopiuj osobisty kod w wy\u015bwietlonym oknie i zachowaj go na przysz\u0142o\u015b\u0107. <\/li> <li><b>Rozpocznij korzystanie z narz\u0119dzia na stronie g\u0142\u00f3wnej GoDaddy. <\/b><br> Wstaw skopiowany ostatnio kod na swoj\u0105 stron\u0119 g\u0142\u00f3wn\u0105 i zastosuj ulepszenia. <\/li> <li><b>Gotowe! Integracja zosta\u0142a pomy\u015blnie przeprowadzona. <\/b><br> Wejd\u017a na swoj\u0105 stron\u0119 i sprawd\u017a jak dzia\u0142a wtyczka. <\/li><\/ol> <p>Je\u015bli napotkasz jakie\u015b trudno\u015bci, nie wahaj si\u0119 zwr\u00f3ci\u0107 o pomoc do naszego zespo\u0142u obs\u0142ugi klienta. Nasi konsultanci ch\u0119tnie pomog\u0105 Ci we wszystkich pytaniach zwi\u0105zanych z wtyczk\u0105. <\/p> <div class=\"faq\" data-component=\"FAQ\"><div class=\"faq-item\">\r\n\t\t\t\t\t<div class=\"faq-item-question\">\r\n\t\t\t\t\t\t<h3 class=\"faq-item-question-text\">Jak doda\u0107 opcj\u0119 Powr\u00f3t na g\u00f3r\u0119 do mojej witryny GoDaddy bez umiej\u0119tno\u015bci kodowania?<\/h3>\r\n\r\n\t\t\t\t\t\t<div class=\"faq-item-question-icon\"><\/div>\r\n\t\t\t\t\t<\/div>\r\n\r\n\t\t\t\t\t<div class=\"faq-item-answer\">\r\n\t\t\t\t\t\t<div class=\"faq-item-answer-text\"> <p>Elfsight zapewnia rozwi\u0105zanie SaaS, kt\u00f3re umo\u017cliwia samodzielne utworzenie wid\u017cetu Powr\u00f3t na g\u00f3r\u0119. Zobacz, jakie to proste Proces jest nast\u0119puj\u0105cy: Pracuj bezpo\u015brednio w edytorze online, aby utworzy\u0107 wid\u017cet powrotu na g\u00f3r\u0119, kt\u00f3ry chcesz zobaczy\u0107 w swojej witrynie GoDaddy. Wybierz jeden z gotowych szablon\u00f3w i dostosuj ustawienia Powr\u00f3t na g\u00f3r\u0119, dodaj tre\u015b\u0107, zmie\u0144 uk\u0142ad i kolory bez umiej\u0119tno\u015bci kodowania. Zapisz Back to top i skopiuj jego kod instalacyjny, kt\u00f3ry mo\u017cesz \u0142atwo osadzi\u0107 na swojej stronie GoDaddy bez kupowania p\u0142atnego planu. Dzi\u0119ki naszemu intuicyjnemu edytorowi ka\u017cdy u\u017cytkownik Internetu mo\u017ce utworzy\u0107 wid\u017cet Powr\u00f3t na g\u00f3r\u0119 online i \u0142atwo osadzi\u0107 go na swojej stronie internetowej GoDaddy. Aby uzyska\u0107 dost\u0119p do us\u0142ugi, nie trzeba p\u0142aci\u0107 ani wprowadza\u0107 danych uwierzytelniaj\u0105cych karty. Je\u015bli na kt\u00f3rymkolwiek etapie napotkasz jakiekolwiek problemy, skontaktuj si\u0119 z naszym zespo\u0142em pomocy technicznej.<\/p> <\/div>\r\n\t\t\t\t\t<\/div>\r\n\t\t\t\t<\/div> <\/div><\/div>","protected":false},"excerpt":{"rendered":"","protected":false},"author":9,"featured_media":0,"parent":3417,"menu_order":0,"comment_status":"closed","ping_status":"closed","template":"templates\/template-application-platform.php","meta":{"publish_to_discourse":"","publish_post_category":"","wpdc_auto_publish_overridden":"","wpdc_topic_tags":"","wpdc_pin_topic":"","wpdc_pin_until":"","discourse_post_id":"","discourse_permalink":"","wpdc_publishing_response":"","wpdc_publishing_error":"","footnotes":""},"class_list":["post-4247","page","type-page","status-publish","hentry"],"yoast_head":"<!-- This site is optimized with the Yoast SEO plugin v25.3.1 - https:\/\/yoast.com\/wordpress\/plugins\/seo\/ -->\n<title>Powr\u00f3t na g\u00f3r\u0119 \u2014 dodaj wtyczk\u0119 Back to Top do witryny GoDaddy!<\/title>\n<meta name=\"description\" content=\"Szybko zaimplementuj responsywn\u0105 wtyczk\u0119 Back to Top na swojej stronie internetowej GoDaddy. Skorzystaj z naszego przydatnego demo, aby zbudowa\u0107 swoj\u0105 unikaln\u0105 wtyczk\u0119!\" \/>\n<meta name=\"robots\" content=\"index, follow, max-snippet:-1, max-image-preview:large, max-video-preview:-1\" \/>\n<link rel=\"canonical\" href=\"https:\/\/elfsight.com\/pl\/back-to-top-widget\/godaddy\/\" \/>\n<meta property=\"og:locale\" content=\"pl_PL\" \/>\n<meta property=\"og:type\" content=\"article\" \/>\n<meta property=\"og:title\" content=\"Powr\u00f3t na g\u00f3r\u0119 \u2014 dodaj wtyczk\u0119 Back to Top do witryny GoDaddy!\" \/>\n<meta property=\"og:description\" content=\"Szybko zaimplementuj responsywn\u0105 wtyczk\u0119 Back to Top na swojej stronie internetowej GoDaddy. Skorzystaj z naszego przydatnego demo, aby zbudowa\u0107 swoj\u0105 unikaln\u0105 wtyczk\u0119!\" \/>\n<meta property=\"og:url\" content=\"https:\/\/elfsight.com\/pl\/back-to-top-widget\/godaddy\/\" \/>\n<meta property=\"og:site_name\" content=\"Elfsight PL\" \/>\n<meta property=\"article:modified_time\" content=\"2024-10-25T12:00:19+00:00\" \/>\n<meta name=\"twitter:card\" content=\"summary_large_image\" \/>\n<meta name=\"twitter:label1\" content=\"Szacowany czas czytania\" \/>\n\t<meta name=\"twitter:data1\" content=\"3 minuty\" \/>\n<!-- \/ Yoast SEO plugin. -->","yoast_head_json":{"title":"Powr\u00f3t na g\u00f3r\u0119 \u2014 dodaj wtyczk\u0119 Back to Top do witryny GoDaddy!","description":"Szybko zaimplementuj responsywn\u0105 wtyczk\u0119 Back to Top na swojej stronie internetowej GoDaddy. Skorzystaj z naszego przydatnego demo, aby zbudowa\u0107 swoj\u0105 unikaln\u0105 wtyczk\u0119!","robots":{"index":"index","follow":"follow","max-snippet":"max-snippet:-1","max-image-preview":"max-image-preview:large","max-video-preview":"max-video-preview:-1"},"canonical":"https:\/\/elfsight.com\/pl\/back-to-top-widget\/godaddy\/","og_locale":"pl_PL","og_type":"article","og_title":"Powr\u00f3t na g\u00f3r\u0119 \u2014 dodaj wtyczk\u0119 Back to Top do witryny GoDaddy!","og_description":"Szybko zaimplementuj responsywn\u0105 wtyczk\u0119 Back to Top na swojej stronie internetowej GoDaddy. Skorzystaj z naszego przydatnego demo, aby zbudowa\u0107 swoj\u0105 unikaln\u0105 wtyczk\u0119!","og_url":"https:\/\/elfsight.com\/pl\/back-to-top-widget\/godaddy\/","og_site_name":"Elfsight PL","article_modified_time":"2024-10-25T12:00:19+00:00","twitter_card":"summary_large_image","twitter_misc":{"Szacowany czas czytania":"3 minuty"},"schema":{"@context":"https:\/\/schema.org","@graph":[{"@type":"WebPage","@id":"https:\/\/elfsight.com\/pl\/back-to-top-widget\/godaddy\/","url":"https:\/\/elfsight.com\/pl\/back-to-top-widget\/godaddy\/","name":"Powr\u00f3t na g\u00f3r\u0119 \u2014 dodaj wtyczk\u0119 Back to Top do witryny GoDaddy!","isPartOf":{"@id":"https:\/\/elfsight.com\/pl\/#website"},"datePublished":"2024-05-03T06:28:49+00:00","dateModified":"2024-10-25T12:00:19+00:00","description":"Szybko zaimplementuj responsywn\u0105 wtyczk\u0119 Back to Top na swojej stronie internetowej GoDaddy. Skorzystaj z naszego przydatnego demo, aby zbudowa\u0107 swoj\u0105 unikaln\u0105 wtyczk\u0119!","breadcrumb":{"@id":"https:\/\/elfsight.com\/pl\/back-to-top-widget\/godaddy\/#breadcrumb"},"inLanguage":"pl-PL","potentialAction":[{"@type":"ReadAction","target":["https:\/\/elfsight.com\/pl\/back-to-top-widget\/godaddy\/"]}]},{"@type":"BreadcrumbList","@id":"https:\/\/elfsight.com\/pl\/back-to-top-widget\/godaddy\/#breadcrumb","itemListElement":[{"@type":"ListItem","position":1,"name":"Home","item":"https:\/\/elfsight.com\/pl\/"},{"@type":"ListItem","position":2,"name":"Back to Top","item":"https:\/\/elfsight.com\/pl\/back-to-top-widget\/"},{"@type":"ListItem","position":3,"name":"Back to top &#8211; GoDaddy"}]},{"@type":"WebSite","@id":"https:\/\/elfsight.com\/pl\/#website","url":"https:\/\/elfsight.com\/pl\/","name":"Elfsight PL","description":"Just another Elfsight Sites site","potentialAction":[{"@type":"SearchAction","target":{"@type":"EntryPoint","urlTemplate":"https:\/\/elfsight.com\/pl\/?s={search_term_string}"},"query-input":{"@type":"PropertyValueSpecification","valueRequired":true,"valueName":"search_term_string"}}],"inLanguage":"pl-PL"}]}},"meta_box":{"industry":"","seo_heading":"","heading":"","description":"","cta_heading":"","cta_description":"","application":"3360","h1":"Wtyczka GoDaddy Powr\u00f3t na g\u00f3r\u0119","h1_caption":"Dodaj prosty przycisk powrotu na g\u00f3r\u0119, poprawiaj\u0105c wygod\u0119 u\u017cytkownika, umo\u017cliwiaj\u0105c \u0142atw\u0105 nawigacj\u0119 z powrotem na g\u00f3r\u0119 strony do witryny GoDaddy.","application_category":[],"applications_title":"","applications_request_title":"","applications_request_button_text":"","hero_text":"","hero_video":"","hero_video_schema_markup":"","selling_points_title":"","selling_points_caption":"","selling_points":[],"selling_points_cta_text":"","features_title":"","features":"","ed_cta_examples_text":"","ed_cta_examples_hidden":"","ed_cta_demo_text":"","ed_cta_demo_hidden":"","why_caption":"","why_editor_title":"","why_editor_text":"","why_team_title":"","why_team_text":"","why_service_title":"","why_service_text":"","template_catalog_visible":"","template_catalog_title":"","template_catalog_text":"","template_catalog_categories_visible":"","demo_title":"\u015amia\u0142o, utw\u00f3rz niestandardowy GoDaddy. Powr\u00f3t do g\u00f3ry","demo_caption":"Dostosuj go i wstaw narz\u0119dzie na swoj\u0105 stron\u0119 internetow\u0105 za pomoc\u0105 demonstracji na \u017cywo.","default_faq_hidden":"","app_template_category":[],"platform":"180","template_public_id":"","codecanyon_url":"","codecanyon_item_id":"","codecanyon_price":"","pricing_caption":"","pricing_elfsight_apps_hide_column":"","pricing_elfsight_apps_url":"","pricing_codecanyon_price_caption":"","integration_category":[],"integration_request_title":"","integration_request_cta":"","integration_platform":"","integrations":[],"platform_category":[],"video_schema_markup":"","price":"od 0 USD \/ miesi\u0105c","trial":"","benefits":[{"text":"Bezp\u0142atna pomoc w monta\u017cu"},{"text":"Skuteczna obs\u0142uga klienta"},{"text":"14-dniowa gwarancja zwrotu pieni\u0119dzy"}],"button_url":"#demo","button_target_blank":"","button_nofollow":"","attributes":[{"name":"Instaluje"},{"name":"Czu\u0142y"},{"name":"Kompatybilne przegl\u0105darki"}],"tags":[],"tags_disable_links":"","hide_more_platforms":"","video_object":"","demo_hide_cta":"","demo_hide_cloud_options":"","pricing_title":"","pricing":[{"pricing_icon":"platform","pricing_title":"Elfsight Apps","pricing_title_caption":"Niezale\u017cne od platformy rozwi\u0105zanie cyfrowe, kt\u00f3re pasuje do ka\u017cdej witryny","pricing_price":"od 0 USD \/ miesi\u0105c","pricing_price_caption":"zacznij od bezp\u0142atnego planu","pricing_benefits":[{"text":"Nielimitowane strony internetowe"},{"text":"Wsparcie premium, terminowe i dobrze udokumentowane"},{"text":"Bezp\u0142atna pomoc w monta\u017cu"},{"text":"Elastyczny projekt"}],"pricing_button_text":"Dodaj do witryny","pricing_button_url":"#demo"}],"related_apps_title":"","related_apps_hidden":"","author":"","image":[],"title":"","job":"","social_networks":[]},"_links":{"self":[{"href":"https:\/\/elfsight.com\/pl\/wp-json\/wp\/v2\/pages\/4247","targetHints":{"allow":["GET"]}}],"collection":[{"href":"https:\/\/elfsight.com\/pl\/wp-json\/wp\/v2\/pages"}],"about":[{"href":"https:\/\/elfsight.com\/pl\/wp-json\/wp\/v2\/types\/page"}],"author":[{"embeddable":true,"href":"https:\/\/elfsight.com\/pl\/wp-json\/wp\/v2\/users\/9"}],"replies":[{"embeddable":true,"href":"https:\/\/elfsight.com\/pl\/wp-json\/wp\/v2\/comments?post=4247"}],"version-history":[{"count":1,"href":"https:\/\/elfsight.com\/pl\/wp-json\/wp\/v2\/pages\/4247\/revisions"}],"predecessor-version":[{"id":4251,"href":"https:\/\/elfsight.com\/pl\/wp-json\/wp\/v2\/pages\/4247\/revisions\/4251"}],"up":[{"embeddable":true,"href":"https:\/\/elfsight.com\/pl\/wp-json\/wp\/v2\/pages\/3417"}],"wp:attachment":[{"href":"https:\/\/elfsight.com\/pl\/wp-json\/wp\/v2\/media?parent=4247"}],"curies":[{"name":"wp","href":"https:\/\/api.w.org\/{rel}","templated":true}]}}