{"id":4246,"date":"2024-05-03T06:28:48","date_gmt":"2024-05-03T06:28:48","guid":{"rendered":"https:\/\/elfsight.com\/pl\/?page_id=4246"},"modified":"2024-10-25T11:59:51","modified_gmt":"2024-10-25T11:59:51","slug":"prestashop","status":"publish","type":"page","link":"https:\/\/elfsight.com\/pl\/back-to-top-widget\/prestashop\/","title":{"rendered":"Back to Top &#8211; PrestaShop"},"content":{"rendered":"<div class=\"application-platform-content-item-description application-platform-content-item\" id=\"description\" data-nav-section=\"description\"> <h2>Opis<\/h2> <p> Back to Top to nieskomplikowane narz\u0119dzie, kt\u00f3re pozwala u\u017cytkownikom szybko i bezproblemowo wr\u00f3ci\u0107 na g\u00f3r\u0119 Twojej sieci stron\u0119 po przewini\u0119ciu d\u0142ugich stron. Odbiorcy Twojej strony internetowej nie b\u0119d\u0105 ju\u017c musieli szuka\u0107 klawisza Home i przesuwa\u0107 paska przewijania po ca\u0142ej stronie. Wid\u017cet Powr\u00f3t na g\u00f3r\u0119 mo\u017cna dostosowa\u0107 wed\u0142ug w\u0142asnych potrzeb &#8211; ustawi\u0107 go w kszta\u0142cie kwadratu lub zaokr\u0105glenia, zmieni\u0107 jego kolor, rozmiar i umie\u015bci\u0107 w dowolnym miejscu witryny, aby poprawi\u0107 UX. Przycisk mo\u017ce by\u0107 wy\u015bwietlany na dowolnym typie urz\u0105dzenia \u2013 od smartfona po komputer stacjonarny. <\/p><p><b>Uczy\u0144 swoj\u0105 witryn\u0119 skuteczniejsz\u0105 w zadaniach biznesowych dzi\u0119ki funkcji Back to Top<\/b><\/p> <\/div> <div class=\"application-platform-content-item-features application-platform-content-item\" id=\"features\" data-nav-section=\"features\"> <h2>Oferta podstawowych funkcji widgetu <\/h2> <ul><li>Dodaj przycisk na: wybranych lub wykluczonych, wszystkich stronach<\/li><li>Ustaw pr\u0119dko\u015b\u0107 przewijania<\/li><li>Dost\u0119pnych 8 pozycji przycisk\u00f3w<\/li><li>2 typy przycisk\u00f3w \u2013 p\u0142ywaj\u0105ce lub osadzone<\/li><li>Ustaw przesuni\u0119cie w pikselach<\/li><li>Dost\u0119pne trzy rozmiary \u2013 \u015bredni, ma\u0142y i du\u017cy<\/li><li>Ponowne kolorowanie tekstu i przycisku<\/li><li>Ponowne kolorowanie tekstu i przycisku<\/li><li>Wybierz jeden z trzech kszta\u0142t\u00f3w przycisk\u00f3w<\/li><li>Dwa uk\u0142ady: pionowy i poziomy<\/li><\/ul><p><a href=\"#demo\">Mo\u017cesz sprawdzi\u0107 pe\u0142ny funkcjonalno\u015b\u0107 wid\u017cetu w wersji demonstracyjnej tutaj<\/a><\/p> <\/div> <div class=\"application-platform-content-item-installation application-platform-content-item\" id=\"installation\" data-nav-section=\"installation\"> <h2>Jak osadzi\u0107 opcj\u0119 Back to Top na mojej witrynie PrestaShop? <\/h2> <p>Wystarczy wykona\u0107 kilka krok\u00f3w opisanych poni\u017cej, aby aktywowa\u0107 dodatek. <\/p> <ol><li><b>Skorzystaj z naszego bezp\u0142atnego konfiguratora i zacznij tworzy\u0107 w\u0142asny dodatek. <\/b><br> Znajd\u017a odpowiedni uk\u0142ad i aspekty dodatku i zastosuj modyfikacje. <\/li> <li><b>Wy\u015bwietl sw\u00f3j unikalny kod w specjalnym formularzu w aplikacjach Elfsight. <\/b><br> Po zako\u0144czeniu tworzenia osobistego dodatku skopiuj ekskluzywny kod z wy\u015bwietlonego okna i zapisz go do p\u00f3\u017aniejszego wykorzystania. <\/li> <li><b>Zacznij korzysta\u0107 z narz\u0119dzia na swojej stronie internetowej PrestaShop. <\/b><br> Dodaj ostatnio zapisany kod do swojej strony g\u0142\u00f3wnej i zastosuj zmiany. <\/li> <li><b>Konfiguracja zosta\u0142a w pe\u0142ni przeprowadzona. <\/b><br> Przejd\u017a na swoj\u0105 stron\u0119, aby sprawdzi\u0107 dzia\u0142anie dodatku. <\/li><\/ol> <p>Je\u015bli masz pytania lub napotykasz trudno\u015bci, skontaktuj si\u0119 z naszym zespo\u0142em obs\u0142ugi klienta. Nasi ludzie z przyjemno\u015bci\u0105 rozwi\u0105\u017c\u0105 wszystkie problemy, jakie mo\u017cesz mie\u0107 z tym narz\u0119dziem. <\/p> <div class=\"faq\" data-component=\"FAQ\"><div class=\"faq-item\">\r\n\t\t\t\t\t<div class=\"faq-item-question\">\r\n\t\t\t\t\t\t<h3 class=\"faq-item-question-text\">Jak mog\u0119 doda\u0107 Powr\u00f3t na g\u00f3r\u0119 do mojej witryny PrestaShop bez umiej\u0119tno\u015bci kodowania?<\/h3>\r\n\r\n\t\t\t\t\t\t<div class=\"faq-item-question-icon\"><\/div>\r\n\t\t\t\t\t<\/div>\r\n\r\n\t\t\t\t\t<div class=\"faq-item-answer\">\r\n\t\t\t\t\t\t<div class=\"faq-item-answer-text\"> <p>Elfsight zapewnia rozwi\u0105zanie SaaS, kt\u00f3re pozwala Ci samodzielnie utworzy\u0107 wid\u017cet Powr\u00f3t na g\u00f3r\u0119, zobacz jak prosty proces jest nast\u0119puj\u0105cy: Pracuj bezpo\u015brednio w edytorze online, aby utworzy\u0107 wid\u017cet powrotu na g\u00f3r\u0119, kt\u00f3ry chcia\u0142by\u015b zobaczy\u0107 na swojej stronie PrestaShop. Wybierz jeden z gotowych szablon\u00f3w i dostosuj ustawienia Powr\u00f3t na g\u00f3r\u0119, dodaj tre\u015b\u0107, zmie\u0144 uk\u0142ad i kolory bez umiej\u0119tno\u015bci kodowania. Zapisz Back to top i skopiuj jego kod instalacyjny, kt\u00f3ry mo\u017cesz \u0142atwo doda\u0107 na swojej stronie PrestaShop bez konieczno\u015bci zakupu wersji p\u0142atnej. Dzi\u0119ki naszemu intuicyjnemu edytorowi ka\u017cdy u\u017cytkownik Internetu mo\u017ce stworzy\u0107 wid\u017cet Powr\u00f3t na g\u00f3r\u0119 online i \u0142atwo osadzi\u0107 go na swojej stronie PrestaShop. Aby uzyska\u0107 dost\u0119p do us\u0142ugi, nie trzeba p\u0142aci\u0107 ani wprowadza\u0107 danych uwierzytelniaj\u0105cych karty. Je\u015bli na kt\u00f3rymkolwiek etapie napotkasz jakiekolwiek problemy, skontaktuj si\u0119 z naszym zespo\u0142em pomocy technicznej.<\/p> <\/div>\r\n\t\t\t\t\t<\/div>\r\n\t\t\t\t<\/div> <\/div><\/div>","protected":false},"excerpt":{"rendered":"","protected":false},"author":9,"featured_media":0,"parent":3417,"menu_order":0,"comment_status":"closed","ping_status":"closed","template":"templates\/template-application-platform.php","meta":{"publish_to_discourse":"","publish_post_category":"","wpdc_auto_publish_overridden":"","wpdc_topic_tags":"","wpdc_pin_topic":"","wpdc_pin_until":"","discourse_post_id":"","discourse_permalink":"","wpdc_publishing_response":"","wpdc_publishing_error":"","footnotes":""},"class_list":["post-4246","page","type-page","status-publish","hentry"],"yoast_head":"<!-- This site is optimized with the Yoast SEO plugin v25.3.1 - https:\/\/yoast.com\/wordpress\/plugins\/seo\/ -->\n<title>Powr\u00f3t do g\u00f3ry \u2014 Dodaj przycisk Przewi\u0144 do g\u00f3ry do PrestaShop (bezp\u0142atny i szybki)<\/title>\n<meta name=\"description\" content=\"Zaimplementuj responsywny wid\u017cet Back to Top na swojej stronie PrestaShop. Skorzystaj z naszego aktywnego demo, aby za pomoc\u0105 kilku klikni\u0119\u0107 ukszta\u0142towa\u0107 swoje unikalne narz\u0119dzie.\" \/>\n<meta name=\"robots\" content=\"index, follow, max-snippet:-1, max-image-preview:large, max-video-preview:-1\" \/>\n<link rel=\"canonical\" href=\"https:\/\/elfsight.com\/pl\/back-to-top-widget\/prestashop\/\" \/>\n<meta property=\"og:locale\" content=\"pl_PL\" \/>\n<meta property=\"og:type\" content=\"article\" \/>\n<meta property=\"og:title\" content=\"Powr\u00f3t do g\u00f3ry \u2014 Dodaj przycisk Przewi\u0144 do g\u00f3ry do PrestaShop (bezp\u0142atny i szybki)\" \/>\n<meta property=\"og:description\" content=\"Zaimplementuj responsywny wid\u017cet Back to Top na swojej stronie PrestaShop. Skorzystaj z naszego aktywnego demo, aby za pomoc\u0105 kilku klikni\u0119\u0107 ukszta\u0142towa\u0107 swoje unikalne narz\u0119dzie.\" \/>\n<meta property=\"og:url\" content=\"https:\/\/elfsight.com\/pl\/back-to-top-widget\/prestashop\/\" \/>\n<meta property=\"og:site_name\" content=\"Elfsight PL\" \/>\n<meta property=\"article:modified_time\" content=\"2024-10-25T11:59:51+00:00\" \/>\n<meta name=\"twitter:card\" content=\"summary_large_image\" \/>\n<meta name=\"twitter:label1\" content=\"Szacowany czas czytania\" \/>\n\t<meta name=\"twitter:data1\" content=\"3 minuty\" \/>\n<!-- \/ Yoast SEO plugin. -->","yoast_head_json":{"title":"Powr\u00f3t do g\u00f3ry \u2014 Dodaj przycisk Przewi\u0144 do g\u00f3ry do PrestaShop (bezp\u0142atny i szybki)","description":"Zaimplementuj responsywny wid\u017cet Back to Top na swojej stronie PrestaShop. Skorzystaj z naszego aktywnego demo, aby za pomoc\u0105 kilku klikni\u0119\u0107 ukszta\u0142towa\u0107 swoje unikalne narz\u0119dzie.","robots":{"index":"index","follow":"follow","max-snippet":"max-snippet:-1","max-image-preview":"max-image-preview:large","max-video-preview":"max-video-preview:-1"},"canonical":"https:\/\/elfsight.com\/pl\/back-to-top-widget\/prestashop\/","og_locale":"pl_PL","og_type":"article","og_title":"Powr\u00f3t do g\u00f3ry \u2014 Dodaj przycisk Przewi\u0144 do g\u00f3ry do PrestaShop (bezp\u0142atny i szybki)","og_description":"Zaimplementuj responsywny wid\u017cet Back to Top na swojej stronie PrestaShop. Skorzystaj z naszego aktywnego demo, aby za pomoc\u0105 kilku klikni\u0119\u0107 ukszta\u0142towa\u0107 swoje unikalne narz\u0119dzie.","og_url":"https:\/\/elfsight.com\/pl\/back-to-top-widget\/prestashop\/","og_site_name":"Elfsight PL","article_modified_time":"2024-10-25T11:59:51+00:00","twitter_card":"summary_large_image","twitter_misc":{"Szacowany czas czytania":"3 minuty"},"schema":{"@context":"https:\/\/schema.org","@graph":[{"@type":"WebPage","@id":"https:\/\/elfsight.com\/pl\/back-to-top-widget\/prestashop\/","url":"https:\/\/elfsight.com\/pl\/back-to-top-widget\/prestashop\/","name":"Powr\u00f3t do g\u00f3ry \u2014 Dodaj przycisk Przewi\u0144 do g\u00f3ry do PrestaShop (bezp\u0142atny i szybki)","isPartOf":{"@id":"https:\/\/elfsight.com\/pl\/#website"},"datePublished":"2024-05-03T06:28:48+00:00","dateModified":"2024-10-25T11:59:51+00:00","description":"Zaimplementuj responsywny wid\u017cet Back to Top na swojej stronie PrestaShop. Skorzystaj z naszego aktywnego demo, aby za pomoc\u0105 kilku klikni\u0119\u0107 ukszta\u0142towa\u0107 swoje unikalne narz\u0119dzie.","breadcrumb":{"@id":"https:\/\/elfsight.com\/pl\/back-to-top-widget\/prestashop\/#breadcrumb"},"inLanguage":"pl-PL","potentialAction":[{"@type":"ReadAction","target":["https:\/\/elfsight.com\/pl\/back-to-top-widget\/prestashop\/"]}]},{"@type":"BreadcrumbList","@id":"https:\/\/elfsight.com\/pl\/back-to-top-widget\/prestashop\/#breadcrumb","itemListElement":[{"@type":"ListItem","position":1,"name":"Home","item":"https:\/\/elfsight.com\/pl\/"},{"@type":"ListItem","position":2,"name":"Back to Top","item":"https:\/\/elfsight.com\/pl\/back-to-top-widget\/"},{"@type":"ListItem","position":3,"name":"Back to Top &#8211; PrestaShop"}]},{"@type":"WebSite","@id":"https:\/\/elfsight.com\/pl\/#website","url":"https:\/\/elfsight.com\/pl\/","name":"Elfsight PL","description":"Just another Elfsight Sites site","potentialAction":[{"@type":"SearchAction","target":{"@type":"EntryPoint","urlTemplate":"https:\/\/elfsight.com\/pl\/?s={search_term_string}"},"query-input":{"@type":"PropertyValueSpecification","valueRequired":true,"valueName":"search_term_string"}}],"inLanguage":"pl-PL"}]}},"meta_box":{"industry":"","seo_heading":"","heading":"","description":"","cta_heading":"","cta_description":"","application":"3360","h1":"PrestaShop Powr\u00f3t na g\u00f3r\u0119 Dodatek","h1_caption":"Dodaj prosty przycisk powrotu na g\u00f3r\u0119, poprawiaj\u0105c wygod\u0119 u\u017cytkownika, umo\u017cliwiaj\u0105c \u0142atw\u0105 nawigacj\u0119 z powrotem na g\u00f3r\u0119 strony do witryny Prestashop.","application_category":[],"applications_title":"","applications_request_title":"","applications_request_button_text":"","hero_text":"","hero_video":"","hero_video_schema_markup":"","selling_points_title":"","selling_points_caption":"","selling_points":[],"selling_points_cta_text":"","features_title":"","features":"","ed_cta_examples_text":"","ed_cta_examples_hidden":"","ed_cta_demo_text":"","ed_cta_demo_hidden":"","why_caption":"","why_editor_title":"","why_editor_text":"","why_team_title":"","why_team_text":"","why_service_title":"","why_service_text":"","template_catalog_visible":"","template_catalog_title":"","template_catalog_text":"","template_catalog_categories_visible":"","demo_title":"Pospiesz si\u0119, aby ukszta\u0142towa\u0107 spersonalizowany przycisk Powr\u00f3t do g\u00f3ry w PrestaShop","demo_caption":"Dostosuj go i zaimplementuj narz\u0119dzie na swojej stronie, korzystaj\u0105c z wersji demonstracyjnej na \u017cywo","default_faq_hidden":"","app_template_category":[],"platform":"586","template_public_id":"","codecanyon_url":"","codecanyon_item_id":"","codecanyon_price":"","pricing_caption":"","pricing_elfsight_apps_hide_column":"","pricing_elfsight_apps_url":"","pricing_codecanyon_price_caption":"","integration_category":[],"integration_request_title":"","integration_request_cta":"","integration_platform":"","integrations":[],"platform_category":[],"video_schema_markup":"","price":"od 0 USD \/ miesi\u0105c","trial":"","benefits":[{"text":"Bezp\u0142atna pomoc w instalacji"},{"text":"Kompetentna obs\u0142uga klienta"},{"text":"14-dniowa gwarancja zwrotu pieni\u0119dzy"}],"button_url":"#demo","button_target_blank":"","button_nofollow":"","attributes":[{"name":"Instaluje"},{"name":"Czu\u0142y"},{"name":"Kompatybilne przegl\u0105darki"}],"tags":[],"tags_disable_links":"","hide_more_platforms":"","video_object":"","demo_hide_cta":"","demo_hide_cloud_options":"","pricing_title":"","pricing":[{"pricing_icon":"platform","pricing_title":"Elfsight Apps","pricing_title_caption":"Oprogramowanie wieloplatformowe","pricing_price":"od 0 USD \/ miesi\u0105c","pricing_price_caption":"zacznij od bezp\u0142atnego planu","pricing_benefits":[{"text":"Nielimitowane domeny"},{"text":"Profesjonalna obs\u0142uga klienta"},{"text":"Bezp\u0142atna pomoc w instalacji"},{"text":"W pe\u0142ni konfigurowalny"}],"pricing_button_text":"Dodaj do witryny","pricing_button_url":"#demo"}],"related_apps_title":"","related_apps_hidden":"","author":"","image":[],"title":"","job":"","social_networks":[]},"_links":{"self":[{"href":"https:\/\/elfsight.com\/pl\/wp-json\/wp\/v2\/pages\/4246","targetHints":{"allow":["GET"]}}],"collection":[{"href":"https:\/\/elfsight.com\/pl\/wp-json\/wp\/v2\/pages"}],"about":[{"href":"https:\/\/elfsight.com\/pl\/wp-json\/wp\/v2\/types\/page"}],"author":[{"embeddable":true,"href":"https:\/\/elfsight.com\/pl\/wp-json\/wp\/v2\/users\/9"}],"replies":[{"embeddable":true,"href":"https:\/\/elfsight.com\/pl\/wp-json\/wp\/v2\/comments?post=4246"}],"version-history":[{"count":1,"href":"https:\/\/elfsight.com\/pl\/wp-json\/wp\/v2\/pages\/4246\/revisions"}],"predecessor-version":[{"id":4250,"href":"https:\/\/elfsight.com\/pl\/wp-json\/wp\/v2\/pages\/4246\/revisions\/4250"}],"up":[{"embeddable":true,"href":"https:\/\/elfsight.com\/pl\/wp-json\/wp\/v2\/pages\/3417"}],"wp:attachment":[{"href":"https:\/\/elfsight.com\/pl\/wp-json\/wp\/v2\/media?parent=4246"}],"curies":[{"name":"wp","href":"https:\/\/api.w.org\/{rel}","templated":true}]}}