{"id":4240,"date":"2024-05-03T06:28:46","date_gmt":"2024-05-03T06:28:46","guid":{"rendered":"https:\/\/elfsight.com\/pl\/?page_id=4240"},"modified":"2025-06-23T08:33:05","modified_gmt":"2025-06-23T08:33:05","slug":"blogger","status":"publish","type":"page","link":"https:\/\/elfsight.com\/pl\/audio-player-widget\/blogger\/","title":{"rendered":"Audio Player &#8211; Blogger"},"content":{"rendered":"<div class=\"application-platform-content-item-description application-platform-content-item\" id=\"description\" data-nav-section=\"description\">\n<h2>Opis<\/h2>\n<p>Elfsight Audio Player to prosty widget dla witryn Bloggera, umo\u017cliwiaj\u0105cy strumieniowe przesy\u0142anie \u015bcie\u017cek audio bezpo\u015brednio na Twoj\u0105 stron\u0119. Narz\u0119dzie jest niezwykle konfigurowalne: mo\u017cesz zmienia\u0107 jego po\u0142o\u017cenie, umieszcza\u0107 je w dowolnym miejscu strony, skalowa\u0107 jego rozmiar, nak\u0142ada\u0107 na t\u0142o i wszystkie inne cz\u0119\u015bci, aby po\u0142\u0105czy\u0107 je z projektem witryny, u\u017cywa\u0107 ciemnego motywu, wy\u015bwietla\u0107 obrazy i wy\u015bwietla\u0107 lub ukry\u0107 4 inne szczeg\u00f3\u0142y gracza, takie jak pasek post\u0119pu, nag\u0142\u00f3wek i inne. Do\u0142\u0105cz tyle utwor\u00f3w, ile chcesz, aby zachwyci\u0107 u\u017cytkownik\u00f3w, w\u0142\u0105cz opcj\u0119 autoodtwarzania i nie wahaj si\u0119 \u2013 odwiedzaj\u0105cy nie opuszcz\u0105 Twojej strony w po\u015bpiechu!<\/p>\n<p>Wykorzystaj to, co najlepsze, wid\u017cet Elfsight Music pozwalaj\u0105cy efektywniej osi\u0105ga\u0107 cele e-commerce!<\/p>\n<\/div>\n\n<div class=\"application-platform-content-item-features application-platform-content-item\" id=\"features\" data-nav-section=\"features\">\n<h2>To tylko kilka cennych funkcji widgetu:<\/h2>\n<ul>\n    <li>Liczne warianty kolorystyczne;<\/li>\n    <li>Motyw ciemnej\/jasnej kolorystyki;<\/li>\n    <li>Responsywny projekt;<\/li>\n    <li>Dwa uk\u0142ady gotowe do u\u017cycia;<\/li>\n    <li>Mo\u017cliwo\u015b\u0107 dodania obrazu t\u0142a.<\/li>\n<\/ul>\n<p><a href=\"#demo\">Pe\u0142ne mo\u017cliwo\u015bci wid\u017cetu mo\u017cesz sprawdzi\u0107 w wersji demonstracyjnej na tej stronie<\/a><\/p>\n<\/div>\n\n<div class=\"application-platform-content-item-installation application-platform-content-item\" id=\"installation\" data-nav-section=\"installation\">\n<h2>Jak mog\u0119 doda\u0107 odtwarzacz muzyczny Elfsight do mojej witryny Bloggera?<\/h2>\n<div class=\"video-container\"><iframe width=\"720\" height=\"405\" src=\"https:\/\/www.youtube.com\/embed\/ZZxJiM2rCf4\" frameborder=\"0\" allowfullscreen=\"\"><\/iframe><\/div>\n<p>Wystarczy wykona\u0107 kilka krok\u00f3w opisanych poni\u017cej, aby osadzi\u0107 wid\u017cet.<\/p>\n<ol>\n    <li>Skorzystaj z naszej bezp\u0142atnej wersji demonstracyjnej i zacznij tworzy\u0107 spersonalizowany widget.\n        <br>Okre\u015bl po\u017c\u0105dany wygl\u0105d i aspekty narz\u0119dzia oraz zapisz poprawki.<\/li>\n    <li>Zdob\u0105d\u017a kod osobisty, kt\u00f3ry pojawia si\u0119 w specjalnym formularzu w aplikacjach Elfsight.\n        <br>Po zako\u0144czeniu generowania Twojego osobistego narz\u0119dzia skopiuj ekskluzywny kod z wy\u015bwietlonego okna i zachowaj go do p\u00f3\u017aniejszego wykorzystania.<\/li>\n    <li>Rozpocznij korzystanie z wid\u017cetu Audio na swojej stronie g\u0142\u00f3wnej Bloggera.\n        <br>Wstaw zapisany wcze\u015bniej kod na swojej stronie i zastosuj modyfikacje.<\/li>\n    <li>Instalacja zosta\u0142a pomy\u015blnie zako\u0144czona.\n        <br>Przejd\u017a do swojej witryny, aby sprawdzi\u0107 dzia\u0142anie widgetu.<\/li>\n<\/ol>\n<p>Je\u015bli masz pytania lub napotkasz trudno\u015bci, nie wahaj si\u0119 skontaktuj si\u0119 z naszym zespo\u0142em wsparcia. Nasi ludzie z przyjemno\u015bci\u0105 rozwi\u0105\u017c\u0105 wszystkie problemy, jakie mo\u017cesz mie\u0107 z narz\u0119dziem.<\/p>\n<\/div>","protected":false},"excerpt":{"rendered":"","protected":false},"author":9,"featured_media":0,"parent":2674,"menu_order":0,"comment_status":"closed","ping_status":"closed","template":"templates\/template-application-platform.php","meta":{"publish_to_discourse":"","publish_post_category":"","wpdc_auto_publish_overridden":"","wpdc_topic_tags":"","wpdc_pin_topic":"","wpdc_pin_until":"","discourse_post_id":"","discourse_permalink":"","wpdc_publishing_response":"","wpdc_publishing_error":"","footnotes":""},"class_list":["post-4240","page","type-page","status-publish","hentry"],"yoast_head":"<!-- This site is optimized with the Yoast SEO plugin v25.3.1 - https:\/\/yoast.com\/wordpress\/plugins\/seo\/ -->\n<title>Odtwarzacz muzyki \u2014 dodaj wid\u017cet audio do witryny Bloggera (szybko i bezp\u0142atnie)<\/title>\n<meta name=\"description\" content=\"Zaimplementuj responsywny odtwarzacz audio w swojej witrynie Bloggera. Skorzystaj z przydatnej wersji demonstracyjnej i stw\u00f3rz spersonalizowany wid\u017cet muzyczny w zaledwie 2 minuty.\" \/>\n<meta name=\"robots\" content=\"index, follow, max-snippet:-1, max-image-preview:large, max-video-preview:-1\" \/>\n<link rel=\"canonical\" href=\"https:\/\/elfsight.com\/pl\/audio-player-widget\/blogger\/\" \/>\n<meta property=\"og:locale\" content=\"pl_PL\" \/>\n<meta property=\"og:type\" content=\"article\" \/>\n<meta property=\"og:title\" content=\"Odtwarzacz muzyki \u2014 dodaj wid\u017cet audio do witryny Bloggera (szybko i bezp\u0142atnie)\" \/>\n<meta property=\"og:description\" content=\"Zaimplementuj responsywny odtwarzacz audio w swojej witrynie Bloggera. Skorzystaj z przydatnej wersji demonstracyjnej i stw\u00f3rz spersonalizowany wid\u017cet muzyczny w zaledwie 2 minuty.\" \/>\n<meta property=\"og:url\" content=\"https:\/\/elfsight.com\/pl\/audio-player-widget\/blogger\/\" \/>\n<meta property=\"og:site_name\" content=\"Elfsight PL\" \/>\n<meta property=\"article:modified_time\" content=\"2025-06-23T08:33:05+00:00\" \/>\n<meta name=\"twitter:card\" content=\"summary_large_image\" \/>\n<meta name=\"twitter:label1\" content=\"Szacowany czas czytania\" \/>\n\t<meta name=\"twitter:data1\" content=\"2 minuty\" \/>\n<!-- \/ Yoast SEO plugin. -->","yoast_head_json":{"title":"Odtwarzacz muzyki \u2014 dodaj wid\u017cet audio do witryny Bloggera (szybko i bezp\u0142atnie)","description":"Zaimplementuj responsywny odtwarzacz audio w swojej witrynie Bloggera. Skorzystaj z przydatnej wersji demonstracyjnej i stw\u00f3rz spersonalizowany wid\u017cet muzyczny w zaledwie 2 minuty.","robots":{"index":"index","follow":"follow","max-snippet":"max-snippet:-1","max-image-preview":"max-image-preview:large","max-video-preview":"max-video-preview:-1"},"canonical":"https:\/\/elfsight.com\/pl\/audio-player-widget\/blogger\/","og_locale":"pl_PL","og_type":"article","og_title":"Odtwarzacz muzyki \u2014 dodaj wid\u017cet audio do witryny Bloggera (szybko i bezp\u0142atnie)","og_description":"Zaimplementuj responsywny odtwarzacz audio w swojej witrynie Bloggera. Skorzystaj z przydatnej wersji demonstracyjnej i stw\u00f3rz spersonalizowany wid\u017cet muzyczny w zaledwie 2 minuty.","og_url":"https:\/\/elfsight.com\/pl\/audio-player-widget\/blogger\/","og_site_name":"Elfsight PL","article_modified_time":"2025-06-23T08:33:05+00:00","twitter_card":"summary_large_image","twitter_misc":{"Szacowany czas czytania":"2 minuty"},"schema":{"@context":"https:\/\/schema.org","@graph":[{"@type":"WebPage","@id":"https:\/\/elfsight.com\/pl\/audio-player-widget\/blogger\/","url":"https:\/\/elfsight.com\/pl\/audio-player-widget\/blogger\/","name":"Odtwarzacz muzyki \u2014 dodaj wid\u017cet audio do witryny Bloggera (szybko i bezp\u0142atnie)","isPartOf":{"@id":"https:\/\/elfsight.com\/pl\/#website"},"datePublished":"2024-05-03T06:28:46+00:00","dateModified":"2025-06-23T08:33:05+00:00","description":"Zaimplementuj responsywny odtwarzacz audio w swojej witrynie Bloggera. Skorzystaj z przydatnej wersji demonstracyjnej i stw\u00f3rz spersonalizowany wid\u017cet muzyczny w zaledwie 2 minuty.","breadcrumb":{"@id":"https:\/\/elfsight.com\/pl\/audio-player-widget\/blogger\/#breadcrumb"},"inLanguage":"pl-PL","potentialAction":[{"@type":"ReadAction","target":["https:\/\/elfsight.com\/pl\/audio-player-widget\/blogger\/"]}]},{"@type":"BreadcrumbList","@id":"https:\/\/elfsight.com\/pl\/audio-player-widget\/blogger\/#breadcrumb","itemListElement":[{"@type":"ListItem","position":1,"name":"Home","item":"https:\/\/elfsight.com\/pl\/"},{"@type":"ListItem","position":2,"name":"Audio Player","item":"https:\/\/elfsight.com\/pl\/audio-player-widget\/"},{"@type":"ListItem","position":3,"name":"Audio Player &#8211; Blogger"}]},{"@type":"WebSite","@id":"https:\/\/elfsight.com\/pl\/#website","url":"https:\/\/elfsight.com\/pl\/","name":"Elfsight PL","description":"Just another Elfsight Sites site","potentialAction":[{"@type":"SearchAction","target":{"@type":"EntryPoint","urlTemplate":"https:\/\/elfsight.com\/pl\/?s={search_term_string}"},"query-input":{"@type":"PropertyValueSpecification","valueRequired":true,"valueName":"search_term_string"}}],"inLanguage":"pl-PL"}]}},"meta_box":{"industry":"","seo_heading":"","heading":"","description":"","cta_heading":"","cta_description":"","application":"2673","h1":"Wid\u017cet odtwarzacza audio Bloggera","h1_caption":"Dodawaj i prezentuj \u015bcie\u017cki audio bezpo\u015brednio w swojej witrynie internetowej za pomoc\u0105 eleganckiego, konfigurowalnego odtwarzacza, dzi\u0119ki czemu mo\u017cesz bez problemu umie\u015bci\u0107 je w witrynie Bloggera.","application_category":[],"applications_title":"","applications_request_title":"","applications_request_button_text":"","hero_text":"","hero_video":"","hero_video_schema_markup":"","selling_points_title":"","selling_points_caption":"","selling_points":[],"selling_points_cta_text":"","features_title":"","features":"","ed_cta_examples_text":"","ed_cta_examples_hidden":"","ed_cta_demo_text":"","ed_cta_demo_hidden":"","why_caption":"","why_editor_title":"","why_editor_text":"","why_team_title":"","why_team_text":"","why_service_title":"","why_service_text":"","template_catalog_visible":"0","template_catalog_title":"","template_catalog_text":"","template_catalog_categories_visible":"","demo_title":"Utw\u00f3rz wid\u017cet odtwarzacza audio","demo_caption":"Skonfiguruj sw\u00f3j odtwarzacz audio i dodaj go do swojej witryny Bloggera za darmo!","default_faq_hidden":"","app_template_category":[],"platform":"44","template_public_id":"","codecanyon_url":"","codecanyon_item_id":"","codecanyon_price":"","pricing_caption":"","pricing_elfsight_apps_hide_column":"","pricing_elfsight_apps_url":"","pricing_codecanyon_price_caption":"","integration_category":[],"integration_request_title":"","integration_request_cta":"","integration_platform":"","integrations":[],"platform_category":[],"video_schema_markup":"","price":"od 0 USD \/ miesi\u0105c","trial":"","benefits":[{"text":"Bezp\u0142atna pomoc w monta\u017cu"},{"text":"Kompetentna obs\u0142uga klienta"},{"text":"14-dniowa gwarancja zwrotu pieni\u0119dzy"}],"button_url":"#demo","button_target_blank":"0","button_nofollow":"0","attributes":[{"name":"Instaluje"},{"name":"Czu\u0142y"},{"name":"Kompatybilne przegl\u0105darki"}],"tags":[],"tags_disable_links":"0","hide_more_platforms":"0","video_object":"","demo_hide_cta":"0","demo_hide_cloud_options":"0","pricing_title":"","pricing":[{"pricing_icon":"platform","pricing_title":"Elfsight Apps","pricing_title_caption":"Oprogramowanie wieloplatformowe, kt\u00f3re dzia\u0142a na dowolnej stronie internetowej","pricing_price":"od 0 USD \/ miesi\u0105c","pricing_price_caption":"zacznij od bezp\u0142atnego planu","pricing_benefits":[{"text":"Nielimitowane domeny"},{"text":"Profesjonalna i terminowa pomoc oraz dobrze udokumentowana"},{"text":"Bezp\u0142atna pomoc przy instalacji"},{"text":"W pe\u0142ni konfigurowalny"}],"pricing_button_text":"Dodaj do witryny","pricing_button_url":"#demo"}],"related_apps_title":"","related_apps_hidden":"0","author":"","image":[],"title":"","job":"","social_networks":[]},"_links":{"self":[{"href":"https:\/\/elfsight.com\/pl\/wp-json\/wp\/v2\/pages\/4240","targetHints":{"allow":["GET"]}}],"collection":[{"href":"https:\/\/elfsight.com\/pl\/wp-json\/wp\/v2\/pages"}],"about":[{"href":"https:\/\/elfsight.com\/pl\/wp-json\/wp\/v2\/types\/page"}],"author":[{"embeddable":true,"href":"https:\/\/elfsight.com\/pl\/wp-json\/wp\/v2\/users\/9"}],"replies":[{"embeddable":true,"href":"https:\/\/elfsight.com\/pl\/wp-json\/wp\/v2\/comments?post=4240"}],"version-history":[{"count":3,"href":"https:\/\/elfsight.com\/pl\/wp-json\/wp\/v2\/pages\/4240\/revisions"}],"predecessor-version":[{"id":10203,"href":"https:\/\/elfsight.com\/pl\/wp-json\/wp\/v2\/pages\/4240\/revisions\/10203"}],"up":[{"embeddable":true,"href":"https:\/\/elfsight.com\/pl\/wp-json\/wp\/v2\/pages\/2674"}],"wp:attachment":[{"href":"https:\/\/elfsight.com\/pl\/wp-json\/wp\/v2\/media?parent=4240"}],"curies":[{"name":"wp","href":"https:\/\/api.w.org\/{rel}","templated":true}]}}